{"id":44048,"date":"2026-05-12T11:17:14","date_gmt":"2026-05-12T08:17:14","guid":{"rendered":"https:\/\/armonti.eu\/?post_type=product&#038;p=44048"},"modified":"2026-05-12T11:17:14","modified_gmt":"2026-05-12T08:17:14","slug":"denimkangast-luhikesed-puksid","status":"publish","type":"product","link":"https:\/\/armonti.eu\/et\/toode\/denimkangast-luhikesed-puksid\/","title":{"rendered":"Denimkangast l\u00fchikesed p\u00fcksid"},"content":{"rendered":"<p>Denimkangast l\u00fchikesed p\u00fcksid on universaalne mudel, mille r\u00f5hk on vabal siluetil.<br \/>\nDenimkangast l\u00fchikesed p\u00fcksid loovad kaasaegse v\u00e4limuse t\u00e4nu laiale l\u00f5ikele, k\u00f5rgele v\u00f6\u00f6kohale ja selgele disainile, kus taskud lisavad v\u00e4ljendusrikka aktsendi ning kogu mudeli geomeetria loob l\u00f5dvestunud, kuid viimistletud stiili, mis sobib linnalike v\u00e4limuste ja julgemate kombinatsioonide jaoks.<br \/>\nMudelil on kaasaegne disain, mugav l\u00f5ige ja universaalsus. Sobib stiilseteks v\u00e4limusteks. Lai l\u00f5ige loob vaba siluetijoone ja lisab v\u00e4limusele d\u00fcnaamikat. Denimkangast l\u00fchikesed p\u00fcksid sobituvad h\u00f5lpsasti nii baasesemete kui ka aktsentidega garderoobis.<br \/>\nMaterjal: denimkangas<br \/>\nV\u00e4rv: tumesinine<br \/>\nHooaeg: kevad suvi<br \/>\nL\u00f5ige: k\u00f5rge<br \/>\nStiil: linnaline, kergelt vabaaja<br \/>\nM\u00f5\u00f5dud sentimeetrites:<br \/>\nPikkus olenevalt suurusest 40\u201341 cm<br \/>\nM\u00f5\u00f5tudes v\u00f5ib esineda 1\u20132 cm erinevus, eriti trikookangast toodetel<br \/>\nHooldus: \u00f5rn pesu 30 \u00b0C juures, triikimine temperatuuril kuni 110 \u00b0C, pleegitamine keelatud   <\/p>\n<p><strong>Palun m\u00e4rkige tellimuse m\u00e4rkustesse kindlasti oma m\u00f5\u00f5dud (puusa\u00fcmberm\u00f5\u00f5t, talje\u00fcmberm\u00f5\u00f5t ja pikkus), see v\u00f5imaldab valida t\u00e4psema ja sobivama suuruse. <\/strong><\/p>\n<p>Tootekood: 2656<\/p>\n","protected":false},"excerpt":{"rendered":"<p>Suurused: XS S L<br \/>\nKoostis: 63% puuvill 20% l\u00fcotsell 17% pol\u00fcester 1% elastaan<br \/>\nV\u00e4rv: tumesinine<\/p>\n","protected":false},"featured_media":44044,"comment_status":"open","ping_status":"closed","template":"","meta":[],"product_brand":[],"product_cat":[465],"product_tag":[],"class_list":{"0":"post-44048","1":"product","2":"type-product","3":"status-publish","4":"has-post-thumbnail","6":"product_cat-luhikesed-puksid","8":"first","9":"instock","10":"shipping-taxable","11":"purchasable","12":"product-type-variable"},"yoast_head":"<!-- This site is optimized with the Yoast SEO plugin v27.6 - https:\/\/yoast.com\/product\/yoast-seo-wordpress\/ -->\n<title>Denimkangast l\u00fchikesed p\u00fcksid - \u041c\u0430\u0433\u0430\u0437\u0438\u043d \u043e\u0434\u0435\u0436\u0434\u044b ARMONTI<\/title>\n<meta name=\"description\" content=\"K\u00f5rge v\u00f6\u00f6kohaga denimkangast l\u00fchikesed p\u00fcksid loovad ajakohase silueti ja mugava v\u00e4limuse. Mudel sobib stiilseks linnalikuks v\u00e4limuseks ja l\u00f5dvestunud stiilivalikuteks.\" \/>\n<meta name=\"robots\" content=\"index, follow, max-snippet:-1, max-image-preview:large, max-video-preview:-1\" \/>\n<link rel=\"canonical\" href=\"https:\/\/armonti.eu\/et\/toode\/denimkangast-luhikesed-puksid\/\" \/>\n<meta property=\"og:locale\" content=\"et_EE\" \/>\n<meta property=\"og:type\" content=\"article\" \/>\n<meta property=\"og:title\" content=\"Denimkangast l\u00fchikesed p\u00fcksid - \u041c\u0430\u0433\u0430\u0437\u0438\u043d \u043e\u0434\u0435\u0436\u0434\u044b ARMONTI\" \/>\n<meta property=\"og:description\" content=\"K\u00f5rge v\u00f6\u00f6kohaga denimkangast l\u00fchikesed p\u00fcksid loovad ajakohase silueti ja mugava v\u00e4limuse. Mudel sobib stiilseks linnalikuks v\u00e4limuseks ja l\u00f5dvestunud stiilivalikuteks.\" \/>\n<meta property=\"og:url\" content=\"https:\/\/armonti.eu\/et\/toode\/denimkangast-luhikesed-puksid\/\" \/>\n<meta property=\"og:site_name\" content=\"\u041c\u0430\u0433\u0430\u0437\u0438\u043d \u043e\u0434\u0435\u0436\u0434\u044b ARMONTI\" \/>\n<meta property=\"og:image\" content=\"https:\/\/armonti.eu\/wp-content\/uploads\/2026\/05\/img_4022.jpg\" \/>\n\t<meta property=\"og:image:width\" content=\"675\" \/>\n\t<meta property=\"og:image:height\" content=\"900\" \/>\n\t<meta property=\"og:image:type\" content=\"image\/jpeg\" \/>\n<meta name=\"twitter:card\" content=\"summary_large_image\" \/>\n<meta name=\"twitter:label1\" content=\"Est. reading time\" \/>\n\t<meta name=\"twitter:data1\" content=\"1 minut\" \/>\n<script type=\"application\/ld+json\" class=\"yoast-schema-graph\">{\"@context\":\"https:\\\/\\\/schema.org\",\"@graph\":[{\"@type\":\"WebPage\",\"@id\":\"https:\\\/\\\/armonti.eu\\\/et\\\/toode\\\/denimkangast-luhikesed-puksid\\\/\",\"url\":\"https:\\\/\\\/armonti.eu\\\/et\\\/toode\\\/denimkangast-luhikesed-puksid\\\/\",\"name\":\"Denimkangast l\u00fchikesed p\u00fcksid - \u041c\u0430\u0433\u0430\u0437\u0438\u043d \u043e\u0434\u0435\u0436\u0434\u044b ARMONTI\",\"isPartOf\":{\"@id\":\"https:\\\/\\\/armonti.eu\\\/#website\"},\"primaryImageOfPage\":{\"@id\":\"https:\\\/\\\/armonti.eu\\\/et\\\/toode\\\/denimkangast-luhikesed-puksid\\\/#primaryimage\"},\"image\":{\"@id\":\"https:\\\/\\\/armonti.eu\\\/et\\\/toode\\\/denimkangast-luhikesed-puksid\\\/#primaryimage\"},\"thumbnailUrl\":\"https:\\\/\\\/armonti.eu\\\/wp-content\\\/uploads\\\/2026\\\/05\\\/img_4022.jpg\",\"datePublished\":\"2026-05-12T08:17:14+00:00\",\"description\":\"K\u00f5rge v\u00f6\u00f6kohaga denimkangast l\u00fchikesed p\u00fcksid loovad ajakohase silueti ja mugava v\u00e4limuse. Mudel sobib stiilseks linnalikuks v\u00e4limuseks ja l\u00f5dvestunud stiilivalikuteks.\",\"breadcrumb\":{\"@id\":\"https:\\\/\\\/armonti.eu\\\/et\\\/toode\\\/denimkangast-luhikesed-puksid\\\/#breadcrumb\"},\"inLanguage\":\"et\",\"potentialAction\":[{\"@type\":\"ReadAction\",\"target\":[\"https:\\\/\\\/armonti.eu\\\/et\\\/toode\\\/denimkangast-luhikesed-puksid\\\/\"]}]},{\"@type\":\"ImageObject\",\"inLanguage\":\"et\",\"@id\":\"https:\\\/\\\/armonti.eu\\\/et\\\/toode\\\/denimkangast-luhikesed-puksid\\\/#primaryimage\",\"url\":\"https:\\\/\\\/armonti.eu\\\/wp-content\\\/uploads\\\/2026\\\/05\\\/img_4022.jpg\",\"contentUrl\":\"https:\\\/\\\/armonti.eu\\\/wp-content\\\/uploads\\\/2026\\\/05\\\/img_4022.jpg\",\"width\":675,\"height\":900,\"caption\":\"Denimkangast laiad l\u00fchikesed p\u00fcksid\"},{\"@type\":\"BreadcrumbList\",\"@id\":\"https:\\\/\\\/armonti.eu\\\/et\\\/toode\\\/denimkangast-luhikesed-puksid\\\/#breadcrumb\",\"itemListElement\":[{\"@type\":\"ListItem\",\"position\":1,\"name\":\"\u0413\u043b\u0430\u0432\u043d\u0430\u044f\",\"item\":\"https:\\\/\\\/armonti.eu\\\/\"},{\"@type\":\"ListItem\",\"position\":2,\"name\":\"Shop\",\"item\":\"https:\\\/\\\/armonti.eu\\\/et\\\/shop\\\/\"},{\"@type\":\"ListItem\",\"position\":3,\"name\":\"\u0428\u043e\u0440\u0442\u044b\",\"item\":\"https:\\\/\\\/armonti.eu\\\/catalog\\\/shorty\\\/\"},{\"@type\":\"ListItem\",\"position\":4,\"name\":\"Denimkangast l\u00fchikesed p\u00fcksid\"}]},{\"@type\":\"WebSite\",\"@id\":\"https:\\\/\\\/armonti.eu\\\/#website\",\"url\":\"https:\\\/\\\/armonti.eu\\\/\",\"name\":\"ARMONTI\",\"description\":\"\",\"publisher\":{\"@id\":\"https:\\\/\\\/armonti.eu\\\/#organization\"},\"alternateName\":\"\u0416\u0435\u043d\u0441\u043a\u0430\u044f \u0431\u0440\u0435\u043d\u0434\u043e\u0432\u0430\u044f \u043e\u0434\u0435\u0436\u0434\u0430\",\"potentialAction\":[{\"@type\":\"SearchAction\",\"target\":{\"@type\":\"EntryPoint\",\"urlTemplate\":\"https:\\\/\\\/armonti.eu\\\/?s={search_term_string}\"},\"query-input\":{\"@type\":\"PropertyValueSpecification\",\"valueRequired\":true,\"valueName\":\"search_term_string\"}}],\"inLanguage\":\"et\"},{\"@type\":\"Organization\",\"@id\":\"https:\\\/\\\/armonti.eu\\\/#organization\",\"name\":\"ARMONTI\",\"alternateName\":\"\u0416\u0435\u043d\u0441\u043a\u0430\u044f \u0431\u0440\u0435\u043d\u0434\u043e\u0432\u0430\u044f \u043e\u0434\u0435\u0436\u0434\u0430\",\"url\":\"https:\\\/\\\/armonti.eu\\\/\",\"logo\":{\"@type\":\"ImageObject\",\"inLanguage\":\"et\",\"@id\":\"https:\\\/\\\/armonti.eu\\\/#\\\/schema\\\/logo\\\/image\\\/\",\"url\":\"https:\\\/\\\/armonti.eu\\\/wp-content\\\/uploads\\\/2023\\\/05\\\/armonti-logo-white.png\",\"contentUrl\":\"https:\\\/\\\/armonti.eu\\\/wp-content\\\/uploads\\\/2023\\\/05\\\/armonti-logo-white.png\",\"width\":2165,\"height\":554,\"caption\":\"ARMONTI\"},\"image\":{\"@id\":\"https:\\\/\\\/armonti.eu\\\/#\\\/schema\\\/logo\\\/image\\\/\"}}]}<\/script>\n<!-- \/ Yoast SEO plugin. -->","yoast_head_json":{"title":"Denimkangast l\u00fchikesed p\u00fcksid - \u041c\u0430\u0433\u0430\u0437\u0438\u043d \u043e\u0434\u0435\u0436\u0434\u044b ARMONTI","description":"K\u00f5rge v\u00f6\u00f6kohaga denimkangast l\u00fchikesed p\u00fcksid loovad ajakohase silueti ja mugava v\u00e4limuse. Mudel sobib stiilseks linnalikuks v\u00e4limuseks ja l\u00f5dvestunud stiilivalikuteks.","robots":{"index":"index","follow":"follow","max-snippet":"max-snippet:-1","max-image-preview":"max-image-preview:large","max-video-preview":"max-video-preview:-1"},"canonical":"https:\/\/armonti.eu\/et\/toode\/denimkangast-luhikesed-puksid\/","og_locale":"et_EE","og_type":"article","og_title":"Denimkangast l\u00fchikesed p\u00fcksid - \u041c\u0430\u0433\u0430\u0437\u0438\u043d \u043e\u0434\u0435\u0436\u0434\u044b ARMONTI","og_description":"K\u00f5rge v\u00f6\u00f6kohaga denimkangast l\u00fchikesed p\u00fcksid loovad ajakohase silueti ja mugava v\u00e4limuse. Mudel sobib stiilseks linnalikuks v\u00e4limuseks ja l\u00f5dvestunud stiilivalikuteks.","og_url":"https:\/\/armonti.eu\/et\/toode\/denimkangast-luhikesed-puksid\/","og_site_name":"\u041c\u0430\u0433\u0430\u0437\u0438\u043d \u043e\u0434\u0435\u0436\u0434\u044b ARMONTI","og_image":[{"width":675,"height":900,"url":"https:\/\/armonti.eu\/wp-content\/uploads\/2026\/05\/img_4022.jpg","type":"image\/jpeg"}],"twitter_card":"summary_large_image","twitter_misc":{"Est. reading time":"1 minut"},"schema":{"@context":"https:\/\/schema.org","@graph":[{"@type":"WebPage","@id":"https:\/\/armonti.eu\/et\/toode\/denimkangast-luhikesed-puksid\/","url":"https:\/\/armonti.eu\/et\/toode\/denimkangast-luhikesed-puksid\/","name":"Denimkangast l\u00fchikesed p\u00fcksid - \u041c\u0430\u0433\u0430\u0437\u0438\u043d \u043e\u0434\u0435\u0436\u0434\u044b ARMONTI","isPartOf":{"@id":"https:\/\/armonti.eu\/#website"},"primaryImageOfPage":{"@id":"https:\/\/armonti.eu\/et\/toode\/denimkangast-luhikesed-puksid\/#primaryimage"},"image":{"@id":"https:\/\/armonti.eu\/et\/toode\/denimkangast-luhikesed-puksid\/#primaryimage"},"thumbnailUrl":"https:\/\/armonti.eu\/wp-content\/uploads\/2026\/05\/img_4022.jpg","datePublished":"2026-05-12T08:17:14+00:00","description":"K\u00f5rge v\u00f6\u00f6kohaga denimkangast l\u00fchikesed p\u00fcksid loovad ajakohase silueti ja mugava v\u00e4limuse. Mudel sobib stiilseks linnalikuks v\u00e4limuseks ja l\u00f5dvestunud stiilivalikuteks.","breadcrumb":{"@id":"https:\/\/armonti.eu\/et\/toode\/denimkangast-luhikesed-puksid\/#breadcrumb"},"inLanguage":"et","potentialAction":[{"@type":"ReadAction","target":["https:\/\/armonti.eu\/et\/toode\/denimkangast-luhikesed-puksid\/"]}]},{"@type":"ImageObject","inLanguage":"et","@id":"https:\/\/armonti.eu\/et\/toode\/denimkangast-luhikesed-puksid\/#primaryimage","url":"https:\/\/armonti.eu\/wp-content\/uploads\/2026\/05\/img_4022.jpg","contentUrl":"https:\/\/armonti.eu\/wp-content\/uploads\/2026\/05\/img_4022.jpg","width":675,"height":900,"caption":"Denimkangast laiad l\u00fchikesed p\u00fcksid"},{"@type":"BreadcrumbList","@id":"https:\/\/armonti.eu\/et\/toode\/denimkangast-luhikesed-puksid\/#breadcrumb","itemListElement":[{"@type":"ListItem","position":1,"name":"\u0413\u043b\u0430\u0432\u043d\u0430\u044f","item":"https:\/\/armonti.eu\/"},{"@type":"ListItem","position":2,"name":"Shop","item":"https:\/\/armonti.eu\/et\/shop\/"},{"@type":"ListItem","position":3,"name":"\u0428\u043e\u0440\u0442\u044b","item":"https:\/\/armonti.eu\/catalog\/shorty\/"},{"@type":"ListItem","position":4,"name":"Denimkangast l\u00fchikesed p\u00fcksid"}]},{"@type":"WebSite","@id":"https:\/\/armonti.eu\/#website","url":"https:\/\/armonti.eu\/","name":"ARMONTI","description":"","publisher":{"@id":"https:\/\/armonti.eu\/#organization"},"alternateName":"\u0416\u0435\u043d\u0441\u043a\u0430\u044f \u0431\u0440\u0435\u043d\u0434\u043e\u0432\u0430\u044f \u043e\u0434\u0435\u0436\u0434\u0430","potentialAction":[{"@type":"SearchAction","target":{"@type":"EntryPoint","urlTemplate":"https:\/\/armonti.eu\/?s={search_term_string}"},"query-input":{"@type":"PropertyValueSpecification","valueRequired":true,"valueName":"search_term_string"}}],"inLanguage":"et"},{"@type":"Organization","@id":"https:\/\/armonti.eu\/#organization","name":"ARMONTI","alternateName":"\u0416\u0435\u043d\u0441\u043a\u0430\u044f \u0431\u0440\u0435\u043d\u0434\u043e\u0432\u0430\u044f \u043e\u0434\u0435\u0436\u0434\u0430","url":"https:\/\/armonti.eu\/","logo":{"@type":"ImageObject","inLanguage":"et","@id":"https:\/\/armonti.eu\/#\/schema\/logo\/image\/","url":"https:\/\/armonti.eu\/wp-content\/uploads\/2023\/05\/armonti-logo-white.png","contentUrl":"https:\/\/armonti.eu\/wp-content\/uploads\/2023\/05\/armonti-logo-white.png","width":2165,"height":554,"caption":"ARMONTI"},"image":{"@id":"https:\/\/armonti.eu\/#\/schema\/logo\/image\/"}}]}},"_links":{"self":[{"href":"https:\/\/armonti.eu\/et\/wp-json\/wp\/v2\/product\/44048","targetHints":{"allow":["GET"]}}],"collection":[{"href":"https:\/\/armonti.eu\/et\/wp-json\/wp\/v2\/product"}],"about":[{"href":"https:\/\/armonti.eu\/et\/wp-json\/wp\/v2\/types\/product"}],"replies":[{"embeddable":true,"href":"https:\/\/armonti.eu\/et\/wp-json\/wp\/v2\/comments?post=44048"}],"wp:featuredmedia":[{"embeddable":true,"href":"https:\/\/armonti.eu\/et\/wp-json\/wp\/v2\/media\/44044"}],"wp:attachment":[{"href":"https:\/\/armonti.eu\/et\/wp-json\/wp\/v2\/media?parent=44048"}],"wp:term":[{"taxonomy":"product_brand","embeddable":true,"href":"https:\/\/armonti.eu\/et\/wp-json\/wp\/v2\/product_brand?post=44048"},{"taxonomy":"product_cat","embeddable":true,"href":"https:\/\/armonti.eu\/et\/wp-json\/wp\/v2\/product_cat?post=44048"},{"taxonomy":"product_tag","embeddable":true,"href":"https:\/\/armonti.eu\/et\/wp-json\/wp\/v2\/product_tag?post=44048"}],"curies":[{"name":"wp","href":"https:\/\/api.w.org\/{rel}","templated":true}]}}