{"id":43991,"date":"2026-05-12T10:26:00","date_gmt":"2026-05-12T07:26:00","guid":{"rendered":"https:\/\/armonti.eu\/?post_type=product&#038;p=43991"},"modified":"2026-05-12T18:24:10","modified_gmt":"2026-05-12T15:24:10","slug":"bermuuda-puksid","status":"publish","type":"product","link":"https:\/\/armonti.eu\/et\/toode\/bermuuda-puksid\/","title":{"rendered":"Bermuuda p\u00fcksid"},"content":{"rendered":"<p>Bermuuda p\u00fcksid on v\u00e4ljendusrikas k\u00f5rge v\u00f6\u00f6kohaga mudel.<br \/>\nBermuuda p\u00fcksid loovad selge silueti ja r\u00f5hutavad talje joont, kujundades kaasaegse linnaliku v\u00e4limuse, kus r\u00f5hk on p\u00f5lveni ulatuval pikkusel ja klassikalisel v\u00e4rvil, mis sobitub h\u00f5lpsasti eri stiilidega ning aitab luua tasakaalustatud ja enesekindlaid kooslusi ilma liigse \u00fclekoormuseta.<br \/>\nMudelil on kaasaegne disain, mugav l\u00f5ige ja universaalsus. Sobib stiilseteks v\u00e4limusteks. Bermuuda p\u00fcksid sobituvad h\u00f5lpsasti nii baasesemete kui ka aktsentidega, luues viimistletud ja enesekindla v\u00e4limuse.<br \/>\nMaterjal: teksakangas<br \/>\nV\u00e4rv: helesinine<br \/>\nHooaeg: kevad\u2013suvi<br \/>\nL\u00f5ige: k\u00f5rge<br \/>\nStiil: linnaline, kaasaegne<br \/>\nM\u00f5\u00f5dud sentimeetrites: pikkus olenevalt suurusest 60\u201362 cm<br \/>\nM\u00f5\u00f5tudes v\u00f5ib esineda 1\u20132 cm erinevus, eriti trikookangast toodetel<br \/>\nHooldus: \u00f5rn pesu 30 \u00b0C juures, triikimine temperatuuril kuni 110 \u00b0C, pleegitamine keelatud  <\/p>\n<p><strong>Palun m\u00e4rkige tellimuse m\u00e4rkustesse kindlasti oma m\u00f5\u00f5dud (puusa\u00fcmberm\u00f5\u00f5t, talje\u00fcmberm\u00f5\u00f5t ja pikkus), see v\u00f5imaldab valida t\u00e4psema ja sobivama suuruse. <\/strong><\/p>\n<p>Tootekood: 2605361<\/p>\n","protected":false},"excerpt":{"rendered":"<p>Suurused: XS S M L<br \/>\nKoostis: 67% puuvill 26% pol\u00fcester 6% viskoos 1% elastaan<br \/>\nV\u00e4rv: helesinine <\/p>\n","protected":false},"featured_media":43982,"comment_status":"open","ping_status":"closed","template":"","meta":[],"product_brand":[],"product_cat":[465],"product_tag":[],"class_list":{"0":"post-43991","1":"product","2":"type-product","3":"status-publish","4":"has-post-thumbnail","6":"product_cat-luhikesed-puksid","8":"first","9":"instock","10":"shipping-taxable","11":"purchasable","12":"product-type-variable"},"yoast_head":"<!-- This site is optimized with the Yoast SEO plugin v27.6 - https:\/\/yoast.com\/product\/yoast-seo-wordpress\/ -->\n<title>Bermuuda p\u00fcksid - \u041c\u0430\u0433\u0430\u0437\u0438\u043d \u043e\u0434\u0435\u0436\u0434\u044b ARMONTI<\/title>\n<meta name=\"description\" content=\"K\u00f5rge v\u00f6\u00f6kohaga bermuudad r\u00f5hutavad taljet ja kujundavad selge silueti. Sobivad stiilseteks linnalike v\u00e4limuste jaoks ning mitmek\u00fclgseteks kombinatsioonideks.\" \/>\n<meta name=\"robots\" content=\"index, follow, max-snippet:-1, max-image-preview:large, max-video-preview:-1\" \/>\n<link rel=\"canonical\" href=\"https:\/\/armonti.eu\/et\/toode\/bermuuda-puksid\/\" \/>\n<meta property=\"og:locale\" content=\"et_EE\" \/>\n<meta property=\"og:type\" content=\"article\" \/>\n<meta property=\"og:title\" content=\"Bermuuda p\u00fcksid - \u041c\u0430\u0433\u0430\u0437\u0438\u043d \u043e\u0434\u0435\u0436\u0434\u044b ARMONTI\" \/>\n<meta property=\"og:description\" content=\"K\u00f5rge v\u00f6\u00f6kohaga bermuudad r\u00f5hutavad taljet ja kujundavad selge silueti. Sobivad stiilseteks linnalike v\u00e4limuste jaoks ning mitmek\u00fclgseteks kombinatsioonideks.\" \/>\n<meta property=\"og:url\" content=\"https:\/\/armonti.eu\/et\/toode\/bermuuda-puksid\/\" \/>\n<meta property=\"og:site_name\" content=\"\u041c\u0430\u0433\u0430\u0437\u0438\u043d \u043e\u0434\u0435\u0436\u0434\u044b ARMONTI\" \/>\n<meta property=\"article:modified_time\" content=\"2026-05-12T15:24:10+00:00\" \/>\n<meta property=\"og:image\" content=\"https:\/\/armonti.eu\/wp-content\/uploads\/2026\/05\/img_2927.jpg\" \/>\n\t<meta property=\"og:image:width\" content=\"750\" \/>\n\t<meta property=\"og:image:height\" content=\"1000\" \/>\n\t<meta property=\"og:image:type\" content=\"image\/jpeg\" \/>\n<meta name=\"twitter:card\" content=\"summary_large_image\" \/>\n<meta name=\"twitter:label1\" content=\"Est. reading time\" \/>\n\t<meta name=\"twitter:data1\" content=\"1 minut\" \/>\n<script type=\"application\/ld+json\" class=\"yoast-schema-graph\">{\"@context\":\"https:\\\/\\\/schema.org\",\"@graph\":[{\"@type\":\"WebPage\",\"@id\":\"https:\\\/\\\/armonti.eu\\\/et\\\/toode\\\/bermuuda-puksid\\\/\",\"url\":\"https:\\\/\\\/armonti.eu\\\/et\\\/toode\\\/bermuuda-puksid\\\/\",\"name\":\"Bermuuda p\u00fcksid - \u041c\u0430\u0433\u0430\u0437\u0438\u043d \u043e\u0434\u0435\u0436\u0434\u044b ARMONTI\",\"isPartOf\":{\"@id\":\"https:\\\/\\\/armonti.eu\\\/#website\"},\"primaryImageOfPage\":{\"@id\":\"https:\\\/\\\/armonti.eu\\\/et\\\/toode\\\/bermuuda-puksid\\\/#primaryimage\"},\"image\":{\"@id\":\"https:\\\/\\\/armonti.eu\\\/et\\\/toode\\\/bermuuda-puksid\\\/#primaryimage\"},\"thumbnailUrl\":\"https:\\\/\\\/armonti.eu\\\/wp-content\\\/uploads\\\/2026\\\/05\\\/img_2927.jpg\",\"datePublished\":\"2026-05-12T07:26:00+00:00\",\"dateModified\":\"2026-05-12T15:24:10+00:00\",\"description\":\"K\u00f5rge v\u00f6\u00f6kohaga bermuudad r\u00f5hutavad taljet ja kujundavad selge silueti. Sobivad stiilseteks linnalike v\u00e4limuste jaoks ning mitmek\u00fclgseteks kombinatsioonideks.\",\"breadcrumb\":{\"@id\":\"https:\\\/\\\/armonti.eu\\\/et\\\/toode\\\/bermuuda-puksid\\\/#breadcrumb\"},\"inLanguage\":\"et\",\"potentialAction\":[{\"@type\":\"ReadAction\",\"target\":[\"https:\\\/\\\/armonti.eu\\\/et\\\/toode\\\/bermuuda-puksid\\\/\"]}]},{\"@type\":\"ImageObject\",\"inLanguage\":\"et\",\"@id\":\"https:\\\/\\\/armonti.eu\\\/et\\\/toode\\\/bermuuda-puksid\\\/#primaryimage\",\"url\":\"https:\\\/\\\/armonti.eu\\\/wp-content\\\/uploads\\\/2026\\\/05\\\/img_2927.jpg\",\"contentUrl\":\"https:\\\/\\\/armonti.eu\\\/wp-content\\\/uploads\\\/2026\\\/05\\\/img_2927.jpg\",\"width\":750,\"height\":1000,\"caption\":\"Naiste bermuuda p\u00fcksid\"},{\"@type\":\"BreadcrumbList\",\"@id\":\"https:\\\/\\\/armonti.eu\\\/et\\\/toode\\\/bermuuda-puksid\\\/#breadcrumb\",\"itemListElement\":[{\"@type\":\"ListItem\",\"position\":1,\"name\":\"\u0413\u043b\u0430\u0432\u043d\u0430\u044f\",\"item\":\"https:\\\/\\\/armonti.eu\\\/\"},{\"@type\":\"ListItem\",\"position\":2,\"name\":\"Shop\",\"item\":\"https:\\\/\\\/armonti.eu\\\/et\\\/shop\\\/\"},{\"@type\":\"ListItem\",\"position\":3,\"name\":\"Ilma rubriigita\",\"item\":\"https:\\\/\\\/armonti.eu\\\/et\\\/catalog\\\/ilma-rubriigita\\\/\"},{\"@type\":\"ListItem\",\"position\":4,\"name\":\"Bermuuda p\u00fcksid\"}]},{\"@type\":\"WebSite\",\"@id\":\"https:\\\/\\\/armonti.eu\\\/#website\",\"url\":\"https:\\\/\\\/armonti.eu\\\/\",\"name\":\"ARMONTI\",\"description\":\"\",\"publisher\":{\"@id\":\"https:\\\/\\\/armonti.eu\\\/#organization\"},\"alternateName\":\"\u0416\u0435\u043d\u0441\u043a\u0430\u044f \u0431\u0440\u0435\u043d\u0434\u043e\u0432\u0430\u044f \u043e\u0434\u0435\u0436\u0434\u0430\",\"potentialAction\":[{\"@type\":\"SearchAction\",\"target\":{\"@type\":\"EntryPoint\",\"urlTemplate\":\"https:\\\/\\\/armonti.eu\\\/?s={search_term_string}\"},\"query-input\":{\"@type\":\"PropertyValueSpecification\",\"valueRequired\":true,\"valueName\":\"search_term_string\"}}],\"inLanguage\":\"et\"},{\"@type\":\"Organization\",\"@id\":\"https:\\\/\\\/armonti.eu\\\/#organization\",\"name\":\"ARMONTI\",\"alternateName\":\"\u0416\u0435\u043d\u0441\u043a\u0430\u044f \u0431\u0440\u0435\u043d\u0434\u043e\u0432\u0430\u044f \u043e\u0434\u0435\u0436\u0434\u0430\",\"url\":\"https:\\\/\\\/armonti.eu\\\/\",\"logo\":{\"@type\":\"ImageObject\",\"inLanguage\":\"et\",\"@id\":\"https:\\\/\\\/armonti.eu\\\/#\\\/schema\\\/logo\\\/image\\\/\",\"url\":\"https:\\\/\\\/armonti.eu\\\/wp-content\\\/uploads\\\/2023\\\/05\\\/armonti-logo-white.png\",\"contentUrl\":\"https:\\\/\\\/armonti.eu\\\/wp-content\\\/uploads\\\/2023\\\/05\\\/armonti-logo-white.png\",\"width\":2165,\"height\":554,\"caption\":\"ARMONTI\"},\"image\":{\"@id\":\"https:\\\/\\\/armonti.eu\\\/#\\\/schema\\\/logo\\\/image\\\/\"}}]}<\/script>\n<!-- \/ Yoast SEO plugin. -->","yoast_head_json":{"title":"Bermuuda p\u00fcksid - \u041c\u0430\u0433\u0430\u0437\u0438\u043d \u043e\u0434\u0435\u0436\u0434\u044b ARMONTI","description":"K\u00f5rge v\u00f6\u00f6kohaga bermuudad r\u00f5hutavad taljet ja kujundavad selge silueti. Sobivad stiilseteks linnalike v\u00e4limuste jaoks ning mitmek\u00fclgseteks kombinatsioonideks.","robots":{"index":"index","follow":"follow","max-snippet":"max-snippet:-1","max-image-preview":"max-image-preview:large","max-video-preview":"max-video-preview:-1"},"canonical":"https:\/\/armonti.eu\/et\/toode\/bermuuda-puksid\/","og_locale":"et_EE","og_type":"article","og_title":"Bermuuda p\u00fcksid - \u041c\u0430\u0433\u0430\u0437\u0438\u043d \u043e\u0434\u0435\u0436\u0434\u044b ARMONTI","og_description":"K\u00f5rge v\u00f6\u00f6kohaga bermuudad r\u00f5hutavad taljet ja kujundavad selge silueti. Sobivad stiilseteks linnalike v\u00e4limuste jaoks ning mitmek\u00fclgseteks kombinatsioonideks.","og_url":"https:\/\/armonti.eu\/et\/toode\/bermuuda-puksid\/","og_site_name":"\u041c\u0430\u0433\u0430\u0437\u0438\u043d \u043e\u0434\u0435\u0436\u0434\u044b ARMONTI","article_modified_time":"2026-05-12T15:24:10+00:00","og_image":[{"width":750,"height":1000,"url":"https:\/\/armonti.eu\/wp-content\/uploads\/2026\/05\/img_2927.jpg","type":"image\/jpeg"}],"twitter_card":"summary_large_image","twitter_misc":{"Est. reading time":"1 minut"},"schema":{"@context":"https:\/\/schema.org","@graph":[{"@type":"WebPage","@id":"https:\/\/armonti.eu\/et\/toode\/bermuuda-puksid\/","url":"https:\/\/armonti.eu\/et\/toode\/bermuuda-puksid\/","name":"Bermuuda p\u00fcksid - \u041c\u0430\u0433\u0430\u0437\u0438\u043d \u043e\u0434\u0435\u0436\u0434\u044b ARMONTI","isPartOf":{"@id":"https:\/\/armonti.eu\/#website"},"primaryImageOfPage":{"@id":"https:\/\/armonti.eu\/et\/toode\/bermuuda-puksid\/#primaryimage"},"image":{"@id":"https:\/\/armonti.eu\/et\/toode\/bermuuda-puksid\/#primaryimage"},"thumbnailUrl":"https:\/\/armonti.eu\/wp-content\/uploads\/2026\/05\/img_2927.jpg","datePublished":"2026-05-12T07:26:00+00:00","dateModified":"2026-05-12T15:24:10+00:00","description":"K\u00f5rge v\u00f6\u00f6kohaga bermuudad r\u00f5hutavad taljet ja kujundavad selge silueti. Sobivad stiilseteks linnalike v\u00e4limuste jaoks ning mitmek\u00fclgseteks kombinatsioonideks.","breadcrumb":{"@id":"https:\/\/armonti.eu\/et\/toode\/bermuuda-puksid\/#breadcrumb"},"inLanguage":"et","potentialAction":[{"@type":"ReadAction","target":["https:\/\/armonti.eu\/et\/toode\/bermuuda-puksid\/"]}]},{"@type":"ImageObject","inLanguage":"et","@id":"https:\/\/armonti.eu\/et\/toode\/bermuuda-puksid\/#primaryimage","url":"https:\/\/armonti.eu\/wp-content\/uploads\/2026\/05\/img_2927.jpg","contentUrl":"https:\/\/armonti.eu\/wp-content\/uploads\/2026\/05\/img_2927.jpg","width":750,"height":1000,"caption":"Naiste bermuuda p\u00fcksid"},{"@type":"BreadcrumbList","@id":"https:\/\/armonti.eu\/et\/toode\/bermuuda-puksid\/#breadcrumb","itemListElement":[{"@type":"ListItem","position":1,"name":"\u0413\u043b\u0430\u0432\u043d\u0430\u044f","item":"https:\/\/armonti.eu\/"},{"@type":"ListItem","position":2,"name":"Shop","item":"https:\/\/armonti.eu\/et\/shop\/"},{"@type":"ListItem","position":3,"name":"Ilma rubriigita","item":"https:\/\/armonti.eu\/et\/catalog\/ilma-rubriigita\/"},{"@type":"ListItem","position":4,"name":"Bermuuda p\u00fcksid"}]},{"@type":"WebSite","@id":"https:\/\/armonti.eu\/#website","url":"https:\/\/armonti.eu\/","name":"ARMONTI","description":"","publisher":{"@id":"https:\/\/armonti.eu\/#organization"},"alternateName":"\u0416\u0435\u043d\u0441\u043a\u0430\u044f \u0431\u0440\u0435\u043d\u0434\u043e\u0432\u0430\u044f \u043e\u0434\u0435\u0436\u0434\u0430","potentialAction":[{"@type":"SearchAction","target":{"@type":"EntryPoint","urlTemplate":"https:\/\/armonti.eu\/?s={search_term_string}"},"query-input":{"@type":"PropertyValueSpecification","valueRequired":true,"valueName":"search_term_string"}}],"inLanguage":"et"},{"@type":"Organization","@id":"https:\/\/armonti.eu\/#organization","name":"ARMONTI","alternateName":"\u0416\u0435\u043d\u0441\u043a\u0430\u044f \u0431\u0440\u0435\u043d\u0434\u043e\u0432\u0430\u044f \u043e\u0434\u0435\u0436\u0434\u0430","url":"https:\/\/armonti.eu\/","logo":{"@type":"ImageObject","inLanguage":"et","@id":"https:\/\/armonti.eu\/#\/schema\/logo\/image\/","url":"https:\/\/armonti.eu\/wp-content\/uploads\/2023\/05\/armonti-logo-white.png","contentUrl":"https:\/\/armonti.eu\/wp-content\/uploads\/2023\/05\/armonti-logo-white.png","width":2165,"height":554,"caption":"ARMONTI"},"image":{"@id":"https:\/\/armonti.eu\/#\/schema\/logo\/image\/"}}]}},"_links":{"self":[{"href":"https:\/\/armonti.eu\/et\/wp-json\/wp\/v2\/product\/43991","targetHints":{"allow":["GET"]}}],"collection":[{"href":"https:\/\/armonti.eu\/et\/wp-json\/wp\/v2\/product"}],"about":[{"href":"https:\/\/armonti.eu\/et\/wp-json\/wp\/v2\/types\/product"}],"replies":[{"embeddable":true,"href":"https:\/\/armonti.eu\/et\/wp-json\/wp\/v2\/comments?post=43991"}],"wp:featuredmedia":[{"embeddable":true,"href":"https:\/\/armonti.eu\/et\/wp-json\/wp\/v2\/media\/43982"}],"wp:attachment":[{"href":"https:\/\/armonti.eu\/et\/wp-json\/wp\/v2\/media?parent=43991"}],"wp:term":[{"taxonomy":"product_brand","embeddable":true,"href":"https:\/\/armonti.eu\/et\/wp-json\/wp\/v2\/product_brand?post=43991"},{"taxonomy":"product_cat","embeddable":true,"href":"https:\/\/armonti.eu\/et\/wp-json\/wp\/v2\/product_cat?post=43991"},{"taxonomy":"product_tag","embeddable":true,"href":"https:\/\/armonti.eu\/et\/wp-json\/wp\/v2\/product_tag?post=43991"}],"curies":[{"name":"wp","href":"https:\/\/api.w.org\/{rel}","templated":true}]}}