{"id":43968,"date":"2026-05-12T09:04:25","date_gmt":"2026-05-12T06:04:25","guid":{"rendered":"https:\/\/armonti.eu\/?post_type=product&#038;p=43968"},"modified":"2026-05-12T09:04:25","modified_gmt":"2026-05-12T06:04:25","slug":"skinny-teksad","status":"publish","type":"product","link":"https:\/\/armonti.eu\/et\/toode\/skinny-teksad\/","title":{"rendered":"Skinny teksad"},"content":{"rendered":"<p>Skinny teksad r\u00f5hutavad siluetti ja muudavad v\u00e4limuse v\u00e4ljendusrikkamaks. Kitsas l\u00f5ige pikendab visuaalselt jooni ning aitab luua korrektse ja tasakaalustatud silueti ilma liigsete detailideta. Klassikaline v\u00e4rv sobib h\u00f5lpsasti erksa \u00fclaosa, lihtsate s\u00e4rkide, avarate pintsakute ja eri stiilis jalan\u00f5udega, mist\u00f5ttu pakub mudel palju v\u00f5imalusi stiilseteks kooslusteks. Erilist t\u00e4helepanu t\u00f5mbab dekoratiivne sall v\u00f6\u00f6 asemel. Selline aktsent muudab v\u00e4limuse huvitavamaks ja lisab isikup\u00e4ra ilma keeruliste sobitamisteta. Skinny teksad sobivad kandmiseks kontsakingade, loafrite v\u00f5i minimalistlike tossudega. Kehale liibuv l\u00f5ige aitab r\u00f5hutada figuuri joont ning n\u00e4eb efektne v\u00e4lja koos l\u00fchikese \u00fclaosa v\u00f5i avarate pluusidega. Mudel t\u00e4iendab h\u00e4sti kaasaegset garderoobi ja v\u00f5imaldab luua v\u00e4ljendusrikkaid kooslusi erinevate meeleolude jaoks.<br \/>\nM\u00f5\u00f5dud sentimeetrites:<br \/>\nPikkus olenevalt suurusest 94\u201396 cm<br \/>\nM\u00f5\u00f5tudes v\u00f5ib esineda 1\u20132 cm erinevus, eriti trikookangast toodetel.<br \/>\nHooldus: \u00f5rn pesu 30 \u00b0C juures, triikimine temperatuuril kuni 110 \u00b0C, pleegitamine keelatud.       <\/p>\n<p><strong>Palun m\u00e4rkige tellimuse m\u00e4rkustesse kindlasti oma m\u00f5\u00f5dud (puusa\u00fcmberm\u00f5\u00f5t, talje\u00fcmberm\u00f5\u00f5t ja pikkus), see v\u00f5imaldab valida t\u00e4psema ja sobivama suuruse. <\/strong><\/p>\n<p>Tootekood: 2605364<\/p>\n","protected":false},"excerpt":{"rendered":"<p>Suurused: XS S M L XL<br \/>\nKoostis: 69% puuvill 28% pol\u00fcester 2% viskoos 1% elastaan<br \/>\nV\u00e4rv: helesinine <\/p>\n","protected":false},"featured_media":43949,"comment_status":"open","ping_status":"closed","template":"","meta":[],"product_brand":[],"product_cat":[335,565],"product_tag":[],"class_list":{"0":"post-43968","1":"product","2":"type-product","3":"status-publish","4":"has-post-thumbnail","6":"product_cat-bryuki-i-dzhinsy-et","7":"product_cat-teksad","9":"first","10":"instock","11":"shipping-taxable","12":"purchasable","13":"product-type-variable"},"yoast_head":"<!-- This site is optimized with the Yoast SEO plugin v27.6 - https:\/\/yoast.com\/product\/yoast-seo-wordpress\/ -->\n<title>Skinny teksad - \u041c\u0430\u0433\u0430\u0437\u0438\u043d \u043e\u0434\u0435\u0436\u0434\u044b ARMONTI<\/title>\n<meta name=\"description\" content=\"Kehale liibuvad skinny teksad dekoratiivse v\u00f6\u00f6 asemel kasutatava salliga. Klassikaline v\u00e4rv sobib h\u00f5lpsasti eri stiilidega ja muudab v\u00e4limuse v\u00e4ljendusrikkaks.\" \/>\n<meta name=\"robots\" content=\"index, follow, max-snippet:-1, max-image-preview:large, max-video-preview:-1\" \/>\n<link rel=\"canonical\" href=\"https:\/\/armonti.eu\/et\/toode\/skinny-teksad\/\" \/>\n<meta property=\"og:locale\" content=\"et_EE\" \/>\n<meta property=\"og:type\" content=\"article\" \/>\n<meta property=\"og:title\" content=\"Skinny teksad - \u041c\u0430\u0433\u0430\u0437\u0438\u043d \u043e\u0434\u0435\u0436\u0434\u044b ARMONTI\" \/>\n<meta property=\"og:description\" content=\"Kehale liibuvad skinny teksad dekoratiivse v\u00f6\u00f6 asemel kasutatava salliga. Klassikaline v\u00e4rv sobib h\u00f5lpsasti eri stiilidega ja muudab v\u00e4limuse v\u00e4ljendusrikkaks.\" \/>\n<meta property=\"og:url\" content=\"https:\/\/armonti.eu\/et\/toode\/skinny-teksad\/\" \/>\n<meta property=\"og:site_name\" content=\"\u041c\u0430\u0433\u0430\u0437\u0438\u043d \u043e\u0434\u0435\u0436\u0434\u044b ARMONTI\" \/>\n<meta property=\"og:image\" content=\"https:\/\/armonti.eu\/wp-content\/uploads\/2026\/05\/img_3586.jpg\" \/>\n\t<meta property=\"og:image:width\" content=\"675\" \/>\n\t<meta property=\"og:image:height\" content=\"900\" \/>\n\t<meta property=\"og:image:type\" content=\"image\/jpeg\" \/>\n<meta name=\"twitter:card\" content=\"summary_large_image\" \/>\n<meta name=\"twitter:label1\" content=\"Est. reading time\" \/>\n\t<meta name=\"twitter:data1\" content=\"1 minut\" \/>\n<script type=\"application\/ld+json\" class=\"yoast-schema-graph\">{\"@context\":\"https:\\\/\\\/schema.org\",\"@graph\":[{\"@type\":\"WebPage\",\"@id\":\"https:\\\/\\\/armonti.eu\\\/et\\\/toode\\\/skinny-teksad\\\/\",\"url\":\"https:\\\/\\\/armonti.eu\\\/et\\\/toode\\\/skinny-teksad\\\/\",\"name\":\"Skinny teksad - \u041c\u0430\u0433\u0430\u0437\u0438\u043d \u043e\u0434\u0435\u0436\u0434\u044b ARMONTI\",\"isPartOf\":{\"@id\":\"https:\\\/\\\/armonti.eu\\\/#website\"},\"primaryImageOfPage\":{\"@id\":\"https:\\\/\\\/armonti.eu\\\/et\\\/toode\\\/skinny-teksad\\\/#primaryimage\"},\"image\":{\"@id\":\"https:\\\/\\\/armonti.eu\\\/et\\\/toode\\\/skinny-teksad\\\/#primaryimage\"},\"thumbnailUrl\":\"https:\\\/\\\/armonti.eu\\\/wp-content\\\/uploads\\\/2026\\\/05\\\/img_3586.jpg\",\"datePublished\":\"2026-05-12T06:04:25+00:00\",\"description\":\"Kehale liibuvad skinny teksad dekoratiivse v\u00f6\u00f6 asemel kasutatava salliga. Klassikaline v\u00e4rv sobib h\u00f5lpsasti eri stiilidega ja muudab v\u00e4limuse v\u00e4ljendusrikkaks.\",\"breadcrumb\":{\"@id\":\"https:\\\/\\\/armonti.eu\\\/et\\\/toode\\\/skinny-teksad\\\/#breadcrumb\"},\"inLanguage\":\"et\",\"potentialAction\":[{\"@type\":\"ReadAction\",\"target\":[\"https:\\\/\\\/armonti.eu\\\/et\\\/toode\\\/skinny-teksad\\\/\"]}]},{\"@type\":\"ImageObject\",\"inLanguage\":\"et\",\"@id\":\"https:\\\/\\\/armonti.eu\\\/et\\\/toode\\\/skinny-teksad\\\/#primaryimage\",\"url\":\"https:\\\/\\\/armonti.eu\\\/wp-content\\\/uploads\\\/2026\\\/05\\\/img_3586.jpg\",\"contentUrl\":\"https:\\\/\\\/armonti.eu\\\/wp-content\\\/uploads\\\/2026\\\/05\\\/img_3586.jpg\",\"width\":675,\"height\":900,\"caption\":\"Skinny teksad v\u00f6\u00f6ga\"},{\"@type\":\"BreadcrumbList\",\"@id\":\"https:\\\/\\\/armonti.eu\\\/et\\\/toode\\\/skinny-teksad\\\/#breadcrumb\",\"itemListElement\":[{\"@type\":\"ListItem\",\"position\":1,\"name\":\"\u0413\u043b\u0430\u0432\u043d\u0430\u044f\",\"item\":\"https:\\\/\\\/armonti.eu\\\/\"},{\"@type\":\"ListItem\",\"position\":2,\"name\":\"Shop\",\"item\":\"https:\\\/\\\/armonti.eu\\\/et\\\/shop\\\/\"},{\"@type\":\"ListItem\",\"position\":3,\"name\":\"\u041e\u0434\u0435\u0436\u0434\u0430\",\"item\":\"https:\\\/\\\/armonti.eu\\\/catalog\\\/odezhda\\\/\"},{\"@type\":\"ListItem\",\"position\":4,\"name\":\"\u0411\u0440\u044e\u043a\u0438 \u0438 \u0434\u0436\u0438\u043d\u0441\u044b\",\"item\":\"https:\\\/\\\/armonti.eu\\\/catalog\\\/odezhda\\\/bryuki-i-dzhinsy\\\/\"},{\"@type\":\"ListItem\",\"position\":5,\"name\":\"Skinny teksad\"}]},{\"@type\":\"WebSite\",\"@id\":\"https:\\\/\\\/armonti.eu\\\/#website\",\"url\":\"https:\\\/\\\/armonti.eu\\\/\",\"name\":\"ARMONTI\",\"description\":\"\",\"publisher\":{\"@id\":\"https:\\\/\\\/armonti.eu\\\/#organization\"},\"alternateName\":\"\u0416\u0435\u043d\u0441\u043a\u0430\u044f \u0431\u0440\u0435\u043d\u0434\u043e\u0432\u0430\u044f \u043e\u0434\u0435\u0436\u0434\u0430\",\"potentialAction\":[{\"@type\":\"SearchAction\",\"target\":{\"@type\":\"EntryPoint\",\"urlTemplate\":\"https:\\\/\\\/armonti.eu\\\/?s={search_term_string}\"},\"query-input\":{\"@type\":\"PropertyValueSpecification\",\"valueRequired\":true,\"valueName\":\"search_term_string\"}}],\"inLanguage\":\"et\"},{\"@type\":\"Organization\",\"@id\":\"https:\\\/\\\/armonti.eu\\\/#organization\",\"name\":\"ARMONTI\",\"alternateName\":\"\u0416\u0435\u043d\u0441\u043a\u0430\u044f \u0431\u0440\u0435\u043d\u0434\u043e\u0432\u0430\u044f \u043e\u0434\u0435\u0436\u0434\u0430\",\"url\":\"https:\\\/\\\/armonti.eu\\\/\",\"logo\":{\"@type\":\"ImageObject\",\"inLanguage\":\"et\",\"@id\":\"https:\\\/\\\/armonti.eu\\\/#\\\/schema\\\/logo\\\/image\\\/\",\"url\":\"https:\\\/\\\/armonti.eu\\\/wp-content\\\/uploads\\\/2023\\\/05\\\/armonti-logo-white.png\",\"contentUrl\":\"https:\\\/\\\/armonti.eu\\\/wp-content\\\/uploads\\\/2023\\\/05\\\/armonti-logo-white.png\",\"width\":2165,\"height\":554,\"caption\":\"ARMONTI\"},\"image\":{\"@id\":\"https:\\\/\\\/armonti.eu\\\/#\\\/schema\\\/logo\\\/image\\\/\"}}]}<\/script>\n<!-- \/ Yoast SEO plugin. -->","yoast_head_json":{"title":"Skinny teksad - \u041c\u0430\u0433\u0430\u0437\u0438\u043d \u043e\u0434\u0435\u0436\u0434\u044b ARMONTI","description":"Kehale liibuvad skinny teksad dekoratiivse v\u00f6\u00f6 asemel kasutatava salliga. Klassikaline v\u00e4rv sobib h\u00f5lpsasti eri stiilidega ja muudab v\u00e4limuse v\u00e4ljendusrikkaks.","robots":{"index":"index","follow":"follow","max-snippet":"max-snippet:-1","max-image-preview":"max-image-preview:large","max-video-preview":"max-video-preview:-1"},"canonical":"https:\/\/armonti.eu\/et\/toode\/skinny-teksad\/","og_locale":"et_EE","og_type":"article","og_title":"Skinny teksad - \u041c\u0430\u0433\u0430\u0437\u0438\u043d \u043e\u0434\u0435\u0436\u0434\u044b ARMONTI","og_description":"Kehale liibuvad skinny teksad dekoratiivse v\u00f6\u00f6 asemel kasutatava salliga. Klassikaline v\u00e4rv sobib h\u00f5lpsasti eri stiilidega ja muudab v\u00e4limuse v\u00e4ljendusrikkaks.","og_url":"https:\/\/armonti.eu\/et\/toode\/skinny-teksad\/","og_site_name":"\u041c\u0430\u0433\u0430\u0437\u0438\u043d \u043e\u0434\u0435\u0436\u0434\u044b ARMONTI","og_image":[{"width":675,"height":900,"url":"https:\/\/armonti.eu\/wp-content\/uploads\/2026\/05\/img_3586.jpg","type":"image\/jpeg"}],"twitter_card":"summary_large_image","twitter_misc":{"Est. reading time":"1 minut"},"schema":{"@context":"https:\/\/schema.org","@graph":[{"@type":"WebPage","@id":"https:\/\/armonti.eu\/et\/toode\/skinny-teksad\/","url":"https:\/\/armonti.eu\/et\/toode\/skinny-teksad\/","name":"Skinny teksad - \u041c\u0430\u0433\u0430\u0437\u0438\u043d \u043e\u0434\u0435\u0436\u0434\u044b ARMONTI","isPartOf":{"@id":"https:\/\/armonti.eu\/#website"},"primaryImageOfPage":{"@id":"https:\/\/armonti.eu\/et\/toode\/skinny-teksad\/#primaryimage"},"image":{"@id":"https:\/\/armonti.eu\/et\/toode\/skinny-teksad\/#primaryimage"},"thumbnailUrl":"https:\/\/armonti.eu\/wp-content\/uploads\/2026\/05\/img_3586.jpg","datePublished":"2026-05-12T06:04:25+00:00","description":"Kehale liibuvad skinny teksad dekoratiivse v\u00f6\u00f6 asemel kasutatava salliga. Klassikaline v\u00e4rv sobib h\u00f5lpsasti eri stiilidega ja muudab v\u00e4limuse v\u00e4ljendusrikkaks.","breadcrumb":{"@id":"https:\/\/armonti.eu\/et\/toode\/skinny-teksad\/#breadcrumb"},"inLanguage":"et","potentialAction":[{"@type":"ReadAction","target":["https:\/\/armonti.eu\/et\/toode\/skinny-teksad\/"]}]},{"@type":"ImageObject","inLanguage":"et","@id":"https:\/\/armonti.eu\/et\/toode\/skinny-teksad\/#primaryimage","url":"https:\/\/armonti.eu\/wp-content\/uploads\/2026\/05\/img_3586.jpg","contentUrl":"https:\/\/armonti.eu\/wp-content\/uploads\/2026\/05\/img_3586.jpg","width":675,"height":900,"caption":"Skinny teksad v\u00f6\u00f6ga"},{"@type":"BreadcrumbList","@id":"https:\/\/armonti.eu\/et\/toode\/skinny-teksad\/#breadcrumb","itemListElement":[{"@type":"ListItem","position":1,"name":"\u0413\u043b\u0430\u0432\u043d\u0430\u044f","item":"https:\/\/armonti.eu\/"},{"@type":"ListItem","position":2,"name":"Shop","item":"https:\/\/armonti.eu\/et\/shop\/"},{"@type":"ListItem","position":3,"name":"\u041e\u0434\u0435\u0436\u0434\u0430","item":"https:\/\/armonti.eu\/catalog\/odezhda\/"},{"@type":"ListItem","position":4,"name":"\u0411\u0440\u044e\u043a\u0438 \u0438 \u0434\u0436\u0438\u043d\u0441\u044b","item":"https:\/\/armonti.eu\/catalog\/odezhda\/bryuki-i-dzhinsy\/"},{"@type":"ListItem","position":5,"name":"Skinny teksad"}]},{"@type":"WebSite","@id":"https:\/\/armonti.eu\/#website","url":"https:\/\/armonti.eu\/","name":"ARMONTI","description":"","publisher":{"@id":"https:\/\/armonti.eu\/#organization"},"alternateName":"\u0416\u0435\u043d\u0441\u043a\u0430\u044f \u0431\u0440\u0435\u043d\u0434\u043e\u0432\u0430\u044f \u043e\u0434\u0435\u0436\u0434\u0430","potentialAction":[{"@type":"SearchAction","target":{"@type":"EntryPoint","urlTemplate":"https:\/\/armonti.eu\/?s={search_term_string}"},"query-input":{"@type":"PropertyValueSpecification","valueRequired":true,"valueName":"search_term_string"}}],"inLanguage":"et"},{"@type":"Organization","@id":"https:\/\/armonti.eu\/#organization","name":"ARMONTI","alternateName":"\u0416\u0435\u043d\u0441\u043a\u0430\u044f \u0431\u0440\u0435\u043d\u0434\u043e\u0432\u0430\u044f \u043e\u0434\u0435\u0436\u0434\u0430","url":"https:\/\/armonti.eu\/","logo":{"@type":"ImageObject","inLanguage":"et","@id":"https:\/\/armonti.eu\/#\/schema\/logo\/image\/","url":"https:\/\/armonti.eu\/wp-content\/uploads\/2023\/05\/armonti-logo-white.png","contentUrl":"https:\/\/armonti.eu\/wp-content\/uploads\/2023\/05\/armonti-logo-white.png","width":2165,"height":554,"caption":"ARMONTI"},"image":{"@id":"https:\/\/armonti.eu\/#\/schema\/logo\/image\/"}}]}},"_links":{"self":[{"href":"https:\/\/armonti.eu\/et\/wp-json\/wp\/v2\/product\/43968","targetHints":{"allow":["GET"]}}],"collection":[{"href":"https:\/\/armonti.eu\/et\/wp-json\/wp\/v2\/product"}],"about":[{"href":"https:\/\/armonti.eu\/et\/wp-json\/wp\/v2\/types\/product"}],"replies":[{"embeddable":true,"href":"https:\/\/armonti.eu\/et\/wp-json\/wp\/v2\/comments?post=43968"}],"wp:featuredmedia":[{"embeddable":true,"href":"https:\/\/armonti.eu\/et\/wp-json\/wp\/v2\/media\/43949"}],"wp:attachment":[{"href":"https:\/\/armonti.eu\/et\/wp-json\/wp\/v2\/media?parent=43968"}],"wp:term":[{"taxonomy":"product_brand","embeddable":true,"href":"https:\/\/armonti.eu\/et\/wp-json\/wp\/v2\/product_brand?post=43968"},{"taxonomy":"product_cat","embeddable":true,"href":"https:\/\/armonti.eu\/et\/wp-json\/wp\/v2\/product_cat?post=43968"},{"taxonomy":"product_tag","embeddable":true,"href":"https:\/\/armonti.eu\/et\/wp-json\/wp\/v2\/product_tag?post=43968"}],"curies":[{"name":"wp","href":"https:\/\/api.w.org\/{rel}","templated":true}]}}