{"id":43859,"date":"2026-05-11T14:04:35","date_gmt":"2026-05-11T11:04:35","guid":{"rendered":"https:\/\/armonti.eu\/?post_type=product&#038;p=43859"},"modified":"2026-05-11T14:04:35","modified_gmt":"2026-05-11T11:04:35","slug":"naiste-spordidress","status":"publish","type":"product","link":"https:\/\/armonti.eu\/et\/toode\/naiste-spordidress\/","title":{"rendered":"Naiste spordidress"},"content":{"rendered":"<p>Naiste spordidress on universaalne lahendus igap\u00e4evaseks garderoobiks. Selles on lihtne v\u00e4lja n\u00e4ha stiilne ja enesekindel iga p\u00e4ev. Komplekt sisaldab p\u00fcstkraega bomberjopet ja sirgeid pingutusn\u00f6\u00f6riga p\u00fckse, mis loovad aktiivse elutempo jaoks harmoonilise silueti. Naiste spordidress on saadaval mitmes v\u00e4rvitoonis, mis v\u00f5imaldab valida isikliku stiiliga sobiva variandi. Bomberjope r\u00f5hutab v\u00e4limuse t\u00e4nap\u00e4evast iseloomu ning sirged taskutega p\u00fcksid tagavad mugavuse kogu p\u00e4eva jooksul. Sellist komplekti on lihtne kombineerida baast\u00fc\u00fcpi jalan\u00f5ude ja aksessuaaridega.<br \/>M\u00f5\u00f5dud cm-s<br \/>\nPikkus suurusest s\u00f5ltuvalt<br \/>\nbomberjope 59\u201363 cm<br \/>\np\u00fcksid 107\u2013109 cm<br \/>M\u00f5\u00f5tmisel on lubatud 1\u20132 cm k\u00f5rvalekalle, eriti kootud toodete puhul.<br \/>Hooldus<br \/>\n\u00d5rn pesu 30 \u00b0C juures, triikimine kuni 110 \u00b0C, pleegitamine keelatud     <\/p>\n<p><strong>Palun m\u00e4rkige tellimuse m\u00e4rkustesse kindlasti oma m\u00f5\u00f5dud (puusa\u00fcmberm\u00f5\u00f5t, talje\u00fcmberm\u00f5\u00f5t ja pikkus), see v\u00f5imaldab valida t\u00e4psema ja sobivama suuruse. <\/strong><\/p>\n<p>Tootekood: 7955<\/p>\n","protected":false},"excerpt":{"rendered":"<p>Suurused: S M L XL<br \/>\nKoostis: 69% puuvill 31% pol\u00fcester<br \/>\nV\u00e4rv: helehall \u0161okolaad <\/p>\n","protected":false},"featured_media":43846,"comment_status":"open","ping_status":"closed","template":"","meta":[],"product_brand":[],"product_cat":[452,454],"product_tag":[],"class_list":{"0":"post-43859","1":"product","2":"type-product","3":"status-publish","4":"has-post-thumbnail","6":"product_cat-dressid","7":"product_cat-ohukesed-dressikomplektid","9":"first","10":"instock","11":"shipping-taxable","12":"purchasable","13":"product-type-variable"},"yoast_head":"<!-- This site is optimized with the Yoast SEO plugin v27.6 - https:\/\/yoast.com\/product\/yoast-seo-wordpress\/ -->\n<title>Naiste spordidress - \u041c\u0430\u0433\u0430\u0437\u0438\u043d \u043e\u0434\u0435\u0436\u0434\u044b ARMONTI<\/title>\n<meta name=\"description\" content=\"Naiste spordidress bomberjope ja p\u00fckstega pingutusn\u00f6\u00f6riga tagab igap\u00e4evase mugavuse. Sirged p\u00fcksid, p\u00fcstkrae ja taskud muudavad mudeli mugavaks ja praktiliseks.\" \/>\n<meta name=\"robots\" content=\"index, follow, max-snippet:-1, max-image-preview:large, max-video-preview:-1\" \/>\n<link rel=\"canonical\" href=\"https:\/\/armonti.eu\/et\/toode\/naiste-spordidress\/\" \/>\n<meta property=\"og:locale\" content=\"et_EE\" \/>\n<meta property=\"og:type\" content=\"article\" \/>\n<meta property=\"og:title\" content=\"Naiste spordidress - \u041c\u0430\u0433\u0430\u0437\u0438\u043d \u043e\u0434\u0435\u0436\u0434\u044b ARMONTI\" \/>\n<meta property=\"og:description\" content=\"Naiste spordidress bomberjope ja p\u00fckstega pingutusn\u00f6\u00f6riga tagab igap\u00e4evase mugavuse. Sirged p\u00fcksid, p\u00fcstkrae ja taskud muudavad mudeli mugavaks ja praktiliseks.\" \/>\n<meta property=\"og:url\" content=\"https:\/\/armonti.eu\/et\/toode\/naiste-spordidress\/\" \/>\n<meta property=\"og:site_name\" content=\"\u041c\u0430\u0433\u0430\u0437\u0438\u043d \u043e\u0434\u0435\u0436\u0434\u044b ARMONTI\" \/>\n<meta property=\"og:image\" content=\"https:\/\/armonti.eu\/wp-content\/uploads\/2026\/05\/img_0107.jpg\" \/>\n\t<meta property=\"og:image:width\" content=\"975\" \/>\n\t<meta property=\"og:image:height\" content=\"1300\" \/>\n\t<meta property=\"og:image:type\" content=\"image\/jpeg\" \/>\n<meta name=\"twitter:card\" content=\"summary_large_image\" \/>\n<meta name=\"twitter:label1\" content=\"Est. reading time\" \/>\n\t<meta name=\"twitter:data1\" content=\"1 minut\" \/>\n<script type=\"application\/ld+json\" class=\"yoast-schema-graph\">{\"@context\":\"https:\\\/\\\/schema.org\",\"@graph\":[{\"@type\":\"WebPage\",\"@id\":\"https:\\\/\\\/armonti.eu\\\/et\\\/toode\\\/naiste-spordidress\\\/\",\"url\":\"https:\\\/\\\/armonti.eu\\\/et\\\/toode\\\/naiste-spordidress\\\/\",\"name\":\"Naiste spordidress - \u041c\u0430\u0433\u0430\u0437\u0438\u043d \u043e\u0434\u0435\u0436\u0434\u044b ARMONTI\",\"isPartOf\":{\"@id\":\"https:\\\/\\\/armonti.eu\\\/#website\"},\"primaryImageOfPage\":{\"@id\":\"https:\\\/\\\/armonti.eu\\\/et\\\/toode\\\/naiste-spordidress\\\/#primaryimage\"},\"image\":{\"@id\":\"https:\\\/\\\/armonti.eu\\\/et\\\/toode\\\/naiste-spordidress\\\/#primaryimage\"},\"thumbnailUrl\":\"https:\\\/\\\/armonti.eu\\\/wp-content\\\/uploads\\\/2026\\\/05\\\/img_0107.jpg\",\"datePublished\":\"2026-05-11T11:04:35+00:00\",\"description\":\"Naiste spordidress bomberjope ja p\u00fckstega pingutusn\u00f6\u00f6riga tagab igap\u00e4evase mugavuse. Sirged p\u00fcksid, p\u00fcstkrae ja taskud muudavad mudeli mugavaks ja praktiliseks.\",\"breadcrumb\":{\"@id\":\"https:\\\/\\\/armonti.eu\\\/et\\\/toode\\\/naiste-spordidress\\\/#breadcrumb\"},\"inLanguage\":\"et\",\"potentialAction\":[{\"@type\":\"ReadAction\",\"target\":[\"https:\\\/\\\/armonti.eu\\\/et\\\/toode\\\/naiste-spordidress\\\/\"]}]},{\"@type\":\"ImageObject\",\"inLanguage\":\"et\",\"@id\":\"https:\\\/\\\/armonti.eu\\\/et\\\/toode\\\/naiste-spordidress\\\/#primaryimage\",\"url\":\"https:\\\/\\\/armonti.eu\\\/wp-content\\\/uploads\\\/2026\\\/05\\\/img_0107.jpg\",\"contentUrl\":\"https:\\\/\\\/armonti.eu\\\/wp-content\\\/uploads\\\/2026\\\/05\\\/img_0107.jpg\",\"width\":975,\"height\":1300,\"caption\":\"Naiste spordidress sirgete p\u00fckstega\"},{\"@type\":\"BreadcrumbList\",\"@id\":\"https:\\\/\\\/armonti.eu\\\/et\\\/toode\\\/naiste-spordidress\\\/#breadcrumb\",\"itemListElement\":[{\"@type\":\"ListItem\",\"position\":1,\"name\":\"\u0413\u043b\u0430\u0432\u043d\u0430\u044f\",\"item\":\"https:\\\/\\\/armonti.eu\\\/\"},{\"@type\":\"ListItem\",\"position\":2,\"name\":\"Shop\",\"item\":\"https:\\\/\\\/armonti.eu\\\/et\\\/shop\\\/\"},{\"@type\":\"ListItem\",\"position\":3,\"name\":\"\u041a\u043e\u0441\u0442\u044e\u043c\u044b \u0441\u043f\u043e\u0440\u0442\u0438\u0432\u043d\u044b\u0435\",\"item\":\"https:\\\/\\\/armonti.eu\\\/catalog\\\/odezhda\\\/sportivnye-kostyumy\\\/\"},{\"@type\":\"ListItem\",\"position\":4,\"name\":\"Naiste spordidress\"}]},{\"@type\":\"WebSite\",\"@id\":\"https:\\\/\\\/armonti.eu\\\/#website\",\"url\":\"https:\\\/\\\/armonti.eu\\\/\",\"name\":\"ARMONTI\",\"description\":\"\",\"publisher\":{\"@id\":\"https:\\\/\\\/armonti.eu\\\/#organization\"},\"alternateName\":\"\u0416\u0435\u043d\u0441\u043a\u0430\u044f \u0431\u0440\u0435\u043d\u0434\u043e\u0432\u0430\u044f \u043e\u0434\u0435\u0436\u0434\u0430\",\"potentialAction\":[{\"@type\":\"SearchAction\",\"target\":{\"@type\":\"EntryPoint\",\"urlTemplate\":\"https:\\\/\\\/armonti.eu\\\/?s={search_term_string}\"},\"query-input\":{\"@type\":\"PropertyValueSpecification\",\"valueRequired\":true,\"valueName\":\"search_term_string\"}}],\"inLanguage\":\"et\"},{\"@type\":\"Organization\",\"@id\":\"https:\\\/\\\/armonti.eu\\\/#organization\",\"name\":\"ARMONTI\",\"alternateName\":\"\u0416\u0435\u043d\u0441\u043a\u0430\u044f \u0431\u0440\u0435\u043d\u0434\u043e\u0432\u0430\u044f \u043e\u0434\u0435\u0436\u0434\u0430\",\"url\":\"https:\\\/\\\/armonti.eu\\\/\",\"logo\":{\"@type\":\"ImageObject\",\"inLanguage\":\"et\",\"@id\":\"https:\\\/\\\/armonti.eu\\\/#\\\/schema\\\/logo\\\/image\\\/\",\"url\":\"https:\\\/\\\/armonti.eu\\\/wp-content\\\/uploads\\\/2023\\\/05\\\/armonti-logo-white.png\",\"contentUrl\":\"https:\\\/\\\/armonti.eu\\\/wp-content\\\/uploads\\\/2023\\\/05\\\/armonti-logo-white.png\",\"width\":2165,\"height\":554,\"caption\":\"ARMONTI\"},\"image\":{\"@id\":\"https:\\\/\\\/armonti.eu\\\/#\\\/schema\\\/logo\\\/image\\\/\"}}]}<\/script>\n<!-- \/ Yoast SEO plugin. -->","yoast_head_json":{"title":"Naiste spordidress - \u041c\u0430\u0433\u0430\u0437\u0438\u043d \u043e\u0434\u0435\u0436\u0434\u044b ARMONTI","description":"Naiste spordidress bomberjope ja p\u00fckstega pingutusn\u00f6\u00f6riga tagab igap\u00e4evase mugavuse. Sirged p\u00fcksid, p\u00fcstkrae ja taskud muudavad mudeli mugavaks ja praktiliseks.","robots":{"index":"index","follow":"follow","max-snippet":"max-snippet:-1","max-image-preview":"max-image-preview:large","max-video-preview":"max-video-preview:-1"},"canonical":"https:\/\/armonti.eu\/et\/toode\/naiste-spordidress\/","og_locale":"et_EE","og_type":"article","og_title":"Naiste spordidress - \u041c\u0430\u0433\u0430\u0437\u0438\u043d \u043e\u0434\u0435\u0436\u0434\u044b ARMONTI","og_description":"Naiste spordidress bomberjope ja p\u00fckstega pingutusn\u00f6\u00f6riga tagab igap\u00e4evase mugavuse. Sirged p\u00fcksid, p\u00fcstkrae ja taskud muudavad mudeli mugavaks ja praktiliseks.","og_url":"https:\/\/armonti.eu\/et\/toode\/naiste-spordidress\/","og_site_name":"\u041c\u0430\u0433\u0430\u0437\u0438\u043d \u043e\u0434\u0435\u0436\u0434\u044b ARMONTI","og_image":[{"width":975,"height":1300,"url":"https:\/\/armonti.eu\/wp-content\/uploads\/2026\/05\/img_0107.jpg","type":"image\/jpeg"}],"twitter_card":"summary_large_image","twitter_misc":{"Est. reading time":"1 minut"},"schema":{"@context":"https:\/\/schema.org","@graph":[{"@type":"WebPage","@id":"https:\/\/armonti.eu\/et\/toode\/naiste-spordidress\/","url":"https:\/\/armonti.eu\/et\/toode\/naiste-spordidress\/","name":"Naiste spordidress - \u041c\u0430\u0433\u0430\u0437\u0438\u043d \u043e\u0434\u0435\u0436\u0434\u044b ARMONTI","isPartOf":{"@id":"https:\/\/armonti.eu\/#website"},"primaryImageOfPage":{"@id":"https:\/\/armonti.eu\/et\/toode\/naiste-spordidress\/#primaryimage"},"image":{"@id":"https:\/\/armonti.eu\/et\/toode\/naiste-spordidress\/#primaryimage"},"thumbnailUrl":"https:\/\/armonti.eu\/wp-content\/uploads\/2026\/05\/img_0107.jpg","datePublished":"2026-05-11T11:04:35+00:00","description":"Naiste spordidress bomberjope ja p\u00fckstega pingutusn\u00f6\u00f6riga tagab igap\u00e4evase mugavuse. Sirged p\u00fcksid, p\u00fcstkrae ja taskud muudavad mudeli mugavaks ja praktiliseks.","breadcrumb":{"@id":"https:\/\/armonti.eu\/et\/toode\/naiste-spordidress\/#breadcrumb"},"inLanguage":"et","potentialAction":[{"@type":"ReadAction","target":["https:\/\/armonti.eu\/et\/toode\/naiste-spordidress\/"]}]},{"@type":"ImageObject","inLanguage":"et","@id":"https:\/\/armonti.eu\/et\/toode\/naiste-spordidress\/#primaryimage","url":"https:\/\/armonti.eu\/wp-content\/uploads\/2026\/05\/img_0107.jpg","contentUrl":"https:\/\/armonti.eu\/wp-content\/uploads\/2026\/05\/img_0107.jpg","width":975,"height":1300,"caption":"Naiste spordidress sirgete p\u00fckstega"},{"@type":"BreadcrumbList","@id":"https:\/\/armonti.eu\/et\/toode\/naiste-spordidress\/#breadcrumb","itemListElement":[{"@type":"ListItem","position":1,"name":"\u0413\u043b\u0430\u0432\u043d\u0430\u044f","item":"https:\/\/armonti.eu\/"},{"@type":"ListItem","position":2,"name":"Shop","item":"https:\/\/armonti.eu\/et\/shop\/"},{"@type":"ListItem","position":3,"name":"\u041a\u043e\u0441\u0442\u044e\u043c\u044b \u0441\u043f\u043e\u0440\u0442\u0438\u0432\u043d\u044b\u0435","item":"https:\/\/armonti.eu\/catalog\/odezhda\/sportivnye-kostyumy\/"},{"@type":"ListItem","position":4,"name":"Naiste spordidress"}]},{"@type":"WebSite","@id":"https:\/\/armonti.eu\/#website","url":"https:\/\/armonti.eu\/","name":"ARMONTI","description":"","publisher":{"@id":"https:\/\/armonti.eu\/#organization"},"alternateName":"\u0416\u0435\u043d\u0441\u043a\u0430\u044f \u0431\u0440\u0435\u043d\u0434\u043e\u0432\u0430\u044f \u043e\u0434\u0435\u0436\u0434\u0430","potentialAction":[{"@type":"SearchAction","target":{"@type":"EntryPoint","urlTemplate":"https:\/\/armonti.eu\/?s={search_term_string}"},"query-input":{"@type":"PropertyValueSpecification","valueRequired":true,"valueName":"search_term_string"}}],"inLanguage":"et"},{"@type":"Organization","@id":"https:\/\/armonti.eu\/#organization","name":"ARMONTI","alternateName":"\u0416\u0435\u043d\u0441\u043a\u0430\u044f \u0431\u0440\u0435\u043d\u0434\u043e\u0432\u0430\u044f \u043e\u0434\u0435\u0436\u0434\u0430","url":"https:\/\/armonti.eu\/","logo":{"@type":"ImageObject","inLanguage":"et","@id":"https:\/\/armonti.eu\/#\/schema\/logo\/image\/","url":"https:\/\/armonti.eu\/wp-content\/uploads\/2023\/05\/armonti-logo-white.png","contentUrl":"https:\/\/armonti.eu\/wp-content\/uploads\/2023\/05\/armonti-logo-white.png","width":2165,"height":554,"caption":"ARMONTI"},"image":{"@id":"https:\/\/armonti.eu\/#\/schema\/logo\/image\/"}}]}},"_links":{"self":[{"href":"https:\/\/armonti.eu\/et\/wp-json\/wp\/v2\/product\/43859","targetHints":{"allow":["GET"]}}],"collection":[{"href":"https:\/\/armonti.eu\/et\/wp-json\/wp\/v2\/product"}],"about":[{"href":"https:\/\/armonti.eu\/et\/wp-json\/wp\/v2\/types\/product"}],"replies":[{"embeddable":true,"href":"https:\/\/armonti.eu\/et\/wp-json\/wp\/v2\/comments?post=43859"}],"wp:featuredmedia":[{"embeddable":true,"href":"https:\/\/armonti.eu\/et\/wp-json\/wp\/v2\/media\/43846"}],"wp:attachment":[{"href":"https:\/\/armonti.eu\/et\/wp-json\/wp\/v2\/media?parent=43859"}],"wp:term":[{"taxonomy":"product_brand","embeddable":true,"href":"https:\/\/armonti.eu\/et\/wp-json\/wp\/v2\/product_brand?post=43859"},{"taxonomy":"product_cat","embeddable":true,"href":"https:\/\/armonti.eu\/et\/wp-json\/wp\/v2\/product_cat?post=43859"},{"taxonomy":"product_tag","embeddable":true,"href":"https:\/\/armonti.eu\/et\/wp-json\/wp\/v2\/product_tag?post=43859"}],"curies":[{"name":"wp","href":"https:\/\/api.w.org\/{rel}","templated":true}]}}