{"id":43743,"date":"2026-05-11T11:15:54","date_gmt":"2026-05-11T08:15:54","guid":{"rendered":"https:\/\/armonti.eu\/?post_type=product&#038;p=43743"},"modified":"2026-05-11T11:15:54","modified_gmt":"2026-05-11T08:15:54","slug":"kerged-palazzo-teksad","status":"publish","type":"product","link":"https:\/\/armonti.eu\/et\/toode\/kerged-palazzo-teksad\/","title":{"rendered":"Kerged palazzo-teksad"},"content":{"rendered":"<p>Kerged palazzo-teksad loovad v\u00e4ljendusrikka silueti ja pikendavad visuaalselt jalgu. K\u00f5rge v\u00e4rviosa r\u00f5hutab taljet ja muudab v\u00e4limuse kompaktsemaks. Mudel istub kaunilt puusadel ja s\u00e4ilitab liikumisel mugavuse. P\u00fckste avar l\u00f5ige muudab istuvuse eriti kaasaegseks. \u00d5huke tekstuur sobib suurep\u00e4raselt sooja ja kuuma ilma jaoks. Kerge elastsus tagab mugava igap\u00e4evase istuvuse. Mudel sobib jalutusk\u00e4ikudeks, s\u00f5itudeks ja linnastiilideks. Kerged palazzo-teksad sobivad h\u00e4sti platvorm- ja kontsakingadega. Mudel sobib eriti h\u00e4sti pikemat kasvu naistele.<br \/>M\u00f5\u00f5dud cm-s<br \/>\nPikkus 110 cm<br \/>\nM\u00f5\u00f5tmisel on lubatud 1\u20132 cm k\u00f5rvalekalle, eriti kootud toodete puhul.<br \/>Hooldus<br \/>\n\u00d5rn pesu 30 \u00b0C juures, triikimine kuni 110 \u00b0C, pleegitamine keelatud        <\/p>\n<p><strong>Palun m\u00e4rkige tellimuse m\u00e4rkustesse kindlasti oma m\u00f5\u00f5dud (puusa\u00fcmberm\u00f5\u00f5t, talje\u00fcmberm\u00f5\u00f5t ja pikkus), see v\u00f5imaldab valida t\u00e4psema ja sobivama suuruse. <\/strong><\/p>\n<p>Tootekood: 2719<\/p>\n","protected":false},"excerpt":{"rendered":"<p>Suurused: XS S M L XL<br \/>\nKoostis: 67% puuvill 32% pol\u00fcester 1% elastaan<br \/>\nV\u00e4rv: helesinine <\/p>\n","protected":false},"featured_media":43609,"comment_status":"open","ping_status":"closed","template":"","meta":[],"product_brand":[],"product_cat":[335,565],"product_tag":[],"class_list":{"0":"post-43743","1":"product","2":"type-product","3":"status-publish","4":"has-post-thumbnail","6":"product_cat-bryuki-i-dzhinsy-et","7":"product_cat-teksad","9":"first","10":"instock","11":"shipping-taxable","12":"purchasable","13":"product-type-variable"},"yoast_head":"<!-- This site is optimized with the Yoast SEO plugin v27.6 - https:\/\/yoast.com\/product\/yoast-seo-wordpress\/ -->\n<title>Kerged palazzo-teksad - \u041c\u0430\u0433\u0430\u0437\u0438\u043d \u043e\u0434\u0435\u0436\u0434\u044b ARMONTI<\/title>\n<meta name=\"description\" content=\"Kerged k\u00f5rge pihaosaga ja laia l\u00f5ikega palazzo-teksad stiilseteks suvisteks r\u00f5ivakomplektideks. Mudel istub kaunilt puusadel ja sobib pikemat kasvu kandjale.\" \/>\n<meta name=\"robots\" content=\"index, follow, max-snippet:-1, max-image-preview:large, max-video-preview:-1\" \/>\n<link rel=\"canonical\" href=\"https:\/\/armonti.eu\/et\/toode\/kerged-palazzo-teksad\/\" \/>\n<meta property=\"og:locale\" content=\"et_EE\" \/>\n<meta property=\"og:type\" content=\"article\" \/>\n<meta property=\"og:title\" content=\"Kerged palazzo-teksad - \u041c\u0430\u0433\u0430\u0437\u0438\u043d \u043e\u0434\u0435\u0436\u0434\u044b ARMONTI\" \/>\n<meta property=\"og:description\" content=\"Kerged k\u00f5rge pihaosaga ja laia l\u00f5ikega palazzo-teksad stiilseteks suvisteks r\u00f5ivakomplektideks. Mudel istub kaunilt puusadel ja sobib pikemat kasvu kandjale.\" \/>\n<meta property=\"og:url\" content=\"https:\/\/armonti.eu\/et\/toode\/kerged-palazzo-teksad\/\" \/>\n<meta property=\"og:site_name\" content=\"\u041c\u0430\u0433\u0430\u0437\u0438\u043d \u043e\u0434\u0435\u0436\u0434\u044b ARMONTI\" \/>\n<meta property=\"og:image\" content=\"https:\/\/armonti.eu\/wp-content\/uploads\/2026\/05\/img_2681.jpg\" \/>\n\t<meta property=\"og:image:width\" content=\"675\" \/>\n\t<meta property=\"og:image:height\" content=\"900\" \/>\n\t<meta property=\"og:image:type\" content=\"image\/jpeg\" \/>\n<meta name=\"twitter:card\" content=\"summary_large_image\" \/>\n<meta name=\"twitter:label1\" content=\"Est. reading time\" \/>\n\t<meta name=\"twitter:data1\" content=\"1 minut\" \/>\n<script type=\"application\/ld+json\" class=\"yoast-schema-graph\">{\"@context\":\"https:\\\/\\\/schema.org\",\"@graph\":[{\"@type\":\"WebPage\",\"@id\":\"https:\\\/\\\/armonti.eu\\\/et\\\/toode\\\/kerged-palazzo-teksad\\\/\",\"url\":\"https:\\\/\\\/armonti.eu\\\/et\\\/toode\\\/kerged-palazzo-teksad\\\/\",\"name\":\"Kerged palazzo-teksad - \u041c\u0430\u0433\u0430\u0437\u0438\u043d \u043e\u0434\u0435\u0436\u0434\u044b ARMONTI\",\"isPartOf\":{\"@id\":\"https:\\\/\\\/armonti.eu\\\/#website\"},\"primaryImageOfPage\":{\"@id\":\"https:\\\/\\\/armonti.eu\\\/et\\\/toode\\\/kerged-palazzo-teksad\\\/#primaryimage\"},\"image\":{\"@id\":\"https:\\\/\\\/armonti.eu\\\/et\\\/toode\\\/kerged-palazzo-teksad\\\/#primaryimage\"},\"thumbnailUrl\":\"https:\\\/\\\/armonti.eu\\\/wp-content\\\/uploads\\\/2026\\\/05\\\/img_2681.jpg\",\"datePublished\":\"2026-05-11T08:15:54+00:00\",\"description\":\"Kerged k\u00f5rge pihaosaga ja laia l\u00f5ikega palazzo-teksad stiilseteks suvisteks r\u00f5ivakomplektideks. Mudel istub kaunilt puusadel ja sobib pikemat kasvu kandjale.\",\"breadcrumb\":{\"@id\":\"https:\\\/\\\/armonti.eu\\\/et\\\/toode\\\/kerged-palazzo-teksad\\\/#breadcrumb\"},\"inLanguage\":\"et\",\"potentialAction\":[{\"@type\":\"ReadAction\",\"target\":[\"https:\\\/\\\/armonti.eu\\\/et\\\/toode\\\/kerged-palazzo-teksad\\\/\"]}]},{\"@type\":\"ImageObject\",\"inLanguage\":\"et\",\"@id\":\"https:\\\/\\\/armonti.eu\\\/et\\\/toode\\\/kerged-palazzo-teksad\\\/#primaryimage\",\"url\":\"https:\\\/\\\/armonti.eu\\\/wp-content\\\/uploads\\\/2026\\\/05\\\/img_2681.jpg\",\"contentUrl\":\"https:\\\/\\\/armonti.eu\\\/wp-content\\\/uploads\\\/2026\\\/05\\\/img_2681.jpg\",\"width\":675,\"height\":900,\"caption\":\"Naiste kerged palazzo-teksad\"},{\"@type\":\"BreadcrumbList\",\"@id\":\"https:\\\/\\\/armonti.eu\\\/et\\\/toode\\\/kerged-palazzo-teksad\\\/#breadcrumb\",\"itemListElement\":[{\"@type\":\"ListItem\",\"position\":1,\"name\":\"\u0413\u043b\u0430\u0432\u043d\u0430\u044f\",\"item\":\"https:\\\/\\\/armonti.eu\\\/\"},{\"@type\":\"ListItem\",\"position\":2,\"name\":\"Shop\",\"item\":\"https:\\\/\\\/armonti.eu\\\/et\\\/shop\\\/\"},{\"@type\":\"ListItem\",\"position\":3,\"name\":\"\u041e\u0434\u0435\u0436\u0434\u0430\",\"item\":\"https:\\\/\\\/armonti.eu\\\/catalog\\\/odezhda\\\/\"},{\"@type\":\"ListItem\",\"position\":4,\"name\":\"\u0411\u0440\u044e\u043a\u0438 \u0438 \u0434\u0436\u0438\u043d\u0441\u044b\",\"item\":\"https:\\\/\\\/armonti.eu\\\/catalog\\\/odezhda\\\/bryuki-i-dzhinsy\\\/\"},{\"@type\":\"ListItem\",\"position\":5,\"name\":\"\u0414\u0436\u0438\u043d\u0441\u044b\",\"item\":\"https:\\\/\\\/armonti.eu\\\/catalog\\\/odezhda\\\/bryuki-i-dzhinsy\\\/dzhinsy\\\/\"},{\"@type\":\"ListItem\",\"position\":6,\"name\":\"Kerged palazzo-teksad\"}]},{\"@type\":\"WebSite\",\"@id\":\"https:\\\/\\\/armonti.eu\\\/#website\",\"url\":\"https:\\\/\\\/armonti.eu\\\/\",\"name\":\"ARMONTI\",\"description\":\"\",\"publisher\":{\"@id\":\"https:\\\/\\\/armonti.eu\\\/#organization\"},\"alternateName\":\"\u0416\u0435\u043d\u0441\u043a\u0430\u044f \u0431\u0440\u0435\u043d\u0434\u043e\u0432\u0430\u044f \u043e\u0434\u0435\u0436\u0434\u0430\",\"potentialAction\":[{\"@type\":\"SearchAction\",\"target\":{\"@type\":\"EntryPoint\",\"urlTemplate\":\"https:\\\/\\\/armonti.eu\\\/?s={search_term_string}\"},\"query-input\":{\"@type\":\"PropertyValueSpecification\",\"valueRequired\":true,\"valueName\":\"search_term_string\"}}],\"inLanguage\":\"et\"},{\"@type\":\"Organization\",\"@id\":\"https:\\\/\\\/armonti.eu\\\/#organization\",\"name\":\"ARMONTI\",\"alternateName\":\"\u0416\u0435\u043d\u0441\u043a\u0430\u044f \u0431\u0440\u0435\u043d\u0434\u043e\u0432\u0430\u044f \u043e\u0434\u0435\u0436\u0434\u0430\",\"url\":\"https:\\\/\\\/armonti.eu\\\/\",\"logo\":{\"@type\":\"ImageObject\",\"inLanguage\":\"et\",\"@id\":\"https:\\\/\\\/armonti.eu\\\/#\\\/schema\\\/logo\\\/image\\\/\",\"url\":\"https:\\\/\\\/armonti.eu\\\/wp-content\\\/uploads\\\/2023\\\/05\\\/armonti-logo-white.png\",\"contentUrl\":\"https:\\\/\\\/armonti.eu\\\/wp-content\\\/uploads\\\/2023\\\/05\\\/armonti-logo-white.png\",\"width\":2165,\"height\":554,\"caption\":\"ARMONTI\"},\"image\":{\"@id\":\"https:\\\/\\\/armonti.eu\\\/#\\\/schema\\\/logo\\\/image\\\/\"}}]}<\/script>\n<!-- \/ Yoast SEO plugin. -->","yoast_head_json":{"title":"Kerged palazzo-teksad - \u041c\u0430\u0433\u0430\u0437\u0438\u043d \u043e\u0434\u0435\u0436\u0434\u044b ARMONTI","description":"Kerged k\u00f5rge pihaosaga ja laia l\u00f5ikega palazzo-teksad stiilseteks suvisteks r\u00f5ivakomplektideks. Mudel istub kaunilt puusadel ja sobib pikemat kasvu kandjale.","robots":{"index":"index","follow":"follow","max-snippet":"max-snippet:-1","max-image-preview":"max-image-preview:large","max-video-preview":"max-video-preview:-1"},"canonical":"https:\/\/armonti.eu\/et\/toode\/kerged-palazzo-teksad\/","og_locale":"et_EE","og_type":"article","og_title":"Kerged palazzo-teksad - \u041c\u0430\u0433\u0430\u0437\u0438\u043d \u043e\u0434\u0435\u0436\u0434\u044b ARMONTI","og_description":"Kerged k\u00f5rge pihaosaga ja laia l\u00f5ikega palazzo-teksad stiilseteks suvisteks r\u00f5ivakomplektideks. Mudel istub kaunilt puusadel ja sobib pikemat kasvu kandjale.","og_url":"https:\/\/armonti.eu\/et\/toode\/kerged-palazzo-teksad\/","og_site_name":"\u041c\u0430\u0433\u0430\u0437\u0438\u043d \u043e\u0434\u0435\u0436\u0434\u044b ARMONTI","og_image":[{"width":675,"height":900,"url":"https:\/\/armonti.eu\/wp-content\/uploads\/2026\/05\/img_2681.jpg","type":"image\/jpeg"}],"twitter_card":"summary_large_image","twitter_misc":{"Est. reading time":"1 minut"},"schema":{"@context":"https:\/\/schema.org","@graph":[{"@type":"WebPage","@id":"https:\/\/armonti.eu\/et\/toode\/kerged-palazzo-teksad\/","url":"https:\/\/armonti.eu\/et\/toode\/kerged-palazzo-teksad\/","name":"Kerged palazzo-teksad - \u041c\u0430\u0433\u0430\u0437\u0438\u043d \u043e\u0434\u0435\u0436\u0434\u044b ARMONTI","isPartOf":{"@id":"https:\/\/armonti.eu\/#website"},"primaryImageOfPage":{"@id":"https:\/\/armonti.eu\/et\/toode\/kerged-palazzo-teksad\/#primaryimage"},"image":{"@id":"https:\/\/armonti.eu\/et\/toode\/kerged-palazzo-teksad\/#primaryimage"},"thumbnailUrl":"https:\/\/armonti.eu\/wp-content\/uploads\/2026\/05\/img_2681.jpg","datePublished":"2026-05-11T08:15:54+00:00","description":"Kerged k\u00f5rge pihaosaga ja laia l\u00f5ikega palazzo-teksad stiilseteks suvisteks r\u00f5ivakomplektideks. Mudel istub kaunilt puusadel ja sobib pikemat kasvu kandjale.","breadcrumb":{"@id":"https:\/\/armonti.eu\/et\/toode\/kerged-palazzo-teksad\/#breadcrumb"},"inLanguage":"et","potentialAction":[{"@type":"ReadAction","target":["https:\/\/armonti.eu\/et\/toode\/kerged-palazzo-teksad\/"]}]},{"@type":"ImageObject","inLanguage":"et","@id":"https:\/\/armonti.eu\/et\/toode\/kerged-palazzo-teksad\/#primaryimage","url":"https:\/\/armonti.eu\/wp-content\/uploads\/2026\/05\/img_2681.jpg","contentUrl":"https:\/\/armonti.eu\/wp-content\/uploads\/2026\/05\/img_2681.jpg","width":675,"height":900,"caption":"Naiste kerged palazzo-teksad"},{"@type":"BreadcrumbList","@id":"https:\/\/armonti.eu\/et\/toode\/kerged-palazzo-teksad\/#breadcrumb","itemListElement":[{"@type":"ListItem","position":1,"name":"\u0413\u043b\u0430\u0432\u043d\u0430\u044f","item":"https:\/\/armonti.eu\/"},{"@type":"ListItem","position":2,"name":"Shop","item":"https:\/\/armonti.eu\/et\/shop\/"},{"@type":"ListItem","position":3,"name":"\u041e\u0434\u0435\u0436\u0434\u0430","item":"https:\/\/armonti.eu\/catalog\/odezhda\/"},{"@type":"ListItem","position":4,"name":"\u0411\u0440\u044e\u043a\u0438 \u0438 \u0434\u0436\u0438\u043d\u0441\u044b","item":"https:\/\/armonti.eu\/catalog\/odezhda\/bryuki-i-dzhinsy\/"},{"@type":"ListItem","position":5,"name":"\u0414\u0436\u0438\u043d\u0441\u044b","item":"https:\/\/armonti.eu\/catalog\/odezhda\/bryuki-i-dzhinsy\/dzhinsy\/"},{"@type":"ListItem","position":6,"name":"Kerged palazzo-teksad"}]},{"@type":"WebSite","@id":"https:\/\/armonti.eu\/#website","url":"https:\/\/armonti.eu\/","name":"ARMONTI","description":"","publisher":{"@id":"https:\/\/armonti.eu\/#organization"},"alternateName":"\u0416\u0435\u043d\u0441\u043a\u0430\u044f \u0431\u0440\u0435\u043d\u0434\u043e\u0432\u0430\u044f \u043e\u0434\u0435\u0436\u0434\u0430","potentialAction":[{"@type":"SearchAction","target":{"@type":"EntryPoint","urlTemplate":"https:\/\/armonti.eu\/?s={search_term_string}"},"query-input":{"@type":"PropertyValueSpecification","valueRequired":true,"valueName":"search_term_string"}}],"inLanguage":"et"},{"@type":"Organization","@id":"https:\/\/armonti.eu\/#organization","name":"ARMONTI","alternateName":"\u0416\u0435\u043d\u0441\u043a\u0430\u044f \u0431\u0440\u0435\u043d\u0434\u043e\u0432\u0430\u044f \u043e\u0434\u0435\u0436\u0434\u0430","url":"https:\/\/armonti.eu\/","logo":{"@type":"ImageObject","inLanguage":"et","@id":"https:\/\/armonti.eu\/#\/schema\/logo\/image\/","url":"https:\/\/armonti.eu\/wp-content\/uploads\/2023\/05\/armonti-logo-white.png","contentUrl":"https:\/\/armonti.eu\/wp-content\/uploads\/2023\/05\/armonti-logo-white.png","width":2165,"height":554,"caption":"ARMONTI"},"image":{"@id":"https:\/\/armonti.eu\/#\/schema\/logo\/image\/"}}]}},"_links":{"self":[{"href":"https:\/\/armonti.eu\/et\/wp-json\/wp\/v2\/product\/43743","targetHints":{"allow":["GET"]}}],"collection":[{"href":"https:\/\/armonti.eu\/et\/wp-json\/wp\/v2\/product"}],"about":[{"href":"https:\/\/armonti.eu\/et\/wp-json\/wp\/v2\/types\/product"}],"replies":[{"embeddable":true,"href":"https:\/\/armonti.eu\/et\/wp-json\/wp\/v2\/comments?post=43743"}],"wp:featuredmedia":[{"embeddable":true,"href":"https:\/\/armonti.eu\/et\/wp-json\/wp\/v2\/media\/43609"}],"wp:attachment":[{"href":"https:\/\/armonti.eu\/et\/wp-json\/wp\/v2\/media?parent=43743"}],"wp:term":[{"taxonomy":"product_brand","embeddable":true,"href":"https:\/\/armonti.eu\/et\/wp-json\/wp\/v2\/product_brand?post=43743"},{"taxonomy":"product_cat","embeddable":true,"href":"https:\/\/armonti.eu\/et\/wp-json\/wp\/v2\/product_cat?post=43743"},{"taxonomy":"product_tag","embeddable":true,"href":"https:\/\/armonti.eu\/et\/wp-json\/wp\/v2\/product_tag?post=43743"}],"curies":[{"name":"wp","href":"https:\/\/api.w.org\/{rel}","templated":true}]}}