{"id":43503,"date":"2026-05-06T13:37:00","date_gmt":"2026-05-06T10:37:00","guid":{"rendered":"https:\/\/armonti.eu\/?post_type=product&#038;p=43503"},"modified":"2026-05-06T13:46:14","modified_gmt":"2026-05-06T10:46:14","slug":"midi-kleit-2","status":"publish","type":"product","link":"https:\/\/armonti.eu\/et\/toode\/midi-kleit-2\/","title":{"rendered":"Midi-kleit"},"content":{"rendered":"<p>Midi kleit r\u00f5hutab sinu naiselikkust. Mudel n\u00e4eb v\u00e4lja elegantne ja sobib igap\u00e4evasteks ja \u00f5htusteks riietusteks. Taskud lisavad praktilisust ja kandmismugavust. Aktsentv\u00f6\u00f6 r\u00f5hutab taljet ja loob elegantse silueti. Saadaval eri v\u00e4rvides hooajalisteks kombinatsioonideks ja isiklike eelistuste jaoks. Midi kleit sobitub kergesti kontsakingade ja tossudega. Universaalne l\u00f5ige v\u00f5imaldab kasutada seda paljudel juhtudel. Disain on l\u00e4bim\u00f5eldud stiili ja mugavuse harmooniliseks tasakaaluks.<br \/>\nM\u00f5\u00f5dud sentimeetrites:<br \/>\nLaius rinna\u00fcmberm\u00f5\u00f5du j\u00e4rgi 122 cm<br \/>\nPikkus 130 cm<br \/>\nLubatud m\u00f5\u00f5tude h\u00e4lve 1\u20132 cm, eriti kudumite puhul.<br \/>\nHooldus: \u00f5rn pesu 30 \u00b0C juures, triikimine temperatuuril 110 \u00b0C, pleegitamine keelatud.<br \/>\n        <\/p>\n<p><strong>Palun m\u00e4rkige tellimuse m\u00e4rkustesse kindlasti oma m\u00f5\u00f5dud (puusa\u00fcmberm\u00f5\u00f5t, talje\u00fcmberm\u00f5\u00f5t ja pikkus), see v\u00f5imaldab valida t\u00e4psema ja sobivama suuruse. <\/strong><\/p>\n<p>Tootekood: 9531<\/p>\n","protected":false},"excerpt":{"rendered":"<p>Suurus: universaalne suurus<br \/>\nKoostis: 95% viskoos 5% elastaan<br \/>\nV\u00e4rv: helebee\u017e punane pastellkollane puuder sinine <\/p>\n","protected":false},"featured_media":43515,"comment_status":"open","ping_status":"closed","template":"","meta":[],"product_brand":[],"product_cat":[457,460],"product_tag":[],"class_list":{"0":"post-43503","1":"product","2":"type-product","3":"status-publish","4":"has-post-thumbnail","6":"product_cat-kledidid","7":"product_cat-suvekleidid","9":"first","10":"instock","11":"shipping-taxable","12":"purchasable","13":"product-type-variable"},"yoast_head":"<!-- This site is optimized with the Yoast SEO plugin v27.5 - https:\/\/yoast.com\/product\/yoast-seo-wordpress\/ -->\n<title>Midi-kleit - \u041c\u0430\u0433\u0430\u0437\u0438\u043d \u043e\u0434\u0435\u0436\u0434\u044b ARMONTI<\/title>\n<meta name=\"description\" content=\"Midi kleit on v\u00f6\u00f6ga elegantne siluetti r\u00f5hutav mudel. Sobib ideaalselt igap\u00e4evaste ja pidulike riietuste jaoks, saadaval eri v\u00e4rvitoonides.\" \/>\n<meta name=\"robots\" content=\"index, follow, max-snippet:-1, max-image-preview:large, max-video-preview:-1\" \/>\n<link rel=\"canonical\" href=\"https:\/\/armonti.eu\/et\/toode\/midi-kleit-2\/\" \/>\n<meta property=\"og:locale\" content=\"et_EE\" \/>\n<meta property=\"og:type\" content=\"article\" \/>\n<meta property=\"og:title\" content=\"Midi-kleit - \u041c\u0430\u0433\u0430\u0437\u0438\u043d \u043e\u0434\u0435\u0436\u0434\u044b ARMONTI\" \/>\n<meta property=\"og:description\" content=\"Midi kleit on v\u00f6\u00f6ga elegantne siluetti r\u00f5hutav mudel. Sobib ideaalselt igap\u00e4evaste ja pidulike riietuste jaoks, saadaval eri v\u00e4rvitoonides.\" \/>\n<meta property=\"og:url\" content=\"https:\/\/armonti.eu\/et\/toode\/midi-kleit-2\/\" \/>\n<meta property=\"og:site_name\" content=\"\u041c\u0430\u0433\u0430\u0437\u0438\u043d \u043e\u0434\u0435\u0436\u0434\u044b ARMONTI\" \/>\n<meta property=\"article:modified_time\" content=\"2026-05-06T10:46:14+00:00\" \/>\n<meta property=\"og:image\" content=\"https:\/\/armonti.eu\/wp-content\/uploads\/2026\/05\/img_2460-1.jpg\" \/>\n\t<meta property=\"og:image:width\" content=\"1024\" \/>\n\t<meta property=\"og:image:height\" content=\"1365\" \/>\n\t<meta property=\"og:image:type\" content=\"image\/jpeg\" \/>\n<meta name=\"twitter:card\" content=\"summary_large_image\" \/>\n<meta name=\"twitter:label1\" content=\"Est. reading time\" \/>\n\t<meta name=\"twitter:data1\" content=\"1 minut\" \/>\n<script type=\"application\/ld+json\" class=\"yoast-schema-graph\">{\"@context\":\"https:\\\/\\\/schema.org\",\"@graph\":[{\"@type\":\"WebPage\",\"@id\":\"https:\\\/\\\/armonti.eu\\\/et\\\/toode\\\/midi-kleit-2\\\/\",\"url\":\"https:\\\/\\\/armonti.eu\\\/et\\\/toode\\\/midi-kleit-2\\\/\",\"name\":\"Midi-kleit - \u041c\u0430\u0433\u0430\u0437\u0438\u043d \u043e\u0434\u0435\u0436\u0434\u044b ARMONTI\",\"isPartOf\":{\"@id\":\"https:\\\/\\\/armonti.eu\\\/#website\"},\"primaryImageOfPage\":{\"@id\":\"https:\\\/\\\/armonti.eu\\\/et\\\/toode\\\/midi-kleit-2\\\/#primaryimage\"},\"image\":{\"@id\":\"https:\\\/\\\/armonti.eu\\\/et\\\/toode\\\/midi-kleit-2\\\/#primaryimage\"},\"thumbnailUrl\":\"https:\\\/\\\/armonti.eu\\\/wp-content\\\/uploads\\\/2026\\\/05\\\/img_2460-1.jpg\",\"datePublished\":\"2026-05-06T10:37:00+00:00\",\"dateModified\":\"2026-05-06T10:46:14+00:00\",\"description\":\"Midi kleit on v\u00f6\u00f6ga elegantne siluetti r\u00f5hutav mudel. Sobib ideaalselt igap\u00e4evaste ja pidulike riietuste jaoks, saadaval eri v\u00e4rvitoonides.\",\"breadcrumb\":{\"@id\":\"https:\\\/\\\/armonti.eu\\\/et\\\/toode\\\/midi-kleit-2\\\/#breadcrumb\"},\"inLanguage\":\"et\",\"potentialAction\":[{\"@type\":\"ReadAction\",\"target\":[\"https:\\\/\\\/armonti.eu\\\/et\\\/toode\\\/midi-kleit-2\\\/\"]}]},{\"@type\":\"ImageObject\",\"inLanguage\":\"et\",\"@id\":\"https:\\\/\\\/armonti.eu\\\/et\\\/toode\\\/midi-kleit-2\\\/#primaryimage\",\"url\":\"https:\\\/\\\/armonti.eu\\\/wp-content\\\/uploads\\\/2026\\\/05\\\/img_2460-1.jpg\",\"contentUrl\":\"https:\\\/\\\/armonti.eu\\\/wp-content\\\/uploads\\\/2026\\\/05\\\/img_2460-1.jpg\",\"width\":1024,\"height\":1365,\"caption\":\"Midi kleit punane\"},{\"@type\":\"BreadcrumbList\",\"@id\":\"https:\\\/\\\/armonti.eu\\\/et\\\/toode\\\/midi-kleit-2\\\/#breadcrumb\",\"itemListElement\":[{\"@type\":\"ListItem\",\"position\":1,\"name\":\"\u0413\u043b\u0430\u0432\u043d\u0430\u044f\",\"item\":\"https:\\\/\\\/armonti.eu\\\/\"},{\"@type\":\"ListItem\",\"position\":2,\"name\":\"Shop\",\"item\":\"https:\\\/\\\/armonti.eu\\\/et\\\/shop\\\/\"},{\"@type\":\"ListItem\",\"position\":3,\"name\":\"\u041e\u0434\u0435\u0436\u0434\u0430\",\"item\":\"https:\\\/\\\/armonti.eu\\\/catalog\\\/odezhda\\\/\"},{\"@type\":\"ListItem\",\"position\":4,\"name\":\"\u041f\u043b\u0430\u0442\u044c\u044f\",\"item\":\"https:\\\/\\\/armonti.eu\\\/catalog\\\/odezhda\\\/platya-odezhda\\\/\"},{\"@type\":\"ListItem\",\"position\":5,\"name\":\"Midi-kleit\"}]},{\"@type\":\"WebSite\",\"@id\":\"https:\\\/\\\/armonti.eu\\\/#website\",\"url\":\"https:\\\/\\\/armonti.eu\\\/\",\"name\":\"ARMONTI\",\"description\":\"\",\"publisher\":{\"@id\":\"https:\\\/\\\/armonti.eu\\\/#organization\"},\"alternateName\":\"\u0416\u0435\u043d\u0441\u043a\u0430\u044f \u0431\u0440\u0435\u043d\u0434\u043e\u0432\u0430\u044f \u043e\u0434\u0435\u0436\u0434\u0430\",\"potentialAction\":[{\"@type\":\"SearchAction\",\"target\":{\"@type\":\"EntryPoint\",\"urlTemplate\":\"https:\\\/\\\/armonti.eu\\\/?s={search_term_string}\"},\"query-input\":{\"@type\":\"PropertyValueSpecification\",\"valueRequired\":true,\"valueName\":\"search_term_string\"}}],\"inLanguage\":\"et\"},{\"@type\":\"Organization\",\"@id\":\"https:\\\/\\\/armonti.eu\\\/#organization\",\"name\":\"ARMONTI\",\"alternateName\":\"\u0416\u0435\u043d\u0441\u043a\u0430\u044f \u0431\u0440\u0435\u043d\u0434\u043e\u0432\u0430\u044f \u043e\u0434\u0435\u0436\u0434\u0430\",\"url\":\"https:\\\/\\\/armonti.eu\\\/\",\"logo\":{\"@type\":\"ImageObject\",\"inLanguage\":\"et\",\"@id\":\"https:\\\/\\\/armonti.eu\\\/#\\\/schema\\\/logo\\\/image\\\/\",\"url\":\"https:\\\/\\\/armonti.eu\\\/wp-content\\\/uploads\\\/2023\\\/05\\\/armonti-logo-white.png\",\"contentUrl\":\"https:\\\/\\\/armonti.eu\\\/wp-content\\\/uploads\\\/2023\\\/05\\\/armonti-logo-white.png\",\"width\":2165,\"height\":554,\"caption\":\"ARMONTI\"},\"image\":{\"@id\":\"https:\\\/\\\/armonti.eu\\\/#\\\/schema\\\/logo\\\/image\\\/\"}}]}<\/script>\n<!-- \/ Yoast SEO plugin. -->","yoast_head_json":{"title":"Midi-kleit - \u041c\u0430\u0433\u0430\u0437\u0438\u043d \u043e\u0434\u0435\u0436\u0434\u044b ARMONTI","description":"Midi kleit on v\u00f6\u00f6ga elegantne siluetti r\u00f5hutav mudel. Sobib ideaalselt igap\u00e4evaste ja pidulike riietuste jaoks, saadaval eri v\u00e4rvitoonides.","robots":{"index":"index","follow":"follow","max-snippet":"max-snippet:-1","max-image-preview":"max-image-preview:large","max-video-preview":"max-video-preview:-1"},"canonical":"https:\/\/armonti.eu\/et\/toode\/midi-kleit-2\/","og_locale":"et_EE","og_type":"article","og_title":"Midi-kleit - \u041c\u0430\u0433\u0430\u0437\u0438\u043d \u043e\u0434\u0435\u0436\u0434\u044b ARMONTI","og_description":"Midi kleit on v\u00f6\u00f6ga elegantne siluetti r\u00f5hutav mudel. Sobib ideaalselt igap\u00e4evaste ja pidulike riietuste jaoks, saadaval eri v\u00e4rvitoonides.","og_url":"https:\/\/armonti.eu\/et\/toode\/midi-kleit-2\/","og_site_name":"\u041c\u0430\u0433\u0430\u0437\u0438\u043d \u043e\u0434\u0435\u0436\u0434\u044b ARMONTI","article_modified_time":"2026-05-06T10:46:14+00:00","og_image":[{"width":1024,"height":1365,"url":"https:\/\/armonti.eu\/wp-content\/uploads\/2026\/05\/img_2460-1.jpg","type":"image\/jpeg"}],"twitter_card":"summary_large_image","twitter_misc":{"Est. reading time":"1 minut"},"schema":{"@context":"https:\/\/schema.org","@graph":[{"@type":"WebPage","@id":"https:\/\/armonti.eu\/et\/toode\/midi-kleit-2\/","url":"https:\/\/armonti.eu\/et\/toode\/midi-kleit-2\/","name":"Midi-kleit - \u041c\u0430\u0433\u0430\u0437\u0438\u043d \u043e\u0434\u0435\u0436\u0434\u044b ARMONTI","isPartOf":{"@id":"https:\/\/armonti.eu\/#website"},"primaryImageOfPage":{"@id":"https:\/\/armonti.eu\/et\/toode\/midi-kleit-2\/#primaryimage"},"image":{"@id":"https:\/\/armonti.eu\/et\/toode\/midi-kleit-2\/#primaryimage"},"thumbnailUrl":"https:\/\/armonti.eu\/wp-content\/uploads\/2026\/05\/img_2460-1.jpg","datePublished":"2026-05-06T10:37:00+00:00","dateModified":"2026-05-06T10:46:14+00:00","description":"Midi kleit on v\u00f6\u00f6ga elegantne siluetti r\u00f5hutav mudel. Sobib ideaalselt igap\u00e4evaste ja pidulike riietuste jaoks, saadaval eri v\u00e4rvitoonides.","breadcrumb":{"@id":"https:\/\/armonti.eu\/et\/toode\/midi-kleit-2\/#breadcrumb"},"inLanguage":"et","potentialAction":[{"@type":"ReadAction","target":["https:\/\/armonti.eu\/et\/toode\/midi-kleit-2\/"]}]},{"@type":"ImageObject","inLanguage":"et","@id":"https:\/\/armonti.eu\/et\/toode\/midi-kleit-2\/#primaryimage","url":"https:\/\/armonti.eu\/wp-content\/uploads\/2026\/05\/img_2460-1.jpg","contentUrl":"https:\/\/armonti.eu\/wp-content\/uploads\/2026\/05\/img_2460-1.jpg","width":1024,"height":1365,"caption":"Midi kleit punane"},{"@type":"BreadcrumbList","@id":"https:\/\/armonti.eu\/et\/toode\/midi-kleit-2\/#breadcrumb","itemListElement":[{"@type":"ListItem","position":1,"name":"\u0413\u043b\u0430\u0432\u043d\u0430\u044f","item":"https:\/\/armonti.eu\/"},{"@type":"ListItem","position":2,"name":"Shop","item":"https:\/\/armonti.eu\/et\/shop\/"},{"@type":"ListItem","position":3,"name":"\u041e\u0434\u0435\u0436\u0434\u0430","item":"https:\/\/armonti.eu\/catalog\/odezhda\/"},{"@type":"ListItem","position":4,"name":"\u041f\u043b\u0430\u0442\u044c\u044f","item":"https:\/\/armonti.eu\/catalog\/odezhda\/platya-odezhda\/"},{"@type":"ListItem","position":5,"name":"Midi-kleit"}]},{"@type":"WebSite","@id":"https:\/\/armonti.eu\/#website","url":"https:\/\/armonti.eu\/","name":"ARMONTI","description":"","publisher":{"@id":"https:\/\/armonti.eu\/#organization"},"alternateName":"\u0416\u0435\u043d\u0441\u043a\u0430\u044f \u0431\u0440\u0435\u043d\u0434\u043e\u0432\u0430\u044f \u043e\u0434\u0435\u0436\u0434\u0430","potentialAction":[{"@type":"SearchAction","target":{"@type":"EntryPoint","urlTemplate":"https:\/\/armonti.eu\/?s={search_term_string}"},"query-input":{"@type":"PropertyValueSpecification","valueRequired":true,"valueName":"search_term_string"}}],"inLanguage":"et"},{"@type":"Organization","@id":"https:\/\/armonti.eu\/#organization","name":"ARMONTI","alternateName":"\u0416\u0435\u043d\u0441\u043a\u0430\u044f \u0431\u0440\u0435\u043d\u0434\u043e\u0432\u0430\u044f \u043e\u0434\u0435\u0436\u0434\u0430","url":"https:\/\/armonti.eu\/","logo":{"@type":"ImageObject","inLanguage":"et","@id":"https:\/\/armonti.eu\/#\/schema\/logo\/image\/","url":"https:\/\/armonti.eu\/wp-content\/uploads\/2023\/05\/armonti-logo-white.png","contentUrl":"https:\/\/armonti.eu\/wp-content\/uploads\/2023\/05\/armonti-logo-white.png","width":2165,"height":554,"caption":"ARMONTI"},"image":{"@id":"https:\/\/armonti.eu\/#\/schema\/logo\/image\/"}}]}},"_links":{"self":[{"href":"https:\/\/armonti.eu\/et\/wp-json\/wp\/v2\/product\/43503","targetHints":{"allow":["GET"]}}],"collection":[{"href":"https:\/\/armonti.eu\/et\/wp-json\/wp\/v2\/product"}],"about":[{"href":"https:\/\/armonti.eu\/et\/wp-json\/wp\/v2\/types\/product"}],"replies":[{"embeddable":true,"href":"https:\/\/armonti.eu\/et\/wp-json\/wp\/v2\/comments?post=43503"}],"wp:featuredmedia":[{"embeddable":true,"href":"https:\/\/armonti.eu\/et\/wp-json\/wp\/v2\/media\/43515"}],"wp:attachment":[{"href":"https:\/\/armonti.eu\/et\/wp-json\/wp\/v2\/media?parent=43503"}],"wp:term":[{"taxonomy":"product_brand","embeddable":true,"href":"https:\/\/armonti.eu\/et\/wp-json\/wp\/v2\/product_brand?post=43503"},{"taxonomy":"product_cat","embeddable":true,"href":"https:\/\/armonti.eu\/et\/wp-json\/wp\/v2\/product_cat?post=43503"},{"taxonomy":"product_tag","embeddable":true,"href":"https:\/\/armonti.eu\/et\/wp-json\/wp\/v2\/product_tag?post=43503"}],"curies":[{"name":"wp","href":"https:\/\/api.w.org\/{rel}","templated":true}]}}