{"id":43484,"date":"2026-05-06T13:15:37","date_gmt":"2026-05-06T10:15:37","guid":{"rendered":"https:\/\/armonti.eu\/?post_type=product&#038;p=43484"},"modified":"2026-05-06T13:15:37","modified_gmt":"2026-05-06T10:15:37","slug":"luhike-trentsjakk","status":"publish","type":"product","link":"https:\/\/armonti.eu\/et\/toode\/luhike-trentsjakk\/","title":{"rendered":"L\u00fchike trent\u0161jakk"},"content":{"rendered":"<p>L\u00fchike trent\u0161jakk sobib ideaalselt d\u00fcnaamilise linnaliku stiili jaoks. Mudel n\u00e4eb kaasaegne v\u00e4lja ja r\u00f5hutab hooaja aktuaalseid suundumusi. Pingutusn\u00f6\u00f6r v\u00f5imaldab reguleerida istuvust ja luua sobiva silueti. Kapuuts lisab praktilisust ja kaitseb muutliku ilma eest. L\u00fchike trent\u0161jakk on saadaval eri v\u00e4rvitoonides garderoobi mitmekesistamiseks. Funktsionaalsed taskud tagavad mugavuse ja t\u00e4iendavad mudeli disaini. Universaalne stiil sobib h\u00e4sti igap\u00e4evase ja ametliku riietusega. Mudel sobib jalutusk\u00e4ikudeks, reisideks ja aktiivseks p\u00e4evaks. Lakooniline l\u00f5ige teeb v\u00e4limuse korrektseks ja terviklikuks. Praktiline lahendus stiilse ja mugava garderoobi jaoks. M\u00f5\u00f5dud sentimeetrites: Pikkus s\u00f5ltuvalt suurusest 57\u201359,5 cm. Lubatud m\u00f5\u00f5tude h\u00e4lve 1\u20132 cm, eriti kudumite puhul. Hooldus: \u00f5rn pesu 30 \u00b0C juures, triikimine temperatuuril 110 \u00b0C, pleegitamine keelatud.<\/p>\n<p><strong>Palun m\u00e4rkige tellimuse m\u00e4rkustesse kindlasti oma m\u00f5\u00f5dud (puusa\u00fcmberm\u00f5\u00f5t, talje\u00fcmberm\u00f5\u00f5t ja pikkus), see v\u00f5imaldab valida t\u00e4psema ja sobivama suuruse. <\/strong><\/p>\n<p>Tootekood: 99109<\/p>\n","protected":false},"excerpt":{"rendered":"<p>Suurused: S M L XL<br \/>\nKoostis: 69% puuvill 31% pol\u00fcester<br \/>\nV\u00e4rv: piimjas pronks pruun<\/p>\n","protected":false},"featured_media":43449,"comment_status":"open","ping_status":"closed","template":"","meta":[],"product_brand":[],"product_cat":[443,445,441],"product_tag":[],"class_list":{"0":"post-43484","1":"product","2":"type-product","3":"status-publish","4":"has-post-thumbnail","6":"product_cat-kevad-sugis-jope","7":"product_cat-mantlid-ja-kevad-sugis-mantlid","8":"product_cat-uleriided","10":"first","11":"instock","12":"shipping-taxable","13":"purchasable","14":"product-type-variable"},"yoast_head":"<!-- This site is optimized with the Yoast SEO plugin v27.5 - https:\/\/yoast.com\/product\/yoast-seo-wordpress\/ -->\n<title>L\u00fchike trent\u0161jakk - \u041c\u0430\u0433\u0430\u0437\u0438\u043d \u043e\u0434\u0435\u0436\u0434\u044b ARMONTI<\/title>\n<meta name=\"description\" content=\"L\u00fchike trent\u0161jakk pingutusn\u00f6\u00f6ri ja kapuutsiga eri v\u00e4rvides. Praktiline taskutega mudel stiilsete igap\u00e4evaste v\u00e4ljan\u00e4gemiste jaoks\" \/>\n<meta name=\"robots\" content=\"index, follow, max-snippet:-1, max-image-preview:large, max-video-preview:-1\" \/>\n<link rel=\"canonical\" href=\"https:\/\/armonti.eu\/et\/toode\/luhike-trentsjakk\/\" \/>\n<meta property=\"og:locale\" content=\"et_EE\" \/>\n<meta property=\"og:type\" content=\"article\" \/>\n<meta property=\"og:title\" content=\"L\u00fchike trent\u0161jakk - \u041c\u0430\u0433\u0430\u0437\u0438\u043d \u043e\u0434\u0435\u0436\u0434\u044b ARMONTI\" \/>\n<meta property=\"og:description\" content=\"L\u00fchike trent\u0161jakk pingutusn\u00f6\u00f6ri ja kapuutsiga eri v\u00e4rvides. Praktiline taskutega mudel stiilsete igap\u00e4evaste v\u00e4ljan\u00e4gemiste jaoks\" \/>\n<meta property=\"og:url\" content=\"https:\/\/armonti.eu\/et\/toode\/luhike-trentsjakk\/\" \/>\n<meta property=\"og:site_name\" content=\"\u041c\u0430\u0433\u0430\u0437\u0438\u043d \u043e\u0434\u0435\u0436\u0434\u044b ARMONTI\" \/>\n<meta property=\"og:image\" content=\"https:\/\/armonti.eu\/wp-content\/uploads\/2026\/05\/img_2388.jpg\" \/>\n\t<meta property=\"og:image:width\" content=\"975\" \/>\n\t<meta property=\"og:image:height\" content=\"1300\" \/>\n\t<meta property=\"og:image:type\" content=\"image\/jpeg\" \/>\n<meta name=\"twitter:card\" content=\"summary_large_image\" \/>\n<meta name=\"twitter:label1\" content=\"Est. reading time\" \/>\n\t<meta name=\"twitter:data1\" content=\"1 minut\" \/>\n<script type=\"application\/ld+json\" class=\"yoast-schema-graph\">{\"@context\":\"https:\\\/\\\/schema.org\",\"@graph\":[{\"@type\":\"WebPage\",\"@id\":\"https:\\\/\\\/armonti.eu\\\/et\\\/toode\\\/luhike-trentsjakk\\\/\",\"url\":\"https:\\\/\\\/armonti.eu\\\/et\\\/toode\\\/luhike-trentsjakk\\\/\",\"name\":\"L\u00fchike trent\u0161jakk - \u041c\u0430\u0433\u0430\u0437\u0438\u043d \u043e\u0434\u0435\u0436\u0434\u044b ARMONTI\",\"isPartOf\":{\"@id\":\"https:\\\/\\\/armonti.eu\\\/#website\"},\"primaryImageOfPage\":{\"@id\":\"https:\\\/\\\/armonti.eu\\\/et\\\/toode\\\/luhike-trentsjakk\\\/#primaryimage\"},\"image\":{\"@id\":\"https:\\\/\\\/armonti.eu\\\/et\\\/toode\\\/luhike-trentsjakk\\\/#primaryimage\"},\"thumbnailUrl\":\"https:\\\/\\\/armonti.eu\\\/wp-content\\\/uploads\\\/2026\\\/05\\\/img_2388.jpg\",\"datePublished\":\"2026-05-06T10:15:37+00:00\",\"description\":\"L\u00fchike trent\u0161jakk pingutusn\u00f6\u00f6ri ja kapuutsiga eri v\u00e4rvides. Praktiline taskutega mudel stiilsete igap\u00e4evaste v\u00e4ljan\u00e4gemiste jaoks\",\"breadcrumb\":{\"@id\":\"https:\\\/\\\/armonti.eu\\\/et\\\/toode\\\/luhike-trentsjakk\\\/#breadcrumb\"},\"inLanguage\":\"et\",\"potentialAction\":[{\"@type\":\"ReadAction\",\"target\":[\"https:\\\/\\\/armonti.eu\\\/et\\\/toode\\\/luhike-trentsjakk\\\/\"]}]},{\"@type\":\"ImageObject\",\"inLanguage\":\"et\",\"@id\":\"https:\\\/\\\/armonti.eu\\\/et\\\/toode\\\/luhike-trentsjakk\\\/#primaryimage\",\"url\":\"https:\\\/\\\/armonti.eu\\\/wp-content\\\/uploads\\\/2026\\\/05\\\/img_2388.jpg\",\"contentUrl\":\"https:\\\/\\\/armonti.eu\\\/wp-content\\\/uploads\\\/2026\\\/05\\\/img_2388.jpg\",\"width\":975,\"height\":1300,\"caption\":\"L\u00fchike trent\u0161jakk v\u00f6\u00f6koha reguleerimisega\"},{\"@type\":\"BreadcrumbList\",\"@id\":\"https:\\\/\\\/armonti.eu\\\/et\\\/toode\\\/luhike-trentsjakk\\\/#breadcrumb\",\"itemListElement\":[{\"@type\":\"ListItem\",\"position\":1,\"name\":\"\u0413\u043b\u0430\u0432\u043d\u0430\u044f\",\"item\":\"https:\\\/\\\/armonti.eu\\\/\"},{\"@type\":\"ListItem\",\"position\":2,\"name\":\"Shop\",\"item\":\"https:\\\/\\\/armonti.eu\\\/et\\\/shop\\\/\"},{\"@type\":\"ListItem\",\"position\":3,\"name\":\"\u041e\u0434\u0435\u0436\u0434\u0430\",\"item\":\"https:\\\/\\\/armonti.eu\\\/catalog\\\/odezhda\\\/\"},{\"@type\":\"ListItem\",\"position\":4,\"name\":\"\u0412\u0435\u0440\u0445\u043d\u044f\u044f \u043e\u0434\u0435\u0436\u0434\u0430\",\"item\":\"https:\\\/\\\/armonti.eu\\\/catalog\\\/odezhda\\\/verhnyaya-odezhda\\\/\"},{\"@type\":\"ListItem\",\"position\":5,\"name\":\"L\u00fchike trent\u0161jakk\"}]},{\"@type\":\"WebSite\",\"@id\":\"https:\\\/\\\/armonti.eu\\\/#website\",\"url\":\"https:\\\/\\\/armonti.eu\\\/\",\"name\":\"ARMONTI\",\"description\":\"\",\"publisher\":{\"@id\":\"https:\\\/\\\/armonti.eu\\\/#organization\"},\"alternateName\":\"\u0416\u0435\u043d\u0441\u043a\u0430\u044f \u0431\u0440\u0435\u043d\u0434\u043e\u0432\u0430\u044f \u043e\u0434\u0435\u0436\u0434\u0430\",\"potentialAction\":[{\"@type\":\"SearchAction\",\"target\":{\"@type\":\"EntryPoint\",\"urlTemplate\":\"https:\\\/\\\/armonti.eu\\\/?s={search_term_string}\"},\"query-input\":{\"@type\":\"PropertyValueSpecification\",\"valueRequired\":true,\"valueName\":\"search_term_string\"}}],\"inLanguage\":\"et\"},{\"@type\":\"Organization\",\"@id\":\"https:\\\/\\\/armonti.eu\\\/#organization\",\"name\":\"ARMONTI\",\"alternateName\":\"\u0416\u0435\u043d\u0441\u043a\u0430\u044f \u0431\u0440\u0435\u043d\u0434\u043e\u0432\u0430\u044f \u043e\u0434\u0435\u0436\u0434\u0430\",\"url\":\"https:\\\/\\\/armonti.eu\\\/\",\"logo\":{\"@type\":\"ImageObject\",\"inLanguage\":\"et\",\"@id\":\"https:\\\/\\\/armonti.eu\\\/#\\\/schema\\\/logo\\\/image\\\/\",\"url\":\"https:\\\/\\\/armonti.eu\\\/wp-content\\\/uploads\\\/2023\\\/05\\\/armonti-logo-white.png\",\"contentUrl\":\"https:\\\/\\\/armonti.eu\\\/wp-content\\\/uploads\\\/2023\\\/05\\\/armonti-logo-white.png\",\"width\":2165,\"height\":554,\"caption\":\"ARMONTI\"},\"image\":{\"@id\":\"https:\\\/\\\/armonti.eu\\\/#\\\/schema\\\/logo\\\/image\\\/\"}}]}<\/script>\n<!-- \/ Yoast SEO plugin. -->","yoast_head_json":{"title":"L\u00fchike trent\u0161jakk - \u041c\u0430\u0433\u0430\u0437\u0438\u043d \u043e\u0434\u0435\u0436\u0434\u044b ARMONTI","description":"L\u00fchike trent\u0161jakk pingutusn\u00f6\u00f6ri ja kapuutsiga eri v\u00e4rvides. Praktiline taskutega mudel stiilsete igap\u00e4evaste v\u00e4ljan\u00e4gemiste jaoks","robots":{"index":"index","follow":"follow","max-snippet":"max-snippet:-1","max-image-preview":"max-image-preview:large","max-video-preview":"max-video-preview:-1"},"canonical":"https:\/\/armonti.eu\/et\/toode\/luhike-trentsjakk\/","og_locale":"et_EE","og_type":"article","og_title":"L\u00fchike trent\u0161jakk - \u041c\u0430\u0433\u0430\u0437\u0438\u043d \u043e\u0434\u0435\u0436\u0434\u044b ARMONTI","og_description":"L\u00fchike trent\u0161jakk pingutusn\u00f6\u00f6ri ja kapuutsiga eri v\u00e4rvides. Praktiline taskutega mudel stiilsete igap\u00e4evaste v\u00e4ljan\u00e4gemiste jaoks","og_url":"https:\/\/armonti.eu\/et\/toode\/luhike-trentsjakk\/","og_site_name":"\u041c\u0430\u0433\u0430\u0437\u0438\u043d \u043e\u0434\u0435\u0436\u0434\u044b ARMONTI","og_image":[{"width":975,"height":1300,"url":"https:\/\/armonti.eu\/wp-content\/uploads\/2026\/05\/img_2388.jpg","type":"image\/jpeg"}],"twitter_card":"summary_large_image","twitter_misc":{"Est. reading time":"1 minut"},"schema":{"@context":"https:\/\/schema.org","@graph":[{"@type":"WebPage","@id":"https:\/\/armonti.eu\/et\/toode\/luhike-trentsjakk\/","url":"https:\/\/armonti.eu\/et\/toode\/luhike-trentsjakk\/","name":"L\u00fchike trent\u0161jakk - \u041c\u0430\u0433\u0430\u0437\u0438\u043d \u043e\u0434\u0435\u0436\u0434\u044b ARMONTI","isPartOf":{"@id":"https:\/\/armonti.eu\/#website"},"primaryImageOfPage":{"@id":"https:\/\/armonti.eu\/et\/toode\/luhike-trentsjakk\/#primaryimage"},"image":{"@id":"https:\/\/armonti.eu\/et\/toode\/luhike-trentsjakk\/#primaryimage"},"thumbnailUrl":"https:\/\/armonti.eu\/wp-content\/uploads\/2026\/05\/img_2388.jpg","datePublished":"2026-05-06T10:15:37+00:00","description":"L\u00fchike trent\u0161jakk pingutusn\u00f6\u00f6ri ja kapuutsiga eri v\u00e4rvides. Praktiline taskutega mudel stiilsete igap\u00e4evaste v\u00e4ljan\u00e4gemiste jaoks","breadcrumb":{"@id":"https:\/\/armonti.eu\/et\/toode\/luhike-trentsjakk\/#breadcrumb"},"inLanguage":"et","potentialAction":[{"@type":"ReadAction","target":["https:\/\/armonti.eu\/et\/toode\/luhike-trentsjakk\/"]}]},{"@type":"ImageObject","inLanguage":"et","@id":"https:\/\/armonti.eu\/et\/toode\/luhike-trentsjakk\/#primaryimage","url":"https:\/\/armonti.eu\/wp-content\/uploads\/2026\/05\/img_2388.jpg","contentUrl":"https:\/\/armonti.eu\/wp-content\/uploads\/2026\/05\/img_2388.jpg","width":975,"height":1300,"caption":"L\u00fchike trent\u0161jakk v\u00f6\u00f6koha reguleerimisega"},{"@type":"BreadcrumbList","@id":"https:\/\/armonti.eu\/et\/toode\/luhike-trentsjakk\/#breadcrumb","itemListElement":[{"@type":"ListItem","position":1,"name":"\u0413\u043b\u0430\u0432\u043d\u0430\u044f","item":"https:\/\/armonti.eu\/"},{"@type":"ListItem","position":2,"name":"Shop","item":"https:\/\/armonti.eu\/et\/shop\/"},{"@type":"ListItem","position":3,"name":"\u041e\u0434\u0435\u0436\u0434\u0430","item":"https:\/\/armonti.eu\/catalog\/odezhda\/"},{"@type":"ListItem","position":4,"name":"\u0412\u0435\u0440\u0445\u043d\u044f\u044f \u043e\u0434\u0435\u0436\u0434\u0430","item":"https:\/\/armonti.eu\/catalog\/odezhda\/verhnyaya-odezhda\/"},{"@type":"ListItem","position":5,"name":"L\u00fchike trent\u0161jakk"}]},{"@type":"WebSite","@id":"https:\/\/armonti.eu\/#website","url":"https:\/\/armonti.eu\/","name":"ARMONTI","description":"","publisher":{"@id":"https:\/\/armonti.eu\/#organization"},"alternateName":"\u0416\u0435\u043d\u0441\u043a\u0430\u044f \u0431\u0440\u0435\u043d\u0434\u043e\u0432\u0430\u044f \u043e\u0434\u0435\u0436\u0434\u0430","potentialAction":[{"@type":"SearchAction","target":{"@type":"EntryPoint","urlTemplate":"https:\/\/armonti.eu\/?s={search_term_string}"},"query-input":{"@type":"PropertyValueSpecification","valueRequired":true,"valueName":"search_term_string"}}],"inLanguage":"et"},{"@type":"Organization","@id":"https:\/\/armonti.eu\/#organization","name":"ARMONTI","alternateName":"\u0416\u0435\u043d\u0441\u043a\u0430\u044f \u0431\u0440\u0435\u043d\u0434\u043e\u0432\u0430\u044f \u043e\u0434\u0435\u0436\u0434\u0430","url":"https:\/\/armonti.eu\/","logo":{"@type":"ImageObject","inLanguage":"et","@id":"https:\/\/armonti.eu\/#\/schema\/logo\/image\/","url":"https:\/\/armonti.eu\/wp-content\/uploads\/2023\/05\/armonti-logo-white.png","contentUrl":"https:\/\/armonti.eu\/wp-content\/uploads\/2023\/05\/armonti-logo-white.png","width":2165,"height":554,"caption":"ARMONTI"},"image":{"@id":"https:\/\/armonti.eu\/#\/schema\/logo\/image\/"}}]}},"_links":{"self":[{"href":"https:\/\/armonti.eu\/et\/wp-json\/wp\/v2\/product\/43484","targetHints":{"allow":["GET"]}}],"collection":[{"href":"https:\/\/armonti.eu\/et\/wp-json\/wp\/v2\/product"}],"about":[{"href":"https:\/\/armonti.eu\/et\/wp-json\/wp\/v2\/types\/product"}],"replies":[{"embeddable":true,"href":"https:\/\/armonti.eu\/et\/wp-json\/wp\/v2\/comments?post=43484"}],"wp:featuredmedia":[{"embeddable":true,"href":"https:\/\/armonti.eu\/et\/wp-json\/wp\/v2\/media\/43449"}],"wp:attachment":[{"href":"https:\/\/armonti.eu\/et\/wp-json\/wp\/v2\/media?parent=43484"}],"wp:term":[{"taxonomy":"product_brand","embeddable":true,"href":"https:\/\/armonti.eu\/et\/wp-json\/wp\/v2\/product_brand?post=43484"},{"taxonomy":"product_cat","embeddable":true,"href":"https:\/\/armonti.eu\/et\/wp-json\/wp\/v2\/product_cat?post=43484"},{"taxonomy":"product_tag","embeddable":true,"href":"https:\/\/armonti.eu\/et\/wp-json\/wp\/v2\/product_tag?post=43484"}],"curies":[{"name":"wp","href":"https:\/\/api.w.org\/{rel}","templated":true}]}}