{"id":43055,"date":"2026-04-27T18:15:41","date_gmt":"2026-04-27T15:15:41","guid":{"rendered":"https:\/\/armonti.eu\/?post_type=product&#038;p=43055"},"modified":"2026-04-27T18:15:41","modified_gmt":"2026-04-27T15:15:41","slug":"naiste-seljakott","status":"publish","type":"product","link":"https:\/\/armonti.eu\/et\/toode\/naiste-seljakott\/","title":{"rendered":"Naiste seljakott"},"content":{"rendered":"<p>Naiste seljakott sobib igap\u00e4evaseks kasutamiseks igas olukorras. Kompaktne suurus muudab mudeli mugavaks ja kergeks. Naiste seljakott on saadaval mitmes v\u00e4rvilahenduses, t\u00e4nu millele saate h\u00f5lpsasti valida oma stiili ja v\u00e4rvigammaga sobiva. T\u00f5mblukuga taskud v\u00f5imaldavad vajalikke asju mugavalt paigutada. Mudel on valmistatud \u00f6konahast praktiliseks kasutamiseks. L\u00e4bim\u00f5eldud konstruktsioon sise- ja v\u00e4listaskutega tagab seljakotis korra. Lakooniline disain sobib kergelt erinevate v\u00e4limustega. Seljakott sobib jalutusk\u00e4ikudeks, t\u00f6\u00f6le ja reisidele. Mugavad rihmad tagavad kandmisel mugavuse. Universaalne stiil muudab mudeli ajakohaseks igal p\u00e4eval.<br \/>\nM\u00f5\u00f5dud cm:<br \/>\nK\u00f5rgus 35 cm<br \/>\nLaius 27 cm<br \/>\nM\u00f5\u00f5tmisel on lubatud viga 1\u20132 cm, eriti trikotaa\u017etoodete puhul         <\/p>\n<p>Tootekood: 61130<\/p>\n","protected":false},"excerpt":{"rendered":"<p>Suurused: universaalne suurus<br \/>\nKoostis: \u00f6konahk<br \/>\nV\u00e4rvus: bee\u017e must piimvalge pruun \u0161okolaadpruun valge<\/p>\n","protected":false},"featured_media":43042,"comment_status":"open","ping_status":"closed","template":"","meta":[],"product_brand":[],"product_cat":[433],"product_tag":[],"class_list":{"0":"post-43055","1":"product","2":"type-product","3":"status-publish","4":"has-post-thumbnail","6":"product_cat-kotid-seljakotid","8":"first","9":"instock","10":"shipping-taxable","11":"purchasable","12":"product-type-variable"},"yoast_head":"<!-- This site is optimized with the Yoast SEO plugin v27.5 - https:\/\/yoast.com\/product\/yoast-seo-wordpress\/ -->\n<title>Naiste seljakott - \u041c\u0430\u0433\u0430\u0437\u0438\u043d \u043e\u0434\u0435\u0436\u0434\u044b ARMONTI<\/title>\n<meta name=\"description\" content=\"V\u00e4ike \u00f6konahast naiste linnaseljakott. T\u00f5mblukuga taskud ja valik erinevates v\u00e4rvitoonides muudavad mudeli mugavaks ja universaalseks.\" \/>\n<meta name=\"robots\" content=\"index, follow, max-snippet:-1, max-image-preview:large, max-video-preview:-1\" \/>\n<link rel=\"canonical\" href=\"https:\/\/armonti.eu\/et\/toode\/naiste-seljakott\/\" \/>\n<meta property=\"og:locale\" content=\"et_EE\" \/>\n<meta property=\"og:type\" content=\"article\" \/>\n<meta property=\"og:title\" content=\"Naiste seljakott - \u041c\u0430\u0433\u0430\u0437\u0438\u043d \u043e\u0434\u0435\u0436\u0434\u044b ARMONTI\" \/>\n<meta property=\"og:description\" content=\"V\u00e4ike \u00f6konahast naiste linnaseljakott. T\u00f5mblukuga taskud ja valik erinevates v\u00e4rvitoonides muudavad mudeli mugavaks ja universaalseks.\" \/>\n<meta property=\"og:url\" content=\"https:\/\/armonti.eu\/et\/toode\/naiste-seljakott\/\" \/>\n<meta property=\"og:site_name\" content=\"\u041c\u0430\u0433\u0430\u0437\u0438\u043d \u043e\u0434\u0435\u0436\u0434\u044b ARMONTI\" \/>\n<meta property=\"og:image\" content=\"https:\/\/armonti.eu\/wp-content\/uploads\/2026\/04\/img_7352.png\" \/>\n\t<meta property=\"og:image:width\" content=\"450\" \/>\n\t<meta property=\"og:image:height\" content=\"600\" \/>\n\t<meta property=\"og:image:type\" content=\"image\/png\" \/>\n<meta name=\"twitter:card\" content=\"summary_large_image\" \/>\n<meta name=\"twitter:label1\" content=\"Est. reading time\" \/>\n\t<meta name=\"twitter:data1\" content=\"1 minut\" \/>\n<script type=\"application\/ld+json\" class=\"yoast-schema-graph\">{\"@context\":\"https:\\\/\\\/schema.org\",\"@graph\":[{\"@type\":\"WebPage\",\"@id\":\"https:\\\/\\\/armonti.eu\\\/et\\\/toode\\\/naiste-seljakott\\\/\",\"url\":\"https:\\\/\\\/armonti.eu\\\/et\\\/toode\\\/naiste-seljakott\\\/\",\"name\":\"Naiste seljakott - \u041c\u0430\u0433\u0430\u0437\u0438\u043d \u043e\u0434\u0435\u0436\u0434\u044b ARMONTI\",\"isPartOf\":{\"@id\":\"https:\\\/\\\/armonti.eu\\\/#website\"},\"primaryImageOfPage\":{\"@id\":\"https:\\\/\\\/armonti.eu\\\/et\\\/toode\\\/naiste-seljakott\\\/#primaryimage\"},\"image\":{\"@id\":\"https:\\\/\\\/armonti.eu\\\/et\\\/toode\\\/naiste-seljakott\\\/#primaryimage\"},\"thumbnailUrl\":\"https:\\\/\\\/armonti.eu\\\/wp-content\\\/uploads\\\/2026\\\/04\\\/img_7352.png\",\"datePublished\":\"2026-04-27T15:15:41+00:00\",\"description\":\"V\u00e4ike \u00f6konahast naiste linnaseljakott. T\u00f5mblukuga taskud ja valik erinevates v\u00e4rvitoonides muudavad mudeli mugavaks ja universaalseks.\",\"breadcrumb\":{\"@id\":\"https:\\\/\\\/armonti.eu\\\/et\\\/toode\\\/naiste-seljakott\\\/#breadcrumb\"},\"inLanguage\":\"et\",\"potentialAction\":[{\"@type\":\"ReadAction\",\"target\":[\"https:\\\/\\\/armonti.eu\\\/et\\\/toode\\\/naiste-seljakott\\\/\"]}]},{\"@type\":\"ImageObject\",\"inLanguage\":\"et\",\"@id\":\"https:\\\/\\\/armonti.eu\\\/et\\\/toode\\\/naiste-seljakott\\\/#primaryimage\",\"url\":\"https:\\\/\\\/armonti.eu\\\/wp-content\\\/uploads\\\/2026\\\/04\\\/img_7352.png\",\"contentUrl\":\"https:\\\/\\\/armonti.eu\\\/wp-content\\\/uploads\\\/2026\\\/04\\\/img_7352.png\",\"width\":450,\"height\":600,\"caption\":\"\u0416\u0435\u043d\u0441\u043a\u0438\u0439 \u0440\u044e\u043a\u0437\u0430\u043a \u0441 \u043a\u0430\u0440\u043c\u0430\u043d\u0430\u043c\u0438 \u043d\u0430 \u043c\u043e\u043b\u043d\u0438\u0438\"},{\"@type\":\"BreadcrumbList\",\"@id\":\"https:\\\/\\\/armonti.eu\\\/et\\\/toode\\\/naiste-seljakott\\\/#breadcrumb\",\"itemListElement\":[{\"@type\":\"ListItem\",\"position\":1,\"name\":\"\u0413\u043b\u0430\u0432\u043d\u0430\u044f\",\"item\":\"https:\\\/\\\/armonti.eu\\\/\"},{\"@type\":\"ListItem\",\"position\":2,\"name\":\"Shop\",\"item\":\"https:\\\/\\\/armonti.eu\\\/et\\\/shop\\\/\"},{\"@type\":\"ListItem\",\"position\":3,\"name\":\"\u0410\u043a\u0441\u0435\u0441\u0441\u0443\u0430\u0440\u044b\",\"item\":\"https:\\\/\\\/armonti.eu\\\/catalog\\\/aksessuary\\\/\"},{\"@type\":\"ListItem\",\"position\":4,\"name\":\"\u0421\u0443\u043c\u043a\u0438 \\\/ \u0440\u044e\u043a\u0437\u0430\u043a\u0438\",\"item\":\"https:\\\/\\\/armonti.eu\\\/catalog\\\/aksessuary\\\/sumki-ryukzaki\\\/\"},{\"@type\":\"ListItem\",\"position\":5,\"name\":\"Naiste seljakott\"}]},{\"@type\":\"WebSite\",\"@id\":\"https:\\\/\\\/armonti.eu\\\/#website\",\"url\":\"https:\\\/\\\/armonti.eu\\\/\",\"name\":\"ARMONTI\",\"description\":\"\",\"publisher\":{\"@id\":\"https:\\\/\\\/armonti.eu\\\/#organization\"},\"alternateName\":\"\u0416\u0435\u043d\u0441\u043a\u0430\u044f \u0431\u0440\u0435\u043d\u0434\u043e\u0432\u0430\u044f \u043e\u0434\u0435\u0436\u0434\u0430\",\"potentialAction\":[{\"@type\":\"SearchAction\",\"target\":{\"@type\":\"EntryPoint\",\"urlTemplate\":\"https:\\\/\\\/armonti.eu\\\/?s={search_term_string}\"},\"query-input\":{\"@type\":\"PropertyValueSpecification\",\"valueRequired\":true,\"valueName\":\"search_term_string\"}}],\"inLanguage\":\"et\"},{\"@type\":\"Organization\",\"@id\":\"https:\\\/\\\/armonti.eu\\\/#organization\",\"name\":\"ARMONTI\",\"alternateName\":\"\u0416\u0435\u043d\u0441\u043a\u0430\u044f \u0431\u0440\u0435\u043d\u0434\u043e\u0432\u0430\u044f \u043e\u0434\u0435\u0436\u0434\u0430\",\"url\":\"https:\\\/\\\/armonti.eu\\\/\",\"logo\":{\"@type\":\"ImageObject\",\"inLanguage\":\"et\",\"@id\":\"https:\\\/\\\/armonti.eu\\\/#\\\/schema\\\/logo\\\/image\\\/\",\"url\":\"https:\\\/\\\/armonti.eu\\\/wp-content\\\/uploads\\\/2023\\\/05\\\/armonti-logo-white.png\",\"contentUrl\":\"https:\\\/\\\/armonti.eu\\\/wp-content\\\/uploads\\\/2023\\\/05\\\/armonti-logo-white.png\",\"width\":2165,\"height\":554,\"caption\":\"ARMONTI\"},\"image\":{\"@id\":\"https:\\\/\\\/armonti.eu\\\/#\\\/schema\\\/logo\\\/image\\\/\"}}]}<\/script>\n<!-- \/ Yoast SEO plugin. -->","yoast_head_json":{"title":"Naiste seljakott - \u041c\u0430\u0433\u0430\u0437\u0438\u043d \u043e\u0434\u0435\u0436\u0434\u044b ARMONTI","description":"V\u00e4ike \u00f6konahast naiste linnaseljakott. T\u00f5mblukuga taskud ja valik erinevates v\u00e4rvitoonides muudavad mudeli mugavaks ja universaalseks.","robots":{"index":"index","follow":"follow","max-snippet":"max-snippet:-1","max-image-preview":"max-image-preview:large","max-video-preview":"max-video-preview:-1"},"canonical":"https:\/\/armonti.eu\/et\/toode\/naiste-seljakott\/","og_locale":"et_EE","og_type":"article","og_title":"Naiste seljakott - \u041c\u0430\u0433\u0430\u0437\u0438\u043d \u043e\u0434\u0435\u0436\u0434\u044b ARMONTI","og_description":"V\u00e4ike \u00f6konahast naiste linnaseljakott. T\u00f5mblukuga taskud ja valik erinevates v\u00e4rvitoonides muudavad mudeli mugavaks ja universaalseks.","og_url":"https:\/\/armonti.eu\/et\/toode\/naiste-seljakott\/","og_site_name":"\u041c\u0430\u0433\u0430\u0437\u0438\u043d \u043e\u0434\u0435\u0436\u0434\u044b ARMONTI","og_image":[{"width":450,"height":600,"url":"https:\/\/armonti.eu\/wp-content\/uploads\/2026\/04\/img_7352.png","type":"image\/png"}],"twitter_card":"summary_large_image","twitter_misc":{"Est. reading time":"1 minut"},"schema":{"@context":"https:\/\/schema.org","@graph":[{"@type":"WebPage","@id":"https:\/\/armonti.eu\/et\/toode\/naiste-seljakott\/","url":"https:\/\/armonti.eu\/et\/toode\/naiste-seljakott\/","name":"Naiste seljakott - \u041c\u0430\u0433\u0430\u0437\u0438\u043d \u043e\u0434\u0435\u0436\u0434\u044b ARMONTI","isPartOf":{"@id":"https:\/\/armonti.eu\/#website"},"primaryImageOfPage":{"@id":"https:\/\/armonti.eu\/et\/toode\/naiste-seljakott\/#primaryimage"},"image":{"@id":"https:\/\/armonti.eu\/et\/toode\/naiste-seljakott\/#primaryimage"},"thumbnailUrl":"https:\/\/armonti.eu\/wp-content\/uploads\/2026\/04\/img_7352.png","datePublished":"2026-04-27T15:15:41+00:00","description":"V\u00e4ike \u00f6konahast naiste linnaseljakott. T\u00f5mblukuga taskud ja valik erinevates v\u00e4rvitoonides muudavad mudeli mugavaks ja universaalseks.","breadcrumb":{"@id":"https:\/\/armonti.eu\/et\/toode\/naiste-seljakott\/#breadcrumb"},"inLanguage":"et","potentialAction":[{"@type":"ReadAction","target":["https:\/\/armonti.eu\/et\/toode\/naiste-seljakott\/"]}]},{"@type":"ImageObject","inLanguage":"et","@id":"https:\/\/armonti.eu\/et\/toode\/naiste-seljakott\/#primaryimage","url":"https:\/\/armonti.eu\/wp-content\/uploads\/2026\/04\/img_7352.png","contentUrl":"https:\/\/armonti.eu\/wp-content\/uploads\/2026\/04\/img_7352.png","width":450,"height":600,"caption":"\u0416\u0435\u043d\u0441\u043a\u0438\u0439 \u0440\u044e\u043a\u0437\u0430\u043a \u0441 \u043a\u0430\u0440\u043c\u0430\u043d\u0430\u043c\u0438 \u043d\u0430 \u043c\u043e\u043b\u043d\u0438\u0438"},{"@type":"BreadcrumbList","@id":"https:\/\/armonti.eu\/et\/toode\/naiste-seljakott\/#breadcrumb","itemListElement":[{"@type":"ListItem","position":1,"name":"\u0413\u043b\u0430\u0432\u043d\u0430\u044f","item":"https:\/\/armonti.eu\/"},{"@type":"ListItem","position":2,"name":"Shop","item":"https:\/\/armonti.eu\/et\/shop\/"},{"@type":"ListItem","position":3,"name":"\u0410\u043a\u0441\u0435\u0441\u0441\u0443\u0430\u0440\u044b","item":"https:\/\/armonti.eu\/catalog\/aksessuary\/"},{"@type":"ListItem","position":4,"name":"\u0421\u0443\u043c\u043a\u0438 \/ \u0440\u044e\u043a\u0437\u0430\u043a\u0438","item":"https:\/\/armonti.eu\/catalog\/aksessuary\/sumki-ryukzaki\/"},{"@type":"ListItem","position":5,"name":"Naiste seljakott"}]},{"@type":"WebSite","@id":"https:\/\/armonti.eu\/#website","url":"https:\/\/armonti.eu\/","name":"ARMONTI","description":"","publisher":{"@id":"https:\/\/armonti.eu\/#organization"},"alternateName":"\u0416\u0435\u043d\u0441\u043a\u0430\u044f \u0431\u0440\u0435\u043d\u0434\u043e\u0432\u0430\u044f \u043e\u0434\u0435\u0436\u0434\u0430","potentialAction":[{"@type":"SearchAction","target":{"@type":"EntryPoint","urlTemplate":"https:\/\/armonti.eu\/?s={search_term_string}"},"query-input":{"@type":"PropertyValueSpecification","valueRequired":true,"valueName":"search_term_string"}}],"inLanguage":"et"},{"@type":"Organization","@id":"https:\/\/armonti.eu\/#organization","name":"ARMONTI","alternateName":"\u0416\u0435\u043d\u0441\u043a\u0430\u044f \u0431\u0440\u0435\u043d\u0434\u043e\u0432\u0430\u044f \u043e\u0434\u0435\u0436\u0434\u0430","url":"https:\/\/armonti.eu\/","logo":{"@type":"ImageObject","inLanguage":"et","@id":"https:\/\/armonti.eu\/#\/schema\/logo\/image\/","url":"https:\/\/armonti.eu\/wp-content\/uploads\/2023\/05\/armonti-logo-white.png","contentUrl":"https:\/\/armonti.eu\/wp-content\/uploads\/2023\/05\/armonti-logo-white.png","width":2165,"height":554,"caption":"ARMONTI"},"image":{"@id":"https:\/\/armonti.eu\/#\/schema\/logo\/image\/"}}]}},"_links":{"self":[{"href":"https:\/\/armonti.eu\/et\/wp-json\/wp\/v2\/product\/43055","targetHints":{"allow":["GET"]}}],"collection":[{"href":"https:\/\/armonti.eu\/et\/wp-json\/wp\/v2\/product"}],"about":[{"href":"https:\/\/armonti.eu\/et\/wp-json\/wp\/v2\/types\/product"}],"replies":[{"embeddable":true,"href":"https:\/\/armonti.eu\/et\/wp-json\/wp\/v2\/comments?post=43055"}],"wp:featuredmedia":[{"embeddable":true,"href":"https:\/\/armonti.eu\/et\/wp-json\/wp\/v2\/media\/43042"}],"wp:attachment":[{"href":"https:\/\/armonti.eu\/et\/wp-json\/wp\/v2\/media?parent=43055"}],"wp:term":[{"taxonomy":"product_brand","embeddable":true,"href":"https:\/\/armonti.eu\/et\/wp-json\/wp\/v2\/product_brand?post=43055"},{"taxonomy":"product_cat","embeddable":true,"href":"https:\/\/armonti.eu\/et\/wp-json\/wp\/v2\/product_cat?post=43055"},{"taxonomy":"product_tag","embeddable":true,"href":"https:\/\/armonti.eu\/et\/wp-json\/wp\/v2\/product_tag?post=43055"}],"curies":[{"name":"wp","href":"https:\/\/api.w.org\/{rel}","templated":true}]}}