{"id":42936,"date":"2026-04-27T15:17:32","date_gmt":"2026-04-27T12:17:32","guid":{"rendered":"https:\/\/armonti.eu\/?post_type=product&#038;p=42936"},"modified":"2026-04-27T15:17:32","modified_gmt":"2026-04-27T12:17:32","slug":"naiste-kaekott-2","status":"publish","type":"product","link":"https:\/\/armonti.eu\/et\/toode\/naiste-kaekott-2\/","title":{"rendered":"Naiste k\u00e4ekott"},"content":{"rendered":"<p>Naiste k\u00e4ekott sobib igap\u00e4evaseks ja \u00f5htuseks kandmiseks. Kompaktne suurus muudab mudeli mugavaks ja kergeks. Naiste k\u00e4ekott on valikus erinevates v\u00e4rvitoonides. H\u00f5bedane kuulikestega dekoor sangal lisab stiilse aktsendi. Mugav kuju v\u00f5imaldab vajalikke asju kaasas kanda. Mudel t\u00e4iendab harmooniliselt nii igap\u00e4evast kui ka elegantset v\u00e4limust. K\u00e4ekott on h\u00f5lpsasti kombineeritav erinevas stiilis jalatsite ja riietega. Lakooniline disain r\u00f5hutab aksessuaari kaasaegset iseloomu. Praktilisus muudab mudeli universaalseks valikuks igaks p\u00e4evaks.<br \/>\nKotti on v\u00f5imalik kanda pika rihmaga (komplektis kaasas)<br \/>\nM\u00f5\u00f5dud cm:<br \/>\nLaius 22 cm<br \/>\nK\u00f5rgus (ilma sangata) 14 cm<br \/>\nM\u00f5\u00f5tmisel on lubatud viga 1\u20132 cm, eriti trikotaa\u017etoodete puhul        <\/p>\n<p>Tootekood: 5513<\/p>\n","protected":false},"excerpt":{"rendered":"<p>Suurused: universaalne suurus<br \/>\nKoostis: \u00f6konahk<br \/>\nV\u00e4rvus: puudriroosa bee\u017e must kollane valge<\/p>\n","protected":false},"featured_media":42908,"comment_status":"open","ping_status":"closed","template":"","meta":[],"product_brand":[],"product_cat":[430,433],"product_tag":[],"class_list":{"0":"post-42936","1":"product","2":"type-product","3":"status-publish","4":"has-post-thumbnail","6":"product_cat-aksessuaarid","7":"product_cat-kotid-seljakotid","9":"first","10":"instock","11":"shipping-taxable","12":"purchasable","13":"product-type-variable"},"yoast_head":"<!-- This site is optimized with the Yoast SEO plugin v27.5 - https:\/\/yoast.com\/product\/yoast-seo-wordpress\/ -->\n<title>Naiste k\u00e4ekott - \u041c\u0430\u0433\u0430\u0437\u0438\u043d \u043e\u0434\u0435\u0436\u0434\u044b ARMONTI<\/title>\n<meta name=\"description\" content=\"V\u00e4ike naiste k\u00e4ekott erinevates v\u00e4rvides igap\u00e4evaseks kandmiseks. H\u00f5bedane dekoor sangal muudab aksessuaari stiilseks ja universaalseks\" \/>\n<meta name=\"robots\" content=\"index, follow, max-snippet:-1, max-image-preview:large, max-video-preview:-1\" \/>\n<link rel=\"canonical\" href=\"https:\/\/armonti.eu\/et\/toode\/naiste-kaekott-2\/\" \/>\n<meta property=\"og:locale\" content=\"et_EE\" \/>\n<meta property=\"og:type\" content=\"article\" \/>\n<meta property=\"og:title\" content=\"Naiste k\u00e4ekott - \u041c\u0430\u0433\u0430\u0437\u0438\u043d \u043e\u0434\u0435\u0436\u0434\u044b ARMONTI\" \/>\n<meta property=\"og:description\" content=\"V\u00e4ike naiste k\u00e4ekott erinevates v\u00e4rvides igap\u00e4evaseks kandmiseks. H\u00f5bedane dekoor sangal muudab aksessuaari stiilseks ja universaalseks\" \/>\n<meta property=\"og:url\" content=\"https:\/\/armonti.eu\/et\/toode\/naiste-kaekott-2\/\" \/>\n<meta property=\"og:site_name\" content=\"\u041c\u0430\u0433\u0430\u0437\u0438\u043d \u043e\u0434\u0435\u0436\u0434\u044b ARMONTI\" \/>\n<meta property=\"og:image\" content=\"https:\/\/armonti.eu\/wp-content\/uploads\/2026\/04\/img_7396.jpg\" \/>\n\t<meta property=\"og:image:width\" content=\"900\" \/>\n\t<meta property=\"og:image:height\" content=\"1200\" \/>\n\t<meta property=\"og:image:type\" content=\"image\/jpeg\" \/>\n<meta name=\"twitter:card\" content=\"summary_large_image\" \/>\n<meta name=\"twitter:label1\" content=\"Est. reading time\" \/>\n\t<meta name=\"twitter:data1\" content=\"1 minut\" \/>\n<script type=\"application\/ld+json\" class=\"yoast-schema-graph\">{\"@context\":\"https:\\\/\\\/schema.org\",\"@graph\":[{\"@type\":\"WebPage\",\"@id\":\"https:\\\/\\\/armonti.eu\\\/et\\\/toode\\\/naiste-kaekott-2\\\/\",\"url\":\"https:\\\/\\\/armonti.eu\\\/et\\\/toode\\\/naiste-kaekott-2\\\/\",\"name\":\"Naiste k\u00e4ekott - \u041c\u0430\u0433\u0430\u0437\u0438\u043d \u043e\u0434\u0435\u0436\u0434\u044b ARMONTI\",\"isPartOf\":{\"@id\":\"https:\\\/\\\/armonti.eu\\\/#website\"},\"primaryImageOfPage\":{\"@id\":\"https:\\\/\\\/armonti.eu\\\/et\\\/toode\\\/naiste-kaekott-2\\\/#primaryimage\"},\"image\":{\"@id\":\"https:\\\/\\\/armonti.eu\\\/et\\\/toode\\\/naiste-kaekott-2\\\/#primaryimage\"},\"thumbnailUrl\":\"https:\\\/\\\/armonti.eu\\\/wp-content\\\/uploads\\\/2026\\\/04\\\/img_7396.jpg\",\"datePublished\":\"2026-04-27T12:17:32+00:00\",\"description\":\"V\u00e4ike naiste k\u00e4ekott erinevates v\u00e4rvides igap\u00e4evaseks kandmiseks. H\u00f5bedane dekoor sangal muudab aksessuaari stiilseks ja universaalseks\",\"breadcrumb\":{\"@id\":\"https:\\\/\\\/armonti.eu\\\/et\\\/toode\\\/naiste-kaekott-2\\\/#breadcrumb\"},\"inLanguage\":\"et\",\"potentialAction\":[{\"@type\":\"ReadAction\",\"target\":[\"https:\\\/\\\/armonti.eu\\\/et\\\/toode\\\/naiste-kaekott-2\\\/\"]}]},{\"@type\":\"ImageObject\",\"inLanguage\":\"et\",\"@id\":\"https:\\\/\\\/armonti.eu\\\/et\\\/toode\\\/naiste-kaekott-2\\\/#primaryimage\",\"url\":\"https:\\\/\\\/armonti.eu\\\/wp-content\\\/uploads\\\/2026\\\/04\\\/img_7396.jpg\",\"contentUrl\":\"https:\\\/\\\/armonti.eu\\\/wp-content\\\/uploads\\\/2026\\\/04\\\/img_7396.jpg\",\"width\":900,\"height\":1200,\"caption\":\"K\u00e4epidemega naiste k\u00e4ekott\"},{\"@type\":\"BreadcrumbList\",\"@id\":\"https:\\\/\\\/armonti.eu\\\/et\\\/toode\\\/naiste-kaekott-2\\\/#breadcrumb\",\"itemListElement\":[{\"@type\":\"ListItem\",\"position\":1,\"name\":\"\u0413\u043b\u0430\u0432\u043d\u0430\u044f\",\"item\":\"https:\\\/\\\/armonti.eu\\\/\"},{\"@type\":\"ListItem\",\"position\":2,\"name\":\"Shop\",\"item\":\"https:\\\/\\\/armonti.eu\\\/et\\\/shop\\\/\"},{\"@type\":\"ListItem\",\"position\":3,\"name\":\"\u0410\u043a\u0441\u0435\u0441\u0441\u0443\u0430\u0440\u044b\",\"item\":\"https:\\\/\\\/armonti.eu\\\/catalog\\\/aksessuary\\\/\"},{\"@type\":\"ListItem\",\"position\":4,\"name\":\"\u0421\u0443\u043c\u043a\u0438 \\\/ \u0440\u044e\u043a\u0437\u0430\u043a\u0438\",\"item\":\"https:\\\/\\\/armonti.eu\\\/catalog\\\/aksessuary\\\/sumki-ryukzaki\\\/\"},{\"@type\":\"ListItem\",\"position\":5,\"name\":\"Naiste k\u00e4ekott\"}]},{\"@type\":\"WebSite\",\"@id\":\"https:\\\/\\\/armonti.eu\\\/#website\",\"url\":\"https:\\\/\\\/armonti.eu\\\/\",\"name\":\"ARMONTI\",\"description\":\"\",\"publisher\":{\"@id\":\"https:\\\/\\\/armonti.eu\\\/#organization\"},\"alternateName\":\"\u0416\u0435\u043d\u0441\u043a\u0430\u044f \u0431\u0440\u0435\u043d\u0434\u043e\u0432\u0430\u044f \u043e\u0434\u0435\u0436\u0434\u0430\",\"potentialAction\":[{\"@type\":\"SearchAction\",\"target\":{\"@type\":\"EntryPoint\",\"urlTemplate\":\"https:\\\/\\\/armonti.eu\\\/?s={search_term_string}\"},\"query-input\":{\"@type\":\"PropertyValueSpecification\",\"valueRequired\":true,\"valueName\":\"search_term_string\"}}],\"inLanguage\":\"et\"},{\"@type\":\"Organization\",\"@id\":\"https:\\\/\\\/armonti.eu\\\/#organization\",\"name\":\"ARMONTI\",\"alternateName\":\"\u0416\u0435\u043d\u0441\u043a\u0430\u044f \u0431\u0440\u0435\u043d\u0434\u043e\u0432\u0430\u044f \u043e\u0434\u0435\u0436\u0434\u0430\",\"url\":\"https:\\\/\\\/armonti.eu\\\/\",\"logo\":{\"@type\":\"ImageObject\",\"inLanguage\":\"et\",\"@id\":\"https:\\\/\\\/armonti.eu\\\/#\\\/schema\\\/logo\\\/image\\\/\",\"url\":\"https:\\\/\\\/armonti.eu\\\/wp-content\\\/uploads\\\/2023\\\/05\\\/armonti-logo-white.png\",\"contentUrl\":\"https:\\\/\\\/armonti.eu\\\/wp-content\\\/uploads\\\/2023\\\/05\\\/armonti-logo-white.png\",\"width\":2165,\"height\":554,\"caption\":\"ARMONTI\"},\"image\":{\"@id\":\"https:\\\/\\\/armonti.eu\\\/#\\\/schema\\\/logo\\\/image\\\/\"}}]}<\/script>\n<!-- \/ Yoast SEO plugin. -->","yoast_head_json":{"title":"Naiste k\u00e4ekott - \u041c\u0430\u0433\u0430\u0437\u0438\u043d \u043e\u0434\u0435\u0436\u0434\u044b ARMONTI","description":"V\u00e4ike naiste k\u00e4ekott erinevates v\u00e4rvides igap\u00e4evaseks kandmiseks. H\u00f5bedane dekoor sangal muudab aksessuaari stiilseks ja universaalseks","robots":{"index":"index","follow":"follow","max-snippet":"max-snippet:-1","max-image-preview":"max-image-preview:large","max-video-preview":"max-video-preview:-1"},"canonical":"https:\/\/armonti.eu\/et\/toode\/naiste-kaekott-2\/","og_locale":"et_EE","og_type":"article","og_title":"Naiste k\u00e4ekott - \u041c\u0430\u0433\u0430\u0437\u0438\u043d \u043e\u0434\u0435\u0436\u0434\u044b ARMONTI","og_description":"V\u00e4ike naiste k\u00e4ekott erinevates v\u00e4rvides igap\u00e4evaseks kandmiseks. H\u00f5bedane dekoor sangal muudab aksessuaari stiilseks ja universaalseks","og_url":"https:\/\/armonti.eu\/et\/toode\/naiste-kaekott-2\/","og_site_name":"\u041c\u0430\u0433\u0430\u0437\u0438\u043d \u043e\u0434\u0435\u0436\u0434\u044b ARMONTI","og_image":[{"width":900,"height":1200,"url":"https:\/\/armonti.eu\/wp-content\/uploads\/2026\/04\/img_7396.jpg","type":"image\/jpeg"}],"twitter_card":"summary_large_image","twitter_misc":{"Est. reading time":"1 minut"},"schema":{"@context":"https:\/\/schema.org","@graph":[{"@type":"WebPage","@id":"https:\/\/armonti.eu\/et\/toode\/naiste-kaekott-2\/","url":"https:\/\/armonti.eu\/et\/toode\/naiste-kaekott-2\/","name":"Naiste k\u00e4ekott - \u041c\u0430\u0433\u0430\u0437\u0438\u043d \u043e\u0434\u0435\u0436\u0434\u044b ARMONTI","isPartOf":{"@id":"https:\/\/armonti.eu\/#website"},"primaryImageOfPage":{"@id":"https:\/\/armonti.eu\/et\/toode\/naiste-kaekott-2\/#primaryimage"},"image":{"@id":"https:\/\/armonti.eu\/et\/toode\/naiste-kaekott-2\/#primaryimage"},"thumbnailUrl":"https:\/\/armonti.eu\/wp-content\/uploads\/2026\/04\/img_7396.jpg","datePublished":"2026-04-27T12:17:32+00:00","description":"V\u00e4ike naiste k\u00e4ekott erinevates v\u00e4rvides igap\u00e4evaseks kandmiseks. H\u00f5bedane dekoor sangal muudab aksessuaari stiilseks ja universaalseks","breadcrumb":{"@id":"https:\/\/armonti.eu\/et\/toode\/naiste-kaekott-2\/#breadcrumb"},"inLanguage":"et","potentialAction":[{"@type":"ReadAction","target":["https:\/\/armonti.eu\/et\/toode\/naiste-kaekott-2\/"]}]},{"@type":"ImageObject","inLanguage":"et","@id":"https:\/\/armonti.eu\/et\/toode\/naiste-kaekott-2\/#primaryimage","url":"https:\/\/armonti.eu\/wp-content\/uploads\/2026\/04\/img_7396.jpg","contentUrl":"https:\/\/armonti.eu\/wp-content\/uploads\/2026\/04\/img_7396.jpg","width":900,"height":1200,"caption":"K\u00e4epidemega naiste k\u00e4ekott"},{"@type":"BreadcrumbList","@id":"https:\/\/armonti.eu\/et\/toode\/naiste-kaekott-2\/#breadcrumb","itemListElement":[{"@type":"ListItem","position":1,"name":"\u0413\u043b\u0430\u0432\u043d\u0430\u044f","item":"https:\/\/armonti.eu\/"},{"@type":"ListItem","position":2,"name":"Shop","item":"https:\/\/armonti.eu\/et\/shop\/"},{"@type":"ListItem","position":3,"name":"\u0410\u043a\u0441\u0435\u0441\u0441\u0443\u0430\u0440\u044b","item":"https:\/\/armonti.eu\/catalog\/aksessuary\/"},{"@type":"ListItem","position":4,"name":"\u0421\u0443\u043c\u043a\u0438 \/ \u0440\u044e\u043a\u0437\u0430\u043a\u0438","item":"https:\/\/armonti.eu\/catalog\/aksessuary\/sumki-ryukzaki\/"},{"@type":"ListItem","position":5,"name":"Naiste k\u00e4ekott"}]},{"@type":"WebSite","@id":"https:\/\/armonti.eu\/#website","url":"https:\/\/armonti.eu\/","name":"ARMONTI","description":"","publisher":{"@id":"https:\/\/armonti.eu\/#organization"},"alternateName":"\u0416\u0435\u043d\u0441\u043a\u0430\u044f \u0431\u0440\u0435\u043d\u0434\u043e\u0432\u0430\u044f \u043e\u0434\u0435\u0436\u0434\u0430","potentialAction":[{"@type":"SearchAction","target":{"@type":"EntryPoint","urlTemplate":"https:\/\/armonti.eu\/?s={search_term_string}"},"query-input":{"@type":"PropertyValueSpecification","valueRequired":true,"valueName":"search_term_string"}}],"inLanguage":"et"},{"@type":"Organization","@id":"https:\/\/armonti.eu\/#organization","name":"ARMONTI","alternateName":"\u0416\u0435\u043d\u0441\u043a\u0430\u044f \u0431\u0440\u0435\u043d\u0434\u043e\u0432\u0430\u044f \u043e\u0434\u0435\u0436\u0434\u0430","url":"https:\/\/armonti.eu\/","logo":{"@type":"ImageObject","inLanguage":"et","@id":"https:\/\/armonti.eu\/#\/schema\/logo\/image\/","url":"https:\/\/armonti.eu\/wp-content\/uploads\/2023\/05\/armonti-logo-white.png","contentUrl":"https:\/\/armonti.eu\/wp-content\/uploads\/2023\/05\/armonti-logo-white.png","width":2165,"height":554,"caption":"ARMONTI"},"image":{"@id":"https:\/\/armonti.eu\/#\/schema\/logo\/image\/"}}]}},"_links":{"self":[{"href":"https:\/\/armonti.eu\/et\/wp-json\/wp\/v2\/product\/42936","targetHints":{"allow":["GET"]}}],"collection":[{"href":"https:\/\/armonti.eu\/et\/wp-json\/wp\/v2\/product"}],"about":[{"href":"https:\/\/armonti.eu\/et\/wp-json\/wp\/v2\/types\/product"}],"replies":[{"embeddable":true,"href":"https:\/\/armonti.eu\/et\/wp-json\/wp\/v2\/comments?post=42936"}],"wp:featuredmedia":[{"embeddable":true,"href":"https:\/\/armonti.eu\/et\/wp-json\/wp\/v2\/media\/42908"}],"wp:attachment":[{"href":"https:\/\/armonti.eu\/et\/wp-json\/wp\/v2\/media?parent=42936"}],"wp:term":[{"taxonomy":"product_brand","embeddable":true,"href":"https:\/\/armonti.eu\/et\/wp-json\/wp\/v2\/product_brand?post=42936"},{"taxonomy":"product_cat","embeddable":true,"href":"https:\/\/armonti.eu\/et\/wp-json\/wp\/v2\/product_cat?post=42936"},{"taxonomy":"product_tag","embeddable":true,"href":"https:\/\/armonti.eu\/et\/wp-json\/wp\/v2\/product_tag?post=42936"}],"curies":[{"name":"wp","href":"https:\/\/api.w.org\/{rel}","templated":true}]}}