{"id":42756,"date":"2024-12-04T13:40:07","date_gmt":"2024-12-04T10:40:07","guid":{"rendered":"https:\/\/armonti.eu\/product\/tihedast-trikookangast-puksid-2\/"},"modified":"2024-12-04T13:40:07","modified_gmt":"2024-12-04T10:40:07","slug":"tihedast-trikookangast-puksid-2","status":"publish","type":"product","link":"https:\/\/armonti.eu\/et\/toode\/tihedast-trikookangast-puksid-2\/","title":{"rendered":"Tihedast trikookangast p\u00fcksid"},"content":{"rendered":"<p>Lisage oma garderoobi elegantsust tihedast viskoosiga trikookangast valmistatud sirgete palazzo-p\u00fckstega! Need p\u00fcksid on ideaalne valik nii igap\u00e4evaste kui ka \u00e4ri\u00fclikondade loomiseks.  <\/p>\n<p>Keskmise v\u00f6\u00f6k\u00f5rguse ja elegantsete l\u00f5igete t\u00f5ttu r\u00f5hutavad need p\u00fcksid figuuri, samas kui viskoosi sisaldav kangas tagab mugavuse ja liikumisvabaduse. T\u00e4nu materjali elastsusele istuvad p\u00fcksid ideaalselt ega piira teie liikumist.  <\/p>\n<p>Need on varustatud praktiliste k\u00fcljetaskutega, mis v\u00f5imaldavad hoida pisiasju k\u00e4eulatuses, ning kanga spetsiaalne struktuur takistab tolmu kinnitumist ja tagab veatu v\u00e4limuse kogu p\u00e4eva v\u00e4ltel \u2013 p\u00fcksid ei kortsu, vaid n\u00e4evad v\u00e4lja korras ja stiilsed.<\/p>\n<p>P\u00fckste komplektis on kaasas ekokoostest nahast v\u00f6\u00f6, mis lisab stiilse aktsendi ja viimistleb kogu v\u00e4limuse. Looge ainulaadne stiil, kombineerides neid p\u00fckse erinevate \u00fclaosade ja jalatsitega! \u00c4rge laske m\u00f6\u00f6da v\u00f5imalust r\u00f5hutada oma isikup\u00e4ra selle moeka aksessuaari abil.  <\/p>\n<p>\u0417\u0430\u043c\u0435\u0440\u044b \u0438\u0437\u0434\u0435\u043b\u0438\u044f \u0432 \u0441\u043c:<br \/>\nS &#8211; \u041e\u0422 \u0434\u043e 68, \u041e\u0411 90-94, \u0434\u043b\u0438\u043d\u0430 101, \u0432\u043d\u0443\u0442\u0440\u0435\u043d\u043d\u0438\u0439 \u0448\u043e\u0432 76<br \/>\nM &#8211; \u041e\u0422 \u0434\u043e 80, \u041e\u0411 98-104, \u0434\u043b\u0438\u043d\u0430 99, \u0432\u043d\u0443\u0442\u0440\u0435\u043d\u043d\u0438\u0439 \u0448\u043e\u0432 70<br \/>\nL &#8211; \u041e\u0422 \u0434\u043e 85, \u041e\u0411 104-108, \u0434\u043b\u0438\u043d\u0430 100,<br \/>\n\u0432\u043d\u0443\u0442\u0440\u0435\u043d\u043d\u0438\u0439 \u0448\u043e\u0432 71<br \/>\nXL &#8211; \u041e\u0422 \u0434\u043e 90, \u041e\u0411 109 -114, \u0434\u043b\u0438\u043d\u0430 100, \u0432\u043d\u0443\u0442\u0440\u0435\u043d\u043d\u0438\u0439 \u0448\u043e\u0432 71<br \/>\n2XL &#8211; \u041e\u0422 \u0434\u043e 95, \u041e\u0411 114-120, \u0434\u043b\u0438\u043d\u0430 100, \u0432\u043d\u0443\u0442\u0440\u0435\u043d\u043d\u0438\u0439 \u0448\u043e\u0432 71<br \/>\n\u0422\u043a\u0430\u043d\u044c \u043e\u0447\u0435\u043d\u044c \u0445\u043e\u0440\u043e\u0448\u043e \u0442\u044f\u043d\u0435\u0442\u0441\u044f!<\/p>\n<p>V\u00d6 \u2013 v\u00f6\u00f6\u00fcmberm\u00f5\u00f5t<br \/>\nPU \u2013 puusa\u00fcmberm\u00f5\u00f5t<\/p>\n<p>M\u00f5\u00f5tudes on lubatud 1\u20132 cm veam\u00e4\u00e4r, eriti trikoo- ja kudumtoodete puhul.<\/p>\n<p>Tellimuse vormistamisel m\u00e4rgi palun oma t\u00e4psed m\u00f5\u00f5dud (puusad, v\u00f6\u00f6koht ja pikkus), et saaksime sulle sobivaima suuruse valida.<br \/>Toode on saadaval nii poes kui ka veebipoes!<\/p>\n<p>Tootekood: 108<\/p>\n","protected":false},"excerpt":{"rendered":"<p>Suurused: S, M, L, XL, XXL<br \/>\nV\u00e4rv: must, tumeoliiv<br \/>\nToote pikkus: 101 cm<br \/>\nKoostis: 68% viskoos, 27% nailon, 5% elastaan<br \/>\nMudelil on seljas suurus: S<\/p>\n","protected":false},"featured_media":24039,"comment_status":"open","ping_status":"closed","template":"","meta":[],"product_brand":[],"product_cat":[573,335,332],"product_tag":[],"class_list":{"0":"post-42756","1":"product","2":"type-product","3":"status-publish","4":"has-post-thumbnail","6":"product_cat-puksid","7":"product_cat-bryuki-i-dzhinsy-et","8":"product_cat-rasprodazha-et","10":"first","11":"instock","12":"shipping-taxable","13":"purchasable","14":"product-type-variable"},"yoast_head":"<!-- This site is optimized with the Yoast SEO plugin v27.5 - https:\/\/yoast.com\/product\/yoast-seo-wordpress\/ -->\n<title>Tihedast trikookangast p\u00fcksid - \u041c\u0430\u0433\u0430\u0437\u0438\u043d \u043e\u0434\u0435\u0436\u0434\u044b ARMONTI<\/title>\n<meta name=\"description\" content=\"Tihedast trikookangast p\u00fcksid. Lisage oma garderoobi elegantsi tihedast trikookangast ja viskoosist valmistatud sirge l\u00f5ikega palazzo-p\u00fckstega!\" \/>\n<meta name=\"robots\" content=\"index, follow, max-snippet:-1, max-image-preview:large, max-video-preview:-1\" \/>\n<link rel=\"canonical\" href=\"https:\/\/armonti.eu\/et\/toode\/tihedast-trikookangast-puksid-2\/\" \/>\n<meta property=\"og:locale\" content=\"et_EE\" \/>\n<meta property=\"og:type\" content=\"article\" \/>\n<meta property=\"og:title\" content=\"Tihedast trikookangast p\u00fcksid - \u041c\u0430\u0433\u0430\u0437\u0438\u043d \u043e\u0434\u0435\u0436\u0434\u044b ARMONTI\" \/>\n<meta property=\"og:description\" content=\"Tihedast trikookangast p\u00fcksid. Lisage oma garderoobi elegantsi tihedast trikookangast ja viskoosist valmistatud sirge l\u00f5ikega palazzo-p\u00fckstega!\" \/>\n<meta property=\"og:url\" content=\"https:\/\/armonti.eu\/et\/toode\/tihedast-trikookangast-puksid-2\/\" \/>\n<meta property=\"og:site_name\" content=\"\u041c\u0430\u0433\u0430\u0437\u0438\u043d \u043e\u0434\u0435\u0436\u0434\u044b ARMONTI\" \/>\n<meta property=\"og:image\" content=\"https:\/\/armonti.eu\/wp-content\/uploads\/2024\/12\/img_8449.jpg\" \/>\n\t<meta property=\"og:image:width\" content=\"900\" \/>\n\t<meta property=\"og:image:height\" content=\"1200\" \/>\n\t<meta property=\"og:image:type\" content=\"image\/jpeg\" \/>\n<meta name=\"twitter:card\" content=\"summary_large_image\" \/>\n<meta name=\"twitter:label1\" content=\"Est. reading time\" \/>\n\t<meta name=\"twitter:data1\" content=\"1 minut\" \/>\n<script type=\"application\/ld+json\" class=\"yoast-schema-graph\">{\"@context\":\"https:\\\/\\\/schema.org\",\"@graph\":[{\"@type\":\"WebPage\",\"@id\":\"https:\\\/\\\/armonti.eu\\\/et\\\/toode\\\/tihedast-trikookangast-puksid-2\\\/\",\"url\":\"https:\\\/\\\/armonti.eu\\\/et\\\/toode\\\/tihedast-trikookangast-puksid-2\\\/\",\"name\":\"Tihedast trikookangast p\u00fcksid - \u041c\u0430\u0433\u0430\u0437\u0438\u043d \u043e\u0434\u0435\u0436\u0434\u044b ARMONTI\",\"isPartOf\":{\"@id\":\"https:\\\/\\\/armonti.eu\\\/#website\"},\"primaryImageOfPage\":{\"@id\":\"https:\\\/\\\/armonti.eu\\\/et\\\/toode\\\/tihedast-trikookangast-puksid-2\\\/#primaryimage\"},\"image\":{\"@id\":\"https:\\\/\\\/armonti.eu\\\/et\\\/toode\\\/tihedast-trikookangast-puksid-2\\\/#primaryimage\"},\"thumbnailUrl\":\"https:\\\/\\\/armonti.eu\\\/wp-content\\\/uploads\\\/2024\\\/12\\\/img_8449.jpg\",\"datePublished\":\"2024-12-04T10:40:07+00:00\",\"description\":\"Tihedast trikookangast p\u00fcksid. Lisage oma garderoobi elegantsi tihedast trikookangast ja viskoosist valmistatud sirge l\u00f5ikega palazzo-p\u00fckstega!\",\"breadcrumb\":{\"@id\":\"https:\\\/\\\/armonti.eu\\\/et\\\/toode\\\/tihedast-trikookangast-puksid-2\\\/#breadcrumb\"},\"inLanguage\":\"et\",\"potentialAction\":[{\"@type\":\"ReadAction\",\"target\":[\"https:\\\/\\\/armonti.eu\\\/et\\\/toode\\\/tihedast-trikookangast-puksid-2\\\/\"]}]},{\"@type\":\"ImageObject\",\"inLanguage\":\"et\",\"@id\":\"https:\\\/\\\/armonti.eu\\\/et\\\/toode\\\/tihedast-trikookangast-puksid-2\\\/#primaryimage\",\"url\":\"https:\\\/\\\/armonti.eu\\\/wp-content\\\/uploads\\\/2024\\\/12\\\/img_8449.jpg\",\"contentUrl\":\"https:\\\/\\\/armonti.eu\\\/wp-content\\\/uploads\\\/2024\\\/12\\\/img_8449.jpg\",\"width\":900,\"height\":1200,\"caption\":\"Tihedast trikookangast p\u00fcksid\"},{\"@type\":\"BreadcrumbList\",\"@id\":\"https:\\\/\\\/armonti.eu\\\/et\\\/toode\\\/tihedast-trikookangast-puksid-2\\\/#breadcrumb\",\"itemListElement\":[{\"@type\":\"ListItem\",\"position\":1,\"name\":\"\u0413\u043b\u0430\u0432\u043d\u0430\u044f\",\"item\":\"https:\\\/\\\/armonti.eu\\\/\"},{\"@type\":\"ListItem\",\"position\":2,\"name\":\"Shop\",\"item\":\"https:\\\/\\\/armonti.eu\\\/et\\\/shop\\\/\"},{\"@type\":\"ListItem\",\"position\":3,\"name\":\"Tihedast trikookangast p\u00fcksid\"}]},{\"@type\":\"WebSite\",\"@id\":\"https:\\\/\\\/armonti.eu\\\/#website\",\"url\":\"https:\\\/\\\/armonti.eu\\\/\",\"name\":\"ARMONTI\",\"description\":\"\",\"publisher\":{\"@id\":\"https:\\\/\\\/armonti.eu\\\/#organization\"},\"alternateName\":\"\u0416\u0435\u043d\u0441\u043a\u0430\u044f \u0431\u0440\u0435\u043d\u0434\u043e\u0432\u0430\u044f \u043e\u0434\u0435\u0436\u0434\u0430\",\"potentialAction\":[{\"@type\":\"SearchAction\",\"target\":{\"@type\":\"EntryPoint\",\"urlTemplate\":\"https:\\\/\\\/armonti.eu\\\/?s={search_term_string}\"},\"query-input\":{\"@type\":\"PropertyValueSpecification\",\"valueRequired\":true,\"valueName\":\"search_term_string\"}}],\"inLanguage\":\"et\"},{\"@type\":\"Organization\",\"@id\":\"https:\\\/\\\/armonti.eu\\\/#organization\",\"name\":\"ARMONTI\",\"alternateName\":\"\u0416\u0435\u043d\u0441\u043a\u0430\u044f \u0431\u0440\u0435\u043d\u0434\u043e\u0432\u0430\u044f \u043e\u0434\u0435\u0436\u0434\u0430\",\"url\":\"https:\\\/\\\/armonti.eu\\\/\",\"logo\":{\"@type\":\"ImageObject\",\"inLanguage\":\"et\",\"@id\":\"https:\\\/\\\/armonti.eu\\\/#\\\/schema\\\/logo\\\/image\\\/\",\"url\":\"https:\\\/\\\/armonti.eu\\\/wp-content\\\/uploads\\\/2023\\\/05\\\/armonti-logo-white.png\",\"contentUrl\":\"https:\\\/\\\/armonti.eu\\\/wp-content\\\/uploads\\\/2023\\\/05\\\/armonti-logo-white.png\",\"width\":2165,\"height\":554,\"caption\":\"ARMONTI\"},\"image\":{\"@id\":\"https:\\\/\\\/armonti.eu\\\/#\\\/schema\\\/logo\\\/image\\\/\"}}]}<\/script>\n<!-- \/ Yoast SEO plugin. -->","yoast_head_json":{"title":"Tihedast trikookangast p\u00fcksid - \u041c\u0430\u0433\u0430\u0437\u0438\u043d \u043e\u0434\u0435\u0436\u0434\u044b ARMONTI","description":"Tihedast trikookangast p\u00fcksid. Lisage oma garderoobi elegantsi tihedast trikookangast ja viskoosist valmistatud sirge l\u00f5ikega palazzo-p\u00fckstega!","robots":{"index":"index","follow":"follow","max-snippet":"max-snippet:-1","max-image-preview":"max-image-preview:large","max-video-preview":"max-video-preview:-1"},"canonical":"https:\/\/armonti.eu\/et\/toode\/tihedast-trikookangast-puksid-2\/","og_locale":"et_EE","og_type":"article","og_title":"Tihedast trikookangast p\u00fcksid - \u041c\u0430\u0433\u0430\u0437\u0438\u043d \u043e\u0434\u0435\u0436\u0434\u044b ARMONTI","og_description":"Tihedast trikookangast p\u00fcksid. Lisage oma garderoobi elegantsi tihedast trikookangast ja viskoosist valmistatud sirge l\u00f5ikega palazzo-p\u00fckstega!","og_url":"https:\/\/armonti.eu\/et\/toode\/tihedast-trikookangast-puksid-2\/","og_site_name":"\u041c\u0430\u0433\u0430\u0437\u0438\u043d \u043e\u0434\u0435\u0436\u0434\u044b ARMONTI","og_image":[{"width":900,"height":1200,"url":"https:\/\/armonti.eu\/wp-content\/uploads\/2024\/12\/img_8449.jpg","type":"image\/jpeg"}],"twitter_card":"summary_large_image","twitter_misc":{"Est. reading time":"1 minut"},"schema":{"@context":"https:\/\/schema.org","@graph":[{"@type":"WebPage","@id":"https:\/\/armonti.eu\/et\/toode\/tihedast-trikookangast-puksid-2\/","url":"https:\/\/armonti.eu\/et\/toode\/tihedast-trikookangast-puksid-2\/","name":"Tihedast trikookangast p\u00fcksid - \u041c\u0430\u0433\u0430\u0437\u0438\u043d \u043e\u0434\u0435\u0436\u0434\u044b ARMONTI","isPartOf":{"@id":"https:\/\/armonti.eu\/#website"},"primaryImageOfPage":{"@id":"https:\/\/armonti.eu\/et\/toode\/tihedast-trikookangast-puksid-2\/#primaryimage"},"image":{"@id":"https:\/\/armonti.eu\/et\/toode\/tihedast-trikookangast-puksid-2\/#primaryimage"},"thumbnailUrl":"https:\/\/armonti.eu\/wp-content\/uploads\/2024\/12\/img_8449.jpg","datePublished":"2024-12-04T10:40:07+00:00","description":"Tihedast trikookangast p\u00fcksid. Lisage oma garderoobi elegantsi tihedast trikookangast ja viskoosist valmistatud sirge l\u00f5ikega palazzo-p\u00fckstega!","breadcrumb":{"@id":"https:\/\/armonti.eu\/et\/toode\/tihedast-trikookangast-puksid-2\/#breadcrumb"},"inLanguage":"et","potentialAction":[{"@type":"ReadAction","target":["https:\/\/armonti.eu\/et\/toode\/tihedast-trikookangast-puksid-2\/"]}]},{"@type":"ImageObject","inLanguage":"et","@id":"https:\/\/armonti.eu\/et\/toode\/tihedast-trikookangast-puksid-2\/#primaryimage","url":"https:\/\/armonti.eu\/wp-content\/uploads\/2024\/12\/img_8449.jpg","contentUrl":"https:\/\/armonti.eu\/wp-content\/uploads\/2024\/12\/img_8449.jpg","width":900,"height":1200,"caption":"Tihedast trikookangast p\u00fcksid"},{"@type":"BreadcrumbList","@id":"https:\/\/armonti.eu\/et\/toode\/tihedast-trikookangast-puksid-2\/#breadcrumb","itemListElement":[{"@type":"ListItem","position":1,"name":"\u0413\u043b\u0430\u0432\u043d\u0430\u044f","item":"https:\/\/armonti.eu\/"},{"@type":"ListItem","position":2,"name":"Shop","item":"https:\/\/armonti.eu\/et\/shop\/"},{"@type":"ListItem","position":3,"name":"Tihedast trikookangast p\u00fcksid"}]},{"@type":"WebSite","@id":"https:\/\/armonti.eu\/#website","url":"https:\/\/armonti.eu\/","name":"ARMONTI","description":"","publisher":{"@id":"https:\/\/armonti.eu\/#organization"},"alternateName":"\u0416\u0435\u043d\u0441\u043a\u0430\u044f \u0431\u0440\u0435\u043d\u0434\u043e\u0432\u0430\u044f \u043e\u0434\u0435\u0436\u0434\u0430","potentialAction":[{"@type":"SearchAction","target":{"@type":"EntryPoint","urlTemplate":"https:\/\/armonti.eu\/?s={search_term_string}"},"query-input":{"@type":"PropertyValueSpecification","valueRequired":true,"valueName":"search_term_string"}}],"inLanguage":"et"},{"@type":"Organization","@id":"https:\/\/armonti.eu\/#organization","name":"ARMONTI","alternateName":"\u0416\u0435\u043d\u0441\u043a\u0430\u044f \u0431\u0440\u0435\u043d\u0434\u043e\u0432\u0430\u044f \u043e\u0434\u0435\u0436\u0434\u0430","url":"https:\/\/armonti.eu\/","logo":{"@type":"ImageObject","inLanguage":"et","@id":"https:\/\/armonti.eu\/#\/schema\/logo\/image\/","url":"https:\/\/armonti.eu\/wp-content\/uploads\/2023\/05\/armonti-logo-white.png","contentUrl":"https:\/\/armonti.eu\/wp-content\/uploads\/2023\/05\/armonti-logo-white.png","width":2165,"height":554,"caption":"ARMONTI"},"image":{"@id":"https:\/\/armonti.eu\/#\/schema\/logo\/image\/"}}]}},"_links":{"self":[{"href":"https:\/\/armonti.eu\/et\/wp-json\/wp\/v2\/product\/42756","targetHints":{"allow":["GET"]}}],"collection":[{"href":"https:\/\/armonti.eu\/et\/wp-json\/wp\/v2\/product"}],"about":[{"href":"https:\/\/armonti.eu\/et\/wp-json\/wp\/v2\/types\/product"}],"replies":[{"embeddable":true,"href":"https:\/\/armonti.eu\/et\/wp-json\/wp\/v2\/comments?post=42756"}],"wp:featuredmedia":[{"embeddable":true,"href":"https:\/\/armonti.eu\/et\/wp-json\/wp\/v2\/media\/24039"}],"wp:attachment":[{"href":"https:\/\/armonti.eu\/et\/wp-json\/wp\/v2\/media?parent=42756"}],"wp:term":[{"taxonomy":"product_brand","embeddable":true,"href":"https:\/\/armonti.eu\/et\/wp-json\/wp\/v2\/product_brand?post=42756"},{"taxonomy":"product_cat","embeddable":true,"href":"https:\/\/armonti.eu\/et\/wp-json\/wp\/v2\/product_cat?post=42756"},{"taxonomy":"product_tag","embeddable":true,"href":"https:\/\/armonti.eu\/et\/wp-json\/wp\/v2\/product_tag?post=42756"}],"curies":[{"name":"wp","href":"https:\/\/api.w.org\/{rel}","templated":true}]}}