{"id":42722,"date":"2026-01-09T16:57:58","date_gmt":"2026-01-09T13:57:58","guid":{"rendered":"https:\/\/armonti.eu\/product\/naiste-palazzo-puksid-vooga\/"},"modified":"2026-01-09T16:57:58","modified_gmt":"2026-01-09T13:57:58","slug":"naiste-palazzo-puksid-vooga","status":"publish","type":"product","link":"https:\/\/armonti.eu\/et\/toode\/naiste-palazzo-puksid-vooga\/","title":{"rendered":"Naiste palazzo-p\u00fcksid v\u00f6\u00f6ga"},"content":{"rendered":"<p>Ideaalne istuvus igale kehakujule.<br \/>Need Armonti vabad p\u00fcksid loovad mugavuse t\u00e4nu pehmele ja soojale materjalile, ning nende l\u00f5ige annab neile erip\u00e4ra t\u00e4nu \u00f5mblustele.<br \/>\nTagumine kumm ja komplektis olev lai v\u00f6\u00f6 tagavad individuaalse mugava istuvuse.<br \/>\nEi kortsu, venivad veidi ja on taskutega.<br \/>M\u00f5\u00f5dud sentimeetrites:<br \/>\nRindkere \u00fcmberm\u00f5\u00f5t 68\u201395 cm<br \/>\nReie \u00fcmberm\u00f5\u00f5t 94\u2013110 cm<br \/>\nK\u00fclje\u00f5mbluse pikkus 104 cm<br \/>\nSisemise \u00f5mbluse pikkus 74 cm<br \/>Palun m\u00e4rkige tellimuse m\u00e4rkuste lahtrisse kindlasti oma m\u00f5\u00f5dud (reie \u00fcmberm\u00f5\u00f5t, talje \u00fcmberm\u00f5\u00f5t ja pikkus), et saaksime teile sobiva suuruse t\u00e4psemalt valida.<br \/>\nTootekood: 1761<\/p>\n","protected":false},"excerpt":{"rendered":"<p>Suurused: ONE SIZE<br \/>\nKoostis: 15% viskoos, 80% pol\u00fcester, 5% elastaan<br \/>\nV\u00e4rvid: must, \u0161okolaadipruun, bee\u017e, bordo<br \/>\nSobib suurusele S\u2013L<br \/>Hooldus: masinpesu 30 \u00b0C juures<\/p>\n","protected":false},"featured_media":34256,"comment_status":"open","ping_status":"closed","template":"","meta":[],"product_brand":[],"product_cat":[573,335],"product_tag":[],"class_list":{"0":"post-42722","1":"product","2":"type-product","3":"status-publish","4":"has-post-thumbnail","6":"product_cat-puksid","7":"product_cat-bryuki-i-dzhinsy-et","9":"first","10":"instock","11":"shipping-taxable","12":"purchasable","13":"product-type-variable"},"yoast_head":"<!-- This site is optimized with the Yoast SEO plugin v27.5 - https:\/\/yoast.com\/product\/yoast-seo-wordpress\/ -->\n<title>Naiste palazzo-p\u00fcksid v\u00f6\u00f6ga - \u041c\u0430\u0433\u0430\u0437\u0438\u043d \u043e\u0434\u0435\u0436\u0434\u044b ARMONTI<\/title>\n<meta name=\"description\" content=\"\u042d\u0442\u0438 \u0441\u0432\u043e\u0431\u043e\u0434\u043d\u044b\u0435 \u0431\u0440\u044e\u043a\u0438 \u043e\u0442 Armonti \u0441\u043e\u0437\u0434\u0430\u044e\u0442 \u0443\u044e\u0442 \u0431\u043b\u0430\u0433\u043e\u0434\u0430\u0440\u044f \u043c\u044f\u0433\u043a\u043e\u043c\u0443 \u0442\u0451\u043f\u043b\u043e\u043c\u0443 \u043c\u0430\u0442\u0435\u0440\u0438\u0430\u043b\u0443, \u0430 \u0444\u0430\u0441\u043e\u043d \u2014 \u0438\u0437\u044e\u043c\u0438\u043d\u043a\u0443 \u0441 \u043f\u043e\u043c\u043e\u0449\u044c\u044e \u0441\u0442\u0440\u0435\u043b\u043e\u043a-\u043f\u0440\u043e\u0441\u0442\u0440\u043e\u0447\u0435\u043a.\" \/>\n<meta name=\"robots\" content=\"index, follow, max-snippet:-1, max-image-preview:large, max-video-preview:-1\" \/>\n<link rel=\"canonical\" href=\"https:\/\/armonti.eu\/et\/toode\/naiste-palazzo-puksid-vooga\/\" \/>\n<meta property=\"og:locale\" content=\"et_EE\" \/>\n<meta property=\"og:type\" content=\"article\" \/>\n<meta property=\"og:title\" content=\"Naiste palazzo-p\u00fcksid v\u00f6\u00f6ga - \u041c\u0430\u0433\u0430\u0437\u0438\u043d \u043e\u0434\u0435\u0436\u0434\u044b ARMONTI\" \/>\n<meta property=\"og:description\" content=\"\u042d\u0442\u0438 \u0441\u0432\u043e\u0431\u043e\u0434\u043d\u044b\u0435 \u0431\u0440\u044e\u043a\u0438 \u043e\u0442 Armonti \u0441\u043e\u0437\u0434\u0430\u044e\u0442 \u0443\u044e\u0442 \u0431\u043b\u0430\u0433\u043e\u0434\u0430\u0440\u044f \u043c\u044f\u0433\u043a\u043e\u043c\u0443 \u0442\u0451\u043f\u043b\u043e\u043c\u0443 \u043c\u0430\u0442\u0435\u0440\u0438\u0430\u043b\u0443, \u0430 \u0444\u0430\u0441\u043e\u043d \u2014 \u0438\u0437\u044e\u043c\u0438\u043d\u043a\u0443 \u0441 \u043f\u043e\u043c\u043e\u0449\u044c\u044e \u0441\u0442\u0440\u0435\u043b\u043e\u043a-\u043f\u0440\u043e\u0441\u0442\u0440\u043e\u0447\u0435\u043a.\" \/>\n<meta property=\"og:url\" content=\"https:\/\/armonti.eu\/et\/toode\/naiste-palazzo-puksid-vooga\/\" \/>\n<meta property=\"og:site_name\" content=\"\u041c\u0430\u0433\u0430\u0437\u0438\u043d \u043e\u0434\u0435\u0436\u0434\u044b ARMONTI\" \/>\n<meta property=\"og:image\" content=\"https:\/\/armonti.eu\/wp-content\/uploads\/2026\/01\/img_2620.jpg\" \/>\n\t<meta property=\"og:image:width\" content=\"788\" \/>\n\t<meta property=\"og:image:height\" content=\"1050\" \/>\n\t<meta property=\"og:image:type\" content=\"image\/jpeg\" \/>\n<meta name=\"twitter:card\" content=\"summary_large_image\" \/>\n<script type=\"application\/ld+json\" class=\"yoast-schema-graph\">{\"@context\":\"https:\\\/\\\/schema.org\",\"@graph\":[{\"@type\":\"WebPage\",\"@id\":\"https:\\\/\\\/armonti.eu\\\/et\\\/toode\\\/naiste-palazzo-puksid-vooga\\\/\",\"url\":\"https:\\\/\\\/armonti.eu\\\/et\\\/toode\\\/naiste-palazzo-puksid-vooga\\\/\",\"name\":\"Naiste palazzo-p\u00fcksid v\u00f6\u00f6ga - \u041c\u0430\u0433\u0430\u0437\u0438\u043d \u043e\u0434\u0435\u0436\u0434\u044b ARMONTI\",\"isPartOf\":{\"@id\":\"https:\\\/\\\/armonti.eu\\\/#website\"},\"primaryImageOfPage\":{\"@id\":\"https:\\\/\\\/armonti.eu\\\/et\\\/toode\\\/naiste-palazzo-puksid-vooga\\\/#primaryimage\"},\"image\":{\"@id\":\"https:\\\/\\\/armonti.eu\\\/et\\\/toode\\\/naiste-palazzo-puksid-vooga\\\/#primaryimage\"},\"thumbnailUrl\":\"https:\\\/\\\/armonti.eu\\\/wp-content\\\/uploads\\\/2026\\\/01\\\/img_2620.jpg\",\"datePublished\":\"2026-01-09T13:57:58+00:00\",\"description\":\"\u042d\u0442\u0438 \u0441\u0432\u043e\u0431\u043e\u0434\u043d\u044b\u0435 \u0431\u0440\u044e\u043a\u0438 \u043e\u0442 Armonti \u0441\u043e\u0437\u0434\u0430\u044e\u0442 \u0443\u044e\u0442 \u0431\u043b\u0430\u0433\u043e\u0434\u0430\u0440\u044f \u043c\u044f\u0433\u043a\u043e\u043c\u0443 \u0442\u0451\u043f\u043b\u043e\u043c\u0443 \u043c\u0430\u0442\u0435\u0440\u0438\u0430\u043b\u0443, \u0430 \u0444\u0430\u0441\u043e\u043d \u2014 \u0438\u0437\u044e\u043c\u0438\u043d\u043a\u0443 \u0441 \u043f\u043e\u043c\u043e\u0449\u044c\u044e \u0441\u0442\u0440\u0435\u043b\u043e\u043a-\u043f\u0440\u043e\u0441\u0442\u0440\u043e\u0447\u0435\u043a.\",\"breadcrumb\":{\"@id\":\"https:\\\/\\\/armonti.eu\\\/et\\\/toode\\\/naiste-palazzo-puksid-vooga\\\/#breadcrumb\"},\"inLanguage\":\"et\",\"potentialAction\":[{\"@type\":\"ReadAction\",\"target\":[\"https:\\\/\\\/armonti.eu\\\/et\\\/toode\\\/naiste-palazzo-puksid-vooga\\\/\"]}]},{\"@type\":\"ImageObject\",\"inLanguage\":\"et\",\"@id\":\"https:\\\/\\\/armonti.eu\\\/et\\\/toode\\\/naiste-palazzo-puksid-vooga\\\/#primaryimage\",\"url\":\"https:\\\/\\\/armonti.eu\\\/wp-content\\\/uploads\\\/2026\\\/01\\\/img_2620.jpg\",\"contentUrl\":\"https:\\\/\\\/armonti.eu\\\/wp-content\\\/uploads\\\/2026\\\/01\\\/img_2620.jpg\",\"width\":788,\"height\":1050},{\"@type\":\"BreadcrumbList\",\"@id\":\"https:\\\/\\\/armonti.eu\\\/et\\\/toode\\\/naiste-palazzo-puksid-vooga\\\/#breadcrumb\",\"itemListElement\":[{\"@type\":\"ListItem\",\"position\":1,\"name\":\"\u0413\u043b\u0430\u0432\u043d\u0430\u044f\",\"item\":\"https:\\\/\\\/armonti.eu\\\/\"},{\"@type\":\"ListItem\",\"position\":2,\"name\":\"Shop\",\"item\":\"https:\\\/\\\/armonti.eu\\\/et\\\/shop\\\/\"},{\"@type\":\"ListItem\",\"position\":3,\"name\":\"Naiste palazzo-p\u00fcksid v\u00f6\u00f6ga\"}]},{\"@type\":\"WebSite\",\"@id\":\"https:\\\/\\\/armonti.eu\\\/#website\",\"url\":\"https:\\\/\\\/armonti.eu\\\/\",\"name\":\"ARMONTI\",\"description\":\"\",\"publisher\":{\"@id\":\"https:\\\/\\\/armonti.eu\\\/#organization\"},\"alternateName\":\"\u0416\u0435\u043d\u0441\u043a\u0430\u044f \u0431\u0440\u0435\u043d\u0434\u043e\u0432\u0430\u044f \u043e\u0434\u0435\u0436\u0434\u0430\",\"potentialAction\":[{\"@type\":\"SearchAction\",\"target\":{\"@type\":\"EntryPoint\",\"urlTemplate\":\"https:\\\/\\\/armonti.eu\\\/?s={search_term_string}\"},\"query-input\":{\"@type\":\"PropertyValueSpecification\",\"valueRequired\":true,\"valueName\":\"search_term_string\"}}],\"inLanguage\":\"et\"},{\"@type\":\"Organization\",\"@id\":\"https:\\\/\\\/armonti.eu\\\/#organization\",\"name\":\"ARMONTI\",\"alternateName\":\"\u0416\u0435\u043d\u0441\u043a\u0430\u044f \u0431\u0440\u0435\u043d\u0434\u043e\u0432\u0430\u044f \u043e\u0434\u0435\u0436\u0434\u0430\",\"url\":\"https:\\\/\\\/armonti.eu\\\/\",\"logo\":{\"@type\":\"ImageObject\",\"inLanguage\":\"et\",\"@id\":\"https:\\\/\\\/armonti.eu\\\/#\\\/schema\\\/logo\\\/image\\\/\",\"url\":\"https:\\\/\\\/armonti.eu\\\/wp-content\\\/uploads\\\/2023\\\/05\\\/armonti-logo-white.png\",\"contentUrl\":\"https:\\\/\\\/armonti.eu\\\/wp-content\\\/uploads\\\/2023\\\/05\\\/armonti-logo-white.png\",\"width\":2165,\"height\":554,\"caption\":\"ARMONTI\"},\"image\":{\"@id\":\"https:\\\/\\\/armonti.eu\\\/#\\\/schema\\\/logo\\\/image\\\/\"}}]}<\/script>\n<!-- \/ Yoast SEO plugin. -->","yoast_head_json":{"title":"Naiste palazzo-p\u00fcksid v\u00f6\u00f6ga - \u041c\u0430\u0433\u0430\u0437\u0438\u043d \u043e\u0434\u0435\u0436\u0434\u044b ARMONTI","description":"\u042d\u0442\u0438 \u0441\u0432\u043e\u0431\u043e\u0434\u043d\u044b\u0435 \u0431\u0440\u044e\u043a\u0438 \u043e\u0442 Armonti \u0441\u043e\u0437\u0434\u0430\u044e\u0442 \u0443\u044e\u0442 \u0431\u043b\u0430\u0433\u043e\u0434\u0430\u0440\u044f \u043c\u044f\u0433\u043a\u043e\u043c\u0443 \u0442\u0451\u043f\u043b\u043e\u043c\u0443 \u043c\u0430\u0442\u0435\u0440\u0438\u0430\u043b\u0443, \u0430 \u0444\u0430\u0441\u043e\u043d \u2014 \u0438\u0437\u044e\u043c\u0438\u043d\u043a\u0443 \u0441 \u043f\u043e\u043c\u043e\u0449\u044c\u044e \u0441\u0442\u0440\u0435\u043b\u043e\u043a-\u043f\u0440\u043e\u0441\u0442\u0440\u043e\u0447\u0435\u043a.","robots":{"index":"index","follow":"follow","max-snippet":"max-snippet:-1","max-image-preview":"max-image-preview:large","max-video-preview":"max-video-preview:-1"},"canonical":"https:\/\/armonti.eu\/et\/toode\/naiste-palazzo-puksid-vooga\/","og_locale":"et_EE","og_type":"article","og_title":"Naiste palazzo-p\u00fcksid v\u00f6\u00f6ga - \u041c\u0430\u0433\u0430\u0437\u0438\u043d \u043e\u0434\u0435\u0436\u0434\u044b ARMONTI","og_description":"\u042d\u0442\u0438 \u0441\u0432\u043e\u0431\u043e\u0434\u043d\u044b\u0435 \u0431\u0440\u044e\u043a\u0438 \u043e\u0442 Armonti \u0441\u043e\u0437\u0434\u0430\u044e\u0442 \u0443\u044e\u0442 \u0431\u043b\u0430\u0433\u043e\u0434\u0430\u0440\u044f \u043c\u044f\u0433\u043a\u043e\u043c\u0443 \u0442\u0451\u043f\u043b\u043e\u043c\u0443 \u043c\u0430\u0442\u0435\u0440\u0438\u0430\u043b\u0443, \u0430 \u0444\u0430\u0441\u043e\u043d \u2014 \u0438\u0437\u044e\u043c\u0438\u043d\u043a\u0443 \u0441 \u043f\u043e\u043c\u043e\u0449\u044c\u044e \u0441\u0442\u0440\u0435\u043b\u043e\u043a-\u043f\u0440\u043e\u0441\u0442\u0440\u043e\u0447\u0435\u043a.","og_url":"https:\/\/armonti.eu\/et\/toode\/naiste-palazzo-puksid-vooga\/","og_site_name":"\u041c\u0430\u0433\u0430\u0437\u0438\u043d \u043e\u0434\u0435\u0436\u0434\u044b ARMONTI","og_image":[{"width":788,"height":1050,"url":"https:\/\/armonti.eu\/wp-content\/uploads\/2026\/01\/img_2620.jpg","type":"image\/jpeg"}],"twitter_card":"summary_large_image","schema":{"@context":"https:\/\/schema.org","@graph":[{"@type":"WebPage","@id":"https:\/\/armonti.eu\/et\/toode\/naiste-palazzo-puksid-vooga\/","url":"https:\/\/armonti.eu\/et\/toode\/naiste-palazzo-puksid-vooga\/","name":"Naiste palazzo-p\u00fcksid v\u00f6\u00f6ga - \u041c\u0430\u0433\u0430\u0437\u0438\u043d \u043e\u0434\u0435\u0436\u0434\u044b ARMONTI","isPartOf":{"@id":"https:\/\/armonti.eu\/#website"},"primaryImageOfPage":{"@id":"https:\/\/armonti.eu\/et\/toode\/naiste-palazzo-puksid-vooga\/#primaryimage"},"image":{"@id":"https:\/\/armonti.eu\/et\/toode\/naiste-palazzo-puksid-vooga\/#primaryimage"},"thumbnailUrl":"https:\/\/armonti.eu\/wp-content\/uploads\/2026\/01\/img_2620.jpg","datePublished":"2026-01-09T13:57:58+00:00","description":"\u042d\u0442\u0438 \u0441\u0432\u043e\u0431\u043e\u0434\u043d\u044b\u0435 \u0431\u0440\u044e\u043a\u0438 \u043e\u0442 Armonti \u0441\u043e\u0437\u0434\u0430\u044e\u0442 \u0443\u044e\u0442 \u0431\u043b\u0430\u0433\u043e\u0434\u0430\u0440\u044f \u043c\u044f\u0433\u043a\u043e\u043c\u0443 \u0442\u0451\u043f\u043b\u043e\u043c\u0443 \u043c\u0430\u0442\u0435\u0440\u0438\u0430\u043b\u0443, \u0430 \u0444\u0430\u0441\u043e\u043d \u2014 \u0438\u0437\u044e\u043c\u0438\u043d\u043a\u0443 \u0441 \u043f\u043e\u043c\u043e\u0449\u044c\u044e \u0441\u0442\u0440\u0435\u043b\u043e\u043a-\u043f\u0440\u043e\u0441\u0442\u0440\u043e\u0447\u0435\u043a.","breadcrumb":{"@id":"https:\/\/armonti.eu\/et\/toode\/naiste-palazzo-puksid-vooga\/#breadcrumb"},"inLanguage":"et","potentialAction":[{"@type":"ReadAction","target":["https:\/\/armonti.eu\/et\/toode\/naiste-palazzo-puksid-vooga\/"]}]},{"@type":"ImageObject","inLanguage":"et","@id":"https:\/\/armonti.eu\/et\/toode\/naiste-palazzo-puksid-vooga\/#primaryimage","url":"https:\/\/armonti.eu\/wp-content\/uploads\/2026\/01\/img_2620.jpg","contentUrl":"https:\/\/armonti.eu\/wp-content\/uploads\/2026\/01\/img_2620.jpg","width":788,"height":1050},{"@type":"BreadcrumbList","@id":"https:\/\/armonti.eu\/et\/toode\/naiste-palazzo-puksid-vooga\/#breadcrumb","itemListElement":[{"@type":"ListItem","position":1,"name":"\u0413\u043b\u0430\u0432\u043d\u0430\u044f","item":"https:\/\/armonti.eu\/"},{"@type":"ListItem","position":2,"name":"Shop","item":"https:\/\/armonti.eu\/et\/shop\/"},{"@type":"ListItem","position":3,"name":"Naiste palazzo-p\u00fcksid v\u00f6\u00f6ga"}]},{"@type":"WebSite","@id":"https:\/\/armonti.eu\/#website","url":"https:\/\/armonti.eu\/","name":"ARMONTI","description":"","publisher":{"@id":"https:\/\/armonti.eu\/#organization"},"alternateName":"\u0416\u0435\u043d\u0441\u043a\u0430\u044f \u0431\u0440\u0435\u043d\u0434\u043e\u0432\u0430\u044f \u043e\u0434\u0435\u0436\u0434\u0430","potentialAction":[{"@type":"SearchAction","target":{"@type":"EntryPoint","urlTemplate":"https:\/\/armonti.eu\/?s={search_term_string}"},"query-input":{"@type":"PropertyValueSpecification","valueRequired":true,"valueName":"search_term_string"}}],"inLanguage":"et"},{"@type":"Organization","@id":"https:\/\/armonti.eu\/#organization","name":"ARMONTI","alternateName":"\u0416\u0435\u043d\u0441\u043a\u0430\u044f \u0431\u0440\u0435\u043d\u0434\u043e\u0432\u0430\u044f \u043e\u0434\u0435\u0436\u0434\u0430","url":"https:\/\/armonti.eu\/","logo":{"@type":"ImageObject","inLanguage":"et","@id":"https:\/\/armonti.eu\/#\/schema\/logo\/image\/","url":"https:\/\/armonti.eu\/wp-content\/uploads\/2023\/05\/armonti-logo-white.png","contentUrl":"https:\/\/armonti.eu\/wp-content\/uploads\/2023\/05\/armonti-logo-white.png","width":2165,"height":554,"caption":"ARMONTI"},"image":{"@id":"https:\/\/armonti.eu\/#\/schema\/logo\/image\/"}}]}},"_links":{"self":[{"href":"https:\/\/armonti.eu\/et\/wp-json\/wp\/v2\/product\/42722","targetHints":{"allow":["GET"]}}],"collection":[{"href":"https:\/\/armonti.eu\/et\/wp-json\/wp\/v2\/product"}],"about":[{"href":"https:\/\/armonti.eu\/et\/wp-json\/wp\/v2\/types\/product"}],"replies":[{"embeddable":true,"href":"https:\/\/armonti.eu\/et\/wp-json\/wp\/v2\/comments?post=42722"}],"wp:featuredmedia":[{"embeddable":true,"href":"https:\/\/armonti.eu\/et\/wp-json\/wp\/v2\/media\/34256"}],"wp:attachment":[{"href":"https:\/\/armonti.eu\/et\/wp-json\/wp\/v2\/media?parent=42722"}],"wp:term":[{"taxonomy":"product_brand","embeddable":true,"href":"https:\/\/armonti.eu\/et\/wp-json\/wp\/v2\/product_brand?post=42722"},{"taxonomy":"product_cat","embeddable":true,"href":"https:\/\/armonti.eu\/et\/wp-json\/wp\/v2\/product_cat?post=42722"},{"taxonomy":"product_tag","embeddable":true,"href":"https:\/\/armonti.eu\/et\/wp-json\/wp\/v2\/product_tag?post=42722"}],"curies":[{"name":"wp","href":"https:\/\/api.w.org\/{rel}","templated":true}]}}