{"id":42652,"date":"2025-08-05T19:28:00","date_gmt":"2025-08-05T16:28:00","guid":{"rendered":"https:\/\/armonti.eu\/product\/dressikomplekt-peen-frotee-10\/"},"modified":"2025-08-05T19:28:00","modified_gmt":"2025-08-05T16:28:00","slug":"dressikomplekt-peen-frotee-10","status":"publish","type":"product","link":"https:\/\/armonti.eu\/et\/toode\/dressikomplekt-peen-frotee-10\/","title":{"rendered":"Dressikomplekt peen frotee"},"content":{"rendered":"<p>ARMONTI eksklusiivne \u00f5mblust\u00f6\u00f6<\/p>\n<p>ARMONTI pakub eksklusiivseid \u00fclikondi, mis on valmistatud k\u00f5rgekvaliteedilisest Penye-kangast!<br \/>\nPenie kvaliteediga talvine spordikomplekt fliisiga, valmistatud pehmest ja soojast trikookangast fliisiga aluskihiga.<br \/>\nMeie soojade \u00fclikondade individuaalselt v\u00e4lja t\u00f6\u00f6tatud l\u00f5iked tagavad ideaalse istuvuse, pakkudes kandmisel lisamugavust ja hubasust, ning pehme fliis hoiab soojas isegi k\u00f5ige k\u00fclmemate ilmade korral.<br \/>\nKomplekt sisaldab klassikalist kapuutsiga pusa, millel on topeltkapuuts ja mahukas k\u00e4nguru-tasku. P\u00fcksid on jogger-p\u00fcksid, millel on k\u00fcljetaskud ja elastne v\u00f6\u00f6, et tagada maksimaalne mugavus.<br \/>\nP\u00e9nie trikookangas (80% puuvill) ei v\u00e4rvi, ei veni, ei deformeeru pesemisel ega kerki.<br \/>\nPenie kvaliteediga trikookangast tooted \u2013 s\u00e4ilitavad suurep\u00e4raselt oma kuju.<\/p>\n<p>Vali endale sobiv kost\u00fc\u00fcm Armonti valikust!<\/p>\n<p>Soovitused: enne kandmist pesta tagurpidi p\u00f6\u00f6ratuna eraldi teistest riietest<br \/>\nHooldus: triikida temperatuuril 110 \u00b0C, valgendamine keelatud, \u00f5rnpesu 30 \u00b0C eraldi teistest riietest<\/p>\n<p>T\u00e4iusliku v\u00e4limuse saavutamiseks soovitame tutvuda meie vestide ja mantlite valikuga.<\/p>\n<p>Tellimuse vormistamisel m\u00e4rgi palun oma t\u00e4psed m\u00f5\u00f5dud (puusad, v\u00f6\u00f6koht ja pikkus), et saaksime sulle sobivaima suuruse valida.<br \/>Toode on saadaval nii poes kui ka veebipoes!<\/p>\n<p>Tootekood: 3055<\/p>\n","protected":false},"excerpt":{"rendered":"<p>Koostis: 80% puuvill, 20% pol\u00fcester.<br \/>\nV\u00e4rv: oliiviroheline<br \/>\nSuurused: S, M, L, XL, XXL<br \/>Seda toodet saab osta nii kauplusest kui ka veebist!<br \/>\nSoovi korral v\u00f5ite valida v\u00f5imaluse<br \/>\ntasuta kauplusest \u00e4raviimiseks koos proovimisega!<\/p>\n","protected":false},"featured_media":31000,"comment_status":"open","ping_status":"closed","template":"","meta":[],"product_brand":[],"product_cat":[452,333,453],"product_tag":[],"class_list":{"0":"post-42652","1":"product","2":"type-product","3":"status-publish","4":"has-post-thumbnail","6":"product_cat-dressid","7":"product_cat-hity-prodazh-et","8":"product_cat-soe-dressikomplektid","10":"first","11":"instock","12":"shipping-taxable","13":"purchasable","14":"product-type-variable"},"yoast_head":"<!-- This site is optimized with the Yoast SEO plugin v27.5 - https:\/\/yoast.com\/product\/yoast-seo-wordpress\/ -->\n<title>Dressikomplekt peen frotee - \u041c\u0430\u0433\u0430\u0437\u0438\u043d \u043e\u0434\u0435\u0436\u0434\u044b ARMONTI<\/title>\n<meta name=\"description\" content=\"Kvaliteetne fliisiga vooderdatud dress. Mugav ja stiilne spordidress, valmistatud pehmest ja soojast fliisiga vooderdatud trikookangast.\" \/>\n<meta name=\"robots\" content=\"index, follow, max-snippet:-1, max-image-preview:large, max-video-preview:-1\" \/>\n<link rel=\"canonical\" href=\"https:\/\/armonti.eu\/et\/toode\/dressikomplekt-peen-frotee-10\/\" \/>\n<meta property=\"og:locale\" content=\"et_EE\" \/>\n<meta property=\"og:type\" content=\"article\" \/>\n<meta property=\"og:title\" content=\"Dressikomplekt peen frotee - \u041c\u0430\u0433\u0430\u0437\u0438\u043d \u043e\u0434\u0435\u0436\u0434\u044b ARMONTI\" \/>\n<meta property=\"og:description\" content=\"Kvaliteetne fliisiga vooderdatud froteest spordikomplekt. Mugav ja stiilne spordikomplekt, mis on valmistatud pehmest ja soojast froteest fliisiga vooderdusega.\" \/>\n<meta property=\"og:url\" content=\"https:\/\/armonti.eu\/et\/toode\/dressikomplekt-peen-frotee-10\/\" \/>\n<meta property=\"og:site_name\" content=\"\u041c\u0430\u0433\u0430\u0437\u0438\u043d \u043e\u0434\u0435\u0436\u0434\u044b ARMONTI\" \/>\n<meta property=\"og:image\" content=\"https:\/\/armonti.eu\/wp-content\/uploads\/2025\/08\/img_5706.jpg\" \/>\n\t<meta property=\"og:image:width\" content=\"975\" \/>\n\t<meta property=\"og:image:height\" content=\"1300\" \/>\n\t<meta property=\"og:image:type\" content=\"image\/jpeg\" \/>\n<meta name=\"twitter:card\" content=\"summary_large_image\" \/>\n<meta name=\"twitter:description\" content=\"Kvaliteetne fliisiga vooderdatud froteest spordikomplekt. Mugav ja stiilne spordikomplekt, mis on valmistatud pehmest ja soojast froteest fliisiga vooderdusega.\" \/>\n<meta name=\"twitter:label1\" content=\"Est. reading time\" \/>\n\t<meta name=\"twitter:data1\" content=\"1 minut\" \/>\n<script type=\"application\/ld+json\" class=\"yoast-schema-graph\">{\"@context\":\"https:\\\/\\\/schema.org\",\"@graph\":[{\"@type\":\"WebPage\",\"@id\":\"https:\\\/\\\/armonti.eu\\\/et\\\/toode\\\/dressikomplekt-peen-frotee-10\\\/\",\"url\":\"https:\\\/\\\/armonti.eu\\\/et\\\/toode\\\/dressikomplekt-peen-frotee-10\\\/\",\"name\":\"Dressikomplekt peen frotee - \u041c\u0430\u0433\u0430\u0437\u0438\u043d \u043e\u0434\u0435\u0436\u0434\u044b ARMONTI\",\"isPartOf\":{\"@id\":\"https:\\\/\\\/armonti.eu\\\/#website\"},\"primaryImageOfPage\":{\"@id\":\"https:\\\/\\\/armonti.eu\\\/et\\\/toode\\\/dressikomplekt-peen-frotee-10\\\/#primaryimage\"},\"image\":{\"@id\":\"https:\\\/\\\/armonti.eu\\\/et\\\/toode\\\/dressikomplekt-peen-frotee-10\\\/#primaryimage\"},\"thumbnailUrl\":\"https:\\\/\\\/armonti.eu\\\/wp-content\\\/uploads\\\/2025\\\/08\\\/img_5706.jpg\",\"datePublished\":\"2025-08-05T16:28:00+00:00\",\"description\":\"Kvaliteetne fliisiga vooderdatud dress. Mugav ja stiilne spordidress, valmistatud pehmest ja soojast fliisiga vooderdatud trikookangast.\",\"breadcrumb\":{\"@id\":\"https:\\\/\\\/armonti.eu\\\/et\\\/toode\\\/dressikomplekt-peen-frotee-10\\\/#breadcrumb\"},\"inLanguage\":\"et\",\"potentialAction\":[{\"@type\":\"ReadAction\",\"target\":[\"https:\\\/\\\/armonti.eu\\\/et\\\/toode\\\/dressikomplekt-peen-frotee-10\\\/\"]}]},{\"@type\":\"ImageObject\",\"inLanguage\":\"et\",\"@id\":\"https:\\\/\\\/armonti.eu\\\/et\\\/toode\\\/dressikomplekt-peen-frotee-10\\\/#primaryimage\",\"url\":\"https:\\\/\\\/armonti.eu\\\/wp-content\\\/uploads\\\/2025\\\/08\\\/img_5706.jpg\",\"contentUrl\":\"https:\\\/\\\/armonti.eu\\\/wp-content\\\/uploads\\\/2025\\\/08\\\/img_5706.jpg\",\"width\":975,\"height\":1300},{\"@type\":\"BreadcrumbList\",\"@id\":\"https:\\\/\\\/armonti.eu\\\/et\\\/toode\\\/dressikomplekt-peen-frotee-10\\\/#breadcrumb\",\"itemListElement\":[{\"@type\":\"ListItem\",\"position\":1,\"name\":\"\u0413\u043b\u0430\u0432\u043d\u0430\u044f\",\"item\":\"https:\\\/\\\/armonti.eu\\\/\"},{\"@type\":\"ListItem\",\"position\":2,\"name\":\"Shop\",\"item\":\"https:\\\/\\\/armonti.eu\\\/et\\\/shop\\\/\"},{\"@type\":\"ListItem\",\"position\":3,\"name\":\"Dressikomplekt peen frotee\"}]},{\"@type\":\"WebSite\",\"@id\":\"https:\\\/\\\/armonti.eu\\\/#website\",\"url\":\"https:\\\/\\\/armonti.eu\\\/\",\"name\":\"ARMONTI\",\"description\":\"\",\"publisher\":{\"@id\":\"https:\\\/\\\/armonti.eu\\\/#organization\"},\"alternateName\":\"\u0416\u0435\u043d\u0441\u043a\u0430\u044f \u0431\u0440\u0435\u043d\u0434\u043e\u0432\u0430\u044f \u043e\u0434\u0435\u0436\u0434\u0430\",\"potentialAction\":[{\"@type\":\"SearchAction\",\"target\":{\"@type\":\"EntryPoint\",\"urlTemplate\":\"https:\\\/\\\/armonti.eu\\\/?s={search_term_string}\"},\"query-input\":{\"@type\":\"PropertyValueSpecification\",\"valueRequired\":true,\"valueName\":\"search_term_string\"}}],\"inLanguage\":\"et\"},{\"@type\":\"Organization\",\"@id\":\"https:\\\/\\\/armonti.eu\\\/#organization\",\"name\":\"ARMONTI\",\"alternateName\":\"\u0416\u0435\u043d\u0441\u043a\u0430\u044f \u0431\u0440\u0435\u043d\u0434\u043e\u0432\u0430\u044f \u043e\u0434\u0435\u0436\u0434\u0430\",\"url\":\"https:\\\/\\\/armonti.eu\\\/\",\"logo\":{\"@type\":\"ImageObject\",\"inLanguage\":\"et\",\"@id\":\"https:\\\/\\\/armonti.eu\\\/#\\\/schema\\\/logo\\\/image\\\/\",\"url\":\"https:\\\/\\\/armonti.eu\\\/wp-content\\\/uploads\\\/2023\\\/05\\\/armonti-logo-white.png\",\"contentUrl\":\"https:\\\/\\\/armonti.eu\\\/wp-content\\\/uploads\\\/2023\\\/05\\\/armonti-logo-white.png\",\"width\":2165,\"height\":554,\"caption\":\"ARMONTI\"},\"image\":{\"@id\":\"https:\\\/\\\/armonti.eu\\\/#\\\/schema\\\/logo\\\/image\\\/\"}}]}<\/script>\n<!-- \/ Yoast SEO plugin. -->","yoast_head_json":{"title":"Dressikomplekt peen frotee - \u041c\u0430\u0433\u0430\u0437\u0438\u043d \u043e\u0434\u0435\u0436\u0434\u044b ARMONTI","description":"Kvaliteetne fliisiga vooderdatud dress. Mugav ja stiilne spordidress, valmistatud pehmest ja soojast fliisiga vooderdatud trikookangast.","robots":{"index":"index","follow":"follow","max-snippet":"max-snippet:-1","max-image-preview":"max-image-preview:large","max-video-preview":"max-video-preview:-1"},"canonical":"https:\/\/armonti.eu\/et\/toode\/dressikomplekt-peen-frotee-10\/","og_locale":"et_EE","og_type":"article","og_title":"Dressikomplekt peen frotee - \u041c\u0430\u0433\u0430\u0437\u0438\u043d \u043e\u0434\u0435\u0436\u0434\u044b ARMONTI","og_description":"Kvaliteetne fliisiga vooderdatud froteest spordikomplekt. Mugav ja stiilne spordikomplekt, mis on valmistatud pehmest ja soojast froteest fliisiga vooderdusega.","og_url":"https:\/\/armonti.eu\/et\/toode\/dressikomplekt-peen-frotee-10\/","og_site_name":"\u041c\u0430\u0433\u0430\u0437\u0438\u043d \u043e\u0434\u0435\u0436\u0434\u044b ARMONTI","og_image":[{"width":975,"height":1300,"url":"https:\/\/armonti.eu\/wp-content\/uploads\/2025\/08\/img_5706.jpg","type":"image\/jpeg"}],"twitter_card":"summary_large_image","twitter_description":"Kvaliteetne fliisiga vooderdatud froteest spordikomplekt. Mugav ja stiilne spordikomplekt, mis on valmistatud pehmest ja soojast froteest fliisiga vooderdusega.","twitter_misc":{"Est. reading time":"1 minut"},"schema":{"@context":"https:\/\/schema.org","@graph":[{"@type":"WebPage","@id":"https:\/\/armonti.eu\/et\/toode\/dressikomplekt-peen-frotee-10\/","url":"https:\/\/armonti.eu\/et\/toode\/dressikomplekt-peen-frotee-10\/","name":"Dressikomplekt peen frotee - \u041c\u0430\u0433\u0430\u0437\u0438\u043d \u043e\u0434\u0435\u0436\u0434\u044b ARMONTI","isPartOf":{"@id":"https:\/\/armonti.eu\/#website"},"primaryImageOfPage":{"@id":"https:\/\/armonti.eu\/et\/toode\/dressikomplekt-peen-frotee-10\/#primaryimage"},"image":{"@id":"https:\/\/armonti.eu\/et\/toode\/dressikomplekt-peen-frotee-10\/#primaryimage"},"thumbnailUrl":"https:\/\/armonti.eu\/wp-content\/uploads\/2025\/08\/img_5706.jpg","datePublished":"2025-08-05T16:28:00+00:00","description":"Kvaliteetne fliisiga vooderdatud dress. Mugav ja stiilne spordidress, valmistatud pehmest ja soojast fliisiga vooderdatud trikookangast.","breadcrumb":{"@id":"https:\/\/armonti.eu\/et\/toode\/dressikomplekt-peen-frotee-10\/#breadcrumb"},"inLanguage":"et","potentialAction":[{"@type":"ReadAction","target":["https:\/\/armonti.eu\/et\/toode\/dressikomplekt-peen-frotee-10\/"]}]},{"@type":"ImageObject","inLanguage":"et","@id":"https:\/\/armonti.eu\/et\/toode\/dressikomplekt-peen-frotee-10\/#primaryimage","url":"https:\/\/armonti.eu\/wp-content\/uploads\/2025\/08\/img_5706.jpg","contentUrl":"https:\/\/armonti.eu\/wp-content\/uploads\/2025\/08\/img_5706.jpg","width":975,"height":1300},{"@type":"BreadcrumbList","@id":"https:\/\/armonti.eu\/et\/toode\/dressikomplekt-peen-frotee-10\/#breadcrumb","itemListElement":[{"@type":"ListItem","position":1,"name":"\u0413\u043b\u0430\u0432\u043d\u0430\u044f","item":"https:\/\/armonti.eu\/"},{"@type":"ListItem","position":2,"name":"Shop","item":"https:\/\/armonti.eu\/et\/shop\/"},{"@type":"ListItem","position":3,"name":"Dressikomplekt peen frotee"}]},{"@type":"WebSite","@id":"https:\/\/armonti.eu\/#website","url":"https:\/\/armonti.eu\/","name":"ARMONTI","description":"","publisher":{"@id":"https:\/\/armonti.eu\/#organization"},"alternateName":"\u0416\u0435\u043d\u0441\u043a\u0430\u044f \u0431\u0440\u0435\u043d\u0434\u043e\u0432\u0430\u044f \u043e\u0434\u0435\u0436\u0434\u0430","potentialAction":[{"@type":"SearchAction","target":{"@type":"EntryPoint","urlTemplate":"https:\/\/armonti.eu\/?s={search_term_string}"},"query-input":{"@type":"PropertyValueSpecification","valueRequired":true,"valueName":"search_term_string"}}],"inLanguage":"et"},{"@type":"Organization","@id":"https:\/\/armonti.eu\/#organization","name":"ARMONTI","alternateName":"\u0416\u0435\u043d\u0441\u043a\u0430\u044f \u0431\u0440\u0435\u043d\u0434\u043e\u0432\u0430\u044f \u043e\u0434\u0435\u0436\u0434\u0430","url":"https:\/\/armonti.eu\/","logo":{"@type":"ImageObject","inLanguage":"et","@id":"https:\/\/armonti.eu\/#\/schema\/logo\/image\/","url":"https:\/\/armonti.eu\/wp-content\/uploads\/2023\/05\/armonti-logo-white.png","contentUrl":"https:\/\/armonti.eu\/wp-content\/uploads\/2023\/05\/armonti-logo-white.png","width":2165,"height":554,"caption":"ARMONTI"},"image":{"@id":"https:\/\/armonti.eu\/#\/schema\/logo\/image\/"}}]}},"_links":{"self":[{"href":"https:\/\/armonti.eu\/et\/wp-json\/wp\/v2\/product\/42652","targetHints":{"allow":["GET"]}}],"collection":[{"href":"https:\/\/armonti.eu\/et\/wp-json\/wp\/v2\/product"}],"about":[{"href":"https:\/\/armonti.eu\/et\/wp-json\/wp\/v2\/types\/product"}],"replies":[{"embeddable":true,"href":"https:\/\/armonti.eu\/et\/wp-json\/wp\/v2\/comments?post=42652"}],"wp:featuredmedia":[{"embeddable":true,"href":"https:\/\/armonti.eu\/et\/wp-json\/wp\/v2\/media\/31000"}],"wp:attachment":[{"href":"https:\/\/armonti.eu\/et\/wp-json\/wp\/v2\/media?parent=42652"}],"wp:term":[{"taxonomy":"product_brand","embeddable":true,"href":"https:\/\/armonti.eu\/et\/wp-json\/wp\/v2\/product_brand?post=42652"},{"taxonomy":"product_cat","embeddable":true,"href":"https:\/\/armonti.eu\/et\/wp-json\/wp\/v2\/product_cat?post=42652"},{"taxonomy":"product_tag","embeddable":true,"href":"https:\/\/armonti.eu\/et\/wp-json\/wp\/v2\/product_tag?post=42652"}],"curies":[{"name":"wp","href":"https:\/\/api.w.org\/{rel}","templated":true}]}}