{"id":42629,"date":"2026-04-22T11:52:02","date_gmt":"2026-04-22T08:52:02","guid":{"rendered":"https:\/\/armonti.eu\/product\/pealepandud-taskutega-kostuum\/"},"modified":"2026-04-22T11:52:02","modified_gmt":"2026-04-22T08:52:02","slug":"pealepandud-taskutega-kostuum","status":"publish","type":"product","link":"https:\/\/armonti.eu\/et\/toode\/pealepandud-taskutega-kostuum\/","title":{"rendered":"Pealepandud taskutega kost\u00fc\u00fcm"},"content":{"rendered":"<p>See kaasaegne naiste komplekt koosneb jakist ja p\u00fckstest. Moodsat kost\u00fc\u00fcmi, millel on pealekantud taskud, t\u00e4iendab mugavuse huvides t\u00f5mblukk. P\u00fcstkrae kaitseb kaela jaheduse eest. Suured pealekantud taskud on oluline disainielement ja funktsionaalne detail. Originaalne \u00f5mblusdekoratsioon r\u00f5hutab l\u00f5ikejooni ja annab tootele isikup\u00e4ra. Kampsuni alaosa spetsiaalne laiusregulaator aitab toote mahtu h\u00f5lpsasti muuta. P\u00fckste alaosa on samuti reguleeritav kinnitustega vastavalt teie isiklikele soovidele. Universaalne komplekt pealekantavate taskutega sobib d\u00fcnaamilise spordiliku v\u00e4limuse loomiseks. Iga detail ja kaunistus on l\u00e4bim\u00f5eldud mugavaks kasutamiseks.<br \/>\nPikkus s\u00f5ltuvalt suurusest:<br \/>\nJakk 55,5\u201360 cm<br \/>\nP\u00fcksid v\u00e4limine \u00f5mblus 102\u2013108 cm, sisemine 76\u201378 cm<br \/>M\u00f5\u00f5tmistulemustes on lubatud 1\u20132 cm suurune h\u00e4lve, eriti silmkoeliste toodete puhul.<br \/>\nHooldus: \u00f5rnpesu 30 \u00b0C juures, triikimine 110 \u00b0C juures, valgendamine keelatud.<br \/>\n        <\/p>\n<p><strong>Palun m\u00e4rkige tellimuse m\u00e4rkustesse kindlasti oma m\u00f5\u00f5dud (puusa\u00fcmberm\u00f5\u00f5t, talje\u00fcmberm\u00f5\u00f5t ja pikkus), see v\u00f5imaldab valida t\u00e4psema ja sobivama suuruse. <\/strong><\/p>\n<p>Tootekood: 7915<\/p>\n","protected":false},"excerpt":{"rendered":"<p>\u0420\u0430\u0437\u043c\u0435\u0440\u044b: S M L XL<br \/>\n\u0421\u043e\u0441\u0442\u0430\u0432: 69% \u0445\u043b\u043e\u043f\u043e\u043a 31% \u043f\u043e\u043b\u0438\u044d\u0441\u0442\u0435\u0440<br \/>\n\u0426\u0432\u0435\u0442: \u0441\u0432\u0435\u0442\u043b\u043e-\u0431\u0435\u0436\u0435\u0432\u044b\u0439 \u0441\u0435\u0440\u044b\u0439 \u0448\u043e\u043a\u043e\u043b\u0430\u0434 \u0442\u0435\u043c\u043d\u043e-\u0441\u0435\u0440\u044b\u0439<\/p>\n","protected":false},"featured_media":42123,"comment_status":"open","ping_status":"closed","template":"","meta":[],"product_brand":[],"product_cat":[452,454],"product_tag":[],"class_list":{"0":"post-42629","1":"product","2":"type-product","3":"status-publish","4":"has-post-thumbnail","6":"product_cat-dressid","7":"product_cat-ohukesed-dressikomplektid","9":"first","10":"instock","11":"shipping-taxable","12":"purchasable","13":"product-type-variable"},"yoast_head":"<!-- This site is optimized with the Yoast SEO plugin v27.5 - https:\/\/yoast.com\/product\/yoast-seo-wordpress\/ -->\n<title>Pealepandud taskutega kost\u00fc\u00fcm - \u041c\u0430\u0433\u0430\u0437\u0438\u043d \u043e\u0434\u0435\u0436\u0434\u044b ARMONTI<\/title>\n<meta name=\"description\" content=\"Pealepandud taskute ja reguleeritava p\u00fcksis\u00e4\u00e4re laiusega naiste kost\u00fc\u00fcm. T\u00f5mblukuga pusa komplekt igap\u00e4evasteks jalutusk\u00e4ikudeks.\" \/>\n<meta name=\"robots\" content=\"index, follow, max-snippet:-1, max-image-preview:large, max-video-preview:-1\" \/>\n<link rel=\"canonical\" href=\"https:\/\/armonti.eu\/et\/toode\/pealepandud-taskutega-kostuum\/\" \/>\n<meta property=\"og:locale\" content=\"et_EE\" \/>\n<meta property=\"og:type\" content=\"article\" \/>\n<meta property=\"og:title\" content=\"Pealepandud taskutega kost\u00fc\u00fcm - \u041c\u0430\u0433\u0430\u0437\u0438\u043d \u043e\u0434\u0435\u0436\u0434\u044b ARMONTI\" \/>\n<meta property=\"og:description\" content=\"Pealepandud taskute ja reguleeritava p\u00fcksis\u00e4\u00e4re laiusega naiste kost\u00fc\u00fcm. T\u00f5mblukuga pusa komplekt igap\u00e4evasteks jalutusk\u00e4ikudeks.\" \/>\n<meta property=\"og:url\" content=\"https:\/\/armonti.eu\/et\/toode\/pealepandud-taskutega-kostuum\/\" \/>\n<meta property=\"og:site_name\" content=\"\u041c\u0430\u0433\u0430\u0437\u0438\u043d \u043e\u0434\u0435\u0436\u0434\u044b ARMONTI\" \/>\n<meta property=\"og:image\" content=\"https:\/\/armonti.eu\/wp-content\/uploads\/2026\/04\/img_0317-krupnoe.jpg\" \/>\n\t<meta property=\"og:image:width\" content=\"1080\" \/>\n\t<meta property=\"og:image:height\" content=\"1440\" \/>\n\t<meta property=\"og:image:type\" content=\"image\/jpeg\" \/>\n<meta name=\"twitter:card\" content=\"summary_large_image\" \/>\n<meta name=\"twitter:label1\" content=\"Est. reading time\" \/>\n\t<meta name=\"twitter:data1\" content=\"1 minut\" \/>\n<script type=\"application\/ld+json\" class=\"yoast-schema-graph\">{\"@context\":\"https:\\\/\\\/schema.org\",\"@graph\":[{\"@type\":\"WebPage\",\"@id\":\"https:\\\/\\\/armonti.eu\\\/et\\\/toode\\\/pealepandud-taskutega-kostuum\\\/\",\"url\":\"https:\\\/\\\/armonti.eu\\\/et\\\/toode\\\/pealepandud-taskutega-kostuum\\\/\",\"name\":\"Pealepandud taskutega kost\u00fc\u00fcm - \u041c\u0430\u0433\u0430\u0437\u0438\u043d \u043e\u0434\u0435\u0436\u0434\u044b ARMONTI\",\"isPartOf\":{\"@id\":\"https:\\\/\\\/armonti.eu\\\/#website\"},\"primaryImageOfPage\":{\"@id\":\"https:\\\/\\\/armonti.eu\\\/et\\\/toode\\\/pealepandud-taskutega-kostuum\\\/#primaryimage\"},\"image\":{\"@id\":\"https:\\\/\\\/armonti.eu\\\/et\\\/toode\\\/pealepandud-taskutega-kostuum\\\/#primaryimage\"},\"thumbnailUrl\":\"https:\\\/\\\/armonti.eu\\\/wp-content\\\/uploads\\\/2026\\\/04\\\/img_0317-krupnoe.jpg\",\"datePublished\":\"2026-04-22T08:52:02+00:00\",\"description\":\"Pealepandud taskute ja reguleeritava p\u00fcksis\u00e4\u00e4re laiusega naiste kost\u00fc\u00fcm. T\u00f5mblukuga pusa komplekt igap\u00e4evasteks jalutusk\u00e4ikudeks.\",\"breadcrumb\":{\"@id\":\"https:\\\/\\\/armonti.eu\\\/et\\\/toode\\\/pealepandud-taskutega-kostuum\\\/#breadcrumb\"},\"inLanguage\":\"et\",\"potentialAction\":[{\"@type\":\"ReadAction\",\"target\":[\"https:\\\/\\\/armonti.eu\\\/et\\\/toode\\\/pealepandud-taskutega-kostuum\\\/\"]}]},{\"@type\":\"ImageObject\",\"inLanguage\":\"et\",\"@id\":\"https:\\\/\\\/armonti.eu\\\/et\\\/toode\\\/pealepandud-taskutega-kostuum\\\/#primaryimage\",\"url\":\"https:\\\/\\\/armonti.eu\\\/wp-content\\\/uploads\\\/2026\\\/04\\\/img_0317-krupnoe.jpg\",\"contentUrl\":\"https:\\\/\\\/armonti.eu\\\/wp-content\\\/uploads\\\/2026\\\/04\\\/img_0317-krupnoe.jpg\",\"width\":1080,\"height\":1440,\"caption\":\"Pealepandud taskute ja t\u00f5mblukuga pusaga kost\u00fc\u00fcm\"},{\"@type\":\"BreadcrumbList\",\"@id\":\"https:\\\/\\\/armonti.eu\\\/et\\\/toode\\\/pealepandud-taskutega-kostuum\\\/#breadcrumb\",\"itemListElement\":[{\"@type\":\"ListItem\",\"position\":1,\"name\":\"\u0413\u043b\u0430\u0432\u043d\u0430\u044f\",\"item\":\"https:\\\/\\\/armonti.eu\\\/\"},{\"@type\":\"ListItem\",\"position\":2,\"name\":\"Shop\",\"item\":\"https:\\\/\\\/armonti.eu\\\/et\\\/shop\\\/\"},{\"@type\":\"ListItem\",\"position\":3,\"name\":\"Pealepandud taskutega kost\u00fc\u00fcm\"}]},{\"@type\":\"WebSite\",\"@id\":\"https:\\\/\\\/armonti.eu\\\/#website\",\"url\":\"https:\\\/\\\/armonti.eu\\\/\",\"name\":\"ARMONTI\",\"description\":\"\",\"publisher\":{\"@id\":\"https:\\\/\\\/armonti.eu\\\/#organization\"},\"alternateName\":\"\u0416\u0435\u043d\u0441\u043a\u0430\u044f \u0431\u0440\u0435\u043d\u0434\u043e\u0432\u0430\u044f \u043e\u0434\u0435\u0436\u0434\u0430\",\"potentialAction\":[{\"@type\":\"SearchAction\",\"target\":{\"@type\":\"EntryPoint\",\"urlTemplate\":\"https:\\\/\\\/armonti.eu\\\/?s={search_term_string}\"},\"query-input\":{\"@type\":\"PropertyValueSpecification\",\"valueRequired\":true,\"valueName\":\"search_term_string\"}}],\"inLanguage\":\"et\"},{\"@type\":\"Organization\",\"@id\":\"https:\\\/\\\/armonti.eu\\\/#organization\",\"name\":\"ARMONTI\",\"alternateName\":\"\u0416\u0435\u043d\u0441\u043a\u0430\u044f \u0431\u0440\u0435\u043d\u0434\u043e\u0432\u0430\u044f \u043e\u0434\u0435\u0436\u0434\u0430\",\"url\":\"https:\\\/\\\/armonti.eu\\\/\",\"logo\":{\"@type\":\"ImageObject\",\"inLanguage\":\"et\",\"@id\":\"https:\\\/\\\/armonti.eu\\\/#\\\/schema\\\/logo\\\/image\\\/\",\"url\":\"https:\\\/\\\/armonti.eu\\\/wp-content\\\/uploads\\\/2023\\\/05\\\/armonti-logo-white.png\",\"contentUrl\":\"https:\\\/\\\/armonti.eu\\\/wp-content\\\/uploads\\\/2023\\\/05\\\/armonti-logo-white.png\",\"width\":2165,\"height\":554,\"caption\":\"ARMONTI\"},\"image\":{\"@id\":\"https:\\\/\\\/armonti.eu\\\/#\\\/schema\\\/logo\\\/image\\\/\"}}]}<\/script>\n<!-- \/ Yoast SEO plugin. -->","yoast_head_json":{"title":"Pealepandud taskutega kost\u00fc\u00fcm - \u041c\u0430\u0433\u0430\u0437\u0438\u043d \u043e\u0434\u0435\u0436\u0434\u044b ARMONTI","description":"Pealepandud taskute ja reguleeritava p\u00fcksis\u00e4\u00e4re laiusega naiste kost\u00fc\u00fcm. T\u00f5mblukuga pusa komplekt igap\u00e4evasteks jalutusk\u00e4ikudeks.","robots":{"index":"index","follow":"follow","max-snippet":"max-snippet:-1","max-image-preview":"max-image-preview:large","max-video-preview":"max-video-preview:-1"},"canonical":"https:\/\/armonti.eu\/et\/toode\/pealepandud-taskutega-kostuum\/","og_locale":"et_EE","og_type":"article","og_title":"Pealepandud taskutega kost\u00fc\u00fcm - \u041c\u0430\u0433\u0430\u0437\u0438\u043d \u043e\u0434\u0435\u0436\u0434\u044b ARMONTI","og_description":"Pealepandud taskute ja reguleeritava p\u00fcksis\u00e4\u00e4re laiusega naiste kost\u00fc\u00fcm. T\u00f5mblukuga pusa komplekt igap\u00e4evasteks jalutusk\u00e4ikudeks.","og_url":"https:\/\/armonti.eu\/et\/toode\/pealepandud-taskutega-kostuum\/","og_site_name":"\u041c\u0430\u0433\u0430\u0437\u0438\u043d \u043e\u0434\u0435\u0436\u0434\u044b ARMONTI","og_image":[{"width":1080,"height":1440,"url":"https:\/\/armonti.eu\/wp-content\/uploads\/2026\/04\/img_0317-krupnoe.jpg","type":"image\/jpeg"}],"twitter_card":"summary_large_image","twitter_misc":{"Est. reading time":"1 minut"},"schema":{"@context":"https:\/\/schema.org","@graph":[{"@type":"WebPage","@id":"https:\/\/armonti.eu\/et\/toode\/pealepandud-taskutega-kostuum\/","url":"https:\/\/armonti.eu\/et\/toode\/pealepandud-taskutega-kostuum\/","name":"Pealepandud taskutega kost\u00fc\u00fcm - \u041c\u0430\u0433\u0430\u0437\u0438\u043d \u043e\u0434\u0435\u0436\u0434\u044b ARMONTI","isPartOf":{"@id":"https:\/\/armonti.eu\/#website"},"primaryImageOfPage":{"@id":"https:\/\/armonti.eu\/et\/toode\/pealepandud-taskutega-kostuum\/#primaryimage"},"image":{"@id":"https:\/\/armonti.eu\/et\/toode\/pealepandud-taskutega-kostuum\/#primaryimage"},"thumbnailUrl":"https:\/\/armonti.eu\/wp-content\/uploads\/2026\/04\/img_0317-krupnoe.jpg","datePublished":"2026-04-22T08:52:02+00:00","description":"Pealepandud taskute ja reguleeritava p\u00fcksis\u00e4\u00e4re laiusega naiste kost\u00fc\u00fcm. T\u00f5mblukuga pusa komplekt igap\u00e4evasteks jalutusk\u00e4ikudeks.","breadcrumb":{"@id":"https:\/\/armonti.eu\/et\/toode\/pealepandud-taskutega-kostuum\/#breadcrumb"},"inLanguage":"et","potentialAction":[{"@type":"ReadAction","target":["https:\/\/armonti.eu\/et\/toode\/pealepandud-taskutega-kostuum\/"]}]},{"@type":"ImageObject","inLanguage":"et","@id":"https:\/\/armonti.eu\/et\/toode\/pealepandud-taskutega-kostuum\/#primaryimage","url":"https:\/\/armonti.eu\/wp-content\/uploads\/2026\/04\/img_0317-krupnoe.jpg","contentUrl":"https:\/\/armonti.eu\/wp-content\/uploads\/2026\/04\/img_0317-krupnoe.jpg","width":1080,"height":1440,"caption":"Pealepandud taskute ja t\u00f5mblukuga pusaga kost\u00fc\u00fcm"},{"@type":"BreadcrumbList","@id":"https:\/\/armonti.eu\/et\/toode\/pealepandud-taskutega-kostuum\/#breadcrumb","itemListElement":[{"@type":"ListItem","position":1,"name":"\u0413\u043b\u0430\u0432\u043d\u0430\u044f","item":"https:\/\/armonti.eu\/"},{"@type":"ListItem","position":2,"name":"Shop","item":"https:\/\/armonti.eu\/et\/shop\/"},{"@type":"ListItem","position":3,"name":"Pealepandud taskutega kost\u00fc\u00fcm"}]},{"@type":"WebSite","@id":"https:\/\/armonti.eu\/#website","url":"https:\/\/armonti.eu\/","name":"ARMONTI","description":"","publisher":{"@id":"https:\/\/armonti.eu\/#organization"},"alternateName":"\u0416\u0435\u043d\u0441\u043a\u0430\u044f \u0431\u0440\u0435\u043d\u0434\u043e\u0432\u0430\u044f \u043e\u0434\u0435\u0436\u0434\u0430","potentialAction":[{"@type":"SearchAction","target":{"@type":"EntryPoint","urlTemplate":"https:\/\/armonti.eu\/?s={search_term_string}"},"query-input":{"@type":"PropertyValueSpecification","valueRequired":true,"valueName":"search_term_string"}}],"inLanguage":"et"},{"@type":"Organization","@id":"https:\/\/armonti.eu\/#organization","name":"ARMONTI","alternateName":"\u0416\u0435\u043d\u0441\u043a\u0430\u044f \u0431\u0440\u0435\u043d\u0434\u043e\u0432\u0430\u044f \u043e\u0434\u0435\u0436\u0434\u0430","url":"https:\/\/armonti.eu\/","logo":{"@type":"ImageObject","inLanguage":"et","@id":"https:\/\/armonti.eu\/#\/schema\/logo\/image\/","url":"https:\/\/armonti.eu\/wp-content\/uploads\/2023\/05\/armonti-logo-white.png","contentUrl":"https:\/\/armonti.eu\/wp-content\/uploads\/2023\/05\/armonti-logo-white.png","width":2165,"height":554,"caption":"ARMONTI"},"image":{"@id":"https:\/\/armonti.eu\/#\/schema\/logo\/image\/"}}]}},"_links":{"self":[{"href":"https:\/\/armonti.eu\/et\/wp-json\/wp\/v2\/product\/42629","targetHints":{"allow":["GET"]}}],"collection":[{"href":"https:\/\/armonti.eu\/et\/wp-json\/wp\/v2\/product"}],"about":[{"href":"https:\/\/armonti.eu\/et\/wp-json\/wp\/v2\/types\/product"}],"replies":[{"embeddable":true,"href":"https:\/\/armonti.eu\/et\/wp-json\/wp\/v2\/comments?post=42629"}],"wp:featuredmedia":[{"embeddable":true,"href":"https:\/\/armonti.eu\/et\/wp-json\/wp\/v2\/media\/42123"}],"wp:attachment":[{"href":"https:\/\/armonti.eu\/et\/wp-json\/wp\/v2\/media?parent=42629"}],"wp:term":[{"taxonomy":"product_brand","embeddable":true,"href":"https:\/\/armonti.eu\/et\/wp-json\/wp\/v2\/product_brand?post=42629"},{"taxonomy":"product_cat","embeddable":true,"href":"https:\/\/armonti.eu\/et\/wp-json\/wp\/v2\/product_cat?post=42629"},{"taxonomy":"product_tag","embeddable":true,"href":"https:\/\/armonti.eu\/et\/wp-json\/wp\/v2\/product_tag?post=42629"}],"curies":[{"name":"wp","href":"https:\/\/api.w.org\/{rel}","templated":true}]}}