{"id":42058,"date":"2026-03-26T01:21:25","date_gmt":"2026-03-25T22:21:25","guid":{"rendered":"https:\/\/armonti.eu\/product\/bluza-top-pautinka\/"},"modified":"2026-03-26T01:21:25","modified_gmt":"2026-03-25T22:21:25","slug":"bluza-top-pautinka","status":"publish","type":"product","link":"https:\/\/armonti.eu\/et\/toode\/bluza-top-pautinka\/","title":{"rendered":"\u0411\u043b\u0443\u0437\u0430-\u0442\u043e\u043f \u00ab\u041f\u0430\u0443\u0442\u0438\u043d\u043a\u0430\u00bb"},"content":{"rendered":"<p>Kontrastide m\u00e4ng: \u00f5huline pits ja julge \u00f5lgade paljastamine. See pluus on loodud neile, kes soovivad olla t\u00e4helepanu keskpunktis.<br \/>\nPehme pitsmaterjal meenutab \u00f5rna \u00e4mblikuv\u00f5rku \u2013 see langeb keha \u00fcmber graatsiliselt, kuid j\u00e4tab ruumi hingamiseks, mist\u00f5ttu on top mugav isegi soojal ilmaga.<\/p>\n<p>Selle kleidi peamised detailid on silmatorkav volang all\u00e4\u00e4res, mis annab siluetile kergust ja d\u00fcnaamikat, ning avatud \u00f5lad.<br \/>\nSee muudab mudeli \u00fcheaegselt romantiliseks ja julgeks.<\/p>\n<p>T\u00e4htis: Mudelil puudub sisseehitatud top. V\u00f5ite seda kombineerida oma valitud aluspesuga \u2013 n\u00e4htamatu rinnahoidja v\u00f5i kontrastse komplektiga \u2013, luues mitmekihilisi stiile. <\/p>\n<p>M\u00f5\u00f5dud sentimeetrites:<br \/>\nRind 79\u201395 cm<br \/>\nPikkus 50 cm<\/p>\n<p>Hooldus:<br \/>\nTriikimine temperatuuril 110 \u00b0C, valgendamine keelatud, \u00f5rnpesu 30 \u00b0C<\/p>\n<p>Tellimuse vormistamisel m\u00e4rgi palun oma t\u00e4psed m\u00f5\u00f5dud (puusad, v\u00f6\u00f6koht ja pikkus), et saaksime sulle sobivaima suuruse valida.<br \/>Toode on saadaval nii poes kui ka veebipoes!<\/p>\n<p>Tootekood: 85108<\/p>\n","protected":false},"excerpt":{"rendered":"<p>Suurused: \u00fchtne suurus<br \/>\nKoostis: 95% pol\u00fcester, 5% elastaan<br \/>\nV\u00e4rvid: valge, kollane, must<\/p>\n","protected":false},"featured_media":37488,"comment_status":"open","ping_status":"closed","template":"","meta":[],"product_brand":[],"product_cat":[438],"product_tag":[],"class_list":{"0":"post-42058","1":"product","2":"type-product","3":"status-publish","4":"has-post-thumbnail","6":"product_cat-bluzki-i-rubashki-et","8":"first","9":"instock","10":"shipping-taxable","11":"purchasable","12":"product-type-variable"},"yoast_head":"<!-- This site is optimized with the Yoast SEO plugin v27.5 - https:\/\/yoast.com\/product\/yoast-seo-wordpress\/ -->\n<title>\u0411\u043b\u0443\u0437\u0430-\u0442\u043e\u043f \u00ab\u041f\u0430\u0443\u0442\u0438\u043d\u043a\u0430\u00bb - \u041c\u0430\u0433\u0430\u0437\u0438\u043d \u043e\u0434\u0435\u0436\u0434\u044b ARMONTI<\/title>\n<meta name=\"description\" content=\"Kontrastide m\u00e4ng: \u00f5huline pits ja julge \u00f5lgade paljastamine. See pluus on loodud neile, kes soovivad olla t\u00e4helepanu keskpunktis.\" \/>\n<meta name=\"robots\" content=\"index, follow, max-snippet:-1, max-image-preview:large, max-video-preview:-1\" \/>\n<link rel=\"canonical\" href=\"https:\/\/armonti.eu\/et\/toode\/bluza-top-pautinka\/\" \/>\n<meta property=\"og:locale\" content=\"et_EE\" \/>\n<meta property=\"og:type\" content=\"article\" \/>\n<meta property=\"og:title\" content=\"\u0411\u043b\u0443\u0437\u0430-\u0442\u043e\u043f \u00ab\u041f\u0430\u0443\u0442\u0438\u043d\u043a\u0430\u00bb - \u041c\u0430\u0433\u0430\u0437\u0438\u043d \u043e\u0434\u0435\u0436\u0434\u044b ARMONTI\" \/>\n<meta property=\"og:description\" content=\"K\u00f5ige trendikam s\u00fcgisene mantel! Mantli p\u00f6\u00f6ratav krae ja alumine \u00e4\u00e4r on kaunistatud ilusa kunstkarusnahaga. Mantel on figuuris\u00f5bralik, pikendatud ja soe ning sobib ideaalselt nii klassikalise kui ka sportliku stiiliga. N\u00f6\u00f6pkinnitus. V\u00f6\u00f6 kaasas.\" \/>\n<meta property=\"og:url\" content=\"https:\/\/armonti.eu\/et\/toode\/bluza-top-pautinka\/\" \/>\n<meta property=\"og:site_name\" content=\"\u041c\u0430\u0433\u0430\u0437\u0438\u043d \u043e\u0434\u0435\u0436\u0434\u044b ARMONTI\" \/>\n<meta property=\"og:image\" content=\"https:\/\/armonti.eu\/wp-content\/uploads\/2026\/03\/img_4019.jpg\" \/>\n\t<meta property=\"og:image:width\" content=\"863\" \/>\n\t<meta property=\"og:image:height\" content=\"1150\" \/>\n\t<meta property=\"og:image:type\" content=\"image\/jpeg\" \/>\n<meta name=\"twitter:card\" content=\"summary_large_image\" \/>\n<meta name=\"twitter:description\" content=\"K\u00f5ige trendikam s\u00fcgisene mantel! Mantli p\u00f6\u00f6ratav krae ja alumine \u00e4\u00e4r on kaunistatud ilusa kunstkarusnahaga. Mantel on figuuris\u00f5bralik, pikendatud ja soe ning sobib ideaalselt nii klassikalise kui ka sportliku stiiliga. N\u00f6\u00f6pkinnitus. V\u00f6\u00f6 kaasas.\" \/>\n<meta name=\"twitter:label1\" content=\"Est. reading time\" \/>\n\t<meta name=\"twitter:data1\" content=\"1 minut\" \/>\n<script type=\"application\/ld+json\" class=\"yoast-schema-graph\">{\"@context\":\"https:\\\/\\\/schema.org\",\"@graph\":[{\"@type\":\"WebPage\",\"@id\":\"https:\\\/\\\/armonti.eu\\\/et\\\/toode\\\/bluza-top-pautinka\\\/\",\"url\":\"https:\\\/\\\/armonti.eu\\\/et\\\/toode\\\/bluza-top-pautinka\\\/\",\"name\":\"\u0411\u043b\u0443\u0437\u0430-\u0442\u043e\u043f \u00ab\u041f\u0430\u0443\u0442\u0438\u043d\u043a\u0430\u00bb - \u041c\u0430\u0433\u0430\u0437\u0438\u043d \u043e\u0434\u0435\u0436\u0434\u044b ARMONTI\",\"isPartOf\":{\"@id\":\"https:\\\/\\\/armonti.eu\\\/#website\"},\"primaryImageOfPage\":{\"@id\":\"https:\\\/\\\/armonti.eu\\\/et\\\/toode\\\/bluza-top-pautinka\\\/#primaryimage\"},\"image\":{\"@id\":\"https:\\\/\\\/armonti.eu\\\/et\\\/toode\\\/bluza-top-pautinka\\\/#primaryimage\"},\"thumbnailUrl\":\"https:\\\/\\\/armonti.eu\\\/wp-content\\\/uploads\\\/2026\\\/03\\\/img_4019.jpg\",\"datePublished\":\"2026-03-25T22:21:25+00:00\",\"description\":\"Kontrastide m\u00e4ng: \u00f5huline pits ja julge \u00f5lgade paljastamine. See pluus on loodud neile, kes soovivad olla t\u00e4helepanu keskpunktis.\",\"breadcrumb\":{\"@id\":\"https:\\\/\\\/armonti.eu\\\/et\\\/toode\\\/bluza-top-pautinka\\\/#breadcrumb\"},\"inLanguage\":\"et\",\"potentialAction\":[{\"@type\":\"ReadAction\",\"target\":[\"https:\\\/\\\/armonti.eu\\\/et\\\/toode\\\/bluza-top-pautinka\\\/\"]}]},{\"@type\":\"ImageObject\",\"inLanguage\":\"et\",\"@id\":\"https:\\\/\\\/armonti.eu\\\/et\\\/toode\\\/bluza-top-pautinka\\\/#primaryimage\",\"url\":\"https:\\\/\\\/armonti.eu\\\/wp-content\\\/uploads\\\/2026\\\/03\\\/img_4019.jpg\",\"contentUrl\":\"https:\\\/\\\/armonti.eu\\\/wp-content\\\/uploads\\\/2026\\\/03\\\/img_4019.jpg\",\"width\":863,\"height\":1150,\"caption\":\"valge guipure-top\"},{\"@type\":\"BreadcrumbList\",\"@id\":\"https:\\\/\\\/armonti.eu\\\/et\\\/toode\\\/bluza-top-pautinka\\\/#breadcrumb\",\"itemListElement\":[{\"@type\":\"ListItem\",\"position\":1,\"name\":\"\u0413\u043b\u0430\u0432\u043d\u0430\u044f\",\"item\":\"https:\\\/\\\/armonti.eu\\\/\"},{\"@type\":\"ListItem\",\"position\":2,\"name\":\"Shop\",\"item\":\"https:\\\/\\\/armonti.eu\\\/et\\\/shop\\\/\"},{\"@type\":\"ListItem\",\"position\":3,\"name\":\"\u0411\u043b\u0443\u0437\u0430-\u0442\u043e\u043f \u00ab\u041f\u0430\u0443\u0442\u0438\u043d\u043a\u0430\u00bb\"}]},{\"@type\":\"WebSite\",\"@id\":\"https:\\\/\\\/armonti.eu\\\/#website\",\"url\":\"https:\\\/\\\/armonti.eu\\\/\",\"name\":\"ARMONTI\",\"description\":\"\",\"publisher\":{\"@id\":\"https:\\\/\\\/armonti.eu\\\/#organization\"},\"alternateName\":\"\u0416\u0435\u043d\u0441\u043a\u0430\u044f \u0431\u0440\u0435\u043d\u0434\u043e\u0432\u0430\u044f \u043e\u0434\u0435\u0436\u0434\u0430\",\"potentialAction\":[{\"@type\":\"SearchAction\",\"target\":{\"@type\":\"EntryPoint\",\"urlTemplate\":\"https:\\\/\\\/armonti.eu\\\/?s={search_term_string}\"},\"query-input\":{\"@type\":\"PropertyValueSpecification\",\"valueRequired\":true,\"valueName\":\"search_term_string\"}}],\"inLanguage\":\"et\"},{\"@type\":\"Organization\",\"@id\":\"https:\\\/\\\/armonti.eu\\\/#organization\",\"name\":\"ARMONTI\",\"alternateName\":\"\u0416\u0435\u043d\u0441\u043a\u0430\u044f \u0431\u0440\u0435\u043d\u0434\u043e\u0432\u0430\u044f \u043e\u0434\u0435\u0436\u0434\u0430\",\"url\":\"https:\\\/\\\/armonti.eu\\\/\",\"logo\":{\"@type\":\"ImageObject\",\"inLanguage\":\"et\",\"@id\":\"https:\\\/\\\/armonti.eu\\\/#\\\/schema\\\/logo\\\/image\\\/\",\"url\":\"https:\\\/\\\/armonti.eu\\\/wp-content\\\/uploads\\\/2023\\\/05\\\/armonti-logo-white.png\",\"contentUrl\":\"https:\\\/\\\/armonti.eu\\\/wp-content\\\/uploads\\\/2023\\\/05\\\/armonti-logo-white.png\",\"width\":2165,\"height\":554,\"caption\":\"ARMONTI\"},\"image\":{\"@id\":\"https:\\\/\\\/armonti.eu\\\/#\\\/schema\\\/logo\\\/image\\\/\"}}]}<\/script>\n<!-- \/ Yoast SEO plugin. -->","yoast_head_json":{"title":"\u0411\u043b\u0443\u0437\u0430-\u0442\u043e\u043f \u00ab\u041f\u0430\u0443\u0442\u0438\u043d\u043a\u0430\u00bb - \u041c\u0430\u0433\u0430\u0437\u0438\u043d \u043e\u0434\u0435\u0436\u0434\u044b ARMONTI","description":"Kontrastide m\u00e4ng: \u00f5huline pits ja julge \u00f5lgade paljastamine. See pluus on loodud neile, kes soovivad olla t\u00e4helepanu keskpunktis.","robots":{"index":"index","follow":"follow","max-snippet":"max-snippet:-1","max-image-preview":"max-image-preview:large","max-video-preview":"max-video-preview:-1"},"canonical":"https:\/\/armonti.eu\/et\/toode\/bluza-top-pautinka\/","og_locale":"et_EE","og_type":"article","og_title":"\u0411\u043b\u0443\u0437\u0430-\u0442\u043e\u043f \u00ab\u041f\u0430\u0443\u0442\u0438\u043d\u043a\u0430\u00bb - \u041c\u0430\u0433\u0430\u0437\u0438\u043d \u043e\u0434\u0435\u0436\u0434\u044b ARMONTI","og_description":"K\u00f5ige trendikam s\u00fcgisene mantel! Mantli p\u00f6\u00f6ratav krae ja alumine \u00e4\u00e4r on kaunistatud ilusa kunstkarusnahaga. Mantel on figuuris\u00f5bralik, pikendatud ja soe ning sobib ideaalselt nii klassikalise kui ka sportliku stiiliga. N\u00f6\u00f6pkinnitus. V\u00f6\u00f6 kaasas.","og_url":"https:\/\/armonti.eu\/et\/toode\/bluza-top-pautinka\/","og_site_name":"\u041c\u0430\u0433\u0430\u0437\u0438\u043d \u043e\u0434\u0435\u0436\u0434\u044b ARMONTI","og_image":[{"width":863,"height":1150,"url":"https:\/\/armonti.eu\/wp-content\/uploads\/2026\/03\/img_4019.jpg","type":"image\/jpeg"}],"twitter_card":"summary_large_image","twitter_description":"K\u00f5ige trendikam s\u00fcgisene mantel! Mantli p\u00f6\u00f6ratav krae ja alumine \u00e4\u00e4r on kaunistatud ilusa kunstkarusnahaga. Mantel on figuuris\u00f5bralik, pikendatud ja soe ning sobib ideaalselt nii klassikalise kui ka sportliku stiiliga. N\u00f6\u00f6pkinnitus. V\u00f6\u00f6 kaasas.","twitter_misc":{"Est. reading time":"1 minut"},"schema":{"@context":"https:\/\/schema.org","@graph":[{"@type":"WebPage","@id":"https:\/\/armonti.eu\/et\/toode\/bluza-top-pautinka\/","url":"https:\/\/armonti.eu\/et\/toode\/bluza-top-pautinka\/","name":"\u0411\u043b\u0443\u0437\u0430-\u0442\u043e\u043f \u00ab\u041f\u0430\u0443\u0442\u0438\u043d\u043a\u0430\u00bb - \u041c\u0430\u0433\u0430\u0437\u0438\u043d \u043e\u0434\u0435\u0436\u0434\u044b ARMONTI","isPartOf":{"@id":"https:\/\/armonti.eu\/#website"},"primaryImageOfPage":{"@id":"https:\/\/armonti.eu\/et\/toode\/bluza-top-pautinka\/#primaryimage"},"image":{"@id":"https:\/\/armonti.eu\/et\/toode\/bluza-top-pautinka\/#primaryimage"},"thumbnailUrl":"https:\/\/armonti.eu\/wp-content\/uploads\/2026\/03\/img_4019.jpg","datePublished":"2026-03-25T22:21:25+00:00","description":"Kontrastide m\u00e4ng: \u00f5huline pits ja julge \u00f5lgade paljastamine. See pluus on loodud neile, kes soovivad olla t\u00e4helepanu keskpunktis.","breadcrumb":{"@id":"https:\/\/armonti.eu\/et\/toode\/bluza-top-pautinka\/#breadcrumb"},"inLanguage":"et","potentialAction":[{"@type":"ReadAction","target":["https:\/\/armonti.eu\/et\/toode\/bluza-top-pautinka\/"]}]},{"@type":"ImageObject","inLanguage":"et","@id":"https:\/\/armonti.eu\/et\/toode\/bluza-top-pautinka\/#primaryimage","url":"https:\/\/armonti.eu\/wp-content\/uploads\/2026\/03\/img_4019.jpg","contentUrl":"https:\/\/armonti.eu\/wp-content\/uploads\/2026\/03\/img_4019.jpg","width":863,"height":1150,"caption":"valge guipure-top"},{"@type":"BreadcrumbList","@id":"https:\/\/armonti.eu\/et\/toode\/bluza-top-pautinka\/#breadcrumb","itemListElement":[{"@type":"ListItem","position":1,"name":"\u0413\u043b\u0430\u0432\u043d\u0430\u044f","item":"https:\/\/armonti.eu\/"},{"@type":"ListItem","position":2,"name":"Shop","item":"https:\/\/armonti.eu\/et\/shop\/"},{"@type":"ListItem","position":3,"name":"\u0411\u043b\u0443\u0437\u0430-\u0442\u043e\u043f \u00ab\u041f\u0430\u0443\u0442\u0438\u043d\u043a\u0430\u00bb"}]},{"@type":"WebSite","@id":"https:\/\/armonti.eu\/#website","url":"https:\/\/armonti.eu\/","name":"ARMONTI","description":"","publisher":{"@id":"https:\/\/armonti.eu\/#organization"},"alternateName":"\u0416\u0435\u043d\u0441\u043a\u0430\u044f \u0431\u0440\u0435\u043d\u0434\u043e\u0432\u0430\u044f \u043e\u0434\u0435\u0436\u0434\u0430","potentialAction":[{"@type":"SearchAction","target":{"@type":"EntryPoint","urlTemplate":"https:\/\/armonti.eu\/?s={search_term_string}"},"query-input":{"@type":"PropertyValueSpecification","valueRequired":true,"valueName":"search_term_string"}}],"inLanguage":"et"},{"@type":"Organization","@id":"https:\/\/armonti.eu\/#organization","name":"ARMONTI","alternateName":"\u0416\u0435\u043d\u0441\u043a\u0430\u044f \u0431\u0440\u0435\u043d\u0434\u043e\u0432\u0430\u044f \u043e\u0434\u0435\u0436\u0434\u0430","url":"https:\/\/armonti.eu\/","logo":{"@type":"ImageObject","inLanguage":"et","@id":"https:\/\/armonti.eu\/#\/schema\/logo\/image\/","url":"https:\/\/armonti.eu\/wp-content\/uploads\/2023\/05\/armonti-logo-white.png","contentUrl":"https:\/\/armonti.eu\/wp-content\/uploads\/2023\/05\/armonti-logo-white.png","width":2165,"height":554,"caption":"ARMONTI"},"image":{"@id":"https:\/\/armonti.eu\/#\/schema\/logo\/image\/"}}]}},"_links":{"self":[{"href":"https:\/\/armonti.eu\/et\/wp-json\/wp\/v2\/product\/42058","targetHints":{"allow":["GET"]}}],"collection":[{"href":"https:\/\/armonti.eu\/et\/wp-json\/wp\/v2\/product"}],"about":[{"href":"https:\/\/armonti.eu\/et\/wp-json\/wp\/v2\/types\/product"}],"replies":[{"embeddable":true,"href":"https:\/\/armonti.eu\/et\/wp-json\/wp\/v2\/comments?post=42058"}],"wp:featuredmedia":[{"embeddable":true,"href":"https:\/\/armonti.eu\/et\/wp-json\/wp\/v2\/media\/37488"}],"wp:attachment":[{"href":"https:\/\/armonti.eu\/et\/wp-json\/wp\/v2\/media?parent=42058"}],"wp:term":[{"taxonomy":"product_brand","embeddable":true,"href":"https:\/\/armonti.eu\/et\/wp-json\/wp\/v2\/product_brand?post=42058"},{"taxonomy":"product_cat","embeddable":true,"href":"https:\/\/armonti.eu\/et\/wp-json\/wp\/v2\/product_cat?post=42058"},{"taxonomy":"product_tag","embeddable":true,"href":"https:\/\/armonti.eu\/et\/wp-json\/wp\/v2\/product_tag?post=42058"}],"curies":[{"name":"wp","href":"https:\/\/api.w.org\/{rel}","templated":true}]}}