{"id":42047,"date":"2024-12-23T00:32:37","date_gmt":"2024-12-22T21:32:37","guid":{"rendered":"https:\/\/armonti.eu\/product\/lureksiga-sirge-loikega-pluus\/"},"modified":"2024-12-23T00:32:37","modified_gmt":"2024-12-22T21:32:37","slug":"lureksiga-sirge-loikega-pluus","status":"publish","type":"product","link":"https:\/\/armonti.eu\/et\/toode\/lureksiga-sirge-loikega-pluus\/","title":{"rendered":"Lureksiga sirge l\u00f5ikega pluus"},"content":{"rendered":"<p>Efektne l\u00fcreksiga pluus<\/p>\n<p>Sukelduge stiilse elegantsi maailma meie efektse lureksist pluusiga. See vaba ja sirge l\u00f5ikega mudel tagab maksimaalse mugavuse ja liikumisvabaduse, r\u00f5hutades samas teie isikup\u00e4ra. Pluus on t\u00e4iendatud \u00f5rna l\u00e4bipaistva \u0161ifoonist voodriga, mis langeb sujuvalt all\u00e4\u00e4res, andes v\u00e4limusele peene ja \u00f5hulise ilme.  <\/p>\n<p>See pluus sobib ideaalselt nii eriliseks s\u00fcndmuseks kui ka igap\u00e4evaseks kandmiseks ning saab kindlasti teie garderoobi mitmek\u00fclgseks osaks. Kombineerige seda seelikuga v\u00f5i p\u00fckstega, et luua stiilne komplekt, mis ei j\u00e4ta kedagi \u00fcmberringi \u00fcksk\u00f5ikseks! <\/p>\n<p>Toote m\u00f5\u00f5dud sentimeetrites:<br \/>\nRindkere\u00fcmberm\u00f5\u00f5t: 90\u2013108 cm<br \/>\nPikkus: 66 cm<br \/>\nMudel sobib suurusele M\u2013XL<\/p>\n<p>M\u00f5\u00f5tudes on lubatud 1\u20132 cm veam\u00e4\u00e4r, eriti trikoo- ja kudumtoodete puhul. <\/p>\n<p>Hooldus:<br \/>\nTriikimine temperatuuril 110 \u00b0C, valgendamine keelatud, \u00f5rnpesu 30 \u00b0C<br \/>\n<strong>Tellimuse vormistamisel m\u00e4rgi palun oma t\u00e4psed m\u00f5\u00f5dud (puusad, v\u00f6\u00f6koht ja pikkus), et saaksime sulle sobivaima suuruse valida.<br \/>Toode on saadaval nii poes kui ka veebipoes!<\/strong><\/p>\n<p>Tootekood: 6141<\/p>\n","protected":false},"excerpt":{"rendered":"<p>Suurus: ONE SIZE<br \/>\nKoostis: 97% nailon, 3% elastaan<br \/>\nV\u00e4rv: punane, must, h\u00f5bedane, puuderv\u00e4rvi<\/p>\n","protected":false},"featured_media":24930,"comment_status":"open","ping_status":"closed","template":"","meta":[],"product_brand":[],"product_cat":[438],"product_tag":[],"class_list":{"0":"post-42047","1":"product","2":"type-product","3":"status-publish","4":"has-post-thumbnail","6":"product_cat-bluzki-i-rubashki-et","8":"first","9":"instock","10":"sale","11":"shipping-taxable","12":"purchasable","13":"product-type-variable"},"yoast_head":"<!-- This site is optimized with the Yoast SEO plugin v27.4 - https:\/\/yoast.com\/product\/yoast-seo-wordpress\/ -->\n<title>Lureksiga sirge l\u00f5ikega pluus - \u041c\u0430\u0433\u0430\u0437\u0438\u043d \u043e\u0434\u0435\u0436\u0434\u044b ARMONTI<\/title>\n<meta name=\"description\" content=\"Lureksiga sirge l\u00f5ikega pluus. See vaba ja sirge l\u00f5ikega mudel tagab maksimaalse mugavuse ja liikumisvabaduse, r\u00f5hutades samas teie isikup\u00e4ra.\" \/>\n<meta name=\"robots\" content=\"index, follow, max-snippet:-1, max-image-preview:large, max-video-preview:-1\" \/>\n<link rel=\"canonical\" href=\"https:\/\/armonti.eu\/et\/toode\/lureksiga-sirge-loikega-pluus\/\" \/>\n<meta property=\"og:locale\" content=\"et_EE\" \/>\n<meta property=\"og:type\" content=\"article\" \/>\n<meta property=\"og:title\" content=\"Lureksiga sirge l\u00f5ikega pluus - \u041c\u0430\u0433\u0430\u0437\u0438\u043d \u043e\u0434\u0435\u0436\u0434\u044b ARMONTI\" \/>\n<meta property=\"og:description\" content=\"Lureksiga sirge l\u00f5ikega pluus. See vaba ja sirge l\u00f5ikega mudel tagab maksimaalse mugavuse ja liikumisvabaduse, r\u00f5hutades samas teie isikup\u00e4ra.\" \/>\n<meta property=\"og:url\" content=\"https:\/\/armonti.eu\/et\/toode\/lureksiga-sirge-loikega-pluus\/\" \/>\n<meta property=\"og:site_name\" content=\"\u041c\u0430\u0433\u0430\u0437\u0438\u043d \u043e\u0434\u0435\u0436\u0434\u044b ARMONTI\" \/>\n<meta property=\"og:image\" content=\"https:\/\/armonti.eu\/wp-content\/uploads\/2024\/12\/img_1277.jpg\" \/>\n\t<meta property=\"og:image:width\" content=\"713\" \/>\n\t<meta property=\"og:image:height\" content=\"950\" \/>\n\t<meta property=\"og:image:type\" content=\"image\/jpeg\" \/>\n<meta name=\"twitter:card\" content=\"summary_large_image\" \/>\n<meta name=\"twitter:label1\" content=\"Est. reading time\" \/>\n\t<meta name=\"twitter:data1\" content=\"1 minut\" \/>\n<script type=\"application\/ld+json\" class=\"yoast-schema-graph\">{\"@context\":\"https:\\\/\\\/schema.org\",\"@graph\":[{\"@type\":\"WebPage\",\"@id\":\"https:\\\/\\\/armonti.eu\\\/et\\\/toode\\\/lureksiga-sirge-loikega-pluus\\\/\",\"url\":\"https:\\\/\\\/armonti.eu\\\/et\\\/toode\\\/lureksiga-sirge-loikega-pluus\\\/\",\"name\":\"Lureksiga sirge l\u00f5ikega pluus - \u041c\u0430\u0433\u0430\u0437\u0438\u043d \u043e\u0434\u0435\u0436\u0434\u044b ARMONTI\",\"isPartOf\":{\"@id\":\"https:\\\/\\\/armonti.eu\\\/#website\"},\"primaryImageOfPage\":{\"@id\":\"https:\\\/\\\/armonti.eu\\\/et\\\/toode\\\/lureksiga-sirge-loikega-pluus\\\/#primaryimage\"},\"image\":{\"@id\":\"https:\\\/\\\/armonti.eu\\\/et\\\/toode\\\/lureksiga-sirge-loikega-pluus\\\/#primaryimage\"},\"thumbnailUrl\":\"https:\\\/\\\/armonti.eu\\\/wp-content\\\/uploads\\\/2024\\\/12\\\/img_1277.jpg\",\"datePublished\":\"2024-12-22T21:32:37+00:00\",\"description\":\"Lureksiga sirge l\u00f5ikega pluus. See vaba ja sirge l\u00f5ikega mudel tagab maksimaalse mugavuse ja liikumisvabaduse, r\u00f5hutades samas teie isikup\u00e4ra.\",\"breadcrumb\":{\"@id\":\"https:\\\/\\\/armonti.eu\\\/et\\\/toode\\\/lureksiga-sirge-loikega-pluus\\\/#breadcrumb\"},\"inLanguage\":\"et\",\"potentialAction\":[{\"@type\":\"ReadAction\",\"target\":[\"https:\\\/\\\/armonti.eu\\\/et\\\/toode\\\/lureksiga-sirge-loikega-pluus\\\/\"]}]},{\"@type\":\"ImageObject\",\"inLanguage\":\"et\",\"@id\":\"https:\\\/\\\/armonti.eu\\\/et\\\/toode\\\/lureksiga-sirge-loikega-pluus\\\/#primaryimage\",\"url\":\"https:\\\/\\\/armonti.eu\\\/wp-content\\\/uploads\\\/2024\\\/12\\\/img_1277.jpg\",\"contentUrl\":\"https:\\\/\\\/armonti.eu\\\/wp-content\\\/uploads\\\/2024\\\/12\\\/img_1277.jpg\",\"width\":713,\"height\":950},{\"@type\":\"BreadcrumbList\",\"@id\":\"https:\\\/\\\/armonti.eu\\\/et\\\/toode\\\/lureksiga-sirge-loikega-pluus\\\/#breadcrumb\",\"itemListElement\":[{\"@type\":\"ListItem\",\"position\":1,\"name\":\"\u0413\u043b\u0430\u0432\u043d\u0430\u044f\",\"item\":\"https:\\\/\\\/armonti.eu\\\/\"},{\"@type\":\"ListItem\",\"position\":2,\"name\":\"Shop\",\"item\":\"https:\\\/\\\/armonti.eu\\\/et\\\/shop\\\/\"},{\"@type\":\"ListItem\",\"position\":3,\"name\":\"Lureksiga sirge l\u00f5ikega pluus\"}]},{\"@type\":\"WebSite\",\"@id\":\"https:\\\/\\\/armonti.eu\\\/#website\",\"url\":\"https:\\\/\\\/armonti.eu\\\/\",\"name\":\"ARMONTI\",\"description\":\"\",\"publisher\":{\"@id\":\"https:\\\/\\\/armonti.eu\\\/#organization\"},\"alternateName\":\"\u0416\u0435\u043d\u0441\u043a\u0430\u044f \u0431\u0440\u0435\u043d\u0434\u043e\u0432\u0430\u044f \u043e\u0434\u0435\u0436\u0434\u0430\",\"potentialAction\":[{\"@type\":\"SearchAction\",\"target\":{\"@type\":\"EntryPoint\",\"urlTemplate\":\"https:\\\/\\\/armonti.eu\\\/?s={search_term_string}\"},\"query-input\":{\"@type\":\"PropertyValueSpecification\",\"valueRequired\":true,\"valueName\":\"search_term_string\"}}],\"inLanguage\":\"et\"},{\"@type\":\"Organization\",\"@id\":\"https:\\\/\\\/armonti.eu\\\/#organization\",\"name\":\"ARMONTI\",\"alternateName\":\"\u0416\u0435\u043d\u0441\u043a\u0430\u044f \u0431\u0440\u0435\u043d\u0434\u043e\u0432\u0430\u044f \u043e\u0434\u0435\u0436\u0434\u0430\",\"url\":\"https:\\\/\\\/armonti.eu\\\/\",\"logo\":{\"@type\":\"ImageObject\",\"inLanguage\":\"et\",\"@id\":\"https:\\\/\\\/armonti.eu\\\/#\\\/schema\\\/logo\\\/image\\\/\",\"url\":\"https:\\\/\\\/armonti.eu\\\/wp-content\\\/uploads\\\/2023\\\/05\\\/armonti-logo-white.png\",\"contentUrl\":\"https:\\\/\\\/armonti.eu\\\/wp-content\\\/uploads\\\/2023\\\/05\\\/armonti-logo-white.png\",\"width\":2165,\"height\":554,\"caption\":\"ARMONTI\"},\"image\":{\"@id\":\"https:\\\/\\\/armonti.eu\\\/#\\\/schema\\\/logo\\\/image\\\/\"}}]}<\/script>\n<!-- \/ Yoast SEO plugin. -->","yoast_head_json":{"title":"Lureksiga sirge l\u00f5ikega pluus - \u041c\u0430\u0433\u0430\u0437\u0438\u043d \u043e\u0434\u0435\u0436\u0434\u044b ARMONTI","description":"Lureksiga sirge l\u00f5ikega pluus. See vaba ja sirge l\u00f5ikega mudel tagab maksimaalse mugavuse ja liikumisvabaduse, r\u00f5hutades samas teie isikup\u00e4ra.","robots":{"index":"index","follow":"follow","max-snippet":"max-snippet:-1","max-image-preview":"max-image-preview:large","max-video-preview":"max-video-preview:-1"},"canonical":"https:\/\/armonti.eu\/et\/toode\/lureksiga-sirge-loikega-pluus\/","og_locale":"et_EE","og_type":"article","og_title":"Lureksiga sirge l\u00f5ikega pluus - \u041c\u0430\u0433\u0430\u0437\u0438\u043d \u043e\u0434\u0435\u0436\u0434\u044b ARMONTI","og_description":"Lureksiga sirge l\u00f5ikega pluus. See vaba ja sirge l\u00f5ikega mudel tagab maksimaalse mugavuse ja liikumisvabaduse, r\u00f5hutades samas teie isikup\u00e4ra.","og_url":"https:\/\/armonti.eu\/et\/toode\/lureksiga-sirge-loikega-pluus\/","og_site_name":"\u041c\u0430\u0433\u0430\u0437\u0438\u043d \u043e\u0434\u0435\u0436\u0434\u044b ARMONTI","og_image":[{"width":713,"height":950,"url":"https:\/\/armonti.eu\/wp-content\/uploads\/2024\/12\/img_1277.jpg","type":"image\/jpeg"}],"twitter_card":"summary_large_image","twitter_misc":{"Est. reading time":"1 minut"},"schema":{"@context":"https:\/\/schema.org","@graph":[{"@type":"WebPage","@id":"https:\/\/armonti.eu\/et\/toode\/lureksiga-sirge-loikega-pluus\/","url":"https:\/\/armonti.eu\/et\/toode\/lureksiga-sirge-loikega-pluus\/","name":"Lureksiga sirge l\u00f5ikega pluus - \u041c\u0430\u0433\u0430\u0437\u0438\u043d \u043e\u0434\u0435\u0436\u0434\u044b ARMONTI","isPartOf":{"@id":"https:\/\/armonti.eu\/#website"},"primaryImageOfPage":{"@id":"https:\/\/armonti.eu\/et\/toode\/lureksiga-sirge-loikega-pluus\/#primaryimage"},"image":{"@id":"https:\/\/armonti.eu\/et\/toode\/lureksiga-sirge-loikega-pluus\/#primaryimage"},"thumbnailUrl":"https:\/\/armonti.eu\/wp-content\/uploads\/2024\/12\/img_1277.jpg","datePublished":"2024-12-22T21:32:37+00:00","description":"Lureksiga sirge l\u00f5ikega pluus. See vaba ja sirge l\u00f5ikega mudel tagab maksimaalse mugavuse ja liikumisvabaduse, r\u00f5hutades samas teie isikup\u00e4ra.","breadcrumb":{"@id":"https:\/\/armonti.eu\/et\/toode\/lureksiga-sirge-loikega-pluus\/#breadcrumb"},"inLanguage":"et","potentialAction":[{"@type":"ReadAction","target":["https:\/\/armonti.eu\/et\/toode\/lureksiga-sirge-loikega-pluus\/"]}]},{"@type":"ImageObject","inLanguage":"et","@id":"https:\/\/armonti.eu\/et\/toode\/lureksiga-sirge-loikega-pluus\/#primaryimage","url":"https:\/\/armonti.eu\/wp-content\/uploads\/2024\/12\/img_1277.jpg","contentUrl":"https:\/\/armonti.eu\/wp-content\/uploads\/2024\/12\/img_1277.jpg","width":713,"height":950},{"@type":"BreadcrumbList","@id":"https:\/\/armonti.eu\/et\/toode\/lureksiga-sirge-loikega-pluus\/#breadcrumb","itemListElement":[{"@type":"ListItem","position":1,"name":"\u0413\u043b\u0430\u0432\u043d\u0430\u044f","item":"https:\/\/armonti.eu\/"},{"@type":"ListItem","position":2,"name":"Shop","item":"https:\/\/armonti.eu\/et\/shop\/"},{"@type":"ListItem","position":3,"name":"Lureksiga sirge l\u00f5ikega pluus"}]},{"@type":"WebSite","@id":"https:\/\/armonti.eu\/#website","url":"https:\/\/armonti.eu\/","name":"ARMONTI","description":"","publisher":{"@id":"https:\/\/armonti.eu\/#organization"},"alternateName":"\u0416\u0435\u043d\u0441\u043a\u0430\u044f \u0431\u0440\u0435\u043d\u0434\u043e\u0432\u0430\u044f \u043e\u0434\u0435\u0436\u0434\u0430","potentialAction":[{"@type":"SearchAction","target":{"@type":"EntryPoint","urlTemplate":"https:\/\/armonti.eu\/?s={search_term_string}"},"query-input":{"@type":"PropertyValueSpecification","valueRequired":true,"valueName":"search_term_string"}}],"inLanguage":"et"},{"@type":"Organization","@id":"https:\/\/armonti.eu\/#organization","name":"ARMONTI","alternateName":"\u0416\u0435\u043d\u0441\u043a\u0430\u044f \u0431\u0440\u0435\u043d\u0434\u043e\u0432\u0430\u044f \u043e\u0434\u0435\u0436\u0434\u0430","url":"https:\/\/armonti.eu\/","logo":{"@type":"ImageObject","inLanguage":"et","@id":"https:\/\/armonti.eu\/#\/schema\/logo\/image\/","url":"https:\/\/armonti.eu\/wp-content\/uploads\/2023\/05\/armonti-logo-white.png","contentUrl":"https:\/\/armonti.eu\/wp-content\/uploads\/2023\/05\/armonti-logo-white.png","width":2165,"height":554,"caption":"ARMONTI"},"image":{"@id":"https:\/\/armonti.eu\/#\/schema\/logo\/image\/"}}]}},"_links":{"self":[{"href":"https:\/\/armonti.eu\/et\/wp-json\/wp\/v2\/product\/42047","targetHints":{"allow":["GET"]}}],"collection":[{"href":"https:\/\/armonti.eu\/et\/wp-json\/wp\/v2\/product"}],"about":[{"href":"https:\/\/armonti.eu\/et\/wp-json\/wp\/v2\/types\/product"}],"replies":[{"embeddable":true,"href":"https:\/\/armonti.eu\/et\/wp-json\/wp\/v2\/comments?post=42047"}],"wp:featuredmedia":[{"embeddable":true,"href":"https:\/\/armonti.eu\/et\/wp-json\/wp\/v2\/media\/24930"}],"wp:attachment":[{"href":"https:\/\/armonti.eu\/et\/wp-json\/wp\/v2\/media?parent=42047"}],"wp:term":[{"taxonomy":"product_brand","embeddable":true,"href":"https:\/\/armonti.eu\/et\/wp-json\/wp\/v2\/product_brand?post=42047"},{"taxonomy":"product_cat","embeddable":true,"href":"https:\/\/armonti.eu\/et\/wp-json\/wp\/v2\/product_cat?post=42047"},{"taxonomy":"product_tag","embeddable":true,"href":"https:\/\/armonti.eu\/et\/wp-json\/wp\/v2\/product_tag?post=42047"}],"curies":[{"name":"wp","href":"https:\/\/api.w.org\/{rel}","templated":true}]}}