{"id":42036,"date":"2026-03-17T03:12:56","date_gmt":"2026-03-17T00:12:56","guid":{"rendered":"https:\/\/armonti.eu\/product\/pitsiga-pluus\/"},"modified":"2026-03-17T03:12:56","modified_gmt":"2026-03-17T00:12:56","slug":"pitsiga-pluus","status":"publish","type":"product","link":"https:\/\/armonti.eu\/et\/toode\/pitsiga-pluus\/","title":{"rendered":"Pitsiga pluus"},"content":{"rendered":"<p>Efektne pluus \u00f5hukesest viskoosist, millel on peenid detailid.<br \/>\nSee mudel paistab silma oma romantilise disainiga: esiosa volangid on kaunistatud \u00f5rna pitsiga, mis loob \u00f5hulise mulje.<br \/>\nPeamine erip\u00e4ra on rinnal olev eemaldatava prossiga pael. V\u00f5ite kanda pluusi koos prossiga eriliste s\u00fcndmuste puhul v\u00f5i selle eemaldada, et luua lihtsam igap\u00e4evane stiil.<br \/>\nBro\u0161\u0161i v\u00f5ib kasutada ka eraldi aksessuaarina.<\/p>\n<p>Hooldus:<br \/>\nTriikimine temperatuuril 110 \u00b0C, valgendamine keelatud, \u00f5rnpesu 30 \u00b0C<\/p>\n<p>Tellimuse vormistamisel m\u00e4rgi palun oma t\u00e4psed m\u00f5\u00f5dud (puusad, v\u00f6\u00f6koht ja pikkus), et saaksime sulle sobivaima suuruse valida.<br \/>Toode on saadaval nii poes kui ka veebipoes!<\/p>\n<p>Tootekood: 7079<\/p>\n","protected":false},"excerpt":{"rendered":"<p>\u0420\u0430\u0437\u043c\u0435\u0440\u044b: S\/M M\/L<br \/>\n\u0421\u043e\u0441\u0442\u0430\u0432: 70% \u043f\u043e\u043b\u0438\u044d\u0441\u0442\u0435\u0440, 30% \u0432\u0438\u0441\u043a\u043e\u0437\u0430<br \/>\n\u0426\u0432\u0435\u0442\u0430: \u0431\u0435\u0436, \u043c\u0435\u043d\u0442\u043e\u043b, \u043f\u0435\u0440\u0441\u0438\u043a\u043e\u0432\u044b\u0439, \u0431\u0435\u043b\u044b\u0439, \u0447\u0435\u0440\u043d\u044b\u0439<\/p>\n","protected":false},"featured_media":36952,"comment_status":"open","ping_status":"closed","template":"","meta":[],"product_brand":[],"product_cat":[438,332],"product_tag":[],"class_list":{"0":"post-42036","1":"product","2":"type-product","3":"status-publish","4":"has-post-thumbnail","6":"product_cat-bluzki-i-rubashki-et","7":"product_cat-rasprodazha-et","9":"first","10":"instock","11":"shipping-taxable","12":"purchasable","13":"product-type-variable"},"yoast_head":"<!-- This site is optimized with the Yoast SEO plugin v27.4 - https:\/\/yoast.com\/product\/yoast-seo-wordpress\/ -->\n<title>Pitsiga pluus - \u041c\u0430\u0433\u0430\u0437\u0438\u043d \u043e\u0434\u0435\u0436\u0434\u044b ARMONTI<\/title>\n<meta name=\"description\" content=\"Efektne pluus \u00f5hukesest viskoosist, millel on peenid detailid. Mudel paistab silma romantilise disainiga ja rinnal asuva eemaldatava prossiga.\" \/>\n<meta name=\"robots\" content=\"index, follow, max-snippet:-1, max-image-preview:large, max-video-preview:-1\" \/>\n<link rel=\"canonical\" href=\"https:\/\/armonti.eu\/et\/toode\/pitsiga-pluus\/\" \/>\n<meta property=\"og:locale\" content=\"et_EE\" \/>\n<meta property=\"og:type\" content=\"article\" \/>\n<meta property=\"og:title\" content=\"Pitsiga pluus - \u041c\u0430\u0433\u0430\u0437\u0438\u043d \u043e\u0434\u0435\u0436\u0434\u044b ARMONTI\" \/>\n<meta property=\"og:description\" content=\"K\u00f5ige trendikam s\u00fcgisene mantel! Mantli p\u00f6\u00f6ratav krae ja alumine \u00e4\u00e4r on kaunistatud ilusa kunstkarusnahaga. Mantel on figuuris\u00f5bralik, pikendatud ja soe ning sobib ideaalselt nii klassikalise kui ka sportliku stiiliga. N\u00f6\u00f6pkinnitus. V\u00f6\u00f6 kaasas.\" \/>\n<meta property=\"og:url\" content=\"https:\/\/armonti.eu\/et\/toode\/pitsiga-pluus\/\" \/>\n<meta property=\"og:site_name\" content=\"\u041c\u0430\u0433\u0430\u0437\u0438\u043d \u043e\u0434\u0435\u0436\u0434\u044b ARMONTI\" \/>\n<meta property=\"og:image\" content=\"https:\/\/armonti.eu\/wp-content\/uploads\/2026\/03\/img_0734.jpg\" \/>\n\t<meta property=\"og:image:width\" content=\"800\" \/>\n\t<meta property=\"og:image:height\" content=\"1067\" \/>\n\t<meta property=\"og:image:type\" content=\"image\/jpeg\" \/>\n<meta name=\"twitter:card\" content=\"summary_large_image\" \/>\n<meta name=\"twitter:description\" content=\"K\u00f5ige trendikam s\u00fcgisene mantel! Mantli p\u00f6\u00f6ratav krae ja alumine \u00e4\u00e4r on kaunistatud ilusa kunstkarusnahaga. Mantel on figuuris\u00f5bralik, pikendatud ja soe ning sobib ideaalselt nii klassikalise kui ka sportliku stiiliga. N\u00f6\u00f6pkinnitus. V\u00f6\u00f6 kaasas.\" \/>\n<meta name=\"twitter:label1\" content=\"Est. reading time\" \/>\n\t<meta name=\"twitter:data1\" content=\"1 minut\" \/>\n<script type=\"application\/ld+json\" class=\"yoast-schema-graph\">{\"@context\":\"https:\\\/\\\/schema.org\",\"@graph\":[{\"@type\":\"WebPage\",\"@id\":\"https:\\\/\\\/armonti.eu\\\/et\\\/toode\\\/pitsiga-pluus\\\/\",\"url\":\"https:\\\/\\\/armonti.eu\\\/et\\\/toode\\\/pitsiga-pluus\\\/\",\"name\":\"Pitsiga pluus - \u041c\u0430\u0433\u0430\u0437\u0438\u043d \u043e\u0434\u0435\u0436\u0434\u044b ARMONTI\",\"isPartOf\":{\"@id\":\"https:\\\/\\\/armonti.eu\\\/#website\"},\"primaryImageOfPage\":{\"@id\":\"https:\\\/\\\/armonti.eu\\\/et\\\/toode\\\/pitsiga-pluus\\\/#primaryimage\"},\"image\":{\"@id\":\"https:\\\/\\\/armonti.eu\\\/et\\\/toode\\\/pitsiga-pluus\\\/#primaryimage\"},\"thumbnailUrl\":\"https:\\\/\\\/armonti.eu\\\/wp-content\\\/uploads\\\/2026\\\/03\\\/img_0734.jpg\",\"datePublished\":\"2026-03-17T00:12:56+00:00\",\"description\":\"Efektne pluus \u00f5hukesest viskoosist, millel on peenid detailid. Mudel paistab silma romantilise disainiga ja rinnal asuva eemaldatava prossiga.\",\"breadcrumb\":{\"@id\":\"https:\\\/\\\/armonti.eu\\\/et\\\/toode\\\/pitsiga-pluus\\\/#breadcrumb\"},\"inLanguage\":\"et\",\"potentialAction\":[{\"@type\":\"ReadAction\",\"target\":[\"https:\\\/\\\/armonti.eu\\\/et\\\/toode\\\/pitsiga-pluus\\\/\"]}]},{\"@type\":\"ImageObject\",\"inLanguage\":\"et\",\"@id\":\"https:\\\/\\\/armonti.eu\\\/et\\\/toode\\\/pitsiga-pluus\\\/#primaryimage\",\"url\":\"https:\\\/\\\/armonti.eu\\\/wp-content\\\/uploads\\\/2026\\\/03\\\/img_0734.jpg\",\"contentUrl\":\"https:\\\/\\\/armonti.eu\\\/wp-content\\\/uploads\\\/2026\\\/03\\\/img_0734.jpg\",\"width\":800,\"height\":1067},{\"@type\":\"BreadcrumbList\",\"@id\":\"https:\\\/\\\/armonti.eu\\\/et\\\/toode\\\/pitsiga-pluus\\\/#breadcrumb\",\"itemListElement\":[{\"@type\":\"ListItem\",\"position\":1,\"name\":\"\u0413\u043b\u0430\u0432\u043d\u0430\u044f\",\"item\":\"https:\\\/\\\/armonti.eu\\\/\"},{\"@type\":\"ListItem\",\"position\":2,\"name\":\"Shop\",\"item\":\"https:\\\/\\\/armonti.eu\\\/et\\\/shop\\\/\"},{\"@type\":\"ListItem\",\"position\":3,\"name\":\"Pitsiga pluus\"}]},{\"@type\":\"WebSite\",\"@id\":\"https:\\\/\\\/armonti.eu\\\/#website\",\"url\":\"https:\\\/\\\/armonti.eu\\\/\",\"name\":\"ARMONTI\",\"description\":\"\",\"publisher\":{\"@id\":\"https:\\\/\\\/armonti.eu\\\/#organization\"},\"alternateName\":\"\u0416\u0435\u043d\u0441\u043a\u0430\u044f \u0431\u0440\u0435\u043d\u0434\u043e\u0432\u0430\u044f \u043e\u0434\u0435\u0436\u0434\u0430\",\"potentialAction\":[{\"@type\":\"SearchAction\",\"target\":{\"@type\":\"EntryPoint\",\"urlTemplate\":\"https:\\\/\\\/armonti.eu\\\/?s={search_term_string}\"},\"query-input\":{\"@type\":\"PropertyValueSpecification\",\"valueRequired\":true,\"valueName\":\"search_term_string\"}}],\"inLanguage\":\"et\"},{\"@type\":\"Organization\",\"@id\":\"https:\\\/\\\/armonti.eu\\\/#organization\",\"name\":\"ARMONTI\",\"alternateName\":\"\u0416\u0435\u043d\u0441\u043a\u0430\u044f \u0431\u0440\u0435\u043d\u0434\u043e\u0432\u0430\u044f \u043e\u0434\u0435\u0436\u0434\u0430\",\"url\":\"https:\\\/\\\/armonti.eu\\\/\",\"logo\":{\"@type\":\"ImageObject\",\"inLanguage\":\"et\",\"@id\":\"https:\\\/\\\/armonti.eu\\\/#\\\/schema\\\/logo\\\/image\\\/\",\"url\":\"https:\\\/\\\/armonti.eu\\\/wp-content\\\/uploads\\\/2023\\\/05\\\/armonti-logo-white.png\",\"contentUrl\":\"https:\\\/\\\/armonti.eu\\\/wp-content\\\/uploads\\\/2023\\\/05\\\/armonti-logo-white.png\",\"width\":2165,\"height\":554,\"caption\":\"ARMONTI\"},\"image\":{\"@id\":\"https:\\\/\\\/armonti.eu\\\/#\\\/schema\\\/logo\\\/image\\\/\"}}]}<\/script>\n<!-- \/ Yoast SEO plugin. -->","yoast_head_json":{"title":"Pitsiga pluus - \u041c\u0430\u0433\u0430\u0437\u0438\u043d \u043e\u0434\u0435\u0436\u0434\u044b ARMONTI","description":"Efektne pluus \u00f5hukesest viskoosist, millel on peenid detailid. Mudel paistab silma romantilise disainiga ja rinnal asuva eemaldatava prossiga.","robots":{"index":"index","follow":"follow","max-snippet":"max-snippet:-1","max-image-preview":"max-image-preview:large","max-video-preview":"max-video-preview:-1"},"canonical":"https:\/\/armonti.eu\/et\/toode\/pitsiga-pluus\/","og_locale":"et_EE","og_type":"article","og_title":"Pitsiga pluus - \u041c\u0430\u0433\u0430\u0437\u0438\u043d \u043e\u0434\u0435\u0436\u0434\u044b ARMONTI","og_description":"K\u00f5ige trendikam s\u00fcgisene mantel! Mantli p\u00f6\u00f6ratav krae ja alumine \u00e4\u00e4r on kaunistatud ilusa kunstkarusnahaga. Mantel on figuuris\u00f5bralik, pikendatud ja soe ning sobib ideaalselt nii klassikalise kui ka sportliku stiiliga. N\u00f6\u00f6pkinnitus. V\u00f6\u00f6 kaasas.","og_url":"https:\/\/armonti.eu\/et\/toode\/pitsiga-pluus\/","og_site_name":"\u041c\u0430\u0433\u0430\u0437\u0438\u043d \u043e\u0434\u0435\u0436\u0434\u044b ARMONTI","og_image":[{"width":800,"height":1067,"url":"https:\/\/armonti.eu\/wp-content\/uploads\/2026\/03\/img_0734.jpg","type":"image\/jpeg"}],"twitter_card":"summary_large_image","twitter_description":"K\u00f5ige trendikam s\u00fcgisene mantel! Mantli p\u00f6\u00f6ratav krae ja alumine \u00e4\u00e4r on kaunistatud ilusa kunstkarusnahaga. Mantel on figuuris\u00f5bralik, pikendatud ja soe ning sobib ideaalselt nii klassikalise kui ka sportliku stiiliga. N\u00f6\u00f6pkinnitus. V\u00f6\u00f6 kaasas.","twitter_misc":{"Est. reading time":"1 minut"},"schema":{"@context":"https:\/\/schema.org","@graph":[{"@type":"WebPage","@id":"https:\/\/armonti.eu\/et\/toode\/pitsiga-pluus\/","url":"https:\/\/armonti.eu\/et\/toode\/pitsiga-pluus\/","name":"Pitsiga pluus - \u041c\u0430\u0433\u0430\u0437\u0438\u043d \u043e\u0434\u0435\u0436\u0434\u044b ARMONTI","isPartOf":{"@id":"https:\/\/armonti.eu\/#website"},"primaryImageOfPage":{"@id":"https:\/\/armonti.eu\/et\/toode\/pitsiga-pluus\/#primaryimage"},"image":{"@id":"https:\/\/armonti.eu\/et\/toode\/pitsiga-pluus\/#primaryimage"},"thumbnailUrl":"https:\/\/armonti.eu\/wp-content\/uploads\/2026\/03\/img_0734.jpg","datePublished":"2026-03-17T00:12:56+00:00","description":"Efektne pluus \u00f5hukesest viskoosist, millel on peenid detailid. Mudel paistab silma romantilise disainiga ja rinnal asuva eemaldatava prossiga.","breadcrumb":{"@id":"https:\/\/armonti.eu\/et\/toode\/pitsiga-pluus\/#breadcrumb"},"inLanguage":"et","potentialAction":[{"@type":"ReadAction","target":["https:\/\/armonti.eu\/et\/toode\/pitsiga-pluus\/"]}]},{"@type":"ImageObject","inLanguage":"et","@id":"https:\/\/armonti.eu\/et\/toode\/pitsiga-pluus\/#primaryimage","url":"https:\/\/armonti.eu\/wp-content\/uploads\/2026\/03\/img_0734.jpg","contentUrl":"https:\/\/armonti.eu\/wp-content\/uploads\/2026\/03\/img_0734.jpg","width":800,"height":1067},{"@type":"BreadcrumbList","@id":"https:\/\/armonti.eu\/et\/toode\/pitsiga-pluus\/#breadcrumb","itemListElement":[{"@type":"ListItem","position":1,"name":"\u0413\u043b\u0430\u0432\u043d\u0430\u044f","item":"https:\/\/armonti.eu\/"},{"@type":"ListItem","position":2,"name":"Shop","item":"https:\/\/armonti.eu\/et\/shop\/"},{"@type":"ListItem","position":3,"name":"Pitsiga pluus"}]},{"@type":"WebSite","@id":"https:\/\/armonti.eu\/#website","url":"https:\/\/armonti.eu\/","name":"ARMONTI","description":"","publisher":{"@id":"https:\/\/armonti.eu\/#organization"},"alternateName":"\u0416\u0435\u043d\u0441\u043a\u0430\u044f \u0431\u0440\u0435\u043d\u0434\u043e\u0432\u0430\u044f \u043e\u0434\u0435\u0436\u0434\u0430","potentialAction":[{"@type":"SearchAction","target":{"@type":"EntryPoint","urlTemplate":"https:\/\/armonti.eu\/?s={search_term_string}"},"query-input":{"@type":"PropertyValueSpecification","valueRequired":true,"valueName":"search_term_string"}}],"inLanguage":"et"},{"@type":"Organization","@id":"https:\/\/armonti.eu\/#organization","name":"ARMONTI","alternateName":"\u0416\u0435\u043d\u0441\u043a\u0430\u044f \u0431\u0440\u0435\u043d\u0434\u043e\u0432\u0430\u044f \u043e\u0434\u0435\u0436\u0434\u0430","url":"https:\/\/armonti.eu\/","logo":{"@type":"ImageObject","inLanguage":"et","@id":"https:\/\/armonti.eu\/#\/schema\/logo\/image\/","url":"https:\/\/armonti.eu\/wp-content\/uploads\/2023\/05\/armonti-logo-white.png","contentUrl":"https:\/\/armonti.eu\/wp-content\/uploads\/2023\/05\/armonti-logo-white.png","width":2165,"height":554,"caption":"ARMONTI"},"image":{"@id":"https:\/\/armonti.eu\/#\/schema\/logo\/image\/"}}]}},"_links":{"self":[{"href":"https:\/\/armonti.eu\/et\/wp-json\/wp\/v2\/product\/42036","targetHints":{"allow":["GET"]}}],"collection":[{"href":"https:\/\/armonti.eu\/et\/wp-json\/wp\/v2\/product"}],"about":[{"href":"https:\/\/armonti.eu\/et\/wp-json\/wp\/v2\/types\/product"}],"replies":[{"embeddable":true,"href":"https:\/\/armonti.eu\/et\/wp-json\/wp\/v2\/comments?post=42036"}],"wp:featuredmedia":[{"embeddable":true,"href":"https:\/\/armonti.eu\/et\/wp-json\/wp\/v2\/media\/36952"}],"wp:attachment":[{"href":"https:\/\/armonti.eu\/et\/wp-json\/wp\/v2\/media?parent=42036"}],"wp:term":[{"taxonomy":"product_brand","embeddable":true,"href":"https:\/\/armonti.eu\/et\/wp-json\/wp\/v2\/product_brand?post=42036"},{"taxonomy":"product_cat","embeddable":true,"href":"https:\/\/armonti.eu\/et\/wp-json\/wp\/v2\/product_cat?post=42036"},{"taxonomy":"product_tag","embeddable":true,"href":"https:\/\/armonti.eu\/et\/wp-json\/wp\/v2\/product_tag?post=42036"}],"curies":[{"name":"wp","href":"https:\/\/api.w.org\/{rel}","templated":true}]}}