{"id":42027,"date":"2026-04-22T16:07:58","date_gmt":"2026-04-22T13:07:58","guid":{"rendered":"https:\/\/armonti.eu\/?post_type=product&#038;p=42027"},"modified":"2026-04-22T16:07:58","modified_gmt":"2026-04-22T13:07:58","slug":"trikotaazist-spordidress","status":"publish","type":"product","link":"https:\/\/armonti.eu\/et\/toode\/trikotaazist-spordidress\/","title":{"rendered":"Trikotaa\u017eist spordidress"},"content":{"rendered":"<p>See efektne naiste komplekt sisaldab mugavat t\u00f5mblukuga pusa ja p\u00fckse. Stiilne trikotaa\u017eist spordidress on kaunistatud laiade triipudega varrukatel ja p\u00fcksis\u00e4\u00e4rtel. Kontrastsed detailid muudavad silueti visuaalselt pikemaks ja annavad v\u00e4limusele d\u00fcnaamilisust. Lukuga pusa v\u00f5imaldab kandmise ajal h\u00f5lpsalt mugavat temperatuuri reguleerida. Lampassid eristavad mudelit teie garderoobi tavalistest baasesemetest. Valige see trikotaa\u017eist spordidress aktiivseteks jalutusk\u00e4ikudeks v\u00f5i reisimiseks.<br \/>\nPusa 60.5-63.5 cm<br \/>\nP\u00fcksid<br \/>\nv\u00e4lis\u00f5mblus 106-110 cm<br \/>\nsise\u00f5mblus 79 cm<br \/>\nM\u00f5\u00f5tmisel on lubatud viga 1\u20132 cm, eriti kootud toodete puhul.<br \/>\nHooldus: \u00f5rnpesu 30 \u00b0C juures, triikimine temperatuuril 110 \u00b0C, valgendamine keelatud     <\/p>\n<p><strong>Palun m\u00e4rkige tellimuse m\u00e4rkustesse kindlasti oma m\u00f5\u00f5dud (puusa\u00fcmberm\u00f5\u00f5t, talje\u00fcmberm\u00f5\u00f5t ja pikkus), see v\u00f5imaldab valida t\u00e4psema ja sobivama suuruse.  <\/strong><\/p>\n<p>Tootekood: 26037778<\/p>\n","protected":false},"excerpt":{"rendered":"<p>Suurused: S M L XL<br \/>\nKoostis: 69% puuvill 31% pol\u00fcester<br \/>\nV\u00e4rvus: bee\u017e \u0161okolaadipruun<\/p>\n","protected":false},"featured_media":41935,"comment_status":"open","ping_status":"closed","template":"","meta":[],"product_brand":[],"product_cat":[452,454],"product_tag":[],"class_list":{"0":"post-42027","1":"product","2":"type-product","3":"status-publish","4":"has-post-thumbnail","6":"product_cat-dressid","7":"product_cat-ohukesed-dressikomplektid","9":"first","10":"instock","11":"shipping-taxable","12":"purchasable","13":"product-type-variable"},"yoast_head":"<!-- This site is optimized with the Yoast SEO plugin v27.4 - https:\/\/yoast.com\/product\/yoast-seo-wordpress\/ -->\n<title>Trikotaa\u017eist spordidress - \u041c\u0430\u0433\u0430\u0437\u0438\u043d \u043e\u0434\u0435\u0436\u0434\u044b ARMONTI<\/title>\n<meta name=\"description\" content=\"Varrukate ja p\u00fckste peal asuvate lampassidega naiste trikotaa\u017eist spordidress. Moodne t\u00f5mblukuga komplekt teie garderoobis aktiivseks puhkuseks\" \/>\n<meta name=\"robots\" content=\"index, follow, max-snippet:-1, max-image-preview:large, max-video-preview:-1\" \/>\n<link rel=\"canonical\" href=\"https:\/\/armonti.eu\/et\/toode\/trikotaazist-spordidress\/\" \/>\n<meta property=\"og:locale\" content=\"et_EE\" \/>\n<meta property=\"og:type\" content=\"article\" \/>\n<meta property=\"og:title\" content=\"Trikotaa\u017eist spordidress - \u041c\u0430\u0433\u0430\u0437\u0438\u043d \u043e\u0434\u0435\u0436\u0434\u044b ARMONTI\" \/>\n<meta property=\"og:description\" content=\"Varrukate ja p\u00fckste peal asuvate lampassidega naiste trikotaa\u017eist spordidress. Moodne t\u00f5mblukuga komplekt teie garderoobis aktiivseks puhkuseks\" \/>\n<meta property=\"og:url\" content=\"https:\/\/armonti.eu\/et\/toode\/trikotaazist-spordidress\/\" \/>\n<meta property=\"og:site_name\" content=\"\u041c\u0430\u0433\u0430\u0437\u0438\u043d \u043e\u0434\u0435\u0436\u0434\u044b ARMONTI\" \/>\n<meta property=\"og:image\" content=\"https:\/\/armonti.eu\/wp-content\/uploads\/2026\/04\/img_0453-scaled.jpg\" \/>\n\t<meta property=\"og:image:width\" content=\"1920\" \/>\n\t<meta property=\"og:image:height\" content=\"2560\" \/>\n\t<meta property=\"og:image:type\" content=\"image\/jpeg\" \/>\n<meta name=\"twitter:card\" content=\"summary_large_image\" \/>\n<meta name=\"twitter:label1\" content=\"Est. reading time\" \/>\n\t<meta name=\"twitter:data1\" content=\"1 minut\" \/>\n<script type=\"application\/ld+json\" class=\"yoast-schema-graph\">{\"@context\":\"https:\\\/\\\/schema.org\",\"@graph\":[{\"@type\":\"WebPage\",\"@id\":\"https:\\\/\\\/armonti.eu\\\/et\\\/toode\\\/trikotaazist-spordidress\\\/\",\"url\":\"https:\\\/\\\/armonti.eu\\\/et\\\/toode\\\/trikotaazist-spordidress\\\/\",\"name\":\"Trikotaa\u017eist spordidress - \u041c\u0430\u0433\u0430\u0437\u0438\u043d \u043e\u0434\u0435\u0436\u0434\u044b ARMONTI\",\"isPartOf\":{\"@id\":\"https:\\\/\\\/armonti.eu\\\/#website\"},\"primaryImageOfPage\":{\"@id\":\"https:\\\/\\\/armonti.eu\\\/et\\\/toode\\\/trikotaazist-spordidress\\\/#primaryimage\"},\"image\":{\"@id\":\"https:\\\/\\\/armonti.eu\\\/et\\\/toode\\\/trikotaazist-spordidress\\\/#primaryimage\"},\"thumbnailUrl\":\"https:\\\/\\\/armonti.eu\\\/wp-content\\\/uploads\\\/2026\\\/04\\\/img_0453-scaled.jpg\",\"datePublished\":\"2026-04-22T13:07:58+00:00\",\"description\":\"Varrukate ja p\u00fckste peal asuvate lampassidega naiste trikotaa\u017eist spordidress. Moodne t\u00f5mblukuga komplekt teie garderoobis aktiivseks puhkuseks\",\"breadcrumb\":{\"@id\":\"https:\\\/\\\/armonti.eu\\\/et\\\/toode\\\/trikotaazist-spordidress\\\/#breadcrumb\"},\"inLanguage\":\"et\",\"potentialAction\":[{\"@type\":\"ReadAction\",\"target\":[\"https:\\\/\\\/armonti.eu\\\/et\\\/toode\\\/trikotaazist-spordidress\\\/\"]}]},{\"@type\":\"ImageObject\",\"inLanguage\":\"et\",\"@id\":\"https:\\\/\\\/armonti.eu\\\/et\\\/toode\\\/trikotaazist-spordidress\\\/#primaryimage\",\"url\":\"https:\\\/\\\/armonti.eu\\\/wp-content\\\/uploads\\\/2026\\\/04\\\/img_0453-scaled.jpg\",\"contentUrl\":\"https:\\\/\\\/armonti.eu\\\/wp-content\\\/uploads\\\/2026\\\/04\\\/img_0453-scaled.jpg\",\"width\":1920,\"height\":2560,\"caption\":\"Triipudega trikotaa\u017eist spordidress\"},{\"@type\":\"BreadcrumbList\",\"@id\":\"https:\\\/\\\/armonti.eu\\\/et\\\/toode\\\/trikotaazist-spordidress\\\/#breadcrumb\",\"itemListElement\":[{\"@type\":\"ListItem\",\"position\":1,\"name\":\"\u0413\u043b\u0430\u0432\u043d\u0430\u044f\",\"item\":\"https:\\\/\\\/armonti.eu\\\/\"},{\"@type\":\"ListItem\",\"position\":2,\"name\":\"Shop\",\"item\":\"https:\\\/\\\/armonti.eu\\\/et\\\/shop\\\/\"},{\"@type\":\"ListItem\",\"position\":3,\"name\":\"\u041a\u043e\u0441\u0442\u044e\u043c\u044b \u0441\u043f\u043e\u0440\u0442\u0438\u0432\u043d\u044b\u0435\",\"item\":\"https:\\\/\\\/armonti.eu\\\/catalog\\\/odezhda\\\/sportivnye-kostyumy\\\/\"},{\"@type\":\"ListItem\",\"position\":4,\"name\":\"Trikotaa\u017eist spordidress\"}]},{\"@type\":\"WebSite\",\"@id\":\"https:\\\/\\\/armonti.eu\\\/#website\",\"url\":\"https:\\\/\\\/armonti.eu\\\/\",\"name\":\"ARMONTI\",\"description\":\"\",\"publisher\":{\"@id\":\"https:\\\/\\\/armonti.eu\\\/#organization\"},\"alternateName\":\"\u0416\u0435\u043d\u0441\u043a\u0430\u044f \u0431\u0440\u0435\u043d\u0434\u043e\u0432\u0430\u044f \u043e\u0434\u0435\u0436\u0434\u0430\",\"potentialAction\":[{\"@type\":\"SearchAction\",\"target\":{\"@type\":\"EntryPoint\",\"urlTemplate\":\"https:\\\/\\\/armonti.eu\\\/?s={search_term_string}\"},\"query-input\":{\"@type\":\"PropertyValueSpecification\",\"valueRequired\":true,\"valueName\":\"search_term_string\"}}],\"inLanguage\":\"et\"},{\"@type\":\"Organization\",\"@id\":\"https:\\\/\\\/armonti.eu\\\/#organization\",\"name\":\"ARMONTI\",\"alternateName\":\"\u0416\u0435\u043d\u0441\u043a\u0430\u044f \u0431\u0440\u0435\u043d\u0434\u043e\u0432\u0430\u044f \u043e\u0434\u0435\u0436\u0434\u0430\",\"url\":\"https:\\\/\\\/armonti.eu\\\/\",\"logo\":{\"@type\":\"ImageObject\",\"inLanguage\":\"et\",\"@id\":\"https:\\\/\\\/armonti.eu\\\/#\\\/schema\\\/logo\\\/image\\\/\",\"url\":\"https:\\\/\\\/armonti.eu\\\/wp-content\\\/uploads\\\/2023\\\/05\\\/armonti-logo-white.png\",\"contentUrl\":\"https:\\\/\\\/armonti.eu\\\/wp-content\\\/uploads\\\/2023\\\/05\\\/armonti-logo-white.png\",\"width\":2165,\"height\":554,\"caption\":\"ARMONTI\"},\"image\":{\"@id\":\"https:\\\/\\\/armonti.eu\\\/#\\\/schema\\\/logo\\\/image\\\/\"}}]}<\/script>\n<!-- \/ Yoast SEO plugin. -->","yoast_head_json":{"title":"Trikotaa\u017eist spordidress - \u041c\u0430\u0433\u0430\u0437\u0438\u043d \u043e\u0434\u0435\u0436\u0434\u044b ARMONTI","description":"Varrukate ja p\u00fckste peal asuvate lampassidega naiste trikotaa\u017eist spordidress. Moodne t\u00f5mblukuga komplekt teie garderoobis aktiivseks puhkuseks","robots":{"index":"index","follow":"follow","max-snippet":"max-snippet:-1","max-image-preview":"max-image-preview:large","max-video-preview":"max-video-preview:-1"},"canonical":"https:\/\/armonti.eu\/et\/toode\/trikotaazist-spordidress\/","og_locale":"et_EE","og_type":"article","og_title":"Trikotaa\u017eist spordidress - \u041c\u0430\u0433\u0430\u0437\u0438\u043d \u043e\u0434\u0435\u0436\u0434\u044b ARMONTI","og_description":"Varrukate ja p\u00fckste peal asuvate lampassidega naiste trikotaa\u017eist spordidress. Moodne t\u00f5mblukuga komplekt teie garderoobis aktiivseks puhkuseks","og_url":"https:\/\/armonti.eu\/et\/toode\/trikotaazist-spordidress\/","og_site_name":"\u041c\u0430\u0433\u0430\u0437\u0438\u043d \u043e\u0434\u0435\u0436\u0434\u044b ARMONTI","og_image":[{"width":1920,"height":2560,"url":"https:\/\/armonti.eu\/wp-content\/uploads\/2026\/04\/img_0453-scaled.jpg","type":"image\/jpeg"}],"twitter_card":"summary_large_image","twitter_misc":{"Est. reading time":"1 minut"},"schema":{"@context":"https:\/\/schema.org","@graph":[{"@type":"WebPage","@id":"https:\/\/armonti.eu\/et\/toode\/trikotaazist-spordidress\/","url":"https:\/\/armonti.eu\/et\/toode\/trikotaazist-spordidress\/","name":"Trikotaa\u017eist spordidress - \u041c\u0430\u0433\u0430\u0437\u0438\u043d \u043e\u0434\u0435\u0436\u0434\u044b ARMONTI","isPartOf":{"@id":"https:\/\/armonti.eu\/#website"},"primaryImageOfPage":{"@id":"https:\/\/armonti.eu\/et\/toode\/trikotaazist-spordidress\/#primaryimage"},"image":{"@id":"https:\/\/armonti.eu\/et\/toode\/trikotaazist-spordidress\/#primaryimage"},"thumbnailUrl":"https:\/\/armonti.eu\/wp-content\/uploads\/2026\/04\/img_0453-scaled.jpg","datePublished":"2026-04-22T13:07:58+00:00","description":"Varrukate ja p\u00fckste peal asuvate lampassidega naiste trikotaa\u017eist spordidress. Moodne t\u00f5mblukuga komplekt teie garderoobis aktiivseks puhkuseks","breadcrumb":{"@id":"https:\/\/armonti.eu\/et\/toode\/trikotaazist-spordidress\/#breadcrumb"},"inLanguage":"et","potentialAction":[{"@type":"ReadAction","target":["https:\/\/armonti.eu\/et\/toode\/trikotaazist-spordidress\/"]}]},{"@type":"ImageObject","inLanguage":"et","@id":"https:\/\/armonti.eu\/et\/toode\/trikotaazist-spordidress\/#primaryimage","url":"https:\/\/armonti.eu\/wp-content\/uploads\/2026\/04\/img_0453-scaled.jpg","contentUrl":"https:\/\/armonti.eu\/wp-content\/uploads\/2026\/04\/img_0453-scaled.jpg","width":1920,"height":2560,"caption":"Triipudega trikotaa\u017eist spordidress"},{"@type":"BreadcrumbList","@id":"https:\/\/armonti.eu\/et\/toode\/trikotaazist-spordidress\/#breadcrumb","itemListElement":[{"@type":"ListItem","position":1,"name":"\u0413\u043b\u0430\u0432\u043d\u0430\u044f","item":"https:\/\/armonti.eu\/"},{"@type":"ListItem","position":2,"name":"Shop","item":"https:\/\/armonti.eu\/et\/shop\/"},{"@type":"ListItem","position":3,"name":"\u041a\u043e\u0441\u0442\u044e\u043c\u044b \u0441\u043f\u043e\u0440\u0442\u0438\u0432\u043d\u044b\u0435","item":"https:\/\/armonti.eu\/catalog\/odezhda\/sportivnye-kostyumy\/"},{"@type":"ListItem","position":4,"name":"Trikotaa\u017eist spordidress"}]},{"@type":"WebSite","@id":"https:\/\/armonti.eu\/#website","url":"https:\/\/armonti.eu\/","name":"ARMONTI","description":"","publisher":{"@id":"https:\/\/armonti.eu\/#organization"},"alternateName":"\u0416\u0435\u043d\u0441\u043a\u0430\u044f \u0431\u0440\u0435\u043d\u0434\u043e\u0432\u0430\u044f \u043e\u0434\u0435\u0436\u0434\u0430","potentialAction":[{"@type":"SearchAction","target":{"@type":"EntryPoint","urlTemplate":"https:\/\/armonti.eu\/?s={search_term_string}"},"query-input":{"@type":"PropertyValueSpecification","valueRequired":true,"valueName":"search_term_string"}}],"inLanguage":"et"},{"@type":"Organization","@id":"https:\/\/armonti.eu\/#organization","name":"ARMONTI","alternateName":"\u0416\u0435\u043d\u0441\u043a\u0430\u044f \u0431\u0440\u0435\u043d\u0434\u043e\u0432\u0430\u044f \u043e\u0434\u0435\u0436\u0434\u0430","url":"https:\/\/armonti.eu\/","logo":{"@type":"ImageObject","inLanguage":"et","@id":"https:\/\/armonti.eu\/#\/schema\/logo\/image\/","url":"https:\/\/armonti.eu\/wp-content\/uploads\/2023\/05\/armonti-logo-white.png","contentUrl":"https:\/\/armonti.eu\/wp-content\/uploads\/2023\/05\/armonti-logo-white.png","width":2165,"height":554,"caption":"ARMONTI"},"image":{"@id":"https:\/\/armonti.eu\/#\/schema\/logo\/image\/"}}]}},"_links":{"self":[{"href":"https:\/\/armonti.eu\/et\/wp-json\/wp\/v2\/product\/42027","targetHints":{"allow":["GET"]}}],"collection":[{"href":"https:\/\/armonti.eu\/et\/wp-json\/wp\/v2\/product"}],"about":[{"href":"https:\/\/armonti.eu\/et\/wp-json\/wp\/v2\/types\/product"}],"replies":[{"embeddable":true,"href":"https:\/\/armonti.eu\/et\/wp-json\/wp\/v2\/comments?post=42027"}],"wp:featuredmedia":[{"embeddable":true,"href":"https:\/\/armonti.eu\/et\/wp-json\/wp\/v2\/media\/41935"}],"wp:attachment":[{"href":"https:\/\/armonti.eu\/et\/wp-json\/wp\/v2\/media?parent=42027"}],"wp:term":[{"taxonomy":"product_brand","embeddable":true,"href":"https:\/\/armonti.eu\/et\/wp-json\/wp\/v2\/product_brand?post=42027"},{"taxonomy":"product_cat","embeddable":true,"href":"https:\/\/armonti.eu\/et\/wp-json\/wp\/v2\/product_cat?post=42027"},{"taxonomy":"product_tag","embeddable":true,"href":"https:\/\/armonti.eu\/et\/wp-json\/wp\/v2\/product_tag?post=42027"}],"curies":[{"name":"wp","href":"https:\/\/api.w.org\/{rel}","templated":true}]}}