{"id":41952,"date":"2025-05-17T14:58:46","date_gmt":"2025-05-17T11:58:46","guid":{"rendered":"https:\/\/armonti.eu\/product\/pluus-2\/"},"modified":"2025-05-17T14:58:46","modified_gmt":"2025-05-17T11:58:46","slug":"pluus-2","status":"publish","type":"product","link":"https:\/\/armonti.eu\/et\/toode\/pluus-2\/","title":{"rendered":"Pluus"},"content":{"rendered":"<p>Stiilne pluus kortsumatu materjalist, mis tagab mugavuse.<br \/>\n3\/4-pikkuste laterna-stiilis varrukatega mudel lisab v\u00e4limusele erilist elegantsi ja originaalsust.<br \/>\nIdeaalne valik igap\u00e4evaseks stiiliks ja \u00e4ri\u00fclikondadeks.<br \/>\nSobib suurep\u00e4raselt kokku Armonti teksade<br \/>Toote m\u00f5\u00f5dud cm-des:<br \/>\nRindkere\u00fcmberm\u00f5\u00f5t \u2013 88\u201395 cm, pikkus 57 cm<br \/>Hooldus:<br \/>\nTriikimine temperatuuril 110\u00b0, valgendamine keelatud, \u00f5rnpesu 30\u00b0<br \/>Palun m\u00e4rkige tellimuse m\u00e4rkuste lahtrisse kindlasti oma m\u00f5\u00f5dud (puusade \u00fcmberm\u00f5\u00f5t, talje\u00fcmberm\u00f5\u00f5t ja pikkus), et saaksime valida teile sobiva suurusega toote.<\/p>\n<p>Tootekood: 15326<\/p>\n","protected":false},"excerpt":{"rendered":"<p>Suurused: ONE SIZE<br \/>\nKoostis: 84% viskoos, 16% pol\u00fcamiid<br \/>\nV\u00e4rvid: piimvalge, sinine, piparm\u00fcndi<\/p>\n","protected":false},"featured_media":29371,"comment_status":"open","ping_status":"closed","template":"","meta":[],"product_brand":[],"product_cat":[438],"product_tag":[],"class_list":{"0":"post-41952","1":"product","2":"type-product","3":"status-publish","4":"has-post-thumbnail","6":"product_cat-bluzki-i-rubashki-et","8":"first","9":"instock","10":"shipping-taxable","11":"purchasable","12":"product-type-variable"},"yoast_head":"<!-- This site is optimized with the Yoast SEO plugin v27.4 - https:\/\/yoast.com\/product\/yoast-seo-wordpress\/ -->\n<title>Pluus - \u041c\u0430\u0433\u0430\u0437\u0438\u043d \u043e\u0434\u0435\u0436\u0434\u044b ARMONTI<\/title>\n<meta name=\"description\" content=\"Stiilne pluus kortsumatu materjalist, mis tagab mugavuse. 3\/4-pikkuste laterna-stiilis varrukatega mudel lisab v\u00e4limusele erilist elegantsi ja originaalsust.\" \/>\n<meta name=\"robots\" content=\"index, follow, max-snippet:-1, max-image-preview:large, max-video-preview:-1\" \/>\n<link rel=\"canonical\" href=\"https:\/\/armonti.eu\/et\/toode\/pluus-2\/\" \/>\n<meta property=\"og:locale\" content=\"et_EE\" \/>\n<meta property=\"og:type\" content=\"article\" \/>\n<meta property=\"og:title\" content=\"Pluus - \u041c\u0430\u0433\u0430\u0437\u0438\u043d \u043e\u0434\u0435\u0436\u0434\u044b ARMONTI\" \/>\n<meta property=\"og:description\" content=\"K\u00f5ige trendikam s\u00fcgisene jakk-mantel! Langev krae ja jaki alumine osa on kaunistatud ilusa kunstlambavilla karusnahaga. Jakk on taljesse l\u00f5ikega, pikendatud ja soe ning sobib ideaalselt nii klassikalise kui ka sportliku stiiliga. Kinnis on trukkidega. Komplektis on v\u00f6\u00f6.\" \/>\n<meta property=\"og:url\" content=\"https:\/\/armonti.eu\/et\/toode\/pluus-2\/\" \/>\n<meta property=\"og:site_name\" content=\"\u041c\u0430\u0433\u0430\u0437\u0438\u043d \u043e\u0434\u0435\u0436\u0434\u044b ARMONTI\" \/>\n<meta property=\"og:image\" content=\"https:\/\/armonti.eu\/wp-content\/uploads\/2025\/05\/img_7175.jpg\" \/>\n\t<meta property=\"og:image:width\" content=\"800\" \/>\n\t<meta property=\"og:image:height\" content=\"1066\" \/>\n\t<meta property=\"og:image:type\" content=\"image\/jpeg\" \/>\n<meta name=\"twitter:card\" content=\"summary_large_image\" \/>\n<meta name=\"twitter:description\" content=\"K\u00f5ige trendikam s\u00fcgisene jakk-mantel! Langev krae ja jaki alumine osa on kaunistatud ilusa kunstlambavilla karusnahaga. Jakk on taljesse l\u00f5ikega, pikendatud ja soe ning sobib ideaalselt nii klassikalise kui ka sportliku stiiliga. Kinnis on trukkidega. Komplektis on v\u00f6\u00f6.\" \/>\n<script type=\"application\/ld+json\" class=\"yoast-schema-graph\">{\"@context\":\"https:\\\/\\\/schema.org\",\"@graph\":[{\"@type\":\"WebPage\",\"@id\":\"https:\\\/\\\/armonti.eu\\\/et\\\/toode\\\/pluus-2\\\/\",\"url\":\"https:\\\/\\\/armonti.eu\\\/et\\\/toode\\\/pluus-2\\\/\",\"name\":\"Pluus - \u041c\u0430\u0433\u0430\u0437\u0438\u043d \u043e\u0434\u0435\u0436\u0434\u044b ARMONTI\",\"isPartOf\":{\"@id\":\"https:\\\/\\\/armonti.eu\\\/#website\"},\"primaryImageOfPage\":{\"@id\":\"https:\\\/\\\/armonti.eu\\\/et\\\/toode\\\/pluus-2\\\/#primaryimage\"},\"image\":{\"@id\":\"https:\\\/\\\/armonti.eu\\\/et\\\/toode\\\/pluus-2\\\/#primaryimage\"},\"thumbnailUrl\":\"https:\\\/\\\/armonti.eu\\\/wp-content\\\/uploads\\\/2025\\\/05\\\/img_7175.jpg\",\"datePublished\":\"2025-05-17T11:58:46+00:00\",\"description\":\"Stiilne pluus kortsumatu materjalist, mis tagab mugavuse. 3\\\/4-pikkuste laterna-stiilis varrukatega mudel lisab v\u00e4limusele erilist elegantsi ja originaalsust.\",\"breadcrumb\":{\"@id\":\"https:\\\/\\\/armonti.eu\\\/et\\\/toode\\\/pluus-2\\\/#breadcrumb\"},\"inLanguage\":\"et\",\"potentialAction\":[{\"@type\":\"ReadAction\",\"target\":[\"https:\\\/\\\/armonti.eu\\\/et\\\/toode\\\/pluus-2\\\/\"]}]},{\"@type\":\"ImageObject\",\"inLanguage\":\"et\",\"@id\":\"https:\\\/\\\/armonti.eu\\\/et\\\/toode\\\/pluus-2\\\/#primaryimage\",\"url\":\"https:\\\/\\\/armonti.eu\\\/wp-content\\\/uploads\\\/2025\\\/05\\\/img_7175.jpg\",\"contentUrl\":\"https:\\\/\\\/armonti.eu\\\/wp-content\\\/uploads\\\/2025\\\/05\\\/img_7175.jpg\",\"width\":800,\"height\":1066},{\"@type\":\"BreadcrumbList\",\"@id\":\"https:\\\/\\\/armonti.eu\\\/et\\\/toode\\\/pluus-2\\\/#breadcrumb\",\"itemListElement\":[{\"@type\":\"ListItem\",\"position\":1,\"name\":\"\u0413\u043b\u0430\u0432\u043d\u0430\u044f\",\"item\":\"https:\\\/\\\/armonti.eu\\\/\"},{\"@type\":\"ListItem\",\"position\":2,\"name\":\"Shop\",\"item\":\"https:\\\/\\\/armonti.eu\\\/et\\\/shop\\\/\"},{\"@type\":\"ListItem\",\"position\":3,\"name\":\"Pluus\"}]},{\"@type\":\"WebSite\",\"@id\":\"https:\\\/\\\/armonti.eu\\\/#website\",\"url\":\"https:\\\/\\\/armonti.eu\\\/\",\"name\":\"ARMONTI\",\"description\":\"\",\"publisher\":{\"@id\":\"https:\\\/\\\/armonti.eu\\\/#organization\"},\"alternateName\":\"\u0416\u0435\u043d\u0441\u043a\u0430\u044f \u0431\u0440\u0435\u043d\u0434\u043e\u0432\u0430\u044f \u043e\u0434\u0435\u0436\u0434\u0430\",\"potentialAction\":[{\"@type\":\"SearchAction\",\"target\":{\"@type\":\"EntryPoint\",\"urlTemplate\":\"https:\\\/\\\/armonti.eu\\\/?s={search_term_string}\"},\"query-input\":{\"@type\":\"PropertyValueSpecification\",\"valueRequired\":true,\"valueName\":\"search_term_string\"}}],\"inLanguage\":\"et\"},{\"@type\":\"Organization\",\"@id\":\"https:\\\/\\\/armonti.eu\\\/#organization\",\"name\":\"ARMONTI\",\"alternateName\":\"\u0416\u0435\u043d\u0441\u043a\u0430\u044f \u0431\u0440\u0435\u043d\u0434\u043e\u0432\u0430\u044f \u043e\u0434\u0435\u0436\u0434\u0430\",\"url\":\"https:\\\/\\\/armonti.eu\\\/\",\"logo\":{\"@type\":\"ImageObject\",\"inLanguage\":\"et\",\"@id\":\"https:\\\/\\\/armonti.eu\\\/#\\\/schema\\\/logo\\\/image\\\/\",\"url\":\"https:\\\/\\\/armonti.eu\\\/wp-content\\\/uploads\\\/2023\\\/05\\\/armonti-logo-white.png\",\"contentUrl\":\"https:\\\/\\\/armonti.eu\\\/wp-content\\\/uploads\\\/2023\\\/05\\\/armonti-logo-white.png\",\"width\":2165,\"height\":554,\"caption\":\"ARMONTI\"},\"image\":{\"@id\":\"https:\\\/\\\/armonti.eu\\\/#\\\/schema\\\/logo\\\/image\\\/\"}}]}<\/script>\n<!-- \/ Yoast SEO plugin. -->","yoast_head_json":{"title":"Pluus - \u041c\u0430\u0433\u0430\u0437\u0438\u043d \u043e\u0434\u0435\u0436\u0434\u044b ARMONTI","description":"Stiilne pluus kortsumatu materjalist, mis tagab mugavuse. 3\/4-pikkuste laterna-stiilis varrukatega mudel lisab v\u00e4limusele erilist elegantsi ja originaalsust.","robots":{"index":"index","follow":"follow","max-snippet":"max-snippet:-1","max-image-preview":"max-image-preview:large","max-video-preview":"max-video-preview:-1"},"canonical":"https:\/\/armonti.eu\/et\/toode\/pluus-2\/","og_locale":"et_EE","og_type":"article","og_title":"Pluus - \u041c\u0430\u0433\u0430\u0437\u0438\u043d \u043e\u0434\u0435\u0436\u0434\u044b ARMONTI","og_description":"K\u00f5ige trendikam s\u00fcgisene jakk-mantel! Langev krae ja jaki alumine osa on kaunistatud ilusa kunstlambavilla karusnahaga. Jakk on taljesse l\u00f5ikega, pikendatud ja soe ning sobib ideaalselt nii klassikalise kui ka sportliku stiiliga. Kinnis on trukkidega. Komplektis on v\u00f6\u00f6.","og_url":"https:\/\/armonti.eu\/et\/toode\/pluus-2\/","og_site_name":"\u041c\u0430\u0433\u0430\u0437\u0438\u043d \u043e\u0434\u0435\u0436\u0434\u044b ARMONTI","og_image":[{"width":800,"height":1066,"url":"https:\/\/armonti.eu\/wp-content\/uploads\/2025\/05\/img_7175.jpg","type":"image\/jpeg"}],"twitter_card":"summary_large_image","twitter_description":"K\u00f5ige trendikam s\u00fcgisene jakk-mantel! Langev krae ja jaki alumine osa on kaunistatud ilusa kunstlambavilla karusnahaga. Jakk on taljesse l\u00f5ikega, pikendatud ja soe ning sobib ideaalselt nii klassikalise kui ka sportliku stiiliga. Kinnis on trukkidega. Komplektis on v\u00f6\u00f6.","schema":{"@context":"https:\/\/schema.org","@graph":[{"@type":"WebPage","@id":"https:\/\/armonti.eu\/et\/toode\/pluus-2\/","url":"https:\/\/armonti.eu\/et\/toode\/pluus-2\/","name":"Pluus - \u041c\u0430\u0433\u0430\u0437\u0438\u043d \u043e\u0434\u0435\u0436\u0434\u044b ARMONTI","isPartOf":{"@id":"https:\/\/armonti.eu\/#website"},"primaryImageOfPage":{"@id":"https:\/\/armonti.eu\/et\/toode\/pluus-2\/#primaryimage"},"image":{"@id":"https:\/\/armonti.eu\/et\/toode\/pluus-2\/#primaryimage"},"thumbnailUrl":"https:\/\/armonti.eu\/wp-content\/uploads\/2025\/05\/img_7175.jpg","datePublished":"2025-05-17T11:58:46+00:00","description":"Stiilne pluus kortsumatu materjalist, mis tagab mugavuse. 3\/4-pikkuste laterna-stiilis varrukatega mudel lisab v\u00e4limusele erilist elegantsi ja originaalsust.","breadcrumb":{"@id":"https:\/\/armonti.eu\/et\/toode\/pluus-2\/#breadcrumb"},"inLanguage":"et","potentialAction":[{"@type":"ReadAction","target":["https:\/\/armonti.eu\/et\/toode\/pluus-2\/"]}]},{"@type":"ImageObject","inLanguage":"et","@id":"https:\/\/armonti.eu\/et\/toode\/pluus-2\/#primaryimage","url":"https:\/\/armonti.eu\/wp-content\/uploads\/2025\/05\/img_7175.jpg","contentUrl":"https:\/\/armonti.eu\/wp-content\/uploads\/2025\/05\/img_7175.jpg","width":800,"height":1066},{"@type":"BreadcrumbList","@id":"https:\/\/armonti.eu\/et\/toode\/pluus-2\/#breadcrumb","itemListElement":[{"@type":"ListItem","position":1,"name":"\u0413\u043b\u0430\u0432\u043d\u0430\u044f","item":"https:\/\/armonti.eu\/"},{"@type":"ListItem","position":2,"name":"Shop","item":"https:\/\/armonti.eu\/et\/shop\/"},{"@type":"ListItem","position":3,"name":"Pluus"}]},{"@type":"WebSite","@id":"https:\/\/armonti.eu\/#website","url":"https:\/\/armonti.eu\/","name":"ARMONTI","description":"","publisher":{"@id":"https:\/\/armonti.eu\/#organization"},"alternateName":"\u0416\u0435\u043d\u0441\u043a\u0430\u044f \u0431\u0440\u0435\u043d\u0434\u043e\u0432\u0430\u044f \u043e\u0434\u0435\u0436\u0434\u0430","potentialAction":[{"@type":"SearchAction","target":{"@type":"EntryPoint","urlTemplate":"https:\/\/armonti.eu\/?s={search_term_string}"},"query-input":{"@type":"PropertyValueSpecification","valueRequired":true,"valueName":"search_term_string"}}],"inLanguage":"et"},{"@type":"Organization","@id":"https:\/\/armonti.eu\/#organization","name":"ARMONTI","alternateName":"\u0416\u0435\u043d\u0441\u043a\u0430\u044f \u0431\u0440\u0435\u043d\u0434\u043e\u0432\u0430\u044f \u043e\u0434\u0435\u0436\u0434\u0430","url":"https:\/\/armonti.eu\/","logo":{"@type":"ImageObject","inLanguage":"et","@id":"https:\/\/armonti.eu\/#\/schema\/logo\/image\/","url":"https:\/\/armonti.eu\/wp-content\/uploads\/2023\/05\/armonti-logo-white.png","contentUrl":"https:\/\/armonti.eu\/wp-content\/uploads\/2023\/05\/armonti-logo-white.png","width":2165,"height":554,"caption":"ARMONTI"},"image":{"@id":"https:\/\/armonti.eu\/#\/schema\/logo\/image\/"}}]}},"_links":{"self":[{"href":"https:\/\/armonti.eu\/et\/wp-json\/wp\/v2\/product\/41952","targetHints":{"allow":["GET"]}}],"collection":[{"href":"https:\/\/armonti.eu\/et\/wp-json\/wp\/v2\/product"}],"about":[{"href":"https:\/\/armonti.eu\/et\/wp-json\/wp\/v2\/types\/product"}],"replies":[{"embeddable":true,"href":"https:\/\/armonti.eu\/et\/wp-json\/wp\/v2\/comments?post=41952"}],"wp:featuredmedia":[{"embeddable":true,"href":"https:\/\/armonti.eu\/et\/wp-json\/wp\/v2\/media\/29371"}],"wp:attachment":[{"href":"https:\/\/armonti.eu\/et\/wp-json\/wp\/v2\/media?parent=41952"}],"wp:term":[{"taxonomy":"product_brand","embeddable":true,"href":"https:\/\/armonti.eu\/et\/wp-json\/wp\/v2\/product_brand?post=41952"},{"taxonomy":"product_cat","embeddable":true,"href":"https:\/\/armonti.eu\/et\/wp-json\/wp\/v2\/product_cat?post=41952"},{"taxonomy":"product_tag","embeddable":true,"href":"https:\/\/armonti.eu\/et\/wp-json\/wp\/v2\/product_tag?post=41952"}],"curies":[{"name":"wp","href":"https:\/\/api.w.org\/{rel}","templated":true}]}}