{"id":41749,"date":"2026-04-22T12:30:05","date_gmt":"2026-04-22T09:30:05","guid":{"rendered":"https:\/\/armonti.eu\/?post_type=product&#038;p=41749"},"modified":"2026-04-22T12:30:05","modified_gmt":"2026-04-22T09:30:05","slug":"kapuutsiga-kostuum","status":"publish","type":"product","link":"https:\/\/armonti.eu\/et\/toode\/kapuutsiga-kostuum\/","title":{"rendered":"Kapuutsiga kost\u00fc\u00fcm"},"content":{"rendered":"<p>See igap\u00e4evane naiste komplekt koosneb pusast ja p\u00fckstest. Praktiline kapuutsiga kost\u00fc\u00fcm sobib suurep\u00e4raselt aktiivseteks jalutusk\u00e4ikudeks v\u00e4rskes \u00f5hus. S\u00fcgav kapuuts kaitseb pead kindlalt ootamatute tuulepuhangute ja k\u00fclma eest. Pusa on vaba l\u00f5ikega ega piira liikumist k\u00f5ndimisel. P\u00fckste v\u00f6\u00f6osa on varustatud mugava pingutusn\u00f6\u00f6riga t\u00e4pseks fikseerimiseks v\u00f6\u00f6kohal. Saate p\u00fckste istuvust ise reguleerida t\u00e4ieliku mugavuse tagamiseks. Kaasaegne kapuutsiga kost\u00fc\u00fcm sobib kergelt teie baasgarderoobi.<br \/>\nPikkus s\u00f5ltuvalt suurusest:<br \/>\nPusa 60-63,5 cm<br \/>\nP\u00fcksid<br \/>\nv\u00e4lis\u00f5mblus 106-109 cm<br \/>\nsise\u00f5mblus 80-81 cm<br \/>\nM\u00f5\u00f5tmisel on lubatud viga 1\u20132 cm, eriti kootud toodete puhul.<br \/>\nHooldus: \u00f5rnpesu 30 \u00b0C juures, triikimine temperatuuril 110 \u00b0C, valgendamine keelatud      <\/p>\n<p><strong>Palun m\u00e4rkige tellimuse m\u00e4rkustesse kindlasti oma m\u00f5\u00f5dud (puusa\u00fcmberm\u00f5\u00f5t, talje\u00fcmberm\u00f5\u00f5t ja pikkus), see v\u00f5imaldab valida t\u00e4psema ja sobivama suuruse.  <\/strong><\/p>\n<p>Tootekood: 7961<\/p>\n","protected":false},"excerpt":{"rendered":"<p>Suurused: S M L XL<br \/>\nKoostis: 69% puuvill 31% pol\u00fcester<br \/>\nV\u00e4rvus: bee\u017e<\/p>\n","protected":false},"featured_media":41734,"comment_status":"open","ping_status":"closed","template":"","meta":[],"product_brand":[],"product_cat":[452,454],"product_tag":[],"class_list":{"0":"post-41749","1":"product","2":"type-product","3":"status-publish","4":"has-post-thumbnail","6":"product_cat-dressid","7":"product_cat-ohukesed-dressikomplektid","9":"first","10":"instock","11":"shipping-taxable","12":"purchasable","13":"product-type-variable"},"yoast_head":"<!-- This site is optimized with the Yoast SEO plugin v27.4 - https:\/\/yoast.com\/product\/yoast-seo-wordpress\/ -->\n<title>Kapuutsiga kost\u00fc\u00fcm - \u041c\u0430\u0433\u0430\u0437\u0438\u043d \u043e\u0434\u0435\u0436\u0434\u044b ARMONTI<\/title>\n<meta name=\"description\" content=\"Naiste kapuutsiga kost\u00fc\u00fcm reguleeritava pingutusn\u00f6\u00f6riga p\u00fckstega. Mugav igap\u00e4evane pusaga komplekt spordiks ja puhkuseks\" \/>\n<meta name=\"robots\" content=\"index, follow, max-snippet:-1, max-image-preview:large, max-video-preview:-1\" \/>\n<link rel=\"canonical\" href=\"https:\/\/armonti.eu\/et\/toode\/kapuutsiga-kostuum\/\" \/>\n<meta property=\"og:locale\" content=\"et_EE\" \/>\n<meta property=\"og:type\" content=\"article\" \/>\n<meta property=\"og:title\" content=\"Kapuutsiga kost\u00fc\u00fcm - \u041c\u0430\u0433\u0430\u0437\u0438\u043d \u043e\u0434\u0435\u0436\u0434\u044b ARMONTI\" \/>\n<meta property=\"og:description\" content=\"Naiste kapuutsiga kost\u00fc\u00fcm reguleeritava pingutusn\u00f6\u00f6riga p\u00fckstega. Mugav igap\u00e4evane pusaga komplekt spordiks ja puhkuseks\" \/>\n<meta property=\"og:url\" content=\"https:\/\/armonti.eu\/et\/toode\/kapuutsiga-kostuum\/\" \/>\n<meta property=\"og:site_name\" content=\"\u041c\u0430\u0433\u0430\u0437\u0438\u043d \u043e\u0434\u0435\u0436\u0434\u044b ARMONTI\" \/>\n<meta property=\"og:image\" content=\"https:\/\/armonti.eu\/wp-content\/uploads\/2026\/04\/img_0416-scaled.jpg\" \/>\n\t<meta property=\"og:image:width\" content=\"1920\" \/>\n\t<meta property=\"og:image:height\" content=\"2560\" \/>\n\t<meta property=\"og:image:type\" content=\"image\/jpeg\" \/>\n<meta name=\"twitter:card\" content=\"summary_large_image\" \/>\n<meta name=\"twitter:label1\" content=\"Est. reading time\" \/>\n\t<meta name=\"twitter:data1\" content=\"1 minut\" \/>\n<script type=\"application\/ld+json\" class=\"yoast-schema-graph\">{\"@context\":\"https:\\\/\\\/schema.org\",\"@graph\":[{\"@type\":\"WebPage\",\"@id\":\"https:\\\/\\\/armonti.eu\\\/et\\\/toode\\\/kapuutsiga-kostuum\\\/\",\"url\":\"https:\\\/\\\/armonti.eu\\\/et\\\/toode\\\/kapuutsiga-kostuum\\\/\",\"name\":\"Kapuutsiga kost\u00fc\u00fcm - \u041c\u0430\u0433\u0430\u0437\u0438\u043d \u043e\u0434\u0435\u0436\u0434\u044b ARMONTI\",\"isPartOf\":{\"@id\":\"https:\\\/\\\/armonti.eu\\\/#website\"},\"primaryImageOfPage\":{\"@id\":\"https:\\\/\\\/armonti.eu\\\/et\\\/toode\\\/kapuutsiga-kostuum\\\/#primaryimage\"},\"image\":{\"@id\":\"https:\\\/\\\/armonti.eu\\\/et\\\/toode\\\/kapuutsiga-kostuum\\\/#primaryimage\"},\"thumbnailUrl\":\"https:\\\/\\\/armonti.eu\\\/wp-content\\\/uploads\\\/2026\\\/04\\\/img_0416-scaled.jpg\",\"datePublished\":\"2026-04-22T09:30:05+00:00\",\"description\":\"Naiste kapuutsiga kost\u00fc\u00fcm reguleeritava pingutusn\u00f6\u00f6riga p\u00fckstega. Mugav igap\u00e4evane pusaga komplekt spordiks ja puhkuseks\",\"breadcrumb\":{\"@id\":\"https:\\\/\\\/armonti.eu\\\/et\\\/toode\\\/kapuutsiga-kostuum\\\/#breadcrumb\"},\"inLanguage\":\"et\",\"potentialAction\":[{\"@type\":\"ReadAction\",\"target\":[\"https:\\\/\\\/armonti.eu\\\/et\\\/toode\\\/kapuutsiga-kostuum\\\/\"]}]},{\"@type\":\"ImageObject\",\"inLanguage\":\"et\",\"@id\":\"https:\\\/\\\/armonti.eu\\\/et\\\/toode\\\/kapuutsiga-kostuum\\\/#primaryimage\",\"url\":\"https:\\\/\\\/armonti.eu\\\/wp-content\\\/uploads\\\/2026\\\/04\\\/img_0416-scaled.jpg\",\"contentUrl\":\"https:\\\/\\\/armonti.eu\\\/wp-content\\\/uploads\\\/2026\\\/04\\\/img_0416-scaled.jpg\",\"width\":1920,\"height\":2560,\"caption\":\"Kapuutsiga p\u00fckskost\u00fc\u00fcm\"},{\"@type\":\"BreadcrumbList\",\"@id\":\"https:\\\/\\\/armonti.eu\\\/et\\\/toode\\\/kapuutsiga-kostuum\\\/#breadcrumb\",\"itemListElement\":[{\"@type\":\"ListItem\",\"position\":1,\"name\":\"\u0413\u043b\u0430\u0432\u043d\u0430\u044f\",\"item\":\"https:\\\/\\\/armonti.eu\\\/\"},{\"@type\":\"ListItem\",\"position\":2,\"name\":\"Shop\",\"item\":\"https:\\\/\\\/armonti.eu\\\/et\\\/shop\\\/\"},{\"@type\":\"ListItem\",\"position\":3,\"name\":\"\u041a\u043e\u0441\u0442\u044e\u043c\u044b \u0441\u043f\u043e\u0440\u0442\u0438\u0432\u043d\u044b\u0435\",\"item\":\"https:\\\/\\\/armonti.eu\\\/catalog\\\/odezhda\\\/sportivnye-kostyumy\\\/\"},{\"@type\":\"ListItem\",\"position\":4,\"name\":\"Kapuutsiga kost\u00fc\u00fcm\"}]},{\"@type\":\"WebSite\",\"@id\":\"https:\\\/\\\/armonti.eu\\\/#website\",\"url\":\"https:\\\/\\\/armonti.eu\\\/\",\"name\":\"ARMONTI\",\"description\":\"\",\"publisher\":{\"@id\":\"https:\\\/\\\/armonti.eu\\\/#organization\"},\"alternateName\":\"\u0416\u0435\u043d\u0441\u043a\u0430\u044f \u0431\u0440\u0435\u043d\u0434\u043e\u0432\u0430\u044f \u043e\u0434\u0435\u0436\u0434\u0430\",\"potentialAction\":[{\"@type\":\"SearchAction\",\"target\":{\"@type\":\"EntryPoint\",\"urlTemplate\":\"https:\\\/\\\/armonti.eu\\\/?s={search_term_string}\"},\"query-input\":{\"@type\":\"PropertyValueSpecification\",\"valueRequired\":true,\"valueName\":\"search_term_string\"}}],\"inLanguage\":\"et\"},{\"@type\":\"Organization\",\"@id\":\"https:\\\/\\\/armonti.eu\\\/#organization\",\"name\":\"ARMONTI\",\"alternateName\":\"\u0416\u0435\u043d\u0441\u043a\u0430\u044f \u0431\u0440\u0435\u043d\u0434\u043e\u0432\u0430\u044f \u043e\u0434\u0435\u0436\u0434\u0430\",\"url\":\"https:\\\/\\\/armonti.eu\\\/\",\"logo\":{\"@type\":\"ImageObject\",\"inLanguage\":\"et\",\"@id\":\"https:\\\/\\\/armonti.eu\\\/#\\\/schema\\\/logo\\\/image\\\/\",\"url\":\"https:\\\/\\\/armonti.eu\\\/wp-content\\\/uploads\\\/2023\\\/05\\\/armonti-logo-white.png\",\"contentUrl\":\"https:\\\/\\\/armonti.eu\\\/wp-content\\\/uploads\\\/2023\\\/05\\\/armonti-logo-white.png\",\"width\":2165,\"height\":554,\"caption\":\"ARMONTI\"},\"image\":{\"@id\":\"https:\\\/\\\/armonti.eu\\\/#\\\/schema\\\/logo\\\/image\\\/\"}}]}<\/script>\n<!-- \/ Yoast SEO plugin. -->","yoast_head_json":{"title":"Kapuutsiga kost\u00fc\u00fcm - \u041c\u0430\u0433\u0430\u0437\u0438\u043d \u043e\u0434\u0435\u0436\u0434\u044b ARMONTI","description":"Naiste kapuutsiga kost\u00fc\u00fcm reguleeritava pingutusn\u00f6\u00f6riga p\u00fckstega. Mugav igap\u00e4evane pusaga komplekt spordiks ja puhkuseks","robots":{"index":"index","follow":"follow","max-snippet":"max-snippet:-1","max-image-preview":"max-image-preview:large","max-video-preview":"max-video-preview:-1"},"canonical":"https:\/\/armonti.eu\/et\/toode\/kapuutsiga-kostuum\/","og_locale":"et_EE","og_type":"article","og_title":"Kapuutsiga kost\u00fc\u00fcm - \u041c\u0430\u0433\u0430\u0437\u0438\u043d \u043e\u0434\u0435\u0436\u0434\u044b ARMONTI","og_description":"Naiste kapuutsiga kost\u00fc\u00fcm reguleeritava pingutusn\u00f6\u00f6riga p\u00fckstega. Mugav igap\u00e4evane pusaga komplekt spordiks ja puhkuseks","og_url":"https:\/\/armonti.eu\/et\/toode\/kapuutsiga-kostuum\/","og_site_name":"\u041c\u0430\u0433\u0430\u0437\u0438\u043d \u043e\u0434\u0435\u0436\u0434\u044b ARMONTI","og_image":[{"width":1920,"height":2560,"url":"https:\/\/armonti.eu\/wp-content\/uploads\/2026\/04\/img_0416-scaled.jpg","type":"image\/jpeg"}],"twitter_card":"summary_large_image","twitter_misc":{"Est. reading time":"1 minut"},"schema":{"@context":"https:\/\/schema.org","@graph":[{"@type":"WebPage","@id":"https:\/\/armonti.eu\/et\/toode\/kapuutsiga-kostuum\/","url":"https:\/\/armonti.eu\/et\/toode\/kapuutsiga-kostuum\/","name":"Kapuutsiga kost\u00fc\u00fcm - \u041c\u0430\u0433\u0430\u0437\u0438\u043d \u043e\u0434\u0435\u0436\u0434\u044b ARMONTI","isPartOf":{"@id":"https:\/\/armonti.eu\/#website"},"primaryImageOfPage":{"@id":"https:\/\/armonti.eu\/et\/toode\/kapuutsiga-kostuum\/#primaryimage"},"image":{"@id":"https:\/\/armonti.eu\/et\/toode\/kapuutsiga-kostuum\/#primaryimage"},"thumbnailUrl":"https:\/\/armonti.eu\/wp-content\/uploads\/2026\/04\/img_0416-scaled.jpg","datePublished":"2026-04-22T09:30:05+00:00","description":"Naiste kapuutsiga kost\u00fc\u00fcm reguleeritava pingutusn\u00f6\u00f6riga p\u00fckstega. Mugav igap\u00e4evane pusaga komplekt spordiks ja puhkuseks","breadcrumb":{"@id":"https:\/\/armonti.eu\/et\/toode\/kapuutsiga-kostuum\/#breadcrumb"},"inLanguage":"et","potentialAction":[{"@type":"ReadAction","target":["https:\/\/armonti.eu\/et\/toode\/kapuutsiga-kostuum\/"]}]},{"@type":"ImageObject","inLanguage":"et","@id":"https:\/\/armonti.eu\/et\/toode\/kapuutsiga-kostuum\/#primaryimage","url":"https:\/\/armonti.eu\/wp-content\/uploads\/2026\/04\/img_0416-scaled.jpg","contentUrl":"https:\/\/armonti.eu\/wp-content\/uploads\/2026\/04\/img_0416-scaled.jpg","width":1920,"height":2560,"caption":"Kapuutsiga p\u00fckskost\u00fc\u00fcm"},{"@type":"BreadcrumbList","@id":"https:\/\/armonti.eu\/et\/toode\/kapuutsiga-kostuum\/#breadcrumb","itemListElement":[{"@type":"ListItem","position":1,"name":"\u0413\u043b\u0430\u0432\u043d\u0430\u044f","item":"https:\/\/armonti.eu\/"},{"@type":"ListItem","position":2,"name":"Shop","item":"https:\/\/armonti.eu\/et\/shop\/"},{"@type":"ListItem","position":3,"name":"\u041a\u043e\u0441\u0442\u044e\u043c\u044b \u0441\u043f\u043e\u0440\u0442\u0438\u0432\u043d\u044b\u0435","item":"https:\/\/armonti.eu\/catalog\/odezhda\/sportivnye-kostyumy\/"},{"@type":"ListItem","position":4,"name":"Kapuutsiga kost\u00fc\u00fcm"}]},{"@type":"WebSite","@id":"https:\/\/armonti.eu\/#website","url":"https:\/\/armonti.eu\/","name":"ARMONTI","description":"","publisher":{"@id":"https:\/\/armonti.eu\/#organization"},"alternateName":"\u0416\u0435\u043d\u0441\u043a\u0430\u044f \u0431\u0440\u0435\u043d\u0434\u043e\u0432\u0430\u044f \u043e\u0434\u0435\u0436\u0434\u0430","potentialAction":[{"@type":"SearchAction","target":{"@type":"EntryPoint","urlTemplate":"https:\/\/armonti.eu\/?s={search_term_string}"},"query-input":{"@type":"PropertyValueSpecification","valueRequired":true,"valueName":"search_term_string"}}],"inLanguage":"et"},{"@type":"Organization","@id":"https:\/\/armonti.eu\/#organization","name":"ARMONTI","alternateName":"\u0416\u0435\u043d\u0441\u043a\u0430\u044f \u0431\u0440\u0435\u043d\u0434\u043e\u0432\u0430\u044f \u043e\u0434\u0435\u0436\u0434\u0430","url":"https:\/\/armonti.eu\/","logo":{"@type":"ImageObject","inLanguage":"et","@id":"https:\/\/armonti.eu\/#\/schema\/logo\/image\/","url":"https:\/\/armonti.eu\/wp-content\/uploads\/2023\/05\/armonti-logo-white.png","contentUrl":"https:\/\/armonti.eu\/wp-content\/uploads\/2023\/05\/armonti-logo-white.png","width":2165,"height":554,"caption":"ARMONTI"},"image":{"@id":"https:\/\/armonti.eu\/#\/schema\/logo\/image\/"}}]}},"_links":{"self":[{"href":"https:\/\/armonti.eu\/et\/wp-json\/wp\/v2\/product\/41749","targetHints":{"allow":["GET"]}}],"collection":[{"href":"https:\/\/armonti.eu\/et\/wp-json\/wp\/v2\/product"}],"about":[{"href":"https:\/\/armonti.eu\/et\/wp-json\/wp\/v2\/types\/product"}],"replies":[{"embeddable":true,"href":"https:\/\/armonti.eu\/et\/wp-json\/wp\/v2\/comments?post=41749"}],"wp:featuredmedia":[{"embeddable":true,"href":"https:\/\/armonti.eu\/et\/wp-json\/wp\/v2\/media\/41734"}],"wp:attachment":[{"href":"https:\/\/armonti.eu\/et\/wp-json\/wp\/v2\/media?parent=41749"}],"wp:term":[{"taxonomy":"product_brand","embeddable":true,"href":"https:\/\/armonti.eu\/et\/wp-json\/wp\/v2\/product_brand?post=41749"},{"taxonomy":"product_cat","embeddable":true,"href":"https:\/\/armonti.eu\/et\/wp-json\/wp\/v2\/product_cat?post=41749"},{"taxonomy":"product_tag","embeddable":true,"href":"https:\/\/armonti.eu\/et\/wp-json\/wp\/v2\/product_tag?post=41749"}],"curies":[{"name":"wp","href":"https:\/\/api.w.org\/{rel}","templated":true}]}}