{"id":41722,"date":"2023-10-10T13:51:46","date_gmt":"2023-10-10T10:51:46","guid":{"rendered":"https:\/\/armonti.eu\/product\/pluusist-kraega-jope\/"},"modified":"2023-10-10T13:51:46","modified_gmt":"2023-10-10T10:51:46","slug":"pluusist-kraega-jope","status":"publish","type":"product","link":"https:\/\/armonti.eu\/et\/toode\/pluusist-kraega-jope\/","title":{"rendered":"Pl\u00fc\u00fcsist kraega jope"},"content":{"rendered":"<p>K\u00f5ige trendikam s\u00fcgisjope pehme pl\u00fc\u00fcsist kraega! Sobib ideaalselt nii klassikalise kui ka sportliku stiiliga. Jope allakeeratav krae on kaunistatud ilusa dekoratiivse lambanahaimitatsiooniga karusnahaga.  <\/p>\n<p>Tootekood: 8873<\/p>\n","protected":false},"excerpt":{"rendered":"<p>Kangas: Kanada t\u00fc\u00fcpi vihmakangas<br \/>\nSoojustus: 150 g s\u00fcntepon<br \/>\nPl\u00fc\u00fcskarusnahk: Teddy<br \/>\nSuurused: S, M, L, XL<\/p>\n","protected":false},"featured_media":15068,"comment_status":"open","ping_status":"closed","template":"","meta":[],"product_brand":[],"product_cat":[443,330,332,441],"product_tag":[],"class_list":{"0":"post-41722","1":"product","2":"type-product","3":"status-publish","4":"has-post-thumbnail","6":"product_cat-kevad-sugis-jope","7":"product_cat-odezhda-et","8":"product_cat-rasprodazha-et","9":"product_cat-uleriided","11":"first","12":"instock","13":"sale","14":"shipping-taxable","15":"purchasable","16":"product-type-variable"},"yoast_head":"<!-- This site is optimized with the Yoast SEO plugin v27.4 - https:\/\/yoast.com\/product\/yoast-seo-wordpress\/ -->\n<title>Pl\u00fc\u00fcsist kraega jope - \u041c\u0430\u0433\u0430\u0437\u0438\u043d \u043e\u0434\u0435\u0436\u0434\u044b ARMONTI<\/title>\n<meta name=\"description\" content=\"K\u00f5ige trendikam s\u00fcgisjope pehme pl\u00fc\u00fcsist kraega! Sobib ideaalselt nii klassikalise kui ka sportliku stiiliga. Jope allakeeratav krae on kaunistatud ilusa dekoratiivse lambanahaimitatsiooniga karusnahaga.\" \/>\n<meta name=\"robots\" content=\"index, follow, max-snippet:-1, max-image-preview:large, max-video-preview:-1\" \/>\n<link rel=\"canonical\" href=\"https:\/\/armonti.eu\/et\/toode\/pluusist-kraega-jope\/\" \/>\n<meta property=\"og:locale\" content=\"et_EE\" \/>\n<meta property=\"og:type\" content=\"article\" \/>\n<meta property=\"og:title\" content=\"Pl\u00fc\u00fcsist kraega jope - \u041c\u0430\u0433\u0430\u0437\u0438\u043d \u043e\u0434\u0435\u0436\u0434\u044b ARMONTI\" \/>\n<meta property=\"og:description\" content=\"K\u00f5ige trendikam s\u00fcgisjope pehme pl\u00fc\u00fcsist kraega! Sobib ideaalselt nii klassikalise kui ka sportliku stiiliga. Jope allakeeratav krae on kaunistatud ilusa dekoratiivse lambanahaimitatsiooniga karusnahaga.\" \/>\n<meta property=\"og:url\" content=\"https:\/\/armonti.eu\/et\/toode\/pluusist-kraega-jope\/\" \/>\n<meta property=\"og:site_name\" content=\"\u041c\u0430\u0433\u0430\u0437\u0438\u043d \u043e\u0434\u0435\u0436\u0434\u044b ARMONTI\" \/>\n<meta property=\"og:image\" content=\"https:\/\/armonti.eu\/wp-content\/uploads\/2023\/10\/img_7902.jpg\" \/>\n\t<meta property=\"og:image:width\" content=\"960\" \/>\n\t<meta property=\"og:image:height\" content=\"1280\" \/>\n\t<meta property=\"og:image:type\" content=\"image\/jpeg\" \/>\n<meta name=\"twitter:card\" content=\"summary_large_image\" \/>\n<meta name=\"twitter:description\" content=\"Talvemantel, soojustuseks 250 g\/m\u00b2 holofiber.Tuulekindel ja vetth\u00fclgav hingav materjal.Fikseeritav ja reguleeritav kapuuts.Esikinnitus lukuga, tuulekaitsega.Reguleeritav v\u00f6\u00f6.Varrukatel elastsed sisemised mansetid.Selja kogupikkus: 100 cm\" \/>\n<script type=\"application\/ld+json\" class=\"yoast-schema-graph\">{\"@context\":\"https:\\\/\\\/schema.org\",\"@graph\":[{\"@type\":\"WebPage\",\"@id\":\"https:\\\/\\\/armonti.eu\\\/et\\\/toode\\\/pluusist-kraega-jope\\\/\",\"url\":\"https:\\\/\\\/armonti.eu\\\/et\\\/toode\\\/pluusist-kraega-jope\\\/\",\"name\":\"Pl\u00fc\u00fcsist kraega jope - \u041c\u0430\u0433\u0430\u0437\u0438\u043d \u043e\u0434\u0435\u0436\u0434\u044b ARMONTI\",\"isPartOf\":{\"@id\":\"https:\\\/\\\/armonti.eu\\\/#website\"},\"primaryImageOfPage\":{\"@id\":\"https:\\\/\\\/armonti.eu\\\/et\\\/toode\\\/pluusist-kraega-jope\\\/#primaryimage\"},\"image\":{\"@id\":\"https:\\\/\\\/armonti.eu\\\/et\\\/toode\\\/pluusist-kraega-jope\\\/#primaryimage\"},\"thumbnailUrl\":\"https:\\\/\\\/armonti.eu\\\/wp-content\\\/uploads\\\/2023\\\/10\\\/img_7902.jpg\",\"datePublished\":\"2023-10-10T10:51:46+00:00\",\"description\":\"K\u00f5ige trendikam s\u00fcgisjope pehme pl\u00fc\u00fcsist kraega! Sobib ideaalselt nii klassikalise kui ka sportliku stiiliga. Jope allakeeratav krae on kaunistatud ilusa dekoratiivse lambanahaimitatsiooniga karusnahaga.\",\"breadcrumb\":{\"@id\":\"https:\\\/\\\/armonti.eu\\\/et\\\/toode\\\/pluusist-kraega-jope\\\/#breadcrumb\"},\"inLanguage\":\"et\",\"potentialAction\":[{\"@type\":\"ReadAction\",\"target\":[\"https:\\\/\\\/armonti.eu\\\/et\\\/toode\\\/pluusist-kraega-jope\\\/\"]}]},{\"@type\":\"ImageObject\",\"inLanguage\":\"et\",\"@id\":\"https:\\\/\\\/armonti.eu\\\/et\\\/toode\\\/pluusist-kraega-jope\\\/#primaryimage\",\"url\":\"https:\\\/\\\/armonti.eu\\\/wp-content\\\/uploads\\\/2023\\\/10\\\/img_7902.jpg\",\"contentUrl\":\"https:\\\/\\\/armonti.eu\\\/wp-content\\\/uploads\\\/2023\\\/10\\\/img_7902.jpg\",\"width\":960,\"height\":1280},{\"@type\":\"BreadcrumbList\",\"@id\":\"https:\\\/\\\/armonti.eu\\\/et\\\/toode\\\/pluusist-kraega-jope\\\/#breadcrumb\",\"itemListElement\":[{\"@type\":\"ListItem\",\"position\":1,\"name\":\"\u0413\u043b\u0430\u0432\u043d\u0430\u044f\",\"item\":\"https:\\\/\\\/armonti.eu\\\/\"},{\"@type\":\"ListItem\",\"position\":2,\"name\":\"Shop\",\"item\":\"https:\\\/\\\/armonti.eu\\\/et\\\/shop\\\/\"},{\"@type\":\"ListItem\",\"position\":3,\"name\":\"Pl\u00fc\u00fcsist kraega jope\"}]},{\"@type\":\"WebSite\",\"@id\":\"https:\\\/\\\/armonti.eu\\\/#website\",\"url\":\"https:\\\/\\\/armonti.eu\\\/\",\"name\":\"ARMONTI\",\"description\":\"\",\"publisher\":{\"@id\":\"https:\\\/\\\/armonti.eu\\\/#organization\"},\"alternateName\":\"\u0416\u0435\u043d\u0441\u043a\u0430\u044f \u0431\u0440\u0435\u043d\u0434\u043e\u0432\u0430\u044f \u043e\u0434\u0435\u0436\u0434\u0430\",\"potentialAction\":[{\"@type\":\"SearchAction\",\"target\":{\"@type\":\"EntryPoint\",\"urlTemplate\":\"https:\\\/\\\/armonti.eu\\\/?s={search_term_string}\"},\"query-input\":{\"@type\":\"PropertyValueSpecification\",\"valueRequired\":true,\"valueName\":\"search_term_string\"}}],\"inLanguage\":\"et\"},{\"@type\":\"Organization\",\"@id\":\"https:\\\/\\\/armonti.eu\\\/#organization\",\"name\":\"ARMONTI\",\"alternateName\":\"\u0416\u0435\u043d\u0441\u043a\u0430\u044f \u0431\u0440\u0435\u043d\u0434\u043e\u0432\u0430\u044f \u043e\u0434\u0435\u0436\u0434\u0430\",\"url\":\"https:\\\/\\\/armonti.eu\\\/\",\"logo\":{\"@type\":\"ImageObject\",\"inLanguage\":\"et\",\"@id\":\"https:\\\/\\\/armonti.eu\\\/#\\\/schema\\\/logo\\\/image\\\/\",\"url\":\"https:\\\/\\\/armonti.eu\\\/wp-content\\\/uploads\\\/2023\\\/05\\\/armonti-logo-white.png\",\"contentUrl\":\"https:\\\/\\\/armonti.eu\\\/wp-content\\\/uploads\\\/2023\\\/05\\\/armonti-logo-white.png\",\"width\":2165,\"height\":554,\"caption\":\"ARMONTI\"},\"image\":{\"@id\":\"https:\\\/\\\/armonti.eu\\\/#\\\/schema\\\/logo\\\/image\\\/\"}}]}<\/script>\n<!-- \/ Yoast SEO plugin. -->","yoast_head_json":{"title":"Pl\u00fc\u00fcsist kraega jope - \u041c\u0430\u0433\u0430\u0437\u0438\u043d \u043e\u0434\u0435\u0436\u0434\u044b ARMONTI","description":"K\u00f5ige trendikam s\u00fcgisjope pehme pl\u00fc\u00fcsist kraega! Sobib ideaalselt nii klassikalise kui ka sportliku stiiliga. Jope allakeeratav krae on kaunistatud ilusa dekoratiivse lambanahaimitatsiooniga karusnahaga.","robots":{"index":"index","follow":"follow","max-snippet":"max-snippet:-1","max-image-preview":"max-image-preview:large","max-video-preview":"max-video-preview:-1"},"canonical":"https:\/\/armonti.eu\/et\/toode\/pluusist-kraega-jope\/","og_locale":"et_EE","og_type":"article","og_title":"Pl\u00fc\u00fcsist kraega jope - \u041c\u0430\u0433\u0430\u0437\u0438\u043d \u043e\u0434\u0435\u0436\u0434\u044b ARMONTI","og_description":"K\u00f5ige trendikam s\u00fcgisjope pehme pl\u00fc\u00fcsist kraega! Sobib ideaalselt nii klassikalise kui ka sportliku stiiliga. Jope allakeeratav krae on kaunistatud ilusa dekoratiivse lambanahaimitatsiooniga karusnahaga.","og_url":"https:\/\/armonti.eu\/et\/toode\/pluusist-kraega-jope\/","og_site_name":"\u041c\u0430\u0433\u0430\u0437\u0438\u043d \u043e\u0434\u0435\u0436\u0434\u044b ARMONTI","og_image":[{"width":960,"height":1280,"url":"https:\/\/armonti.eu\/wp-content\/uploads\/2023\/10\/img_7902.jpg","type":"image\/jpeg"}],"twitter_card":"summary_large_image","twitter_description":"Talvemantel, soojustuseks 250 g\/m\u00b2 holofiber.Tuulekindel ja vetth\u00fclgav hingav materjal.Fikseeritav ja reguleeritav kapuuts.Esikinnitus lukuga, tuulekaitsega.Reguleeritav v\u00f6\u00f6.Varrukatel elastsed sisemised mansetid.Selja kogupikkus: 100 cm","schema":{"@context":"https:\/\/schema.org","@graph":[{"@type":"WebPage","@id":"https:\/\/armonti.eu\/et\/toode\/pluusist-kraega-jope\/","url":"https:\/\/armonti.eu\/et\/toode\/pluusist-kraega-jope\/","name":"Pl\u00fc\u00fcsist kraega jope - \u041c\u0430\u0433\u0430\u0437\u0438\u043d \u043e\u0434\u0435\u0436\u0434\u044b ARMONTI","isPartOf":{"@id":"https:\/\/armonti.eu\/#website"},"primaryImageOfPage":{"@id":"https:\/\/armonti.eu\/et\/toode\/pluusist-kraega-jope\/#primaryimage"},"image":{"@id":"https:\/\/armonti.eu\/et\/toode\/pluusist-kraega-jope\/#primaryimage"},"thumbnailUrl":"https:\/\/armonti.eu\/wp-content\/uploads\/2023\/10\/img_7902.jpg","datePublished":"2023-10-10T10:51:46+00:00","description":"K\u00f5ige trendikam s\u00fcgisjope pehme pl\u00fc\u00fcsist kraega! Sobib ideaalselt nii klassikalise kui ka sportliku stiiliga. Jope allakeeratav krae on kaunistatud ilusa dekoratiivse lambanahaimitatsiooniga karusnahaga.","breadcrumb":{"@id":"https:\/\/armonti.eu\/et\/toode\/pluusist-kraega-jope\/#breadcrumb"},"inLanguage":"et","potentialAction":[{"@type":"ReadAction","target":["https:\/\/armonti.eu\/et\/toode\/pluusist-kraega-jope\/"]}]},{"@type":"ImageObject","inLanguage":"et","@id":"https:\/\/armonti.eu\/et\/toode\/pluusist-kraega-jope\/#primaryimage","url":"https:\/\/armonti.eu\/wp-content\/uploads\/2023\/10\/img_7902.jpg","contentUrl":"https:\/\/armonti.eu\/wp-content\/uploads\/2023\/10\/img_7902.jpg","width":960,"height":1280},{"@type":"BreadcrumbList","@id":"https:\/\/armonti.eu\/et\/toode\/pluusist-kraega-jope\/#breadcrumb","itemListElement":[{"@type":"ListItem","position":1,"name":"\u0413\u043b\u0430\u0432\u043d\u0430\u044f","item":"https:\/\/armonti.eu\/"},{"@type":"ListItem","position":2,"name":"Shop","item":"https:\/\/armonti.eu\/et\/shop\/"},{"@type":"ListItem","position":3,"name":"Pl\u00fc\u00fcsist kraega jope"}]},{"@type":"WebSite","@id":"https:\/\/armonti.eu\/#website","url":"https:\/\/armonti.eu\/","name":"ARMONTI","description":"","publisher":{"@id":"https:\/\/armonti.eu\/#organization"},"alternateName":"\u0416\u0435\u043d\u0441\u043a\u0430\u044f \u0431\u0440\u0435\u043d\u0434\u043e\u0432\u0430\u044f \u043e\u0434\u0435\u0436\u0434\u0430","potentialAction":[{"@type":"SearchAction","target":{"@type":"EntryPoint","urlTemplate":"https:\/\/armonti.eu\/?s={search_term_string}"},"query-input":{"@type":"PropertyValueSpecification","valueRequired":true,"valueName":"search_term_string"}}],"inLanguage":"et"},{"@type":"Organization","@id":"https:\/\/armonti.eu\/#organization","name":"ARMONTI","alternateName":"\u0416\u0435\u043d\u0441\u043a\u0430\u044f \u0431\u0440\u0435\u043d\u0434\u043e\u0432\u0430\u044f \u043e\u0434\u0435\u0436\u0434\u0430","url":"https:\/\/armonti.eu\/","logo":{"@type":"ImageObject","inLanguage":"et","@id":"https:\/\/armonti.eu\/#\/schema\/logo\/image\/","url":"https:\/\/armonti.eu\/wp-content\/uploads\/2023\/05\/armonti-logo-white.png","contentUrl":"https:\/\/armonti.eu\/wp-content\/uploads\/2023\/05\/armonti-logo-white.png","width":2165,"height":554,"caption":"ARMONTI"},"image":{"@id":"https:\/\/armonti.eu\/#\/schema\/logo\/image\/"}}]}},"_links":{"self":[{"href":"https:\/\/armonti.eu\/et\/wp-json\/wp\/v2\/product\/41722","targetHints":{"allow":["GET"]}}],"collection":[{"href":"https:\/\/armonti.eu\/et\/wp-json\/wp\/v2\/product"}],"about":[{"href":"https:\/\/armonti.eu\/et\/wp-json\/wp\/v2\/types\/product"}],"replies":[{"embeddable":true,"href":"https:\/\/armonti.eu\/et\/wp-json\/wp\/v2\/comments?post=41722"}],"wp:featuredmedia":[{"embeddable":true,"href":"https:\/\/armonti.eu\/et\/wp-json\/wp\/v2\/media\/15068"}],"wp:attachment":[{"href":"https:\/\/armonti.eu\/et\/wp-json\/wp\/v2\/media?parent=41722"}],"wp:term":[{"taxonomy":"product_brand","embeddable":true,"href":"https:\/\/armonti.eu\/et\/wp-json\/wp\/v2\/product_brand?post=41722"},{"taxonomy":"product_cat","embeddable":true,"href":"https:\/\/armonti.eu\/et\/wp-json\/wp\/v2\/product_cat?post=41722"},{"taxonomy":"product_tag","embeddable":true,"href":"https:\/\/armonti.eu\/et\/wp-json\/wp\/v2\/product_tag?post=41722"}],"curies":[{"name":"wp","href":"https:\/\/api.w.org\/{rel}","templated":true}]}}