{"id":41622,"date":"2024-10-24T10:26:48","date_gmt":"2024-10-24T07:26:48","guid":{"rendered":"https:\/\/armonti.eu\/product\/naiste-muts-kotocepchik-angorast\/"},"modified":"2024-10-24T10:26:48","modified_gmt":"2024-10-24T07:26:48","slug":"naiste-muts-kotocepchik-angorast","status":"publish","type":"product","link":"https:\/\/armonti.eu\/et\/toode\/naiste-muts-kotocepchik-angorast\/","title":{"rendered":"Naiste m\u00fcts \u201eKotocepchik\u201c angorast"},"content":{"rendered":"<p>Lisage oma talvisesse garderoobi soojust ja mugavust meie stiilse m\u00fctsiga \u201eKotocepchik\u201c. See k\u00f5rgekvaliteedilisest angorast valmistatud m\u00fcts on mitte ainult pehme ja meeldiv puudutada, vaid hoiab ka suurep\u00e4raselt sooja, v\u00f5imaldades teil tunda end mugavalt isegi k\u00f5ige k\u00fclmemate ilmade ajal. <\/p>\n<p>Omadused:<\/p>\n<p>&#8211; Materjal: 70% angora \u2013 kerge ja soe, ideaalne talveks.<br \/>\n&#8211; Disain: Vaimustav, mahukas siluetiga kampsun, mis lisab igale stiilile m\u00e4ngulisust.<br \/>\n&#8211; V\u00e4rvid: Saadaval mitmes populaarses v\u00e4rvitoonis, saate valida selle, mis sobib teie stiiliga k\u00f5ige paremini.<br \/>\n&#8211; Suurus: Mugav ja elastne istuvus, sobib enamikule pea\u00fcmberm\u00f5\u00f5tudele, sealhulgas lastele ja teismelistele.<\/p>\n<p>Hooldus:<br \/>\nSoovitatav on k\u00e4sitsi pesemine k\u00fclmas vees. \u00c4rge kasutage valgendajaid. Kuivatage horisontaalselt, v\u00e4ltides otsest p\u00e4ikesevalgust.  <\/p>\n<p>\u00c4rge j\u00e4tke kasutamata v\u00f5imalust lisada see moekas k\u00f5rvam\u00fcts oma talve garderoobi ja tuua veidi r\u00f5\u00f5mu oma talvisesse igap\u00e4evaellu<\/p>\n<p>Tootekood: 2347<\/p>\n","protected":false},"excerpt":{"rendered":"<p>Suurused: ONE SIZE<br \/>\nV\u00e4rv: valge, hall, lilla, kollane, mokka, fuksia<br \/>\nKoostis: minke-karv 5%, angora 70%, vill 15%, akr\u00fc\u00fcl 10%<\/p>\n","protected":false},"featured_media":21920,"comment_status":"open","ping_status":"closed","template":"","meta":[],"product_brand":[],"product_cat":[430,434,333],"product_tag":[],"class_list":{"0":"post-41622","1":"product","2":"type-product","3":"status-publish","4":"has-post-thumbnail","6":"product_cat-aksessuaarid","7":"product_cat-mutsid-komplektid","8":"product_cat-hity-prodazh-et","10":"first","11":"instock","12":"shipping-taxable","13":"purchasable","14":"product-type-variable"},"yoast_head":"<!-- This site is optimized with the Yoast SEO plugin v27.4 - https:\/\/yoast.com\/product\/yoast-seo-wordpress\/ -->\n<title>Naiste m\u00fcts \u201eKotocepchik\u201c angorast - \u041c\u0430\u0433\u0430\u0437\u0438\u043d \u043e\u0434\u0435\u0436\u0434\u044b ARMONTI<\/title>\n<meta name=\"description\" content=\"Naiste m\u00fcts \u201eKotocepchik\u201c on valmistatud k\u00f5rgekvaliteedilisest angorast; see m\u00fcts on mitte ainult pehme ja meeldiv puudutada, vaid hoiab ka suurep\u00e4raselt sooja\" \/>\n<meta name=\"robots\" content=\"index, follow, max-snippet:-1, max-image-preview:large, max-video-preview:-1\" \/>\n<link rel=\"canonical\" href=\"https:\/\/armonti.eu\/et\/toode\/naiste-muts-kotocepchik-angorast\/\" \/>\n<meta property=\"og:locale\" content=\"et_EE\" \/>\n<meta property=\"og:type\" content=\"article\" \/>\n<meta property=\"og:title\" content=\"Naiste m\u00fcts \u201eKotocepchik\u201c angorast - \u041c\u0430\u0433\u0430\u0437\u0438\u043d \u043e\u0434\u0435\u0436\u0434\u044b ARMONTI\" \/>\n<meta property=\"og:description\" content=\"Beanie-m\u00fcts sobib suurep\u00e4raselt igap\u00e4evaseks kandmiseks ja sportimiseks. Universaalne m\u00fcts on valmistatud kvaliteetsest trikotaa\u017eist.\" \/>\n<meta property=\"og:url\" content=\"https:\/\/armonti.eu\/et\/toode\/naiste-muts-kotocepchik-angorast\/\" \/>\n<meta property=\"og:site_name\" content=\"\u041c\u0430\u0433\u0430\u0437\u0438\u043d \u043e\u0434\u0435\u0436\u0434\u044b ARMONTI\" \/>\n<meta property=\"og:image\" content=\"https:\/\/armonti.eu\/wp-content\/uploads\/2024\/10\/img_7149.jpg\" \/>\n\t<meta property=\"og:image:width\" content=\"847\" \/>\n\t<meta property=\"og:image:height\" content=\"1133\" \/>\n\t<meta property=\"og:image:type\" content=\"image\/jpeg\" \/>\n<meta name=\"twitter:card\" content=\"summary_large_image\" \/>\n<meta name=\"twitter:description\" content=\"Beanie-m\u00fcts sobib suurep\u00e4raselt igap\u00e4evaseks kandmiseks ja sportimiseks. Universaalne m\u00fcts on valmistatud kvaliteetsest trikotaa\u017eist.\" \/>\n<meta name=\"twitter:label1\" content=\"Est. reading time\" \/>\n\t<meta name=\"twitter:data1\" content=\"1 minut\" \/>\n<script type=\"application\/ld+json\" class=\"yoast-schema-graph\">{\"@context\":\"https:\\\/\\\/schema.org\",\"@graph\":[{\"@type\":\"WebPage\",\"@id\":\"https:\\\/\\\/armonti.eu\\\/et\\\/toode\\\/naiste-muts-kotocepchik-angorast\\\/\",\"url\":\"https:\\\/\\\/armonti.eu\\\/et\\\/toode\\\/naiste-muts-kotocepchik-angorast\\\/\",\"name\":\"Naiste m\u00fcts \u201eKotocepchik\u201c angorast - \u041c\u0430\u0433\u0430\u0437\u0438\u043d \u043e\u0434\u0435\u0436\u0434\u044b ARMONTI\",\"isPartOf\":{\"@id\":\"https:\\\/\\\/armonti.eu\\\/#website\"},\"primaryImageOfPage\":{\"@id\":\"https:\\\/\\\/armonti.eu\\\/et\\\/toode\\\/naiste-muts-kotocepchik-angorast\\\/#primaryimage\"},\"image\":{\"@id\":\"https:\\\/\\\/armonti.eu\\\/et\\\/toode\\\/naiste-muts-kotocepchik-angorast\\\/#primaryimage\"},\"thumbnailUrl\":\"https:\\\/\\\/armonti.eu\\\/wp-content\\\/uploads\\\/2024\\\/10\\\/img_7149.jpg\",\"datePublished\":\"2024-10-24T07:26:48+00:00\",\"description\":\"Naiste m\u00fcts \u201eKotocepchik\u201c on valmistatud k\u00f5rgekvaliteedilisest angorast; see m\u00fcts on mitte ainult pehme ja meeldiv puudutada, vaid hoiab ka suurep\u00e4raselt sooja\",\"breadcrumb\":{\"@id\":\"https:\\\/\\\/armonti.eu\\\/et\\\/toode\\\/naiste-muts-kotocepchik-angorast\\\/#breadcrumb\"},\"inLanguage\":\"et\",\"potentialAction\":[{\"@type\":\"ReadAction\",\"target\":[\"https:\\\/\\\/armonti.eu\\\/et\\\/toode\\\/naiste-muts-kotocepchik-angorast\\\/\"]}]},{\"@type\":\"ImageObject\",\"inLanguage\":\"et\",\"@id\":\"https:\\\/\\\/armonti.eu\\\/et\\\/toode\\\/naiste-muts-kotocepchik-angorast\\\/#primaryimage\",\"url\":\"https:\\\/\\\/armonti.eu\\\/wp-content\\\/uploads\\\/2024\\\/10\\\/img_7149.jpg\",\"contentUrl\":\"https:\\\/\\\/armonti.eu\\\/wp-content\\\/uploads\\\/2024\\\/10\\\/img_7149.jpg\",\"width\":847,\"height\":1133},{\"@type\":\"BreadcrumbList\",\"@id\":\"https:\\\/\\\/armonti.eu\\\/et\\\/toode\\\/naiste-muts-kotocepchik-angorast\\\/#breadcrumb\",\"itemListElement\":[{\"@type\":\"ListItem\",\"position\":1,\"name\":\"\u0413\u043b\u0430\u0432\u043d\u0430\u044f\",\"item\":\"https:\\\/\\\/armonti.eu\\\/\"},{\"@type\":\"ListItem\",\"position\":2,\"name\":\"Shop\",\"item\":\"https:\\\/\\\/armonti.eu\\\/et\\\/shop\\\/\"},{\"@type\":\"ListItem\",\"position\":3,\"name\":\"Naiste m\u00fcts \u201eKotocepchik\u201c angorast\"}]},{\"@type\":\"WebSite\",\"@id\":\"https:\\\/\\\/armonti.eu\\\/#website\",\"url\":\"https:\\\/\\\/armonti.eu\\\/\",\"name\":\"ARMONTI\",\"description\":\"\",\"publisher\":{\"@id\":\"https:\\\/\\\/armonti.eu\\\/#organization\"},\"alternateName\":\"\u0416\u0435\u043d\u0441\u043a\u0430\u044f \u0431\u0440\u0435\u043d\u0434\u043e\u0432\u0430\u044f \u043e\u0434\u0435\u0436\u0434\u0430\",\"potentialAction\":[{\"@type\":\"SearchAction\",\"target\":{\"@type\":\"EntryPoint\",\"urlTemplate\":\"https:\\\/\\\/armonti.eu\\\/?s={search_term_string}\"},\"query-input\":{\"@type\":\"PropertyValueSpecification\",\"valueRequired\":true,\"valueName\":\"search_term_string\"}}],\"inLanguage\":\"et\"},{\"@type\":\"Organization\",\"@id\":\"https:\\\/\\\/armonti.eu\\\/#organization\",\"name\":\"ARMONTI\",\"alternateName\":\"\u0416\u0435\u043d\u0441\u043a\u0430\u044f \u0431\u0440\u0435\u043d\u0434\u043e\u0432\u0430\u044f \u043e\u0434\u0435\u0436\u0434\u0430\",\"url\":\"https:\\\/\\\/armonti.eu\\\/\",\"logo\":{\"@type\":\"ImageObject\",\"inLanguage\":\"et\",\"@id\":\"https:\\\/\\\/armonti.eu\\\/#\\\/schema\\\/logo\\\/image\\\/\",\"url\":\"https:\\\/\\\/armonti.eu\\\/wp-content\\\/uploads\\\/2023\\\/05\\\/armonti-logo-white.png\",\"contentUrl\":\"https:\\\/\\\/armonti.eu\\\/wp-content\\\/uploads\\\/2023\\\/05\\\/armonti-logo-white.png\",\"width\":2165,\"height\":554,\"caption\":\"ARMONTI\"},\"image\":{\"@id\":\"https:\\\/\\\/armonti.eu\\\/#\\\/schema\\\/logo\\\/image\\\/\"}}]}<\/script>\n<!-- \/ Yoast SEO plugin. -->","yoast_head_json":{"title":"Naiste m\u00fcts \u201eKotocepchik\u201c angorast - \u041c\u0430\u0433\u0430\u0437\u0438\u043d \u043e\u0434\u0435\u0436\u0434\u044b ARMONTI","description":"Naiste m\u00fcts \u201eKotocepchik\u201c on valmistatud k\u00f5rgekvaliteedilisest angorast; see m\u00fcts on mitte ainult pehme ja meeldiv puudutada, vaid hoiab ka suurep\u00e4raselt sooja","robots":{"index":"index","follow":"follow","max-snippet":"max-snippet:-1","max-image-preview":"max-image-preview:large","max-video-preview":"max-video-preview:-1"},"canonical":"https:\/\/armonti.eu\/et\/toode\/naiste-muts-kotocepchik-angorast\/","og_locale":"et_EE","og_type":"article","og_title":"Naiste m\u00fcts \u201eKotocepchik\u201c angorast - \u041c\u0430\u0433\u0430\u0437\u0438\u043d \u043e\u0434\u0435\u0436\u0434\u044b ARMONTI","og_description":"Beanie-m\u00fcts sobib suurep\u00e4raselt igap\u00e4evaseks kandmiseks ja sportimiseks. Universaalne m\u00fcts on valmistatud kvaliteetsest trikotaa\u017eist.","og_url":"https:\/\/armonti.eu\/et\/toode\/naiste-muts-kotocepchik-angorast\/","og_site_name":"\u041c\u0430\u0433\u0430\u0437\u0438\u043d \u043e\u0434\u0435\u0436\u0434\u044b ARMONTI","og_image":[{"width":847,"height":1133,"url":"https:\/\/armonti.eu\/wp-content\/uploads\/2024\/10\/img_7149.jpg","type":"image\/jpeg"}],"twitter_card":"summary_large_image","twitter_description":"Beanie-m\u00fcts sobib suurep\u00e4raselt igap\u00e4evaseks kandmiseks ja sportimiseks. Universaalne m\u00fcts on valmistatud kvaliteetsest trikotaa\u017eist.","twitter_misc":{"Est. reading time":"1 minut"},"schema":{"@context":"https:\/\/schema.org","@graph":[{"@type":"WebPage","@id":"https:\/\/armonti.eu\/et\/toode\/naiste-muts-kotocepchik-angorast\/","url":"https:\/\/armonti.eu\/et\/toode\/naiste-muts-kotocepchik-angorast\/","name":"Naiste m\u00fcts \u201eKotocepchik\u201c angorast - \u041c\u0430\u0433\u0430\u0437\u0438\u043d \u043e\u0434\u0435\u0436\u0434\u044b ARMONTI","isPartOf":{"@id":"https:\/\/armonti.eu\/#website"},"primaryImageOfPage":{"@id":"https:\/\/armonti.eu\/et\/toode\/naiste-muts-kotocepchik-angorast\/#primaryimage"},"image":{"@id":"https:\/\/armonti.eu\/et\/toode\/naiste-muts-kotocepchik-angorast\/#primaryimage"},"thumbnailUrl":"https:\/\/armonti.eu\/wp-content\/uploads\/2024\/10\/img_7149.jpg","datePublished":"2024-10-24T07:26:48+00:00","description":"Naiste m\u00fcts \u201eKotocepchik\u201c on valmistatud k\u00f5rgekvaliteedilisest angorast; see m\u00fcts on mitte ainult pehme ja meeldiv puudutada, vaid hoiab ka suurep\u00e4raselt sooja","breadcrumb":{"@id":"https:\/\/armonti.eu\/et\/toode\/naiste-muts-kotocepchik-angorast\/#breadcrumb"},"inLanguage":"et","potentialAction":[{"@type":"ReadAction","target":["https:\/\/armonti.eu\/et\/toode\/naiste-muts-kotocepchik-angorast\/"]}]},{"@type":"ImageObject","inLanguage":"et","@id":"https:\/\/armonti.eu\/et\/toode\/naiste-muts-kotocepchik-angorast\/#primaryimage","url":"https:\/\/armonti.eu\/wp-content\/uploads\/2024\/10\/img_7149.jpg","contentUrl":"https:\/\/armonti.eu\/wp-content\/uploads\/2024\/10\/img_7149.jpg","width":847,"height":1133},{"@type":"BreadcrumbList","@id":"https:\/\/armonti.eu\/et\/toode\/naiste-muts-kotocepchik-angorast\/#breadcrumb","itemListElement":[{"@type":"ListItem","position":1,"name":"\u0413\u043b\u0430\u0432\u043d\u0430\u044f","item":"https:\/\/armonti.eu\/"},{"@type":"ListItem","position":2,"name":"Shop","item":"https:\/\/armonti.eu\/et\/shop\/"},{"@type":"ListItem","position":3,"name":"Naiste m\u00fcts \u201eKotocepchik\u201c angorast"}]},{"@type":"WebSite","@id":"https:\/\/armonti.eu\/#website","url":"https:\/\/armonti.eu\/","name":"ARMONTI","description":"","publisher":{"@id":"https:\/\/armonti.eu\/#organization"},"alternateName":"\u0416\u0435\u043d\u0441\u043a\u0430\u044f \u0431\u0440\u0435\u043d\u0434\u043e\u0432\u0430\u044f \u043e\u0434\u0435\u0436\u0434\u0430","potentialAction":[{"@type":"SearchAction","target":{"@type":"EntryPoint","urlTemplate":"https:\/\/armonti.eu\/?s={search_term_string}"},"query-input":{"@type":"PropertyValueSpecification","valueRequired":true,"valueName":"search_term_string"}}],"inLanguage":"et"},{"@type":"Organization","@id":"https:\/\/armonti.eu\/#organization","name":"ARMONTI","alternateName":"\u0416\u0435\u043d\u0441\u043a\u0430\u044f \u0431\u0440\u0435\u043d\u0434\u043e\u0432\u0430\u044f \u043e\u0434\u0435\u0436\u0434\u0430","url":"https:\/\/armonti.eu\/","logo":{"@type":"ImageObject","inLanguage":"et","@id":"https:\/\/armonti.eu\/#\/schema\/logo\/image\/","url":"https:\/\/armonti.eu\/wp-content\/uploads\/2023\/05\/armonti-logo-white.png","contentUrl":"https:\/\/armonti.eu\/wp-content\/uploads\/2023\/05\/armonti-logo-white.png","width":2165,"height":554,"caption":"ARMONTI"},"image":{"@id":"https:\/\/armonti.eu\/#\/schema\/logo\/image\/"}}]}},"_links":{"self":[{"href":"https:\/\/armonti.eu\/et\/wp-json\/wp\/v2\/product\/41622","targetHints":{"allow":["GET"]}}],"collection":[{"href":"https:\/\/armonti.eu\/et\/wp-json\/wp\/v2\/product"}],"about":[{"href":"https:\/\/armonti.eu\/et\/wp-json\/wp\/v2\/types\/product"}],"replies":[{"embeddable":true,"href":"https:\/\/armonti.eu\/et\/wp-json\/wp\/v2\/comments?post=41622"}],"wp:featuredmedia":[{"embeddable":true,"href":"https:\/\/armonti.eu\/et\/wp-json\/wp\/v2\/media\/21920"}],"wp:attachment":[{"href":"https:\/\/armonti.eu\/et\/wp-json\/wp\/v2\/media?parent=41622"}],"wp:term":[{"taxonomy":"product_brand","embeddable":true,"href":"https:\/\/armonti.eu\/et\/wp-json\/wp\/v2\/product_brand?post=41622"},{"taxonomy":"product_cat","embeddable":true,"href":"https:\/\/armonti.eu\/et\/wp-json\/wp\/v2\/product_cat?post=41622"},{"taxonomy":"product_tag","embeddable":true,"href":"https:\/\/armonti.eu\/et\/wp-json\/wp\/v2\/product_tag?post=41622"}],"curies":[{"name":"wp","href":"https:\/\/api.w.org\/{rel}","templated":true}]}}