{"id":41553,"date":"2024-06-30T22:33:30","date_gmt":"2024-06-30T19:33:30","guid":{"rendered":"https:\/\/armonti.eu\/product\/naiste-pitsist-varbavahed\/"},"modified":"2026-04-21T17:09:43","modified_gmt":"2026-04-21T14:09:43","slug":"naiste-pitsist-varbavahed","status":"publish","type":"product","link":"https:\/\/armonti.eu\/et\/toode\/naiste-pitsist-varbavahed\/","title":{"rendered":"Naiste pitsist varbavahed"},"content":{"rendered":"<p>Naistele m\u00f5eldud \u00fchev\u00e4rvilised gep\u00fc\u00fcrist, pitsist, puuvillast v\u00f5i kapronist, kinnitustega, on kevad-suvise hooaja p\u00fcsiv trend, kuna need sobivad ideaalselt spordijalatsite, kingade v\u00f5i avatud jalatsitega \u2013 need on kerged, hingavad, pehmed ja keskkonnas\u00f5bralikud ning iga\u00fcks leiab endale sobiva v\u00e4rvi, mis on saadaval Armonti poes. Ilusad ja stiilsed sokid, mis on kaunistatud heegeldatud pitsiga v\u00f5i guipuuriga ning istuvad jalale ideaalselt. Need on libisemiskindlad, kuna neil on jalap\u00f5hjal lillekujulised pidurid ja sisemisel \u00e4\u00e4rel silikoonist sissepaigutus. Pits on v\u00e4ga \u00f5rn ning see mudel sobib ideaalselt kingituseks endale, emale v\u00f5i s\u00f5brannale. Peaaegu \u00f5mbluseta ja m\u00e4rkamatu \u00f5mblus ei suru ega j\u00e4ta j\u00e4lgi nahale, elastne sokk on v\u00e4ga kerge ja seda ei tunne \u00fcldse.  <\/p>\n<p>Naistele m\u00f5eldud varbavahega sokke saab Tallinnas osta meie veebipoest v\u00f5i Armonti kauplusest.<\/p>\n<p>Tootekood: 238<\/p>\n","protected":false},"excerpt":{"rendered":"<p>Suurused: 35\u201339, 38\u201342<br \/>\nV\u00e4rvid: must, virsiku, hall, oliiviroheline, cappuccino<br \/>\nKoostis: 88% bambus, 12% elastaan<br \/>Seda toodet saab osta nii kauplusest kui ka veebist!<\/p>\n","protected":false},"featured_media":17920,"comment_status":"open","ping_status":"closed","template":"","meta":[],"product_brand":[],"product_cat":[430,432],"product_tag":[],"class_list":{"0":"post-41553","1":"product","2":"type-product","3":"status-publish","4":"has-post-thumbnail","6":"product_cat-aksessuaarid","7":"product_cat-sukkpuksid-ja-sokid","9":"first","10":"instock","11":"shipping-taxable","12":"purchasable","13":"product-type-variable"},"yoast_head":"<!-- This site is optimized with the Yoast SEO plugin v27.4 - https:\/\/yoast.com\/product\/yoast-seo-wordpress\/ -->\n<title>Naiste pitsist varbavahed - \u041c\u0430\u0433\u0430\u0437\u0438\u043d \u043e\u0434\u0435\u0436\u0434\u044b ARMONTI<\/title>\n<meta name=\"description\" content=\"Naistele m\u00f5eldud \u00fchev\u00e4rvilised s\u00e4\u00e4rekaitsed, mis on valmistatud gepuurist, pitsist, puuvillast v\u00f5i kapronist ja varustatud kinnititega, on kevad-suvise hooaja p\u00fcsiv trend.\" \/>\n<meta name=\"robots\" content=\"index, follow, max-snippet:-1, max-image-preview:large, max-video-preview:-1\" \/>\n<link rel=\"canonical\" href=\"https:\/\/armonti.eu\/et\/toode\/naiste-pitsist-varbavahed\/\" \/>\n<meta property=\"og:locale\" content=\"et_EE\" \/>\n<meta property=\"og:type\" content=\"article\" \/>\n<meta property=\"og:title\" content=\"Naiste pitsist varbavahed - \u041c\u0430\u0433\u0430\u0437\u0438\u043d \u043e\u0434\u0435\u0436\u0434\u044b ARMONTI\" \/>\n<meta property=\"og:description\" content=\"Naistele m\u00f5eldud \u00fchev\u00e4rvilised s\u00e4\u00e4rekaitsed, mis on valmistatud gepuurist, pitsist, puuvillast v\u00f5i kapronist ja varustatud kinnititega, on kevad-suvise hooaja p\u00fcsiv trend.\" \/>\n<meta property=\"og:url\" content=\"https:\/\/armonti.eu\/et\/toode\/naiste-pitsist-varbavahed\/\" \/>\n<meta property=\"og:site_name\" content=\"\u041c\u0430\u0433\u0430\u0437\u0438\u043d \u043e\u0434\u0435\u0436\u0434\u044b ARMONTI\" \/>\n<meta property=\"article:modified_time\" content=\"2026-04-21T14:09:43+00:00\" \/>\n<meta property=\"og:image\" content=\"https:\/\/armonti.eu\/wp-content\/uploads\/2024\/06\/1-6.jpg\" \/>\n\t<meta property=\"og:image:width\" content=\"800\" \/>\n\t<meta property=\"og:image:height\" content=\"1067\" \/>\n\t<meta property=\"og:image:type\" content=\"image\/jpeg\" \/>\n<meta name=\"twitter:card\" content=\"summary_large_image\" \/>\n<meta name=\"twitter:label1\" content=\"Est. reading time\" \/>\n\t<meta name=\"twitter:data1\" content=\"1 minut\" \/>\n<script type=\"application\/ld+json\" class=\"yoast-schema-graph\">{\"@context\":\"https:\\\/\\\/schema.org\",\"@graph\":[{\"@type\":\"WebPage\",\"@id\":\"https:\\\/\\\/armonti.eu\\\/et\\\/toode\\\/naiste-pitsist-varbavahed\\\/\",\"url\":\"https:\\\/\\\/armonti.eu\\\/et\\\/toode\\\/naiste-pitsist-varbavahed\\\/\",\"name\":\"Naiste pitsist varbavahed - \u041c\u0430\u0433\u0430\u0437\u0438\u043d \u043e\u0434\u0435\u0436\u0434\u044b ARMONTI\",\"isPartOf\":{\"@id\":\"https:\\\/\\\/armonti.eu\\\/#website\"},\"primaryImageOfPage\":{\"@id\":\"https:\\\/\\\/armonti.eu\\\/et\\\/toode\\\/naiste-pitsist-varbavahed\\\/#primaryimage\"},\"image\":{\"@id\":\"https:\\\/\\\/armonti.eu\\\/et\\\/toode\\\/naiste-pitsist-varbavahed\\\/#primaryimage\"},\"thumbnailUrl\":\"https:\\\/\\\/armonti.eu\\\/wp-content\\\/uploads\\\/2024\\\/06\\\/1-6.jpg\",\"datePublished\":\"2024-06-30T19:33:30+00:00\",\"dateModified\":\"2026-04-21T14:09:43+00:00\",\"description\":\"Naistele m\u00f5eldud \u00fchev\u00e4rvilised s\u00e4\u00e4rekaitsed, mis on valmistatud gepuurist, pitsist, puuvillast v\u00f5i kapronist ja varustatud kinnititega, on kevad-suvise hooaja p\u00fcsiv trend.\",\"breadcrumb\":{\"@id\":\"https:\\\/\\\/armonti.eu\\\/et\\\/toode\\\/naiste-pitsist-varbavahed\\\/#breadcrumb\"},\"inLanguage\":\"et\",\"potentialAction\":[{\"@type\":\"ReadAction\",\"target\":[\"https:\\\/\\\/armonti.eu\\\/et\\\/toode\\\/naiste-pitsist-varbavahed\\\/\"]}]},{\"@type\":\"ImageObject\",\"inLanguage\":\"et\",\"@id\":\"https:\\\/\\\/armonti.eu\\\/et\\\/toode\\\/naiste-pitsist-varbavahed\\\/#primaryimage\",\"url\":\"https:\\\/\\\/armonti.eu\\\/wp-content\\\/uploads\\\/2024\\\/06\\\/1-6.jpg\",\"contentUrl\":\"https:\\\/\\\/armonti.eu\\\/wp-content\\\/uploads\\\/2024\\\/06\\\/1-6.jpg\",\"width\":800,\"height\":1067},{\"@type\":\"BreadcrumbList\",\"@id\":\"https:\\\/\\\/armonti.eu\\\/et\\\/toode\\\/naiste-pitsist-varbavahed\\\/#breadcrumb\",\"itemListElement\":[{\"@type\":\"ListItem\",\"position\":1,\"name\":\"\u0413\u043b\u0430\u0432\u043d\u0430\u044f\",\"item\":\"https:\\\/\\\/armonti.eu\\\/\"},{\"@type\":\"ListItem\",\"position\":2,\"name\":\"Shop\",\"item\":\"https:\\\/\\\/armonti.eu\\\/et\\\/shop\\\/\"},{\"@type\":\"ListItem\",\"position\":3,\"name\":\"Naiste pitsist varbavahed\"}]},{\"@type\":\"WebSite\",\"@id\":\"https:\\\/\\\/armonti.eu\\\/#website\",\"url\":\"https:\\\/\\\/armonti.eu\\\/\",\"name\":\"ARMONTI\",\"description\":\"\",\"publisher\":{\"@id\":\"https:\\\/\\\/armonti.eu\\\/#organization\"},\"alternateName\":\"\u0416\u0435\u043d\u0441\u043a\u0430\u044f \u0431\u0440\u0435\u043d\u0434\u043e\u0432\u0430\u044f \u043e\u0434\u0435\u0436\u0434\u0430\",\"potentialAction\":[{\"@type\":\"SearchAction\",\"target\":{\"@type\":\"EntryPoint\",\"urlTemplate\":\"https:\\\/\\\/armonti.eu\\\/?s={search_term_string}\"},\"query-input\":{\"@type\":\"PropertyValueSpecification\",\"valueRequired\":true,\"valueName\":\"search_term_string\"}}],\"inLanguage\":\"et\"},{\"@type\":\"Organization\",\"@id\":\"https:\\\/\\\/armonti.eu\\\/#organization\",\"name\":\"ARMONTI\",\"alternateName\":\"\u0416\u0435\u043d\u0441\u043a\u0430\u044f \u0431\u0440\u0435\u043d\u0434\u043e\u0432\u0430\u044f \u043e\u0434\u0435\u0436\u0434\u0430\",\"url\":\"https:\\\/\\\/armonti.eu\\\/\",\"logo\":{\"@type\":\"ImageObject\",\"inLanguage\":\"et\",\"@id\":\"https:\\\/\\\/armonti.eu\\\/#\\\/schema\\\/logo\\\/image\\\/\",\"url\":\"https:\\\/\\\/armonti.eu\\\/wp-content\\\/uploads\\\/2023\\\/05\\\/armonti-logo-white.png\",\"contentUrl\":\"https:\\\/\\\/armonti.eu\\\/wp-content\\\/uploads\\\/2023\\\/05\\\/armonti-logo-white.png\",\"width\":2165,\"height\":554,\"caption\":\"ARMONTI\"},\"image\":{\"@id\":\"https:\\\/\\\/armonti.eu\\\/#\\\/schema\\\/logo\\\/image\\\/\"}}]}<\/script>\n<!-- \/ Yoast SEO plugin. -->","yoast_head_json":{"title":"Naiste pitsist varbavahed - \u041c\u0430\u0433\u0430\u0437\u0438\u043d \u043e\u0434\u0435\u0436\u0434\u044b ARMONTI","description":"Naistele m\u00f5eldud \u00fchev\u00e4rvilised s\u00e4\u00e4rekaitsed, mis on valmistatud gepuurist, pitsist, puuvillast v\u00f5i kapronist ja varustatud kinnititega, on kevad-suvise hooaja p\u00fcsiv trend.","robots":{"index":"index","follow":"follow","max-snippet":"max-snippet:-1","max-image-preview":"max-image-preview:large","max-video-preview":"max-video-preview:-1"},"canonical":"https:\/\/armonti.eu\/et\/toode\/naiste-pitsist-varbavahed\/","og_locale":"et_EE","og_type":"article","og_title":"Naiste pitsist varbavahed - \u041c\u0430\u0433\u0430\u0437\u0438\u043d \u043e\u0434\u0435\u0436\u0434\u044b ARMONTI","og_description":"Naistele m\u00f5eldud \u00fchev\u00e4rvilised s\u00e4\u00e4rekaitsed, mis on valmistatud gepuurist, pitsist, puuvillast v\u00f5i kapronist ja varustatud kinnititega, on kevad-suvise hooaja p\u00fcsiv trend.","og_url":"https:\/\/armonti.eu\/et\/toode\/naiste-pitsist-varbavahed\/","og_site_name":"\u041c\u0430\u0433\u0430\u0437\u0438\u043d \u043e\u0434\u0435\u0436\u0434\u044b ARMONTI","article_modified_time":"2026-04-21T14:09:43+00:00","og_image":[{"width":800,"height":1067,"url":"https:\/\/armonti.eu\/wp-content\/uploads\/2024\/06\/1-6.jpg","type":"image\/jpeg"}],"twitter_card":"summary_large_image","twitter_misc":{"Est. reading time":"1 minut"},"schema":{"@context":"https:\/\/schema.org","@graph":[{"@type":"WebPage","@id":"https:\/\/armonti.eu\/et\/toode\/naiste-pitsist-varbavahed\/","url":"https:\/\/armonti.eu\/et\/toode\/naiste-pitsist-varbavahed\/","name":"Naiste pitsist varbavahed - \u041c\u0430\u0433\u0430\u0437\u0438\u043d \u043e\u0434\u0435\u0436\u0434\u044b ARMONTI","isPartOf":{"@id":"https:\/\/armonti.eu\/#website"},"primaryImageOfPage":{"@id":"https:\/\/armonti.eu\/et\/toode\/naiste-pitsist-varbavahed\/#primaryimage"},"image":{"@id":"https:\/\/armonti.eu\/et\/toode\/naiste-pitsist-varbavahed\/#primaryimage"},"thumbnailUrl":"https:\/\/armonti.eu\/wp-content\/uploads\/2024\/06\/1-6.jpg","datePublished":"2024-06-30T19:33:30+00:00","dateModified":"2026-04-21T14:09:43+00:00","description":"Naistele m\u00f5eldud \u00fchev\u00e4rvilised s\u00e4\u00e4rekaitsed, mis on valmistatud gepuurist, pitsist, puuvillast v\u00f5i kapronist ja varustatud kinnititega, on kevad-suvise hooaja p\u00fcsiv trend.","breadcrumb":{"@id":"https:\/\/armonti.eu\/et\/toode\/naiste-pitsist-varbavahed\/#breadcrumb"},"inLanguage":"et","potentialAction":[{"@type":"ReadAction","target":["https:\/\/armonti.eu\/et\/toode\/naiste-pitsist-varbavahed\/"]}]},{"@type":"ImageObject","inLanguage":"et","@id":"https:\/\/armonti.eu\/et\/toode\/naiste-pitsist-varbavahed\/#primaryimage","url":"https:\/\/armonti.eu\/wp-content\/uploads\/2024\/06\/1-6.jpg","contentUrl":"https:\/\/armonti.eu\/wp-content\/uploads\/2024\/06\/1-6.jpg","width":800,"height":1067},{"@type":"BreadcrumbList","@id":"https:\/\/armonti.eu\/et\/toode\/naiste-pitsist-varbavahed\/#breadcrumb","itemListElement":[{"@type":"ListItem","position":1,"name":"\u0413\u043b\u0430\u0432\u043d\u0430\u044f","item":"https:\/\/armonti.eu\/"},{"@type":"ListItem","position":2,"name":"Shop","item":"https:\/\/armonti.eu\/et\/shop\/"},{"@type":"ListItem","position":3,"name":"Naiste pitsist varbavahed"}]},{"@type":"WebSite","@id":"https:\/\/armonti.eu\/#website","url":"https:\/\/armonti.eu\/","name":"ARMONTI","description":"","publisher":{"@id":"https:\/\/armonti.eu\/#organization"},"alternateName":"\u0416\u0435\u043d\u0441\u043a\u0430\u044f \u0431\u0440\u0435\u043d\u0434\u043e\u0432\u0430\u044f \u043e\u0434\u0435\u0436\u0434\u0430","potentialAction":[{"@type":"SearchAction","target":{"@type":"EntryPoint","urlTemplate":"https:\/\/armonti.eu\/?s={search_term_string}"},"query-input":{"@type":"PropertyValueSpecification","valueRequired":true,"valueName":"search_term_string"}}],"inLanguage":"et"},{"@type":"Organization","@id":"https:\/\/armonti.eu\/#organization","name":"ARMONTI","alternateName":"\u0416\u0435\u043d\u0441\u043a\u0430\u044f \u0431\u0440\u0435\u043d\u0434\u043e\u0432\u0430\u044f \u043e\u0434\u0435\u0436\u0434\u0430","url":"https:\/\/armonti.eu\/","logo":{"@type":"ImageObject","inLanguage":"et","@id":"https:\/\/armonti.eu\/#\/schema\/logo\/image\/","url":"https:\/\/armonti.eu\/wp-content\/uploads\/2023\/05\/armonti-logo-white.png","contentUrl":"https:\/\/armonti.eu\/wp-content\/uploads\/2023\/05\/armonti-logo-white.png","width":2165,"height":554,"caption":"ARMONTI"},"image":{"@id":"https:\/\/armonti.eu\/#\/schema\/logo\/image\/"}}]}},"_links":{"self":[{"href":"https:\/\/armonti.eu\/et\/wp-json\/wp\/v2\/product\/41553","targetHints":{"allow":["GET"]}}],"collection":[{"href":"https:\/\/armonti.eu\/et\/wp-json\/wp\/v2\/product"}],"about":[{"href":"https:\/\/armonti.eu\/et\/wp-json\/wp\/v2\/types\/product"}],"replies":[{"embeddable":true,"href":"https:\/\/armonti.eu\/et\/wp-json\/wp\/v2\/comments?post=41553"}],"wp:featuredmedia":[{"embeddable":true,"href":"https:\/\/armonti.eu\/et\/wp-json\/wp\/v2\/media\/17920"}],"wp:attachment":[{"href":"https:\/\/armonti.eu\/et\/wp-json\/wp\/v2\/media?parent=41553"}],"wp:term":[{"taxonomy":"product_brand","embeddable":true,"href":"https:\/\/armonti.eu\/et\/wp-json\/wp\/v2\/product_brand?post=41553"},{"taxonomy":"product_cat","embeddable":true,"href":"https:\/\/armonti.eu\/et\/wp-json\/wp\/v2\/product_cat?post=41553"},{"taxonomy":"product_tag","embeddable":true,"href":"https:\/\/armonti.eu\/et\/wp-json\/wp\/v2\/product_tag?post=41553"}],"curies":[{"name":"wp","href":"https:\/\/api.w.org\/{rel}","templated":true}]}}