{"id":41515,"date":"2024-07-07T23:40:40","date_gmt":"2024-07-07T20:40:40","guid":{"rendered":"https:\/\/armonti.eu\/product\/kujundavad-jalgrattapuksid\/"},"modified":"2024-07-07T23:40:40","modified_gmt":"2024-07-07T20:40:40","slug":"kujundavad-jalgrattapuksid","status":"publish","type":"product","link":"https:\/\/armonti.eu\/et\/toode\/kujundavad-jalgrattapuksid\/","title":{"rendered":"Kujundavad jalgrattap\u00fcksid"},"content":{"rendered":"<p>Kujundavad jalgrattap\u00fcksid<br \/>\nKujundavad ja vormivad p\u00fcksid (aluspesu) on valmistatud kaasaegsest elastse ja \u00f5hukesest kangast, mis tagab kujundava efekti v\u00f6\u00f6koha, k\u00f5hu ja reite piirkonnas. Neid on mugav kanda kleidi v\u00f5i muu riietuse all. Elastsed plastist \u201eluud\u201d v\u00f6\u00f6koha piirkonnas aitavad s\u00e4ilitada korseti soovitud kuju, et luua teile harmooniline siluett.<br \/>\nMuudab figuuri visuaalselt saledamaks ja pinguldasemaks. Parima tulemuse saavutamiseks v\u00f5ite valida \u00fche suurusega v\u00e4iksema! <\/p>\n<p>M\u00f5\u00f5dud:<br \/>\nM\/L v\u00f6\u00f6\u00fcmberm\u00f5\u00f5t 73\u201392 cm, \u00fcmberm\u00f5\u00f5t 98\u2013110 cm, pikkus 47 cm<br \/>\nL\/XL v\u00f6\u00f6\u00fcmberm\u00f5\u00f5t 90\u2013105 cm, \u00fcmberm\u00f5\u00f5t 108\u2013120 cm, pikkus 48 cm<br \/>\nXL\/XXL v\u00f6\u00f6\u00fcmberm\u00f5\u00f5t 95\u2013110 cm, rinnam\u00f5\u00f5t 120\u2013135 cm, pikkus 49 cm<br \/>\nKangas venib v\u00e4ga h\u00e4sti!<\/p>\n<p>OT \u2013 talje\u00fcmberm\u00f5\u00f5t<br \/>\nOB \u2013 reite\u00fcmberm\u00f5\u00f5t<\/p>\n<p>M\u00f5\u00f5tudes on lubatud 1\u20132 cm veam\u00e4\u00e4r, eriti trikoo- ja kudumtoodete puhul.<\/p>\n<p>Hooldus:<br \/>\nTriikimine temperatuuril 110\u00b0, pleegitamine keelatud, \u00f5rn pesu 30\u00b0<\/p>\n<p>Et oma v\u00e4limust t\u00e4iendada, soovitame tutvuda meie kleidide ja kost\u00fc\u00fcmide valikuga.<\/p>\n<p>Tootekood: 3018-1<\/p>\n","protected":false},"excerpt":{"rendered":"<p>Suurused: M\/L, L\/XL, XL\/XXL<br \/>\nV\u00e4rvid: must, bee\u017e<br \/>\nKoostis: 75% nailon, 25% spandex<br \/>Seda toodet saab osta nii kauplusest kui ka veebist!<\/p>\n","protected":false},"featured_media":18135,"comment_status":"open","ping_status":"closed","template":"","meta":[],"product_brand":[],"product_cat":[430,476,465],"product_tag":[],"class_list":{"0":"post-41515","1":"product","2":"type-product","3":"status-publish","4":"has-post-thumbnail","6":"product_cat-aksessuaarid","7":"product_cat-aluspesu","8":"product_cat-luhikesed-puksid","10":"first","11":"instock","12":"shipping-taxable","13":"purchasable","14":"product-type-variable"},"yoast_head":"<!-- This site is optimized with the Yoast SEO plugin v27.4 - https:\/\/yoast.com\/product\/yoast-seo-wordpress\/ -->\n<title>Kujundavad jalgrattap\u00fcksid \u041c\u0430\u0433\u0430\u0437\u0438\u043d \u043e\u0434\u0435\u0436\u0434\u044b ARMONTI<\/title>\n<meta name=\"description\" content=\"Kujundavad jalgrattap\u00fcksid on valmistatud kaasaegsest elastse ja \u00f5hukesest kangast, mis tagab kujundava efekti v\u00f6\u00f6koha, k\u00f5hu ja reite piirkonnas\" \/>\n<meta name=\"robots\" content=\"index, follow, max-snippet:-1, max-image-preview:large, max-video-preview:-1\" \/>\n<link rel=\"canonical\" href=\"https:\/\/armonti.eu\/et\/toode\/kujundavad-jalgrattapuksid\/\" \/>\n<meta property=\"og:locale\" content=\"et_EE\" \/>\n<meta property=\"og:type\" content=\"article\" \/>\n<meta property=\"og:title\" content=\"Kujundavad jalgrattap\u00fcksid \u041c\u0430\u0433\u0430\u0437\u0438\u043d \u043e\u0434\u0435\u0436\u0434\u044b ARMONTI\" \/>\n<meta property=\"og:description\" content=\"Kujundavad jalgrattap\u00fcksid on valmistatud kaasaegsest elastse ja \u00f5hukesest kangast, mis tagab kujundava efekti v\u00f6\u00f6koha, k\u00f5hu ja reite piirkonnas\" \/>\n<meta property=\"og:url\" content=\"https:\/\/armonti.eu\/et\/toode\/kujundavad-jalgrattapuksid\/\" \/>\n<meta property=\"og:site_name\" content=\"\u041c\u0430\u0433\u0430\u0437\u0438\u043d \u043e\u0434\u0435\u0436\u0434\u044b ARMONTI\" \/>\n<meta property=\"og:image\" content=\"https:\/\/armonti.eu\/wp-content\/uploads\/2024\/07\/10-6.jpg\" \/>\n\t<meta property=\"og:image:width\" content=\"800\" \/>\n\t<meta property=\"og:image:height\" content=\"1067\" \/>\n\t<meta property=\"og:image:type\" content=\"image\/jpeg\" \/>\n<meta name=\"twitter:card\" content=\"summary_large_image\" \/>\n<meta name=\"twitter:label1\" content=\"Est. reading time\" \/>\n\t<meta name=\"twitter:data1\" content=\"1 minut\" \/>\n<script type=\"application\/ld+json\" class=\"yoast-schema-graph\">{\"@context\":\"https:\\\/\\\/schema.org\",\"@graph\":[{\"@type\":\"WebPage\",\"@id\":\"https:\\\/\\\/armonti.eu\\\/et\\\/toode\\\/kujundavad-jalgrattapuksid\\\/\",\"url\":\"https:\\\/\\\/armonti.eu\\\/et\\\/toode\\\/kujundavad-jalgrattapuksid\\\/\",\"name\":\"Kujundavad jalgrattap\u00fcksid \u041c\u0430\u0433\u0430\u0437\u0438\u043d \u043e\u0434\u0435\u0436\u0434\u044b ARMONTI\",\"isPartOf\":{\"@id\":\"https:\\\/\\\/armonti.eu\\\/#website\"},\"primaryImageOfPage\":{\"@id\":\"https:\\\/\\\/armonti.eu\\\/et\\\/toode\\\/kujundavad-jalgrattapuksid\\\/#primaryimage\"},\"image\":{\"@id\":\"https:\\\/\\\/armonti.eu\\\/et\\\/toode\\\/kujundavad-jalgrattapuksid\\\/#primaryimage\"},\"thumbnailUrl\":\"https:\\\/\\\/armonti.eu\\\/wp-content\\\/uploads\\\/2024\\\/07\\\/10-6.jpg\",\"datePublished\":\"2024-07-07T20:40:40+00:00\",\"description\":\"Kujundavad jalgrattap\u00fcksid on valmistatud kaasaegsest elastse ja \u00f5hukesest kangast, mis tagab kujundava efekti v\u00f6\u00f6koha, k\u00f5hu ja reite piirkonnas\",\"breadcrumb\":{\"@id\":\"https:\\\/\\\/armonti.eu\\\/et\\\/toode\\\/kujundavad-jalgrattapuksid\\\/#breadcrumb\"},\"inLanguage\":\"et\",\"potentialAction\":[{\"@type\":\"ReadAction\",\"target\":[\"https:\\\/\\\/armonti.eu\\\/et\\\/toode\\\/kujundavad-jalgrattapuksid\\\/\"]}]},{\"@type\":\"ImageObject\",\"inLanguage\":\"et\",\"@id\":\"https:\\\/\\\/armonti.eu\\\/et\\\/toode\\\/kujundavad-jalgrattapuksid\\\/#primaryimage\",\"url\":\"https:\\\/\\\/armonti.eu\\\/wp-content\\\/uploads\\\/2024\\\/07\\\/10-6.jpg\",\"contentUrl\":\"https:\\\/\\\/armonti.eu\\\/wp-content\\\/uploads\\\/2024\\\/07\\\/10-6.jpg\",\"width\":800,\"height\":1067,\"caption\":\"Beige vormiv\u00f5imelised jalgrattap\u00fcksid\"},{\"@type\":\"BreadcrumbList\",\"@id\":\"https:\\\/\\\/armonti.eu\\\/et\\\/toode\\\/kujundavad-jalgrattapuksid\\\/#breadcrumb\",\"itemListElement\":[{\"@type\":\"ListItem\",\"position\":1,\"name\":\"\u0413\u043b\u0430\u0432\u043d\u0430\u044f\",\"item\":\"https:\\\/\\\/armonti.eu\\\/\"},{\"@type\":\"ListItem\",\"position\":2,\"name\":\"Shop\",\"item\":\"https:\\\/\\\/armonti.eu\\\/et\\\/shop\\\/\"},{\"@type\":\"ListItem\",\"position\":3,\"name\":\"Kujundavad jalgrattap\u00fcksid\"}]},{\"@type\":\"WebSite\",\"@id\":\"https:\\\/\\\/armonti.eu\\\/#website\",\"url\":\"https:\\\/\\\/armonti.eu\\\/\",\"name\":\"ARMONTI\",\"description\":\"\",\"publisher\":{\"@id\":\"https:\\\/\\\/armonti.eu\\\/#organization\"},\"alternateName\":\"\u0416\u0435\u043d\u0441\u043a\u0430\u044f \u0431\u0440\u0435\u043d\u0434\u043e\u0432\u0430\u044f \u043e\u0434\u0435\u0436\u0434\u0430\",\"potentialAction\":[{\"@type\":\"SearchAction\",\"target\":{\"@type\":\"EntryPoint\",\"urlTemplate\":\"https:\\\/\\\/armonti.eu\\\/?s={search_term_string}\"},\"query-input\":{\"@type\":\"PropertyValueSpecification\",\"valueRequired\":true,\"valueName\":\"search_term_string\"}}],\"inLanguage\":\"et\"},{\"@type\":\"Organization\",\"@id\":\"https:\\\/\\\/armonti.eu\\\/#organization\",\"name\":\"ARMONTI\",\"alternateName\":\"\u0416\u0435\u043d\u0441\u043a\u0430\u044f \u0431\u0440\u0435\u043d\u0434\u043e\u0432\u0430\u044f \u043e\u0434\u0435\u0436\u0434\u0430\",\"url\":\"https:\\\/\\\/armonti.eu\\\/\",\"logo\":{\"@type\":\"ImageObject\",\"inLanguage\":\"et\",\"@id\":\"https:\\\/\\\/armonti.eu\\\/#\\\/schema\\\/logo\\\/image\\\/\",\"url\":\"https:\\\/\\\/armonti.eu\\\/wp-content\\\/uploads\\\/2023\\\/05\\\/armonti-logo-white.png\",\"contentUrl\":\"https:\\\/\\\/armonti.eu\\\/wp-content\\\/uploads\\\/2023\\\/05\\\/armonti-logo-white.png\",\"width\":2165,\"height\":554,\"caption\":\"ARMONTI\"},\"image\":{\"@id\":\"https:\\\/\\\/armonti.eu\\\/#\\\/schema\\\/logo\\\/image\\\/\"}}]}<\/script>\n<!-- \/ Yoast SEO plugin. -->","yoast_head_json":{"title":"Kujundavad jalgrattap\u00fcksid \u041c\u0430\u0433\u0430\u0437\u0438\u043d \u043e\u0434\u0435\u0436\u0434\u044b ARMONTI","description":"Kujundavad jalgrattap\u00fcksid on valmistatud kaasaegsest elastse ja \u00f5hukesest kangast, mis tagab kujundava efekti v\u00f6\u00f6koha, k\u00f5hu ja reite piirkonnas","robots":{"index":"index","follow":"follow","max-snippet":"max-snippet:-1","max-image-preview":"max-image-preview:large","max-video-preview":"max-video-preview:-1"},"canonical":"https:\/\/armonti.eu\/et\/toode\/kujundavad-jalgrattapuksid\/","og_locale":"et_EE","og_type":"article","og_title":"Kujundavad jalgrattap\u00fcksid \u041c\u0430\u0433\u0430\u0437\u0438\u043d \u043e\u0434\u0435\u0436\u0434\u044b ARMONTI","og_description":"Kujundavad jalgrattap\u00fcksid on valmistatud kaasaegsest elastse ja \u00f5hukesest kangast, mis tagab kujundava efekti v\u00f6\u00f6koha, k\u00f5hu ja reite piirkonnas","og_url":"https:\/\/armonti.eu\/et\/toode\/kujundavad-jalgrattapuksid\/","og_site_name":"\u041c\u0430\u0433\u0430\u0437\u0438\u043d \u043e\u0434\u0435\u0436\u0434\u044b ARMONTI","og_image":[{"width":800,"height":1067,"url":"https:\/\/armonti.eu\/wp-content\/uploads\/2024\/07\/10-6.jpg","type":"image\/jpeg"}],"twitter_card":"summary_large_image","twitter_misc":{"Est. reading time":"1 minut"},"schema":{"@context":"https:\/\/schema.org","@graph":[{"@type":"WebPage","@id":"https:\/\/armonti.eu\/et\/toode\/kujundavad-jalgrattapuksid\/","url":"https:\/\/armonti.eu\/et\/toode\/kujundavad-jalgrattapuksid\/","name":"Kujundavad jalgrattap\u00fcksid \u041c\u0430\u0433\u0430\u0437\u0438\u043d \u043e\u0434\u0435\u0436\u0434\u044b ARMONTI","isPartOf":{"@id":"https:\/\/armonti.eu\/#website"},"primaryImageOfPage":{"@id":"https:\/\/armonti.eu\/et\/toode\/kujundavad-jalgrattapuksid\/#primaryimage"},"image":{"@id":"https:\/\/armonti.eu\/et\/toode\/kujundavad-jalgrattapuksid\/#primaryimage"},"thumbnailUrl":"https:\/\/armonti.eu\/wp-content\/uploads\/2024\/07\/10-6.jpg","datePublished":"2024-07-07T20:40:40+00:00","description":"Kujundavad jalgrattap\u00fcksid on valmistatud kaasaegsest elastse ja \u00f5hukesest kangast, mis tagab kujundava efekti v\u00f6\u00f6koha, k\u00f5hu ja reite piirkonnas","breadcrumb":{"@id":"https:\/\/armonti.eu\/et\/toode\/kujundavad-jalgrattapuksid\/#breadcrumb"},"inLanguage":"et","potentialAction":[{"@type":"ReadAction","target":["https:\/\/armonti.eu\/et\/toode\/kujundavad-jalgrattapuksid\/"]}]},{"@type":"ImageObject","inLanguage":"et","@id":"https:\/\/armonti.eu\/et\/toode\/kujundavad-jalgrattapuksid\/#primaryimage","url":"https:\/\/armonti.eu\/wp-content\/uploads\/2024\/07\/10-6.jpg","contentUrl":"https:\/\/armonti.eu\/wp-content\/uploads\/2024\/07\/10-6.jpg","width":800,"height":1067,"caption":"Beige vormiv\u00f5imelised jalgrattap\u00fcksid"},{"@type":"BreadcrumbList","@id":"https:\/\/armonti.eu\/et\/toode\/kujundavad-jalgrattapuksid\/#breadcrumb","itemListElement":[{"@type":"ListItem","position":1,"name":"\u0413\u043b\u0430\u0432\u043d\u0430\u044f","item":"https:\/\/armonti.eu\/"},{"@type":"ListItem","position":2,"name":"Shop","item":"https:\/\/armonti.eu\/et\/shop\/"},{"@type":"ListItem","position":3,"name":"Kujundavad jalgrattap\u00fcksid"}]},{"@type":"WebSite","@id":"https:\/\/armonti.eu\/#website","url":"https:\/\/armonti.eu\/","name":"ARMONTI","description":"","publisher":{"@id":"https:\/\/armonti.eu\/#organization"},"alternateName":"\u0416\u0435\u043d\u0441\u043a\u0430\u044f \u0431\u0440\u0435\u043d\u0434\u043e\u0432\u0430\u044f \u043e\u0434\u0435\u0436\u0434\u0430","potentialAction":[{"@type":"SearchAction","target":{"@type":"EntryPoint","urlTemplate":"https:\/\/armonti.eu\/?s={search_term_string}"},"query-input":{"@type":"PropertyValueSpecification","valueRequired":true,"valueName":"search_term_string"}}],"inLanguage":"et"},{"@type":"Organization","@id":"https:\/\/armonti.eu\/#organization","name":"ARMONTI","alternateName":"\u0416\u0435\u043d\u0441\u043a\u0430\u044f \u0431\u0440\u0435\u043d\u0434\u043e\u0432\u0430\u044f \u043e\u0434\u0435\u0436\u0434\u0430","url":"https:\/\/armonti.eu\/","logo":{"@type":"ImageObject","inLanguage":"et","@id":"https:\/\/armonti.eu\/#\/schema\/logo\/image\/","url":"https:\/\/armonti.eu\/wp-content\/uploads\/2023\/05\/armonti-logo-white.png","contentUrl":"https:\/\/armonti.eu\/wp-content\/uploads\/2023\/05\/armonti-logo-white.png","width":2165,"height":554,"caption":"ARMONTI"},"image":{"@id":"https:\/\/armonti.eu\/#\/schema\/logo\/image\/"}}]}},"_links":{"self":[{"href":"https:\/\/armonti.eu\/et\/wp-json\/wp\/v2\/product\/41515","targetHints":{"allow":["GET"]}}],"collection":[{"href":"https:\/\/armonti.eu\/et\/wp-json\/wp\/v2\/product"}],"about":[{"href":"https:\/\/armonti.eu\/et\/wp-json\/wp\/v2\/types\/product"}],"replies":[{"embeddable":true,"href":"https:\/\/armonti.eu\/et\/wp-json\/wp\/v2\/comments?post=41515"}],"wp:featuredmedia":[{"embeddable":true,"href":"https:\/\/armonti.eu\/et\/wp-json\/wp\/v2\/media\/18135"}],"wp:attachment":[{"href":"https:\/\/armonti.eu\/et\/wp-json\/wp\/v2\/media?parent=41515"}],"wp:term":[{"taxonomy":"product_brand","embeddable":true,"href":"https:\/\/armonti.eu\/et\/wp-json\/wp\/v2\/product_brand?post=41515"},{"taxonomy":"product_cat","embeddable":true,"href":"https:\/\/armonti.eu\/et\/wp-json\/wp\/v2\/product_cat?post=41515"},{"taxonomy":"product_tag","embeddable":true,"href":"https:\/\/armonti.eu\/et\/wp-json\/wp\/v2\/product_tag?post=41515"}],"curies":[{"name":"wp","href":"https:\/\/api.w.org\/{rel}","templated":true}]}}