{"id":41497,"date":"2026-04-21T16:27:27","date_gmt":"2026-04-21T13:27:27","guid":{"rendered":"https:\/\/armonti.eu\/?post_type=product&#038;p=41497"},"modified":"2026-04-21T16:27:27","modified_gmt":"2026-04-21T13:27:27","slug":"tekstuurse-kangaga-kostuum","status":"publish","type":"product","link":"https:\/\/armonti.eu\/et\/toode\/tekstuurse-kangaga-kostuum\/","title":{"rendered":"Tekstuurse kangaga kost\u00fc\u00fcm<br><br>"},"content":{"rendered":"<p>See stiilne tekstuurse kangaga kost\u00fc\u00fcm pakub teile uskumatut hubasust ja mugavust. Kaasaegne komplekt koosneb praktilistest p\u00fckstest ja mugavast kindla t\u00f5mblukuga pusast. Kanga omap\u00e4rane tekstuur annab tootele luksusliku v\u00e4limuse ja katsudes meeldiva pinna. Mugav p\u00fcstkrae kaitseb kaela tuule eest ja loob kaasaegse sportliku silueti. Funktsionaalsed taskud v\u00f5imaldavad hoida olulisi pisiasju k\u00e4ep\u00e4rast v\u00f5i soojendada k\u00e4si. Tekstuurse kangaga kost\u00fc\u00fcm sobib ideaalselt aktiivseks puhkuseks, linnast v\u00e4ljas\u00f5itudeks v\u00f5i igap\u00e4evasteks toimetusteks.<br \/>\nM\u00f5\u00f5dud sentimeetrites:<br \/>\nPikkus: s\u00f5ltuvalt suurusest pusa 58\u201362 cm, p\u00fcksid v\u00e4lis\u00f5mblus: 108\u2013110 cm, sise\u00f5mblus 79\u201382 cm<br \/>\nM\u00f5\u00f5tmisel on lubatud eksimus 1\u20132 cm, eriti trikotaa\u017etoodete puhul.<br \/>\nHooldus: \u00f5rnpesu 30 \u00b0C juures, triikimine temperatuuril 110 \u00b0C, valgendamine on keelatud.     <\/p>\n<p><strong>Palun m\u00e4rkige tellimuse m\u00e4rkustesse kindlasti oma m\u00f5\u00f5dud (puusa\u00fcmberm\u00f5\u00f5t, talje\u00fcmberm\u00f5\u00f5t ja pikkus), see v\u00f5imaldab valida t\u00e4psema ja sobivama suuruse. <\/strong><\/p>\n<p>Tootekood: 7950<\/p>\n","protected":false},"excerpt":{"rendered":"<p>Suurused: S M L XL<br \/>\nKoostis: 60% puuvill, 40% pol\u00fcester<br \/>\nV\u00e4rv: hall<\/p>\n","protected":false},"featured_media":41486,"comment_status":"open","ping_status":"closed","template":"","meta":[],"product_brand":[],"product_cat":[452,454,451],"product_tag":[],"class_list":{"0":"post-41497","1":"product","2":"type-product","3":"status-publish","4":"has-post-thumbnail","6":"product_cat-dressid","7":"product_cat-ohukesed-dressikomplektid","8":"product_cat-pukskostuumid-et","10":"first","11":"instock","12":"shipping-taxable","13":"purchasable","14":"product-type-variable"},"yoast_head":"<!-- This site is optimized with the Yoast SEO plugin v27.4 - https:\/\/yoast.com\/product\/yoast-seo-wordpress\/ -->\n<title>Tekstuurse kangaga kost\u00fc\u00fcm - \u041c\u0430\u0433\u0430\u0437\u0438\u043d \u043e\u0434\u0435\u0436\u0434\u044b ARMONTI<\/title>\n<meta name=\"description\" content=\"Tekstuurse kangaga kost\u00fc\u00fcm, mis koosneb t\u00f5mblukuga pusast ja p\u00fckstest. Praktiline p\u00fcstkraega mudel on ideaalne valik teie garderoobi.\" \/>\n<meta name=\"robots\" content=\"index, follow, max-snippet:-1, max-image-preview:large, max-video-preview:-1\" \/>\n<link rel=\"canonical\" href=\"https:\/\/armonti.eu\/et\/toode\/tekstuurse-kangaga-kostuum\/\" \/>\n<meta property=\"og:locale\" content=\"et_EE\" \/>\n<meta property=\"og:type\" content=\"article\" \/>\n<meta property=\"og:title\" content=\"Tekstuurse kangaga kost\u00fc\u00fcm - \u041c\u0430\u0433\u0430\u0437\u0438\u043d \u043e\u0434\u0435\u0436\u0434\u044b ARMONTI\" \/>\n<meta property=\"og:description\" content=\"Tekstuurse kangaga kost\u00fc\u00fcm, mis koosneb t\u00f5mblukuga pusast ja p\u00fckstest. Praktiline p\u00fcstkraega mudel on ideaalne valik teie garderoobi.\" \/>\n<meta property=\"og:url\" content=\"https:\/\/armonti.eu\/et\/toode\/tekstuurse-kangaga-kostuum\/\" \/>\n<meta property=\"og:site_name\" content=\"\u041c\u0430\u0433\u0430\u0437\u0438\u043d \u043e\u0434\u0435\u0436\u0434\u044b ARMONTI\" \/>\n<meta property=\"og:image\" content=\"https:\/\/armonti.eu\/wp-content\/uploads\/2026\/04\/img_0349-scaled.jpg\" \/>\n\t<meta property=\"og:image:width\" content=\"1920\" \/>\n\t<meta property=\"og:image:height\" content=\"2560\" \/>\n\t<meta property=\"og:image:type\" content=\"image\/jpeg\" \/>\n<meta name=\"twitter:card\" content=\"summary_large_image\" \/>\n<meta name=\"twitter:label1\" content=\"Est. reading time\" \/>\n\t<meta name=\"twitter:data1\" content=\"1 minut\" \/>\n<script type=\"application\/ld+json\" class=\"yoast-schema-graph\">{\"@context\":\"https:\\\/\\\/schema.org\",\"@graph\":[{\"@type\":\"WebPage\",\"@id\":\"https:\\\/\\\/armonti.eu\\\/et\\\/toode\\\/tekstuurse-kangaga-kostuum\\\/\",\"url\":\"https:\\\/\\\/armonti.eu\\\/et\\\/toode\\\/tekstuurse-kangaga-kostuum\\\/\",\"name\":\"Tekstuurse kangaga kost\u00fc\u00fcm - \u041c\u0430\u0433\u0430\u0437\u0438\u043d \u043e\u0434\u0435\u0436\u0434\u044b ARMONTI\",\"isPartOf\":{\"@id\":\"https:\\\/\\\/armonti.eu\\\/#website\"},\"primaryImageOfPage\":{\"@id\":\"https:\\\/\\\/armonti.eu\\\/et\\\/toode\\\/tekstuurse-kangaga-kostuum\\\/#primaryimage\"},\"image\":{\"@id\":\"https:\\\/\\\/armonti.eu\\\/et\\\/toode\\\/tekstuurse-kangaga-kostuum\\\/#primaryimage\"},\"thumbnailUrl\":\"https:\\\/\\\/armonti.eu\\\/wp-content\\\/uploads\\\/2026\\\/04\\\/img_0349-scaled.jpg\",\"datePublished\":\"2026-04-21T13:27:27+00:00\",\"description\":\"Tekstuurse kangaga kost\u00fc\u00fcm, mis koosneb t\u00f5mblukuga pusast ja p\u00fckstest. Praktiline p\u00fcstkraega mudel on ideaalne valik teie garderoobi.\",\"breadcrumb\":{\"@id\":\"https:\\\/\\\/armonti.eu\\\/et\\\/toode\\\/tekstuurse-kangaga-kostuum\\\/#breadcrumb\"},\"inLanguage\":\"et\",\"potentialAction\":[{\"@type\":\"ReadAction\",\"target\":[\"https:\\\/\\\/armonti.eu\\\/et\\\/toode\\\/tekstuurse-kangaga-kostuum\\\/\"]}]},{\"@type\":\"ImageObject\",\"inLanguage\":\"et\",\"@id\":\"https:\\\/\\\/armonti.eu\\\/et\\\/toode\\\/tekstuurse-kangaga-kostuum\\\/#primaryimage\",\"url\":\"https:\\\/\\\/armonti.eu\\\/wp-content\\\/uploads\\\/2026\\\/04\\\/img_0349-scaled.jpg\",\"contentUrl\":\"https:\\\/\\\/armonti.eu\\\/wp-content\\\/uploads\\\/2026\\\/04\\\/img_0349-scaled.jpg\",\"width\":1920,\"height\":2560,\"caption\":\"T\u00f5mblukuga pusaga tekstuurse kangaga kost\u00fc\u00fcm\"},{\"@type\":\"BreadcrumbList\",\"@id\":\"https:\\\/\\\/armonti.eu\\\/et\\\/toode\\\/tekstuurse-kangaga-kostuum\\\/#breadcrumb\",\"itemListElement\":[{\"@type\":\"ListItem\",\"position\":1,\"name\":\"\u0413\u043b\u0430\u0432\u043d\u0430\u044f\",\"item\":\"https:\\\/\\\/armonti.eu\\\/\"},{\"@type\":\"ListItem\",\"position\":2,\"name\":\"Shop\",\"item\":\"https:\\\/\\\/armonti.eu\\\/et\\\/shop\\\/\"},{\"@type\":\"ListItem\",\"position\":3,\"name\":\"\u041e\u0434\u0435\u0436\u0434\u0430\",\"item\":\"https:\\\/\\\/armonti.eu\\\/catalog\\\/odezhda\\\/\"},{\"@type\":\"ListItem\",\"position\":4,\"name\":\"\u041a\u043e\u0441\u0442\u044e\u043c\u044b \u043b\u0435\u0442\u043d\u0438\u0435\",\"item\":\"https:\\\/\\\/armonti.eu\\\/catalog\\\/odezhda\\\/kostyumy-letnie\\\/\"},{\"@type\":\"ListItem\",\"position\":5,\"name\":\"\u041a\u043e\u0441\u0442\u044e\u043c\u044b \u0441 \u0431\u0440\u044e\u043a\u0430\u043c\u0438\",\"item\":\"https:\\\/\\\/armonti.eu\\\/catalog\\\/odezhda\\\/kostyumy-letnie\\\/kostyumy-s-bryukami-kostyumy-letnie\\\/\"},{\"@type\":\"ListItem\",\"position\":6,\"name\":\"Tekstuurse kangaga kost\u00fc\u00fcm\"}]},{\"@type\":\"WebSite\",\"@id\":\"https:\\\/\\\/armonti.eu\\\/#website\",\"url\":\"https:\\\/\\\/armonti.eu\\\/\",\"name\":\"ARMONTI\",\"description\":\"\",\"publisher\":{\"@id\":\"https:\\\/\\\/armonti.eu\\\/#organization\"},\"alternateName\":\"\u0416\u0435\u043d\u0441\u043a\u0430\u044f \u0431\u0440\u0435\u043d\u0434\u043e\u0432\u0430\u044f \u043e\u0434\u0435\u0436\u0434\u0430\",\"potentialAction\":[{\"@type\":\"SearchAction\",\"target\":{\"@type\":\"EntryPoint\",\"urlTemplate\":\"https:\\\/\\\/armonti.eu\\\/?s={search_term_string}\"},\"query-input\":{\"@type\":\"PropertyValueSpecification\",\"valueRequired\":true,\"valueName\":\"search_term_string\"}}],\"inLanguage\":\"et\"},{\"@type\":\"Organization\",\"@id\":\"https:\\\/\\\/armonti.eu\\\/#organization\",\"name\":\"ARMONTI\",\"alternateName\":\"\u0416\u0435\u043d\u0441\u043a\u0430\u044f \u0431\u0440\u0435\u043d\u0434\u043e\u0432\u0430\u044f \u043e\u0434\u0435\u0436\u0434\u0430\",\"url\":\"https:\\\/\\\/armonti.eu\\\/\",\"logo\":{\"@type\":\"ImageObject\",\"inLanguage\":\"et\",\"@id\":\"https:\\\/\\\/armonti.eu\\\/#\\\/schema\\\/logo\\\/image\\\/\",\"url\":\"https:\\\/\\\/armonti.eu\\\/wp-content\\\/uploads\\\/2023\\\/05\\\/armonti-logo-white.png\",\"contentUrl\":\"https:\\\/\\\/armonti.eu\\\/wp-content\\\/uploads\\\/2023\\\/05\\\/armonti-logo-white.png\",\"width\":2165,\"height\":554,\"caption\":\"ARMONTI\"},\"image\":{\"@id\":\"https:\\\/\\\/armonti.eu\\\/#\\\/schema\\\/logo\\\/image\\\/\"}}]}<\/script>\n<!-- \/ Yoast SEO plugin. -->","yoast_head_json":{"title":"Tekstuurse kangaga kost\u00fc\u00fcm - \u041c\u0430\u0433\u0430\u0437\u0438\u043d \u043e\u0434\u0435\u0436\u0434\u044b ARMONTI","description":"Tekstuurse kangaga kost\u00fc\u00fcm, mis koosneb t\u00f5mblukuga pusast ja p\u00fckstest. Praktiline p\u00fcstkraega mudel on ideaalne valik teie garderoobi.","robots":{"index":"index","follow":"follow","max-snippet":"max-snippet:-1","max-image-preview":"max-image-preview:large","max-video-preview":"max-video-preview:-1"},"canonical":"https:\/\/armonti.eu\/et\/toode\/tekstuurse-kangaga-kostuum\/","og_locale":"et_EE","og_type":"article","og_title":"Tekstuurse kangaga kost\u00fc\u00fcm - \u041c\u0430\u0433\u0430\u0437\u0438\u043d \u043e\u0434\u0435\u0436\u0434\u044b ARMONTI","og_description":"Tekstuurse kangaga kost\u00fc\u00fcm, mis koosneb t\u00f5mblukuga pusast ja p\u00fckstest. Praktiline p\u00fcstkraega mudel on ideaalne valik teie garderoobi.","og_url":"https:\/\/armonti.eu\/et\/toode\/tekstuurse-kangaga-kostuum\/","og_site_name":"\u041c\u0430\u0433\u0430\u0437\u0438\u043d \u043e\u0434\u0435\u0436\u0434\u044b ARMONTI","og_image":[{"width":1920,"height":2560,"url":"https:\/\/armonti.eu\/wp-content\/uploads\/2026\/04\/img_0349-scaled.jpg","type":"image\/jpeg"}],"twitter_card":"summary_large_image","twitter_misc":{"Est. reading time":"1 minut"},"schema":{"@context":"https:\/\/schema.org","@graph":[{"@type":"WebPage","@id":"https:\/\/armonti.eu\/et\/toode\/tekstuurse-kangaga-kostuum\/","url":"https:\/\/armonti.eu\/et\/toode\/tekstuurse-kangaga-kostuum\/","name":"Tekstuurse kangaga kost\u00fc\u00fcm - \u041c\u0430\u0433\u0430\u0437\u0438\u043d \u043e\u0434\u0435\u0436\u0434\u044b ARMONTI","isPartOf":{"@id":"https:\/\/armonti.eu\/#website"},"primaryImageOfPage":{"@id":"https:\/\/armonti.eu\/et\/toode\/tekstuurse-kangaga-kostuum\/#primaryimage"},"image":{"@id":"https:\/\/armonti.eu\/et\/toode\/tekstuurse-kangaga-kostuum\/#primaryimage"},"thumbnailUrl":"https:\/\/armonti.eu\/wp-content\/uploads\/2026\/04\/img_0349-scaled.jpg","datePublished":"2026-04-21T13:27:27+00:00","description":"Tekstuurse kangaga kost\u00fc\u00fcm, mis koosneb t\u00f5mblukuga pusast ja p\u00fckstest. Praktiline p\u00fcstkraega mudel on ideaalne valik teie garderoobi.","breadcrumb":{"@id":"https:\/\/armonti.eu\/et\/toode\/tekstuurse-kangaga-kostuum\/#breadcrumb"},"inLanguage":"et","potentialAction":[{"@type":"ReadAction","target":["https:\/\/armonti.eu\/et\/toode\/tekstuurse-kangaga-kostuum\/"]}]},{"@type":"ImageObject","inLanguage":"et","@id":"https:\/\/armonti.eu\/et\/toode\/tekstuurse-kangaga-kostuum\/#primaryimage","url":"https:\/\/armonti.eu\/wp-content\/uploads\/2026\/04\/img_0349-scaled.jpg","contentUrl":"https:\/\/armonti.eu\/wp-content\/uploads\/2026\/04\/img_0349-scaled.jpg","width":1920,"height":2560,"caption":"T\u00f5mblukuga pusaga tekstuurse kangaga kost\u00fc\u00fcm"},{"@type":"BreadcrumbList","@id":"https:\/\/armonti.eu\/et\/toode\/tekstuurse-kangaga-kostuum\/#breadcrumb","itemListElement":[{"@type":"ListItem","position":1,"name":"\u0413\u043b\u0430\u0432\u043d\u0430\u044f","item":"https:\/\/armonti.eu\/"},{"@type":"ListItem","position":2,"name":"Shop","item":"https:\/\/armonti.eu\/et\/shop\/"},{"@type":"ListItem","position":3,"name":"\u041e\u0434\u0435\u0436\u0434\u0430","item":"https:\/\/armonti.eu\/catalog\/odezhda\/"},{"@type":"ListItem","position":4,"name":"\u041a\u043e\u0441\u0442\u044e\u043c\u044b \u043b\u0435\u0442\u043d\u0438\u0435","item":"https:\/\/armonti.eu\/catalog\/odezhda\/kostyumy-letnie\/"},{"@type":"ListItem","position":5,"name":"\u041a\u043e\u0441\u0442\u044e\u043c\u044b \u0441 \u0431\u0440\u044e\u043a\u0430\u043c\u0438","item":"https:\/\/armonti.eu\/catalog\/odezhda\/kostyumy-letnie\/kostyumy-s-bryukami-kostyumy-letnie\/"},{"@type":"ListItem","position":6,"name":"Tekstuurse kangaga kost\u00fc\u00fcm"}]},{"@type":"WebSite","@id":"https:\/\/armonti.eu\/#website","url":"https:\/\/armonti.eu\/","name":"ARMONTI","description":"","publisher":{"@id":"https:\/\/armonti.eu\/#organization"},"alternateName":"\u0416\u0435\u043d\u0441\u043a\u0430\u044f \u0431\u0440\u0435\u043d\u0434\u043e\u0432\u0430\u044f \u043e\u0434\u0435\u0436\u0434\u0430","potentialAction":[{"@type":"SearchAction","target":{"@type":"EntryPoint","urlTemplate":"https:\/\/armonti.eu\/?s={search_term_string}"},"query-input":{"@type":"PropertyValueSpecification","valueRequired":true,"valueName":"search_term_string"}}],"inLanguage":"et"},{"@type":"Organization","@id":"https:\/\/armonti.eu\/#organization","name":"ARMONTI","alternateName":"\u0416\u0435\u043d\u0441\u043a\u0430\u044f \u0431\u0440\u0435\u043d\u0434\u043e\u0432\u0430\u044f \u043e\u0434\u0435\u0436\u0434\u0430","url":"https:\/\/armonti.eu\/","logo":{"@type":"ImageObject","inLanguage":"et","@id":"https:\/\/armonti.eu\/#\/schema\/logo\/image\/","url":"https:\/\/armonti.eu\/wp-content\/uploads\/2023\/05\/armonti-logo-white.png","contentUrl":"https:\/\/armonti.eu\/wp-content\/uploads\/2023\/05\/armonti-logo-white.png","width":2165,"height":554,"caption":"ARMONTI"},"image":{"@id":"https:\/\/armonti.eu\/#\/schema\/logo\/image\/"}}]}},"_links":{"self":[{"href":"https:\/\/armonti.eu\/et\/wp-json\/wp\/v2\/product\/41497","targetHints":{"allow":["GET"]}}],"collection":[{"href":"https:\/\/armonti.eu\/et\/wp-json\/wp\/v2\/product"}],"about":[{"href":"https:\/\/armonti.eu\/et\/wp-json\/wp\/v2\/types\/product"}],"replies":[{"embeddable":true,"href":"https:\/\/armonti.eu\/et\/wp-json\/wp\/v2\/comments?post=41497"}],"wp:featuredmedia":[{"embeddable":true,"href":"https:\/\/armonti.eu\/et\/wp-json\/wp\/v2\/media\/41486"}],"wp:attachment":[{"href":"https:\/\/armonti.eu\/et\/wp-json\/wp\/v2\/media?parent=41497"}],"wp:term":[{"taxonomy":"product_brand","embeddable":true,"href":"https:\/\/armonti.eu\/et\/wp-json\/wp\/v2\/product_brand?post=41497"},{"taxonomy":"product_cat","embeddable":true,"href":"https:\/\/armonti.eu\/et\/wp-json\/wp\/v2\/product_cat?post=41497"},{"taxonomy":"product_tag","embeddable":true,"href":"https:\/\/armonti.eu\/et\/wp-json\/wp\/v2\/product_tag?post=41497"}],"curies":[{"name":"wp","href":"https:\/\/api.w.org\/{rel}","templated":true}]}}