{"id":41377,"date":"2023-10-01T13:26:29","date_gmt":"2023-10-01T10:26:29","guid":{"rendered":"https:\/\/armonti.eu\/product\/komplekt-koos-salliga\/"},"modified":"2023-10-01T13:26:29","modified_gmt":"2023-10-01T10:26:29","slug":"komplekt-koos-salliga","status":"publish","type":"product","link":"https:\/\/armonti.eu\/et\/toode\/komplekt-koos-salliga\/","title":{"rendered":"Komplekt koos salliga"},"content":{"rendered":"<p>Pehme ja \u00f5rn komplekt, mis koosneb \u00fclesp\u00f6\u00f6ratud \u00e4\u00e4rega m\u00fctsist ja snoodist ning millel on \u00f5huke fliisvooder, aitab teil luua ainulaadse linnamoodsa naise stiili. Sobib suurep\u00e4raselt igap\u00e4evaeluks, jalutusk\u00e4ikudeks ja s\u00f5pradega kohtumisteks. Kvaliteetne koostis, mis on segu naturaalsest villast ja akr\u00fc\u00fclist, v\u00f5imaldab meie komplekti kanda isegi k\u00f5ige karmimates pakastustes, kartmata k\u00fclmetamist. T\u00e4nu laiale kummipaelale ja fliisvoodrile on teie k\u00f5rvad ja laup usaldusv\u00e4\u00e4rselt kaitstud l\u00e4bistava tuule ja k\u00fclma eest.   <\/p>\n<p>Tootekood: 8020<\/p>\n","protected":false},"excerpt":{"rendered":"<p>V\u00e4rvid: puuderv\u00e4rvi, sidrunikollane, fuksia, hall, must, valge, roosa, lilla<\/p>\n","protected":false},"featured_media":14949,"comment_status":"open","ping_status":"closed","template":"","meta":[],"product_brand":[],"product_cat":[430,434],"product_tag":[],"class_list":{"0":"post-41377","1":"product","2":"type-product","3":"status-publish","4":"has-post-thumbnail","6":"product_cat-aksessuaarid","7":"product_cat-mutsid-komplektid","9":"first","10":"instock","11":"shipping-taxable","12":"purchasable","13":"product-type-variable"},"yoast_head":"<!-- This site is optimized with the Yoast SEO plugin v27.4 - https:\/\/yoast.com\/product\/yoast-seo-wordpress\/ -->\n<title>Komplekt koos salliga - \u041c\u0430\u0433\u0430\u0437\u0438\u043d \u043e\u0434\u0435\u0436\u0434\u044b ARMONTI<\/title>\n<meta name=\"description\" content=\"Pehme ja \u00f5rn komplekt, mis koosneb \u00fclesp\u00f6\u00f6ratud \u00e4\u00e4rega m\u00fctsist ja snoodist ning millel on \u00f5huke fliisvooder, aitab teil luua ainulaadse linnamoodsa naise stiili. Sobib suurep\u00e4raselt igap\u00e4evaseks eluks, jalutusk\u00e4ikudeks ja s\u00f5pradega kohtumisteks.\" \/>\n<meta name=\"robots\" content=\"index, follow, max-snippet:-1, max-image-preview:large, max-video-preview:-1\" \/>\n<link rel=\"canonical\" href=\"https:\/\/armonti.eu\/et\/toode\/komplekt-koos-salliga\/\" \/>\n<meta property=\"og:locale\" content=\"et_EE\" \/>\n<meta property=\"og:type\" content=\"article\" \/>\n<meta property=\"og:title\" content=\"Komplekt koos salliga - \u041c\u0430\u0433\u0430\u0437\u0438\u043d \u043e\u0434\u0435\u0436\u0434\u044b ARMONTI\" \/>\n<meta property=\"og:description\" content=\"Pehme ja \u00f5rn komplekt, mis koosneb \u00fclesp\u00f6\u00f6ratud \u00e4\u00e4rega m\u00fctsist ja snoodist ning millel on \u00f5huke fliisvooder, aitab teil luua ainulaadse linnamoodsa naise stiili. Sobib suurep\u00e4raselt igap\u00e4evaseks eluks, jalutusk\u00e4ikudeks ja s\u00f5pradega kohtumisteks.\" \/>\n<meta property=\"og:url\" content=\"https:\/\/armonti.eu\/et\/toode\/komplekt-koos-salliga\/\" \/>\n<meta property=\"og:site_name\" content=\"\u041c\u0430\u0433\u0430\u0437\u0438\u043d \u043e\u0434\u0435\u0436\u0434\u044b ARMONTI\" \/>\n<meta property=\"og:image\" content=\"https:\/\/armonti.eu\/wp-content\/uploads\/2023\/10\/img_9475.jpg\" \/>\n\t<meta property=\"og:image:width\" content=\"1091\" \/>\n\t<meta property=\"og:image:height\" content=\"1455\" \/>\n\t<meta property=\"og:image:type\" content=\"image\/jpeg\" \/>\n<meta name=\"twitter:card\" content=\"summary_large_image\" \/>\n<meta name=\"twitter:description\" content=\"Pehme ja \u00f5rn komplekt, mis koosneb \u00fclesp\u00f6\u00f6ratud \u00e4\u00e4rega m\u00fctsist ja snoodist ning millel on \u00f5huke fliisvooder, aitab teil luua ainulaadse linnamoodsa naise stiili. Sobib suurep\u00e4raselt igap\u00e4evaseks eluks, jalutusk\u00e4ikudeks ja s\u00f5pradega kohtumisteks.\" \/>\n<script type=\"application\/ld+json\" class=\"yoast-schema-graph\">{\"@context\":\"https:\\\/\\\/schema.org\",\"@graph\":[{\"@type\":\"WebPage\",\"@id\":\"https:\\\/\\\/armonti.eu\\\/et\\\/toode\\\/komplekt-koos-salliga\\\/\",\"url\":\"https:\\\/\\\/armonti.eu\\\/et\\\/toode\\\/komplekt-koos-salliga\\\/\",\"name\":\"Komplekt koos salliga - \u041c\u0430\u0433\u0430\u0437\u0438\u043d \u043e\u0434\u0435\u0436\u0434\u044b ARMONTI\",\"isPartOf\":{\"@id\":\"https:\\\/\\\/armonti.eu\\\/#website\"},\"primaryImageOfPage\":{\"@id\":\"https:\\\/\\\/armonti.eu\\\/et\\\/toode\\\/komplekt-koos-salliga\\\/#primaryimage\"},\"image\":{\"@id\":\"https:\\\/\\\/armonti.eu\\\/et\\\/toode\\\/komplekt-koos-salliga\\\/#primaryimage\"},\"thumbnailUrl\":\"https:\\\/\\\/armonti.eu\\\/wp-content\\\/uploads\\\/2023\\\/10\\\/img_9475.jpg\",\"datePublished\":\"2023-10-01T10:26:29+00:00\",\"description\":\"Pehme ja \u00f5rn komplekt, mis koosneb \u00fclesp\u00f6\u00f6ratud \u00e4\u00e4rega m\u00fctsist ja snoodist ning millel on \u00f5huke fliisvooder, aitab teil luua ainulaadse linnamoodsa naise stiili. Sobib suurep\u00e4raselt igap\u00e4evaseks eluks, jalutusk\u00e4ikudeks ja s\u00f5pradega kohtumisteks.\",\"breadcrumb\":{\"@id\":\"https:\\\/\\\/armonti.eu\\\/et\\\/toode\\\/komplekt-koos-salliga\\\/#breadcrumb\"},\"inLanguage\":\"et\",\"potentialAction\":[{\"@type\":\"ReadAction\",\"target\":[\"https:\\\/\\\/armonti.eu\\\/et\\\/toode\\\/komplekt-koos-salliga\\\/\"]}]},{\"@type\":\"ImageObject\",\"inLanguage\":\"et\",\"@id\":\"https:\\\/\\\/armonti.eu\\\/et\\\/toode\\\/komplekt-koos-salliga\\\/#primaryimage\",\"url\":\"https:\\\/\\\/armonti.eu\\\/wp-content\\\/uploads\\\/2023\\\/10\\\/img_9475.jpg\",\"contentUrl\":\"https:\\\/\\\/armonti.eu\\\/wp-content\\\/uploads\\\/2023\\\/10\\\/img_9475.jpg\",\"width\":1091,\"height\":1455},{\"@type\":\"BreadcrumbList\",\"@id\":\"https:\\\/\\\/armonti.eu\\\/et\\\/toode\\\/komplekt-koos-salliga\\\/#breadcrumb\",\"itemListElement\":[{\"@type\":\"ListItem\",\"position\":1,\"name\":\"\u0413\u043b\u0430\u0432\u043d\u0430\u044f\",\"item\":\"https:\\\/\\\/armonti.eu\\\/\"},{\"@type\":\"ListItem\",\"position\":2,\"name\":\"Shop\",\"item\":\"https:\\\/\\\/armonti.eu\\\/et\\\/shop\\\/\"},{\"@type\":\"ListItem\",\"position\":3,\"name\":\"Komplekt koos salliga\"}]},{\"@type\":\"WebSite\",\"@id\":\"https:\\\/\\\/armonti.eu\\\/#website\",\"url\":\"https:\\\/\\\/armonti.eu\\\/\",\"name\":\"ARMONTI\",\"description\":\"\",\"publisher\":{\"@id\":\"https:\\\/\\\/armonti.eu\\\/#organization\"},\"alternateName\":\"\u0416\u0435\u043d\u0441\u043a\u0430\u044f \u0431\u0440\u0435\u043d\u0434\u043e\u0432\u0430\u044f \u043e\u0434\u0435\u0436\u0434\u0430\",\"potentialAction\":[{\"@type\":\"SearchAction\",\"target\":{\"@type\":\"EntryPoint\",\"urlTemplate\":\"https:\\\/\\\/armonti.eu\\\/?s={search_term_string}\"},\"query-input\":{\"@type\":\"PropertyValueSpecification\",\"valueRequired\":true,\"valueName\":\"search_term_string\"}}],\"inLanguage\":\"et\"},{\"@type\":\"Organization\",\"@id\":\"https:\\\/\\\/armonti.eu\\\/#organization\",\"name\":\"ARMONTI\",\"alternateName\":\"\u0416\u0435\u043d\u0441\u043a\u0430\u044f \u0431\u0440\u0435\u043d\u0434\u043e\u0432\u0430\u044f \u043e\u0434\u0435\u0436\u0434\u0430\",\"url\":\"https:\\\/\\\/armonti.eu\\\/\",\"logo\":{\"@type\":\"ImageObject\",\"inLanguage\":\"et\",\"@id\":\"https:\\\/\\\/armonti.eu\\\/#\\\/schema\\\/logo\\\/image\\\/\",\"url\":\"https:\\\/\\\/armonti.eu\\\/wp-content\\\/uploads\\\/2023\\\/05\\\/armonti-logo-white.png\",\"contentUrl\":\"https:\\\/\\\/armonti.eu\\\/wp-content\\\/uploads\\\/2023\\\/05\\\/armonti-logo-white.png\",\"width\":2165,\"height\":554,\"caption\":\"ARMONTI\"},\"image\":{\"@id\":\"https:\\\/\\\/armonti.eu\\\/#\\\/schema\\\/logo\\\/image\\\/\"}}]}<\/script>\n<!-- \/ Yoast SEO plugin. -->","yoast_head_json":{"title":"Komplekt koos salliga - \u041c\u0430\u0433\u0430\u0437\u0438\u043d \u043e\u0434\u0435\u0436\u0434\u044b ARMONTI","description":"Pehme ja \u00f5rn komplekt, mis koosneb \u00fclesp\u00f6\u00f6ratud \u00e4\u00e4rega m\u00fctsist ja snoodist ning millel on \u00f5huke fliisvooder, aitab teil luua ainulaadse linnamoodsa naise stiili. Sobib suurep\u00e4raselt igap\u00e4evaseks eluks, jalutusk\u00e4ikudeks ja s\u00f5pradega kohtumisteks.","robots":{"index":"index","follow":"follow","max-snippet":"max-snippet:-1","max-image-preview":"max-image-preview:large","max-video-preview":"max-video-preview:-1"},"canonical":"https:\/\/armonti.eu\/et\/toode\/komplekt-koos-salliga\/","og_locale":"et_EE","og_type":"article","og_title":"Komplekt koos salliga - \u041c\u0430\u0433\u0430\u0437\u0438\u043d \u043e\u0434\u0435\u0436\u0434\u044b ARMONTI","og_description":"Pehme ja \u00f5rn komplekt, mis koosneb \u00fclesp\u00f6\u00f6ratud \u00e4\u00e4rega m\u00fctsist ja snoodist ning millel on \u00f5huke fliisvooder, aitab teil luua ainulaadse linnamoodsa naise stiili. Sobib suurep\u00e4raselt igap\u00e4evaseks eluks, jalutusk\u00e4ikudeks ja s\u00f5pradega kohtumisteks.","og_url":"https:\/\/armonti.eu\/et\/toode\/komplekt-koos-salliga\/","og_site_name":"\u041c\u0430\u0433\u0430\u0437\u0438\u043d \u043e\u0434\u0435\u0436\u0434\u044b ARMONTI","og_image":[{"width":1091,"height":1455,"url":"https:\/\/armonti.eu\/wp-content\/uploads\/2023\/10\/img_9475.jpg","type":"image\/jpeg"}],"twitter_card":"summary_large_image","twitter_description":"Pehme ja \u00f5rn komplekt, mis koosneb \u00fclesp\u00f6\u00f6ratud \u00e4\u00e4rega m\u00fctsist ja snoodist ning millel on \u00f5huke fliisvooder, aitab teil luua ainulaadse linnamoodsa naise stiili. Sobib suurep\u00e4raselt igap\u00e4evaseks eluks, jalutusk\u00e4ikudeks ja s\u00f5pradega kohtumisteks.","schema":{"@context":"https:\/\/schema.org","@graph":[{"@type":"WebPage","@id":"https:\/\/armonti.eu\/et\/toode\/komplekt-koos-salliga\/","url":"https:\/\/armonti.eu\/et\/toode\/komplekt-koos-salliga\/","name":"Komplekt koos salliga - \u041c\u0430\u0433\u0430\u0437\u0438\u043d \u043e\u0434\u0435\u0436\u0434\u044b ARMONTI","isPartOf":{"@id":"https:\/\/armonti.eu\/#website"},"primaryImageOfPage":{"@id":"https:\/\/armonti.eu\/et\/toode\/komplekt-koos-salliga\/#primaryimage"},"image":{"@id":"https:\/\/armonti.eu\/et\/toode\/komplekt-koos-salliga\/#primaryimage"},"thumbnailUrl":"https:\/\/armonti.eu\/wp-content\/uploads\/2023\/10\/img_9475.jpg","datePublished":"2023-10-01T10:26:29+00:00","description":"Pehme ja \u00f5rn komplekt, mis koosneb \u00fclesp\u00f6\u00f6ratud \u00e4\u00e4rega m\u00fctsist ja snoodist ning millel on \u00f5huke fliisvooder, aitab teil luua ainulaadse linnamoodsa naise stiili. Sobib suurep\u00e4raselt igap\u00e4evaseks eluks, jalutusk\u00e4ikudeks ja s\u00f5pradega kohtumisteks.","breadcrumb":{"@id":"https:\/\/armonti.eu\/et\/toode\/komplekt-koos-salliga\/#breadcrumb"},"inLanguage":"et","potentialAction":[{"@type":"ReadAction","target":["https:\/\/armonti.eu\/et\/toode\/komplekt-koos-salliga\/"]}]},{"@type":"ImageObject","inLanguage":"et","@id":"https:\/\/armonti.eu\/et\/toode\/komplekt-koos-salliga\/#primaryimage","url":"https:\/\/armonti.eu\/wp-content\/uploads\/2023\/10\/img_9475.jpg","contentUrl":"https:\/\/armonti.eu\/wp-content\/uploads\/2023\/10\/img_9475.jpg","width":1091,"height":1455},{"@type":"BreadcrumbList","@id":"https:\/\/armonti.eu\/et\/toode\/komplekt-koos-salliga\/#breadcrumb","itemListElement":[{"@type":"ListItem","position":1,"name":"\u0413\u043b\u0430\u0432\u043d\u0430\u044f","item":"https:\/\/armonti.eu\/"},{"@type":"ListItem","position":2,"name":"Shop","item":"https:\/\/armonti.eu\/et\/shop\/"},{"@type":"ListItem","position":3,"name":"Komplekt koos salliga"}]},{"@type":"WebSite","@id":"https:\/\/armonti.eu\/#website","url":"https:\/\/armonti.eu\/","name":"ARMONTI","description":"","publisher":{"@id":"https:\/\/armonti.eu\/#organization"},"alternateName":"\u0416\u0435\u043d\u0441\u043a\u0430\u044f \u0431\u0440\u0435\u043d\u0434\u043e\u0432\u0430\u044f \u043e\u0434\u0435\u0436\u0434\u0430","potentialAction":[{"@type":"SearchAction","target":{"@type":"EntryPoint","urlTemplate":"https:\/\/armonti.eu\/?s={search_term_string}"},"query-input":{"@type":"PropertyValueSpecification","valueRequired":true,"valueName":"search_term_string"}}],"inLanguage":"et"},{"@type":"Organization","@id":"https:\/\/armonti.eu\/#organization","name":"ARMONTI","alternateName":"\u0416\u0435\u043d\u0441\u043a\u0430\u044f \u0431\u0440\u0435\u043d\u0434\u043e\u0432\u0430\u044f \u043e\u0434\u0435\u0436\u0434\u0430","url":"https:\/\/armonti.eu\/","logo":{"@type":"ImageObject","inLanguage":"et","@id":"https:\/\/armonti.eu\/#\/schema\/logo\/image\/","url":"https:\/\/armonti.eu\/wp-content\/uploads\/2023\/05\/armonti-logo-white.png","contentUrl":"https:\/\/armonti.eu\/wp-content\/uploads\/2023\/05\/armonti-logo-white.png","width":2165,"height":554,"caption":"ARMONTI"},"image":{"@id":"https:\/\/armonti.eu\/#\/schema\/logo\/image\/"}}]}},"_links":{"self":[{"href":"https:\/\/armonti.eu\/et\/wp-json\/wp\/v2\/product\/41377","targetHints":{"allow":["GET"]}}],"collection":[{"href":"https:\/\/armonti.eu\/et\/wp-json\/wp\/v2\/product"}],"about":[{"href":"https:\/\/armonti.eu\/et\/wp-json\/wp\/v2\/types\/product"}],"replies":[{"embeddable":true,"href":"https:\/\/armonti.eu\/et\/wp-json\/wp\/v2\/comments?post=41377"}],"wp:featuredmedia":[{"embeddable":true,"href":"https:\/\/armonti.eu\/et\/wp-json\/wp\/v2\/media\/14949"}],"wp:attachment":[{"href":"https:\/\/armonti.eu\/et\/wp-json\/wp\/v2\/media?parent=41377"}],"wp:term":[{"taxonomy":"product_brand","embeddable":true,"href":"https:\/\/armonti.eu\/et\/wp-json\/wp\/v2\/product_brand?post=41377"},{"taxonomy":"product_cat","embeddable":true,"href":"https:\/\/armonti.eu\/et\/wp-json\/wp\/v2\/product_cat?post=41377"},{"taxonomy":"product_tag","embeddable":true,"href":"https:\/\/armonti.eu\/et\/wp-json\/wp\/v2\/product_tag?post=41377"}],"curies":[{"name":"wp","href":"https:\/\/api.w.org\/{rel}","templated":true}]}}