{"id":41283,"date":"2024-12-05T17:09:15","date_gmt":"2024-12-05T14:09:15","guid":{"rendered":"https:\/\/armonti.eu\/product\/naiste-puffer-stiilis-bologna-labakindad\/"},"modified":"2024-12-05T17:09:15","modified_gmt":"2024-12-05T14:09:15","slug":"naiste-puffer-stiilis-bologna-labakindad","status":"publish","type":"product","link":"https:\/\/armonti.eu\/et\/toode\/naiste-puffer-stiilis-bologna-labakindad\/","title":{"rendered":"Naiste puffer-stiilis (bologna) labakindad"},"content":{"rendered":"<p>Naiste paksud bologna-kindad, millel on seest karusnahk<\/p>\n<p>Looge ainulaadne stiil ja kaitsege oma k\u00e4si k\u00fclma eest meie naiste puuvillastest kootud kinnastega! Need kindad ei ole mitte ainult suurep\u00e4rase v\u00e4limusega, vaid pakuvad ka erakordset mugavust k\u00f5ige k\u00fclmemate ilmade ajal. <\/p>\n<p>Eelised:<\/p>\n<p>&#8211; Soojus ja mugavus: Sisemine karusnahast vooder tagab suurep\u00e4rase soojapidavuse, mist\u00f5ttu on need kindad ideaalsed talviseks jalutamiseks, v\u00e4ljas sporditegemiseks ja igap\u00e4evaseks kandmiseks.<\/p>\n<p>&#8211; Veekindel materjal: pol\u00fcuretaanist v\u00e4liskiht kaitseb niiskuse ja tuule eest, hoides teie k\u00e4ed kuivana ja mugavana igasugustes ilmastikutingimustes.<\/p>\n<p>&#8211; Elegantne disain: Kinnaste kaasaegne ja stiilne disain lisab teie talvisele garderoobile v\u00fcrtsi. Need sobivad suurep\u00e4raselt kokku igasuguse \u00fcleriidega, olgu see siis jope, untuvik v\u00f5i mantel. <\/p>\n<p><span style=\"font-weight: 400;\">Tootekood: 2312<\/p>\n","protected":false},"excerpt":{"rendered":"<p>Suurused: ONE SIZE<br \/>\nV\u00e4rv: must, piimvalge, hall<\/p>\n","protected":false},"featured_media":24092,"comment_status":"open","ping_status":"closed","template":"","meta":[],"product_brand":[],"product_cat":[430,431],"product_tag":[],"class_list":{"0":"post-41283","1":"product","2":"type-product","3":"status-publish","4":"has-post-thumbnail","6":"product_cat-aksessuaarid","7":"product_cat-kindad-ja-sormikud","9":"first","10":"instock","11":"shipping-taxable","12":"purchasable","13":"product-type-variable"},"yoast_head":"<!-- This site is optimized with the Yoast SEO plugin v27.4 - https:\/\/yoast.com\/product\/yoast-seo-wordpress\/ -->\n<title>Naiste puffer-stiilis (bologna) labakindad - \u041c\u0430\u0433\u0430\u0437\u0438\u043d \u043e\u0434\u0435\u0436\u0434\u044b ARMONTI<\/title>\n<meta name=\"description\" content=\"Naiste puffer-stiilis (pol\u00fcester\/bologna) labakindad. Need labakindad ei n\u00e4e mitte ainult suurep\u00e4rased v\u00e4lja, vaid pakuvad ka erakordset mugavust k\u00f5ige k\u00fclmematel p\u00e4evadel.\" \/>\n<meta name=\"robots\" content=\"index, follow, max-snippet:-1, max-image-preview:large, max-video-preview:-1\" \/>\n<link rel=\"canonical\" href=\"https:\/\/armonti.eu\/et\/toode\/naiste-puffer-stiilis-bologna-labakindad\/\" \/>\n<meta property=\"og:locale\" content=\"et_EE\" \/>\n<meta property=\"og:type\" content=\"article\" \/>\n<meta property=\"og:title\" content=\"Naiste puffer-stiilis (bologna) labakindad - \u041c\u0430\u0433\u0430\u0437\u0438\u043d \u043e\u0434\u0435\u0436\u0434\u044b ARMONTI\" \/>\n<meta property=\"og:description\" content=\"Naiste puffer-stiilis (pol\u00fcester\/bologna) labakindad. Need labakindad ei n\u00e4e mitte ainult suurep\u00e4rased v\u00e4lja, vaid pakuvad ka erakordset mugavust k\u00f5ige k\u00fclmematel p\u00e4evadel.\" \/>\n<meta property=\"og:url\" content=\"https:\/\/armonti.eu\/et\/toode\/naiste-puffer-stiilis-bologna-labakindad\/\" \/>\n<meta property=\"og:site_name\" content=\"\u041c\u0430\u0433\u0430\u0437\u0438\u043d \u043e\u0434\u0435\u0436\u0434\u044b ARMONTI\" \/>\n<meta property=\"og:image\" content=\"https:\/\/armonti.eu\/wp-content\/uploads\/2024\/12\/img_8558.jpg\" \/>\n\t<meta property=\"og:image:width\" content=\"853\" \/>\n\t<meta property=\"og:image:height\" content=\"1137\" \/>\n\t<meta property=\"og:image:type\" content=\"image\/jpeg\" \/>\n<meta name=\"twitter:card\" content=\"summary_large_image\" \/>\n<meta name=\"twitter:label1\" content=\"Est. reading time\" \/>\n\t<meta name=\"twitter:data1\" content=\"1 minut\" \/>\n<script type=\"application\/ld+json\" class=\"yoast-schema-graph\">{\"@context\":\"https:\\\/\\\/schema.org\",\"@graph\":[{\"@type\":\"WebPage\",\"@id\":\"https:\\\/\\\/armonti.eu\\\/et\\\/toode\\\/naiste-puffer-stiilis-bologna-labakindad\\\/\",\"url\":\"https:\\\/\\\/armonti.eu\\\/et\\\/toode\\\/naiste-puffer-stiilis-bologna-labakindad\\\/\",\"name\":\"Naiste puffer-stiilis (bologna) labakindad - \u041c\u0430\u0433\u0430\u0437\u0438\u043d \u043e\u0434\u0435\u0436\u0434\u044b ARMONTI\",\"isPartOf\":{\"@id\":\"https:\\\/\\\/armonti.eu\\\/#website\"},\"primaryImageOfPage\":{\"@id\":\"https:\\\/\\\/armonti.eu\\\/et\\\/toode\\\/naiste-puffer-stiilis-bologna-labakindad\\\/#primaryimage\"},\"image\":{\"@id\":\"https:\\\/\\\/armonti.eu\\\/et\\\/toode\\\/naiste-puffer-stiilis-bologna-labakindad\\\/#primaryimage\"},\"thumbnailUrl\":\"https:\\\/\\\/armonti.eu\\\/wp-content\\\/uploads\\\/2024\\\/12\\\/img_8558.jpg\",\"datePublished\":\"2024-12-05T14:09:15+00:00\",\"description\":\"Naiste puffer-stiilis (pol\u00fcester\\\/bologna) labakindad. Need labakindad ei n\u00e4e mitte ainult suurep\u00e4rased v\u00e4lja, vaid pakuvad ka erakordset mugavust k\u00f5ige k\u00fclmematel p\u00e4evadel.\",\"breadcrumb\":{\"@id\":\"https:\\\/\\\/armonti.eu\\\/et\\\/toode\\\/naiste-puffer-stiilis-bologna-labakindad\\\/#breadcrumb\"},\"inLanguage\":\"et\",\"potentialAction\":[{\"@type\":\"ReadAction\",\"target\":[\"https:\\\/\\\/armonti.eu\\\/et\\\/toode\\\/naiste-puffer-stiilis-bologna-labakindad\\\/\"]}]},{\"@type\":\"ImageObject\",\"inLanguage\":\"et\",\"@id\":\"https:\\\/\\\/armonti.eu\\\/et\\\/toode\\\/naiste-puffer-stiilis-bologna-labakindad\\\/#primaryimage\",\"url\":\"https:\\\/\\\/armonti.eu\\\/wp-content\\\/uploads\\\/2024\\\/12\\\/img_8558.jpg\",\"contentUrl\":\"https:\\\/\\\/armonti.eu\\\/wp-content\\\/uploads\\\/2024\\\/12\\\/img_8558.jpg\",\"width\":853,\"height\":1137,\"caption\":\"Mustad naiste kindad\"},{\"@type\":\"BreadcrumbList\",\"@id\":\"https:\\\/\\\/armonti.eu\\\/et\\\/toode\\\/naiste-puffer-stiilis-bologna-labakindad\\\/#breadcrumb\",\"itemListElement\":[{\"@type\":\"ListItem\",\"position\":1,\"name\":\"\u0413\u043b\u0430\u0432\u043d\u0430\u044f\",\"item\":\"https:\\\/\\\/armonti.eu\\\/\"},{\"@type\":\"ListItem\",\"position\":2,\"name\":\"Shop\",\"item\":\"https:\\\/\\\/armonti.eu\\\/et\\\/shop\\\/\"},{\"@type\":\"ListItem\",\"position\":3,\"name\":\"Naiste puffer-stiilis (bologna) labakindad\"}]},{\"@type\":\"WebSite\",\"@id\":\"https:\\\/\\\/armonti.eu\\\/#website\",\"url\":\"https:\\\/\\\/armonti.eu\\\/\",\"name\":\"ARMONTI\",\"description\":\"\",\"publisher\":{\"@id\":\"https:\\\/\\\/armonti.eu\\\/#organization\"},\"alternateName\":\"\u0416\u0435\u043d\u0441\u043a\u0430\u044f \u0431\u0440\u0435\u043d\u0434\u043e\u0432\u0430\u044f \u043e\u0434\u0435\u0436\u0434\u0430\",\"potentialAction\":[{\"@type\":\"SearchAction\",\"target\":{\"@type\":\"EntryPoint\",\"urlTemplate\":\"https:\\\/\\\/armonti.eu\\\/?s={search_term_string}\"},\"query-input\":{\"@type\":\"PropertyValueSpecification\",\"valueRequired\":true,\"valueName\":\"search_term_string\"}}],\"inLanguage\":\"et\"},{\"@type\":\"Organization\",\"@id\":\"https:\\\/\\\/armonti.eu\\\/#organization\",\"name\":\"ARMONTI\",\"alternateName\":\"\u0416\u0435\u043d\u0441\u043a\u0430\u044f \u0431\u0440\u0435\u043d\u0434\u043e\u0432\u0430\u044f \u043e\u0434\u0435\u0436\u0434\u0430\",\"url\":\"https:\\\/\\\/armonti.eu\\\/\",\"logo\":{\"@type\":\"ImageObject\",\"inLanguage\":\"et\",\"@id\":\"https:\\\/\\\/armonti.eu\\\/#\\\/schema\\\/logo\\\/image\\\/\",\"url\":\"https:\\\/\\\/armonti.eu\\\/wp-content\\\/uploads\\\/2023\\\/05\\\/armonti-logo-white.png\",\"contentUrl\":\"https:\\\/\\\/armonti.eu\\\/wp-content\\\/uploads\\\/2023\\\/05\\\/armonti-logo-white.png\",\"width\":2165,\"height\":554,\"caption\":\"ARMONTI\"},\"image\":{\"@id\":\"https:\\\/\\\/armonti.eu\\\/#\\\/schema\\\/logo\\\/image\\\/\"}}]}<\/script>\n<!-- \/ Yoast SEO plugin. -->","yoast_head_json":{"title":"Naiste puffer-stiilis (bologna) labakindad - \u041c\u0430\u0433\u0430\u0437\u0438\u043d \u043e\u0434\u0435\u0436\u0434\u044b ARMONTI","description":"Naiste puffer-stiilis (pol\u00fcester\/bologna) labakindad. Need labakindad ei n\u00e4e mitte ainult suurep\u00e4rased v\u00e4lja, vaid pakuvad ka erakordset mugavust k\u00f5ige k\u00fclmematel p\u00e4evadel.","robots":{"index":"index","follow":"follow","max-snippet":"max-snippet:-1","max-image-preview":"max-image-preview:large","max-video-preview":"max-video-preview:-1"},"canonical":"https:\/\/armonti.eu\/et\/toode\/naiste-puffer-stiilis-bologna-labakindad\/","og_locale":"et_EE","og_type":"article","og_title":"Naiste puffer-stiilis (bologna) labakindad - \u041c\u0430\u0433\u0430\u0437\u0438\u043d \u043e\u0434\u0435\u0436\u0434\u044b ARMONTI","og_description":"Naiste puffer-stiilis (pol\u00fcester\/bologna) labakindad. Need labakindad ei n\u00e4e mitte ainult suurep\u00e4rased v\u00e4lja, vaid pakuvad ka erakordset mugavust k\u00f5ige k\u00fclmematel p\u00e4evadel.","og_url":"https:\/\/armonti.eu\/et\/toode\/naiste-puffer-stiilis-bologna-labakindad\/","og_site_name":"\u041c\u0430\u0433\u0430\u0437\u0438\u043d \u043e\u0434\u0435\u0436\u0434\u044b ARMONTI","og_image":[{"width":853,"height":1137,"url":"https:\/\/armonti.eu\/wp-content\/uploads\/2024\/12\/img_8558.jpg","type":"image\/jpeg"}],"twitter_card":"summary_large_image","twitter_misc":{"Est. reading time":"1 minut"},"schema":{"@context":"https:\/\/schema.org","@graph":[{"@type":"WebPage","@id":"https:\/\/armonti.eu\/et\/toode\/naiste-puffer-stiilis-bologna-labakindad\/","url":"https:\/\/armonti.eu\/et\/toode\/naiste-puffer-stiilis-bologna-labakindad\/","name":"Naiste puffer-stiilis (bologna) labakindad - \u041c\u0430\u0433\u0430\u0437\u0438\u043d \u043e\u0434\u0435\u0436\u0434\u044b ARMONTI","isPartOf":{"@id":"https:\/\/armonti.eu\/#website"},"primaryImageOfPage":{"@id":"https:\/\/armonti.eu\/et\/toode\/naiste-puffer-stiilis-bologna-labakindad\/#primaryimage"},"image":{"@id":"https:\/\/armonti.eu\/et\/toode\/naiste-puffer-stiilis-bologna-labakindad\/#primaryimage"},"thumbnailUrl":"https:\/\/armonti.eu\/wp-content\/uploads\/2024\/12\/img_8558.jpg","datePublished":"2024-12-05T14:09:15+00:00","description":"Naiste puffer-stiilis (pol\u00fcester\/bologna) labakindad. Need labakindad ei n\u00e4e mitte ainult suurep\u00e4rased v\u00e4lja, vaid pakuvad ka erakordset mugavust k\u00f5ige k\u00fclmematel p\u00e4evadel.","breadcrumb":{"@id":"https:\/\/armonti.eu\/et\/toode\/naiste-puffer-stiilis-bologna-labakindad\/#breadcrumb"},"inLanguage":"et","potentialAction":[{"@type":"ReadAction","target":["https:\/\/armonti.eu\/et\/toode\/naiste-puffer-stiilis-bologna-labakindad\/"]}]},{"@type":"ImageObject","inLanguage":"et","@id":"https:\/\/armonti.eu\/et\/toode\/naiste-puffer-stiilis-bologna-labakindad\/#primaryimage","url":"https:\/\/armonti.eu\/wp-content\/uploads\/2024\/12\/img_8558.jpg","contentUrl":"https:\/\/armonti.eu\/wp-content\/uploads\/2024\/12\/img_8558.jpg","width":853,"height":1137,"caption":"Mustad naiste kindad"},{"@type":"BreadcrumbList","@id":"https:\/\/armonti.eu\/et\/toode\/naiste-puffer-stiilis-bologna-labakindad\/#breadcrumb","itemListElement":[{"@type":"ListItem","position":1,"name":"\u0413\u043b\u0430\u0432\u043d\u0430\u044f","item":"https:\/\/armonti.eu\/"},{"@type":"ListItem","position":2,"name":"Shop","item":"https:\/\/armonti.eu\/et\/shop\/"},{"@type":"ListItem","position":3,"name":"Naiste puffer-stiilis (bologna) labakindad"}]},{"@type":"WebSite","@id":"https:\/\/armonti.eu\/#website","url":"https:\/\/armonti.eu\/","name":"ARMONTI","description":"","publisher":{"@id":"https:\/\/armonti.eu\/#organization"},"alternateName":"\u0416\u0435\u043d\u0441\u043a\u0430\u044f \u0431\u0440\u0435\u043d\u0434\u043e\u0432\u0430\u044f \u043e\u0434\u0435\u0436\u0434\u0430","potentialAction":[{"@type":"SearchAction","target":{"@type":"EntryPoint","urlTemplate":"https:\/\/armonti.eu\/?s={search_term_string}"},"query-input":{"@type":"PropertyValueSpecification","valueRequired":true,"valueName":"search_term_string"}}],"inLanguage":"et"},{"@type":"Organization","@id":"https:\/\/armonti.eu\/#organization","name":"ARMONTI","alternateName":"\u0416\u0435\u043d\u0441\u043a\u0430\u044f \u0431\u0440\u0435\u043d\u0434\u043e\u0432\u0430\u044f \u043e\u0434\u0435\u0436\u0434\u0430","url":"https:\/\/armonti.eu\/","logo":{"@type":"ImageObject","inLanguage":"et","@id":"https:\/\/armonti.eu\/#\/schema\/logo\/image\/","url":"https:\/\/armonti.eu\/wp-content\/uploads\/2023\/05\/armonti-logo-white.png","contentUrl":"https:\/\/armonti.eu\/wp-content\/uploads\/2023\/05\/armonti-logo-white.png","width":2165,"height":554,"caption":"ARMONTI"},"image":{"@id":"https:\/\/armonti.eu\/#\/schema\/logo\/image\/"}}]}},"_links":{"self":[{"href":"https:\/\/armonti.eu\/et\/wp-json\/wp\/v2\/product\/41283","targetHints":{"allow":["GET"]}}],"collection":[{"href":"https:\/\/armonti.eu\/et\/wp-json\/wp\/v2\/product"}],"about":[{"href":"https:\/\/armonti.eu\/et\/wp-json\/wp\/v2\/types\/product"}],"replies":[{"embeddable":true,"href":"https:\/\/armonti.eu\/et\/wp-json\/wp\/v2\/comments?post=41283"}],"wp:featuredmedia":[{"embeddable":true,"href":"https:\/\/armonti.eu\/et\/wp-json\/wp\/v2\/media\/24092"}],"wp:attachment":[{"href":"https:\/\/armonti.eu\/et\/wp-json\/wp\/v2\/media?parent=41283"}],"wp:term":[{"taxonomy":"product_brand","embeddable":true,"href":"https:\/\/armonti.eu\/et\/wp-json\/wp\/v2\/product_brand?post=41283"},{"taxonomy":"product_cat","embeddable":true,"href":"https:\/\/armonti.eu\/et\/wp-json\/wp\/v2\/product_cat?post=41283"},{"taxonomy":"product_tag","embeddable":true,"href":"https:\/\/armonti.eu\/et\/wp-json\/wp\/v2\/product_tag?post=41283"}],"curies":[{"name":"wp","href":"https:\/\/api.w.org\/{rel}","templated":true}]}}