{"id":41151,"date":"2024-12-29T15:10:41","date_gmt":"2024-12-29T12:10:41","guid":{"rendered":"https:\/\/armonti.eu\/product\/naiste-kindad-ekoloogilise-pesukarukarvadega\/"},"modified":"2024-12-29T15:10:41","modified_gmt":"2024-12-29T12:10:41","slug":"naiste-kindad-ekoloogilise-pesukarukarvadega","status":"publish","type":"product","link":"https:\/\/armonti.eu\/et\/toode\/naiste-kindad-ekoloogilise-pesukarukarvadega\/","title":{"rendered":"Naiste kindad ekoloogilise pesukarukarvadega"},"content":{"rendered":"<p>Naiste pehmest \u00f6kokarusnahast labakindad<\/p>\n<p>Sukelduge mugavuse ja stiili maailma meie kinnastega, mis on valmistatud k\u00f5rgekvaliteedilisest pehmest pesukaru ekokarvast. Need kindad ei soojenda mitte ainult k\u00fclmadel p\u00e4evadel, vaid lisavad ka teie v\u00e4limusele v\u00f5lu ja stiili.<br \/>\nSukelduge mugavuse ja stiili maailma meie kinnastega, mis on valmistatud k\u00f5rgekvaliteedilisest pehmest pesukaru ekokarvast. Need kindad ei soojenda mitte ainult k\u00fclmadel p\u00e4evadel, vaid lisavad ka teie v\u00e4limusele v\u00f5lu ja stiili. Karusnahaga soojendatud, pakuvad need teie k\u00e4tele mugavust isegi k\u00f5ige k\u00fclmemate ilmade korral.<br \/>\nLooge oma ideaalne talvine look meie labakinnastega!<br \/>\nIdeaalne kingituseks!<\/p>\n<p>Hooldus:<br \/>\nValgendamine keelatud, \u00f5rn k\u00e4sipesu 30 \u00b0C<\/p>\n<p><span style=\"font-weight: 400;\">Tootekood: 7609<\/span><\/p>\n","protected":false},"excerpt":{"rendered":"<p>Suurus: ONE SIZE<br \/>\nV\u00e4rv: must, hall, helehall, bee\u017e, valge, pruun, roheline, roosa, cappuccino<\/p>\n","protected":false},"featured_media":35371,"comment_status":"open","ping_status":"closed","template":"","meta":[],"product_brand":[],"product_cat":[430,431],"product_tag":[],"class_list":{"0":"post-41151","1":"product","2":"type-product","3":"status-publish","4":"has-post-thumbnail","6":"product_cat-aksessuaarid","7":"product_cat-kindad-ja-sormikud","9":"first","10":"instock","11":"shipping-taxable","12":"purchasable","13":"product-type-variable"},"yoast_head":"<!-- This site is optimized with the Yoast SEO plugin v27.4 - https:\/\/yoast.com\/product\/yoast-seo-wordpress\/ -->\n<title>Naiste kindad ekoloogilise pesukarukarvadega - \u041c\u0430\u0433\u0430\u0437\u0438\u043d \u043e\u0434\u0435\u0436\u0434\u044b ARMONTI<\/title>\n<meta name=\"description\" content=\"Naiste kindad ekoloogilise pesukaru karusnahaga. Sukelduge mugavuse ja stiili maailma meie kindadega, mis on valmistatud k\u00f5rgekvaliteedilisest pehmest ekoloogilisest pesukaru karusnahast.\" \/>\n<meta name=\"robots\" content=\"index, follow, max-snippet:-1, max-image-preview:large, max-video-preview:-1\" \/>\n<link rel=\"canonical\" href=\"https:\/\/armonti.eu\/et\/toode\/naiste-kindad-ekoloogilise-pesukarukarvadega\/\" \/>\n<meta property=\"og:locale\" content=\"et_EE\" \/>\n<meta property=\"og:type\" content=\"article\" \/>\n<meta property=\"og:title\" content=\"Naiste kindad ekoloogilise pesukarukarvadega - \u041c\u0430\u0433\u0430\u0437\u0438\u043d \u043e\u0434\u0435\u0436\u0434\u044b ARMONTI\" \/>\n<meta property=\"og:description\" content=\"Naiste kindad ekoloogilise pesukaru karusnahaga. Sukelduge mugavuse ja stiili maailma meie kindadega, mis on valmistatud k\u00f5rgekvaliteedilisest pehmest ekoloogilisest pesukaru karusnahast.\" \/>\n<meta property=\"og:url\" content=\"https:\/\/armonti.eu\/et\/toode\/naiste-kindad-ekoloogilise-pesukarukarvadega\/\" \/>\n<meta property=\"og:site_name\" content=\"\u041c\u0430\u0433\u0430\u0437\u0438\u043d \u043e\u0434\u0435\u0436\u0434\u044b ARMONTI\" \/>\n<meta property=\"og:image\" content=\"https:\/\/armonti.eu\/wp-content\/uploads\/2024\/12\/img_1815-1.jpg\" \/>\n\t<meta property=\"og:image:width\" content=\"713\" \/>\n\t<meta property=\"og:image:height\" content=\"950\" \/>\n\t<meta property=\"og:image:type\" content=\"image\/jpeg\" \/>\n<meta name=\"twitter:card\" content=\"summary_large_image\" \/>\n<meta name=\"twitter:label1\" content=\"Est. reading time\" \/>\n\t<meta name=\"twitter:data1\" content=\"1 minut\" \/>\n<script type=\"application\/ld+json\" class=\"yoast-schema-graph\">{\"@context\":\"https:\\\/\\\/schema.org\",\"@graph\":[{\"@type\":\"WebPage\",\"@id\":\"https:\\\/\\\/armonti.eu\\\/et\\\/toode\\\/naiste-kindad-ekoloogilise-pesukarukarvadega\\\/\",\"url\":\"https:\\\/\\\/armonti.eu\\\/et\\\/toode\\\/naiste-kindad-ekoloogilise-pesukarukarvadega\\\/\",\"name\":\"Naiste kindad ekoloogilise pesukarukarvadega - \u041c\u0430\u0433\u0430\u0437\u0438\u043d \u043e\u0434\u0435\u0436\u0434\u044b ARMONTI\",\"isPartOf\":{\"@id\":\"https:\\\/\\\/armonti.eu\\\/#website\"},\"primaryImageOfPage\":{\"@id\":\"https:\\\/\\\/armonti.eu\\\/et\\\/toode\\\/naiste-kindad-ekoloogilise-pesukarukarvadega\\\/#primaryimage\"},\"image\":{\"@id\":\"https:\\\/\\\/armonti.eu\\\/et\\\/toode\\\/naiste-kindad-ekoloogilise-pesukarukarvadega\\\/#primaryimage\"},\"thumbnailUrl\":\"https:\\\/\\\/armonti.eu\\\/wp-content\\\/uploads\\\/2024\\\/12\\\/img_1815-1.jpg\",\"datePublished\":\"2024-12-29T12:10:41+00:00\",\"description\":\"Naiste kindad ekoloogilise pesukaru karusnahaga. Sukelduge mugavuse ja stiili maailma meie kindadega, mis on valmistatud k\u00f5rgekvaliteedilisest pehmest ekoloogilisest pesukaru karusnahast.\",\"breadcrumb\":{\"@id\":\"https:\\\/\\\/armonti.eu\\\/et\\\/toode\\\/naiste-kindad-ekoloogilise-pesukarukarvadega\\\/#breadcrumb\"},\"inLanguage\":\"et\",\"potentialAction\":[{\"@type\":\"ReadAction\",\"target\":[\"https:\\\/\\\/armonti.eu\\\/et\\\/toode\\\/naiste-kindad-ekoloogilise-pesukarukarvadega\\\/\"]}]},{\"@type\":\"ImageObject\",\"inLanguage\":\"et\",\"@id\":\"https:\\\/\\\/armonti.eu\\\/et\\\/toode\\\/naiste-kindad-ekoloogilise-pesukarukarvadega\\\/#primaryimage\",\"url\":\"https:\\\/\\\/armonti.eu\\\/wp-content\\\/uploads\\\/2024\\\/12\\\/img_1815-1.jpg\",\"contentUrl\":\"https:\\\/\\\/armonti.eu\\\/wp-content\\\/uploads\\\/2024\\\/12\\\/img_1815-1.jpg\",\"width\":713,\"height\":950},{\"@type\":\"BreadcrumbList\",\"@id\":\"https:\\\/\\\/armonti.eu\\\/et\\\/toode\\\/naiste-kindad-ekoloogilise-pesukarukarvadega\\\/#breadcrumb\",\"itemListElement\":[{\"@type\":\"ListItem\",\"position\":1,\"name\":\"\u0413\u043b\u0430\u0432\u043d\u0430\u044f\",\"item\":\"https:\\\/\\\/armonti.eu\\\/\"},{\"@type\":\"ListItem\",\"position\":2,\"name\":\"Shop\",\"item\":\"https:\\\/\\\/armonti.eu\\\/et\\\/shop\\\/\"},{\"@type\":\"ListItem\",\"position\":3,\"name\":\"Naiste kindad ekoloogilise pesukarukarvadega\"}]},{\"@type\":\"WebSite\",\"@id\":\"https:\\\/\\\/armonti.eu\\\/#website\",\"url\":\"https:\\\/\\\/armonti.eu\\\/\",\"name\":\"ARMONTI\",\"description\":\"\",\"publisher\":{\"@id\":\"https:\\\/\\\/armonti.eu\\\/#organization\"},\"alternateName\":\"\u0416\u0435\u043d\u0441\u043a\u0430\u044f \u0431\u0440\u0435\u043d\u0434\u043e\u0432\u0430\u044f \u043e\u0434\u0435\u0436\u0434\u0430\",\"potentialAction\":[{\"@type\":\"SearchAction\",\"target\":{\"@type\":\"EntryPoint\",\"urlTemplate\":\"https:\\\/\\\/armonti.eu\\\/?s={search_term_string}\"},\"query-input\":{\"@type\":\"PropertyValueSpecification\",\"valueRequired\":true,\"valueName\":\"search_term_string\"}}],\"inLanguage\":\"et\"},{\"@type\":\"Organization\",\"@id\":\"https:\\\/\\\/armonti.eu\\\/#organization\",\"name\":\"ARMONTI\",\"alternateName\":\"\u0416\u0435\u043d\u0441\u043a\u0430\u044f \u0431\u0440\u0435\u043d\u0434\u043e\u0432\u0430\u044f \u043e\u0434\u0435\u0436\u0434\u0430\",\"url\":\"https:\\\/\\\/armonti.eu\\\/\",\"logo\":{\"@type\":\"ImageObject\",\"inLanguage\":\"et\",\"@id\":\"https:\\\/\\\/armonti.eu\\\/#\\\/schema\\\/logo\\\/image\\\/\",\"url\":\"https:\\\/\\\/armonti.eu\\\/wp-content\\\/uploads\\\/2023\\\/05\\\/armonti-logo-white.png\",\"contentUrl\":\"https:\\\/\\\/armonti.eu\\\/wp-content\\\/uploads\\\/2023\\\/05\\\/armonti-logo-white.png\",\"width\":2165,\"height\":554,\"caption\":\"ARMONTI\"},\"image\":{\"@id\":\"https:\\\/\\\/armonti.eu\\\/#\\\/schema\\\/logo\\\/image\\\/\"}}]}<\/script>\n<!-- \/ Yoast SEO plugin. -->","yoast_head_json":{"title":"Naiste kindad ekoloogilise pesukarukarvadega - \u041c\u0430\u0433\u0430\u0437\u0438\u043d \u043e\u0434\u0435\u0436\u0434\u044b ARMONTI","description":"Naiste kindad ekoloogilise pesukaru karusnahaga. Sukelduge mugavuse ja stiili maailma meie kindadega, mis on valmistatud k\u00f5rgekvaliteedilisest pehmest ekoloogilisest pesukaru karusnahast.","robots":{"index":"index","follow":"follow","max-snippet":"max-snippet:-1","max-image-preview":"max-image-preview:large","max-video-preview":"max-video-preview:-1"},"canonical":"https:\/\/armonti.eu\/et\/toode\/naiste-kindad-ekoloogilise-pesukarukarvadega\/","og_locale":"et_EE","og_type":"article","og_title":"Naiste kindad ekoloogilise pesukarukarvadega - \u041c\u0430\u0433\u0430\u0437\u0438\u043d \u043e\u0434\u0435\u0436\u0434\u044b ARMONTI","og_description":"Naiste kindad ekoloogilise pesukaru karusnahaga. Sukelduge mugavuse ja stiili maailma meie kindadega, mis on valmistatud k\u00f5rgekvaliteedilisest pehmest ekoloogilisest pesukaru karusnahast.","og_url":"https:\/\/armonti.eu\/et\/toode\/naiste-kindad-ekoloogilise-pesukarukarvadega\/","og_site_name":"\u041c\u0430\u0433\u0430\u0437\u0438\u043d \u043e\u0434\u0435\u0436\u0434\u044b ARMONTI","og_image":[{"width":713,"height":950,"url":"https:\/\/armonti.eu\/wp-content\/uploads\/2024\/12\/img_1815-1.jpg","type":"image\/jpeg"}],"twitter_card":"summary_large_image","twitter_misc":{"Est. reading time":"1 minut"},"schema":{"@context":"https:\/\/schema.org","@graph":[{"@type":"WebPage","@id":"https:\/\/armonti.eu\/et\/toode\/naiste-kindad-ekoloogilise-pesukarukarvadega\/","url":"https:\/\/armonti.eu\/et\/toode\/naiste-kindad-ekoloogilise-pesukarukarvadega\/","name":"Naiste kindad ekoloogilise pesukarukarvadega - \u041c\u0430\u0433\u0430\u0437\u0438\u043d \u043e\u0434\u0435\u0436\u0434\u044b ARMONTI","isPartOf":{"@id":"https:\/\/armonti.eu\/#website"},"primaryImageOfPage":{"@id":"https:\/\/armonti.eu\/et\/toode\/naiste-kindad-ekoloogilise-pesukarukarvadega\/#primaryimage"},"image":{"@id":"https:\/\/armonti.eu\/et\/toode\/naiste-kindad-ekoloogilise-pesukarukarvadega\/#primaryimage"},"thumbnailUrl":"https:\/\/armonti.eu\/wp-content\/uploads\/2024\/12\/img_1815-1.jpg","datePublished":"2024-12-29T12:10:41+00:00","description":"Naiste kindad ekoloogilise pesukaru karusnahaga. Sukelduge mugavuse ja stiili maailma meie kindadega, mis on valmistatud k\u00f5rgekvaliteedilisest pehmest ekoloogilisest pesukaru karusnahast.","breadcrumb":{"@id":"https:\/\/armonti.eu\/et\/toode\/naiste-kindad-ekoloogilise-pesukarukarvadega\/#breadcrumb"},"inLanguage":"et","potentialAction":[{"@type":"ReadAction","target":["https:\/\/armonti.eu\/et\/toode\/naiste-kindad-ekoloogilise-pesukarukarvadega\/"]}]},{"@type":"ImageObject","inLanguage":"et","@id":"https:\/\/armonti.eu\/et\/toode\/naiste-kindad-ekoloogilise-pesukarukarvadega\/#primaryimage","url":"https:\/\/armonti.eu\/wp-content\/uploads\/2024\/12\/img_1815-1.jpg","contentUrl":"https:\/\/armonti.eu\/wp-content\/uploads\/2024\/12\/img_1815-1.jpg","width":713,"height":950},{"@type":"BreadcrumbList","@id":"https:\/\/armonti.eu\/et\/toode\/naiste-kindad-ekoloogilise-pesukarukarvadega\/#breadcrumb","itemListElement":[{"@type":"ListItem","position":1,"name":"\u0413\u043b\u0430\u0432\u043d\u0430\u044f","item":"https:\/\/armonti.eu\/"},{"@type":"ListItem","position":2,"name":"Shop","item":"https:\/\/armonti.eu\/et\/shop\/"},{"@type":"ListItem","position":3,"name":"Naiste kindad ekoloogilise pesukarukarvadega"}]},{"@type":"WebSite","@id":"https:\/\/armonti.eu\/#website","url":"https:\/\/armonti.eu\/","name":"ARMONTI","description":"","publisher":{"@id":"https:\/\/armonti.eu\/#organization"},"alternateName":"\u0416\u0435\u043d\u0441\u043a\u0430\u044f \u0431\u0440\u0435\u043d\u0434\u043e\u0432\u0430\u044f \u043e\u0434\u0435\u0436\u0434\u0430","potentialAction":[{"@type":"SearchAction","target":{"@type":"EntryPoint","urlTemplate":"https:\/\/armonti.eu\/?s={search_term_string}"},"query-input":{"@type":"PropertyValueSpecification","valueRequired":true,"valueName":"search_term_string"}}],"inLanguage":"et"},{"@type":"Organization","@id":"https:\/\/armonti.eu\/#organization","name":"ARMONTI","alternateName":"\u0416\u0435\u043d\u0441\u043a\u0430\u044f \u0431\u0440\u0435\u043d\u0434\u043e\u0432\u0430\u044f \u043e\u0434\u0435\u0436\u0434\u0430","url":"https:\/\/armonti.eu\/","logo":{"@type":"ImageObject","inLanguage":"et","@id":"https:\/\/armonti.eu\/#\/schema\/logo\/image\/","url":"https:\/\/armonti.eu\/wp-content\/uploads\/2023\/05\/armonti-logo-white.png","contentUrl":"https:\/\/armonti.eu\/wp-content\/uploads\/2023\/05\/armonti-logo-white.png","width":2165,"height":554,"caption":"ARMONTI"},"image":{"@id":"https:\/\/armonti.eu\/#\/schema\/logo\/image\/"}}]}},"_links":{"self":[{"href":"https:\/\/armonti.eu\/et\/wp-json\/wp\/v2\/product\/41151","targetHints":{"allow":["GET"]}}],"collection":[{"href":"https:\/\/armonti.eu\/et\/wp-json\/wp\/v2\/product"}],"about":[{"href":"https:\/\/armonti.eu\/et\/wp-json\/wp\/v2\/types\/product"}],"replies":[{"embeddable":true,"href":"https:\/\/armonti.eu\/et\/wp-json\/wp\/v2\/comments?post=41151"}],"wp:featuredmedia":[{"embeddable":true,"href":"https:\/\/armonti.eu\/et\/wp-json\/wp\/v2\/media\/35371"}],"wp:attachment":[{"href":"https:\/\/armonti.eu\/et\/wp-json\/wp\/v2\/media?parent=41151"}],"wp:term":[{"taxonomy":"product_brand","embeddable":true,"href":"https:\/\/armonti.eu\/et\/wp-json\/wp\/v2\/product_brand?post=41151"},{"taxonomy":"product_cat","embeddable":true,"href":"https:\/\/armonti.eu\/et\/wp-json\/wp\/v2\/product_cat?post=41151"},{"taxonomy":"product_tag","embeddable":true,"href":"https:\/\/armonti.eu\/et\/wp-json\/wp\/v2\/product_tag?post=41151"}],"curies":[{"name":"wp","href":"https:\/\/api.w.org\/{rel}","templated":true}]}}