{"id":41026,"date":"2026-01-02T20:45:20","date_gmt":"2026-01-02T17:45:20","guid":{"rendered":"https:\/\/armonti.eu\/product\/mustriga-kapronsukkpuksid-golden-lady-2\/"},"modified":"2026-01-02T20:45:20","modified_gmt":"2026-01-02T17:45:20","slug":"mustriga-kapronsukkpuksid-golden-lady-2","status":"publish","type":"product","link":"https:\/\/armonti.eu\/et\/toode\/mustriga-kapronsukkpuksid-golden-lady-2\/","title":{"rendered":"Mustriga kapronsukkp\u00fcksid Golden Lady"},"content":{"rendered":"<p>Muutke tavaline v\u00e4limus elegantseks meie mustriga kapronsukkp\u00fckste abil!<br \/>\nIdeaalne tihedus, laitmatu istuvus figuuril ja uskumatult \u00f5rn tekstuur.<br \/>\nNeed sukkp\u00fcksid on salarelv stiilse look\u2019i loomiseks kontorist \u00f5htuse v\u00e4ljaminekuni.<\/p>\n<p>Tootekood: 1099<\/p>\n","protected":false},"excerpt":{"rendered":"<p>Suurused: S\/M, M\/L<br \/>\nV\u00e4rv: must<\/p>\n","protected":false},"featured_media":34018,"comment_status":"open","ping_status":"closed","template":"","meta":[],"product_brand":[],"product_cat":[430,330,432],"product_tag":[],"class_list":{"0":"post-41026","1":"product","2":"type-product","3":"status-publish","4":"has-post-thumbnail","6":"product_cat-aksessuaarid","7":"product_cat-odezhda-et","8":"product_cat-sukkpuksid-ja-sokid","10":"first","11":"instock","12":"shipping-taxable","13":"purchasable","14":"product-type-variable"},"yoast_head":"<!-- This site is optimized with the Yoast SEO plugin v27.4 - https:\/\/yoast.com\/product\/yoast-seo-wordpress\/ -->\n<title>Mustriga kapronsukkp\u00fcksid Golden Lady - \u041c\u0430\u0433\u0430\u0437\u0438\u043d \u043e\u0434\u0435\u0436\u0434\u044b ARMONTI<\/title>\n<meta name=\"description\" content=\"Muutke tavaline v\u00e4limus elegantseks meie mustriga kapronsukkp\u00fckste abil! Ideaalne tihedus ja laitmatu istuvus figuuril.\" \/>\n<meta name=\"robots\" content=\"index, follow, max-snippet:-1, max-image-preview:large, max-video-preview:-1\" \/>\n<link rel=\"canonical\" href=\"https:\/\/armonti.eu\/et\/toode\/mustriga-kapronsukkpuksid-golden-lady-2\/\" \/>\n<meta property=\"og:locale\" content=\"et_EE\" \/>\n<meta property=\"og:type\" content=\"article\" \/>\n<meta property=\"og:title\" content=\"Mustriga kapronsukkp\u00fcksid Golden Lady - \u041c\u0430\u0433\u0430\u0437\u0438\u043d \u043e\u0434\u0435\u0436\u0434\u044b ARMONTI\" \/>\n<meta property=\"og:description\" content=\"Sukkp\u00fckstel on \u00fcks lame \u00f5mblus ees ja taga suuruses S-M, suuruses L-XL ja suuremates on taga kaks lamedat \u00f5mblust.\" \/>\n<meta property=\"og:url\" content=\"https:\/\/armonti.eu\/et\/toode\/mustriga-kapronsukkpuksid-golden-lady-2\/\" \/>\n<meta property=\"og:site_name\" content=\"\u041c\u0430\u0433\u0430\u0437\u0438\u043d \u043e\u0434\u0435\u0436\u0434\u044b ARMONTI\" \/>\n<meta property=\"og:image\" content=\"https:\/\/armonti.eu\/wp-content\/uploads\/2026\/01\/img_2068-1.jpg\" \/>\n\t<meta property=\"og:image:width\" content=\"1071\" \/>\n\t<meta property=\"og:image:height\" content=\"1428\" \/>\n\t<meta property=\"og:image:type\" content=\"image\/jpeg\" \/>\n<meta name=\"twitter:card\" content=\"summary_large_image\" \/>\n<meta name=\"twitter:title\" content=\"Mustriga kapronsukkp\u00fcksid Golden Lady - \u041c\u0430\u0433\u0430\u0437\u0438\u043d \u043e\u0434\u0435\u0436\u0434\u044b ARMONTI\" \/>\n<meta name=\"twitter:description\" content=\"Sukkp\u00fckstel on \u00fcks lame \u00f5mblus ees ja taga suuruses S-M, suuruses L-XL ja suuremates on taga kaks lamedat \u00f5mblust.\" \/>\n<script type=\"application\/ld+json\" class=\"yoast-schema-graph\">{\"@context\":\"https:\\\/\\\/schema.org\",\"@graph\":[{\"@type\":\"WebPage\",\"@id\":\"https:\\\/\\\/armonti.eu\\\/et\\\/toode\\\/mustriga-kapronsukkpuksid-golden-lady-2\\\/\",\"url\":\"https:\\\/\\\/armonti.eu\\\/et\\\/toode\\\/mustriga-kapronsukkpuksid-golden-lady-2\\\/\",\"name\":\"Mustriga kapronsukkp\u00fcksid Golden Lady - \u041c\u0430\u0433\u0430\u0437\u0438\u043d \u043e\u0434\u0435\u0436\u0434\u044b ARMONTI\",\"isPartOf\":{\"@id\":\"https:\\\/\\\/armonti.eu\\\/#website\"},\"primaryImageOfPage\":{\"@id\":\"https:\\\/\\\/armonti.eu\\\/et\\\/toode\\\/mustriga-kapronsukkpuksid-golden-lady-2\\\/#primaryimage\"},\"image\":{\"@id\":\"https:\\\/\\\/armonti.eu\\\/et\\\/toode\\\/mustriga-kapronsukkpuksid-golden-lady-2\\\/#primaryimage\"},\"thumbnailUrl\":\"https:\\\/\\\/armonti.eu\\\/wp-content\\\/uploads\\\/2026\\\/01\\\/img_2068-1.jpg\",\"datePublished\":\"2026-01-02T17:45:20+00:00\",\"description\":\"Muutke tavaline v\u00e4limus elegantseks meie mustriga kapronsukkp\u00fckste abil! Ideaalne tihedus ja laitmatu istuvus figuuril.\",\"breadcrumb\":{\"@id\":\"https:\\\/\\\/armonti.eu\\\/et\\\/toode\\\/mustriga-kapronsukkpuksid-golden-lady-2\\\/#breadcrumb\"},\"inLanguage\":\"et\",\"potentialAction\":[{\"@type\":\"ReadAction\",\"target\":[\"https:\\\/\\\/armonti.eu\\\/et\\\/toode\\\/mustriga-kapronsukkpuksid-golden-lady-2\\\/\"]}]},{\"@type\":\"ImageObject\",\"inLanguage\":\"et\",\"@id\":\"https:\\\/\\\/armonti.eu\\\/et\\\/toode\\\/mustriga-kapronsukkpuksid-golden-lady-2\\\/#primaryimage\",\"url\":\"https:\\\/\\\/armonti.eu\\\/wp-content\\\/uploads\\\/2026\\\/01\\\/img_2068-1.jpg\",\"contentUrl\":\"https:\\\/\\\/armonti.eu\\\/wp-content\\\/uploads\\\/2026\\\/01\\\/img_2068-1.jpg\",\"width\":1071,\"height\":1428},{\"@type\":\"BreadcrumbList\",\"@id\":\"https:\\\/\\\/armonti.eu\\\/et\\\/toode\\\/mustriga-kapronsukkpuksid-golden-lady-2\\\/#breadcrumb\",\"itemListElement\":[{\"@type\":\"ListItem\",\"position\":1,\"name\":\"\u0413\u043b\u0430\u0432\u043d\u0430\u044f\",\"item\":\"https:\\\/\\\/armonti.eu\\\/\"},{\"@type\":\"ListItem\",\"position\":2,\"name\":\"Shop\",\"item\":\"https:\\\/\\\/armonti.eu\\\/et\\\/shop\\\/\"},{\"@type\":\"ListItem\",\"position\":3,\"name\":\"Mustriga kapronsukkp\u00fcksid Golden Lady\"}]},{\"@type\":\"WebSite\",\"@id\":\"https:\\\/\\\/armonti.eu\\\/#website\",\"url\":\"https:\\\/\\\/armonti.eu\\\/\",\"name\":\"ARMONTI\",\"description\":\"\",\"publisher\":{\"@id\":\"https:\\\/\\\/armonti.eu\\\/#organization\"},\"alternateName\":\"\u0416\u0435\u043d\u0441\u043a\u0430\u044f \u0431\u0440\u0435\u043d\u0434\u043e\u0432\u0430\u044f \u043e\u0434\u0435\u0436\u0434\u0430\",\"potentialAction\":[{\"@type\":\"SearchAction\",\"target\":{\"@type\":\"EntryPoint\",\"urlTemplate\":\"https:\\\/\\\/armonti.eu\\\/?s={search_term_string}\"},\"query-input\":{\"@type\":\"PropertyValueSpecification\",\"valueRequired\":true,\"valueName\":\"search_term_string\"}}],\"inLanguage\":\"et\"},{\"@type\":\"Organization\",\"@id\":\"https:\\\/\\\/armonti.eu\\\/#organization\",\"name\":\"ARMONTI\",\"alternateName\":\"\u0416\u0435\u043d\u0441\u043a\u0430\u044f \u0431\u0440\u0435\u043d\u0434\u043e\u0432\u0430\u044f \u043e\u0434\u0435\u0436\u0434\u0430\",\"url\":\"https:\\\/\\\/armonti.eu\\\/\",\"logo\":{\"@type\":\"ImageObject\",\"inLanguage\":\"et\",\"@id\":\"https:\\\/\\\/armonti.eu\\\/#\\\/schema\\\/logo\\\/image\\\/\",\"url\":\"https:\\\/\\\/armonti.eu\\\/wp-content\\\/uploads\\\/2023\\\/05\\\/armonti-logo-white.png\",\"contentUrl\":\"https:\\\/\\\/armonti.eu\\\/wp-content\\\/uploads\\\/2023\\\/05\\\/armonti-logo-white.png\",\"width\":2165,\"height\":554,\"caption\":\"ARMONTI\"},\"image\":{\"@id\":\"https:\\\/\\\/armonti.eu\\\/#\\\/schema\\\/logo\\\/image\\\/\"}}]}<\/script>\n<!-- \/ Yoast SEO plugin. -->","yoast_head_json":{"title":"Mustriga kapronsukkp\u00fcksid Golden Lady - \u041c\u0430\u0433\u0430\u0437\u0438\u043d \u043e\u0434\u0435\u0436\u0434\u044b ARMONTI","description":"Muutke tavaline v\u00e4limus elegantseks meie mustriga kapronsukkp\u00fckste abil! Ideaalne tihedus ja laitmatu istuvus figuuril.","robots":{"index":"index","follow":"follow","max-snippet":"max-snippet:-1","max-image-preview":"max-image-preview:large","max-video-preview":"max-video-preview:-1"},"canonical":"https:\/\/armonti.eu\/et\/toode\/mustriga-kapronsukkpuksid-golden-lady-2\/","og_locale":"et_EE","og_type":"article","og_title":"Mustriga kapronsukkp\u00fcksid Golden Lady - \u041c\u0430\u0433\u0430\u0437\u0438\u043d \u043e\u0434\u0435\u0436\u0434\u044b ARMONTI","og_description":"Sukkp\u00fckstel on \u00fcks lame \u00f5mblus ees ja taga suuruses S-M, suuruses L-XL ja suuremates on taga kaks lamedat \u00f5mblust.","og_url":"https:\/\/armonti.eu\/et\/toode\/mustriga-kapronsukkpuksid-golden-lady-2\/","og_site_name":"\u041c\u0430\u0433\u0430\u0437\u0438\u043d \u043e\u0434\u0435\u0436\u0434\u044b ARMONTI","og_image":[{"width":1071,"height":1428,"url":"https:\/\/armonti.eu\/wp-content\/uploads\/2026\/01\/img_2068-1.jpg","type":"image\/jpeg"}],"twitter_card":"summary_large_image","twitter_title":"Mustriga kapronsukkp\u00fcksid Golden Lady - \u041c\u0430\u0433\u0430\u0437\u0438\u043d \u043e\u0434\u0435\u0436\u0434\u044b ARMONTI","twitter_description":"Sukkp\u00fckstel on \u00fcks lame \u00f5mblus ees ja taga suuruses S-M, suuruses L-XL ja suuremates on taga kaks lamedat \u00f5mblust.","schema":{"@context":"https:\/\/schema.org","@graph":[{"@type":"WebPage","@id":"https:\/\/armonti.eu\/et\/toode\/mustriga-kapronsukkpuksid-golden-lady-2\/","url":"https:\/\/armonti.eu\/et\/toode\/mustriga-kapronsukkpuksid-golden-lady-2\/","name":"Mustriga kapronsukkp\u00fcksid Golden Lady - \u041c\u0430\u0433\u0430\u0437\u0438\u043d \u043e\u0434\u0435\u0436\u0434\u044b ARMONTI","isPartOf":{"@id":"https:\/\/armonti.eu\/#website"},"primaryImageOfPage":{"@id":"https:\/\/armonti.eu\/et\/toode\/mustriga-kapronsukkpuksid-golden-lady-2\/#primaryimage"},"image":{"@id":"https:\/\/armonti.eu\/et\/toode\/mustriga-kapronsukkpuksid-golden-lady-2\/#primaryimage"},"thumbnailUrl":"https:\/\/armonti.eu\/wp-content\/uploads\/2026\/01\/img_2068-1.jpg","datePublished":"2026-01-02T17:45:20+00:00","description":"Muutke tavaline v\u00e4limus elegantseks meie mustriga kapronsukkp\u00fckste abil! Ideaalne tihedus ja laitmatu istuvus figuuril.","breadcrumb":{"@id":"https:\/\/armonti.eu\/et\/toode\/mustriga-kapronsukkpuksid-golden-lady-2\/#breadcrumb"},"inLanguage":"et","potentialAction":[{"@type":"ReadAction","target":["https:\/\/armonti.eu\/et\/toode\/mustriga-kapronsukkpuksid-golden-lady-2\/"]}]},{"@type":"ImageObject","inLanguage":"et","@id":"https:\/\/armonti.eu\/et\/toode\/mustriga-kapronsukkpuksid-golden-lady-2\/#primaryimage","url":"https:\/\/armonti.eu\/wp-content\/uploads\/2026\/01\/img_2068-1.jpg","contentUrl":"https:\/\/armonti.eu\/wp-content\/uploads\/2026\/01\/img_2068-1.jpg","width":1071,"height":1428},{"@type":"BreadcrumbList","@id":"https:\/\/armonti.eu\/et\/toode\/mustriga-kapronsukkpuksid-golden-lady-2\/#breadcrumb","itemListElement":[{"@type":"ListItem","position":1,"name":"\u0413\u043b\u0430\u0432\u043d\u0430\u044f","item":"https:\/\/armonti.eu\/"},{"@type":"ListItem","position":2,"name":"Shop","item":"https:\/\/armonti.eu\/et\/shop\/"},{"@type":"ListItem","position":3,"name":"Mustriga kapronsukkp\u00fcksid Golden Lady"}]},{"@type":"WebSite","@id":"https:\/\/armonti.eu\/#website","url":"https:\/\/armonti.eu\/","name":"ARMONTI","description":"","publisher":{"@id":"https:\/\/armonti.eu\/#organization"},"alternateName":"\u0416\u0435\u043d\u0441\u043a\u0430\u044f \u0431\u0440\u0435\u043d\u0434\u043e\u0432\u0430\u044f \u043e\u0434\u0435\u0436\u0434\u0430","potentialAction":[{"@type":"SearchAction","target":{"@type":"EntryPoint","urlTemplate":"https:\/\/armonti.eu\/?s={search_term_string}"},"query-input":{"@type":"PropertyValueSpecification","valueRequired":true,"valueName":"search_term_string"}}],"inLanguage":"et"},{"@type":"Organization","@id":"https:\/\/armonti.eu\/#organization","name":"ARMONTI","alternateName":"\u0416\u0435\u043d\u0441\u043a\u0430\u044f \u0431\u0440\u0435\u043d\u0434\u043e\u0432\u0430\u044f \u043e\u0434\u0435\u0436\u0434\u0430","url":"https:\/\/armonti.eu\/","logo":{"@type":"ImageObject","inLanguage":"et","@id":"https:\/\/armonti.eu\/#\/schema\/logo\/image\/","url":"https:\/\/armonti.eu\/wp-content\/uploads\/2023\/05\/armonti-logo-white.png","contentUrl":"https:\/\/armonti.eu\/wp-content\/uploads\/2023\/05\/armonti-logo-white.png","width":2165,"height":554,"caption":"ARMONTI"},"image":{"@id":"https:\/\/armonti.eu\/#\/schema\/logo\/image\/"}}]}},"_links":{"self":[{"href":"https:\/\/armonti.eu\/et\/wp-json\/wp\/v2\/product\/41026","targetHints":{"allow":["GET"]}}],"collection":[{"href":"https:\/\/armonti.eu\/et\/wp-json\/wp\/v2\/product"}],"about":[{"href":"https:\/\/armonti.eu\/et\/wp-json\/wp\/v2\/types\/product"}],"replies":[{"embeddable":true,"href":"https:\/\/armonti.eu\/et\/wp-json\/wp\/v2\/comments?post=41026"}],"wp:featuredmedia":[{"embeddable":true,"href":"https:\/\/armonti.eu\/et\/wp-json\/wp\/v2\/media\/34018"}],"wp:attachment":[{"href":"https:\/\/armonti.eu\/et\/wp-json\/wp\/v2\/media?parent=41026"}],"wp:term":[{"taxonomy":"product_brand","embeddable":true,"href":"https:\/\/armonti.eu\/et\/wp-json\/wp\/v2\/product_brand?post=41026"},{"taxonomy":"product_cat","embeddable":true,"href":"https:\/\/armonti.eu\/et\/wp-json\/wp\/v2\/product_cat?post=41026"},{"taxonomy":"product_tag","embeddable":true,"href":"https:\/\/armonti.eu\/et\/wp-json\/wp\/v2\/product_tag?post=41026"}],"curies":[{"name":"wp","href":"https:\/\/api.w.org\/{rel}","templated":true}]}}