{"id":41021,"date":"2026-01-02T21:00:22","date_gmt":"2026-01-02T18:00:22","guid":{"rendered":"https:\/\/armonti.eu\/product\/mustriga-kapronsukkpuksid-golden-lady\/"},"modified":"2026-01-02T21:00:22","modified_gmt":"2026-01-02T18:00:22","slug":"mustriga-kapronsukkpuksid-golden-lady","status":"publish","type":"product","link":"https:\/\/armonti.eu\/et\/toode\/mustriga-kapronsukkpuksid-golden-lady\/","title":{"rendered":"Mustriga kapronsukkp\u00fcksid Golden Lady"},"content":{"rendered":"<p>Pastelsetes toonides peene mustriga sukkp\u00fcksid \u2014 elegantne lahendus kontorisse ja v\u00e4ljaminekuks.<br \/>\nKaasaegne mikrokiud tagab \u00f5rna \u00fcmberistuvuse, mugava istuvuse ilma allavajumiseta ning m\u00e4rkimisv\u00e4\u00e4rse vastupidavuse kinnij\u00e4\u00e4mistele.<br \/>\nStiilin\u00f5uanne: kombineerige kinniste kontsakingade v\u00f5i elegantsete kingadega, et muster oleks n\u00e4htav ja toetaks teie v\u00e4limust.<br \/>\nValige lakooniline r\u00f5ivastus, et muster oleks teie outfiti peamine pilgup\u00fc\u00fcdja.<\/p>\n<p>Tootekood: 156<\/p>\n","protected":false},"excerpt":{"rendered":"<p>Suurused: S\/M, M\/L<br \/>\nV\u00e4rv: must<\/p>\n","protected":false},"featured_media":34016,"comment_status":"open","ping_status":"closed","template":"","meta":[],"product_brand":[],"product_cat":[430,330,432],"product_tag":[],"class_list":{"0":"post-41021","1":"product","2":"type-product","3":"status-publish","4":"has-post-thumbnail","6":"product_cat-aksessuaarid","7":"product_cat-odezhda-et","8":"product_cat-sukkpuksid-ja-sokid","10":"first","11":"instock","12":"shipping-taxable","13":"purchasable","14":"product-type-variable"},"yoast_head":"<!-- This site is optimized with the Yoast SEO plugin v27.4 - https:\/\/yoast.com\/product\/yoast-seo-wordpress\/ -->\n<title>Mustriga kapronsukkp\u00fcksid Golden Lady - \u041c\u0430\u0433\u0430\u0437\u0438\u043d \u043e\u0434\u0435\u0436\u0434\u044b ARMONTI<\/title>\n<meta name=\"description\" content=\"Peene mustriga sukkp\u00fcksid \u2014 elegantne lahendus kontorisse ja v\u00e4ljaminekuks. Kaasaegne mikrokiud tagab \u00f5rna \u00fcmberistuvuse ja mugava istuvuse.\" \/>\n<meta name=\"robots\" content=\"index, follow, max-snippet:-1, max-image-preview:large, max-video-preview:-1\" \/>\n<link rel=\"canonical\" href=\"https:\/\/armonti.eu\/et\/toode\/mustriga-kapronsukkpuksid-golden-lady\/\" \/>\n<meta property=\"og:locale\" content=\"et_EE\" \/>\n<meta property=\"og:type\" content=\"article\" \/>\n<meta property=\"og:title\" content=\"Mustriga kapronsukkp\u00fcksid Golden Lady - \u041c\u0430\u0433\u0430\u0437\u0438\u043d \u043e\u0434\u0435\u0436\u0434\u044b ARMONTI\" \/>\n<meta property=\"og:description\" content=\"Sukkp\u00fckstel on \u00fcks lame \u00f5mblus ees ja taga suuruses S-M, suuruses L-XL ja suuremates on taga kaks lamedat \u00f5mblust.\" \/>\n<meta property=\"og:url\" content=\"https:\/\/armonti.eu\/et\/toode\/mustriga-kapronsukkpuksid-golden-lady\/\" \/>\n<meta property=\"og:site_name\" content=\"\u041c\u0430\u0433\u0430\u0437\u0438\u043d \u043e\u0434\u0435\u0436\u0434\u044b ARMONTI\" \/>\n<meta property=\"og:image\" content=\"https:\/\/armonti.eu\/wp-content\/uploads\/2026\/01\/img_2064-1.jpg\" \/>\n\t<meta property=\"og:image:width\" content=\"929\" \/>\n\t<meta property=\"og:image:height\" content=\"1239\" \/>\n\t<meta property=\"og:image:type\" content=\"image\/jpeg\" \/>\n<meta name=\"twitter:card\" content=\"summary_large_image\" \/>\n<meta name=\"twitter:title\" content=\"Mustriga kapronsukkp\u00fcksid Golden Lady - \u041c\u0430\u0433\u0430\u0437\u0438\u043d \u043e\u0434\u0435\u0436\u0434\u044b ARMONTI\" \/>\n<meta name=\"twitter:description\" content=\"Sukkp\u00fckstel on \u00fcks lame \u00f5mblus ees ja taga suuruses S-M, suuruses L-XL ja suuremates on taga kaks lamedat \u00f5mblust.\" \/>\n<script type=\"application\/ld+json\" class=\"yoast-schema-graph\">{\"@context\":\"https:\\\/\\\/schema.org\",\"@graph\":[{\"@type\":\"WebPage\",\"@id\":\"https:\\\/\\\/armonti.eu\\\/et\\\/toode\\\/mustriga-kapronsukkpuksid-golden-lady\\\/\",\"url\":\"https:\\\/\\\/armonti.eu\\\/et\\\/toode\\\/mustriga-kapronsukkpuksid-golden-lady\\\/\",\"name\":\"Mustriga kapronsukkp\u00fcksid Golden Lady - \u041c\u0430\u0433\u0430\u0437\u0438\u043d \u043e\u0434\u0435\u0436\u0434\u044b ARMONTI\",\"isPartOf\":{\"@id\":\"https:\\\/\\\/armonti.eu\\\/#website\"},\"primaryImageOfPage\":{\"@id\":\"https:\\\/\\\/armonti.eu\\\/et\\\/toode\\\/mustriga-kapronsukkpuksid-golden-lady\\\/#primaryimage\"},\"image\":{\"@id\":\"https:\\\/\\\/armonti.eu\\\/et\\\/toode\\\/mustriga-kapronsukkpuksid-golden-lady\\\/#primaryimage\"},\"thumbnailUrl\":\"https:\\\/\\\/armonti.eu\\\/wp-content\\\/uploads\\\/2026\\\/01\\\/img_2064-1.jpg\",\"datePublished\":\"2026-01-02T18:00:22+00:00\",\"description\":\"Peene mustriga sukkp\u00fcksid \u2014 elegantne lahendus kontorisse ja v\u00e4ljaminekuks. Kaasaegne mikrokiud tagab \u00f5rna \u00fcmberistuvuse ja mugava istuvuse.\",\"breadcrumb\":{\"@id\":\"https:\\\/\\\/armonti.eu\\\/et\\\/toode\\\/mustriga-kapronsukkpuksid-golden-lady\\\/#breadcrumb\"},\"inLanguage\":\"et\",\"potentialAction\":[{\"@type\":\"ReadAction\",\"target\":[\"https:\\\/\\\/armonti.eu\\\/et\\\/toode\\\/mustriga-kapronsukkpuksid-golden-lady\\\/\"]}]},{\"@type\":\"ImageObject\",\"inLanguage\":\"et\",\"@id\":\"https:\\\/\\\/armonti.eu\\\/et\\\/toode\\\/mustriga-kapronsukkpuksid-golden-lady\\\/#primaryimage\",\"url\":\"https:\\\/\\\/armonti.eu\\\/wp-content\\\/uploads\\\/2026\\\/01\\\/img_2064-1.jpg\",\"contentUrl\":\"https:\\\/\\\/armonti.eu\\\/wp-content\\\/uploads\\\/2026\\\/01\\\/img_2064-1.jpg\",\"width\":929,\"height\":1239},{\"@type\":\"BreadcrumbList\",\"@id\":\"https:\\\/\\\/armonti.eu\\\/et\\\/toode\\\/mustriga-kapronsukkpuksid-golden-lady\\\/#breadcrumb\",\"itemListElement\":[{\"@type\":\"ListItem\",\"position\":1,\"name\":\"\u0413\u043b\u0430\u0432\u043d\u0430\u044f\",\"item\":\"https:\\\/\\\/armonti.eu\\\/\"},{\"@type\":\"ListItem\",\"position\":2,\"name\":\"Shop\",\"item\":\"https:\\\/\\\/armonti.eu\\\/et\\\/shop\\\/\"},{\"@type\":\"ListItem\",\"position\":3,\"name\":\"Mustriga kapronsukkp\u00fcksid Golden Lady\"}]},{\"@type\":\"WebSite\",\"@id\":\"https:\\\/\\\/armonti.eu\\\/#website\",\"url\":\"https:\\\/\\\/armonti.eu\\\/\",\"name\":\"ARMONTI\",\"description\":\"\",\"publisher\":{\"@id\":\"https:\\\/\\\/armonti.eu\\\/#organization\"},\"alternateName\":\"\u0416\u0435\u043d\u0441\u043a\u0430\u044f \u0431\u0440\u0435\u043d\u0434\u043e\u0432\u0430\u044f \u043e\u0434\u0435\u0436\u0434\u0430\",\"potentialAction\":[{\"@type\":\"SearchAction\",\"target\":{\"@type\":\"EntryPoint\",\"urlTemplate\":\"https:\\\/\\\/armonti.eu\\\/?s={search_term_string}\"},\"query-input\":{\"@type\":\"PropertyValueSpecification\",\"valueRequired\":true,\"valueName\":\"search_term_string\"}}],\"inLanguage\":\"et\"},{\"@type\":\"Organization\",\"@id\":\"https:\\\/\\\/armonti.eu\\\/#organization\",\"name\":\"ARMONTI\",\"alternateName\":\"\u0416\u0435\u043d\u0441\u043a\u0430\u044f \u0431\u0440\u0435\u043d\u0434\u043e\u0432\u0430\u044f \u043e\u0434\u0435\u0436\u0434\u0430\",\"url\":\"https:\\\/\\\/armonti.eu\\\/\",\"logo\":{\"@type\":\"ImageObject\",\"inLanguage\":\"et\",\"@id\":\"https:\\\/\\\/armonti.eu\\\/#\\\/schema\\\/logo\\\/image\\\/\",\"url\":\"https:\\\/\\\/armonti.eu\\\/wp-content\\\/uploads\\\/2023\\\/05\\\/armonti-logo-white.png\",\"contentUrl\":\"https:\\\/\\\/armonti.eu\\\/wp-content\\\/uploads\\\/2023\\\/05\\\/armonti-logo-white.png\",\"width\":2165,\"height\":554,\"caption\":\"ARMONTI\"},\"image\":{\"@id\":\"https:\\\/\\\/armonti.eu\\\/#\\\/schema\\\/logo\\\/image\\\/\"}}]}<\/script>\n<!-- \/ Yoast SEO plugin. -->","yoast_head_json":{"title":"Mustriga kapronsukkp\u00fcksid Golden Lady - \u041c\u0430\u0433\u0430\u0437\u0438\u043d \u043e\u0434\u0435\u0436\u0434\u044b ARMONTI","description":"Peene mustriga sukkp\u00fcksid \u2014 elegantne lahendus kontorisse ja v\u00e4ljaminekuks. Kaasaegne mikrokiud tagab \u00f5rna \u00fcmberistuvuse ja mugava istuvuse.","robots":{"index":"index","follow":"follow","max-snippet":"max-snippet:-1","max-image-preview":"max-image-preview:large","max-video-preview":"max-video-preview:-1"},"canonical":"https:\/\/armonti.eu\/et\/toode\/mustriga-kapronsukkpuksid-golden-lady\/","og_locale":"et_EE","og_type":"article","og_title":"Mustriga kapronsukkp\u00fcksid Golden Lady - \u041c\u0430\u0433\u0430\u0437\u0438\u043d \u043e\u0434\u0435\u0436\u0434\u044b ARMONTI","og_description":"Sukkp\u00fckstel on \u00fcks lame \u00f5mblus ees ja taga suuruses S-M, suuruses L-XL ja suuremates on taga kaks lamedat \u00f5mblust.","og_url":"https:\/\/armonti.eu\/et\/toode\/mustriga-kapronsukkpuksid-golden-lady\/","og_site_name":"\u041c\u0430\u0433\u0430\u0437\u0438\u043d \u043e\u0434\u0435\u0436\u0434\u044b ARMONTI","og_image":[{"width":929,"height":1239,"url":"https:\/\/armonti.eu\/wp-content\/uploads\/2026\/01\/img_2064-1.jpg","type":"image\/jpeg"}],"twitter_card":"summary_large_image","twitter_title":"Mustriga kapronsukkp\u00fcksid Golden Lady - \u041c\u0430\u0433\u0430\u0437\u0438\u043d \u043e\u0434\u0435\u0436\u0434\u044b ARMONTI","twitter_description":"Sukkp\u00fckstel on \u00fcks lame \u00f5mblus ees ja taga suuruses S-M, suuruses L-XL ja suuremates on taga kaks lamedat \u00f5mblust.","schema":{"@context":"https:\/\/schema.org","@graph":[{"@type":"WebPage","@id":"https:\/\/armonti.eu\/et\/toode\/mustriga-kapronsukkpuksid-golden-lady\/","url":"https:\/\/armonti.eu\/et\/toode\/mustriga-kapronsukkpuksid-golden-lady\/","name":"Mustriga kapronsukkp\u00fcksid Golden Lady - \u041c\u0430\u0433\u0430\u0437\u0438\u043d \u043e\u0434\u0435\u0436\u0434\u044b ARMONTI","isPartOf":{"@id":"https:\/\/armonti.eu\/#website"},"primaryImageOfPage":{"@id":"https:\/\/armonti.eu\/et\/toode\/mustriga-kapronsukkpuksid-golden-lady\/#primaryimage"},"image":{"@id":"https:\/\/armonti.eu\/et\/toode\/mustriga-kapronsukkpuksid-golden-lady\/#primaryimage"},"thumbnailUrl":"https:\/\/armonti.eu\/wp-content\/uploads\/2026\/01\/img_2064-1.jpg","datePublished":"2026-01-02T18:00:22+00:00","description":"Peene mustriga sukkp\u00fcksid \u2014 elegantne lahendus kontorisse ja v\u00e4ljaminekuks. Kaasaegne mikrokiud tagab \u00f5rna \u00fcmberistuvuse ja mugava istuvuse.","breadcrumb":{"@id":"https:\/\/armonti.eu\/et\/toode\/mustriga-kapronsukkpuksid-golden-lady\/#breadcrumb"},"inLanguage":"et","potentialAction":[{"@type":"ReadAction","target":["https:\/\/armonti.eu\/et\/toode\/mustriga-kapronsukkpuksid-golden-lady\/"]}]},{"@type":"ImageObject","inLanguage":"et","@id":"https:\/\/armonti.eu\/et\/toode\/mustriga-kapronsukkpuksid-golden-lady\/#primaryimage","url":"https:\/\/armonti.eu\/wp-content\/uploads\/2026\/01\/img_2064-1.jpg","contentUrl":"https:\/\/armonti.eu\/wp-content\/uploads\/2026\/01\/img_2064-1.jpg","width":929,"height":1239},{"@type":"BreadcrumbList","@id":"https:\/\/armonti.eu\/et\/toode\/mustriga-kapronsukkpuksid-golden-lady\/#breadcrumb","itemListElement":[{"@type":"ListItem","position":1,"name":"\u0413\u043b\u0430\u0432\u043d\u0430\u044f","item":"https:\/\/armonti.eu\/"},{"@type":"ListItem","position":2,"name":"Shop","item":"https:\/\/armonti.eu\/et\/shop\/"},{"@type":"ListItem","position":3,"name":"Mustriga kapronsukkp\u00fcksid Golden Lady"}]},{"@type":"WebSite","@id":"https:\/\/armonti.eu\/#website","url":"https:\/\/armonti.eu\/","name":"ARMONTI","description":"","publisher":{"@id":"https:\/\/armonti.eu\/#organization"},"alternateName":"\u0416\u0435\u043d\u0441\u043a\u0430\u044f \u0431\u0440\u0435\u043d\u0434\u043e\u0432\u0430\u044f \u043e\u0434\u0435\u0436\u0434\u0430","potentialAction":[{"@type":"SearchAction","target":{"@type":"EntryPoint","urlTemplate":"https:\/\/armonti.eu\/?s={search_term_string}"},"query-input":{"@type":"PropertyValueSpecification","valueRequired":true,"valueName":"search_term_string"}}],"inLanguage":"et"},{"@type":"Organization","@id":"https:\/\/armonti.eu\/#organization","name":"ARMONTI","alternateName":"\u0416\u0435\u043d\u0441\u043a\u0430\u044f \u0431\u0440\u0435\u043d\u0434\u043e\u0432\u0430\u044f \u043e\u0434\u0435\u0436\u0434\u0430","url":"https:\/\/armonti.eu\/","logo":{"@type":"ImageObject","inLanguage":"et","@id":"https:\/\/armonti.eu\/#\/schema\/logo\/image\/","url":"https:\/\/armonti.eu\/wp-content\/uploads\/2023\/05\/armonti-logo-white.png","contentUrl":"https:\/\/armonti.eu\/wp-content\/uploads\/2023\/05\/armonti-logo-white.png","width":2165,"height":554,"caption":"ARMONTI"},"image":{"@id":"https:\/\/armonti.eu\/#\/schema\/logo\/image\/"}}]}},"_links":{"self":[{"href":"https:\/\/armonti.eu\/et\/wp-json\/wp\/v2\/product\/41021","targetHints":{"allow":["GET"]}}],"collection":[{"href":"https:\/\/armonti.eu\/et\/wp-json\/wp\/v2\/product"}],"about":[{"href":"https:\/\/armonti.eu\/et\/wp-json\/wp\/v2\/types\/product"}],"replies":[{"embeddable":true,"href":"https:\/\/armonti.eu\/et\/wp-json\/wp\/v2\/comments?post=41021"}],"wp:featuredmedia":[{"embeddable":true,"href":"https:\/\/armonti.eu\/et\/wp-json\/wp\/v2\/media\/34016"}],"wp:attachment":[{"href":"https:\/\/armonti.eu\/et\/wp-json\/wp\/v2\/media?parent=41021"}],"wp:term":[{"taxonomy":"product_brand","embeddable":true,"href":"https:\/\/armonti.eu\/et\/wp-json\/wp\/v2\/product_brand?post=41021"},{"taxonomy":"product_cat","embeddable":true,"href":"https:\/\/armonti.eu\/et\/wp-json\/wp\/v2\/product_cat?post=41021"},{"taxonomy":"product_tag","embeddable":true,"href":"https:\/\/armonti.eu\/et\/wp-json\/wp\/v2\/product_tag?post=41021"}],"curies":[{"name":"wp","href":"https:\/\/api.w.org\/{rel}","templated":true}]}}