{"id":40974,"date":"2026-02-03T22:51:46","date_gmt":"2026-02-03T19:51:46","guid":{"rendered":"https:\/\/armonti.eu\/product\/naiste-komplekt-kapuuts-kapuor-nokamuts-korvasirmiga-2\/"},"modified":"2026-02-03T22:51:46","modified_gmt":"2026-02-03T19:51:46","slug":"naiste-komplekt-kapuuts-kapuor-nokamuts-korvasirmiga-2","status":"publish","type":"product","link":"https:\/\/armonti.eu\/et\/toode\/naiste-komplekt-kapuuts-kapuor-nokamuts-korvasirmiga-2\/","title":{"rendered":"Naiste komplekt: kapuuts-kapuor + nokam\u00fcts (k\u00f5rvasirmiga)"},"content":{"rendered":"<p>Naiste talvine komplekt: kapuuts-kapuor ja nokam\u00fcts (k\u00f5rvasirmiga) angoorast.<br \/>\nUskumatult pehme, kerge ja soe komplekt, mis loob elegantse ja tervikliku v\u00e4limuse k\u00fclma ilmaga.<br \/>\nIdeaalne kombinatsioon stiilist, mugavusest ja soojusest.<br \/>\u2022 Angoorakiu \u00f5rnus ja kergus<br \/>\n\u2022 Ideaalne komplekt \u2013 koos n\u00e4eb harmoonilisem v\u00e4lja kui eraldi esemed<br \/>\n\u2022 Kaitse tuule ja k\u00fclma eest (kapuuts katab k\u00f5rvad ja kaela, nokam\u00fcts kaitseb k\u00f5rvu ja otsaesist)<br \/>\n\u2022 Universaalsus ja stiil (sobib erinevate riietega, n\u00e4eb elegantne v\u00e4lja)<br \/>\n\u2022 Praktilisus (ei riku soengut nagu tavaline m\u00fcts, lihtne p\u00e4he panna ja \u00e4ra v\u00f5tta)<\/p>\n<p>Tootekood: 250428<\/p>\n","protected":false},"excerpt":{"rendered":"<p>\u0420\u0430\u0437\u043c\u0435\u0440: ONE SIZE<br \/>\n\u0421\u043e\u0441\u0442\u0430\u0432: 35% \u0430\u043d\u0433\u043e\u0440\u0430, 20% \u0448\u0435\u0440\u0441\u0442\u044c, 30% \u043f\u0443\u0445 \u043d\u043e\u0440\u043a\u0438, 15% \u0430\u043a\u0440\u0438\u043b<br \/>\n\u0426\u0432\u0435\u0442\u0430: \u0431\u0435\u0436, \u0431\u043e\u0440\u0434\u043e, \u0433\u0440\u0430\u0444\u0438\u0442, \u0433\u043e\u043b\u0443\u0431\u043e\u0439, \u043a\u043e\u0440\u0438\u0447\u043d\u0435\u0432\u044b\u0439 <\/p>\n","protected":false},"featured_media":34910,"comment_status":"open","ping_status":"closed","template":"","meta":[],"product_brand":[],"product_cat":[430,434],"product_tag":[],"class_list":{"0":"post-40974","1":"product","2":"type-product","3":"status-publish","4":"has-post-thumbnail","6":"product_cat-aksessuaarid","7":"product_cat-mutsid-komplektid","9":"first","10":"instock","11":"shipping-taxable","12":"purchasable","13":"product-type-variable"},"yoast_head":"<!-- This site is optimized with the Yoast SEO plugin v27.4 - https:\/\/yoast.com\/product\/yoast-seo-wordpress\/ -->\n<title>Naiste komplekt: kapuuts-kapuor + nokam\u00fcts (k\u00f5rvasirmiga) - \u041c\u0430\u0433\u0430\u0437\u0438\u043d \u043e\u0434\u0435\u0436\u0434\u044b ARMONTI<\/title>\n<meta name=\"description\" content=\"Naiste komplekt: kapuuts-kapuor ja nokam\u00fcts (k\u00f5rvasirmiga) angoorast.Uskumatult pehme, kerge ja soe komplekt, mis loob elegantse ja tervikliku v\u00e4limuse k\u00fclma ilmaga.\" \/>\n<meta name=\"robots\" content=\"index, follow, max-snippet:-1, max-image-preview:large, max-video-preview:-1\" \/>\n<link rel=\"canonical\" href=\"https:\/\/armonti.eu\/et\/toode\/naiste-komplekt-kapuuts-kapuor-nokamuts-korvasirmiga-2\/\" \/>\n<meta property=\"og:locale\" content=\"et_EE\" \/>\n<meta property=\"og:type\" content=\"article\" \/>\n<meta property=\"og:title\" content=\"Naiste komplekt: kapuuts-kapuor + nokam\u00fcts (k\u00f5rvasirmiga) - \u041c\u0430\u0433\u0430\u0437\u0438\u043d \u043e\u0434\u0435\u0436\u0434\u044b ARMONTI\" \/>\n<meta property=\"og:description\" content=\"Kootud talvine kapuuts-balaklava valges ja mustas v\u00e4rvitoonis. Topeltkudum. Osta soodsalt Tallinnas.\" \/>\n<meta property=\"og:url\" content=\"https:\/\/armonti.eu\/et\/toode\/naiste-komplekt-kapuuts-kapuor-nokamuts-korvasirmiga-2\/\" \/>\n<meta property=\"og:site_name\" content=\"\u041c\u0430\u0433\u0430\u0437\u0438\u043d \u043e\u0434\u0435\u0436\u0434\u044b ARMONTI\" \/>\n<meta property=\"og:image\" content=\"https:\/\/armonti.eu\/wp-content\/uploads\/2026\/02\/img_3451.jpg\" \/>\n\t<meta property=\"og:image:width\" content=\"825\" \/>\n\t<meta property=\"og:image:height\" content=\"1100\" \/>\n\t<meta property=\"og:image:type\" content=\"image\/jpeg\" \/>\n<meta name=\"twitter:card\" content=\"summary_large_image\" \/>\n<meta name=\"twitter:description\" content=\"Kootud talvine kapuuts-balaklava valges ja mustas v\u00e4rvitoonis. Topeltkudum. Osta soodsalt Tallinnas.\" \/>\n<script type=\"application\/ld+json\" class=\"yoast-schema-graph\">{\"@context\":\"https:\\\/\\\/schema.org\",\"@graph\":[{\"@type\":\"WebPage\",\"@id\":\"https:\\\/\\\/armonti.eu\\\/et\\\/toode\\\/naiste-komplekt-kapuuts-kapuor-nokamuts-korvasirmiga-2\\\/\",\"url\":\"https:\\\/\\\/armonti.eu\\\/et\\\/toode\\\/naiste-komplekt-kapuuts-kapuor-nokamuts-korvasirmiga-2\\\/\",\"name\":\"Naiste komplekt: kapuuts-kapuor + nokam\u00fcts (k\u00f5rvasirmiga) - \u041c\u0430\u0433\u0430\u0437\u0438\u043d \u043e\u0434\u0435\u0436\u0434\u044b ARMONTI\",\"isPartOf\":{\"@id\":\"https:\\\/\\\/armonti.eu\\\/#website\"},\"primaryImageOfPage\":{\"@id\":\"https:\\\/\\\/armonti.eu\\\/et\\\/toode\\\/naiste-komplekt-kapuuts-kapuor-nokamuts-korvasirmiga-2\\\/#primaryimage\"},\"image\":{\"@id\":\"https:\\\/\\\/armonti.eu\\\/et\\\/toode\\\/naiste-komplekt-kapuuts-kapuor-nokamuts-korvasirmiga-2\\\/#primaryimage\"},\"thumbnailUrl\":\"https:\\\/\\\/armonti.eu\\\/wp-content\\\/uploads\\\/2026\\\/02\\\/img_3451.jpg\",\"datePublished\":\"2026-02-03T19:51:46+00:00\",\"description\":\"Naiste komplekt: kapuuts-kapuor ja nokam\u00fcts (k\u00f5rvasirmiga) angoorast.Uskumatult pehme, kerge ja soe komplekt, mis loob elegantse ja tervikliku v\u00e4limuse k\u00fclma ilmaga.\",\"breadcrumb\":{\"@id\":\"https:\\\/\\\/armonti.eu\\\/et\\\/toode\\\/naiste-komplekt-kapuuts-kapuor-nokamuts-korvasirmiga-2\\\/#breadcrumb\"},\"inLanguage\":\"et\",\"potentialAction\":[{\"@type\":\"ReadAction\",\"target\":[\"https:\\\/\\\/armonti.eu\\\/et\\\/toode\\\/naiste-komplekt-kapuuts-kapuor-nokamuts-korvasirmiga-2\\\/\"]}]},{\"@type\":\"ImageObject\",\"inLanguage\":\"et\",\"@id\":\"https:\\\/\\\/armonti.eu\\\/et\\\/toode\\\/naiste-komplekt-kapuuts-kapuor-nokamuts-korvasirmiga-2\\\/#primaryimage\",\"url\":\"https:\\\/\\\/armonti.eu\\\/wp-content\\\/uploads\\\/2026\\\/02\\\/img_3451.jpg\",\"contentUrl\":\"https:\\\/\\\/armonti.eu\\\/wp-content\\\/uploads\\\/2026\\\/02\\\/img_3451.jpg\",\"width\":825,\"height\":1100},{\"@type\":\"BreadcrumbList\",\"@id\":\"https:\\\/\\\/armonti.eu\\\/et\\\/toode\\\/naiste-komplekt-kapuuts-kapuor-nokamuts-korvasirmiga-2\\\/#breadcrumb\",\"itemListElement\":[{\"@type\":\"ListItem\",\"position\":1,\"name\":\"\u0413\u043b\u0430\u0432\u043d\u0430\u044f\",\"item\":\"https:\\\/\\\/armonti.eu\\\/\"},{\"@type\":\"ListItem\",\"position\":2,\"name\":\"Shop\",\"item\":\"https:\\\/\\\/armonti.eu\\\/et\\\/shop\\\/\"},{\"@type\":\"ListItem\",\"position\":3,\"name\":\"Naiste komplekt: kapuuts-kapuor + nokam\u00fcts (k\u00f5rvasirmiga)\"}]},{\"@type\":\"WebSite\",\"@id\":\"https:\\\/\\\/armonti.eu\\\/#website\",\"url\":\"https:\\\/\\\/armonti.eu\\\/\",\"name\":\"ARMONTI\",\"description\":\"\",\"publisher\":{\"@id\":\"https:\\\/\\\/armonti.eu\\\/#organization\"},\"alternateName\":\"\u0416\u0435\u043d\u0441\u043a\u0430\u044f \u0431\u0440\u0435\u043d\u0434\u043e\u0432\u0430\u044f \u043e\u0434\u0435\u0436\u0434\u0430\",\"potentialAction\":[{\"@type\":\"SearchAction\",\"target\":{\"@type\":\"EntryPoint\",\"urlTemplate\":\"https:\\\/\\\/armonti.eu\\\/?s={search_term_string}\"},\"query-input\":{\"@type\":\"PropertyValueSpecification\",\"valueRequired\":true,\"valueName\":\"search_term_string\"}}],\"inLanguage\":\"et\"},{\"@type\":\"Organization\",\"@id\":\"https:\\\/\\\/armonti.eu\\\/#organization\",\"name\":\"ARMONTI\",\"alternateName\":\"\u0416\u0435\u043d\u0441\u043a\u0430\u044f \u0431\u0440\u0435\u043d\u0434\u043e\u0432\u0430\u044f \u043e\u0434\u0435\u0436\u0434\u0430\",\"url\":\"https:\\\/\\\/armonti.eu\\\/\",\"logo\":{\"@type\":\"ImageObject\",\"inLanguage\":\"et\",\"@id\":\"https:\\\/\\\/armonti.eu\\\/#\\\/schema\\\/logo\\\/image\\\/\",\"url\":\"https:\\\/\\\/armonti.eu\\\/wp-content\\\/uploads\\\/2023\\\/05\\\/armonti-logo-white.png\",\"contentUrl\":\"https:\\\/\\\/armonti.eu\\\/wp-content\\\/uploads\\\/2023\\\/05\\\/armonti-logo-white.png\",\"width\":2165,\"height\":554,\"caption\":\"ARMONTI\"},\"image\":{\"@id\":\"https:\\\/\\\/armonti.eu\\\/#\\\/schema\\\/logo\\\/image\\\/\"}}]}<\/script>\n<!-- \/ Yoast SEO plugin. -->","yoast_head_json":{"title":"Naiste komplekt: kapuuts-kapuor + nokam\u00fcts (k\u00f5rvasirmiga) - \u041c\u0430\u0433\u0430\u0437\u0438\u043d \u043e\u0434\u0435\u0436\u0434\u044b ARMONTI","description":"Naiste komplekt: kapuuts-kapuor ja nokam\u00fcts (k\u00f5rvasirmiga) angoorast.Uskumatult pehme, kerge ja soe komplekt, mis loob elegantse ja tervikliku v\u00e4limuse k\u00fclma ilmaga.","robots":{"index":"index","follow":"follow","max-snippet":"max-snippet:-1","max-image-preview":"max-image-preview:large","max-video-preview":"max-video-preview:-1"},"canonical":"https:\/\/armonti.eu\/et\/toode\/naiste-komplekt-kapuuts-kapuor-nokamuts-korvasirmiga-2\/","og_locale":"et_EE","og_type":"article","og_title":"Naiste komplekt: kapuuts-kapuor + nokam\u00fcts (k\u00f5rvasirmiga) - \u041c\u0430\u0433\u0430\u0437\u0438\u043d \u043e\u0434\u0435\u0436\u0434\u044b ARMONTI","og_description":"Kootud talvine kapuuts-balaklava valges ja mustas v\u00e4rvitoonis. Topeltkudum. Osta soodsalt Tallinnas.","og_url":"https:\/\/armonti.eu\/et\/toode\/naiste-komplekt-kapuuts-kapuor-nokamuts-korvasirmiga-2\/","og_site_name":"\u041c\u0430\u0433\u0430\u0437\u0438\u043d \u043e\u0434\u0435\u0436\u0434\u044b ARMONTI","og_image":[{"width":825,"height":1100,"url":"https:\/\/armonti.eu\/wp-content\/uploads\/2026\/02\/img_3451.jpg","type":"image\/jpeg"}],"twitter_card":"summary_large_image","twitter_description":"Kootud talvine kapuuts-balaklava valges ja mustas v\u00e4rvitoonis. Topeltkudum. Osta soodsalt Tallinnas.","schema":{"@context":"https:\/\/schema.org","@graph":[{"@type":"WebPage","@id":"https:\/\/armonti.eu\/et\/toode\/naiste-komplekt-kapuuts-kapuor-nokamuts-korvasirmiga-2\/","url":"https:\/\/armonti.eu\/et\/toode\/naiste-komplekt-kapuuts-kapuor-nokamuts-korvasirmiga-2\/","name":"Naiste komplekt: kapuuts-kapuor + nokam\u00fcts (k\u00f5rvasirmiga) - \u041c\u0430\u0433\u0430\u0437\u0438\u043d \u043e\u0434\u0435\u0436\u0434\u044b ARMONTI","isPartOf":{"@id":"https:\/\/armonti.eu\/#website"},"primaryImageOfPage":{"@id":"https:\/\/armonti.eu\/et\/toode\/naiste-komplekt-kapuuts-kapuor-nokamuts-korvasirmiga-2\/#primaryimage"},"image":{"@id":"https:\/\/armonti.eu\/et\/toode\/naiste-komplekt-kapuuts-kapuor-nokamuts-korvasirmiga-2\/#primaryimage"},"thumbnailUrl":"https:\/\/armonti.eu\/wp-content\/uploads\/2026\/02\/img_3451.jpg","datePublished":"2026-02-03T19:51:46+00:00","description":"Naiste komplekt: kapuuts-kapuor ja nokam\u00fcts (k\u00f5rvasirmiga) angoorast.Uskumatult pehme, kerge ja soe komplekt, mis loob elegantse ja tervikliku v\u00e4limuse k\u00fclma ilmaga.","breadcrumb":{"@id":"https:\/\/armonti.eu\/et\/toode\/naiste-komplekt-kapuuts-kapuor-nokamuts-korvasirmiga-2\/#breadcrumb"},"inLanguage":"et","potentialAction":[{"@type":"ReadAction","target":["https:\/\/armonti.eu\/et\/toode\/naiste-komplekt-kapuuts-kapuor-nokamuts-korvasirmiga-2\/"]}]},{"@type":"ImageObject","inLanguage":"et","@id":"https:\/\/armonti.eu\/et\/toode\/naiste-komplekt-kapuuts-kapuor-nokamuts-korvasirmiga-2\/#primaryimage","url":"https:\/\/armonti.eu\/wp-content\/uploads\/2026\/02\/img_3451.jpg","contentUrl":"https:\/\/armonti.eu\/wp-content\/uploads\/2026\/02\/img_3451.jpg","width":825,"height":1100},{"@type":"BreadcrumbList","@id":"https:\/\/armonti.eu\/et\/toode\/naiste-komplekt-kapuuts-kapuor-nokamuts-korvasirmiga-2\/#breadcrumb","itemListElement":[{"@type":"ListItem","position":1,"name":"\u0413\u043b\u0430\u0432\u043d\u0430\u044f","item":"https:\/\/armonti.eu\/"},{"@type":"ListItem","position":2,"name":"Shop","item":"https:\/\/armonti.eu\/et\/shop\/"},{"@type":"ListItem","position":3,"name":"Naiste komplekt: kapuuts-kapuor + nokam\u00fcts (k\u00f5rvasirmiga)"}]},{"@type":"WebSite","@id":"https:\/\/armonti.eu\/#website","url":"https:\/\/armonti.eu\/","name":"ARMONTI","description":"","publisher":{"@id":"https:\/\/armonti.eu\/#organization"},"alternateName":"\u0416\u0435\u043d\u0441\u043a\u0430\u044f \u0431\u0440\u0435\u043d\u0434\u043e\u0432\u0430\u044f \u043e\u0434\u0435\u0436\u0434\u0430","potentialAction":[{"@type":"SearchAction","target":{"@type":"EntryPoint","urlTemplate":"https:\/\/armonti.eu\/?s={search_term_string}"},"query-input":{"@type":"PropertyValueSpecification","valueRequired":true,"valueName":"search_term_string"}}],"inLanguage":"et"},{"@type":"Organization","@id":"https:\/\/armonti.eu\/#organization","name":"ARMONTI","alternateName":"\u0416\u0435\u043d\u0441\u043a\u0430\u044f \u0431\u0440\u0435\u043d\u0434\u043e\u0432\u0430\u044f \u043e\u0434\u0435\u0436\u0434\u0430","url":"https:\/\/armonti.eu\/","logo":{"@type":"ImageObject","inLanguage":"et","@id":"https:\/\/armonti.eu\/#\/schema\/logo\/image\/","url":"https:\/\/armonti.eu\/wp-content\/uploads\/2023\/05\/armonti-logo-white.png","contentUrl":"https:\/\/armonti.eu\/wp-content\/uploads\/2023\/05\/armonti-logo-white.png","width":2165,"height":554,"caption":"ARMONTI"},"image":{"@id":"https:\/\/armonti.eu\/#\/schema\/logo\/image\/"}}]}},"_links":{"self":[{"href":"https:\/\/armonti.eu\/et\/wp-json\/wp\/v2\/product\/40974","targetHints":{"allow":["GET"]}}],"collection":[{"href":"https:\/\/armonti.eu\/et\/wp-json\/wp\/v2\/product"}],"about":[{"href":"https:\/\/armonti.eu\/et\/wp-json\/wp\/v2\/types\/product"}],"replies":[{"embeddable":true,"href":"https:\/\/armonti.eu\/et\/wp-json\/wp\/v2\/comments?post=40974"}],"wp:featuredmedia":[{"embeddable":true,"href":"https:\/\/armonti.eu\/et\/wp-json\/wp\/v2\/media\/34910"}],"wp:attachment":[{"href":"https:\/\/armonti.eu\/et\/wp-json\/wp\/v2\/media?parent=40974"}],"wp:term":[{"taxonomy":"product_brand","embeddable":true,"href":"https:\/\/armonti.eu\/et\/wp-json\/wp\/v2\/product_brand?post=40974"},{"taxonomy":"product_cat","embeddable":true,"href":"https:\/\/armonti.eu\/et\/wp-json\/wp\/v2\/product_cat?post=40974"},{"taxonomy":"product_tag","embeddable":true,"href":"https:\/\/armonti.eu\/et\/wp-json\/wp\/v2\/product_tag?post=40974"}],"curies":[{"name":"wp","href":"https:\/\/api.w.org\/{rel}","templated":true}]}}