{"id":40931,"date":"2023-12-14T13:32:58","date_gmt":"2023-12-14T10:32:58","guid":{"rendered":"https:\/\/armonti.eu\/product\/legginsy-uteplennye-s-plotnym-flisom\/"},"modified":"2023-12-14T13:32:58","modified_gmt":"2023-12-14T10:32:58","slug":"legginsy-uteplennye-s-plotnym-flisom","status":"publish","type":"product","link":"https:\/\/armonti.eu\/et\/toode\/legginsy-uteplennye-s-plotnym-flisom\/","title":{"rendered":"\u041b\u0435\u0433\u0433\u0438\u043d\u0441\u044b \u0443\u0442\u0435\u043f\u043b\u0435\u043d\u043d\u044b\u0435 \u0441 \u043f\u043b\u043e\u0442\u043d\u044b\u043c \u0444\u043b\u0438\u0441\u043e\u043c"},"content":{"rendered":"<p>Tihedast fliisist retuusid \u2014 ideaalne valik mugavaks ja stiilseks v\u00e4limuseks!<br \/>\nMeeldivast elastsest kangast valmistatud retuusid venivad h\u00e4sti ja tagavad liikumisvabaduse. Sees on pehme ja tihe fliis ning lai mugav v\u00e4rvel tagab kindla istuvuse ilma ebamugavuseta.<br \/>\nKangas ei kogu enda k\u00fclge midagi, mis teeb need ideaalseks igap\u00e4evaseks kandmiseks.<br \/>\nNautige soojust ja mugavust igal aastaajal!<\/p>\n<p>Toote m\u00f5\u00f5dud cm-des:<br \/>\nS\/M \u2013 v\u00f6\u00f6\u00fcmberm\u00f5\u00f5t kuni 82, puusa\u00fcmberm\u00f5\u00f5t 94\u2013100, pikkus 96<br \/>\nM\/L \u2013 v\u00f6\u00f6\u00fcmberm\u00f5\u00f5t kuni 90, puusa\u00fcmberm\u00f5\u00f5t 98\u2013107, pikkus 98<br \/>\nL\/XL \u2013 v\u00f6\u00f6\u00fcmberm\u00f5\u00f5t kuni 98, puusa\u00fcmberm\u00f5\u00f5t 105\u2013114, pikkus 100<br \/>\nXL\/2XL \u2013 v\u00f6\u00f6\u00fcmberm\u00f5\u00f5t kuni 106, puusa\u00fcmberm\u00f5\u00f5t 110\u2013120, pikkus 103<br \/>Kangas on v\u00e4ga pehme ja h\u00e4sti veniv!<\/p>\n<p>V\u00d6 \u2013 v\u00f6\u00f6\u00fcmberm\u00f5\u00f5t<br \/>\nPU \u2013 puusa\u00fcmberm\u00f5\u00f5t<\/p>\n<p>M\u00f5\u00f5tudes on lubatud 1\u20132 cm veam\u00e4\u00e4r, eriti trikoo- ja kudumtoodete puhul.<\/p>\n<p>Vastavad suurusele ja sobivad ka pikemale kasvule.<\/p>\n<p><strong>M\u00e4rkige tellimuse kommentaarides kindlasti oma m\u00f5\u00f5dud (puusa\u00fcmberm\u00f5\u00f5t, talje\u00fcmberm\u00f5\u00f5t ja pikkus) \u2014 see aitab meil t\u00e4psemalt valida \u00f5ige suuruse.<\/strong><\/p>\n<p>Tootekood: 313<\/p>\n","protected":false},"excerpt":{"rendered":"<p>Suurused: S\/M, M\/L, L\/XL, XL\/XXL<br \/>\nV\u00e4rv: must<br \/>\nToote pikkus: 96\u2013103 cm<br \/>\nKoostis: 80% pol\u00fcester, 20% elastaan<br \/>\nModellil suurus: S\/M<br \/>\nModelli pikkus ja suurus: 169 cm, S<\/p>\n","protected":false},"featured_media":15130,"comment_status":"open","ping_status":"closed","template":"","meta":[],"product_brand":[],"product_cat":[333,331,332,455],"product_tag":[],"class_list":{"0":"post-40931","1":"product","2":"type-product","3":"status-publish","4":"has-post-thumbnail","6":"product_cat-hity-prodazh-et","7":"product_cat-legginsy-et","8":"product_cat-rasprodazha-et","9":"product_cat-soojad-retuusid","11":"first","12":"instock","13":"sale","14":"shipping-taxable","15":"purchasable","16":"product-type-variable"},"yoast_head":"<!-- This site is optimized with the Yoast SEO plugin v27.4 - https:\/\/yoast.com\/product\/yoast-seo-wordpress\/ -->\n<title>\u041b\u0435\u0433\u0433\u0438\u043d\u0441\u044b \u0443\u0442\u0435\u043f\u043b\u0435\u043d\u043d\u044b\u0435 \u0441 \u043f\u043b\u043e\u0442\u043d\u044b\u043c \u0444\u043b\u0438\u0441\u043e\u043c - \u041c\u0430\u0433\u0430\u0437\u0438\u043d \u043e\u0434\u0435\u0436\u0434\u044b ARMONTI<\/title>\n<meta name=\"description\" content=\"Soojustatud retuusid tiheda fliisiga ja k\u00f5rge v\u00e4rvliga, venivad h\u00e4sti. \u00dche lameda \u00f5mblusega. Sobib kandmiseks l\u00fchikese d\u017eemperiga!\" \/>\n<meta name=\"robots\" content=\"index, follow, max-snippet:-1, max-image-preview:large, max-video-preview:-1\" \/>\n<link rel=\"canonical\" href=\"https:\/\/armonti.eu\/et\/toode\/legginsy-uteplennye-s-plotnym-flisom\/\" \/>\n<meta property=\"og:locale\" content=\"et_EE\" \/>\n<meta property=\"og:type\" content=\"article\" \/>\n<meta property=\"og:title\" content=\"\u041b\u0435\u0433\u0433\u0438\u043d\u0441\u044b \u0443\u0442\u0435\u043f\u043b\u0435\u043d\u043d\u044b\u0435 \u0441 \u043f\u043b\u043e\u0442\u043d\u044b\u043c \u0444\u043b\u0438\u0441\u043e\u043c - \u041c\u0430\u0433\u0430\u0437\u0438\u043d \u043e\u0434\u0435\u0436\u0434\u044b ARMONTI\" \/>\n<meta property=\"og:description\" content=\"Soojad retuusid tiheda pehme fliisvoodriga ja k\u00f5rge v\u00f6\u00f6kohaga. \u00dche lameda \u00f5mblusega. Sobib kandmiseks l\u00fchikese d\u017eemperiga!\" \/>\n<meta property=\"og:url\" content=\"https:\/\/armonti.eu\/et\/toode\/legginsy-uteplennye-s-plotnym-flisom\/\" \/>\n<meta property=\"og:site_name\" content=\"\u041c\u0430\u0433\u0430\u0437\u0438\u043d \u043e\u0434\u0435\u0436\u0434\u044b ARMONTI\" \/>\n<meta property=\"og:image\" content=\"https:\/\/armonti.eu\/wp-content\/uploads\/2023\/12\/img_6964.jpg\" \/>\n\t<meta property=\"og:image:width\" content=\"900\" \/>\n\t<meta property=\"og:image:height\" content=\"1200\" \/>\n\t<meta property=\"og:image:type\" content=\"image\/jpeg\" \/>\n<meta name=\"twitter:card\" content=\"summary_large_image\" \/>\n<meta name=\"twitter:title\" content=\"\u041b\u0435\u0433\u0433\u0438\u043d\u0441\u044b \u0443\u0442\u0435\u043f\u043b\u0435\u043d\u043d\u044b\u0435 \u0441 \u043f\u043b\u043e\u0442\u043d\u044b\u043c \u0444\u043b\u0438\u0441\u043e\u043c - \u041c\u0430\u0433\u0430\u0437\u0438\u043d \u043e\u0434\u0435\u0436\u0434\u044b ARMONTI\" \/>\n<meta name=\"twitter:description\" content=\"Soojad retuusid tiheda pehme fliisvoodriga ja k\u00f5rge v\u00f6\u00f6kohaga. \u00dche lameda \u00f5mblusega. Sobib kandmiseks l\u00fchikese d\u017eemperiga!\" \/>\n<meta name=\"twitter:label1\" content=\"Est. reading time\" \/>\n\t<meta name=\"twitter:data1\" content=\"1 minut\" \/>\n<script type=\"application\/ld+json\" class=\"yoast-schema-graph\">{\"@context\":\"https:\\\/\\\/schema.org\",\"@graph\":[{\"@type\":\"WebPage\",\"@id\":\"https:\\\/\\\/armonti.eu\\\/et\\\/toode\\\/legginsy-uteplennye-s-plotnym-flisom\\\/\",\"url\":\"https:\\\/\\\/armonti.eu\\\/et\\\/toode\\\/legginsy-uteplennye-s-plotnym-flisom\\\/\",\"name\":\"\u041b\u0435\u0433\u0433\u0438\u043d\u0441\u044b \u0443\u0442\u0435\u043f\u043b\u0435\u043d\u043d\u044b\u0435 \u0441 \u043f\u043b\u043e\u0442\u043d\u044b\u043c \u0444\u043b\u0438\u0441\u043e\u043c - \u041c\u0430\u0433\u0430\u0437\u0438\u043d \u043e\u0434\u0435\u0436\u0434\u044b ARMONTI\",\"isPartOf\":{\"@id\":\"https:\\\/\\\/armonti.eu\\\/#website\"},\"primaryImageOfPage\":{\"@id\":\"https:\\\/\\\/armonti.eu\\\/et\\\/toode\\\/legginsy-uteplennye-s-plotnym-flisom\\\/#primaryimage\"},\"image\":{\"@id\":\"https:\\\/\\\/armonti.eu\\\/et\\\/toode\\\/legginsy-uteplennye-s-plotnym-flisom\\\/#primaryimage\"},\"thumbnailUrl\":\"https:\\\/\\\/armonti.eu\\\/wp-content\\\/uploads\\\/2023\\\/12\\\/img_6964.jpg\",\"datePublished\":\"2023-12-14T10:32:58+00:00\",\"description\":\"Soojustatud retuusid tiheda fliisiga ja k\u00f5rge v\u00e4rvliga, venivad h\u00e4sti. \u00dche lameda \u00f5mblusega. Sobib kandmiseks l\u00fchikese d\u017eemperiga!\",\"breadcrumb\":{\"@id\":\"https:\\\/\\\/armonti.eu\\\/et\\\/toode\\\/legginsy-uteplennye-s-plotnym-flisom\\\/#breadcrumb\"},\"inLanguage\":\"et\",\"potentialAction\":[{\"@type\":\"ReadAction\",\"target\":[\"https:\\\/\\\/armonti.eu\\\/et\\\/toode\\\/legginsy-uteplennye-s-plotnym-flisom\\\/\"]}]},{\"@type\":\"ImageObject\",\"inLanguage\":\"et\",\"@id\":\"https:\\\/\\\/armonti.eu\\\/et\\\/toode\\\/legginsy-uteplennye-s-plotnym-flisom\\\/#primaryimage\",\"url\":\"https:\\\/\\\/armonti.eu\\\/wp-content\\\/uploads\\\/2023\\\/12\\\/img_6964.jpg\",\"contentUrl\":\"https:\\\/\\\/armonti.eu\\\/wp-content\\\/uploads\\\/2023\\\/12\\\/img_6964.jpg\",\"width\":900,\"height\":1200},{\"@type\":\"BreadcrumbList\",\"@id\":\"https:\\\/\\\/armonti.eu\\\/et\\\/toode\\\/legginsy-uteplennye-s-plotnym-flisom\\\/#breadcrumb\",\"itemListElement\":[{\"@type\":\"ListItem\",\"position\":1,\"name\":\"\u0413\u043b\u0430\u0432\u043d\u0430\u044f\",\"item\":\"https:\\\/\\\/armonti.eu\\\/\"},{\"@type\":\"ListItem\",\"position\":2,\"name\":\"Shop\",\"item\":\"https:\\\/\\\/armonti.eu\\\/et\\\/shop\\\/\"},{\"@type\":\"ListItem\",\"position\":3,\"name\":\"\u041b\u0435\u0433\u0433\u0438\u043d\u0441\u044b \u0443\u0442\u0435\u043f\u043b\u0435\u043d\u043d\u044b\u0435 \u0441 \u043f\u043b\u043e\u0442\u043d\u044b\u043c \u0444\u043b\u0438\u0441\u043e\u043c\"}]},{\"@type\":\"WebSite\",\"@id\":\"https:\\\/\\\/armonti.eu\\\/#website\",\"url\":\"https:\\\/\\\/armonti.eu\\\/\",\"name\":\"ARMONTI\",\"description\":\"\",\"publisher\":{\"@id\":\"https:\\\/\\\/armonti.eu\\\/#organization\"},\"alternateName\":\"\u0416\u0435\u043d\u0441\u043a\u0430\u044f \u0431\u0440\u0435\u043d\u0434\u043e\u0432\u0430\u044f \u043e\u0434\u0435\u0436\u0434\u0430\",\"potentialAction\":[{\"@type\":\"SearchAction\",\"target\":{\"@type\":\"EntryPoint\",\"urlTemplate\":\"https:\\\/\\\/armonti.eu\\\/?s={search_term_string}\"},\"query-input\":{\"@type\":\"PropertyValueSpecification\",\"valueRequired\":true,\"valueName\":\"search_term_string\"}}],\"inLanguage\":\"et\"},{\"@type\":\"Organization\",\"@id\":\"https:\\\/\\\/armonti.eu\\\/#organization\",\"name\":\"ARMONTI\",\"alternateName\":\"\u0416\u0435\u043d\u0441\u043a\u0430\u044f \u0431\u0440\u0435\u043d\u0434\u043e\u0432\u0430\u044f \u043e\u0434\u0435\u0436\u0434\u0430\",\"url\":\"https:\\\/\\\/armonti.eu\\\/\",\"logo\":{\"@type\":\"ImageObject\",\"inLanguage\":\"et\",\"@id\":\"https:\\\/\\\/armonti.eu\\\/#\\\/schema\\\/logo\\\/image\\\/\",\"url\":\"https:\\\/\\\/armonti.eu\\\/wp-content\\\/uploads\\\/2023\\\/05\\\/armonti-logo-white.png\",\"contentUrl\":\"https:\\\/\\\/armonti.eu\\\/wp-content\\\/uploads\\\/2023\\\/05\\\/armonti-logo-white.png\",\"width\":2165,\"height\":554,\"caption\":\"ARMONTI\"},\"image\":{\"@id\":\"https:\\\/\\\/armonti.eu\\\/#\\\/schema\\\/logo\\\/image\\\/\"}}]}<\/script>\n<!-- \/ Yoast SEO plugin. -->","yoast_head_json":{"title":"\u041b\u0435\u0433\u0433\u0438\u043d\u0441\u044b \u0443\u0442\u0435\u043f\u043b\u0435\u043d\u043d\u044b\u0435 \u0441 \u043f\u043b\u043e\u0442\u043d\u044b\u043c \u0444\u043b\u0438\u0441\u043e\u043c - \u041c\u0430\u0433\u0430\u0437\u0438\u043d \u043e\u0434\u0435\u0436\u0434\u044b ARMONTI","description":"Soojustatud retuusid tiheda fliisiga ja k\u00f5rge v\u00e4rvliga, venivad h\u00e4sti. \u00dche lameda \u00f5mblusega. Sobib kandmiseks l\u00fchikese d\u017eemperiga!","robots":{"index":"index","follow":"follow","max-snippet":"max-snippet:-1","max-image-preview":"max-image-preview:large","max-video-preview":"max-video-preview:-1"},"canonical":"https:\/\/armonti.eu\/et\/toode\/legginsy-uteplennye-s-plotnym-flisom\/","og_locale":"et_EE","og_type":"article","og_title":"\u041b\u0435\u0433\u0433\u0438\u043d\u0441\u044b \u0443\u0442\u0435\u043f\u043b\u0435\u043d\u043d\u044b\u0435 \u0441 \u043f\u043b\u043e\u0442\u043d\u044b\u043c \u0444\u043b\u0438\u0441\u043e\u043c - \u041c\u0430\u0433\u0430\u0437\u0438\u043d \u043e\u0434\u0435\u0436\u0434\u044b ARMONTI","og_description":"Soojad retuusid tiheda pehme fliisvoodriga ja k\u00f5rge v\u00f6\u00f6kohaga. \u00dche lameda \u00f5mblusega. Sobib kandmiseks l\u00fchikese d\u017eemperiga!","og_url":"https:\/\/armonti.eu\/et\/toode\/legginsy-uteplennye-s-plotnym-flisom\/","og_site_name":"\u041c\u0430\u0433\u0430\u0437\u0438\u043d \u043e\u0434\u0435\u0436\u0434\u044b ARMONTI","og_image":[{"width":900,"height":1200,"url":"https:\/\/armonti.eu\/wp-content\/uploads\/2023\/12\/img_6964.jpg","type":"image\/jpeg"}],"twitter_card":"summary_large_image","twitter_title":"\u041b\u0435\u0433\u0433\u0438\u043d\u0441\u044b \u0443\u0442\u0435\u043f\u043b\u0435\u043d\u043d\u044b\u0435 \u0441 \u043f\u043b\u043e\u0442\u043d\u044b\u043c \u0444\u043b\u0438\u0441\u043e\u043c - \u041c\u0430\u0433\u0430\u0437\u0438\u043d \u043e\u0434\u0435\u0436\u0434\u044b ARMONTI","twitter_description":"Soojad retuusid tiheda pehme fliisvoodriga ja k\u00f5rge v\u00f6\u00f6kohaga. \u00dche lameda \u00f5mblusega. Sobib kandmiseks l\u00fchikese d\u017eemperiga!","twitter_misc":{"Est. reading time":"1 minut"},"schema":{"@context":"https:\/\/schema.org","@graph":[{"@type":"WebPage","@id":"https:\/\/armonti.eu\/et\/toode\/legginsy-uteplennye-s-plotnym-flisom\/","url":"https:\/\/armonti.eu\/et\/toode\/legginsy-uteplennye-s-plotnym-flisom\/","name":"\u041b\u0435\u0433\u0433\u0438\u043d\u0441\u044b \u0443\u0442\u0435\u043f\u043b\u0435\u043d\u043d\u044b\u0435 \u0441 \u043f\u043b\u043e\u0442\u043d\u044b\u043c \u0444\u043b\u0438\u0441\u043e\u043c - \u041c\u0430\u0433\u0430\u0437\u0438\u043d \u043e\u0434\u0435\u0436\u0434\u044b ARMONTI","isPartOf":{"@id":"https:\/\/armonti.eu\/#website"},"primaryImageOfPage":{"@id":"https:\/\/armonti.eu\/et\/toode\/legginsy-uteplennye-s-plotnym-flisom\/#primaryimage"},"image":{"@id":"https:\/\/armonti.eu\/et\/toode\/legginsy-uteplennye-s-plotnym-flisom\/#primaryimage"},"thumbnailUrl":"https:\/\/armonti.eu\/wp-content\/uploads\/2023\/12\/img_6964.jpg","datePublished":"2023-12-14T10:32:58+00:00","description":"Soojustatud retuusid tiheda fliisiga ja k\u00f5rge v\u00e4rvliga, venivad h\u00e4sti. \u00dche lameda \u00f5mblusega. Sobib kandmiseks l\u00fchikese d\u017eemperiga!","breadcrumb":{"@id":"https:\/\/armonti.eu\/et\/toode\/legginsy-uteplennye-s-plotnym-flisom\/#breadcrumb"},"inLanguage":"et","potentialAction":[{"@type":"ReadAction","target":["https:\/\/armonti.eu\/et\/toode\/legginsy-uteplennye-s-plotnym-flisom\/"]}]},{"@type":"ImageObject","inLanguage":"et","@id":"https:\/\/armonti.eu\/et\/toode\/legginsy-uteplennye-s-plotnym-flisom\/#primaryimage","url":"https:\/\/armonti.eu\/wp-content\/uploads\/2023\/12\/img_6964.jpg","contentUrl":"https:\/\/armonti.eu\/wp-content\/uploads\/2023\/12\/img_6964.jpg","width":900,"height":1200},{"@type":"BreadcrumbList","@id":"https:\/\/armonti.eu\/et\/toode\/legginsy-uteplennye-s-plotnym-flisom\/#breadcrumb","itemListElement":[{"@type":"ListItem","position":1,"name":"\u0413\u043b\u0430\u0432\u043d\u0430\u044f","item":"https:\/\/armonti.eu\/"},{"@type":"ListItem","position":2,"name":"Shop","item":"https:\/\/armonti.eu\/et\/shop\/"},{"@type":"ListItem","position":3,"name":"\u041b\u0435\u0433\u0433\u0438\u043d\u0441\u044b \u0443\u0442\u0435\u043f\u043b\u0435\u043d\u043d\u044b\u0435 \u0441 \u043f\u043b\u043e\u0442\u043d\u044b\u043c \u0444\u043b\u0438\u0441\u043e\u043c"}]},{"@type":"WebSite","@id":"https:\/\/armonti.eu\/#website","url":"https:\/\/armonti.eu\/","name":"ARMONTI","description":"","publisher":{"@id":"https:\/\/armonti.eu\/#organization"},"alternateName":"\u0416\u0435\u043d\u0441\u043a\u0430\u044f \u0431\u0440\u0435\u043d\u0434\u043e\u0432\u0430\u044f \u043e\u0434\u0435\u0436\u0434\u0430","potentialAction":[{"@type":"SearchAction","target":{"@type":"EntryPoint","urlTemplate":"https:\/\/armonti.eu\/?s={search_term_string}"},"query-input":{"@type":"PropertyValueSpecification","valueRequired":true,"valueName":"search_term_string"}}],"inLanguage":"et"},{"@type":"Organization","@id":"https:\/\/armonti.eu\/#organization","name":"ARMONTI","alternateName":"\u0416\u0435\u043d\u0441\u043a\u0430\u044f \u0431\u0440\u0435\u043d\u0434\u043e\u0432\u0430\u044f \u043e\u0434\u0435\u0436\u0434\u0430","url":"https:\/\/armonti.eu\/","logo":{"@type":"ImageObject","inLanguage":"et","@id":"https:\/\/armonti.eu\/#\/schema\/logo\/image\/","url":"https:\/\/armonti.eu\/wp-content\/uploads\/2023\/05\/armonti-logo-white.png","contentUrl":"https:\/\/armonti.eu\/wp-content\/uploads\/2023\/05\/armonti-logo-white.png","width":2165,"height":554,"caption":"ARMONTI"},"image":{"@id":"https:\/\/armonti.eu\/#\/schema\/logo\/image\/"}}]}},"_links":{"self":[{"href":"https:\/\/armonti.eu\/et\/wp-json\/wp\/v2\/product\/40931","targetHints":{"allow":["GET"]}}],"collection":[{"href":"https:\/\/armonti.eu\/et\/wp-json\/wp\/v2\/product"}],"about":[{"href":"https:\/\/armonti.eu\/et\/wp-json\/wp\/v2\/types\/product"}],"replies":[{"embeddable":true,"href":"https:\/\/armonti.eu\/et\/wp-json\/wp\/v2\/comments?post=40931"}],"wp:featuredmedia":[{"embeddable":true,"href":"https:\/\/armonti.eu\/et\/wp-json\/wp\/v2\/media\/15130"}],"wp:attachment":[{"href":"https:\/\/armonti.eu\/et\/wp-json\/wp\/v2\/media?parent=40931"}],"wp:term":[{"taxonomy":"product_brand","embeddable":true,"href":"https:\/\/armonti.eu\/et\/wp-json\/wp\/v2\/product_brand?post=40931"},{"taxonomy":"product_cat","embeddable":true,"href":"https:\/\/armonti.eu\/et\/wp-json\/wp\/v2\/product_cat?post=40931"},{"taxonomy":"product_tag","embeddable":true,"href":"https:\/\/armonti.eu\/et\/wp-json\/wp\/v2\/product_tag?post=40931"}],"curies":[{"name":"wp","href":"https:\/\/api.w.org\/{rel}","templated":true}]}}