{"id":40928,"date":"2024-01-21T00:26:38","date_gmt":"2024-01-20T21:26:38","guid":{"rendered":"https:\/\/armonti.eu\/product\/kaamelivillase-karvase-voodriga-termoretuusid\/"},"modified":"2026-04-20T21:32:44","modified_gmt":"2026-04-20T18:32:44","slug":"kaamelivillase-karvase-voodriga-termoretuusid","status":"publish","type":"product","link":"https:\/\/armonti.eu\/et\/toode\/kaamelivillase-karvase-voodriga-termoretuusid\/","title":{"rendered":"Kaamelivillase karvase voodriga termoretuusid"},"content":{"rendered":"<p>Tihedad soojad kaamelivillase karvase voodriga termoretuusid.<br \/>\nTellimuse m\u00e4rkustes kirjutage kindlasti oma m\u00f5\u00f5dud (puusa- ja v\u00f6\u00f6\u00fcmberm\u00f5\u00f5t ning pikkus), see aitab valida t\u00e4psema sobiva suuruse.<br \/>\nV\u00e4limuse l\u00f5petamiseks soovitame tutvuda meie d\u017eemprite ja tuunikate valikuga.<br \/>Tootekood 964<\/p>\n","protected":false},"excerpt":{"rendered":"<p>Suurused: S\/M, L\/XL<br \/>\nIstuvad tihedalt, ei vaju alla<br \/>\nK\u00f5rge v\u00f6\u00f6koht, \u00fcks \u00f5mblus<br \/>\nModellil seljas suurus: S\/M<br \/>\nModelli pikkus ja suurus: 168 cm, XS<br \/>\nPikkus: S\/M 96 cm, L\/XL 102 cm<br \/>\nKoostis: kaamelivill 36%, puuvill 39%, pol\u00fcamiid 9%, elastaan 6%<br \/>\nHooldus: pleegitamine keelatud, \u00f5rn pesu 30\u00b0<\/p>\n","protected":false},"featured_media":15489,"comment_status":"open","ping_status":"closed","template":"","meta":[],"product_brand":[],"product_cat":[333,331,455],"product_tag":[],"class_list":{"0":"post-40928","1":"product","2":"type-product","3":"status-publish","4":"has-post-thumbnail","6":"product_cat-hity-prodazh-et","7":"product_cat-legginsy-et","8":"product_cat-soojad-retuusid","10":"first","11":"instock","12":"shipping-taxable","13":"purchasable","14":"product-type-variable"},"yoast_head":"<!-- This site is optimized with the Yoast SEO plugin v27.4 - https:\/\/yoast.com\/product\/yoast-seo-wordpress\/ -->\n<title>Kaamelivillase karvase voodriga termoretuusid - \u041c\u0430\u0433\u0430\u0437\u0438\u043d \u043e\u0434\u0435\u0436\u0434\u044b ARMONTI<\/title>\n<meta name=\"description\" content=\"Soojad retuusid tiheda pehme fliisvoodriga ja k\u00f5rge v\u00f6\u00f6kohaga. \u00dche lameda \u00f5mblusega. Sobib kandmiseks l\u00fchikese d\u017eemperiga!\" \/>\n<meta name=\"robots\" content=\"index, follow, max-snippet:-1, max-image-preview:large, max-video-preview:-1\" \/>\n<link rel=\"canonical\" href=\"https:\/\/armonti.eu\/et\/toode\/kaamelivillase-karvase-voodriga-termoretuusid\/\" \/>\n<meta property=\"og:locale\" content=\"et_EE\" \/>\n<meta property=\"og:type\" content=\"article\" \/>\n<meta property=\"og:title\" content=\"Kaamelivillase karvase voodriga termoretuusid - \u041c\u0430\u0433\u0430\u0437\u0438\u043d \u043e\u0434\u0435\u0436\u0434\u044b ARMONTI\" \/>\n<meta property=\"og:description\" content=\"Soojad retuusid tiheda pehme fliisvoodriga ja k\u00f5rge v\u00f6\u00f6kohaga. \u00dche lameda \u00f5mblusega. Sobib kandmiseks l\u00fchikese d\u017eemperiga!\" \/>\n<meta property=\"og:url\" content=\"https:\/\/armonti.eu\/et\/toode\/kaamelivillase-karvase-voodriga-termoretuusid\/\" \/>\n<meta property=\"og:site_name\" content=\"\u041c\u0430\u0433\u0430\u0437\u0438\u043d \u043e\u0434\u0435\u0436\u0434\u044b ARMONTI\" \/>\n<meta property=\"article:modified_time\" content=\"2026-04-20T18:32:44+00:00\" \/>\n<meta property=\"og:image\" content=\"https:\/\/armonti.eu\/wp-content\/uploads\/2024\/01\/img_0207.jpg\" \/>\n\t<meta property=\"og:image:width\" content=\"750\" \/>\n\t<meta property=\"og:image:height\" content=\"1000\" \/>\n\t<meta property=\"og:image:type\" content=\"image\/jpeg\" \/>\n<meta name=\"twitter:card\" content=\"summary_large_image\" \/>\n<meta name=\"twitter:title\" content=\"Kaamelivillase karvase voodriga termoretuusid - \u041c\u0430\u0433\u0430\u0437\u0438\u043d \u043e\u0434\u0435\u0436\u0434\u044b ARMONTI\" \/>\n<meta name=\"twitter:description\" content=\"Soojad retuusid tiheda pehme fliisvoodriga ja k\u00f5rge v\u00f6\u00f6kohaga. \u00dche lameda \u00f5mblusega. Sobib kandmiseks l\u00fchikese d\u017eemperiga!\" \/>\n<script type=\"application\/ld+json\" class=\"yoast-schema-graph\">{\"@context\":\"https:\\\/\\\/schema.org\",\"@graph\":[{\"@type\":\"WebPage\",\"@id\":\"https:\\\/\\\/armonti.eu\\\/et\\\/toode\\\/kaamelivillase-karvase-voodriga-termoretuusid\\\/\",\"url\":\"https:\\\/\\\/armonti.eu\\\/et\\\/toode\\\/kaamelivillase-karvase-voodriga-termoretuusid\\\/\",\"name\":\"Kaamelivillase karvase voodriga termoretuusid - \u041c\u0430\u0433\u0430\u0437\u0438\u043d \u043e\u0434\u0435\u0436\u0434\u044b ARMONTI\",\"isPartOf\":{\"@id\":\"https:\\\/\\\/armonti.eu\\\/#website\"},\"primaryImageOfPage\":{\"@id\":\"https:\\\/\\\/armonti.eu\\\/et\\\/toode\\\/kaamelivillase-karvase-voodriga-termoretuusid\\\/#primaryimage\"},\"image\":{\"@id\":\"https:\\\/\\\/armonti.eu\\\/et\\\/toode\\\/kaamelivillase-karvase-voodriga-termoretuusid\\\/#primaryimage\"},\"thumbnailUrl\":\"https:\\\/\\\/armonti.eu\\\/wp-content\\\/uploads\\\/2024\\\/01\\\/img_0207.jpg\",\"datePublished\":\"2024-01-20T21:26:38+00:00\",\"dateModified\":\"2026-04-20T18:32:44+00:00\",\"description\":\"Soojad retuusid tiheda pehme fliisvoodriga ja k\u00f5rge v\u00f6\u00f6kohaga. \u00dche lameda \u00f5mblusega. Sobib kandmiseks l\u00fchikese d\u017eemperiga!\",\"breadcrumb\":{\"@id\":\"https:\\\/\\\/armonti.eu\\\/et\\\/toode\\\/kaamelivillase-karvase-voodriga-termoretuusid\\\/#breadcrumb\"},\"inLanguage\":\"et\",\"potentialAction\":[{\"@type\":\"ReadAction\",\"target\":[\"https:\\\/\\\/armonti.eu\\\/et\\\/toode\\\/kaamelivillase-karvase-voodriga-termoretuusid\\\/\"]}]},{\"@type\":\"ImageObject\",\"inLanguage\":\"et\",\"@id\":\"https:\\\/\\\/armonti.eu\\\/et\\\/toode\\\/kaamelivillase-karvase-voodriga-termoretuusid\\\/#primaryimage\",\"url\":\"https:\\\/\\\/armonti.eu\\\/wp-content\\\/uploads\\\/2024\\\/01\\\/img_0207.jpg\",\"contentUrl\":\"https:\\\/\\\/armonti.eu\\\/wp-content\\\/uploads\\\/2024\\\/01\\\/img_0207.jpg\",\"width\":750,\"height\":1000},{\"@type\":\"BreadcrumbList\",\"@id\":\"https:\\\/\\\/armonti.eu\\\/et\\\/toode\\\/kaamelivillase-karvase-voodriga-termoretuusid\\\/#breadcrumb\",\"itemListElement\":[{\"@type\":\"ListItem\",\"position\":1,\"name\":\"\u0413\u043b\u0430\u0432\u043d\u0430\u044f\",\"item\":\"https:\\\/\\\/armonti.eu\\\/\"},{\"@type\":\"ListItem\",\"position\":2,\"name\":\"Shop\",\"item\":\"https:\\\/\\\/armonti.eu\\\/et\\\/shop\\\/\"},{\"@type\":\"ListItem\",\"position\":3,\"name\":\"Kaamelivillase karvase voodriga termoretuusid\"}]},{\"@type\":\"WebSite\",\"@id\":\"https:\\\/\\\/armonti.eu\\\/#website\",\"url\":\"https:\\\/\\\/armonti.eu\\\/\",\"name\":\"ARMONTI\",\"description\":\"\",\"publisher\":{\"@id\":\"https:\\\/\\\/armonti.eu\\\/#organization\"},\"alternateName\":\"\u0416\u0435\u043d\u0441\u043a\u0430\u044f \u0431\u0440\u0435\u043d\u0434\u043e\u0432\u0430\u044f \u043e\u0434\u0435\u0436\u0434\u0430\",\"potentialAction\":[{\"@type\":\"SearchAction\",\"target\":{\"@type\":\"EntryPoint\",\"urlTemplate\":\"https:\\\/\\\/armonti.eu\\\/?s={search_term_string}\"},\"query-input\":{\"@type\":\"PropertyValueSpecification\",\"valueRequired\":true,\"valueName\":\"search_term_string\"}}],\"inLanguage\":\"et\"},{\"@type\":\"Organization\",\"@id\":\"https:\\\/\\\/armonti.eu\\\/#organization\",\"name\":\"ARMONTI\",\"alternateName\":\"\u0416\u0435\u043d\u0441\u043a\u0430\u044f \u0431\u0440\u0435\u043d\u0434\u043e\u0432\u0430\u044f \u043e\u0434\u0435\u0436\u0434\u0430\",\"url\":\"https:\\\/\\\/armonti.eu\\\/\",\"logo\":{\"@type\":\"ImageObject\",\"inLanguage\":\"et\",\"@id\":\"https:\\\/\\\/armonti.eu\\\/#\\\/schema\\\/logo\\\/image\\\/\",\"url\":\"https:\\\/\\\/armonti.eu\\\/wp-content\\\/uploads\\\/2023\\\/05\\\/armonti-logo-white.png\",\"contentUrl\":\"https:\\\/\\\/armonti.eu\\\/wp-content\\\/uploads\\\/2023\\\/05\\\/armonti-logo-white.png\",\"width\":2165,\"height\":554,\"caption\":\"ARMONTI\"},\"image\":{\"@id\":\"https:\\\/\\\/armonti.eu\\\/#\\\/schema\\\/logo\\\/image\\\/\"}}]}<\/script>\n<!-- \/ Yoast SEO plugin. -->","yoast_head_json":{"title":"Kaamelivillase karvase voodriga termoretuusid - \u041c\u0430\u0433\u0430\u0437\u0438\u043d \u043e\u0434\u0435\u0436\u0434\u044b ARMONTI","description":"Soojad retuusid tiheda pehme fliisvoodriga ja k\u00f5rge v\u00f6\u00f6kohaga. \u00dche lameda \u00f5mblusega. Sobib kandmiseks l\u00fchikese d\u017eemperiga!","robots":{"index":"index","follow":"follow","max-snippet":"max-snippet:-1","max-image-preview":"max-image-preview:large","max-video-preview":"max-video-preview:-1"},"canonical":"https:\/\/armonti.eu\/et\/toode\/kaamelivillase-karvase-voodriga-termoretuusid\/","og_locale":"et_EE","og_type":"article","og_title":"Kaamelivillase karvase voodriga termoretuusid - \u041c\u0430\u0433\u0430\u0437\u0438\u043d \u043e\u0434\u0435\u0436\u0434\u044b ARMONTI","og_description":"Soojad retuusid tiheda pehme fliisvoodriga ja k\u00f5rge v\u00f6\u00f6kohaga. \u00dche lameda \u00f5mblusega. Sobib kandmiseks l\u00fchikese d\u017eemperiga!","og_url":"https:\/\/armonti.eu\/et\/toode\/kaamelivillase-karvase-voodriga-termoretuusid\/","og_site_name":"\u041c\u0430\u0433\u0430\u0437\u0438\u043d \u043e\u0434\u0435\u0436\u0434\u044b ARMONTI","article_modified_time":"2026-04-20T18:32:44+00:00","og_image":[{"width":750,"height":1000,"url":"https:\/\/armonti.eu\/wp-content\/uploads\/2024\/01\/img_0207.jpg","type":"image\/jpeg"}],"twitter_card":"summary_large_image","twitter_title":"Kaamelivillase karvase voodriga termoretuusid - \u041c\u0430\u0433\u0430\u0437\u0438\u043d \u043e\u0434\u0435\u0436\u0434\u044b ARMONTI","twitter_description":"Soojad retuusid tiheda pehme fliisvoodriga ja k\u00f5rge v\u00f6\u00f6kohaga. \u00dche lameda \u00f5mblusega. Sobib kandmiseks l\u00fchikese d\u017eemperiga!","schema":{"@context":"https:\/\/schema.org","@graph":[{"@type":"WebPage","@id":"https:\/\/armonti.eu\/et\/toode\/kaamelivillase-karvase-voodriga-termoretuusid\/","url":"https:\/\/armonti.eu\/et\/toode\/kaamelivillase-karvase-voodriga-termoretuusid\/","name":"Kaamelivillase karvase voodriga termoretuusid - \u041c\u0430\u0433\u0430\u0437\u0438\u043d \u043e\u0434\u0435\u0436\u0434\u044b ARMONTI","isPartOf":{"@id":"https:\/\/armonti.eu\/#website"},"primaryImageOfPage":{"@id":"https:\/\/armonti.eu\/et\/toode\/kaamelivillase-karvase-voodriga-termoretuusid\/#primaryimage"},"image":{"@id":"https:\/\/armonti.eu\/et\/toode\/kaamelivillase-karvase-voodriga-termoretuusid\/#primaryimage"},"thumbnailUrl":"https:\/\/armonti.eu\/wp-content\/uploads\/2024\/01\/img_0207.jpg","datePublished":"2024-01-20T21:26:38+00:00","dateModified":"2026-04-20T18:32:44+00:00","description":"Soojad retuusid tiheda pehme fliisvoodriga ja k\u00f5rge v\u00f6\u00f6kohaga. \u00dche lameda \u00f5mblusega. Sobib kandmiseks l\u00fchikese d\u017eemperiga!","breadcrumb":{"@id":"https:\/\/armonti.eu\/et\/toode\/kaamelivillase-karvase-voodriga-termoretuusid\/#breadcrumb"},"inLanguage":"et","potentialAction":[{"@type":"ReadAction","target":["https:\/\/armonti.eu\/et\/toode\/kaamelivillase-karvase-voodriga-termoretuusid\/"]}]},{"@type":"ImageObject","inLanguage":"et","@id":"https:\/\/armonti.eu\/et\/toode\/kaamelivillase-karvase-voodriga-termoretuusid\/#primaryimage","url":"https:\/\/armonti.eu\/wp-content\/uploads\/2024\/01\/img_0207.jpg","contentUrl":"https:\/\/armonti.eu\/wp-content\/uploads\/2024\/01\/img_0207.jpg","width":750,"height":1000},{"@type":"BreadcrumbList","@id":"https:\/\/armonti.eu\/et\/toode\/kaamelivillase-karvase-voodriga-termoretuusid\/#breadcrumb","itemListElement":[{"@type":"ListItem","position":1,"name":"\u0413\u043b\u0430\u0432\u043d\u0430\u044f","item":"https:\/\/armonti.eu\/"},{"@type":"ListItem","position":2,"name":"Shop","item":"https:\/\/armonti.eu\/et\/shop\/"},{"@type":"ListItem","position":3,"name":"Kaamelivillase karvase voodriga termoretuusid"}]},{"@type":"WebSite","@id":"https:\/\/armonti.eu\/#website","url":"https:\/\/armonti.eu\/","name":"ARMONTI","description":"","publisher":{"@id":"https:\/\/armonti.eu\/#organization"},"alternateName":"\u0416\u0435\u043d\u0441\u043a\u0430\u044f \u0431\u0440\u0435\u043d\u0434\u043e\u0432\u0430\u044f \u043e\u0434\u0435\u0436\u0434\u0430","potentialAction":[{"@type":"SearchAction","target":{"@type":"EntryPoint","urlTemplate":"https:\/\/armonti.eu\/?s={search_term_string}"},"query-input":{"@type":"PropertyValueSpecification","valueRequired":true,"valueName":"search_term_string"}}],"inLanguage":"et"},{"@type":"Organization","@id":"https:\/\/armonti.eu\/#organization","name":"ARMONTI","alternateName":"\u0416\u0435\u043d\u0441\u043a\u0430\u044f \u0431\u0440\u0435\u043d\u0434\u043e\u0432\u0430\u044f \u043e\u0434\u0435\u0436\u0434\u0430","url":"https:\/\/armonti.eu\/","logo":{"@type":"ImageObject","inLanguage":"et","@id":"https:\/\/armonti.eu\/#\/schema\/logo\/image\/","url":"https:\/\/armonti.eu\/wp-content\/uploads\/2023\/05\/armonti-logo-white.png","contentUrl":"https:\/\/armonti.eu\/wp-content\/uploads\/2023\/05\/armonti-logo-white.png","width":2165,"height":554,"caption":"ARMONTI"},"image":{"@id":"https:\/\/armonti.eu\/#\/schema\/logo\/image\/"}}]}},"_links":{"self":[{"href":"https:\/\/armonti.eu\/et\/wp-json\/wp\/v2\/product\/40928","targetHints":{"allow":["GET"]}}],"collection":[{"href":"https:\/\/armonti.eu\/et\/wp-json\/wp\/v2\/product"}],"about":[{"href":"https:\/\/armonti.eu\/et\/wp-json\/wp\/v2\/types\/product"}],"replies":[{"embeddable":true,"href":"https:\/\/armonti.eu\/et\/wp-json\/wp\/v2\/comments?post=40928"}],"wp:featuredmedia":[{"embeddable":true,"href":"https:\/\/armonti.eu\/et\/wp-json\/wp\/v2\/media\/15489"}],"wp:attachment":[{"href":"https:\/\/armonti.eu\/et\/wp-json\/wp\/v2\/media?parent=40928"}],"wp:term":[{"taxonomy":"product_brand","embeddable":true,"href":"https:\/\/armonti.eu\/et\/wp-json\/wp\/v2\/product_brand?post=40928"},{"taxonomy":"product_cat","embeddable":true,"href":"https:\/\/armonti.eu\/et\/wp-json\/wp\/v2\/product_cat?post=40928"},{"taxonomy":"product_tag","embeddable":true,"href":"https:\/\/armonti.eu\/et\/wp-json\/wp\/v2\/product_tag?post=40928"}],"curies":[{"name":"wp","href":"https:\/\/api.w.org\/{rel}","templated":true}]}}