{"id":40916,"date":"2024-02-14T01:40:35","date_gmt":"2024-02-13T22:40:35","guid":{"rendered":"https:\/\/armonti.eu\/product\/ohukesed-soonikkoes-klosspuksid\/"},"modified":"2024-02-14T01:40:35","modified_gmt":"2024-02-13T22:40:35","slug":"ohukesed-soonikkoes-klosspuksid","status":"publish","type":"product","link":"https:\/\/armonti.eu\/et\/toode\/ohukesed-soonikkoes-klosspuksid\/","title":{"rendered":"\u00d5hukesed soonikkoes klo\u0161\u0161p\u00fcksid"},"content":{"rendered":"<p>\u00d5hukesed soonikkoes klo\u0161\u0161p\u00fcksid ilma fliisita, sellel hooajal trendikad.<\/p>\n<p>Armonti meie toodangu soonikkoes retuusid ja klo\u0161\u0161p\u00fcksid on valmistatud tihedast elastsest materjalist. Neil on k\u00f5rge v\u00f6\u00f6koht, mis tagab kandmisel maksimaalse mugavuse.  Kangal on korrigeeriv efekt ja k\u00f5rged kvaliteediomadused, see ei veni v\u00e4lja, toetab h\u00e4sti ning on hea niiskus- ja \u00f5hku l\u00e4bilaskev.<br \/>\nNaiste soonikkoes retuuse ja p\u00fckse saab kombineerida k\u00f5ige stiilsemates ja julgemates suvekomplektides. Need istuvad ideaalselt igal figuuril, kui valida \u00f5ige suurus.  Retuusid on \u00f5rnal re\u017eiimil kergesti pestavad, ei deformeeru ning s\u00e4ilitavad toote esialgse v\u00e4limuse.<br \/>\nSuurep\u00e4rane komplekt retuusid + T-s\u00e4rk naisteriiete poest Armonti Tallinnas \u2013 see on k\u00f5ik, mida vajad!<\/p>\n<p>\u00d5hukesed soonikkoes klo\u0161\u0161p\u00fcksid ei kortsu ja pakuvad kandmisel mugavust.<br \/>\nK\u00fclje\u00f5mbluse pikkus 107\u2013110 cm s\u00f5ltuvalt suurusest.<br \/>\nP\u00fcksid sobivad ka pikemale kasvule.<\/p>\n<p><strong>Tellimuse vormistamisel m\u00e4rgi palun oma t\u00e4psed m\u00f5\u00f5dud (puusad, v\u00f6\u00f6koht ja pikkus), et saaksime sulle sobivaima suuruse valida.<br \/>Toode on saadaval nii poes kui ka veebipoes!<\/strong><\/p>\n<p>Tootekood: 5011<\/p>\n<blockquote class=\"wp-embedded-content\" data-secret=\"PTeXOvLvH1\"><p><a href=\"https:\/\/armonti.eu\/product\/futbolka-udlinennaya-oversajz\/\">\u0424\u0443\u0442\u0431\u043e\u043b\u043a\u0430 \u0443\u0434\u043b\u0438\u043d\u0435\u043d\u043d\u0430\u044f \u043e\u0432\u0435\u0440\u0441\u0430\u0439\u0437<\/a><\/p><\/blockquote>\n<p><iframe loading=\"lazy\" class=\"wp-embedded-content\" sandbox=\"allow-scripts\" security=\"restricted\" style=\"position: absolute; visibility: hidden;\" title=\"&#8220;\u0424\u0443\u0442\u0431\u043e\u043b\u043a\u0430 \u0443\u0434\u043b\u0438\u043d\u0435\u043d\u043d\u0430\u044f \u043e\u0432\u0435\u0440\u0441\u0430\u0439\u0437&#8221; &#8212; \u041c\u0430\u0433\u0430\u0437\u0438\u043d \u043e\u0434\u0435\u0436\u0434\u044b ARMONTI\" src=\"https:\/\/armonti.eu\/product\/futbolka-udlinennaya-oversajz\/embed\/#?secret=1KSjOm5FRY#?secret=PTeXOvLvH1\" data-secret=\"PTeXOvLvH1\" width=\"500\" height=\"282\" frameborder=\"0\" marginwidth=\"0\" marginheight=\"0\" scrolling=\"no\"><\/iframe><\/p>\n","protected":false},"excerpt":{"rendered":"<p>Suurused: S, M, L, XL<br \/>\nK\u00fclje\u00f5mbluse pikkus: 107\u2013110 cm<br \/>\nP\u00fcksid sobivad ka pikemale kasvule<br \/>\nK\u00f5rge v\u00f6\u00f6koht<br \/>Hooldus: pleegitamine keelatud, \u00f5rn pesu 30\u00b0<\/p>\n","protected":false},"featured_media":17523,"comment_status":"open","ping_status":"closed","template":"","meta":[],"product_brand":[],"product_cat":[334,331,332],"product_tag":[],"class_list":{"0":"post-40916","1":"product","2":"type-product","3":"status-publish","4":"has-post-thumbnail","6":"product_cat-legginsy-tonkie-et","7":"product_cat-legginsy-et","8":"product_cat-rasprodazha-et","10":"first","11":"instock","12":"sale","13":"shipping-taxable","14":"purchasable","15":"product-type-variable"},"yoast_head":"<!-- This site is optimized with the Yoast SEO plugin v27.4 - https:\/\/yoast.com\/product\/yoast-seo-wordpress\/ -->\n<title>\u00d5hukesed soonikkoes klo\u0161\u0161p\u00fcksid - \u041c\u0430\u0433\u0430\u0437\u0438\u043d \u043e\u0434\u0435\u0436\u0434\u044b ARMONTI<\/title>\n<meta name=\"description\" content=\"Selle hooaja trendikad \u00f5hukesed soonikkoes klo\u0161\u0161p\u00fcksid. \u0418\u0434\u0435\u0430\u043b\u044c\u043d\u0430\u044f \u0432\u044b\u0441\u043e\u043a\u0430\u044f \u043f\u043e\u0441\u0430\u0434\u043a\u0430. \u041d\u0435 \u043c\u043d\u0443\u0442\u0441\u044f \u0438 \u0434\u0430\u0440\u044f\u0442 \u043a\u043e\u043c\u0444\u043e\u0440\u0442 \u0432 \u0438\u0441\u043f\u043e\u043b\u044c\u0437\u043e\u0432\u0430\u043d\u0438\u0438.\" \/>\n<meta name=\"robots\" content=\"index, follow, max-snippet:-1, max-image-preview:large, max-video-preview:-1\" \/>\n<link rel=\"canonical\" href=\"https:\/\/armonti.eu\/et\/toode\/ohukesed-soonikkoes-klosspuksid\/\" \/>\n<meta property=\"og:locale\" content=\"et_EE\" \/>\n<meta property=\"og:type\" content=\"article\" \/>\n<meta property=\"og:title\" content=\"\u00d5hukesed soonikkoes klo\u0161\u0161p\u00fcksid - \u041c\u0430\u0433\u0430\u0437\u0438\u043d \u043e\u0434\u0435\u0436\u0434\u044b ARMONTI\" \/>\n<meta property=\"og:description\" content=\"Soojad retuusid tiheda pehme fliisvoodriga ja k\u00f5rge v\u00f6\u00f6kohaga. \u00dche lameda \u00f5mblusega. Sobib kandmiseks l\u00fchikese d\u017eemperiga!\" \/>\n<meta property=\"og:url\" content=\"https:\/\/armonti.eu\/et\/toode\/ohukesed-soonikkoes-klosspuksid\/\" \/>\n<meta property=\"og:site_name\" content=\"\u041c\u0430\u0433\u0430\u0437\u0438\u043d \u043e\u0434\u0435\u0436\u0434\u044b ARMONTI\" \/>\n<meta property=\"og:image\" content=\"https:\/\/armonti.eu\/wp-content\/uploads\/2024\/02\/img_1213.jpg\" \/>\n\t<meta property=\"og:image:width\" content=\"800\" \/>\n\t<meta property=\"og:image:height\" content=\"1067\" \/>\n\t<meta property=\"og:image:type\" content=\"image\/jpeg\" \/>\n<meta name=\"twitter:card\" content=\"summary_large_image\" \/>\n<meta name=\"twitter:title\" content=\"\u00d5hukesed soonikkoes klo\u0161\u0161p\u00fcksid - \u041c\u0430\u0433\u0430\u0437\u0438\u043d \u043e\u0434\u0435\u0436\u0434\u044b ARMONTI\" \/>\n<meta name=\"twitter:description\" content=\"Soojad retuusid tiheda pehme fliisvoodriga ja k\u00f5rge v\u00f6\u00f6kohaga. \u00dche lameda \u00f5mblusega. Sobib kandmiseks l\u00fchikese d\u017eemperiga!\" \/>\n<meta name=\"twitter:label1\" content=\"Est. reading time\" \/>\n\t<meta name=\"twitter:data1\" content=\"1 minut\" \/>\n<script type=\"application\/ld+json\" class=\"yoast-schema-graph\">{\"@context\":\"https:\\\/\\\/schema.org\",\"@graph\":[{\"@type\":\"WebPage\",\"@id\":\"https:\\\/\\\/armonti.eu\\\/et\\\/toode\\\/ohukesed-soonikkoes-klosspuksid\\\/\",\"url\":\"https:\\\/\\\/armonti.eu\\\/et\\\/toode\\\/ohukesed-soonikkoes-klosspuksid\\\/\",\"name\":\"\u00d5hukesed soonikkoes klo\u0161\u0161p\u00fcksid - \u041c\u0430\u0433\u0430\u0437\u0438\u043d \u043e\u0434\u0435\u0436\u0434\u044b ARMONTI\",\"isPartOf\":{\"@id\":\"https:\\\/\\\/armonti.eu\\\/#website\"},\"primaryImageOfPage\":{\"@id\":\"https:\\\/\\\/armonti.eu\\\/et\\\/toode\\\/ohukesed-soonikkoes-klosspuksid\\\/#primaryimage\"},\"image\":{\"@id\":\"https:\\\/\\\/armonti.eu\\\/et\\\/toode\\\/ohukesed-soonikkoes-klosspuksid\\\/#primaryimage\"},\"thumbnailUrl\":\"https:\\\/\\\/armonti.eu\\\/wp-content\\\/uploads\\\/2024\\\/02\\\/img_1213.jpg\",\"datePublished\":\"2024-02-13T22:40:35+00:00\",\"description\":\"Selle hooaja trendikad \u00f5hukesed soonikkoes klo\u0161\u0161p\u00fcksid. \u0418\u0434\u0435\u0430\u043b\u044c\u043d\u0430\u044f \u0432\u044b\u0441\u043e\u043a\u0430\u044f \u043f\u043e\u0441\u0430\u0434\u043a\u0430. \u041d\u0435 \u043c\u043d\u0443\u0442\u0441\u044f \u0438 \u0434\u0430\u0440\u044f\u0442 \u043a\u043e\u043c\u0444\u043e\u0440\u0442 \u0432 \u0438\u0441\u043f\u043e\u043b\u044c\u0437\u043e\u0432\u0430\u043d\u0438\u0438.\",\"breadcrumb\":{\"@id\":\"https:\\\/\\\/armonti.eu\\\/et\\\/toode\\\/ohukesed-soonikkoes-klosspuksid\\\/#breadcrumb\"},\"inLanguage\":\"et\",\"potentialAction\":[{\"@type\":\"ReadAction\",\"target\":[\"https:\\\/\\\/armonti.eu\\\/et\\\/toode\\\/ohukesed-soonikkoes-klosspuksid\\\/\"]}]},{\"@type\":\"ImageObject\",\"inLanguage\":\"et\",\"@id\":\"https:\\\/\\\/armonti.eu\\\/et\\\/toode\\\/ohukesed-soonikkoes-klosspuksid\\\/#primaryimage\",\"url\":\"https:\\\/\\\/armonti.eu\\\/wp-content\\\/uploads\\\/2024\\\/02\\\/img_1213.jpg\",\"contentUrl\":\"https:\\\/\\\/armonti.eu\\\/wp-content\\\/uploads\\\/2024\\\/02\\\/img_1213.jpg\",\"width\":800,\"height\":1067},{\"@type\":\"BreadcrumbList\",\"@id\":\"https:\\\/\\\/armonti.eu\\\/et\\\/toode\\\/ohukesed-soonikkoes-klosspuksid\\\/#breadcrumb\",\"itemListElement\":[{\"@type\":\"ListItem\",\"position\":1,\"name\":\"\u0413\u043b\u0430\u0432\u043d\u0430\u044f\",\"item\":\"https:\\\/\\\/armonti.eu\\\/\"},{\"@type\":\"ListItem\",\"position\":2,\"name\":\"Shop\",\"item\":\"https:\\\/\\\/armonti.eu\\\/et\\\/shop\\\/\"},{\"@type\":\"ListItem\",\"position\":3,\"name\":\"\u00d5hukesed soonikkoes klo\u0161\u0161p\u00fcksid\"}]},{\"@type\":\"WebSite\",\"@id\":\"https:\\\/\\\/armonti.eu\\\/#website\",\"url\":\"https:\\\/\\\/armonti.eu\\\/\",\"name\":\"ARMONTI\",\"description\":\"\",\"publisher\":{\"@id\":\"https:\\\/\\\/armonti.eu\\\/#organization\"},\"alternateName\":\"\u0416\u0435\u043d\u0441\u043a\u0430\u044f \u0431\u0440\u0435\u043d\u0434\u043e\u0432\u0430\u044f \u043e\u0434\u0435\u0436\u0434\u0430\",\"potentialAction\":[{\"@type\":\"SearchAction\",\"target\":{\"@type\":\"EntryPoint\",\"urlTemplate\":\"https:\\\/\\\/armonti.eu\\\/?s={search_term_string}\"},\"query-input\":{\"@type\":\"PropertyValueSpecification\",\"valueRequired\":true,\"valueName\":\"search_term_string\"}}],\"inLanguage\":\"et\"},{\"@type\":\"Organization\",\"@id\":\"https:\\\/\\\/armonti.eu\\\/#organization\",\"name\":\"ARMONTI\",\"alternateName\":\"\u0416\u0435\u043d\u0441\u043a\u0430\u044f \u0431\u0440\u0435\u043d\u0434\u043e\u0432\u0430\u044f \u043e\u0434\u0435\u0436\u0434\u0430\",\"url\":\"https:\\\/\\\/armonti.eu\\\/\",\"logo\":{\"@type\":\"ImageObject\",\"inLanguage\":\"et\",\"@id\":\"https:\\\/\\\/armonti.eu\\\/#\\\/schema\\\/logo\\\/image\\\/\",\"url\":\"https:\\\/\\\/armonti.eu\\\/wp-content\\\/uploads\\\/2023\\\/05\\\/armonti-logo-white.png\",\"contentUrl\":\"https:\\\/\\\/armonti.eu\\\/wp-content\\\/uploads\\\/2023\\\/05\\\/armonti-logo-white.png\",\"width\":2165,\"height\":554,\"caption\":\"ARMONTI\"},\"image\":{\"@id\":\"https:\\\/\\\/armonti.eu\\\/#\\\/schema\\\/logo\\\/image\\\/\"}}]}<\/script>\n<!-- \/ Yoast SEO plugin. -->","yoast_head_json":{"title":"\u00d5hukesed soonikkoes klo\u0161\u0161p\u00fcksid - \u041c\u0430\u0433\u0430\u0437\u0438\u043d \u043e\u0434\u0435\u0436\u0434\u044b ARMONTI","description":"Selle hooaja trendikad \u00f5hukesed soonikkoes klo\u0161\u0161p\u00fcksid. \u0418\u0434\u0435\u0430\u043b\u044c\u043d\u0430\u044f \u0432\u044b\u0441\u043e\u043a\u0430\u044f \u043f\u043e\u0441\u0430\u0434\u043a\u0430. \u041d\u0435 \u043c\u043d\u0443\u0442\u0441\u044f \u0438 \u0434\u0430\u0440\u044f\u0442 \u043a\u043e\u043c\u0444\u043e\u0440\u0442 \u0432 \u0438\u0441\u043f\u043e\u043b\u044c\u0437\u043e\u0432\u0430\u043d\u0438\u0438.","robots":{"index":"index","follow":"follow","max-snippet":"max-snippet:-1","max-image-preview":"max-image-preview:large","max-video-preview":"max-video-preview:-1"},"canonical":"https:\/\/armonti.eu\/et\/toode\/ohukesed-soonikkoes-klosspuksid\/","og_locale":"et_EE","og_type":"article","og_title":"\u00d5hukesed soonikkoes klo\u0161\u0161p\u00fcksid - \u041c\u0430\u0433\u0430\u0437\u0438\u043d \u043e\u0434\u0435\u0436\u0434\u044b ARMONTI","og_description":"Soojad retuusid tiheda pehme fliisvoodriga ja k\u00f5rge v\u00f6\u00f6kohaga. \u00dche lameda \u00f5mblusega. Sobib kandmiseks l\u00fchikese d\u017eemperiga!","og_url":"https:\/\/armonti.eu\/et\/toode\/ohukesed-soonikkoes-klosspuksid\/","og_site_name":"\u041c\u0430\u0433\u0430\u0437\u0438\u043d \u043e\u0434\u0435\u0436\u0434\u044b ARMONTI","og_image":[{"width":800,"height":1067,"url":"https:\/\/armonti.eu\/wp-content\/uploads\/2024\/02\/img_1213.jpg","type":"image\/jpeg"}],"twitter_card":"summary_large_image","twitter_title":"\u00d5hukesed soonikkoes klo\u0161\u0161p\u00fcksid - \u041c\u0430\u0433\u0430\u0437\u0438\u043d \u043e\u0434\u0435\u0436\u0434\u044b ARMONTI","twitter_description":"Soojad retuusid tiheda pehme fliisvoodriga ja k\u00f5rge v\u00f6\u00f6kohaga. \u00dche lameda \u00f5mblusega. Sobib kandmiseks l\u00fchikese d\u017eemperiga!","twitter_misc":{"Est. reading time":"1 minut"},"schema":{"@context":"https:\/\/schema.org","@graph":[{"@type":"WebPage","@id":"https:\/\/armonti.eu\/et\/toode\/ohukesed-soonikkoes-klosspuksid\/","url":"https:\/\/armonti.eu\/et\/toode\/ohukesed-soonikkoes-klosspuksid\/","name":"\u00d5hukesed soonikkoes klo\u0161\u0161p\u00fcksid - \u041c\u0430\u0433\u0430\u0437\u0438\u043d \u043e\u0434\u0435\u0436\u0434\u044b ARMONTI","isPartOf":{"@id":"https:\/\/armonti.eu\/#website"},"primaryImageOfPage":{"@id":"https:\/\/armonti.eu\/et\/toode\/ohukesed-soonikkoes-klosspuksid\/#primaryimage"},"image":{"@id":"https:\/\/armonti.eu\/et\/toode\/ohukesed-soonikkoes-klosspuksid\/#primaryimage"},"thumbnailUrl":"https:\/\/armonti.eu\/wp-content\/uploads\/2024\/02\/img_1213.jpg","datePublished":"2024-02-13T22:40:35+00:00","description":"Selle hooaja trendikad \u00f5hukesed soonikkoes klo\u0161\u0161p\u00fcksid. \u0418\u0434\u0435\u0430\u043b\u044c\u043d\u0430\u044f \u0432\u044b\u0441\u043e\u043a\u0430\u044f \u043f\u043e\u0441\u0430\u0434\u043a\u0430. \u041d\u0435 \u043c\u043d\u0443\u0442\u0441\u044f \u0438 \u0434\u0430\u0440\u044f\u0442 \u043a\u043e\u043c\u0444\u043e\u0440\u0442 \u0432 \u0438\u0441\u043f\u043e\u043b\u044c\u0437\u043e\u0432\u0430\u043d\u0438\u0438.","breadcrumb":{"@id":"https:\/\/armonti.eu\/et\/toode\/ohukesed-soonikkoes-klosspuksid\/#breadcrumb"},"inLanguage":"et","potentialAction":[{"@type":"ReadAction","target":["https:\/\/armonti.eu\/et\/toode\/ohukesed-soonikkoes-klosspuksid\/"]}]},{"@type":"ImageObject","inLanguage":"et","@id":"https:\/\/armonti.eu\/et\/toode\/ohukesed-soonikkoes-klosspuksid\/#primaryimage","url":"https:\/\/armonti.eu\/wp-content\/uploads\/2024\/02\/img_1213.jpg","contentUrl":"https:\/\/armonti.eu\/wp-content\/uploads\/2024\/02\/img_1213.jpg","width":800,"height":1067},{"@type":"BreadcrumbList","@id":"https:\/\/armonti.eu\/et\/toode\/ohukesed-soonikkoes-klosspuksid\/#breadcrumb","itemListElement":[{"@type":"ListItem","position":1,"name":"\u0413\u043b\u0430\u0432\u043d\u0430\u044f","item":"https:\/\/armonti.eu\/"},{"@type":"ListItem","position":2,"name":"Shop","item":"https:\/\/armonti.eu\/et\/shop\/"},{"@type":"ListItem","position":3,"name":"\u00d5hukesed soonikkoes klo\u0161\u0161p\u00fcksid"}]},{"@type":"WebSite","@id":"https:\/\/armonti.eu\/#website","url":"https:\/\/armonti.eu\/","name":"ARMONTI","description":"","publisher":{"@id":"https:\/\/armonti.eu\/#organization"},"alternateName":"\u0416\u0435\u043d\u0441\u043a\u0430\u044f \u0431\u0440\u0435\u043d\u0434\u043e\u0432\u0430\u044f \u043e\u0434\u0435\u0436\u0434\u0430","potentialAction":[{"@type":"SearchAction","target":{"@type":"EntryPoint","urlTemplate":"https:\/\/armonti.eu\/?s={search_term_string}"},"query-input":{"@type":"PropertyValueSpecification","valueRequired":true,"valueName":"search_term_string"}}],"inLanguage":"et"},{"@type":"Organization","@id":"https:\/\/armonti.eu\/#organization","name":"ARMONTI","alternateName":"\u0416\u0435\u043d\u0441\u043a\u0430\u044f \u0431\u0440\u0435\u043d\u0434\u043e\u0432\u0430\u044f \u043e\u0434\u0435\u0436\u0434\u0430","url":"https:\/\/armonti.eu\/","logo":{"@type":"ImageObject","inLanguage":"et","@id":"https:\/\/armonti.eu\/#\/schema\/logo\/image\/","url":"https:\/\/armonti.eu\/wp-content\/uploads\/2023\/05\/armonti-logo-white.png","contentUrl":"https:\/\/armonti.eu\/wp-content\/uploads\/2023\/05\/armonti-logo-white.png","width":2165,"height":554,"caption":"ARMONTI"},"image":{"@id":"https:\/\/armonti.eu\/#\/schema\/logo\/image\/"}}]}},"_links":{"self":[{"href":"https:\/\/armonti.eu\/et\/wp-json\/wp\/v2\/product\/40916","targetHints":{"allow":["GET"]}}],"collection":[{"href":"https:\/\/armonti.eu\/et\/wp-json\/wp\/v2\/product"}],"about":[{"href":"https:\/\/armonti.eu\/et\/wp-json\/wp\/v2\/types\/product"}],"replies":[{"embeddable":true,"href":"https:\/\/armonti.eu\/et\/wp-json\/wp\/v2\/comments?post=40916"}],"wp:featuredmedia":[{"embeddable":true,"href":"https:\/\/armonti.eu\/et\/wp-json\/wp\/v2\/media\/17523"}],"wp:attachment":[{"href":"https:\/\/armonti.eu\/et\/wp-json\/wp\/v2\/media?parent=40916"}],"wp:term":[{"taxonomy":"product_brand","embeddable":true,"href":"https:\/\/armonti.eu\/et\/wp-json\/wp\/v2\/product_brand?post=40916"},{"taxonomy":"product_cat","embeddable":true,"href":"https:\/\/armonti.eu\/et\/wp-json\/wp\/v2\/product_cat?post=40916"},{"taxonomy":"product_tag","embeddable":true,"href":"https:\/\/armonti.eu\/et\/wp-json\/wp\/v2\/product_tag?post=40916"}],"curies":[{"name":"wp","href":"https:\/\/api.w.org\/{rel}","templated":true}]}}