{"id":40887,"date":"2024-03-21T00:06:45","date_gmt":"2024-03-20T21:06:45","guid":{"rendered":"https:\/\/armonti.eu\/product\/poolkloss-palazzo-puksid\/"},"modified":"2024-03-21T00:06:45","modified_gmt":"2024-03-20T21:06:45","slug":"poolkloss-palazzo-puksid","status":"publish","type":"product","link":"https:\/\/armonti.eu\/et\/toode\/poolkloss-palazzo-puksid\/","title":{"rendered":"Poolklo\u0161\u0161 palazzo-p\u00fcksid"},"content":{"rendered":"<p>Naiste poolklo\u0161\u0161 palazzo-p\u00fcksid, \u00f5hukesed ja k\u00f5rge v\u00e4rvliga, istuvad ideaalselt, r\u00f5hutades figuuri eeliseid ja varjates puudusi. \u041f\u043b\u043e\u0442\u043d\u043e \u0441\u0438\u0434\u044f\u0442, \u043d\u0435 \u0441\u043f\u043e\u043b\u0437\u0430\u044e\u0442. \u041e\u0442\u043b\u0438\u0447\u043d\u043e \u0434\u043e\u043f\u043e\u043b\u043d\u044f\u0442 \u043b\u044e\u0431\u043e\u0439 \u043f\u043e\u0432\u0441\u0435\u0434\u043d\u0435\u0432\u043d\u044b\u0439 \u043e\u0431\u0440\u0430\u0437.<\/p>\n<p>\u041a\u043e\u043c\u0444\u043e\u0440\u0442\u043d\u044b\u0435 \u0438 \u0443\u0434\u043e\u0431\u043d\u044b\u0435 \u0431\u0430\u0437\u043e\u0432\u044b\u0435 \u0436\u0435\u043d\u0441\u043a\u0438\u0435 \u0431\u0440\u044e\u043a\u0438 \u0441 \u0438\u0434\u0435\u0430\u043b\u044c\u043d\u043e\u0439 \u043f\u043e\u0441\u0430\u0434\u043a\u043e\u0439, \u0441\u0442\u0430\u043d\u0443\u0442 \u0438\u0434\u0435\u0430\u043b\u044c\u043d\u044b\u043c \u0434\u043e\u043f\u043e\u043b\u043d\u0435\u043d\u0438\u0435\u043c \u043a \u0432\u0430\u0448\u0435\u043c\u0443 \u0433\u0430\u0440\u0434\u0435\u0440\u043e\u0431\u0443. \u0411\u0440\u044e\u043a\u0438 \u0438\u0437 \u044d\u043b\u0430\u0441\u0442\u0438\u0447\u043d\u043e\u0433\u043e \u0438 \u043c\u044f\u0433\u043a\u043e\u0433\u043e \u043c\u0430\u0442\u0435\u0440\u0438\u0430\u043b\u0430, \u043a\u043e\u0442\u043e\u0440\u044b\u0439 \u043d\u0435 \u0441\u043a\u0430\u0442\u044b\u0432\u0430\u0435\u0442\u0441\u044f \u0438 \u043d\u0435 \u0442\u0435\u0440\u044f\u0435\u0442 \u0441\u0432\u043e\u0435\u0439 \u0444\u043e\u0440\u043c\u044b \u0441\u043e \u0432\u0440\u0435\u043c\u0435\u043d\u0435\u043c, \u0447\u0442\u043e \u0433\u0430\u0440\u0430\u043d\u0442\u0438\u0440\u0443\u0435\u0442 \u0434\u043e\u043b\u0433\u043e\u0432\u0435\u0447\u043d\u043e\u0441\u0442\u044c \u0438 \u0441\u043e\u0445\u0440\u0430\u043d\u0435\u043d\u0438\u0435 \u043f\u0435\u0440\u0432\u043e\u043d\u0430\u0447\u0430\u043b\u044c\u043d\u043e\u0433\u043e \u0432\u0438\u0434\u0430 \u0438\u0437\u0434\u0435\u043b\u0438\u044f. \u0411\u0440\u044e\u043a\u0438-\u043f\u0430\u043b\u0430\u0446\u0446\u043e \u0438\u0437 \u043a\u0430\u0447\u0435\u0441\u0442\u0432\u0435\u043d\u043d\u043e\u0433\u043e \u0440\u0435\u0431\u0440\u0438\u0441\u0442\u043e\u0433\u043e \u0442\u0440\u0438\u043a\u043e\u0442\u0430\u0436\u0430, \u043f\u0440\u043e\u0448\u0435\u0434\u0448\u0435\u0433\u043e \u0444\u0435\u0440\u043c\u0435\u043d\u0442\u0430\u0442\u0438\u0432\u043d\u0443\u044e \u043e\u0431\u0440\u0430\u0431\u043e\u0442\u043a\u0443, \u043a\u043e\u0442\u043e\u0440\u0430\u044f \u043e\u0431\u043b\u0430\u0433\u043e\u0440\u0430\u0436\u0438\u0432\u0430\u0435\u0442 \u0442\u043a\u0430\u043d\u044c, \u0434\u0435\u043b\u0430\u0435\u0442 \u0435\u0435 \u0433\u043b\u0430\u0434\u043a\u043e\u0439 \u0438 \u043f\u0440\u0438\u044f\u0442\u043d\u043e\u0439 \u043d\u0430 \u043e\u0449\u0443\u043f\u044c.<br \/>\n\u0411\u043b\u0430\u0433\u043e\u0434\u0430\u0440\u044f \u0438\u0445 \u0443\u043d\u0438\u0432\u0435\u0440\u0441\u0430\u043b\u044c\u043d\u043e\u0441\u0442\u0438, \u043e\u043d\u0438 \u043b\u0435\u0433\u043a\u043e \u0441\u043e\u0447\u0435\u0442\u0430\u044e\u0442\u0441\u044f \u0441 \u0440\u0430\u0437\u043b\u0438\u0447\u043d\u044b\u043c \u0432\u0435\u0440\u0445\u043e\u043c \u0438 \u0430\u043a\u0441\u0435\u0441\u0441\u0443\u0430\u0440\u0430\u043c\u0438, \u043f\u043e\u0437\u0432\u043e\u043b\u044f\u044f \u0441\u043e\u0437\u0434\u0430\u0432\u0430\u0442\u044c \u043c\u043e\u0434\u043d\u044b\u0435 \u043f\u043e\u0432\u0441\u0435\u0434\u043d\u0435\u0432\u043d\u044b\u0435 \u043e\u0431\u0440\u0430\u0437\u044b.<\/p>\n<p>Palazzo-p\u00fcksid on valmistatud ens\u00fc\u00fcmtrikotaa\u017eist, katsudes siledad ja pehmed, elastse v\u00f6\u00f6ga, h\u00e4sti venivad ning sobivad ka pikemale kasvule.<br \/>\n\u0414\u043b\u0438\u043d\u0430 \u043f\u043e \u0431\u043e\u043a\u043e\u0432\u043e\u043c\u0443 \u0448\u0432\u0443 \u0432 \u0437\u0430\u0432\u0438\u0441\u0438\u043c\u043e\u0441\u0442\u0438 \u043e\u0442 \u0440\u0430\u0437\u043c\u0435\u0440\u0430 105-110\u0441\u043c<\/p>\n<p>\u0421\u043e\u0441\u0442\u0430\u0432 85% \u043f\u043e\u043b\u0438\u044d\u0441\u0442\u0435\u0440 15% \u044d\u043b\u0430\u0441\u0442\u0430\u043d<\/p>\n<p><strong>Tellimuse vormistamisel m\u00e4rgi palun oma t\u00e4psed m\u00f5\u00f5dud (puusad, v\u00f6\u00f6koht ja pikkus), et saaksime sulle sobivaima suuruse valida.<br \/>Toode on saadaval nii poes kui ka veebipoes!<\/strong><\/p>\n<p>Tootekood: 3556<\/p>\n<blockquote class=\"wp-embedded-content\" data-secret=\"IjAN2CmqG7\"><p><a href=\"https:\/\/armonti.eu\/product\/futbolka-udlinennaya-oversajz\/\">\u0424\u0443\u0442\u0431\u043e\u043b\u043a\u0430 \u0443\u0434\u043b\u0438\u043d\u0435\u043d\u043d\u0430\u044f \u043e\u0432\u0435\u0440\u0441\u0430\u0439\u0437<\/a><\/p><\/blockquote>\n<p><iframe loading=\"lazy\" class=\"wp-embedded-content\" sandbox=\"allow-scripts\" security=\"restricted\" style=\"position: absolute; visibility: hidden;\" title=\"&#8220;\u0424\u0443\u0442\u0431\u043e\u043b\u043a\u0430 \u0443\u0434\u043b\u0438\u043d\u0435\u043d\u043d\u0430\u044f \u043e\u0432\u0435\u0440\u0441\u0430\u0439\u0437&#8221; &#8212; \u041c\u0430\u0433\u0430\u0437\u0438\u043d \u043e\u0434\u0435\u0436\u0434\u044b ARMONTI\" src=\"https:\/\/armonti.eu\/product\/futbolka-udlinennaya-oversajz\/embed\/#?secret=UZtdZMRKup#?secret=IjAN2CmqG7\" data-secret=\"IjAN2CmqG7\" width=\"500\" height=\"282\" frameborder=\"0\" marginwidth=\"0\" marginheight=\"0\" scrolling=\"no\"><\/iframe><\/p>\n","protected":false},"excerpt":{"rendered":"<p>Suurused: XS, S, M, L<br \/>\nV\u00e4rv: cappuccino, bee\u017e, oliiv, must<br \/>\nK\u00fclje\u00f5mbluse pikkus: 105\u2013110 cm<br \/>\nKoostis: 85% pol\u00fcester, 15% elastaan<br \/>\nP\u00fcksid sobivad ka pikemale kasvule.<br \/>\nK\u00f5rge v\u00f6\u00f6koht<br \/>\nHooldus: pleegitamine keelatud, \u00f5rn pesu 30\u00b0<\/p>\n[html_block id=\"10747\"]\n","protected":false},"featured_media":17515,"comment_status":"open","ping_status":"closed","template":"","meta":[],"product_brand":[],"product_cat":[334,331,332],"product_tag":[],"class_list":{"0":"post-40887","1":"product","2":"type-product","3":"status-publish","4":"has-post-thumbnail","6":"product_cat-legginsy-tonkie-et","7":"product_cat-legginsy-et","8":"product_cat-rasprodazha-et","10":"first","11":"instock","12":"sale","13":"shipping-taxable","14":"purchasable","15":"product-type-variable"},"yoast_head":"<!-- This site is optimized with the Yoast SEO plugin v27.4 - https:\/\/yoast.com\/product\/yoast-seo-wordpress\/ -->\n<title>Poolklo\u0161\u0161 palazzo-p\u00fcksid - \u041c\u0430\u0433\u0430\u0437\u0438\u043d \u043e\u0434\u0435\u0436\u0434\u044b ARMONTI<\/title>\n<meta name=\"description\" content=\"Selle hooaja trendikad p\u00f5lvest laienevad soonikkoes p\u00fcksid \u00f5hukese fliisiga. Ideaalne k\u00f5rge v\u00e4rvel. Ei kortsu ja pakuvad kandmisel mugavust.\" \/>\n<meta name=\"robots\" content=\"index, follow, max-snippet:-1, max-image-preview:large, max-video-preview:-1\" \/>\n<link rel=\"canonical\" href=\"https:\/\/armonti.eu\/et\/toode\/poolkloss-palazzo-puksid\/\" \/>\n<meta property=\"og:locale\" content=\"et_EE\" \/>\n<meta property=\"og:type\" content=\"article\" \/>\n<meta property=\"og:title\" content=\"Poolklo\u0161\u0161 palazzo-p\u00fcksid - \u041c\u0430\u0433\u0430\u0437\u0438\u043d \u043e\u0434\u0435\u0436\u0434\u044b ARMONTI\" \/>\n<meta property=\"og:description\" content=\"Soojad retuusid tiheda pehme fliisvoodriga ja k\u00f5rge v\u00f6\u00f6kohaga. \u00dche lameda \u00f5mblusega. Sobib kandmiseks l\u00fchikese d\u017eemperiga!\" \/>\n<meta property=\"og:url\" content=\"https:\/\/armonti.eu\/et\/toode\/poolkloss-palazzo-puksid\/\" \/>\n<meta property=\"og:site_name\" content=\"\u041c\u0430\u0433\u0430\u0437\u0438\u043d \u043e\u0434\u0435\u0436\u0434\u044b ARMONTI\" \/>\n<meta property=\"og:image\" content=\"https:\/\/armonti.eu\/wp-content\/uploads\/2024\/03\/img_1214.jpg\" \/>\n\t<meta property=\"og:image:width\" content=\"800\" \/>\n\t<meta property=\"og:image:height\" content=\"1067\" \/>\n\t<meta property=\"og:image:type\" content=\"image\/jpeg\" \/>\n<meta name=\"twitter:card\" content=\"summary_large_image\" \/>\n<meta name=\"twitter:title\" content=\"Poolklo\u0161\u0161 palazzo-p\u00fcksid - \u041c\u0430\u0433\u0430\u0437\u0438\u043d \u043e\u0434\u0435\u0436\u0434\u044b ARMONTI\" \/>\n<meta name=\"twitter:description\" content=\"Soojad retuusid tiheda pehme fliisvoodriga ja k\u00f5rge v\u00f6\u00f6kohaga. \u00dche lameda \u00f5mblusega. Sobib kandmiseks l\u00fchikese d\u017eemperiga!\" \/>\n<script type=\"application\/ld+json\" class=\"yoast-schema-graph\">{\"@context\":\"https:\\\/\\\/schema.org\",\"@graph\":[{\"@type\":\"WebPage\",\"@id\":\"https:\\\/\\\/armonti.eu\\\/et\\\/toode\\\/poolkloss-palazzo-puksid\\\/\",\"url\":\"https:\\\/\\\/armonti.eu\\\/et\\\/toode\\\/poolkloss-palazzo-puksid\\\/\",\"name\":\"Poolklo\u0161\u0161 palazzo-p\u00fcksid - \u041c\u0430\u0433\u0430\u0437\u0438\u043d \u043e\u0434\u0435\u0436\u0434\u044b ARMONTI\",\"isPartOf\":{\"@id\":\"https:\\\/\\\/armonti.eu\\\/#website\"},\"primaryImageOfPage\":{\"@id\":\"https:\\\/\\\/armonti.eu\\\/et\\\/toode\\\/poolkloss-palazzo-puksid\\\/#primaryimage\"},\"image\":{\"@id\":\"https:\\\/\\\/armonti.eu\\\/et\\\/toode\\\/poolkloss-palazzo-puksid\\\/#primaryimage\"},\"thumbnailUrl\":\"https:\\\/\\\/armonti.eu\\\/wp-content\\\/uploads\\\/2024\\\/03\\\/img_1214.jpg\",\"datePublished\":\"2024-03-20T21:06:45+00:00\",\"description\":\"Selle hooaja trendikad p\u00f5lvest laienevad soonikkoes p\u00fcksid \u00f5hukese fliisiga. Ideaalne k\u00f5rge v\u00e4rvel. Ei kortsu ja pakuvad kandmisel mugavust.\",\"breadcrumb\":{\"@id\":\"https:\\\/\\\/armonti.eu\\\/et\\\/toode\\\/poolkloss-palazzo-puksid\\\/#breadcrumb\"},\"inLanguage\":\"et\",\"potentialAction\":[{\"@type\":\"ReadAction\",\"target\":[\"https:\\\/\\\/armonti.eu\\\/et\\\/toode\\\/poolkloss-palazzo-puksid\\\/\"]}]},{\"@type\":\"ImageObject\",\"inLanguage\":\"et\",\"@id\":\"https:\\\/\\\/armonti.eu\\\/et\\\/toode\\\/poolkloss-palazzo-puksid\\\/#primaryimage\",\"url\":\"https:\\\/\\\/armonti.eu\\\/wp-content\\\/uploads\\\/2024\\\/03\\\/img_1214.jpg\",\"contentUrl\":\"https:\\\/\\\/armonti.eu\\\/wp-content\\\/uploads\\\/2024\\\/03\\\/img_1214.jpg\",\"width\":800,\"height\":1067},{\"@type\":\"BreadcrumbList\",\"@id\":\"https:\\\/\\\/armonti.eu\\\/et\\\/toode\\\/poolkloss-palazzo-puksid\\\/#breadcrumb\",\"itemListElement\":[{\"@type\":\"ListItem\",\"position\":1,\"name\":\"\u0413\u043b\u0430\u0432\u043d\u0430\u044f\",\"item\":\"https:\\\/\\\/armonti.eu\\\/\"},{\"@type\":\"ListItem\",\"position\":2,\"name\":\"Shop\",\"item\":\"https:\\\/\\\/armonti.eu\\\/et\\\/shop\\\/\"},{\"@type\":\"ListItem\",\"position\":3,\"name\":\"Poolklo\u0161\u0161 palazzo-p\u00fcksid\"}]},{\"@type\":\"WebSite\",\"@id\":\"https:\\\/\\\/armonti.eu\\\/#website\",\"url\":\"https:\\\/\\\/armonti.eu\\\/\",\"name\":\"ARMONTI\",\"description\":\"\",\"publisher\":{\"@id\":\"https:\\\/\\\/armonti.eu\\\/#organization\"},\"alternateName\":\"\u0416\u0435\u043d\u0441\u043a\u0430\u044f \u0431\u0440\u0435\u043d\u0434\u043e\u0432\u0430\u044f \u043e\u0434\u0435\u0436\u0434\u0430\",\"potentialAction\":[{\"@type\":\"SearchAction\",\"target\":{\"@type\":\"EntryPoint\",\"urlTemplate\":\"https:\\\/\\\/armonti.eu\\\/?s={search_term_string}\"},\"query-input\":{\"@type\":\"PropertyValueSpecification\",\"valueRequired\":true,\"valueName\":\"search_term_string\"}}],\"inLanguage\":\"et\"},{\"@type\":\"Organization\",\"@id\":\"https:\\\/\\\/armonti.eu\\\/#organization\",\"name\":\"ARMONTI\",\"alternateName\":\"\u0416\u0435\u043d\u0441\u043a\u0430\u044f \u0431\u0440\u0435\u043d\u0434\u043e\u0432\u0430\u044f \u043e\u0434\u0435\u0436\u0434\u0430\",\"url\":\"https:\\\/\\\/armonti.eu\\\/\",\"logo\":{\"@type\":\"ImageObject\",\"inLanguage\":\"et\",\"@id\":\"https:\\\/\\\/armonti.eu\\\/#\\\/schema\\\/logo\\\/image\\\/\",\"url\":\"https:\\\/\\\/armonti.eu\\\/wp-content\\\/uploads\\\/2023\\\/05\\\/armonti-logo-white.png\",\"contentUrl\":\"https:\\\/\\\/armonti.eu\\\/wp-content\\\/uploads\\\/2023\\\/05\\\/armonti-logo-white.png\",\"width\":2165,\"height\":554,\"caption\":\"ARMONTI\"},\"image\":{\"@id\":\"https:\\\/\\\/armonti.eu\\\/#\\\/schema\\\/logo\\\/image\\\/\"}}]}<\/script>\n<!-- \/ Yoast SEO plugin. -->","yoast_head_json":{"title":"Poolklo\u0161\u0161 palazzo-p\u00fcksid - \u041c\u0430\u0433\u0430\u0437\u0438\u043d \u043e\u0434\u0435\u0436\u0434\u044b ARMONTI","description":"Selle hooaja trendikad p\u00f5lvest laienevad soonikkoes p\u00fcksid \u00f5hukese fliisiga. Ideaalne k\u00f5rge v\u00e4rvel. Ei kortsu ja pakuvad kandmisel mugavust.","robots":{"index":"index","follow":"follow","max-snippet":"max-snippet:-1","max-image-preview":"max-image-preview:large","max-video-preview":"max-video-preview:-1"},"canonical":"https:\/\/armonti.eu\/et\/toode\/poolkloss-palazzo-puksid\/","og_locale":"et_EE","og_type":"article","og_title":"Poolklo\u0161\u0161 palazzo-p\u00fcksid - \u041c\u0430\u0433\u0430\u0437\u0438\u043d \u043e\u0434\u0435\u0436\u0434\u044b ARMONTI","og_description":"Soojad retuusid tiheda pehme fliisvoodriga ja k\u00f5rge v\u00f6\u00f6kohaga. \u00dche lameda \u00f5mblusega. Sobib kandmiseks l\u00fchikese d\u017eemperiga!","og_url":"https:\/\/armonti.eu\/et\/toode\/poolkloss-palazzo-puksid\/","og_site_name":"\u041c\u0430\u0433\u0430\u0437\u0438\u043d \u043e\u0434\u0435\u0436\u0434\u044b ARMONTI","og_image":[{"width":800,"height":1067,"url":"https:\/\/armonti.eu\/wp-content\/uploads\/2024\/03\/img_1214.jpg","type":"image\/jpeg"}],"twitter_card":"summary_large_image","twitter_title":"Poolklo\u0161\u0161 palazzo-p\u00fcksid - \u041c\u0430\u0433\u0430\u0437\u0438\u043d \u043e\u0434\u0435\u0436\u0434\u044b ARMONTI","twitter_description":"Soojad retuusid tiheda pehme fliisvoodriga ja k\u00f5rge v\u00f6\u00f6kohaga. \u00dche lameda \u00f5mblusega. Sobib kandmiseks l\u00fchikese d\u017eemperiga!","schema":{"@context":"https:\/\/schema.org","@graph":[{"@type":"WebPage","@id":"https:\/\/armonti.eu\/et\/toode\/poolkloss-palazzo-puksid\/","url":"https:\/\/armonti.eu\/et\/toode\/poolkloss-palazzo-puksid\/","name":"Poolklo\u0161\u0161 palazzo-p\u00fcksid - \u041c\u0430\u0433\u0430\u0437\u0438\u043d \u043e\u0434\u0435\u0436\u0434\u044b ARMONTI","isPartOf":{"@id":"https:\/\/armonti.eu\/#website"},"primaryImageOfPage":{"@id":"https:\/\/armonti.eu\/et\/toode\/poolkloss-palazzo-puksid\/#primaryimage"},"image":{"@id":"https:\/\/armonti.eu\/et\/toode\/poolkloss-palazzo-puksid\/#primaryimage"},"thumbnailUrl":"https:\/\/armonti.eu\/wp-content\/uploads\/2024\/03\/img_1214.jpg","datePublished":"2024-03-20T21:06:45+00:00","description":"Selle hooaja trendikad p\u00f5lvest laienevad soonikkoes p\u00fcksid \u00f5hukese fliisiga. Ideaalne k\u00f5rge v\u00e4rvel. Ei kortsu ja pakuvad kandmisel mugavust.","breadcrumb":{"@id":"https:\/\/armonti.eu\/et\/toode\/poolkloss-palazzo-puksid\/#breadcrumb"},"inLanguage":"et","potentialAction":[{"@type":"ReadAction","target":["https:\/\/armonti.eu\/et\/toode\/poolkloss-palazzo-puksid\/"]}]},{"@type":"ImageObject","inLanguage":"et","@id":"https:\/\/armonti.eu\/et\/toode\/poolkloss-palazzo-puksid\/#primaryimage","url":"https:\/\/armonti.eu\/wp-content\/uploads\/2024\/03\/img_1214.jpg","contentUrl":"https:\/\/armonti.eu\/wp-content\/uploads\/2024\/03\/img_1214.jpg","width":800,"height":1067},{"@type":"BreadcrumbList","@id":"https:\/\/armonti.eu\/et\/toode\/poolkloss-palazzo-puksid\/#breadcrumb","itemListElement":[{"@type":"ListItem","position":1,"name":"\u0413\u043b\u0430\u0432\u043d\u0430\u044f","item":"https:\/\/armonti.eu\/"},{"@type":"ListItem","position":2,"name":"Shop","item":"https:\/\/armonti.eu\/et\/shop\/"},{"@type":"ListItem","position":3,"name":"Poolklo\u0161\u0161 palazzo-p\u00fcksid"}]},{"@type":"WebSite","@id":"https:\/\/armonti.eu\/#website","url":"https:\/\/armonti.eu\/","name":"ARMONTI","description":"","publisher":{"@id":"https:\/\/armonti.eu\/#organization"},"alternateName":"\u0416\u0435\u043d\u0441\u043a\u0430\u044f \u0431\u0440\u0435\u043d\u0434\u043e\u0432\u0430\u044f \u043e\u0434\u0435\u0436\u0434\u0430","potentialAction":[{"@type":"SearchAction","target":{"@type":"EntryPoint","urlTemplate":"https:\/\/armonti.eu\/?s={search_term_string}"},"query-input":{"@type":"PropertyValueSpecification","valueRequired":true,"valueName":"search_term_string"}}],"inLanguage":"et"},{"@type":"Organization","@id":"https:\/\/armonti.eu\/#organization","name":"ARMONTI","alternateName":"\u0416\u0435\u043d\u0441\u043a\u0430\u044f \u0431\u0440\u0435\u043d\u0434\u043e\u0432\u0430\u044f \u043e\u0434\u0435\u0436\u0434\u0430","url":"https:\/\/armonti.eu\/","logo":{"@type":"ImageObject","inLanguage":"et","@id":"https:\/\/armonti.eu\/#\/schema\/logo\/image\/","url":"https:\/\/armonti.eu\/wp-content\/uploads\/2023\/05\/armonti-logo-white.png","contentUrl":"https:\/\/armonti.eu\/wp-content\/uploads\/2023\/05\/armonti-logo-white.png","width":2165,"height":554,"caption":"ARMONTI"},"image":{"@id":"https:\/\/armonti.eu\/#\/schema\/logo\/image\/"}}]}},"_links":{"self":[{"href":"https:\/\/armonti.eu\/et\/wp-json\/wp\/v2\/product\/40887","targetHints":{"allow":["GET"]}}],"collection":[{"href":"https:\/\/armonti.eu\/et\/wp-json\/wp\/v2\/product"}],"about":[{"href":"https:\/\/armonti.eu\/et\/wp-json\/wp\/v2\/types\/product"}],"replies":[{"embeddable":true,"href":"https:\/\/armonti.eu\/et\/wp-json\/wp\/v2\/comments?post=40887"}],"wp:featuredmedia":[{"embeddable":true,"href":"https:\/\/armonti.eu\/et\/wp-json\/wp\/v2\/media\/17515"}],"wp:attachment":[{"href":"https:\/\/armonti.eu\/et\/wp-json\/wp\/v2\/media?parent=40887"}],"wp:term":[{"taxonomy":"product_brand","embeddable":true,"href":"https:\/\/armonti.eu\/et\/wp-json\/wp\/v2\/product_brand?post=40887"},{"taxonomy":"product_cat","embeddable":true,"href":"https:\/\/armonti.eu\/et\/wp-json\/wp\/v2\/product_cat?post=40887"},{"taxonomy":"product_tag","embeddable":true,"href":"https:\/\/armonti.eu\/et\/wp-json\/wp\/v2\/product_tag?post=40887"}],"curies":[{"name":"wp","href":"https:\/\/api.w.org\/{rel}","templated":true}]}}