{"id":40836,"date":"2026-04-20T16:18:16","date_gmt":"2026-04-20T13:18:16","guid":{"rendered":"https:\/\/armonti.eu\/?post_type=product&#038;p=40836"},"modified":"2026-04-21T12:44:38","modified_gmt":"2026-04-21T09:44:38","slug":"naiste-jope-pingutusnooriga","status":"publish","type":"product","link":"https:\/\/armonti.eu\/et\/toode\/naiste-jope-pingutusnooriga\/","title":{"rendered":"Naiste jope pingutusn\u00f6\u00f6riga."},"content":{"rendered":"<p>Naiste n\u00f6\u00f6ritav jope \u2014 universaalne mudel stiilsesse ja mugavasse garderoobi kevade-s\u00fcgise hooajaks. L\u00e4bim\u00f5eldud klassikaline l\u00f5ige tagab elegantse istuvuse ja sobib erinevatele figuurit\u00fc\u00fcpidele. Kaherealine kinnis lisab tootele struktuuri ja muudab v\u00e4limuse ilmekamaks. Taljes asuv n\u00f6\u00f6r v\u00f5imaldab reguleerida siluetti, r\u00f5hutades naiselikkust ja luues individuaalse istuvuse. Mansetid lisavad korrektsust, tagades igap\u00e4evasel kandmisel t\u00e4iendava mugavuse. Komplekti kuulub stiilne r\u00e4tik, mis t\u00e4iendab v\u00e4limust ja v\u00f5imaldab luua erinevaid stiilikombinatsioone. Naiste n\u00f6\u00f6ritavat jopet on lihtne sobitada nii klassikaliste kui ka vabaajar\u00f5ivastega, j\u00e4\u00e4des aktuaalseks igas olukorras.<br \/>\nM\u00f5\u00f5dud sentimeetrites:<br \/>\nLaius s\u00f5ltuvalt suurusest: rinna\u00fcmberm\u00f5\u00f5t 110\u2013120 cm, puusa\u00fcmberm\u00f5\u00f5t 110\u2013128 cm<br \/>\nPikkus s\u00f5ltuvalt suurusest 57\u201360 cm<br \/>\nM\u00f5\u00f5tmisel on lubatud viga 1\u20132 cm, eriti trikotaa\u017etoodete puhul.<br \/>\nHooldus: \u00f5rn keemiline puhastus      <\/p>\n<p><strong>Palun m\u00e4rkige tellimuse m\u00e4rkustesse kindlasti oma m\u00f5\u00f5dud (puusa\u00fcmberm\u00f5\u00f5t, talje\u00fcmberm\u00f5\u00f5t ja pikkus), see v\u00f5imaldab valida t\u00e4psema ja sobivama suuruse. <\/strong><\/p>\n<p>Tootekood: 9981<\/p>\n","protected":false},"excerpt":{"rendered":"<p>Suurused: S M L XL<br \/>\nKoostis: 69% puuvill 31% pol\u00fcester<br \/>\nV\u00e4rv: piimvalge <\/p>\n","protected":false},"featured_media":40804,"comment_status":"open","ping_status":"closed","template":"","meta":[],"product_brand":[],"product_cat":[443,441],"product_tag":[],"class_list":{"0":"post-40836","1":"product","2":"type-product","3":"status-publish","4":"has-post-thumbnail","6":"product_cat-kevad-sugis-jope","7":"product_cat-uleriided","9":"first","10":"instock","11":"shipping-taxable","12":"purchasable","13":"product-type-variable"},"yoast_head":"<!-- This site is optimized with the Yoast SEO plugin v27.4 - https:\/\/yoast.com\/product\/yoast-seo-wordpress\/ -->\n<title>Naiste jope pingutusn\u00f6\u00f6riga. - \u041c\u0430\u0433\u0430\u0437\u0438\u043d \u043e\u0434\u0435\u0436\u0434\u044b ARMONTI<\/title>\n<meta name=\"description\" content=\"Naiste n\u00f6\u00f6ritav jope klassikalise kaherealise l\u00f5ikega stiilse v\u00e4limuse loomiseks. Mudelile on lisatud mansetid ja komplekti kuuluv r\u00e4tik tervikliku v\u00e4ljan\u00e4gemise saavutamiseks\" \/>\n<meta name=\"robots\" content=\"index, follow, max-snippet:-1, max-image-preview:large, max-video-preview:-1\" \/>\n<link rel=\"canonical\" href=\"https:\/\/armonti.eu\/et\/toode\/naiste-jope-pingutusnooriga\/\" \/>\n<meta property=\"og:locale\" content=\"et_EE\" \/>\n<meta property=\"og:type\" content=\"article\" \/>\n<meta property=\"og:title\" content=\"Naiste jope pingutusn\u00f6\u00f6riga. - \u041c\u0430\u0433\u0430\u0437\u0438\u043d \u043e\u0434\u0435\u0436\u0434\u044b ARMONTI\" \/>\n<meta property=\"og:description\" content=\"Naiste n\u00f6\u00f6ritav jope klassikalise kaherealise l\u00f5ikega stiilse v\u00e4limuse loomiseks. Mudelile on lisatud mansetid ja komplekti kuuluv r\u00e4tik tervikliku v\u00e4ljan\u00e4gemise saavutamiseks\" \/>\n<meta property=\"og:url\" content=\"https:\/\/armonti.eu\/et\/toode\/naiste-jope-pingutusnooriga\/\" \/>\n<meta property=\"og:site_name\" content=\"\u041c\u0430\u0433\u0430\u0437\u0438\u043d \u043e\u0434\u0435\u0436\u0434\u044b ARMONTI\" \/>\n<meta property=\"article:modified_time\" content=\"2026-04-21T09:44:38+00:00\" \/>\n<meta property=\"og:image\" content=\"https:\/\/armonti.eu\/wp-content\/uploads\/2026\/04\/img_5926-scaled.jpg\" \/>\n\t<meta property=\"og:image:width\" content=\"1920\" \/>\n\t<meta property=\"og:image:height\" content=\"2560\" \/>\n\t<meta property=\"og:image:type\" content=\"image\/jpeg\" \/>\n<meta name=\"twitter:card\" content=\"summary_large_image\" \/>\n<meta name=\"twitter:label1\" content=\"Est. reading time\" \/>\n\t<meta name=\"twitter:data1\" content=\"1 minut\" \/>\n<script type=\"application\/ld+json\" class=\"yoast-schema-graph\">{\"@context\":\"https:\\\/\\\/schema.org\",\"@graph\":[{\"@type\":\"WebPage\",\"@id\":\"https:\\\/\\\/armonti.eu\\\/et\\\/toode\\\/naiste-jope-pingutusnooriga\\\/\",\"url\":\"https:\\\/\\\/armonti.eu\\\/et\\\/toode\\\/naiste-jope-pingutusnooriga\\\/\",\"name\":\"Naiste jope pingutusn\u00f6\u00f6riga. - \u041c\u0430\u0433\u0430\u0437\u0438\u043d \u043e\u0434\u0435\u0436\u0434\u044b ARMONTI\",\"isPartOf\":{\"@id\":\"https:\\\/\\\/armonti.eu\\\/#website\"},\"primaryImageOfPage\":{\"@id\":\"https:\\\/\\\/armonti.eu\\\/et\\\/toode\\\/naiste-jope-pingutusnooriga\\\/#primaryimage\"},\"image\":{\"@id\":\"https:\\\/\\\/armonti.eu\\\/et\\\/toode\\\/naiste-jope-pingutusnooriga\\\/#primaryimage\"},\"thumbnailUrl\":\"https:\\\/\\\/armonti.eu\\\/wp-content\\\/uploads\\\/2026\\\/04\\\/img_5926-scaled.jpg\",\"datePublished\":\"2026-04-20T13:18:16+00:00\",\"dateModified\":\"2026-04-21T09:44:38+00:00\",\"description\":\"Naiste n\u00f6\u00f6ritav jope klassikalise kaherealise l\u00f5ikega stiilse v\u00e4limuse loomiseks. Mudelile on lisatud mansetid ja komplekti kuuluv r\u00e4tik tervikliku v\u00e4ljan\u00e4gemise saavutamiseks\",\"breadcrumb\":{\"@id\":\"https:\\\/\\\/armonti.eu\\\/et\\\/toode\\\/naiste-jope-pingutusnooriga\\\/#breadcrumb\"},\"inLanguage\":\"et\",\"potentialAction\":[{\"@type\":\"ReadAction\",\"target\":[\"https:\\\/\\\/armonti.eu\\\/et\\\/toode\\\/naiste-jope-pingutusnooriga\\\/\"]}]},{\"@type\":\"ImageObject\",\"inLanguage\":\"et\",\"@id\":\"https:\\\/\\\/armonti.eu\\\/et\\\/toode\\\/naiste-jope-pingutusnooriga\\\/#primaryimage\",\"url\":\"https:\\\/\\\/armonti.eu\\\/wp-content\\\/uploads\\\/2026\\\/04\\\/img_5926-scaled.jpg\",\"contentUrl\":\"https:\\\/\\\/armonti.eu\\\/wp-content\\\/uploads\\\/2026\\\/04\\\/img_5926-scaled.jpg\",\"width\":1920,\"height\":2560,\"caption\":\"Naiste n\u00f6\u00f6ritav jope, r\u00e4tik komplektis\"},{\"@type\":\"BreadcrumbList\",\"@id\":\"https:\\\/\\\/armonti.eu\\\/et\\\/toode\\\/naiste-jope-pingutusnooriga\\\/#breadcrumb\",\"itemListElement\":[{\"@type\":\"ListItem\",\"position\":1,\"name\":\"\u0413\u043b\u0430\u0432\u043d\u0430\u044f\",\"item\":\"https:\\\/\\\/armonti.eu\\\/\"},{\"@type\":\"ListItem\",\"position\":2,\"name\":\"Shop\",\"item\":\"https:\\\/\\\/armonti.eu\\\/et\\\/shop\\\/\"},{\"@type\":\"ListItem\",\"position\":3,\"name\":\"\u041e\u0434\u0435\u0436\u0434\u0430\",\"item\":\"https:\\\/\\\/armonti.eu\\\/catalog\\\/odezhda\\\/\"},{\"@type\":\"ListItem\",\"position\":4,\"name\":\"\u0412\u0435\u0440\u0445\u043d\u044f\u044f \u043e\u0434\u0435\u0436\u0434\u0430\",\"item\":\"https:\\\/\\\/armonti.eu\\\/catalog\\\/odezhda\\\/verhnyaya-odezhda\\\/\"},{\"@type\":\"ListItem\",\"position\":5,\"name\":\"Naiste jope pingutusn\u00f6\u00f6riga.\"}]},{\"@type\":\"WebSite\",\"@id\":\"https:\\\/\\\/armonti.eu\\\/#website\",\"url\":\"https:\\\/\\\/armonti.eu\\\/\",\"name\":\"ARMONTI\",\"description\":\"\",\"publisher\":{\"@id\":\"https:\\\/\\\/armonti.eu\\\/#organization\"},\"alternateName\":\"\u0416\u0435\u043d\u0441\u043a\u0430\u044f \u0431\u0440\u0435\u043d\u0434\u043e\u0432\u0430\u044f \u043e\u0434\u0435\u0436\u0434\u0430\",\"potentialAction\":[{\"@type\":\"SearchAction\",\"target\":{\"@type\":\"EntryPoint\",\"urlTemplate\":\"https:\\\/\\\/armonti.eu\\\/?s={search_term_string}\"},\"query-input\":{\"@type\":\"PropertyValueSpecification\",\"valueRequired\":true,\"valueName\":\"search_term_string\"}}],\"inLanguage\":\"et\"},{\"@type\":\"Organization\",\"@id\":\"https:\\\/\\\/armonti.eu\\\/#organization\",\"name\":\"ARMONTI\",\"alternateName\":\"\u0416\u0435\u043d\u0441\u043a\u0430\u044f \u0431\u0440\u0435\u043d\u0434\u043e\u0432\u0430\u044f \u043e\u0434\u0435\u0436\u0434\u0430\",\"url\":\"https:\\\/\\\/armonti.eu\\\/\",\"logo\":{\"@type\":\"ImageObject\",\"inLanguage\":\"et\",\"@id\":\"https:\\\/\\\/armonti.eu\\\/#\\\/schema\\\/logo\\\/image\\\/\",\"url\":\"https:\\\/\\\/armonti.eu\\\/wp-content\\\/uploads\\\/2023\\\/05\\\/armonti-logo-white.png\",\"contentUrl\":\"https:\\\/\\\/armonti.eu\\\/wp-content\\\/uploads\\\/2023\\\/05\\\/armonti-logo-white.png\",\"width\":2165,\"height\":554,\"caption\":\"ARMONTI\"},\"image\":{\"@id\":\"https:\\\/\\\/armonti.eu\\\/#\\\/schema\\\/logo\\\/image\\\/\"}}]}<\/script>\n<!-- \/ Yoast SEO plugin. -->","yoast_head_json":{"title":"Naiste jope pingutusn\u00f6\u00f6riga. - \u041c\u0430\u0433\u0430\u0437\u0438\u043d \u043e\u0434\u0435\u0436\u0434\u044b ARMONTI","description":"Naiste n\u00f6\u00f6ritav jope klassikalise kaherealise l\u00f5ikega stiilse v\u00e4limuse loomiseks. Mudelile on lisatud mansetid ja komplekti kuuluv r\u00e4tik tervikliku v\u00e4ljan\u00e4gemise saavutamiseks","robots":{"index":"index","follow":"follow","max-snippet":"max-snippet:-1","max-image-preview":"max-image-preview:large","max-video-preview":"max-video-preview:-1"},"canonical":"https:\/\/armonti.eu\/et\/toode\/naiste-jope-pingutusnooriga\/","og_locale":"et_EE","og_type":"article","og_title":"Naiste jope pingutusn\u00f6\u00f6riga. - \u041c\u0430\u0433\u0430\u0437\u0438\u043d \u043e\u0434\u0435\u0436\u0434\u044b ARMONTI","og_description":"Naiste n\u00f6\u00f6ritav jope klassikalise kaherealise l\u00f5ikega stiilse v\u00e4limuse loomiseks. Mudelile on lisatud mansetid ja komplekti kuuluv r\u00e4tik tervikliku v\u00e4ljan\u00e4gemise saavutamiseks","og_url":"https:\/\/armonti.eu\/et\/toode\/naiste-jope-pingutusnooriga\/","og_site_name":"\u041c\u0430\u0433\u0430\u0437\u0438\u043d \u043e\u0434\u0435\u0436\u0434\u044b ARMONTI","article_modified_time":"2026-04-21T09:44:38+00:00","og_image":[{"width":1920,"height":2560,"url":"https:\/\/armonti.eu\/wp-content\/uploads\/2026\/04\/img_5926-scaled.jpg","type":"image\/jpeg"}],"twitter_card":"summary_large_image","twitter_misc":{"Est. reading time":"1 minut"},"schema":{"@context":"https:\/\/schema.org","@graph":[{"@type":"WebPage","@id":"https:\/\/armonti.eu\/et\/toode\/naiste-jope-pingutusnooriga\/","url":"https:\/\/armonti.eu\/et\/toode\/naiste-jope-pingutusnooriga\/","name":"Naiste jope pingutusn\u00f6\u00f6riga. - \u041c\u0430\u0433\u0430\u0437\u0438\u043d \u043e\u0434\u0435\u0436\u0434\u044b ARMONTI","isPartOf":{"@id":"https:\/\/armonti.eu\/#website"},"primaryImageOfPage":{"@id":"https:\/\/armonti.eu\/et\/toode\/naiste-jope-pingutusnooriga\/#primaryimage"},"image":{"@id":"https:\/\/armonti.eu\/et\/toode\/naiste-jope-pingutusnooriga\/#primaryimage"},"thumbnailUrl":"https:\/\/armonti.eu\/wp-content\/uploads\/2026\/04\/img_5926-scaled.jpg","datePublished":"2026-04-20T13:18:16+00:00","dateModified":"2026-04-21T09:44:38+00:00","description":"Naiste n\u00f6\u00f6ritav jope klassikalise kaherealise l\u00f5ikega stiilse v\u00e4limuse loomiseks. Mudelile on lisatud mansetid ja komplekti kuuluv r\u00e4tik tervikliku v\u00e4ljan\u00e4gemise saavutamiseks","breadcrumb":{"@id":"https:\/\/armonti.eu\/et\/toode\/naiste-jope-pingutusnooriga\/#breadcrumb"},"inLanguage":"et","potentialAction":[{"@type":"ReadAction","target":["https:\/\/armonti.eu\/et\/toode\/naiste-jope-pingutusnooriga\/"]}]},{"@type":"ImageObject","inLanguage":"et","@id":"https:\/\/armonti.eu\/et\/toode\/naiste-jope-pingutusnooriga\/#primaryimage","url":"https:\/\/armonti.eu\/wp-content\/uploads\/2026\/04\/img_5926-scaled.jpg","contentUrl":"https:\/\/armonti.eu\/wp-content\/uploads\/2026\/04\/img_5926-scaled.jpg","width":1920,"height":2560,"caption":"Naiste n\u00f6\u00f6ritav jope, r\u00e4tik komplektis"},{"@type":"BreadcrumbList","@id":"https:\/\/armonti.eu\/et\/toode\/naiste-jope-pingutusnooriga\/#breadcrumb","itemListElement":[{"@type":"ListItem","position":1,"name":"\u0413\u043b\u0430\u0432\u043d\u0430\u044f","item":"https:\/\/armonti.eu\/"},{"@type":"ListItem","position":2,"name":"Shop","item":"https:\/\/armonti.eu\/et\/shop\/"},{"@type":"ListItem","position":3,"name":"\u041e\u0434\u0435\u0436\u0434\u0430","item":"https:\/\/armonti.eu\/catalog\/odezhda\/"},{"@type":"ListItem","position":4,"name":"\u0412\u0435\u0440\u0445\u043d\u044f\u044f \u043e\u0434\u0435\u0436\u0434\u0430","item":"https:\/\/armonti.eu\/catalog\/odezhda\/verhnyaya-odezhda\/"},{"@type":"ListItem","position":5,"name":"Naiste jope pingutusn\u00f6\u00f6riga."}]},{"@type":"WebSite","@id":"https:\/\/armonti.eu\/#website","url":"https:\/\/armonti.eu\/","name":"ARMONTI","description":"","publisher":{"@id":"https:\/\/armonti.eu\/#organization"},"alternateName":"\u0416\u0435\u043d\u0441\u043a\u0430\u044f \u0431\u0440\u0435\u043d\u0434\u043e\u0432\u0430\u044f \u043e\u0434\u0435\u0436\u0434\u0430","potentialAction":[{"@type":"SearchAction","target":{"@type":"EntryPoint","urlTemplate":"https:\/\/armonti.eu\/?s={search_term_string}"},"query-input":{"@type":"PropertyValueSpecification","valueRequired":true,"valueName":"search_term_string"}}],"inLanguage":"et"},{"@type":"Organization","@id":"https:\/\/armonti.eu\/#organization","name":"ARMONTI","alternateName":"\u0416\u0435\u043d\u0441\u043a\u0430\u044f \u0431\u0440\u0435\u043d\u0434\u043e\u0432\u0430\u044f \u043e\u0434\u0435\u0436\u0434\u0430","url":"https:\/\/armonti.eu\/","logo":{"@type":"ImageObject","inLanguage":"et","@id":"https:\/\/armonti.eu\/#\/schema\/logo\/image\/","url":"https:\/\/armonti.eu\/wp-content\/uploads\/2023\/05\/armonti-logo-white.png","contentUrl":"https:\/\/armonti.eu\/wp-content\/uploads\/2023\/05\/armonti-logo-white.png","width":2165,"height":554,"caption":"ARMONTI"},"image":{"@id":"https:\/\/armonti.eu\/#\/schema\/logo\/image\/"}}]}},"_links":{"self":[{"href":"https:\/\/armonti.eu\/et\/wp-json\/wp\/v2\/product\/40836","targetHints":{"allow":["GET"]}}],"collection":[{"href":"https:\/\/armonti.eu\/et\/wp-json\/wp\/v2\/product"}],"about":[{"href":"https:\/\/armonti.eu\/et\/wp-json\/wp\/v2\/types\/product"}],"replies":[{"embeddable":true,"href":"https:\/\/armonti.eu\/et\/wp-json\/wp\/v2\/comments?post=40836"}],"wp:featuredmedia":[{"embeddable":true,"href":"https:\/\/armonti.eu\/et\/wp-json\/wp\/v2\/media\/40804"}],"wp:attachment":[{"href":"https:\/\/armonti.eu\/et\/wp-json\/wp\/v2\/media?parent=40836"}],"wp:term":[{"taxonomy":"product_brand","embeddable":true,"href":"https:\/\/armonti.eu\/et\/wp-json\/wp\/v2\/product_brand?post=40836"},{"taxonomy":"product_cat","embeddable":true,"href":"https:\/\/armonti.eu\/et\/wp-json\/wp\/v2\/product_cat?post=40836"},{"taxonomy":"product_tag","embeddable":true,"href":"https:\/\/armonti.eu\/et\/wp-json\/wp\/v2\/product_tag?post=40836"}],"curies":[{"name":"wp","href":"https:\/\/api.w.org\/{rel}","templated":true}]}}