{"id":40594,"date":"2026-04-20T11:11:43","date_gmt":"2026-04-20T08:11:43","guid":{"rendered":"https:\/\/armonti.eu\/?post_type=product&#038;p=40594"},"modified":"2026-04-20T13:28:14","modified_gmt":"2026-04-20T10:28:14","slug":"naiste-pikendatud-loikega-pintsak","status":"publish","type":"product","link":"https:\/\/armonti.eu\/et\/toode\/naiste-pikendatud-loikega-pintsak\/","title":{"rendered":"Naiste pikendatud l\u00f5ikega pintsak"},"content":{"rendered":"<p>Naiste pikendatud l\u00f5ikega pintsak \u2014 stiilne ja universaalne garderoobiese kaasaegsele naisele. Mudel on pikendatud tegumoega, luues elegantse silueti. Saadaval baasv\u00e4rvides, mis sobivad iga v\u00e4limuse ja stiiliga. Naiste pikendatud l\u00f5ikega pintsakul on v\u00f6\u00f6 talje r\u00f5hutamiseks. \u00dcherealine l\u00f5ige lisab tootele lakoonilisust ja kaasaegsust. Universaalselt kombineeritav p\u00fckste, seelikute ja kleitidega. Ideaalne kontorisse, \u00e4rikohtumisteks ja igap\u00e4evaseks kasutamiseks.<br \/>\nM\u00f5\u00f5dud sentimeetrites:<br \/>\nLaius s\u00f5ltuvalt suurusest: rinna\u00fcmberm\u00f5\u00f5t 102\u2013116 cm, puusa\u00fcmberm\u00f5\u00f5t 106\u2013120 cm<br \/>\nPikkus s\u00f5ltuvalt suurusest 71\u201373 cm<br \/>\nR\u00dc \u2013 rinna\u00fcmberm\u00f5\u00f5t, P\u00dc \u2013 puusa\u00fcmberm\u00f5\u00f5t<br \/>\nM\u00f5\u00f5tmisel on lubatud viga 1\u20132 cm, eriti trikotaa\u017etoodete puhul.<br \/>\nHooldus: \u00f5rn keemiline puhastus<br \/>Millise j\u00e4rgmise toote t\u00f5lgime?<\/p>\n<p>      <\/p>\n<p><strong>Palun m\u00e4rkige tellimuse m\u00e4rkustesse kindlasti oma m\u00f5\u00f5dud (puusa\u00fcmberm\u00f5\u00f5t, talje\u00fcmberm\u00f5\u00f5t ja pikkus), see v\u00f5imaldab valida t\u00e4psema ja sobivama suuruse. <\/strong><\/p>\n<p>Tootekood: 2603060<\/p>\n","protected":false},"excerpt":{"rendered":"<p>Suurused: S M L XL<br \/>\nKoostis: 75% pol\u00fcester 20% viskoos 5% elastaan<br \/>\nV\u00e4rv: hall must<\/p>\n","protected":false},"featured_media":40543,"comment_status":"open","ping_status":"closed","template":"","meta":[],"product_brand":[],"product_cat":[456],"product_tag":[],"class_list":{"0":"post-40594","1":"product","2":"type-product","3":"status-publish","4":"has-post-thumbnail","6":"product_cat-pintsak","8":"first","9":"instock","10":"shipping-taxable","11":"purchasable","12":"product-type-variable"},"yoast_head":"<!-- This site is optimized with the Yoast SEO plugin v27.4 - https:\/\/yoast.com\/product\/yoast-seo-wordpress\/ -->\n<title>Naiste pikendatud l\u00f5ikega pintsak - \u041c\u0430\u0433\u0430\u0437\u0438\u043d \u043e\u0434\u0435\u0436\u0434\u044b ARMONTI<\/title>\n<meta name=\"description\" content=\"Naiste pikendatud l\u00f5ikega \u00fcherealine v\u00f6\u00f6ga pintsak baasv\u00e4rvides. Kaasaegne ja elegantne pintsak nii kontorisse kui ka igap\u00e4evaseks kandmiseks\" \/>\n<meta name=\"robots\" content=\"index, follow, max-snippet:-1, max-image-preview:large, max-video-preview:-1\" \/>\n<link rel=\"canonical\" href=\"https:\/\/armonti.eu\/et\/toode\/naiste-pikendatud-loikega-pintsak\/\" \/>\n<meta property=\"og:locale\" content=\"et_EE\" \/>\n<meta property=\"og:type\" content=\"article\" \/>\n<meta property=\"og:title\" content=\"Naiste pikendatud l\u00f5ikega pintsak - \u041c\u0430\u0433\u0430\u0437\u0438\u043d \u043e\u0434\u0435\u0436\u0434\u044b ARMONTI\" \/>\n<meta property=\"og:description\" content=\"Naiste pikendatud l\u00f5ikega \u00fcherealine v\u00f6\u00f6ga pintsak baasv\u00e4rvides. Kaasaegne ja elegantne pintsak nii kontorisse kui ka igap\u00e4evaseks kandmiseks\" \/>\n<meta property=\"og:url\" content=\"https:\/\/armonti.eu\/et\/toode\/naiste-pikendatud-loikega-pintsak\/\" \/>\n<meta property=\"og:site_name\" content=\"\u041c\u0430\u0433\u0430\u0437\u0438\u043d \u043e\u0434\u0435\u0436\u0434\u044b ARMONTI\" \/>\n<meta property=\"article:modified_time\" content=\"2026-04-20T10:28:14+00:00\" \/>\n<meta property=\"og:image\" content=\"https:\/\/armonti.eu\/wp-content\/uploads\/2026\/04\/img_0208-scaled.jpg\" \/>\n\t<meta property=\"og:image:width\" content=\"1920\" \/>\n\t<meta property=\"og:image:height\" content=\"2560\" \/>\n\t<meta property=\"og:image:type\" content=\"image\/jpeg\" \/>\n<meta name=\"twitter:card\" content=\"summary_large_image\" \/>\n<meta name=\"twitter:label1\" content=\"Est. reading time\" \/>\n\t<meta name=\"twitter:data1\" content=\"1 minut\" \/>\n<script type=\"application\/ld+json\" class=\"yoast-schema-graph\">{\"@context\":\"https:\\\/\\\/schema.org\",\"@graph\":[{\"@type\":\"WebPage\",\"@id\":\"https:\\\/\\\/armonti.eu\\\/et\\\/toode\\\/naiste-pikendatud-loikega-pintsak\\\/\",\"url\":\"https:\\\/\\\/armonti.eu\\\/et\\\/toode\\\/naiste-pikendatud-loikega-pintsak\\\/\",\"name\":\"Naiste pikendatud l\u00f5ikega pintsak - \u041c\u0430\u0433\u0430\u0437\u0438\u043d \u043e\u0434\u0435\u0436\u0434\u044b ARMONTI\",\"isPartOf\":{\"@id\":\"https:\\\/\\\/armonti.eu\\\/#website\"},\"primaryImageOfPage\":{\"@id\":\"https:\\\/\\\/armonti.eu\\\/et\\\/toode\\\/naiste-pikendatud-loikega-pintsak\\\/#primaryimage\"},\"image\":{\"@id\":\"https:\\\/\\\/armonti.eu\\\/et\\\/toode\\\/naiste-pikendatud-loikega-pintsak\\\/#primaryimage\"},\"thumbnailUrl\":\"https:\\\/\\\/armonti.eu\\\/wp-content\\\/uploads\\\/2026\\\/04\\\/img_0208-scaled.jpg\",\"datePublished\":\"2026-04-20T08:11:43+00:00\",\"dateModified\":\"2026-04-20T10:28:14+00:00\",\"description\":\"Naiste pikendatud l\u00f5ikega \u00fcherealine v\u00f6\u00f6ga pintsak baasv\u00e4rvides. Kaasaegne ja elegantne pintsak nii kontorisse kui ka igap\u00e4evaseks kandmiseks\",\"breadcrumb\":{\"@id\":\"https:\\\/\\\/armonti.eu\\\/et\\\/toode\\\/naiste-pikendatud-loikega-pintsak\\\/#breadcrumb\"},\"inLanguage\":\"et\",\"potentialAction\":[{\"@type\":\"ReadAction\",\"target\":[\"https:\\\/\\\/armonti.eu\\\/et\\\/toode\\\/naiste-pikendatud-loikega-pintsak\\\/\"]}]},{\"@type\":\"ImageObject\",\"inLanguage\":\"et\",\"@id\":\"https:\\\/\\\/armonti.eu\\\/et\\\/toode\\\/naiste-pikendatud-loikega-pintsak\\\/#primaryimage\",\"url\":\"https:\\\/\\\/armonti.eu\\\/wp-content\\\/uploads\\\/2026\\\/04\\\/img_0208-scaled.jpg\",\"contentUrl\":\"https:\\\/\\\/armonti.eu\\\/wp-content\\\/uploads\\\/2026\\\/04\\\/img_0208-scaled.jpg\",\"width\":1920,\"height\":2560,\"caption\":\"Naiste pikendatud l\u00f5ikega pintsak v\u00f6\u00f6ga\"},{\"@type\":\"BreadcrumbList\",\"@id\":\"https:\\\/\\\/armonti.eu\\\/et\\\/toode\\\/naiste-pikendatud-loikega-pintsak\\\/#breadcrumb\",\"itemListElement\":[{\"@type\":\"ListItem\",\"position\":1,\"name\":\"\u0413\u043b\u0430\u0432\u043d\u0430\u044f\",\"item\":\"https:\\\/\\\/armonti.eu\\\/\"},{\"@type\":\"ListItem\",\"position\":2,\"name\":\"Shop\",\"item\":\"https:\\\/\\\/armonti.eu\\\/et\\\/shop\\\/\"},{\"@type\":\"ListItem\",\"position\":3,\"name\":\"\u041e\u0434\u0435\u0436\u0434\u0430\",\"item\":\"https:\\\/\\\/armonti.eu\\\/catalog\\\/odezhda\\\/\"},{\"@type\":\"ListItem\",\"position\":4,\"name\":\"\u041a\u043e\u0441\u0442\u044e\u043c\u044b \u0438\u00a0\u043f\u0438\u0434\u0436\u0430\u043a\u0438\",\"item\":\"https:\\\/\\\/armonti.eu\\\/catalog\\\/odezhda\\\/pidzhaki\\\/\"},{\"@type\":\"ListItem\",\"position\":5,\"name\":\"Naiste pikendatud l\u00f5ikega pintsak\"}]},{\"@type\":\"WebSite\",\"@id\":\"https:\\\/\\\/armonti.eu\\\/#website\",\"url\":\"https:\\\/\\\/armonti.eu\\\/\",\"name\":\"ARMONTI\",\"description\":\"\",\"publisher\":{\"@id\":\"https:\\\/\\\/armonti.eu\\\/#organization\"},\"alternateName\":\"\u0416\u0435\u043d\u0441\u043a\u0430\u044f \u0431\u0440\u0435\u043d\u0434\u043e\u0432\u0430\u044f \u043e\u0434\u0435\u0436\u0434\u0430\",\"potentialAction\":[{\"@type\":\"SearchAction\",\"target\":{\"@type\":\"EntryPoint\",\"urlTemplate\":\"https:\\\/\\\/armonti.eu\\\/?s={search_term_string}\"},\"query-input\":{\"@type\":\"PropertyValueSpecification\",\"valueRequired\":true,\"valueName\":\"search_term_string\"}}],\"inLanguage\":\"et\"},{\"@type\":\"Organization\",\"@id\":\"https:\\\/\\\/armonti.eu\\\/#organization\",\"name\":\"ARMONTI\",\"alternateName\":\"\u0416\u0435\u043d\u0441\u043a\u0430\u044f \u0431\u0440\u0435\u043d\u0434\u043e\u0432\u0430\u044f \u043e\u0434\u0435\u0436\u0434\u0430\",\"url\":\"https:\\\/\\\/armonti.eu\\\/\",\"logo\":{\"@type\":\"ImageObject\",\"inLanguage\":\"et\",\"@id\":\"https:\\\/\\\/armonti.eu\\\/#\\\/schema\\\/logo\\\/image\\\/\",\"url\":\"https:\\\/\\\/armonti.eu\\\/wp-content\\\/uploads\\\/2023\\\/05\\\/armonti-logo-white.png\",\"contentUrl\":\"https:\\\/\\\/armonti.eu\\\/wp-content\\\/uploads\\\/2023\\\/05\\\/armonti-logo-white.png\",\"width\":2165,\"height\":554,\"caption\":\"ARMONTI\"},\"image\":{\"@id\":\"https:\\\/\\\/armonti.eu\\\/#\\\/schema\\\/logo\\\/image\\\/\"}}]}<\/script>\n<!-- \/ Yoast SEO plugin. -->","yoast_head_json":{"title":"Naiste pikendatud l\u00f5ikega pintsak - \u041c\u0430\u0433\u0430\u0437\u0438\u043d \u043e\u0434\u0435\u0436\u0434\u044b ARMONTI","description":"Naiste pikendatud l\u00f5ikega \u00fcherealine v\u00f6\u00f6ga pintsak baasv\u00e4rvides. Kaasaegne ja elegantne pintsak nii kontorisse kui ka igap\u00e4evaseks kandmiseks","robots":{"index":"index","follow":"follow","max-snippet":"max-snippet:-1","max-image-preview":"max-image-preview:large","max-video-preview":"max-video-preview:-1"},"canonical":"https:\/\/armonti.eu\/et\/toode\/naiste-pikendatud-loikega-pintsak\/","og_locale":"et_EE","og_type":"article","og_title":"Naiste pikendatud l\u00f5ikega pintsak - \u041c\u0430\u0433\u0430\u0437\u0438\u043d \u043e\u0434\u0435\u0436\u0434\u044b ARMONTI","og_description":"Naiste pikendatud l\u00f5ikega \u00fcherealine v\u00f6\u00f6ga pintsak baasv\u00e4rvides. Kaasaegne ja elegantne pintsak nii kontorisse kui ka igap\u00e4evaseks kandmiseks","og_url":"https:\/\/armonti.eu\/et\/toode\/naiste-pikendatud-loikega-pintsak\/","og_site_name":"\u041c\u0430\u0433\u0430\u0437\u0438\u043d \u043e\u0434\u0435\u0436\u0434\u044b ARMONTI","article_modified_time":"2026-04-20T10:28:14+00:00","og_image":[{"width":1920,"height":2560,"url":"https:\/\/armonti.eu\/wp-content\/uploads\/2026\/04\/img_0208-scaled.jpg","type":"image\/jpeg"}],"twitter_card":"summary_large_image","twitter_misc":{"Est. reading time":"1 minut"},"schema":{"@context":"https:\/\/schema.org","@graph":[{"@type":"WebPage","@id":"https:\/\/armonti.eu\/et\/toode\/naiste-pikendatud-loikega-pintsak\/","url":"https:\/\/armonti.eu\/et\/toode\/naiste-pikendatud-loikega-pintsak\/","name":"Naiste pikendatud l\u00f5ikega pintsak - \u041c\u0430\u0433\u0430\u0437\u0438\u043d \u043e\u0434\u0435\u0436\u0434\u044b ARMONTI","isPartOf":{"@id":"https:\/\/armonti.eu\/#website"},"primaryImageOfPage":{"@id":"https:\/\/armonti.eu\/et\/toode\/naiste-pikendatud-loikega-pintsak\/#primaryimage"},"image":{"@id":"https:\/\/armonti.eu\/et\/toode\/naiste-pikendatud-loikega-pintsak\/#primaryimage"},"thumbnailUrl":"https:\/\/armonti.eu\/wp-content\/uploads\/2026\/04\/img_0208-scaled.jpg","datePublished":"2026-04-20T08:11:43+00:00","dateModified":"2026-04-20T10:28:14+00:00","description":"Naiste pikendatud l\u00f5ikega \u00fcherealine v\u00f6\u00f6ga pintsak baasv\u00e4rvides. Kaasaegne ja elegantne pintsak nii kontorisse kui ka igap\u00e4evaseks kandmiseks","breadcrumb":{"@id":"https:\/\/armonti.eu\/et\/toode\/naiste-pikendatud-loikega-pintsak\/#breadcrumb"},"inLanguage":"et","potentialAction":[{"@type":"ReadAction","target":["https:\/\/armonti.eu\/et\/toode\/naiste-pikendatud-loikega-pintsak\/"]}]},{"@type":"ImageObject","inLanguage":"et","@id":"https:\/\/armonti.eu\/et\/toode\/naiste-pikendatud-loikega-pintsak\/#primaryimage","url":"https:\/\/armonti.eu\/wp-content\/uploads\/2026\/04\/img_0208-scaled.jpg","contentUrl":"https:\/\/armonti.eu\/wp-content\/uploads\/2026\/04\/img_0208-scaled.jpg","width":1920,"height":2560,"caption":"Naiste pikendatud l\u00f5ikega pintsak v\u00f6\u00f6ga"},{"@type":"BreadcrumbList","@id":"https:\/\/armonti.eu\/et\/toode\/naiste-pikendatud-loikega-pintsak\/#breadcrumb","itemListElement":[{"@type":"ListItem","position":1,"name":"\u0413\u043b\u0430\u0432\u043d\u0430\u044f","item":"https:\/\/armonti.eu\/"},{"@type":"ListItem","position":2,"name":"Shop","item":"https:\/\/armonti.eu\/et\/shop\/"},{"@type":"ListItem","position":3,"name":"\u041e\u0434\u0435\u0436\u0434\u0430","item":"https:\/\/armonti.eu\/catalog\/odezhda\/"},{"@type":"ListItem","position":4,"name":"\u041a\u043e\u0441\u0442\u044e\u043c\u044b \u0438\u00a0\u043f\u0438\u0434\u0436\u0430\u043a\u0438","item":"https:\/\/armonti.eu\/catalog\/odezhda\/pidzhaki\/"},{"@type":"ListItem","position":5,"name":"Naiste pikendatud l\u00f5ikega pintsak"}]},{"@type":"WebSite","@id":"https:\/\/armonti.eu\/#website","url":"https:\/\/armonti.eu\/","name":"ARMONTI","description":"","publisher":{"@id":"https:\/\/armonti.eu\/#organization"},"alternateName":"\u0416\u0435\u043d\u0441\u043a\u0430\u044f \u0431\u0440\u0435\u043d\u0434\u043e\u0432\u0430\u044f \u043e\u0434\u0435\u0436\u0434\u0430","potentialAction":[{"@type":"SearchAction","target":{"@type":"EntryPoint","urlTemplate":"https:\/\/armonti.eu\/?s={search_term_string}"},"query-input":{"@type":"PropertyValueSpecification","valueRequired":true,"valueName":"search_term_string"}}],"inLanguage":"et"},{"@type":"Organization","@id":"https:\/\/armonti.eu\/#organization","name":"ARMONTI","alternateName":"\u0416\u0435\u043d\u0441\u043a\u0430\u044f \u0431\u0440\u0435\u043d\u0434\u043e\u0432\u0430\u044f \u043e\u0434\u0435\u0436\u0434\u0430","url":"https:\/\/armonti.eu\/","logo":{"@type":"ImageObject","inLanguage":"et","@id":"https:\/\/armonti.eu\/#\/schema\/logo\/image\/","url":"https:\/\/armonti.eu\/wp-content\/uploads\/2023\/05\/armonti-logo-white.png","contentUrl":"https:\/\/armonti.eu\/wp-content\/uploads\/2023\/05\/armonti-logo-white.png","width":2165,"height":554,"caption":"ARMONTI"},"image":{"@id":"https:\/\/armonti.eu\/#\/schema\/logo\/image\/"}}]}},"_links":{"self":[{"href":"https:\/\/armonti.eu\/et\/wp-json\/wp\/v2\/product\/40594","targetHints":{"allow":["GET"]}}],"collection":[{"href":"https:\/\/armonti.eu\/et\/wp-json\/wp\/v2\/product"}],"about":[{"href":"https:\/\/armonti.eu\/et\/wp-json\/wp\/v2\/types\/product"}],"replies":[{"embeddable":true,"href":"https:\/\/armonti.eu\/et\/wp-json\/wp\/v2\/comments?post=40594"}],"wp:featuredmedia":[{"embeddable":true,"href":"https:\/\/armonti.eu\/et\/wp-json\/wp\/v2\/media\/40543"}],"wp:attachment":[{"href":"https:\/\/armonti.eu\/et\/wp-json\/wp\/v2\/media?parent=40594"}],"wp:term":[{"taxonomy":"product_brand","embeddable":true,"href":"https:\/\/armonti.eu\/et\/wp-json\/wp\/v2\/product_brand?post=40594"},{"taxonomy":"product_cat","embeddable":true,"href":"https:\/\/armonti.eu\/et\/wp-json\/wp\/v2\/product_cat?post=40594"},{"taxonomy":"product_tag","embeddable":true,"href":"https:\/\/armonti.eu\/et\/wp-json\/wp\/v2\/product_tag?post=40594"}],"curies":[{"name":"wp","href":"https:\/\/api.w.org\/{rel}","templated":true}]}}