{"id":40429,"date":"2026-04-17T17:37:54","date_gmt":"2026-04-17T14:37:54","guid":{"rendered":"https:\/\/armonti.eu\/?post_type=product&#038;p=40429"},"modified":"2026-04-17T17:37:54","modified_gmt":"2026-04-17T14:37:54","slug":"dekoratiivse-elemendiga-baas-t-sark","status":"publish","type":"product","link":"https:\/\/armonti.eu\/et\/toode\/dekoratiivse-elemendiga-baas-t-sark\/","title":{"rendered":"Dekoratiivse elemendiga baas-T-s\u00e4rk"},"content":{"rendered":"<p>Dekoratiivse elemendiga baas-T-s\u00e4rk on universaalne ja praktiline ese iga naise garderoobis. Saadaval mitmes v\u00e4rvitoonis, v\u00f5imaldab see valida sobiva variandi mistahes stiili ja eelistuse jaoks. Mudelit iseloomustab sirge l\u00f5ige, mis tagab mugavuse ja liikumisvabaduse. V\u00e4ike dekoratiivne element kaelusel lisab tootele peenust ja originaalsust, andes v\u00e4limusele naiselikkust ning stiili. Dekoratiivse elemendiga baas-T-s\u00e4rk sobib kergesti kokku teiste garderoobiesemetega. See sobib ideaalselt igap\u00e4evaseks kasutamiseks ja stiilsete kombinatsioonide loomiseks. Sobib suurep\u00e4raselt t\u00f6\u00f6le, \u00f5pinguteks ja aktiivseks puhkuseks. Klassikaline disain muudab selle universaalseks ja asendamatuks osaks kaasaegse naise garderoobis.<br \/>\nM\u00f5\u00f5dud (cm):<br \/>\nS\u00f5ltuvalt suurusest sobib rinna\u00fcmberm\u00f5\u00f5dule 88\u2013108 cm<br \/>\nPikkus s\u00f5ltuvalt suurusest 62,5\u201364 cm<br \/>\nM\u00f5\u00f5tmisel on lubatud viga 1\u20132 cm, eriti trikotaa\u017etoodete puhul.<br \/>\nHooldus: \u00f5rnpesu 30 \u00b0C juures, triikimine temperatuuril kuni 110 \u00b0C, valgendamine on keelatud.         <\/p>\n<p><strong>Palun m\u00e4rkige tellimuse m\u00e4rkustesse kindlasti oma m\u00f5\u00f5dud (puusa\u00fcmberm\u00f5\u00f5t, talje\u00fcmberm\u00f5\u00f5t ja pikkus), see v\u00f5imaldab valida t\u00e4psema ja sobivama suuruse. <\/strong><\/p>\n<p>Tootekood: 2175<\/p>\n","protected":false},"excerpt":{"rendered":"<p>Suurused: S, M, L<br \/>\nKoostis: 95% puuvill, 5% elastaan<br \/>\nV\u00e4rv: grafiit, helelilla, helesinine, must, valge, lilla<\/p>\n","protected":false},"featured_media":40266,"comment_status":"open","ping_status":"closed","template":"","meta":[],"product_brand":[],"product_cat":[462],"product_tag":[],"class_list":{"0":"post-40429","1":"product","2":"type-product","3":"status-publish","4":"has-post-thumbnail","6":"product_cat-t-sargid","8":"first","9":"instock","10":"shipping-taxable","11":"purchasable","12":"product-type-variable"},"yoast_head":"<!-- This site is optimized with the Yoast SEO plugin v27.4 - https:\/\/yoast.com\/product\/yoast-seo-wordpress\/ -->\n<title>Dekoratiivse elemendiga baas-T-s\u00e4rk - \u041c\u0430\u0433\u0430\u0437\u0438\u043d \u043e\u0434\u0435\u0436\u0434\u044b ARMONTI<\/title>\n<meta name=\"description\" content=\"Erinevates v\u00e4rvitoonides sirge l\u00f5ikega baas-T-s\u00e4rk dekoratiivse elemendiga. Universaalne ja stiilne T-s\u00e4rk v\u00e4ikese kaunistusega kaelusel.\" \/>\n<meta name=\"robots\" content=\"index, follow, max-snippet:-1, max-image-preview:large, max-video-preview:-1\" \/>\n<link rel=\"canonical\" href=\"https:\/\/armonti.eu\/et\/toode\/dekoratiivse-elemendiga-baas-t-sark\/\" \/>\n<meta property=\"og:locale\" content=\"et_EE\" \/>\n<meta property=\"og:type\" content=\"article\" \/>\n<meta property=\"og:title\" content=\"Dekoratiivse elemendiga baas-T-s\u00e4rk - \u041c\u0430\u0433\u0430\u0437\u0438\u043d \u043e\u0434\u0435\u0436\u0434\u044b ARMONTI\" \/>\n<meta property=\"og:description\" content=\"Erinevates v\u00e4rvitoonides sirge l\u00f5ikega baas-T-s\u00e4rk dekoratiivse elemendiga. Universaalne ja stiilne T-s\u00e4rk v\u00e4ikese kaunistusega kaelusel.\" \/>\n<meta property=\"og:url\" content=\"https:\/\/armonti.eu\/et\/toode\/dekoratiivse-elemendiga-baas-t-sark\/\" \/>\n<meta property=\"og:site_name\" content=\"\u041c\u0430\u0433\u0430\u0437\u0438\u043d \u043e\u0434\u0435\u0436\u0434\u044b ARMONTI\" \/>\n<meta property=\"og:image\" content=\"https:\/\/armonti.eu\/wp-content\/uploads\/2026\/04\/img_9089-scaled.jpg\" \/>\n\t<meta property=\"og:image:width\" content=\"1920\" \/>\n\t<meta property=\"og:image:height\" content=\"2560\" \/>\n\t<meta property=\"og:image:type\" content=\"image\/jpeg\" \/>\n<meta name=\"twitter:card\" content=\"summary_large_image\" \/>\n<meta name=\"twitter:label1\" content=\"Est. reading time\" \/>\n\t<meta name=\"twitter:data1\" content=\"1 minut\" \/>\n<script type=\"application\/ld+json\" class=\"yoast-schema-graph\">{\"@context\":\"https:\\\/\\\/schema.org\",\"@graph\":[{\"@type\":\"WebPage\",\"@id\":\"https:\\\/\\\/armonti.eu\\\/et\\\/toode\\\/dekoratiivse-elemendiga-baas-t-sark\\\/\",\"url\":\"https:\\\/\\\/armonti.eu\\\/et\\\/toode\\\/dekoratiivse-elemendiga-baas-t-sark\\\/\",\"name\":\"Dekoratiivse elemendiga baas-T-s\u00e4rk - \u041c\u0430\u0433\u0430\u0437\u0438\u043d \u043e\u0434\u0435\u0436\u0434\u044b ARMONTI\",\"isPartOf\":{\"@id\":\"https:\\\/\\\/armonti.eu\\\/#website\"},\"primaryImageOfPage\":{\"@id\":\"https:\\\/\\\/armonti.eu\\\/et\\\/toode\\\/dekoratiivse-elemendiga-baas-t-sark\\\/#primaryimage\"},\"image\":{\"@id\":\"https:\\\/\\\/armonti.eu\\\/et\\\/toode\\\/dekoratiivse-elemendiga-baas-t-sark\\\/#primaryimage\"},\"thumbnailUrl\":\"https:\\\/\\\/armonti.eu\\\/wp-content\\\/uploads\\\/2026\\\/04\\\/img_9089-scaled.jpg\",\"datePublished\":\"2026-04-17T14:37:54+00:00\",\"description\":\"Erinevates v\u00e4rvitoonides sirge l\u00f5ikega baas-T-s\u00e4rk dekoratiivse elemendiga. Universaalne ja stiilne T-s\u00e4rk v\u00e4ikese kaunistusega kaelusel.\",\"breadcrumb\":{\"@id\":\"https:\\\/\\\/armonti.eu\\\/et\\\/toode\\\/dekoratiivse-elemendiga-baas-t-sark\\\/#breadcrumb\"},\"inLanguage\":\"et\",\"potentialAction\":[{\"@type\":\"ReadAction\",\"target\":[\"https:\\\/\\\/armonti.eu\\\/et\\\/toode\\\/dekoratiivse-elemendiga-baas-t-sark\\\/\"]}]},{\"@type\":\"ImageObject\",\"inLanguage\":\"et\",\"@id\":\"https:\\\/\\\/armonti.eu\\\/et\\\/toode\\\/dekoratiivse-elemendiga-baas-t-sark\\\/#primaryimage\",\"url\":\"https:\\\/\\\/armonti.eu\\\/wp-content\\\/uploads\\\/2026\\\/04\\\/img_9089-scaled.jpg\",\"contentUrl\":\"https:\\\/\\\/armonti.eu\\\/wp-content\\\/uploads\\\/2026\\\/04\\\/img_9089-scaled.jpg\",\"width\":1920,\"height\":2560,\"caption\":\"Igap\u00e4evane baas-T-s\u00e4rk\"},{\"@type\":\"BreadcrumbList\",\"@id\":\"https:\\\/\\\/armonti.eu\\\/et\\\/toode\\\/dekoratiivse-elemendiga-baas-t-sark\\\/#breadcrumb\",\"itemListElement\":[{\"@type\":\"ListItem\",\"position\":1,\"name\":\"\u0413\u043b\u0430\u0432\u043d\u0430\u044f\",\"item\":\"https:\\\/\\\/armonti.eu\\\/\"},{\"@type\":\"ListItem\",\"position\":2,\"name\":\"Shop\",\"item\":\"https:\\\/\\\/armonti.eu\\\/et\\\/shop\\\/\"},{\"@type\":\"ListItem\",\"position\":3,\"name\":\"\u041e\u0434\u0435\u0436\u0434\u0430\",\"item\":\"https:\\\/\\\/armonti.eu\\\/catalog\\\/odezhda\\\/\"},{\"@type\":\"ListItem\",\"position\":4,\"name\":\"\u0422\u043e\u043f\u044b, \u0444\u0443\u0442\u0431\u043e\u043b\u043a\u0438\u00a0\u0438\u00a0\u043b\u043e\u043d\u0433\u0441\u043b\u0438\u0432\u044b\",\"item\":\"https:\\\/\\\/armonti.eu\\\/catalog\\\/odezhda\\\/futbolki\\\/\"},{\"@type\":\"ListItem\",\"position\":5,\"name\":\"Dekoratiivse elemendiga baas-T-s\u00e4rk\"}]},{\"@type\":\"WebSite\",\"@id\":\"https:\\\/\\\/armonti.eu\\\/#website\",\"url\":\"https:\\\/\\\/armonti.eu\\\/\",\"name\":\"ARMONTI\",\"description\":\"\",\"publisher\":{\"@id\":\"https:\\\/\\\/armonti.eu\\\/#organization\"},\"alternateName\":\"\u0416\u0435\u043d\u0441\u043a\u0430\u044f \u0431\u0440\u0435\u043d\u0434\u043e\u0432\u0430\u044f \u043e\u0434\u0435\u0436\u0434\u0430\",\"potentialAction\":[{\"@type\":\"SearchAction\",\"target\":{\"@type\":\"EntryPoint\",\"urlTemplate\":\"https:\\\/\\\/armonti.eu\\\/?s={search_term_string}\"},\"query-input\":{\"@type\":\"PropertyValueSpecification\",\"valueRequired\":true,\"valueName\":\"search_term_string\"}}],\"inLanguage\":\"et\"},{\"@type\":\"Organization\",\"@id\":\"https:\\\/\\\/armonti.eu\\\/#organization\",\"name\":\"ARMONTI\",\"alternateName\":\"\u0416\u0435\u043d\u0441\u043a\u0430\u044f \u0431\u0440\u0435\u043d\u0434\u043e\u0432\u0430\u044f \u043e\u0434\u0435\u0436\u0434\u0430\",\"url\":\"https:\\\/\\\/armonti.eu\\\/\",\"logo\":{\"@type\":\"ImageObject\",\"inLanguage\":\"et\",\"@id\":\"https:\\\/\\\/armonti.eu\\\/#\\\/schema\\\/logo\\\/image\\\/\",\"url\":\"https:\\\/\\\/armonti.eu\\\/wp-content\\\/uploads\\\/2023\\\/05\\\/armonti-logo-white.png\",\"contentUrl\":\"https:\\\/\\\/armonti.eu\\\/wp-content\\\/uploads\\\/2023\\\/05\\\/armonti-logo-white.png\",\"width\":2165,\"height\":554,\"caption\":\"ARMONTI\"},\"image\":{\"@id\":\"https:\\\/\\\/armonti.eu\\\/#\\\/schema\\\/logo\\\/image\\\/\"}}]}<\/script>\n<!-- \/ Yoast SEO plugin. -->","yoast_head_json":{"title":"Dekoratiivse elemendiga baas-T-s\u00e4rk - \u041c\u0430\u0433\u0430\u0437\u0438\u043d \u043e\u0434\u0435\u0436\u0434\u044b ARMONTI","description":"Erinevates v\u00e4rvitoonides sirge l\u00f5ikega baas-T-s\u00e4rk dekoratiivse elemendiga. Universaalne ja stiilne T-s\u00e4rk v\u00e4ikese kaunistusega kaelusel.","robots":{"index":"index","follow":"follow","max-snippet":"max-snippet:-1","max-image-preview":"max-image-preview:large","max-video-preview":"max-video-preview:-1"},"canonical":"https:\/\/armonti.eu\/et\/toode\/dekoratiivse-elemendiga-baas-t-sark\/","og_locale":"et_EE","og_type":"article","og_title":"Dekoratiivse elemendiga baas-T-s\u00e4rk - \u041c\u0430\u0433\u0430\u0437\u0438\u043d \u043e\u0434\u0435\u0436\u0434\u044b ARMONTI","og_description":"Erinevates v\u00e4rvitoonides sirge l\u00f5ikega baas-T-s\u00e4rk dekoratiivse elemendiga. Universaalne ja stiilne T-s\u00e4rk v\u00e4ikese kaunistusega kaelusel.","og_url":"https:\/\/armonti.eu\/et\/toode\/dekoratiivse-elemendiga-baas-t-sark\/","og_site_name":"\u041c\u0430\u0433\u0430\u0437\u0438\u043d \u043e\u0434\u0435\u0436\u0434\u044b ARMONTI","og_image":[{"width":1920,"height":2560,"url":"https:\/\/armonti.eu\/wp-content\/uploads\/2026\/04\/img_9089-scaled.jpg","type":"image\/jpeg"}],"twitter_card":"summary_large_image","twitter_misc":{"Est. reading time":"1 minut"},"schema":{"@context":"https:\/\/schema.org","@graph":[{"@type":"WebPage","@id":"https:\/\/armonti.eu\/et\/toode\/dekoratiivse-elemendiga-baas-t-sark\/","url":"https:\/\/armonti.eu\/et\/toode\/dekoratiivse-elemendiga-baas-t-sark\/","name":"Dekoratiivse elemendiga baas-T-s\u00e4rk - \u041c\u0430\u0433\u0430\u0437\u0438\u043d \u043e\u0434\u0435\u0436\u0434\u044b ARMONTI","isPartOf":{"@id":"https:\/\/armonti.eu\/#website"},"primaryImageOfPage":{"@id":"https:\/\/armonti.eu\/et\/toode\/dekoratiivse-elemendiga-baas-t-sark\/#primaryimage"},"image":{"@id":"https:\/\/armonti.eu\/et\/toode\/dekoratiivse-elemendiga-baas-t-sark\/#primaryimage"},"thumbnailUrl":"https:\/\/armonti.eu\/wp-content\/uploads\/2026\/04\/img_9089-scaled.jpg","datePublished":"2026-04-17T14:37:54+00:00","description":"Erinevates v\u00e4rvitoonides sirge l\u00f5ikega baas-T-s\u00e4rk dekoratiivse elemendiga. Universaalne ja stiilne T-s\u00e4rk v\u00e4ikese kaunistusega kaelusel.","breadcrumb":{"@id":"https:\/\/armonti.eu\/et\/toode\/dekoratiivse-elemendiga-baas-t-sark\/#breadcrumb"},"inLanguage":"et","potentialAction":[{"@type":"ReadAction","target":["https:\/\/armonti.eu\/et\/toode\/dekoratiivse-elemendiga-baas-t-sark\/"]}]},{"@type":"ImageObject","inLanguage":"et","@id":"https:\/\/armonti.eu\/et\/toode\/dekoratiivse-elemendiga-baas-t-sark\/#primaryimage","url":"https:\/\/armonti.eu\/wp-content\/uploads\/2026\/04\/img_9089-scaled.jpg","contentUrl":"https:\/\/armonti.eu\/wp-content\/uploads\/2026\/04\/img_9089-scaled.jpg","width":1920,"height":2560,"caption":"Igap\u00e4evane baas-T-s\u00e4rk"},{"@type":"BreadcrumbList","@id":"https:\/\/armonti.eu\/et\/toode\/dekoratiivse-elemendiga-baas-t-sark\/#breadcrumb","itemListElement":[{"@type":"ListItem","position":1,"name":"\u0413\u043b\u0430\u0432\u043d\u0430\u044f","item":"https:\/\/armonti.eu\/"},{"@type":"ListItem","position":2,"name":"Shop","item":"https:\/\/armonti.eu\/et\/shop\/"},{"@type":"ListItem","position":3,"name":"\u041e\u0434\u0435\u0436\u0434\u0430","item":"https:\/\/armonti.eu\/catalog\/odezhda\/"},{"@type":"ListItem","position":4,"name":"\u0422\u043e\u043f\u044b, \u0444\u0443\u0442\u0431\u043e\u043b\u043a\u0438\u00a0\u0438\u00a0\u043b\u043e\u043d\u0433\u0441\u043b\u0438\u0432\u044b","item":"https:\/\/armonti.eu\/catalog\/odezhda\/futbolki\/"},{"@type":"ListItem","position":5,"name":"Dekoratiivse elemendiga baas-T-s\u00e4rk"}]},{"@type":"WebSite","@id":"https:\/\/armonti.eu\/#website","url":"https:\/\/armonti.eu\/","name":"ARMONTI","description":"","publisher":{"@id":"https:\/\/armonti.eu\/#organization"},"alternateName":"\u0416\u0435\u043d\u0441\u043a\u0430\u044f \u0431\u0440\u0435\u043d\u0434\u043e\u0432\u0430\u044f \u043e\u0434\u0435\u0436\u0434\u0430","potentialAction":[{"@type":"SearchAction","target":{"@type":"EntryPoint","urlTemplate":"https:\/\/armonti.eu\/?s={search_term_string}"},"query-input":{"@type":"PropertyValueSpecification","valueRequired":true,"valueName":"search_term_string"}}],"inLanguage":"et"},{"@type":"Organization","@id":"https:\/\/armonti.eu\/#organization","name":"ARMONTI","alternateName":"\u0416\u0435\u043d\u0441\u043a\u0430\u044f \u0431\u0440\u0435\u043d\u0434\u043e\u0432\u0430\u044f \u043e\u0434\u0435\u0436\u0434\u0430","url":"https:\/\/armonti.eu\/","logo":{"@type":"ImageObject","inLanguage":"et","@id":"https:\/\/armonti.eu\/#\/schema\/logo\/image\/","url":"https:\/\/armonti.eu\/wp-content\/uploads\/2023\/05\/armonti-logo-white.png","contentUrl":"https:\/\/armonti.eu\/wp-content\/uploads\/2023\/05\/armonti-logo-white.png","width":2165,"height":554,"caption":"ARMONTI"},"image":{"@id":"https:\/\/armonti.eu\/#\/schema\/logo\/image\/"}}]}},"_links":{"self":[{"href":"https:\/\/armonti.eu\/et\/wp-json\/wp\/v2\/product\/40429","targetHints":{"allow":["GET"]}}],"collection":[{"href":"https:\/\/armonti.eu\/et\/wp-json\/wp\/v2\/product"}],"about":[{"href":"https:\/\/armonti.eu\/et\/wp-json\/wp\/v2\/types\/product"}],"replies":[{"embeddable":true,"href":"https:\/\/armonti.eu\/et\/wp-json\/wp\/v2\/comments?post=40429"}],"wp:featuredmedia":[{"embeddable":true,"href":"https:\/\/armonti.eu\/et\/wp-json\/wp\/v2\/media\/40266"}],"wp:attachment":[{"href":"https:\/\/armonti.eu\/et\/wp-json\/wp\/v2\/media?parent=40429"}],"wp:term":[{"taxonomy":"product_brand","embeddable":true,"href":"https:\/\/armonti.eu\/et\/wp-json\/wp\/v2\/product_brand?post=40429"},{"taxonomy":"product_cat","embeddable":true,"href":"https:\/\/armonti.eu\/et\/wp-json\/wp\/v2\/product_cat?post=40429"},{"taxonomy":"product_tag","embeddable":true,"href":"https:\/\/armonti.eu\/et\/wp-json\/wp\/v2\/product_tag?post=40429"}],"curies":[{"name":"wp","href":"https:\/\/api.w.org\/{rel}","templated":true}]}}