{"id":40192,"date":"2024-12-06T20:03:51","date_gmt":"2024-12-06T17:03:51","guid":{"rendered":"https:\/\/armonti.eu\/product\/paksud-soonikkoes-fliisvoodriga-retuusid\/"},"modified":"2026-04-16T19:24:46","modified_gmt":"2026-04-16T16:24:46","slug":"paksud-soonikkoes-fliisvoodriga-retuusid","status":"publish","type":"product","link":"https:\/\/armonti.eu\/et\/toode\/paksud-soonikkoes-fliisvoodriga-retuusid\/","title":{"rendered":"Paksud soonikkoes fliisvoodriga retuusid"},"content":{"rendered":"<p>Soojustatud retuusid paksust soonikkoes materjalist, pehme trikota\u017eist fliisvoodriga \u2013 ideaalne valik mugava ja stiilse v\u00e4limuse loomiseks!<br \/>\nMeeldivast elastsest kangast valmistatud retuusid venivad h\u00e4sti ja tagavad liikumisvabaduse.<br \/>\nLai ja mugav v\u00f6\u00f6koht ning k\u00f5rge v\u00f6\u00f6joon tagavad kindla istuvuse ilma ebamugavuseta.<br \/>\nKanga k\u00fclge ei kleepu midagi, mis teeb need ideaalseks igap\u00e4evaseks kandmiseks. Nautige soojust ja mugavust igal aastaajal! <\/p>\n<p>Paksud soonikkoes fliisvoodriga retuusid<br \/>\nHind: 29\u20ac<br \/>\nTootekood: 6004<\/p>\n<p>Suurused: S\/M, M\/L, L\/XL, XL\/XXL<br \/>\nV\u00e4rv: must<br \/>\nToote pikkus: 99\u2013102 cm<br \/>\nKoostis: 92% pol\u00fcamiid, 8% elast<\/p>\n<p>Kirjeldus ja detailid:<br \/>\nSoojustatud retuusid paksust soonikkoes materjalist, pehme trikota\u017eist fliisvoodriga \u2013 ideaalne valik mugava ja stiilse v\u00e4limuse jaoks! Meeldivast elastsest kangast valmistatud retuusid venivad suurep\u00e4raselt ja tagavad liikumisvabaduse. Lai ja mugav v\u00f6\u00f6koht ning k\u00f5rge v\u00f6\u00f6joon tagavad kindla istuvuse ilma ebamugavuseta. Kanga k\u00fclge ei kleepu midagi, mis teeb need ideaalseks igap\u00e4evaseks kandmiseks. Nautige soojust ja mugavust igal aastaajal!    <\/p>\n<p>Toote m\u00f5\u00f5dud (cm):<br \/>\nS\/M \u2013 v\u00f6\u00f6\u00fcmberm\u00f5\u00f5t 67\u201380, puusa\u00fcmberm\u00f5\u00f5t 92\u201398, pikkus 99<br \/>\nM\/L \u2013 v\u00f6\u00f6\u00fcmberm\u00f5\u00f5t 75\u201386, puusa\u00fcmberm\u00f5\u00f5t 98\u2013105, pikkus 100<br \/>\nL\/XL \u2013 v\u00f6\u00f6\u00fcmberm\u00f5\u00f5t 80\u201394, puusa\u00fcmberm\u00f5\u00f5t 105\u2013112, pikkus 101<br \/>\nXL\/2XL \u2013 v\u00f6\u00f6\u00fcmberm\u00f5\u00f5t 84\u2013100, puusa\u00fcmberm\u00f5\u00f5t 112\u2013118, pikkus 102<br \/>\nKangas on v\u00e4ga pehme ja h\u00e4sti veniv!<\/p>\n<p>V\u00d6 \u2013 v\u00f6\u00f6\u00fcmberm\u00f5\u00f5t<br \/>\nPU \u2013 puusa\u00fcmberm\u00f5\u00f5t<\/p>\n<p>M\u00f5\u00f5tudes on lubatud 1\u20132 cm veam\u00e4\u00e4r, eriti trikoo- ja kudumtoodete puhul.<\/p>\n<p>M\u00e4rkige tellimuse kommentaarides kindlasti oma m\u00f5\u00f5dud (puusa\u00fcmberm\u00f5\u00f5t, talje\u00fcmberm\u00f5\u00f5t ja pikkus) \u2014 see aitab meil t\u00e4psemalt valida \u00f5ige suuruse.<\/p>\n<p>Tootekood: 6004<\/p>\n","protected":false},"excerpt":{"rendered":"<p>Suurused: S\/M, M\/L, L\/XL, XL\/XXL<br \/>\nV\u00e4rv: must<br \/>\nToote pikkus: 99\u2013102 cm<br \/>\nKoostis: 92% pol\u00fcamiid, 8% elast<\/p>\n","protected":false},"featured_media":24300,"comment_status":"open","ping_status":"closed","template":"","meta":[],"product_brand":[],"product_cat":[333,331,455],"product_tag":[],"class_list":{"0":"post-40192","1":"product","2":"type-product","3":"status-publish","4":"has-post-thumbnail","6":"product_cat-hity-prodazh-et","7":"product_cat-legginsy-et","8":"product_cat-soojad-retuusid","10":"first","11":"instock","12":"shipping-taxable","13":"purchasable","14":"product-type-variable"},"yoast_head":"<!-- This site is optimized with the Yoast SEO plugin v27.4 - https:\/\/yoast.com\/product\/yoast-seo-wordpress\/ -->\n<title>Paksud soonikkoes fliisvoodriga retuusid - \u041c\u0430\u0433\u0430\u0437\u0438\u043d \u043e\u0434\u0435\u0436\u0434\u044b ARMONTI<\/title>\n<meta name=\"description\" content=\"Paksud soonikkoes fliisvoodriga retuusid. Meeldivast elastsest kangast valmistatud retuusid venivad h\u00e4sti ja tagavad liikumisvabaduse.\" \/>\n<meta name=\"robots\" content=\"index, follow, max-snippet:-1, max-image-preview:large, max-video-preview:-1\" \/>\n<link rel=\"canonical\" href=\"https:\/\/armonti.eu\/et\/toode\/paksud-soonikkoes-fliisvoodriga-retuusid\/\" \/>\n<meta property=\"og:locale\" content=\"et_EE\" \/>\n<meta property=\"og:type\" content=\"article\" \/>\n<meta property=\"og:title\" content=\"Paksud soonikkoes fliisvoodriga retuusid - \u041c\u0430\u0433\u0430\u0437\u0438\u043d \u043e\u0434\u0435\u0436\u0434\u044b ARMONTI\" \/>\n<meta property=\"og:description\" content=\"Sellel mudelil on keskmisest k\u00f5rgem istuvus laial, elastsest ja pehmest v\u00f6\u00f6kohal. V\u00f6\u00f6 sisek\u00fclg on puuvillasest trikotaa\u017eist alusel. See mudel on valmistatud kvaliteetsetest materjalidest.\" \/>\n<meta property=\"og:url\" content=\"https:\/\/armonti.eu\/et\/toode\/paksud-soonikkoes-fliisvoodriga-retuusid\/\" \/>\n<meta property=\"og:site_name\" content=\"\u041c\u0430\u0433\u0430\u0437\u0438\u043d \u043e\u0434\u0435\u0436\u0434\u044b ARMONTI\" \/>\n<meta property=\"article:modified_time\" content=\"2026-04-16T16:24:46+00:00\" \/>\n<meta property=\"og:image\" content=\"https:\/\/armonti.eu\/wp-content\/uploads\/2024\/12\/img_9472.jpg\" \/>\n\t<meta property=\"og:image:width\" content=\"825\" \/>\n\t<meta property=\"og:image:height\" content=\"1100\" \/>\n\t<meta property=\"og:image:type\" content=\"image\/jpeg\" \/>\n<meta name=\"twitter:card\" content=\"summary_large_image\" \/>\n<meta name=\"twitter:title\" content=\"Paksud soonikkoes fliisvoodriga retuusid - \u041c\u0430\u0433\u0430\u0437\u0438\u043d \u043e\u0434\u0435\u0436\u0434\u044b ARMONTI\" \/>\n<meta name=\"twitter:description\" content=\"Sellel mudelil on keskmisest k\u00f5rgem istuvus laia, elastse ja pehme v\u00f6\u00f6kohaga. V\u00f6\u00f6 sisek\u00fclg on puuvillasest trikotaa\u017ekangast alusel. See mudel on valmistatud kvaliteetsetest materjalidest.\" \/>\n<meta name=\"twitter:label1\" content=\"Est. reading time\" \/>\n\t<meta name=\"twitter:data1\" content=\"1 minut\" \/>\n<script type=\"application\/ld+json\" class=\"yoast-schema-graph\">{\"@context\":\"https:\\\/\\\/schema.org\",\"@graph\":[{\"@type\":\"WebPage\",\"@id\":\"https:\\\/\\\/armonti.eu\\\/et\\\/toode\\\/paksud-soonikkoes-fliisvoodriga-retuusid\\\/\",\"url\":\"https:\\\/\\\/armonti.eu\\\/et\\\/toode\\\/paksud-soonikkoes-fliisvoodriga-retuusid\\\/\",\"name\":\"Paksud soonikkoes fliisvoodriga retuusid - \u041c\u0430\u0433\u0430\u0437\u0438\u043d \u043e\u0434\u0435\u0436\u0434\u044b ARMONTI\",\"isPartOf\":{\"@id\":\"https:\\\/\\\/armonti.eu\\\/#website\"},\"primaryImageOfPage\":{\"@id\":\"https:\\\/\\\/armonti.eu\\\/et\\\/toode\\\/paksud-soonikkoes-fliisvoodriga-retuusid\\\/#primaryimage\"},\"image\":{\"@id\":\"https:\\\/\\\/armonti.eu\\\/et\\\/toode\\\/paksud-soonikkoes-fliisvoodriga-retuusid\\\/#primaryimage\"},\"thumbnailUrl\":\"https:\\\/\\\/armonti.eu\\\/wp-content\\\/uploads\\\/2024\\\/12\\\/img_9472.jpg\",\"datePublished\":\"2024-12-06T17:03:51+00:00\",\"dateModified\":\"2026-04-16T16:24:46+00:00\",\"description\":\"Paksud soonikkoes fliisvoodriga retuusid. Meeldivast elastsest kangast valmistatud retuusid venivad h\u00e4sti ja tagavad liikumisvabaduse.\",\"breadcrumb\":{\"@id\":\"https:\\\/\\\/armonti.eu\\\/et\\\/toode\\\/paksud-soonikkoes-fliisvoodriga-retuusid\\\/#breadcrumb\"},\"inLanguage\":\"et\",\"potentialAction\":[{\"@type\":\"ReadAction\",\"target\":[\"https:\\\/\\\/armonti.eu\\\/et\\\/toode\\\/paksud-soonikkoes-fliisvoodriga-retuusid\\\/\"]}]},{\"@type\":\"ImageObject\",\"inLanguage\":\"et\",\"@id\":\"https:\\\/\\\/armonti.eu\\\/et\\\/toode\\\/paksud-soonikkoes-fliisvoodriga-retuusid\\\/#primaryimage\",\"url\":\"https:\\\/\\\/armonti.eu\\\/wp-content\\\/uploads\\\/2024\\\/12\\\/img_9472.jpg\",\"contentUrl\":\"https:\\\/\\\/armonti.eu\\\/wp-content\\\/uploads\\\/2024\\\/12\\\/img_9472.jpg\",\"width\":825,\"height\":1100,\"caption\":\"Naiste soojustatud fliisvoodriga retuusid\"},{\"@type\":\"BreadcrumbList\",\"@id\":\"https:\\\/\\\/armonti.eu\\\/et\\\/toode\\\/paksud-soonikkoes-fliisvoodriga-retuusid\\\/#breadcrumb\",\"itemListElement\":[{\"@type\":\"ListItem\",\"position\":1,\"name\":\"\u0413\u043b\u0430\u0432\u043d\u0430\u044f\",\"item\":\"https:\\\/\\\/armonti.eu\\\/\"},{\"@type\":\"ListItem\",\"position\":2,\"name\":\"Shop\",\"item\":\"https:\\\/\\\/armonti.eu\\\/et\\\/shop\\\/\"},{\"@type\":\"ListItem\",\"position\":3,\"name\":\"Paksud soonikkoes fliisvoodriga retuusid\"}]},{\"@type\":\"WebSite\",\"@id\":\"https:\\\/\\\/armonti.eu\\\/#website\",\"url\":\"https:\\\/\\\/armonti.eu\\\/\",\"name\":\"ARMONTI\",\"description\":\"\",\"publisher\":{\"@id\":\"https:\\\/\\\/armonti.eu\\\/#organization\"},\"alternateName\":\"\u0416\u0435\u043d\u0441\u043a\u0430\u044f \u0431\u0440\u0435\u043d\u0434\u043e\u0432\u0430\u044f \u043e\u0434\u0435\u0436\u0434\u0430\",\"potentialAction\":[{\"@type\":\"SearchAction\",\"target\":{\"@type\":\"EntryPoint\",\"urlTemplate\":\"https:\\\/\\\/armonti.eu\\\/?s={search_term_string}\"},\"query-input\":{\"@type\":\"PropertyValueSpecification\",\"valueRequired\":true,\"valueName\":\"search_term_string\"}}],\"inLanguage\":\"et\"},{\"@type\":\"Organization\",\"@id\":\"https:\\\/\\\/armonti.eu\\\/#organization\",\"name\":\"ARMONTI\",\"alternateName\":\"\u0416\u0435\u043d\u0441\u043a\u0430\u044f \u0431\u0440\u0435\u043d\u0434\u043e\u0432\u0430\u044f \u043e\u0434\u0435\u0436\u0434\u0430\",\"url\":\"https:\\\/\\\/armonti.eu\\\/\",\"logo\":{\"@type\":\"ImageObject\",\"inLanguage\":\"et\",\"@id\":\"https:\\\/\\\/armonti.eu\\\/#\\\/schema\\\/logo\\\/image\\\/\",\"url\":\"https:\\\/\\\/armonti.eu\\\/wp-content\\\/uploads\\\/2023\\\/05\\\/armonti-logo-white.png\",\"contentUrl\":\"https:\\\/\\\/armonti.eu\\\/wp-content\\\/uploads\\\/2023\\\/05\\\/armonti-logo-white.png\",\"width\":2165,\"height\":554,\"caption\":\"ARMONTI\"},\"image\":{\"@id\":\"https:\\\/\\\/armonti.eu\\\/#\\\/schema\\\/logo\\\/image\\\/\"}}]}<\/script>\n<!-- \/ Yoast SEO plugin. -->","yoast_head_json":{"title":"Paksud soonikkoes fliisvoodriga retuusid - \u041c\u0430\u0433\u0430\u0437\u0438\u043d \u043e\u0434\u0435\u0436\u0434\u044b ARMONTI","description":"Paksud soonikkoes fliisvoodriga retuusid. Meeldivast elastsest kangast valmistatud retuusid venivad h\u00e4sti ja tagavad liikumisvabaduse.","robots":{"index":"index","follow":"follow","max-snippet":"max-snippet:-1","max-image-preview":"max-image-preview:large","max-video-preview":"max-video-preview:-1"},"canonical":"https:\/\/armonti.eu\/et\/toode\/paksud-soonikkoes-fliisvoodriga-retuusid\/","og_locale":"et_EE","og_type":"article","og_title":"Paksud soonikkoes fliisvoodriga retuusid - \u041c\u0430\u0433\u0430\u0437\u0438\u043d \u043e\u0434\u0435\u0436\u0434\u044b ARMONTI","og_description":"Sellel mudelil on keskmisest k\u00f5rgem istuvus laial, elastsest ja pehmest v\u00f6\u00f6kohal. V\u00f6\u00f6 sisek\u00fclg on puuvillasest trikotaa\u017eist alusel. See mudel on valmistatud kvaliteetsetest materjalidest.","og_url":"https:\/\/armonti.eu\/et\/toode\/paksud-soonikkoes-fliisvoodriga-retuusid\/","og_site_name":"\u041c\u0430\u0433\u0430\u0437\u0438\u043d \u043e\u0434\u0435\u0436\u0434\u044b ARMONTI","article_modified_time":"2026-04-16T16:24:46+00:00","og_image":[{"width":825,"height":1100,"url":"https:\/\/armonti.eu\/wp-content\/uploads\/2024\/12\/img_9472.jpg","type":"image\/jpeg"}],"twitter_card":"summary_large_image","twitter_title":"Paksud soonikkoes fliisvoodriga retuusid - \u041c\u0430\u0433\u0430\u0437\u0438\u043d \u043e\u0434\u0435\u0436\u0434\u044b ARMONTI","twitter_description":"Sellel mudelil on keskmisest k\u00f5rgem istuvus laia, elastse ja pehme v\u00f6\u00f6kohaga. V\u00f6\u00f6 sisek\u00fclg on puuvillasest trikotaa\u017ekangast alusel. See mudel on valmistatud kvaliteetsetest materjalidest.","twitter_misc":{"Est. reading time":"1 minut"},"schema":{"@context":"https:\/\/schema.org","@graph":[{"@type":"WebPage","@id":"https:\/\/armonti.eu\/et\/toode\/paksud-soonikkoes-fliisvoodriga-retuusid\/","url":"https:\/\/armonti.eu\/et\/toode\/paksud-soonikkoes-fliisvoodriga-retuusid\/","name":"Paksud soonikkoes fliisvoodriga retuusid - \u041c\u0430\u0433\u0430\u0437\u0438\u043d \u043e\u0434\u0435\u0436\u0434\u044b ARMONTI","isPartOf":{"@id":"https:\/\/armonti.eu\/#website"},"primaryImageOfPage":{"@id":"https:\/\/armonti.eu\/et\/toode\/paksud-soonikkoes-fliisvoodriga-retuusid\/#primaryimage"},"image":{"@id":"https:\/\/armonti.eu\/et\/toode\/paksud-soonikkoes-fliisvoodriga-retuusid\/#primaryimage"},"thumbnailUrl":"https:\/\/armonti.eu\/wp-content\/uploads\/2024\/12\/img_9472.jpg","datePublished":"2024-12-06T17:03:51+00:00","dateModified":"2026-04-16T16:24:46+00:00","description":"Paksud soonikkoes fliisvoodriga retuusid. Meeldivast elastsest kangast valmistatud retuusid venivad h\u00e4sti ja tagavad liikumisvabaduse.","breadcrumb":{"@id":"https:\/\/armonti.eu\/et\/toode\/paksud-soonikkoes-fliisvoodriga-retuusid\/#breadcrumb"},"inLanguage":"et","potentialAction":[{"@type":"ReadAction","target":["https:\/\/armonti.eu\/et\/toode\/paksud-soonikkoes-fliisvoodriga-retuusid\/"]}]},{"@type":"ImageObject","inLanguage":"et","@id":"https:\/\/armonti.eu\/et\/toode\/paksud-soonikkoes-fliisvoodriga-retuusid\/#primaryimage","url":"https:\/\/armonti.eu\/wp-content\/uploads\/2024\/12\/img_9472.jpg","contentUrl":"https:\/\/armonti.eu\/wp-content\/uploads\/2024\/12\/img_9472.jpg","width":825,"height":1100,"caption":"Naiste soojustatud fliisvoodriga retuusid"},{"@type":"BreadcrumbList","@id":"https:\/\/armonti.eu\/et\/toode\/paksud-soonikkoes-fliisvoodriga-retuusid\/#breadcrumb","itemListElement":[{"@type":"ListItem","position":1,"name":"\u0413\u043b\u0430\u0432\u043d\u0430\u044f","item":"https:\/\/armonti.eu\/"},{"@type":"ListItem","position":2,"name":"Shop","item":"https:\/\/armonti.eu\/et\/shop\/"},{"@type":"ListItem","position":3,"name":"Paksud soonikkoes fliisvoodriga retuusid"}]},{"@type":"WebSite","@id":"https:\/\/armonti.eu\/#website","url":"https:\/\/armonti.eu\/","name":"ARMONTI","description":"","publisher":{"@id":"https:\/\/armonti.eu\/#organization"},"alternateName":"\u0416\u0435\u043d\u0441\u043a\u0430\u044f \u0431\u0440\u0435\u043d\u0434\u043e\u0432\u0430\u044f \u043e\u0434\u0435\u0436\u0434\u0430","potentialAction":[{"@type":"SearchAction","target":{"@type":"EntryPoint","urlTemplate":"https:\/\/armonti.eu\/?s={search_term_string}"},"query-input":{"@type":"PropertyValueSpecification","valueRequired":true,"valueName":"search_term_string"}}],"inLanguage":"et"},{"@type":"Organization","@id":"https:\/\/armonti.eu\/#organization","name":"ARMONTI","alternateName":"\u0416\u0435\u043d\u0441\u043a\u0430\u044f \u0431\u0440\u0435\u043d\u0434\u043e\u0432\u0430\u044f \u043e\u0434\u0435\u0436\u0434\u0430","url":"https:\/\/armonti.eu\/","logo":{"@type":"ImageObject","inLanguage":"et","@id":"https:\/\/armonti.eu\/#\/schema\/logo\/image\/","url":"https:\/\/armonti.eu\/wp-content\/uploads\/2023\/05\/armonti-logo-white.png","contentUrl":"https:\/\/armonti.eu\/wp-content\/uploads\/2023\/05\/armonti-logo-white.png","width":2165,"height":554,"caption":"ARMONTI"},"image":{"@id":"https:\/\/armonti.eu\/#\/schema\/logo\/image\/"}}]}},"_links":{"self":[{"href":"https:\/\/armonti.eu\/et\/wp-json\/wp\/v2\/product\/40192","targetHints":{"allow":["GET"]}}],"collection":[{"href":"https:\/\/armonti.eu\/et\/wp-json\/wp\/v2\/product"}],"about":[{"href":"https:\/\/armonti.eu\/et\/wp-json\/wp\/v2\/types\/product"}],"replies":[{"embeddable":true,"href":"https:\/\/armonti.eu\/et\/wp-json\/wp\/v2\/comments?post=40192"}],"wp:featuredmedia":[{"embeddable":true,"href":"https:\/\/armonti.eu\/et\/wp-json\/wp\/v2\/media\/24300"}],"wp:attachment":[{"href":"https:\/\/armonti.eu\/et\/wp-json\/wp\/v2\/media?parent=40192"}],"wp:term":[{"taxonomy":"product_brand","embeddable":true,"href":"https:\/\/armonti.eu\/et\/wp-json\/wp\/v2\/product_brand?post=40192"},{"taxonomy":"product_cat","embeddable":true,"href":"https:\/\/armonti.eu\/et\/wp-json\/wp\/v2\/product_cat?post=40192"},{"taxonomy":"product_tag","embeddable":true,"href":"https:\/\/armonti.eu\/et\/wp-json\/wp\/v2\/product_tag?post=40192"}],"curies":[{"name":"wp","href":"https:\/\/api.w.org\/{rel}","templated":true}]}}