{"id":40189,"date":"2024-12-19T13:02:18","date_gmt":"2024-12-19T10:02:18","guid":{"rendered":"https:\/\/armonti.eu\/product\/karvase-voodriga-retuusid\/"},"modified":"2024-12-19T13:02:18","modified_gmt":"2024-12-19T10:02:18","slug":"karvase-voodriga-retuusid","status":"publish","type":"product","link":"https:\/\/armonti.eu\/et\/toode\/karvase-voodriga-retuusid\/","title":{"rendered":"Karvase voodriga retuusid"},"content":{"rendered":"<p>Karvase voodriga retuusid \u00fche lameda \u00f5mblusega.<\/p>\n<p>Sukelduge mugavuse ja soojuse maailma meie karvase voodriga retuusidega!<br \/>\nNeed retuusid sobivad ideaalselt k\u00fclmaks aastaajaks, pakkudes m\u00f5nusat mugavustunnet ja kaitset k\u00fclma eest.<br \/>\nNeed on valmistatud kvaliteetsest puuvilla sisaldavast materjalist. Hoiavad h\u00e4sti soojust ning pehme karvane vooder pakub kandmisel erakordset mugavustunnet. <\/p>\n<p>\u00dcks meie retuuside v\u00f5tmeomadusi on lame \u00f5mblus, mis lisab esteetilisust, v\u00e4listab h\u00f5\u00f5rdumise ning tagab maksimaalse mugavuse igas olukorras.<br \/>\nNeed sobivad suurep\u00e4raselt nii aktiivseteks jalutusk\u00e4ikudeks kui ka kodus puhkamiseks.<\/p>\n<p>Hooldus: triikimine kuni 110\u202f\u00b0C, pleegitamine keelatud, \u00f5rnpesu 30\u202f\u00b0C juures<\/p>\n<p>Tootekood: 564<\/p>\n","protected":false},"excerpt":{"rendered":"<p>Suurus: S\/M, L\/XL<br \/>\nKoostis: 46% vill, 39% puuvill, 9% pol\u00fcamiid, 6% elastaan<br \/>\nV\u00e4rv: must<br \/>\nPuusa\u00fcmberm\u00f5\u00f5t (cm):<br \/>\nS\/M 92\u2013104 cm, L\/XL 104\u2013118 cm<br \/>Pikkus: 94 cm<\/p>\n","protected":false},"featured_media":24733,"comment_status":"open","ping_status":"closed","template":"","meta":[],"product_brand":[],"product_cat":[333,331,455],"product_tag":[],"class_list":{"0":"post-40189","1":"product","2":"type-product","3":"status-publish","4":"has-post-thumbnail","6":"product_cat-hity-prodazh-et","7":"product_cat-legginsy-et","8":"product_cat-soojad-retuusid","10":"first","11":"instock","12":"shipping-taxable","13":"purchasable","14":"product-type-variable"},"yoast_head":"<!-- This site is optimized with the Yoast SEO plugin v27.4 - https:\/\/yoast.com\/product\/yoast-seo-wordpress\/ -->\n<title>Karvase voodriga retuusid - \u041c\u0430\u0433\u0430\u0437\u0438\u043d \u043e\u0434\u0435\u0436\u0434\u044b ARMONTI<\/title>\n<meta name=\"description\" content=\"Karvase voodriga retuusid\" \/>\n<meta name=\"robots\" content=\"index, follow, max-snippet:-1, max-image-preview:large, max-video-preview:-1\" \/>\n<link rel=\"canonical\" href=\"https:\/\/armonti.eu\/et\/toode\/karvase-voodriga-retuusid\/\" \/>\n<meta property=\"og:locale\" content=\"et_EE\" \/>\n<meta property=\"og:type\" content=\"article\" \/>\n<meta property=\"og:title\" content=\"Karvase voodriga retuusid - \u041c\u0430\u0433\u0430\u0437\u0438\u043d \u043e\u0434\u0435\u0436\u0434\u044b ARMONTI\" \/>\n<meta property=\"og:description\" content=\"Soojad retuusid tiheda pehme fliisvoodriga ja k\u00f5rge v\u00f6\u00f6kohaga. \u00dche lameda \u00f5mblusega. Sobib kandmiseks l\u00fchikese d\u017eemperiga!\" \/>\n<meta property=\"og:url\" content=\"https:\/\/armonti.eu\/et\/toode\/karvase-voodriga-retuusid\/\" \/>\n<meta property=\"og:site_name\" content=\"\u041c\u0430\u0433\u0430\u0437\u0438\u043d \u043e\u0434\u0435\u0436\u0434\u044b ARMONTI\" \/>\n<meta property=\"og:image\" content=\"https:\/\/armonti.eu\/wp-content\/uploads\/2024\/12\/img_0525.jpg\" \/>\n\t<meta property=\"og:image:width\" content=\"750\" \/>\n\t<meta property=\"og:image:height\" content=\"1000\" \/>\n\t<meta property=\"og:image:type\" content=\"image\/jpeg\" \/>\n<meta name=\"twitter:card\" content=\"summary_large_image\" \/>\n<meta name=\"twitter:title\" content=\"Karvase voodriga retuusid - \u041c\u0430\u0433\u0430\u0437\u0438\u043d \u043e\u0434\u0435\u0436\u0434\u044b ARMONTI\" \/>\n<meta name=\"twitter:description\" content=\"Soojad retuusid tiheda pehme fliisvoodriga ja k\u00f5rge v\u00f6\u00f6kohaga. \u00dche lameda \u00f5mblusega. Sobib kandmiseks l\u00fchikese d\u017eemperiga!\" \/>\n<script type=\"application\/ld+json\" class=\"yoast-schema-graph\">{\"@context\":\"https:\\\/\\\/schema.org\",\"@graph\":[{\"@type\":\"WebPage\",\"@id\":\"https:\\\/\\\/armonti.eu\\\/et\\\/toode\\\/karvase-voodriga-retuusid\\\/\",\"url\":\"https:\\\/\\\/armonti.eu\\\/et\\\/toode\\\/karvase-voodriga-retuusid\\\/\",\"name\":\"Karvase voodriga retuusid - \u041c\u0430\u0433\u0430\u0437\u0438\u043d \u043e\u0434\u0435\u0436\u0434\u044b ARMONTI\",\"isPartOf\":{\"@id\":\"https:\\\/\\\/armonti.eu\\\/#website\"},\"primaryImageOfPage\":{\"@id\":\"https:\\\/\\\/armonti.eu\\\/et\\\/toode\\\/karvase-voodriga-retuusid\\\/#primaryimage\"},\"image\":{\"@id\":\"https:\\\/\\\/armonti.eu\\\/et\\\/toode\\\/karvase-voodriga-retuusid\\\/#primaryimage\"},\"thumbnailUrl\":\"https:\\\/\\\/armonti.eu\\\/wp-content\\\/uploads\\\/2024\\\/12\\\/img_0525.jpg\",\"datePublished\":\"2024-12-19T10:02:18+00:00\",\"description\":\"Karvase voodriga retuusid\",\"breadcrumb\":{\"@id\":\"https:\\\/\\\/armonti.eu\\\/et\\\/toode\\\/karvase-voodriga-retuusid\\\/#breadcrumb\"},\"inLanguage\":\"et\",\"potentialAction\":[{\"@type\":\"ReadAction\",\"target\":[\"https:\\\/\\\/armonti.eu\\\/et\\\/toode\\\/karvase-voodriga-retuusid\\\/\"]}]},{\"@type\":\"ImageObject\",\"inLanguage\":\"et\",\"@id\":\"https:\\\/\\\/armonti.eu\\\/et\\\/toode\\\/karvase-voodriga-retuusid\\\/#primaryimage\",\"url\":\"https:\\\/\\\/armonti.eu\\\/wp-content\\\/uploads\\\/2024\\\/12\\\/img_0525.jpg\",\"contentUrl\":\"https:\\\/\\\/armonti.eu\\\/wp-content\\\/uploads\\\/2024\\\/12\\\/img_0525.jpg\",\"width\":750,\"height\":1000},{\"@type\":\"BreadcrumbList\",\"@id\":\"https:\\\/\\\/armonti.eu\\\/et\\\/toode\\\/karvase-voodriga-retuusid\\\/#breadcrumb\",\"itemListElement\":[{\"@type\":\"ListItem\",\"position\":1,\"name\":\"\u0413\u043b\u0430\u0432\u043d\u0430\u044f\",\"item\":\"https:\\\/\\\/armonti.eu\\\/\"},{\"@type\":\"ListItem\",\"position\":2,\"name\":\"Shop\",\"item\":\"https:\\\/\\\/armonti.eu\\\/et\\\/shop\\\/\"},{\"@type\":\"ListItem\",\"position\":3,\"name\":\"Karvase voodriga retuusid\"}]},{\"@type\":\"WebSite\",\"@id\":\"https:\\\/\\\/armonti.eu\\\/#website\",\"url\":\"https:\\\/\\\/armonti.eu\\\/\",\"name\":\"ARMONTI\",\"description\":\"\",\"publisher\":{\"@id\":\"https:\\\/\\\/armonti.eu\\\/#organization\"},\"alternateName\":\"\u0416\u0435\u043d\u0441\u043a\u0430\u044f \u0431\u0440\u0435\u043d\u0434\u043e\u0432\u0430\u044f \u043e\u0434\u0435\u0436\u0434\u0430\",\"potentialAction\":[{\"@type\":\"SearchAction\",\"target\":{\"@type\":\"EntryPoint\",\"urlTemplate\":\"https:\\\/\\\/armonti.eu\\\/?s={search_term_string}\"},\"query-input\":{\"@type\":\"PropertyValueSpecification\",\"valueRequired\":true,\"valueName\":\"search_term_string\"}}],\"inLanguage\":\"et\"},{\"@type\":\"Organization\",\"@id\":\"https:\\\/\\\/armonti.eu\\\/#organization\",\"name\":\"ARMONTI\",\"alternateName\":\"\u0416\u0435\u043d\u0441\u043a\u0430\u044f \u0431\u0440\u0435\u043d\u0434\u043e\u0432\u0430\u044f \u043e\u0434\u0435\u0436\u0434\u0430\",\"url\":\"https:\\\/\\\/armonti.eu\\\/\",\"logo\":{\"@type\":\"ImageObject\",\"inLanguage\":\"et\",\"@id\":\"https:\\\/\\\/armonti.eu\\\/#\\\/schema\\\/logo\\\/image\\\/\",\"url\":\"https:\\\/\\\/armonti.eu\\\/wp-content\\\/uploads\\\/2023\\\/05\\\/armonti-logo-white.png\",\"contentUrl\":\"https:\\\/\\\/armonti.eu\\\/wp-content\\\/uploads\\\/2023\\\/05\\\/armonti-logo-white.png\",\"width\":2165,\"height\":554,\"caption\":\"ARMONTI\"},\"image\":{\"@id\":\"https:\\\/\\\/armonti.eu\\\/#\\\/schema\\\/logo\\\/image\\\/\"}}]}<\/script>\n<!-- \/ Yoast SEO plugin. -->","yoast_head_json":{"title":"Karvase voodriga retuusid - \u041c\u0430\u0433\u0430\u0437\u0438\u043d \u043e\u0434\u0435\u0436\u0434\u044b ARMONTI","description":"Karvase voodriga retuusid","robots":{"index":"index","follow":"follow","max-snippet":"max-snippet:-1","max-image-preview":"max-image-preview:large","max-video-preview":"max-video-preview:-1"},"canonical":"https:\/\/armonti.eu\/et\/toode\/karvase-voodriga-retuusid\/","og_locale":"et_EE","og_type":"article","og_title":"Karvase voodriga retuusid - \u041c\u0430\u0433\u0430\u0437\u0438\u043d \u043e\u0434\u0435\u0436\u0434\u044b ARMONTI","og_description":"Soojad retuusid tiheda pehme fliisvoodriga ja k\u00f5rge v\u00f6\u00f6kohaga. \u00dche lameda \u00f5mblusega. Sobib kandmiseks l\u00fchikese d\u017eemperiga!","og_url":"https:\/\/armonti.eu\/et\/toode\/karvase-voodriga-retuusid\/","og_site_name":"\u041c\u0430\u0433\u0430\u0437\u0438\u043d \u043e\u0434\u0435\u0436\u0434\u044b ARMONTI","og_image":[{"width":750,"height":1000,"url":"https:\/\/armonti.eu\/wp-content\/uploads\/2024\/12\/img_0525.jpg","type":"image\/jpeg"}],"twitter_card":"summary_large_image","twitter_title":"Karvase voodriga retuusid - \u041c\u0430\u0433\u0430\u0437\u0438\u043d \u043e\u0434\u0435\u0436\u0434\u044b ARMONTI","twitter_description":"Soojad retuusid tiheda pehme fliisvoodriga ja k\u00f5rge v\u00f6\u00f6kohaga. \u00dche lameda \u00f5mblusega. Sobib kandmiseks l\u00fchikese d\u017eemperiga!","schema":{"@context":"https:\/\/schema.org","@graph":[{"@type":"WebPage","@id":"https:\/\/armonti.eu\/et\/toode\/karvase-voodriga-retuusid\/","url":"https:\/\/armonti.eu\/et\/toode\/karvase-voodriga-retuusid\/","name":"Karvase voodriga retuusid - \u041c\u0430\u0433\u0430\u0437\u0438\u043d \u043e\u0434\u0435\u0436\u0434\u044b ARMONTI","isPartOf":{"@id":"https:\/\/armonti.eu\/#website"},"primaryImageOfPage":{"@id":"https:\/\/armonti.eu\/et\/toode\/karvase-voodriga-retuusid\/#primaryimage"},"image":{"@id":"https:\/\/armonti.eu\/et\/toode\/karvase-voodriga-retuusid\/#primaryimage"},"thumbnailUrl":"https:\/\/armonti.eu\/wp-content\/uploads\/2024\/12\/img_0525.jpg","datePublished":"2024-12-19T10:02:18+00:00","description":"Karvase voodriga retuusid","breadcrumb":{"@id":"https:\/\/armonti.eu\/et\/toode\/karvase-voodriga-retuusid\/#breadcrumb"},"inLanguage":"et","potentialAction":[{"@type":"ReadAction","target":["https:\/\/armonti.eu\/et\/toode\/karvase-voodriga-retuusid\/"]}]},{"@type":"ImageObject","inLanguage":"et","@id":"https:\/\/armonti.eu\/et\/toode\/karvase-voodriga-retuusid\/#primaryimage","url":"https:\/\/armonti.eu\/wp-content\/uploads\/2024\/12\/img_0525.jpg","contentUrl":"https:\/\/armonti.eu\/wp-content\/uploads\/2024\/12\/img_0525.jpg","width":750,"height":1000},{"@type":"BreadcrumbList","@id":"https:\/\/armonti.eu\/et\/toode\/karvase-voodriga-retuusid\/#breadcrumb","itemListElement":[{"@type":"ListItem","position":1,"name":"\u0413\u043b\u0430\u0432\u043d\u0430\u044f","item":"https:\/\/armonti.eu\/"},{"@type":"ListItem","position":2,"name":"Shop","item":"https:\/\/armonti.eu\/et\/shop\/"},{"@type":"ListItem","position":3,"name":"Karvase voodriga retuusid"}]},{"@type":"WebSite","@id":"https:\/\/armonti.eu\/#website","url":"https:\/\/armonti.eu\/","name":"ARMONTI","description":"","publisher":{"@id":"https:\/\/armonti.eu\/#organization"},"alternateName":"\u0416\u0435\u043d\u0441\u043a\u0430\u044f \u0431\u0440\u0435\u043d\u0434\u043e\u0432\u0430\u044f \u043e\u0434\u0435\u0436\u0434\u0430","potentialAction":[{"@type":"SearchAction","target":{"@type":"EntryPoint","urlTemplate":"https:\/\/armonti.eu\/?s={search_term_string}"},"query-input":{"@type":"PropertyValueSpecification","valueRequired":true,"valueName":"search_term_string"}}],"inLanguage":"et"},{"@type":"Organization","@id":"https:\/\/armonti.eu\/#organization","name":"ARMONTI","alternateName":"\u0416\u0435\u043d\u0441\u043a\u0430\u044f \u0431\u0440\u0435\u043d\u0434\u043e\u0432\u0430\u044f \u043e\u0434\u0435\u0436\u0434\u0430","url":"https:\/\/armonti.eu\/","logo":{"@type":"ImageObject","inLanguage":"et","@id":"https:\/\/armonti.eu\/#\/schema\/logo\/image\/","url":"https:\/\/armonti.eu\/wp-content\/uploads\/2023\/05\/armonti-logo-white.png","contentUrl":"https:\/\/armonti.eu\/wp-content\/uploads\/2023\/05\/armonti-logo-white.png","width":2165,"height":554,"caption":"ARMONTI"},"image":{"@id":"https:\/\/armonti.eu\/#\/schema\/logo\/image\/"}}]}},"_links":{"self":[{"href":"https:\/\/armonti.eu\/et\/wp-json\/wp\/v2\/product\/40189","targetHints":{"allow":["GET"]}}],"collection":[{"href":"https:\/\/armonti.eu\/et\/wp-json\/wp\/v2\/product"}],"about":[{"href":"https:\/\/armonti.eu\/et\/wp-json\/wp\/v2\/types\/product"}],"replies":[{"embeddable":true,"href":"https:\/\/armonti.eu\/et\/wp-json\/wp\/v2\/comments?post=40189"}],"wp:featuredmedia":[{"embeddable":true,"href":"https:\/\/armonti.eu\/et\/wp-json\/wp\/v2\/media\/24733"}],"wp:attachment":[{"href":"https:\/\/armonti.eu\/et\/wp-json\/wp\/v2\/media?parent=40189"}],"wp:term":[{"taxonomy":"product_brand","embeddable":true,"href":"https:\/\/armonti.eu\/et\/wp-json\/wp\/v2\/product_brand?post=40189"},{"taxonomy":"product_cat","embeddable":true,"href":"https:\/\/armonti.eu\/et\/wp-json\/wp\/v2\/product_cat?post=40189"},{"taxonomy":"product_tag","embeddable":true,"href":"https:\/\/armonti.eu\/et\/wp-json\/wp\/v2\/product_tag?post=40189"}],"curies":[{"name":"wp","href":"https:\/\/api.w.org\/{rel}","templated":true}]}}