{"id":40174,"date":"2025-04-19T16:16:25","date_gmt":"2025-04-19T13:16:25","guid":{"rendered":"https:\/\/armonti.eu\/product\/spordipuksid-palazzo-loikega\/"},"modified":"2026-04-16T18:49:19","modified_gmt":"2026-04-16T15:49:19","slug":"spordipuksid-palazzo-loikega","status":"publish","type":"product","link":"https:\/\/armonti.eu\/et\/toode\/spordipuksid-palazzo-loikega\/","title":{"rendered":"Spordip\u00fcksid palazzo l\u00f5ikega"},"content":{"rendered":"<p>Palazzo-l\u00f5ikega spordip\u00fcksid<\/p>\n<p>Nautige kergust ja stiili meie palazzo-l\u00f5ikega spordip\u00fckstega, mis on valmistatud elastsest ja voogavast materjalist.<br \/>\nLai ja pehme v\u00f6\u00f6koht, mis venib suurep\u00e4raselt, tagab teile maksimaalse mugavuse kogu p\u00e4eva jooksul.<\/p>\n<p>Need p\u00fcksid sobivad ideaalselt nii jalutusk\u00e4ikudeks kui ka aktiivseks sportimiseks, v\u00f5imaldades vabalt liikuda ja samal ajal stiilne v\u00e4lja n\u00e4ha.<\/p>\n<p>Tulge meie Armonti poodi Tallinnas \u2014 leiate meie juurest p\u00fcksid ja retuusid igale maitsele ning igaks aastaajaks!<\/p>\n<p>Toote m\u00f5\u00f5dud (cm):<br \/>\nS\/M \u2013 v\u00f6\u00f6\u00fcmberm\u00f5\u00f5t 68\u201380, puusa\u00fcmberm\u00f5\u00f5t 94\u2013104, pikkus 101<br \/>\nM\/L \u2013 v\u00f6\u00f6\u00fcmberm\u00f5\u00f5t 75\u201390, puusa\u00fcmberm\u00f5\u00f5t 102\u2013110, pikkus 104<br \/>\nL\/XL \u2013 v\u00f6\u00f6\u00fcmberm\u00f5\u00f5t 85\u2013104, puusa\u00fcmberm\u00f5\u00f5t 107\u2013115, pikkus 105<br \/>\nXL\/2XL \u2013 v\u00f6\u00f6\u00fcmberm\u00f5\u00f5t 95\u2013110, puusa\u00fcmberm\u00f5\u00f5t 113\u2013122, pikkus 106<br \/>\nKangas on v\u00e4ga pehme, elastne ja h\u00e4sti veniv!<\/p>\n<p>V\u00d6 \u2013 v\u00f6\u00f6\u00fcmberm\u00f5\u00f5t<br \/>\nPU \u2013 puusa\u00fcmberm\u00f5\u00f5t<\/p>\n<p>M\u00f5\u00f5tudes on lubatud 1\u20132 cm veam\u00e4\u00e4r, eriti trikoo- ja kudumtoodete puhul.<\/p>\n<p>M\u00e4rkige tellimuse kommentaarides kindlasti oma m\u00f5\u00f5dud (puusa\u00fcmberm\u00f5\u00f5t, talje\u00fcmberm\u00f5\u00f5t ja pikkus) \u2014 see aitab meil t\u00e4psemalt valida \u00f5ige suuruse.<\/p>\n<p>Tootekood: 6113<\/p>\n","protected":false},"excerpt":{"rendered":"<p>Suurused: S\/M, M\/L, L\/XL, XL\/2XL<br \/>\nKoostis: 85% pol\u00fcamiid, 15% elastaan<br \/>\nV\u00e4rv: must<br \/>\nPikkus: 101\u2013106 cm<\/p>\n","protected":false},"featured_media":27699,"comment_status":"open","ping_status":"closed","template":"","meta":[],"product_brand":[],"product_cat":[333,334,573,335,331,560],"product_tag":[],"class_list":{"0":"post-40174","1":"product","2":"type-product","3":"status-publish","4":"has-post-thumbnail","6":"product_cat-hity-prodazh-et","7":"product_cat-legginsy-tonkie-et","8":"product_cat-puksid","9":"product_cat-bryuki-i-dzhinsy-et","10":"product_cat-legginsy-et","11":"product_cat-suvised-linased-puksid","13":"first","14":"instock","15":"shipping-taxable","16":"purchasable","17":"product-type-variable"},"yoast_head":"<!-- This site is optimized with the Yoast SEO plugin v27.4 - https:\/\/yoast.com\/product\/yoast-seo-wordpress\/ -->\n<title>Spordip\u00fcksid palazzo l\u00f5ikega - \u041c\u0430\u0433\u0430\u0437\u0438\u043d \u043e\u0434\u0435\u0436\u0434\u044b ARMONTI<\/title>\n<meta name=\"description\" content=\"Spordip\u00fcksid p\u00fcksseelik-lai l\u00f5ige (palazzo). Nautige kergust ja stiili meie palazzo-t\u00fc\u00fcpi spordip\u00fckstega, mis on valmistatud elastsest ja voogavast materjalist.\" \/>\n<meta name=\"robots\" content=\"index, follow, max-snippet:-1, max-image-preview:large, max-video-preview:-1\" \/>\n<link rel=\"canonical\" href=\"https:\/\/armonti.eu\/et\/toode\/spordipuksid-palazzo-loikega\/\" \/>\n<meta property=\"og:locale\" content=\"et_EE\" \/>\n<meta property=\"og:type\" content=\"article\" \/>\n<meta property=\"og:title\" content=\"Spordip\u00fcksid palazzo l\u00f5ikega - \u041c\u0430\u0433\u0430\u0437\u0438\u043d \u043e\u0434\u0435\u0436\u0434\u044b ARMONTI\" \/>\n<meta property=\"og:description\" content=\"Naiste elastsed tekstiilist fliisvoodriga soojad leggingsid k\u00f5rge v\u00e4rvliga. Lai ja tihe elastne v\u00e4rvel loob lisas l\u00fckkava (push-up) ja korrigeeriva efekti ning aitab taljet kergelt vormida.\" \/>\n<meta property=\"og:url\" content=\"https:\/\/armonti.eu\/et\/toode\/spordipuksid-palazzo-loikega\/\" \/>\n<meta property=\"og:site_name\" content=\"\u041c\u0430\u0433\u0430\u0437\u0438\u043d \u043e\u0434\u0435\u0436\u0434\u044b ARMONTI\" \/>\n<meta property=\"article:modified_time\" content=\"2026-04-16T15:49:19+00:00\" \/>\n<meta property=\"og:image\" content=\"https:\/\/armonti.eu\/wp-content\/uploads\/2025\/04\/img_0529.jpg\" \/>\n\t<meta property=\"og:image:width\" content=\"800\" \/>\n\t<meta property=\"og:image:height\" content=\"1072\" \/>\n\t<meta property=\"og:image:type\" content=\"image\/jpeg\" \/>\n<meta name=\"twitter:card\" content=\"summary_large_image\" \/>\n<meta name=\"twitter:description\" content=\"Naiste elastsed tekstiilist fliisvoodriga soojad leggingsid k\u00f5rge v\u00e4rvliga. Lai ja tihe elastne v\u00e4rvel loob lisas l\u00fckkava (push-up) ja korrigeeriva efekti ning aitab taljet kergelt vormida.\" \/>\n<meta name=\"twitter:label1\" content=\"Est. reading time\" \/>\n\t<meta name=\"twitter:data1\" content=\"1 minut\" \/>\n<script type=\"application\/ld+json\" class=\"yoast-schema-graph\">{\"@context\":\"https:\\\/\\\/schema.org\",\"@graph\":[{\"@type\":\"WebPage\",\"@id\":\"https:\\\/\\\/armonti.eu\\\/et\\\/toode\\\/spordipuksid-palazzo-loikega\\\/\",\"url\":\"https:\\\/\\\/armonti.eu\\\/et\\\/toode\\\/spordipuksid-palazzo-loikega\\\/\",\"name\":\"Spordip\u00fcksid palazzo l\u00f5ikega - \u041c\u0430\u0433\u0430\u0437\u0438\u043d \u043e\u0434\u0435\u0436\u0434\u044b ARMONTI\",\"isPartOf\":{\"@id\":\"https:\\\/\\\/armonti.eu\\\/#website\"},\"primaryImageOfPage\":{\"@id\":\"https:\\\/\\\/armonti.eu\\\/et\\\/toode\\\/spordipuksid-palazzo-loikega\\\/#primaryimage\"},\"image\":{\"@id\":\"https:\\\/\\\/armonti.eu\\\/et\\\/toode\\\/spordipuksid-palazzo-loikega\\\/#primaryimage\"},\"thumbnailUrl\":\"https:\\\/\\\/armonti.eu\\\/wp-content\\\/uploads\\\/2025\\\/04\\\/img_0529.jpg\",\"datePublished\":\"2025-04-19T13:16:25+00:00\",\"dateModified\":\"2026-04-16T15:49:19+00:00\",\"description\":\"Spordip\u00fcksid p\u00fcksseelik-lai l\u00f5ige (palazzo). Nautige kergust ja stiili meie palazzo-t\u00fc\u00fcpi spordip\u00fckstega, mis on valmistatud elastsest ja voogavast materjalist.\",\"breadcrumb\":{\"@id\":\"https:\\\/\\\/armonti.eu\\\/et\\\/toode\\\/spordipuksid-palazzo-loikega\\\/#breadcrumb\"},\"inLanguage\":\"et\",\"potentialAction\":[{\"@type\":\"ReadAction\",\"target\":[\"https:\\\/\\\/armonti.eu\\\/et\\\/toode\\\/spordipuksid-palazzo-loikega\\\/\"]}]},{\"@type\":\"ImageObject\",\"inLanguage\":\"et\",\"@id\":\"https:\\\/\\\/armonti.eu\\\/et\\\/toode\\\/spordipuksid-palazzo-loikega\\\/#primaryimage\",\"url\":\"https:\\\/\\\/armonti.eu\\\/wp-content\\\/uploads\\\/2025\\\/04\\\/img_0529.jpg\",\"contentUrl\":\"https:\\\/\\\/armonti.eu\\\/wp-content\\\/uploads\\\/2025\\\/04\\\/img_0529.jpg\",\"width\":800,\"height\":1072},{\"@type\":\"BreadcrumbList\",\"@id\":\"https:\\\/\\\/armonti.eu\\\/et\\\/toode\\\/spordipuksid-palazzo-loikega\\\/#breadcrumb\",\"itemListElement\":[{\"@type\":\"ListItem\",\"position\":1,\"name\":\"\u0413\u043b\u0430\u0432\u043d\u0430\u044f\",\"item\":\"https:\\\/\\\/armonti.eu\\\/\"},{\"@type\":\"ListItem\",\"position\":2,\"name\":\"Shop\",\"item\":\"https:\\\/\\\/armonti.eu\\\/et\\\/shop\\\/\"},{\"@type\":\"ListItem\",\"position\":3,\"name\":\"Spordip\u00fcksid palazzo l\u00f5ikega\"}]},{\"@type\":\"WebSite\",\"@id\":\"https:\\\/\\\/armonti.eu\\\/#website\",\"url\":\"https:\\\/\\\/armonti.eu\\\/\",\"name\":\"ARMONTI\",\"description\":\"\",\"publisher\":{\"@id\":\"https:\\\/\\\/armonti.eu\\\/#organization\"},\"alternateName\":\"\u0416\u0435\u043d\u0441\u043a\u0430\u044f \u0431\u0440\u0435\u043d\u0434\u043e\u0432\u0430\u044f \u043e\u0434\u0435\u0436\u0434\u0430\",\"potentialAction\":[{\"@type\":\"SearchAction\",\"target\":{\"@type\":\"EntryPoint\",\"urlTemplate\":\"https:\\\/\\\/armonti.eu\\\/?s={search_term_string}\"},\"query-input\":{\"@type\":\"PropertyValueSpecification\",\"valueRequired\":true,\"valueName\":\"search_term_string\"}}],\"inLanguage\":\"et\"},{\"@type\":\"Organization\",\"@id\":\"https:\\\/\\\/armonti.eu\\\/#organization\",\"name\":\"ARMONTI\",\"alternateName\":\"\u0416\u0435\u043d\u0441\u043a\u0430\u044f \u0431\u0440\u0435\u043d\u0434\u043e\u0432\u0430\u044f \u043e\u0434\u0435\u0436\u0434\u0430\",\"url\":\"https:\\\/\\\/armonti.eu\\\/\",\"logo\":{\"@type\":\"ImageObject\",\"inLanguage\":\"et\",\"@id\":\"https:\\\/\\\/armonti.eu\\\/#\\\/schema\\\/logo\\\/image\\\/\",\"url\":\"https:\\\/\\\/armonti.eu\\\/wp-content\\\/uploads\\\/2023\\\/05\\\/armonti-logo-white.png\",\"contentUrl\":\"https:\\\/\\\/armonti.eu\\\/wp-content\\\/uploads\\\/2023\\\/05\\\/armonti-logo-white.png\",\"width\":2165,\"height\":554,\"caption\":\"ARMONTI\"},\"image\":{\"@id\":\"https:\\\/\\\/armonti.eu\\\/#\\\/schema\\\/logo\\\/image\\\/\"}}]}<\/script>\n<!-- \/ Yoast SEO plugin. -->","yoast_head_json":{"title":"Spordip\u00fcksid palazzo l\u00f5ikega - \u041c\u0430\u0433\u0430\u0437\u0438\u043d \u043e\u0434\u0435\u0436\u0434\u044b ARMONTI","description":"Spordip\u00fcksid p\u00fcksseelik-lai l\u00f5ige (palazzo). Nautige kergust ja stiili meie palazzo-t\u00fc\u00fcpi spordip\u00fckstega, mis on valmistatud elastsest ja voogavast materjalist.","robots":{"index":"index","follow":"follow","max-snippet":"max-snippet:-1","max-image-preview":"max-image-preview:large","max-video-preview":"max-video-preview:-1"},"canonical":"https:\/\/armonti.eu\/et\/toode\/spordipuksid-palazzo-loikega\/","og_locale":"et_EE","og_type":"article","og_title":"Spordip\u00fcksid palazzo l\u00f5ikega - \u041c\u0430\u0433\u0430\u0437\u0438\u043d \u043e\u0434\u0435\u0436\u0434\u044b ARMONTI","og_description":"Naiste elastsed tekstiilist fliisvoodriga soojad leggingsid k\u00f5rge v\u00e4rvliga. Lai ja tihe elastne v\u00e4rvel loob lisas l\u00fckkava (push-up) ja korrigeeriva efekti ning aitab taljet kergelt vormida.","og_url":"https:\/\/armonti.eu\/et\/toode\/spordipuksid-palazzo-loikega\/","og_site_name":"\u041c\u0430\u0433\u0430\u0437\u0438\u043d \u043e\u0434\u0435\u0436\u0434\u044b ARMONTI","article_modified_time":"2026-04-16T15:49:19+00:00","og_image":[{"width":800,"height":1072,"url":"https:\/\/armonti.eu\/wp-content\/uploads\/2025\/04\/img_0529.jpg","type":"image\/jpeg"}],"twitter_card":"summary_large_image","twitter_description":"Naiste elastsed tekstiilist fliisvoodriga soojad leggingsid k\u00f5rge v\u00e4rvliga. Lai ja tihe elastne v\u00e4rvel loob lisas l\u00fckkava (push-up) ja korrigeeriva efekti ning aitab taljet kergelt vormida.","twitter_misc":{"Est. reading time":"1 minut"},"schema":{"@context":"https:\/\/schema.org","@graph":[{"@type":"WebPage","@id":"https:\/\/armonti.eu\/et\/toode\/spordipuksid-palazzo-loikega\/","url":"https:\/\/armonti.eu\/et\/toode\/spordipuksid-palazzo-loikega\/","name":"Spordip\u00fcksid palazzo l\u00f5ikega - \u041c\u0430\u0433\u0430\u0437\u0438\u043d \u043e\u0434\u0435\u0436\u0434\u044b ARMONTI","isPartOf":{"@id":"https:\/\/armonti.eu\/#website"},"primaryImageOfPage":{"@id":"https:\/\/armonti.eu\/et\/toode\/spordipuksid-palazzo-loikega\/#primaryimage"},"image":{"@id":"https:\/\/armonti.eu\/et\/toode\/spordipuksid-palazzo-loikega\/#primaryimage"},"thumbnailUrl":"https:\/\/armonti.eu\/wp-content\/uploads\/2025\/04\/img_0529.jpg","datePublished":"2025-04-19T13:16:25+00:00","dateModified":"2026-04-16T15:49:19+00:00","description":"Spordip\u00fcksid p\u00fcksseelik-lai l\u00f5ige (palazzo). Nautige kergust ja stiili meie palazzo-t\u00fc\u00fcpi spordip\u00fckstega, mis on valmistatud elastsest ja voogavast materjalist.","breadcrumb":{"@id":"https:\/\/armonti.eu\/et\/toode\/spordipuksid-palazzo-loikega\/#breadcrumb"},"inLanguage":"et","potentialAction":[{"@type":"ReadAction","target":["https:\/\/armonti.eu\/et\/toode\/spordipuksid-palazzo-loikega\/"]}]},{"@type":"ImageObject","inLanguage":"et","@id":"https:\/\/armonti.eu\/et\/toode\/spordipuksid-palazzo-loikega\/#primaryimage","url":"https:\/\/armonti.eu\/wp-content\/uploads\/2025\/04\/img_0529.jpg","contentUrl":"https:\/\/armonti.eu\/wp-content\/uploads\/2025\/04\/img_0529.jpg","width":800,"height":1072},{"@type":"BreadcrumbList","@id":"https:\/\/armonti.eu\/et\/toode\/spordipuksid-palazzo-loikega\/#breadcrumb","itemListElement":[{"@type":"ListItem","position":1,"name":"\u0413\u043b\u0430\u0432\u043d\u0430\u044f","item":"https:\/\/armonti.eu\/"},{"@type":"ListItem","position":2,"name":"Shop","item":"https:\/\/armonti.eu\/et\/shop\/"},{"@type":"ListItem","position":3,"name":"Spordip\u00fcksid palazzo l\u00f5ikega"}]},{"@type":"WebSite","@id":"https:\/\/armonti.eu\/#website","url":"https:\/\/armonti.eu\/","name":"ARMONTI","description":"","publisher":{"@id":"https:\/\/armonti.eu\/#organization"},"alternateName":"\u0416\u0435\u043d\u0441\u043a\u0430\u044f \u0431\u0440\u0435\u043d\u0434\u043e\u0432\u0430\u044f \u043e\u0434\u0435\u0436\u0434\u0430","potentialAction":[{"@type":"SearchAction","target":{"@type":"EntryPoint","urlTemplate":"https:\/\/armonti.eu\/?s={search_term_string}"},"query-input":{"@type":"PropertyValueSpecification","valueRequired":true,"valueName":"search_term_string"}}],"inLanguage":"et"},{"@type":"Organization","@id":"https:\/\/armonti.eu\/#organization","name":"ARMONTI","alternateName":"\u0416\u0435\u043d\u0441\u043a\u0430\u044f \u0431\u0440\u0435\u043d\u0434\u043e\u0432\u0430\u044f \u043e\u0434\u0435\u0436\u0434\u0430","url":"https:\/\/armonti.eu\/","logo":{"@type":"ImageObject","inLanguage":"et","@id":"https:\/\/armonti.eu\/#\/schema\/logo\/image\/","url":"https:\/\/armonti.eu\/wp-content\/uploads\/2023\/05\/armonti-logo-white.png","contentUrl":"https:\/\/armonti.eu\/wp-content\/uploads\/2023\/05\/armonti-logo-white.png","width":2165,"height":554,"caption":"ARMONTI"},"image":{"@id":"https:\/\/armonti.eu\/#\/schema\/logo\/image\/"}}]}},"_links":{"self":[{"href":"https:\/\/armonti.eu\/et\/wp-json\/wp\/v2\/product\/40174","targetHints":{"allow":["GET"]}}],"collection":[{"href":"https:\/\/armonti.eu\/et\/wp-json\/wp\/v2\/product"}],"about":[{"href":"https:\/\/armonti.eu\/et\/wp-json\/wp\/v2\/types\/product"}],"replies":[{"embeddable":true,"href":"https:\/\/armonti.eu\/et\/wp-json\/wp\/v2\/comments?post=40174"}],"wp:featuredmedia":[{"embeddable":true,"href":"https:\/\/armonti.eu\/et\/wp-json\/wp\/v2\/media\/27699"}],"wp:attachment":[{"href":"https:\/\/armonti.eu\/et\/wp-json\/wp\/v2\/media?parent=40174"}],"wp:term":[{"taxonomy":"product_brand","embeddable":true,"href":"https:\/\/armonti.eu\/et\/wp-json\/wp\/v2\/product_brand?post=40174"},{"taxonomy":"product_cat","embeddable":true,"href":"https:\/\/armonti.eu\/et\/wp-json\/wp\/v2\/product_cat?post=40174"},{"taxonomy":"product_tag","embeddable":true,"href":"https:\/\/armonti.eu\/et\/wp-json\/wp\/v2\/product_tag?post=40174"}],"curies":[{"name":"wp","href":"https:\/\/api.w.org\/{rel}","templated":true}]}}