{"id":40165,"date":"2025-04-19T16:51:55","date_gmt":"2025-04-19T13:51:55","guid":{"rendered":"https:\/\/armonti.eu\/product\/leggingsid-2\/"},"modified":"2025-04-19T16:51:55","modified_gmt":"2025-04-19T13:51:55","slug":"leggingsid-2","status":"publish","type":"product","link":"https:\/\/armonti.eu\/et\/toode\/leggingsid-2\/","title":{"rendered":"Leggingsid"},"content":{"rendered":"<p>\u00dche \u00f5mblusega elastsed retuusid<\/p>\n<p>Avastage ideaalsed leggingsid, mis on loodud mugavuseks ja liikumisvabaduseks! Elastsest ja pehmest materjalist valmistatud leggingsid sobivad suurep\u00e4raselt nii igap\u00e4evaseks kandmiseks kui ka treeninguteks. Need istuvad h\u00e4sti figuuril ja r\u00f5hutavad teie parimaid jooni.  <\/p>\n<p>Armonti poes Tallinnas on saadaval lai valik leggings\u2019e igale maitsele ja igas v\u00e4rvitoonis. Leia oma ideaalne variant, mis saab sinu asendamatuks kaaslaseks aktiivses elus! <\/p>\n<p>Toote m\u00f5\u00f5dud (cm):<br \/>S\/M \u2013 v\u00f6\u00f6\u00fcmberm\u00f5\u00f5t 67\u201375, puusa\u00fcmberm\u00f5\u00f5t 92\u2013102, pikkus 95<br \/>\nM\/L \u2013 v\u00f6\u00f6\u00fcmberm\u00f5\u00f5t 75\u201387, puusa\u00fcmberm\u00f5\u00f5t 100\u2013108, pikkus 96<br \/>\nL\/XL \u2013 v\u00f6\u00f6\u00fcmberm\u00f5\u00f5t 87\u201397, puusa\u00fcmberm\u00f5\u00f5t 108\u2013114, pikkus 100<br \/>\nXL\/2XL \u2013 v\u00f6\u00f6\u00fcmberm\u00f5\u00f5t 97\u2013105, puusa\u00fcmberm\u00f5\u00f5t 116\u2013120, pikkus 100<br \/>Kangas on v\u00e4ga pehme ja h\u00e4sti veniv!<\/p>\n<p>V\u00d6 \u2013 v\u00f6\u00f6\u00fcmberm\u00f5\u00f5t<br \/>\nPU \u2013 puusa\u00fcmberm\u00f5\u00f5t<\/p>\n<p>M\u00f5\u00f5tudes on lubatud 1\u20132 cm veam\u00e4\u00e4r, eriti trikoo- ja kudumtoodete puhul.<\/p>\n<p>M\u00e4rkige tellimuse kommentaarides kindlasti oma m\u00f5\u00f5dud (puusa\u00fcmberm\u00f5\u00f5t, talje\u00fcmberm\u00f5\u00f5t ja pikkus) \u2014 see aitab meil t\u00e4psemalt valida \u00f5ige suuruse.<\/p>\n<p>Tootekood: 1490<\/p>\n","protected":false},"excerpt":{"rendered":"<p>Suurused: S\/M, M\/L, L\/XL, XL\/2XL<br \/>\nKoostis: 85% pol\u00fcamiid, 15% elastaan<br \/>\nV\u00e4rvid: must, cappuccino<br \/>\nPikkus: 95\u2013100 cm<\/p>\n","protected":false},"featured_media":27714,"comment_status":"open","ping_status":"closed","template":"","meta":[],"product_brand":[],"product_cat":[333,334,331],"product_tag":[],"class_list":{"0":"post-40165","1":"product","2":"type-product","3":"status-publish","4":"has-post-thumbnail","6":"product_cat-hity-prodazh-et","7":"product_cat-legginsy-tonkie-et","8":"product_cat-legginsy-et","10":"first","11":"instock","12":"shipping-taxable","13":"purchasable","14":"product-type-variable"},"yoast_head":"<!-- This site is optimized with the Yoast SEO plugin v27.4 - https:\/\/yoast.com\/product\/yoast-seo-wordpress\/ -->\n<title>Leggingsid - \u041c\u0430\u0433\u0430\u0437\u0438\u043d \u043e\u0434\u0435\u0436\u0434\u044b ARMONTI<\/title>\n<meta name=\"description\" content=\"Elastsest ja pehmest materjalist valmistatud leggingsid sobivad suurep\u00e4raselt nii igap\u00e4evaseks kandmiseks kui ka treeninguteks.\" \/>\n<meta name=\"robots\" content=\"index, follow, max-snippet:-1, max-image-preview:large, max-video-preview:-1\" \/>\n<link rel=\"canonical\" href=\"https:\/\/armonti.eu\/et\/toode\/leggingsid-2\/\" \/>\n<meta property=\"og:locale\" content=\"et_EE\" \/>\n<meta property=\"og:type\" content=\"article\" \/>\n<meta property=\"og:title\" content=\"Leggingsid - \u041c\u0430\u0433\u0430\u0437\u0438\u043d \u043e\u0434\u0435\u0436\u0434\u044b ARMONTI\" \/>\n<meta property=\"og:description\" content=\"Naiste elastsed tekstiilist fliisvoodriga soojad leggingsid k\u00f5rge v\u00e4rvliga. Lai ja tihe elastne v\u00e4rvel loob lisas l\u00fckkava (push-up) ja korrigeeriva efekti ning aitab taljet kergelt vormida.\" \/>\n<meta property=\"og:url\" content=\"https:\/\/armonti.eu\/et\/toode\/leggingsid-2\/\" \/>\n<meta property=\"og:site_name\" content=\"\u041c\u0430\u0433\u0430\u0437\u0438\u043d \u043e\u0434\u0435\u0436\u0434\u044b ARMONTI\" \/>\n<meta property=\"og:image\" content=\"https:\/\/armonti.eu\/wp-content\/uploads\/2025\/04\/img_0569.jpg\" \/>\n\t<meta property=\"og:image:width\" content=\"800\" \/>\n\t<meta property=\"og:image:height\" content=\"1066\" \/>\n\t<meta property=\"og:image:type\" content=\"image\/jpeg\" \/>\n<meta name=\"twitter:card\" content=\"summary_large_image\" \/>\n<meta name=\"twitter:description\" content=\"Naiste elastsed tekstiilist fliisvoodriga soojad leggingsid k\u00f5rge v\u00e4rvliga. Lai ja tihe elastne v\u00e4rvel loob lisas l\u00fckkava (push-up) ja korrigeeriva efekti ning aitab taljet kergelt vormida.\" \/>\n<meta name=\"twitter:label1\" content=\"Est. reading time\" \/>\n\t<meta name=\"twitter:data1\" content=\"1 minut\" \/>\n<script type=\"application\/ld+json\" class=\"yoast-schema-graph\">{\"@context\":\"https:\\\/\\\/schema.org\",\"@graph\":[{\"@type\":\"WebPage\",\"@id\":\"https:\\\/\\\/armonti.eu\\\/et\\\/toode\\\/leggingsid-2\\\/\",\"url\":\"https:\\\/\\\/armonti.eu\\\/et\\\/toode\\\/leggingsid-2\\\/\",\"name\":\"Leggingsid - \u041c\u0430\u0433\u0430\u0437\u0438\u043d \u043e\u0434\u0435\u0436\u0434\u044b ARMONTI\",\"isPartOf\":{\"@id\":\"https:\\\/\\\/armonti.eu\\\/#website\"},\"primaryImageOfPage\":{\"@id\":\"https:\\\/\\\/armonti.eu\\\/et\\\/toode\\\/leggingsid-2\\\/#primaryimage\"},\"image\":{\"@id\":\"https:\\\/\\\/armonti.eu\\\/et\\\/toode\\\/leggingsid-2\\\/#primaryimage\"},\"thumbnailUrl\":\"https:\\\/\\\/armonti.eu\\\/wp-content\\\/uploads\\\/2025\\\/04\\\/img_0569.jpg\",\"datePublished\":\"2025-04-19T13:51:55+00:00\",\"description\":\"Elastsest ja pehmest materjalist valmistatud leggingsid sobivad suurep\u00e4raselt nii igap\u00e4evaseks kandmiseks kui ka treeninguteks.\",\"breadcrumb\":{\"@id\":\"https:\\\/\\\/armonti.eu\\\/et\\\/toode\\\/leggingsid-2\\\/#breadcrumb\"},\"inLanguage\":\"et\",\"potentialAction\":[{\"@type\":\"ReadAction\",\"target\":[\"https:\\\/\\\/armonti.eu\\\/et\\\/toode\\\/leggingsid-2\\\/\"]}]},{\"@type\":\"ImageObject\",\"inLanguage\":\"et\",\"@id\":\"https:\\\/\\\/armonti.eu\\\/et\\\/toode\\\/leggingsid-2\\\/#primaryimage\",\"url\":\"https:\\\/\\\/armonti.eu\\\/wp-content\\\/uploads\\\/2025\\\/04\\\/img_0569.jpg\",\"contentUrl\":\"https:\\\/\\\/armonti.eu\\\/wp-content\\\/uploads\\\/2025\\\/04\\\/img_0569.jpg\",\"width\":800,\"height\":1066},{\"@type\":\"BreadcrumbList\",\"@id\":\"https:\\\/\\\/armonti.eu\\\/et\\\/toode\\\/leggingsid-2\\\/#breadcrumb\",\"itemListElement\":[{\"@type\":\"ListItem\",\"position\":1,\"name\":\"\u0413\u043b\u0430\u0432\u043d\u0430\u044f\",\"item\":\"https:\\\/\\\/armonti.eu\\\/\"},{\"@type\":\"ListItem\",\"position\":2,\"name\":\"Shop\",\"item\":\"https:\\\/\\\/armonti.eu\\\/et\\\/shop\\\/\"},{\"@type\":\"ListItem\",\"position\":3,\"name\":\"Leggingsid\"}]},{\"@type\":\"WebSite\",\"@id\":\"https:\\\/\\\/armonti.eu\\\/#website\",\"url\":\"https:\\\/\\\/armonti.eu\\\/\",\"name\":\"ARMONTI\",\"description\":\"\",\"publisher\":{\"@id\":\"https:\\\/\\\/armonti.eu\\\/#organization\"},\"alternateName\":\"\u0416\u0435\u043d\u0441\u043a\u0430\u044f \u0431\u0440\u0435\u043d\u0434\u043e\u0432\u0430\u044f \u043e\u0434\u0435\u0436\u0434\u0430\",\"potentialAction\":[{\"@type\":\"SearchAction\",\"target\":{\"@type\":\"EntryPoint\",\"urlTemplate\":\"https:\\\/\\\/armonti.eu\\\/?s={search_term_string}\"},\"query-input\":{\"@type\":\"PropertyValueSpecification\",\"valueRequired\":true,\"valueName\":\"search_term_string\"}}],\"inLanguage\":\"et\"},{\"@type\":\"Organization\",\"@id\":\"https:\\\/\\\/armonti.eu\\\/#organization\",\"name\":\"ARMONTI\",\"alternateName\":\"\u0416\u0435\u043d\u0441\u043a\u0430\u044f \u0431\u0440\u0435\u043d\u0434\u043e\u0432\u0430\u044f \u043e\u0434\u0435\u0436\u0434\u0430\",\"url\":\"https:\\\/\\\/armonti.eu\\\/\",\"logo\":{\"@type\":\"ImageObject\",\"inLanguage\":\"et\",\"@id\":\"https:\\\/\\\/armonti.eu\\\/#\\\/schema\\\/logo\\\/image\\\/\",\"url\":\"https:\\\/\\\/armonti.eu\\\/wp-content\\\/uploads\\\/2023\\\/05\\\/armonti-logo-white.png\",\"contentUrl\":\"https:\\\/\\\/armonti.eu\\\/wp-content\\\/uploads\\\/2023\\\/05\\\/armonti-logo-white.png\",\"width\":2165,\"height\":554,\"caption\":\"ARMONTI\"},\"image\":{\"@id\":\"https:\\\/\\\/armonti.eu\\\/#\\\/schema\\\/logo\\\/image\\\/\"}}]}<\/script>\n<!-- \/ Yoast SEO plugin. -->","yoast_head_json":{"title":"Leggingsid - \u041c\u0430\u0433\u0430\u0437\u0438\u043d \u043e\u0434\u0435\u0436\u0434\u044b ARMONTI","description":"Elastsest ja pehmest materjalist valmistatud leggingsid sobivad suurep\u00e4raselt nii igap\u00e4evaseks kandmiseks kui ka treeninguteks.","robots":{"index":"index","follow":"follow","max-snippet":"max-snippet:-1","max-image-preview":"max-image-preview:large","max-video-preview":"max-video-preview:-1"},"canonical":"https:\/\/armonti.eu\/et\/toode\/leggingsid-2\/","og_locale":"et_EE","og_type":"article","og_title":"Leggingsid - \u041c\u0430\u0433\u0430\u0437\u0438\u043d \u043e\u0434\u0435\u0436\u0434\u044b ARMONTI","og_description":"Naiste elastsed tekstiilist fliisvoodriga soojad leggingsid k\u00f5rge v\u00e4rvliga. Lai ja tihe elastne v\u00e4rvel loob lisas l\u00fckkava (push-up) ja korrigeeriva efekti ning aitab taljet kergelt vormida.","og_url":"https:\/\/armonti.eu\/et\/toode\/leggingsid-2\/","og_site_name":"\u041c\u0430\u0433\u0430\u0437\u0438\u043d \u043e\u0434\u0435\u0436\u0434\u044b ARMONTI","og_image":[{"width":800,"height":1066,"url":"https:\/\/armonti.eu\/wp-content\/uploads\/2025\/04\/img_0569.jpg","type":"image\/jpeg"}],"twitter_card":"summary_large_image","twitter_description":"Naiste elastsed tekstiilist fliisvoodriga soojad leggingsid k\u00f5rge v\u00e4rvliga. Lai ja tihe elastne v\u00e4rvel loob lisas l\u00fckkava (push-up) ja korrigeeriva efekti ning aitab taljet kergelt vormida.","twitter_misc":{"Est. reading time":"1 minut"},"schema":{"@context":"https:\/\/schema.org","@graph":[{"@type":"WebPage","@id":"https:\/\/armonti.eu\/et\/toode\/leggingsid-2\/","url":"https:\/\/armonti.eu\/et\/toode\/leggingsid-2\/","name":"Leggingsid - \u041c\u0430\u0433\u0430\u0437\u0438\u043d \u043e\u0434\u0435\u0436\u0434\u044b ARMONTI","isPartOf":{"@id":"https:\/\/armonti.eu\/#website"},"primaryImageOfPage":{"@id":"https:\/\/armonti.eu\/et\/toode\/leggingsid-2\/#primaryimage"},"image":{"@id":"https:\/\/armonti.eu\/et\/toode\/leggingsid-2\/#primaryimage"},"thumbnailUrl":"https:\/\/armonti.eu\/wp-content\/uploads\/2025\/04\/img_0569.jpg","datePublished":"2025-04-19T13:51:55+00:00","description":"Elastsest ja pehmest materjalist valmistatud leggingsid sobivad suurep\u00e4raselt nii igap\u00e4evaseks kandmiseks kui ka treeninguteks.","breadcrumb":{"@id":"https:\/\/armonti.eu\/et\/toode\/leggingsid-2\/#breadcrumb"},"inLanguage":"et","potentialAction":[{"@type":"ReadAction","target":["https:\/\/armonti.eu\/et\/toode\/leggingsid-2\/"]}]},{"@type":"ImageObject","inLanguage":"et","@id":"https:\/\/armonti.eu\/et\/toode\/leggingsid-2\/#primaryimage","url":"https:\/\/armonti.eu\/wp-content\/uploads\/2025\/04\/img_0569.jpg","contentUrl":"https:\/\/armonti.eu\/wp-content\/uploads\/2025\/04\/img_0569.jpg","width":800,"height":1066},{"@type":"BreadcrumbList","@id":"https:\/\/armonti.eu\/et\/toode\/leggingsid-2\/#breadcrumb","itemListElement":[{"@type":"ListItem","position":1,"name":"\u0413\u043b\u0430\u0432\u043d\u0430\u044f","item":"https:\/\/armonti.eu\/"},{"@type":"ListItem","position":2,"name":"Shop","item":"https:\/\/armonti.eu\/et\/shop\/"},{"@type":"ListItem","position":3,"name":"Leggingsid"}]},{"@type":"WebSite","@id":"https:\/\/armonti.eu\/#website","url":"https:\/\/armonti.eu\/","name":"ARMONTI","description":"","publisher":{"@id":"https:\/\/armonti.eu\/#organization"},"alternateName":"\u0416\u0435\u043d\u0441\u043a\u0430\u044f \u0431\u0440\u0435\u043d\u0434\u043e\u0432\u0430\u044f \u043e\u0434\u0435\u0436\u0434\u0430","potentialAction":[{"@type":"SearchAction","target":{"@type":"EntryPoint","urlTemplate":"https:\/\/armonti.eu\/?s={search_term_string}"},"query-input":{"@type":"PropertyValueSpecification","valueRequired":true,"valueName":"search_term_string"}}],"inLanguage":"et"},{"@type":"Organization","@id":"https:\/\/armonti.eu\/#organization","name":"ARMONTI","alternateName":"\u0416\u0435\u043d\u0441\u043a\u0430\u044f \u0431\u0440\u0435\u043d\u0434\u043e\u0432\u0430\u044f \u043e\u0434\u0435\u0436\u0434\u0430","url":"https:\/\/armonti.eu\/","logo":{"@type":"ImageObject","inLanguage":"et","@id":"https:\/\/armonti.eu\/#\/schema\/logo\/image\/","url":"https:\/\/armonti.eu\/wp-content\/uploads\/2023\/05\/armonti-logo-white.png","contentUrl":"https:\/\/armonti.eu\/wp-content\/uploads\/2023\/05\/armonti-logo-white.png","width":2165,"height":554,"caption":"ARMONTI"},"image":{"@id":"https:\/\/armonti.eu\/#\/schema\/logo\/image\/"}}]}},"_links":{"self":[{"href":"https:\/\/armonti.eu\/et\/wp-json\/wp\/v2\/product\/40165","targetHints":{"allow":["GET"]}}],"collection":[{"href":"https:\/\/armonti.eu\/et\/wp-json\/wp\/v2\/product"}],"about":[{"href":"https:\/\/armonti.eu\/et\/wp-json\/wp\/v2\/types\/product"}],"replies":[{"embeddable":true,"href":"https:\/\/armonti.eu\/et\/wp-json\/wp\/v2\/comments?post=40165"}],"wp:featuredmedia":[{"embeddable":true,"href":"https:\/\/armonti.eu\/et\/wp-json\/wp\/v2\/media\/27714"}],"wp:attachment":[{"href":"https:\/\/armonti.eu\/et\/wp-json\/wp\/v2\/media?parent=40165"}],"wp:term":[{"taxonomy":"product_brand","embeddable":true,"href":"https:\/\/armonti.eu\/et\/wp-json\/wp\/v2\/product_brand?post=40165"},{"taxonomy":"product_cat","embeddable":true,"href":"https:\/\/armonti.eu\/et\/wp-json\/wp\/v2\/product_cat?post=40165"},{"taxonomy":"product_tag","embeddable":true,"href":"https:\/\/armonti.eu\/et\/wp-json\/wp\/v2\/product_tag?post=40165"}],"curies":[{"name":"wp","href":"https:\/\/api.w.org\/{rel}","templated":true}]}}