{"id":40160,"date":"2025-05-02T14:26:00","date_gmt":"2025-05-02T11:26:00","guid":{"rendered":"https:\/\/armonti.eu\/product\/push-up-efektiga-korrigeerivad-luhikesed-puksid-2\/"},"modified":"2025-05-02T14:26:00","modified_gmt":"2025-05-02T11:26:00","slug":"push-up-efektiga-korrigeerivad-luhikesed-puksid-2","status":"publish","type":"product","link":"https:\/\/armonti.eu\/et\/toode\/push-up-efektiga-korrigeerivad-luhikesed-puksid-2\/","title":{"rendered":"Push-up efektiga korrigeerivad l\u00fchikesed p\u00fcksid"},"content":{"rendered":"<p>Push-up efektiga korrigeerivad l\u00fchikesed p\u00fcksid<\/p>\n<p>Armonti rattap\u00fcksid on varustatud tiheda k\u00f5rge vormiva v\u00f6\u00f6osaga, mis r\u00f5hutab suurep\u00e4raselt taljet ja loob efektse silueti. <\/p>\n<p>Elastne materjal tagab suurep\u00e4rase istuvuse ja mugavuse, v\u00f5imaldades vabalt liikuda nii igap\u00e4evaelus kui ka treeningu ajal. Need mitte ainult ei istu h\u00e4sti, vaid annavad ka visuaalselt figuurile ahvatlevad vormid. <\/p>\n<p>Tulge meie Armonti poodi Tallinnas, kust leiate suure valiku retuuse igale maitsele!<br \/>\nLooge oma stiilsed outfit\u2019id ja tundke end enesekindlalt iga p\u00e4ev!<\/p>\n<p>Toote m\u00f5\u00f5dud (cm):<br \/>S\/M \u2013 v\u00f6\u00f6\u00fcmberm\u00f5\u00f5t 67\u201376, puusa\u00fcmberm\u00f5\u00f5t 92\u2013102<br \/>\nM\/L \u2013 v\u00f6\u00f6\u00fcmberm\u00f5\u00f5t 75\u201386, puusa\u00fcmberm\u00f5\u00f5t 99\u2013106<br \/>\nL\/XL \u2013 v\u00f6\u00f6\u00fcmberm\u00f5\u00f5t 80\u201394, puusa\u00fcmberm\u00f5\u00f5t 105\u2013112<br \/>\nXL\/2XL \u2013 v\u00f6\u00f6\u00fcmberm\u00f5\u00f5t 84\u2013100, puusa\u00fcmberm\u00f5\u00f5t 112\u2013118<br \/>Kangas on v\u00e4ga pehme ja h\u00e4sti veniv!<\/p>\n<p>V\u00d6 \u2013 v\u00f6\u00f6\u00fcmberm\u00f5\u00f5t<br \/>\nPU \u2013 puusa\u00fcmberm\u00f5\u00f5t<\/p>\n<p>M\u00f5\u00f5tudes on lubatud 1\u20132 cm veam\u00e4\u00e4r, eriti trikoo- ja kudumtoodete puhul.<\/p>\n<p><strong>M\u00e4rkige tellimuse kommentaarides kindlasti oma m\u00f5\u00f5dud (puusa\u00fcmberm\u00f5\u00f5t, talje\u00fcmberm\u00f5\u00f5t ja pikkus) \u2014 see aitab meil t\u00e4psemalt valida \u00f5ige suuruse.<\/strong><\/p>\n<p>Tootekood: 6115<\/p>\n","protected":false},"excerpt":{"rendered":"<p>Suurused: S\/M, M\/L, L\/XL, XL\/2XL<br \/>\nKoostis: 85% pol\u00fcamiid, 15% elastaan<br \/>\nV\u00e4rv: must<br \/>\nPikkus: 46\u201348 cm<\/p>\n","protected":false},"featured_media":28184,"comment_status":"open","ping_status":"closed","template":"","meta":[],"product_brand":[],"product_cat":[465,333,334,331],"product_tag":[],"class_list":{"0":"post-40160","1":"product","2":"type-product","3":"status-publish","4":"has-post-thumbnail","6":"product_cat-luhikesed-puksid","7":"product_cat-hity-prodazh-et","8":"product_cat-legginsy-tonkie-et","9":"product_cat-legginsy-et","11":"first","12":"instock","13":"shipping-taxable","14":"purchasable","15":"product-type-variable"},"yoast_head":"<!-- This site is optimized with the Yoast SEO plugin v27.4 - https:\/\/yoast.com\/product\/yoast-seo-wordpress\/ -->\n<title>Push-up efektiga korrigeerivad l\u00fchikesed p\u00fcksid - \u041c\u0430\u0433\u0430\u0437\u0438\u043d \u043e\u0434\u0435\u0436\u0434\u044b ARMONTI<\/title>\n<meta name=\"description\" content=\"Push-up efektiga korrigeerivad l\u00fchikesed p\u00fcksid. Elastne materjal tagab suurep\u00e4rase istuvuse ja mugavuse, v\u00f5imaldades vabalt liikuda nii igap\u00e4evaelus kui ka treeningu ajal.\" \/>\n<meta name=\"robots\" content=\"index, follow, max-snippet:-1, max-image-preview:large, max-video-preview:-1\" \/>\n<link rel=\"canonical\" href=\"https:\/\/armonti.eu\/et\/toode\/push-up-efektiga-korrigeerivad-luhikesed-puksid-2\/\" \/>\n<meta property=\"og:locale\" content=\"et_EE\" \/>\n<meta property=\"og:type\" content=\"article\" \/>\n<meta property=\"og:title\" content=\"Push-up efektiga korrigeerivad l\u00fchikesed p\u00fcksid - \u041c\u0430\u0433\u0430\u0437\u0438\u043d \u043e\u0434\u0435\u0436\u0434\u044b ARMONTI\" \/>\n<meta property=\"og:description\" content=\"Naiste elastsed tekstiilist fliisvoodriga soojad leggingsid k\u00f5rge v\u00e4rvliga. Lai ja tihe elastne v\u00e4rvel loob lisas l\u00fckkava (push-up) ja korrigeeriva efekti ning aitab taljet kergelt vormida.\" \/>\n<meta property=\"og:url\" content=\"https:\/\/armonti.eu\/et\/toode\/push-up-efektiga-korrigeerivad-luhikesed-puksid-2\/\" \/>\n<meta property=\"og:site_name\" content=\"\u041c\u0430\u0433\u0430\u0437\u0438\u043d \u043e\u0434\u0435\u0436\u0434\u044b ARMONTI\" \/>\n<meta property=\"og:image\" content=\"https:\/\/armonti.eu\/wp-content\/uploads\/2025\/05\/img_3550.jpg\" \/>\n\t<meta property=\"og:image:width\" content=\"1072\" \/>\n\t<meta property=\"og:image:height\" content=\"1430\" \/>\n\t<meta property=\"og:image:type\" content=\"image\/jpeg\" \/>\n<meta name=\"twitter:card\" content=\"summary_large_image\" \/>\n<meta name=\"twitter:description\" content=\"Naiste elastsed tekstiilist fliisvoodriga soojad leggingsid k\u00f5rge v\u00e4rvliga. Lai ja tihe elastne v\u00e4rvel loob lisas l\u00fckkava (push-up) ja korrigeeriva efekti ning aitab taljet kergelt vormida.\" \/>\n<meta name=\"twitter:label1\" content=\"Est. reading time\" \/>\n\t<meta name=\"twitter:data1\" content=\"1 minut\" \/>\n<script type=\"application\/ld+json\" class=\"yoast-schema-graph\">{\"@context\":\"https:\\\/\\\/schema.org\",\"@graph\":[{\"@type\":\"WebPage\",\"@id\":\"https:\\\/\\\/armonti.eu\\\/et\\\/toode\\\/push-up-efektiga-korrigeerivad-luhikesed-puksid-2\\\/\",\"url\":\"https:\\\/\\\/armonti.eu\\\/et\\\/toode\\\/push-up-efektiga-korrigeerivad-luhikesed-puksid-2\\\/\",\"name\":\"Push-up efektiga korrigeerivad l\u00fchikesed p\u00fcksid - \u041c\u0430\u0433\u0430\u0437\u0438\u043d \u043e\u0434\u0435\u0436\u0434\u044b ARMONTI\",\"isPartOf\":{\"@id\":\"https:\\\/\\\/armonti.eu\\\/#website\"},\"primaryImageOfPage\":{\"@id\":\"https:\\\/\\\/armonti.eu\\\/et\\\/toode\\\/push-up-efektiga-korrigeerivad-luhikesed-puksid-2\\\/#primaryimage\"},\"image\":{\"@id\":\"https:\\\/\\\/armonti.eu\\\/et\\\/toode\\\/push-up-efektiga-korrigeerivad-luhikesed-puksid-2\\\/#primaryimage\"},\"thumbnailUrl\":\"https:\\\/\\\/armonti.eu\\\/wp-content\\\/uploads\\\/2025\\\/05\\\/img_3550.jpg\",\"datePublished\":\"2025-05-02T11:26:00+00:00\",\"description\":\"Push-up efektiga korrigeerivad l\u00fchikesed p\u00fcksid. Elastne materjal tagab suurep\u00e4rase istuvuse ja mugavuse, v\u00f5imaldades vabalt liikuda nii igap\u00e4evaelus kui ka treeningu ajal.\",\"breadcrumb\":{\"@id\":\"https:\\\/\\\/armonti.eu\\\/et\\\/toode\\\/push-up-efektiga-korrigeerivad-luhikesed-puksid-2\\\/#breadcrumb\"},\"inLanguage\":\"et\",\"potentialAction\":[{\"@type\":\"ReadAction\",\"target\":[\"https:\\\/\\\/armonti.eu\\\/et\\\/toode\\\/push-up-efektiga-korrigeerivad-luhikesed-puksid-2\\\/\"]}]},{\"@type\":\"ImageObject\",\"inLanguage\":\"et\",\"@id\":\"https:\\\/\\\/armonti.eu\\\/et\\\/toode\\\/push-up-efektiga-korrigeerivad-luhikesed-puksid-2\\\/#primaryimage\",\"url\":\"https:\\\/\\\/armonti.eu\\\/wp-content\\\/uploads\\\/2025\\\/05\\\/img_3550.jpg\",\"contentUrl\":\"https:\\\/\\\/armonti.eu\\\/wp-content\\\/uploads\\\/2025\\\/05\\\/img_3550.jpg\",\"width\":1072,\"height\":1430},{\"@type\":\"BreadcrumbList\",\"@id\":\"https:\\\/\\\/armonti.eu\\\/et\\\/toode\\\/push-up-efektiga-korrigeerivad-luhikesed-puksid-2\\\/#breadcrumb\",\"itemListElement\":[{\"@type\":\"ListItem\",\"position\":1,\"name\":\"\u0413\u043b\u0430\u0432\u043d\u0430\u044f\",\"item\":\"https:\\\/\\\/armonti.eu\\\/\"},{\"@type\":\"ListItem\",\"position\":2,\"name\":\"Shop\",\"item\":\"https:\\\/\\\/armonti.eu\\\/et\\\/shop\\\/\"},{\"@type\":\"ListItem\",\"position\":3,\"name\":\"Push-up efektiga korrigeerivad l\u00fchikesed p\u00fcksid\"}]},{\"@type\":\"WebSite\",\"@id\":\"https:\\\/\\\/armonti.eu\\\/#website\",\"url\":\"https:\\\/\\\/armonti.eu\\\/\",\"name\":\"ARMONTI\",\"description\":\"\",\"publisher\":{\"@id\":\"https:\\\/\\\/armonti.eu\\\/#organization\"},\"alternateName\":\"\u0416\u0435\u043d\u0441\u043a\u0430\u044f \u0431\u0440\u0435\u043d\u0434\u043e\u0432\u0430\u044f \u043e\u0434\u0435\u0436\u0434\u0430\",\"potentialAction\":[{\"@type\":\"SearchAction\",\"target\":{\"@type\":\"EntryPoint\",\"urlTemplate\":\"https:\\\/\\\/armonti.eu\\\/?s={search_term_string}\"},\"query-input\":{\"@type\":\"PropertyValueSpecification\",\"valueRequired\":true,\"valueName\":\"search_term_string\"}}],\"inLanguage\":\"et\"},{\"@type\":\"Organization\",\"@id\":\"https:\\\/\\\/armonti.eu\\\/#organization\",\"name\":\"ARMONTI\",\"alternateName\":\"\u0416\u0435\u043d\u0441\u043a\u0430\u044f \u0431\u0440\u0435\u043d\u0434\u043e\u0432\u0430\u044f \u043e\u0434\u0435\u0436\u0434\u0430\",\"url\":\"https:\\\/\\\/armonti.eu\\\/\",\"logo\":{\"@type\":\"ImageObject\",\"inLanguage\":\"et\",\"@id\":\"https:\\\/\\\/armonti.eu\\\/#\\\/schema\\\/logo\\\/image\\\/\",\"url\":\"https:\\\/\\\/armonti.eu\\\/wp-content\\\/uploads\\\/2023\\\/05\\\/armonti-logo-white.png\",\"contentUrl\":\"https:\\\/\\\/armonti.eu\\\/wp-content\\\/uploads\\\/2023\\\/05\\\/armonti-logo-white.png\",\"width\":2165,\"height\":554,\"caption\":\"ARMONTI\"},\"image\":{\"@id\":\"https:\\\/\\\/armonti.eu\\\/#\\\/schema\\\/logo\\\/image\\\/\"}}]}<\/script>\n<!-- \/ Yoast SEO plugin. -->","yoast_head_json":{"title":"Push-up efektiga korrigeerivad l\u00fchikesed p\u00fcksid - \u041c\u0430\u0433\u0430\u0437\u0438\u043d \u043e\u0434\u0435\u0436\u0434\u044b ARMONTI","description":"Push-up efektiga korrigeerivad l\u00fchikesed p\u00fcksid. Elastne materjal tagab suurep\u00e4rase istuvuse ja mugavuse, v\u00f5imaldades vabalt liikuda nii igap\u00e4evaelus kui ka treeningu ajal.","robots":{"index":"index","follow":"follow","max-snippet":"max-snippet:-1","max-image-preview":"max-image-preview:large","max-video-preview":"max-video-preview:-1"},"canonical":"https:\/\/armonti.eu\/et\/toode\/push-up-efektiga-korrigeerivad-luhikesed-puksid-2\/","og_locale":"et_EE","og_type":"article","og_title":"Push-up efektiga korrigeerivad l\u00fchikesed p\u00fcksid - \u041c\u0430\u0433\u0430\u0437\u0438\u043d \u043e\u0434\u0435\u0436\u0434\u044b ARMONTI","og_description":"Naiste elastsed tekstiilist fliisvoodriga soojad leggingsid k\u00f5rge v\u00e4rvliga. Lai ja tihe elastne v\u00e4rvel loob lisas l\u00fckkava (push-up) ja korrigeeriva efekti ning aitab taljet kergelt vormida.","og_url":"https:\/\/armonti.eu\/et\/toode\/push-up-efektiga-korrigeerivad-luhikesed-puksid-2\/","og_site_name":"\u041c\u0430\u0433\u0430\u0437\u0438\u043d \u043e\u0434\u0435\u0436\u0434\u044b ARMONTI","og_image":[{"width":1072,"height":1430,"url":"https:\/\/armonti.eu\/wp-content\/uploads\/2025\/05\/img_3550.jpg","type":"image\/jpeg"}],"twitter_card":"summary_large_image","twitter_description":"Naiste elastsed tekstiilist fliisvoodriga soojad leggingsid k\u00f5rge v\u00e4rvliga. Lai ja tihe elastne v\u00e4rvel loob lisas l\u00fckkava (push-up) ja korrigeeriva efekti ning aitab taljet kergelt vormida.","twitter_misc":{"Est. reading time":"1 minut"},"schema":{"@context":"https:\/\/schema.org","@graph":[{"@type":"WebPage","@id":"https:\/\/armonti.eu\/et\/toode\/push-up-efektiga-korrigeerivad-luhikesed-puksid-2\/","url":"https:\/\/armonti.eu\/et\/toode\/push-up-efektiga-korrigeerivad-luhikesed-puksid-2\/","name":"Push-up efektiga korrigeerivad l\u00fchikesed p\u00fcksid - \u041c\u0430\u0433\u0430\u0437\u0438\u043d \u043e\u0434\u0435\u0436\u0434\u044b ARMONTI","isPartOf":{"@id":"https:\/\/armonti.eu\/#website"},"primaryImageOfPage":{"@id":"https:\/\/armonti.eu\/et\/toode\/push-up-efektiga-korrigeerivad-luhikesed-puksid-2\/#primaryimage"},"image":{"@id":"https:\/\/armonti.eu\/et\/toode\/push-up-efektiga-korrigeerivad-luhikesed-puksid-2\/#primaryimage"},"thumbnailUrl":"https:\/\/armonti.eu\/wp-content\/uploads\/2025\/05\/img_3550.jpg","datePublished":"2025-05-02T11:26:00+00:00","description":"Push-up efektiga korrigeerivad l\u00fchikesed p\u00fcksid. Elastne materjal tagab suurep\u00e4rase istuvuse ja mugavuse, v\u00f5imaldades vabalt liikuda nii igap\u00e4evaelus kui ka treeningu ajal.","breadcrumb":{"@id":"https:\/\/armonti.eu\/et\/toode\/push-up-efektiga-korrigeerivad-luhikesed-puksid-2\/#breadcrumb"},"inLanguage":"et","potentialAction":[{"@type":"ReadAction","target":["https:\/\/armonti.eu\/et\/toode\/push-up-efektiga-korrigeerivad-luhikesed-puksid-2\/"]}]},{"@type":"ImageObject","inLanguage":"et","@id":"https:\/\/armonti.eu\/et\/toode\/push-up-efektiga-korrigeerivad-luhikesed-puksid-2\/#primaryimage","url":"https:\/\/armonti.eu\/wp-content\/uploads\/2025\/05\/img_3550.jpg","contentUrl":"https:\/\/armonti.eu\/wp-content\/uploads\/2025\/05\/img_3550.jpg","width":1072,"height":1430},{"@type":"BreadcrumbList","@id":"https:\/\/armonti.eu\/et\/toode\/push-up-efektiga-korrigeerivad-luhikesed-puksid-2\/#breadcrumb","itemListElement":[{"@type":"ListItem","position":1,"name":"\u0413\u043b\u0430\u0432\u043d\u0430\u044f","item":"https:\/\/armonti.eu\/"},{"@type":"ListItem","position":2,"name":"Shop","item":"https:\/\/armonti.eu\/et\/shop\/"},{"@type":"ListItem","position":3,"name":"Push-up efektiga korrigeerivad l\u00fchikesed p\u00fcksid"}]},{"@type":"WebSite","@id":"https:\/\/armonti.eu\/#website","url":"https:\/\/armonti.eu\/","name":"ARMONTI","description":"","publisher":{"@id":"https:\/\/armonti.eu\/#organization"},"alternateName":"\u0416\u0435\u043d\u0441\u043a\u0430\u044f \u0431\u0440\u0435\u043d\u0434\u043e\u0432\u0430\u044f \u043e\u0434\u0435\u0436\u0434\u0430","potentialAction":[{"@type":"SearchAction","target":{"@type":"EntryPoint","urlTemplate":"https:\/\/armonti.eu\/?s={search_term_string}"},"query-input":{"@type":"PropertyValueSpecification","valueRequired":true,"valueName":"search_term_string"}}],"inLanguage":"et"},{"@type":"Organization","@id":"https:\/\/armonti.eu\/#organization","name":"ARMONTI","alternateName":"\u0416\u0435\u043d\u0441\u043a\u0430\u044f \u0431\u0440\u0435\u043d\u0434\u043e\u0432\u0430\u044f \u043e\u0434\u0435\u0436\u0434\u0430","url":"https:\/\/armonti.eu\/","logo":{"@type":"ImageObject","inLanguage":"et","@id":"https:\/\/armonti.eu\/#\/schema\/logo\/image\/","url":"https:\/\/armonti.eu\/wp-content\/uploads\/2023\/05\/armonti-logo-white.png","contentUrl":"https:\/\/armonti.eu\/wp-content\/uploads\/2023\/05\/armonti-logo-white.png","width":2165,"height":554,"caption":"ARMONTI"},"image":{"@id":"https:\/\/armonti.eu\/#\/schema\/logo\/image\/"}}]}},"_links":{"self":[{"href":"https:\/\/armonti.eu\/et\/wp-json\/wp\/v2\/product\/40160","targetHints":{"allow":["GET"]}}],"collection":[{"href":"https:\/\/armonti.eu\/et\/wp-json\/wp\/v2\/product"}],"about":[{"href":"https:\/\/armonti.eu\/et\/wp-json\/wp\/v2\/types\/product"}],"replies":[{"embeddable":true,"href":"https:\/\/armonti.eu\/et\/wp-json\/wp\/v2\/comments?post=40160"}],"wp:featuredmedia":[{"embeddable":true,"href":"https:\/\/armonti.eu\/et\/wp-json\/wp\/v2\/media\/28184"}],"wp:attachment":[{"href":"https:\/\/armonti.eu\/et\/wp-json\/wp\/v2\/media?parent=40160"}],"wp:term":[{"taxonomy":"product_brand","embeddable":true,"href":"https:\/\/armonti.eu\/et\/wp-json\/wp\/v2\/product_brand?post=40160"},{"taxonomy":"product_cat","embeddable":true,"href":"https:\/\/armonti.eu\/et\/wp-json\/wp\/v2\/product_cat?post=40160"},{"taxonomy":"product_tag","embeddable":true,"href":"https:\/\/armonti.eu\/et\/wp-json\/wp\/v2\/product_tag?post=40160"}],"curies":[{"name":"wp","href":"https:\/\/api.w.org\/{rel}","templated":true}]}}