{"id":40140,"date":"2025-05-07T00:43:34","date_gmt":"2025-05-06T21:43:34","guid":{"rendered":"https:\/\/armonti.eu\/product\/korrigeerivad-retuusid\/"},"modified":"2025-05-07T00:43:34","modified_gmt":"2025-05-06T21:43:34","slug":"korrigeerivad-retuusid","status":"publish","type":"product","link":"https:\/\/armonti.eu\/et\/toode\/korrigeerivad-retuusid\/","title":{"rendered":"Korrigeerivad retuusid"},"content":{"rendered":"<p>Push-up efektiga korrigeerivad retuusid<br \/>Armonti retuusid on varustatud k\u00f5rge vormiva v\u00f6\u00f6osaga, mis r\u00f5hutab suurep\u00e4raselt taljet ja loob efektse silueti.<br \/>\nSee mudel sobib nii spordiks kui ka igap\u00e4evaseks kandmiseks.<br \/>Tulge meie Armonti poodi Tallinnas, kust leiate suure valiku retuuse igale maitsele! Looge oma stiilsed outfit\u2019id ja tundke end enesekindlalt iga p\u00e4ev!<br \/>Kangas on v\u00e4ga pehme ja h\u00e4sti veniv!<br \/>Tellimuse m\u00e4rkustesse palume kindlasti lisada oma m\u00f5\u00f5dud: puusa\u00fcmberm\u00f5\u00f5t, v\u00f6\u00f6\u00fcmberm\u00f5\u00f5t ja pikkus \u2014 see aitab meil t\u00e4psemalt suuruse valida.<br \/>Tootekood: 17017<\/p>\n","protected":false},"excerpt":{"rendered":"<p>Suurused: S\/M, L\/XL<br \/>\nKoostis: 90% nailon, 10% elastaan<br \/>\nV\u00e4rvid: must, oliiviroheline, bee\u017e, helehall, piimjas<br \/>\nPikkus: 91\u201394 cm<\/p>\n","protected":false},"featured_media":28624,"comment_status":"open","ping_status":"closed","template":"","meta":[],"product_brand":[],"product_cat":[333,334,331,332],"product_tag":[],"class_list":{"0":"post-40140","1":"product","2":"type-product","3":"status-publish","4":"has-post-thumbnail","6":"product_cat-hity-prodazh-et","7":"product_cat-legginsy-tonkie-et","8":"product_cat-legginsy-et","9":"product_cat-rasprodazha-et","11":"first","12":"instock","13":"sale","14":"shipping-taxable","15":"purchasable","16":"product-type-variable"},"yoast_head":"<!-- This site is optimized with the Yoast SEO plugin v27.4 - https:\/\/yoast.com\/product\/yoast-seo-wordpress\/ -->\n<title>Korrigeerivad retuusid - \u041c\u0430\u0433\u0430\u0437\u0438\u043d \u043e\u0434\u0435\u0436\u0434\u044b ARMONTI<\/title>\n<meta name=\"description\" content=\"\u00d5hukesed elastsed retuusid. Elastsest materjalist valmistatud retuusid sobivad suurep\u00e4raselt nii igap\u00e4evaseks kandmiseks kui ka fitnessi treeninguteks.\" \/>\n<meta name=\"robots\" content=\"index, follow, max-snippet:-1, max-image-preview:large, max-video-preview:-1\" \/>\n<link rel=\"canonical\" href=\"https:\/\/armonti.eu\/et\/toode\/korrigeerivad-retuusid\/\" \/>\n<meta property=\"og:locale\" content=\"et_EE\" \/>\n<meta property=\"og:type\" content=\"article\" \/>\n<meta property=\"og:title\" content=\"Korrigeerivad retuusid - \u041c\u0430\u0433\u0430\u0437\u0438\u043d \u043e\u0434\u0435\u0436\u0434\u044b ARMONTI\" \/>\n<meta property=\"og:description\" content=\"Naiste elastsed tekstiilist fliisvoodriga soojad leggingsid k\u00f5rge v\u00e4rvliga. Lai ja tihe elastne v\u00e4rvel loob lisas l\u00fckkava (push-up) ja korrigeeriva efekti ning aitab taljet kergelt vormida.\" \/>\n<meta property=\"og:url\" content=\"https:\/\/armonti.eu\/et\/toode\/korrigeerivad-retuusid\/\" \/>\n<meta property=\"og:site_name\" content=\"\u041c\u0430\u0433\u0430\u0437\u0438\u043d \u043e\u0434\u0435\u0436\u0434\u044b ARMONTI\" \/>\n<meta property=\"og:image\" content=\"https:\/\/armonti.eu\/wp-content\/uploads\/2025\/05\/img_5292.jpg\" \/>\n\t<meta property=\"og:image:width\" content=\"1013\" \/>\n\t<meta property=\"og:image:height\" content=\"1350\" \/>\n\t<meta property=\"og:image:type\" content=\"image\/jpeg\" \/>\n<meta name=\"twitter:card\" content=\"summary_large_image\" \/>\n<meta name=\"twitter:description\" content=\"Naiste elastsed tekstiilist fliisvoodriga soojad leggingsid k\u00f5rge v\u00e4rvliga. Lai ja tihe elastne v\u00e4rvel loob lisas l\u00fckkava (push-up) ja korrigeeriva efekti ning aitab taljet kergelt vormida.\" \/>\n<script type=\"application\/ld+json\" class=\"yoast-schema-graph\">{\"@context\":\"https:\\\/\\\/schema.org\",\"@graph\":[{\"@type\":\"WebPage\",\"@id\":\"https:\\\/\\\/armonti.eu\\\/et\\\/toode\\\/korrigeerivad-retuusid\\\/\",\"url\":\"https:\\\/\\\/armonti.eu\\\/et\\\/toode\\\/korrigeerivad-retuusid\\\/\",\"name\":\"Korrigeerivad retuusid - \u041c\u0430\u0433\u0430\u0437\u0438\u043d \u043e\u0434\u0435\u0436\u0434\u044b ARMONTI\",\"isPartOf\":{\"@id\":\"https:\\\/\\\/armonti.eu\\\/#website\"},\"primaryImageOfPage\":{\"@id\":\"https:\\\/\\\/armonti.eu\\\/et\\\/toode\\\/korrigeerivad-retuusid\\\/#primaryimage\"},\"image\":{\"@id\":\"https:\\\/\\\/armonti.eu\\\/et\\\/toode\\\/korrigeerivad-retuusid\\\/#primaryimage\"},\"thumbnailUrl\":\"https:\\\/\\\/armonti.eu\\\/wp-content\\\/uploads\\\/2025\\\/05\\\/img_5292.jpg\",\"datePublished\":\"2025-05-06T21:43:34+00:00\",\"description\":\"\u00d5hukesed elastsed retuusid. Elastsest materjalist valmistatud retuusid sobivad suurep\u00e4raselt nii igap\u00e4evaseks kandmiseks kui ka fitnessi treeninguteks.\",\"breadcrumb\":{\"@id\":\"https:\\\/\\\/armonti.eu\\\/et\\\/toode\\\/korrigeerivad-retuusid\\\/#breadcrumb\"},\"inLanguage\":\"et\",\"potentialAction\":[{\"@type\":\"ReadAction\",\"target\":[\"https:\\\/\\\/armonti.eu\\\/et\\\/toode\\\/korrigeerivad-retuusid\\\/\"]}]},{\"@type\":\"ImageObject\",\"inLanguage\":\"et\",\"@id\":\"https:\\\/\\\/armonti.eu\\\/et\\\/toode\\\/korrigeerivad-retuusid\\\/#primaryimage\",\"url\":\"https:\\\/\\\/armonti.eu\\\/wp-content\\\/uploads\\\/2025\\\/05\\\/img_5292.jpg\",\"contentUrl\":\"https:\\\/\\\/armonti.eu\\\/wp-content\\\/uploads\\\/2025\\\/05\\\/img_5292.jpg\",\"width\":1013,\"height\":1350},{\"@type\":\"BreadcrumbList\",\"@id\":\"https:\\\/\\\/armonti.eu\\\/et\\\/toode\\\/korrigeerivad-retuusid\\\/#breadcrumb\",\"itemListElement\":[{\"@type\":\"ListItem\",\"position\":1,\"name\":\"\u0413\u043b\u0430\u0432\u043d\u0430\u044f\",\"item\":\"https:\\\/\\\/armonti.eu\\\/\"},{\"@type\":\"ListItem\",\"position\":2,\"name\":\"Shop\",\"item\":\"https:\\\/\\\/armonti.eu\\\/et\\\/shop\\\/\"},{\"@type\":\"ListItem\",\"position\":3,\"name\":\"Korrigeerivad retuusid\"}]},{\"@type\":\"WebSite\",\"@id\":\"https:\\\/\\\/armonti.eu\\\/#website\",\"url\":\"https:\\\/\\\/armonti.eu\\\/\",\"name\":\"ARMONTI\",\"description\":\"\",\"publisher\":{\"@id\":\"https:\\\/\\\/armonti.eu\\\/#organization\"},\"alternateName\":\"\u0416\u0435\u043d\u0441\u043a\u0430\u044f \u0431\u0440\u0435\u043d\u0434\u043e\u0432\u0430\u044f \u043e\u0434\u0435\u0436\u0434\u0430\",\"potentialAction\":[{\"@type\":\"SearchAction\",\"target\":{\"@type\":\"EntryPoint\",\"urlTemplate\":\"https:\\\/\\\/armonti.eu\\\/?s={search_term_string}\"},\"query-input\":{\"@type\":\"PropertyValueSpecification\",\"valueRequired\":true,\"valueName\":\"search_term_string\"}}],\"inLanguage\":\"et\"},{\"@type\":\"Organization\",\"@id\":\"https:\\\/\\\/armonti.eu\\\/#organization\",\"name\":\"ARMONTI\",\"alternateName\":\"\u0416\u0435\u043d\u0441\u043a\u0430\u044f \u0431\u0440\u0435\u043d\u0434\u043e\u0432\u0430\u044f \u043e\u0434\u0435\u0436\u0434\u0430\",\"url\":\"https:\\\/\\\/armonti.eu\\\/\",\"logo\":{\"@type\":\"ImageObject\",\"inLanguage\":\"et\",\"@id\":\"https:\\\/\\\/armonti.eu\\\/#\\\/schema\\\/logo\\\/image\\\/\",\"url\":\"https:\\\/\\\/armonti.eu\\\/wp-content\\\/uploads\\\/2023\\\/05\\\/armonti-logo-white.png\",\"contentUrl\":\"https:\\\/\\\/armonti.eu\\\/wp-content\\\/uploads\\\/2023\\\/05\\\/armonti-logo-white.png\",\"width\":2165,\"height\":554,\"caption\":\"ARMONTI\"},\"image\":{\"@id\":\"https:\\\/\\\/armonti.eu\\\/#\\\/schema\\\/logo\\\/image\\\/\"}}]}<\/script>\n<!-- \/ Yoast SEO plugin. -->","yoast_head_json":{"title":"Korrigeerivad retuusid - \u041c\u0430\u0433\u0430\u0437\u0438\u043d \u043e\u0434\u0435\u0436\u0434\u044b ARMONTI","description":"\u00d5hukesed elastsed retuusid. Elastsest materjalist valmistatud retuusid sobivad suurep\u00e4raselt nii igap\u00e4evaseks kandmiseks kui ka fitnessi treeninguteks.","robots":{"index":"index","follow":"follow","max-snippet":"max-snippet:-1","max-image-preview":"max-image-preview:large","max-video-preview":"max-video-preview:-1"},"canonical":"https:\/\/armonti.eu\/et\/toode\/korrigeerivad-retuusid\/","og_locale":"et_EE","og_type":"article","og_title":"Korrigeerivad retuusid - \u041c\u0430\u0433\u0430\u0437\u0438\u043d \u043e\u0434\u0435\u0436\u0434\u044b ARMONTI","og_description":"Naiste elastsed tekstiilist fliisvoodriga soojad leggingsid k\u00f5rge v\u00e4rvliga. Lai ja tihe elastne v\u00e4rvel loob lisas l\u00fckkava (push-up) ja korrigeeriva efekti ning aitab taljet kergelt vormida.","og_url":"https:\/\/armonti.eu\/et\/toode\/korrigeerivad-retuusid\/","og_site_name":"\u041c\u0430\u0433\u0430\u0437\u0438\u043d \u043e\u0434\u0435\u0436\u0434\u044b ARMONTI","og_image":[{"width":1013,"height":1350,"url":"https:\/\/armonti.eu\/wp-content\/uploads\/2025\/05\/img_5292.jpg","type":"image\/jpeg"}],"twitter_card":"summary_large_image","twitter_description":"Naiste elastsed tekstiilist fliisvoodriga soojad leggingsid k\u00f5rge v\u00e4rvliga. Lai ja tihe elastne v\u00e4rvel loob lisas l\u00fckkava (push-up) ja korrigeeriva efekti ning aitab taljet kergelt vormida.","schema":{"@context":"https:\/\/schema.org","@graph":[{"@type":"WebPage","@id":"https:\/\/armonti.eu\/et\/toode\/korrigeerivad-retuusid\/","url":"https:\/\/armonti.eu\/et\/toode\/korrigeerivad-retuusid\/","name":"Korrigeerivad retuusid - \u041c\u0430\u0433\u0430\u0437\u0438\u043d \u043e\u0434\u0435\u0436\u0434\u044b ARMONTI","isPartOf":{"@id":"https:\/\/armonti.eu\/#website"},"primaryImageOfPage":{"@id":"https:\/\/armonti.eu\/et\/toode\/korrigeerivad-retuusid\/#primaryimage"},"image":{"@id":"https:\/\/armonti.eu\/et\/toode\/korrigeerivad-retuusid\/#primaryimage"},"thumbnailUrl":"https:\/\/armonti.eu\/wp-content\/uploads\/2025\/05\/img_5292.jpg","datePublished":"2025-05-06T21:43:34+00:00","description":"\u00d5hukesed elastsed retuusid. Elastsest materjalist valmistatud retuusid sobivad suurep\u00e4raselt nii igap\u00e4evaseks kandmiseks kui ka fitnessi treeninguteks.","breadcrumb":{"@id":"https:\/\/armonti.eu\/et\/toode\/korrigeerivad-retuusid\/#breadcrumb"},"inLanguage":"et","potentialAction":[{"@type":"ReadAction","target":["https:\/\/armonti.eu\/et\/toode\/korrigeerivad-retuusid\/"]}]},{"@type":"ImageObject","inLanguage":"et","@id":"https:\/\/armonti.eu\/et\/toode\/korrigeerivad-retuusid\/#primaryimage","url":"https:\/\/armonti.eu\/wp-content\/uploads\/2025\/05\/img_5292.jpg","contentUrl":"https:\/\/armonti.eu\/wp-content\/uploads\/2025\/05\/img_5292.jpg","width":1013,"height":1350},{"@type":"BreadcrumbList","@id":"https:\/\/armonti.eu\/et\/toode\/korrigeerivad-retuusid\/#breadcrumb","itemListElement":[{"@type":"ListItem","position":1,"name":"\u0413\u043b\u0430\u0432\u043d\u0430\u044f","item":"https:\/\/armonti.eu\/"},{"@type":"ListItem","position":2,"name":"Shop","item":"https:\/\/armonti.eu\/et\/shop\/"},{"@type":"ListItem","position":3,"name":"Korrigeerivad retuusid"}]},{"@type":"WebSite","@id":"https:\/\/armonti.eu\/#website","url":"https:\/\/armonti.eu\/","name":"ARMONTI","description":"","publisher":{"@id":"https:\/\/armonti.eu\/#organization"},"alternateName":"\u0416\u0435\u043d\u0441\u043a\u0430\u044f \u0431\u0440\u0435\u043d\u0434\u043e\u0432\u0430\u044f \u043e\u0434\u0435\u0436\u0434\u0430","potentialAction":[{"@type":"SearchAction","target":{"@type":"EntryPoint","urlTemplate":"https:\/\/armonti.eu\/?s={search_term_string}"},"query-input":{"@type":"PropertyValueSpecification","valueRequired":true,"valueName":"search_term_string"}}],"inLanguage":"et"},{"@type":"Organization","@id":"https:\/\/armonti.eu\/#organization","name":"ARMONTI","alternateName":"\u0416\u0435\u043d\u0441\u043a\u0430\u044f \u0431\u0440\u0435\u043d\u0434\u043e\u0432\u0430\u044f \u043e\u0434\u0435\u0436\u0434\u0430","url":"https:\/\/armonti.eu\/","logo":{"@type":"ImageObject","inLanguage":"et","@id":"https:\/\/armonti.eu\/#\/schema\/logo\/image\/","url":"https:\/\/armonti.eu\/wp-content\/uploads\/2023\/05\/armonti-logo-white.png","contentUrl":"https:\/\/armonti.eu\/wp-content\/uploads\/2023\/05\/armonti-logo-white.png","width":2165,"height":554,"caption":"ARMONTI"},"image":{"@id":"https:\/\/armonti.eu\/#\/schema\/logo\/image\/"}}]}},"_links":{"self":[{"href":"https:\/\/armonti.eu\/et\/wp-json\/wp\/v2\/product\/40140","targetHints":{"allow":["GET"]}}],"collection":[{"href":"https:\/\/armonti.eu\/et\/wp-json\/wp\/v2\/product"}],"about":[{"href":"https:\/\/armonti.eu\/et\/wp-json\/wp\/v2\/types\/product"}],"replies":[{"embeddable":true,"href":"https:\/\/armonti.eu\/et\/wp-json\/wp\/v2\/comments?post=40140"}],"wp:featuredmedia":[{"embeddable":true,"href":"https:\/\/armonti.eu\/et\/wp-json\/wp\/v2\/media\/28624"}],"wp:attachment":[{"href":"https:\/\/armonti.eu\/et\/wp-json\/wp\/v2\/media?parent=40140"}],"wp:term":[{"taxonomy":"product_brand","embeddable":true,"href":"https:\/\/armonti.eu\/et\/wp-json\/wp\/v2\/product_brand?post=40140"},{"taxonomy":"product_cat","embeddable":true,"href":"https:\/\/armonti.eu\/et\/wp-json\/wp\/v2\/product_cat?post=40140"},{"taxonomy":"product_tag","embeddable":true,"href":"https:\/\/armonti.eu\/et\/wp-json\/wp\/v2\/product_tag?post=40140"}],"curies":[{"name":"wp","href":"https:\/\/api.w.org\/{rel}","templated":true}]}}