{"id":40124,"date":"2025-12-04T14:24:17","date_gmt":"2025-12-04T11:24:17","guid":{"rendered":"https:\/\/armonti.eu\/product\/lureksiga-saaresoojendajad\/"},"modified":"2025-12-04T14:24:17","modified_gmt":"2025-12-04T11:24:17","slug":"lureksiga-saaresoojendajad","status":"publish","type":"product","link":"https:\/\/armonti.eu\/et\/toode\/lureksiga-saaresoojendajad\/","title":{"rendered":"Lureksiga s\u00e4\u00e4resoojendajad"},"content":{"rendered":"<p>Lureksi ja villaga s\u00e4\u00e4resoojendajad \u2013 s\u00e4rav ja stiilne t\u00e4iendus teie v\u00e4limusele!<br \/>\nEfektne lureksi l\u00e4ige sobib suurep\u00e4raselt Armonti soojade leggingsidega, luues hubase ja moeka v\u00e4limuse. Saadaval k\u00f5ige trendikamate v\u00e4rvidena, on need s\u00e4\u00e4resoojendajad suurep\u00e4rane valik k\u00fclmadeks p\u00e4evadeks ning originaalne kingitus l\u00e4hedastele. Lisage oma stiilile s\u00e4ra ja soojust nende ilusate ja praktiliste s\u00e4\u00e4resoojendajatega! <\/p>\n<p>Hooldus:<br \/>\nPleegitamine keelatud, \u00f5rn pesu 30\u00b0 juures.<\/p>\n<p><span style=\"font-weight: 400;\">Tootekood: 201<\/span><\/p>\n","protected":false},"excerpt":{"rendered":"<p>Suurus: ONE SIZE<br \/>\nKoostis: 29% vill, 48% pol\u00fcester, 20% akr\u00fc\u00fcl, 3% elastaan<br \/>\nV\u00e4rv: must, bee\u017e, \u0161okolaad, bordoo, hall, grafiit<\/p>\n","protected":false},"featured_media":33488,"comment_status":"open","ping_status":"closed","template":"","meta":[],"product_brand":[],"product_cat":[430,331,455,432],"product_tag":[],"class_list":{"0":"post-40124","1":"product","2":"type-product","3":"status-publish","4":"has-post-thumbnail","6":"product_cat-aksessuaarid","7":"product_cat-legginsy-et","8":"product_cat-soojad-retuusid","9":"product_cat-sukkpuksid-ja-sokid","11":"first","12":"instock","13":"shipping-taxable","14":"purchasable","15":"product-type-variable"},"yoast_head":"<!-- This site is optimized with the Yoast SEO plugin v27.4 - https:\/\/yoast.com\/product\/yoast-seo-wordpress\/ -->\n<title>Lureksiga s\u00e4\u00e4resoojendajad - \u041c\u0430\u0433\u0430\u0437\u0438\u043d \u043e\u0434\u0435\u0436\u0434\u044b ARMONTI<\/title>\n<meta name=\"description\" content=\"Lureksi ja villaga s\u00e4\u00e4resoojendajad \u2013 s\u00e4rav ja stiilne t\u00e4iendus teie v\u00e4limusele! Efektne lureksi l\u00e4ige sobib suurep\u00e4raselt Armonti soojade leggingsidega.\" \/>\n<meta name=\"robots\" content=\"index, follow, max-snippet:-1, max-image-preview:large, max-video-preview:-1\" \/>\n<link rel=\"canonical\" href=\"https:\/\/armonti.eu\/et\/toode\/lureksiga-saaresoojendajad\/\" \/>\n<meta property=\"og:locale\" content=\"et_EE\" \/>\n<meta property=\"og:type\" content=\"article\" \/>\n<meta property=\"og:title\" content=\"Lureksiga s\u00e4\u00e4resoojendajad - \u041c\u0430\u0433\u0430\u0437\u0438\u043d \u043e\u0434\u0435\u0436\u0434\u044b ARMONTI\" \/>\n<meta property=\"og:description\" content=\"Lureksi ja villaga s\u00e4\u00e4resoojendajad \u2013 s\u00e4rav ja stiilne t\u00e4iendus teie v\u00e4limusele! Efektne lureksi l\u00e4ige sobib suurep\u00e4raselt Armonti soojade leggingsidega.\" \/>\n<meta property=\"og:url\" content=\"https:\/\/armonti.eu\/et\/toode\/lureksiga-saaresoojendajad\/\" \/>\n<meta property=\"og:site_name\" content=\"\u041c\u0430\u0433\u0430\u0437\u0438\u043d \u043e\u0434\u0435\u0436\u0434\u044b ARMONTI\" \/>\n<meta property=\"og:image\" content=\"https:\/\/armonti.eu\/wp-content\/uploads\/2025\/12\/img_0075.jpg\" \/>\n\t<meta property=\"og:image:width\" content=\"675\" \/>\n\t<meta property=\"og:image:height\" content=\"900\" \/>\n\t<meta property=\"og:image:type\" content=\"image\/jpeg\" \/>\n<meta name=\"twitter:card\" content=\"summary_large_image\" \/>\n<script type=\"application\/ld+json\" class=\"yoast-schema-graph\">{\"@context\":\"https:\\\/\\\/schema.org\",\"@graph\":[{\"@type\":\"WebPage\",\"@id\":\"https:\\\/\\\/armonti.eu\\\/et\\\/toode\\\/lureksiga-saaresoojendajad\\\/\",\"url\":\"https:\\\/\\\/armonti.eu\\\/et\\\/toode\\\/lureksiga-saaresoojendajad\\\/\",\"name\":\"Lureksiga s\u00e4\u00e4resoojendajad - \u041c\u0430\u0433\u0430\u0437\u0438\u043d \u043e\u0434\u0435\u0436\u0434\u044b ARMONTI\",\"isPartOf\":{\"@id\":\"https:\\\/\\\/armonti.eu\\\/#website\"},\"primaryImageOfPage\":{\"@id\":\"https:\\\/\\\/armonti.eu\\\/et\\\/toode\\\/lureksiga-saaresoojendajad\\\/#primaryimage\"},\"image\":{\"@id\":\"https:\\\/\\\/armonti.eu\\\/et\\\/toode\\\/lureksiga-saaresoojendajad\\\/#primaryimage\"},\"thumbnailUrl\":\"https:\\\/\\\/armonti.eu\\\/wp-content\\\/uploads\\\/2025\\\/12\\\/img_0075.jpg\",\"datePublished\":\"2025-12-04T11:24:17+00:00\",\"description\":\"Lureksi ja villaga s\u00e4\u00e4resoojendajad \u2013 s\u00e4rav ja stiilne t\u00e4iendus teie v\u00e4limusele! Efektne lureksi l\u00e4ige sobib suurep\u00e4raselt Armonti soojade leggingsidega.\",\"breadcrumb\":{\"@id\":\"https:\\\/\\\/armonti.eu\\\/et\\\/toode\\\/lureksiga-saaresoojendajad\\\/#breadcrumb\"},\"inLanguage\":\"et\",\"potentialAction\":[{\"@type\":\"ReadAction\",\"target\":[\"https:\\\/\\\/armonti.eu\\\/et\\\/toode\\\/lureksiga-saaresoojendajad\\\/\"]}]},{\"@type\":\"ImageObject\",\"inLanguage\":\"et\",\"@id\":\"https:\\\/\\\/armonti.eu\\\/et\\\/toode\\\/lureksiga-saaresoojendajad\\\/#primaryimage\",\"url\":\"https:\\\/\\\/armonti.eu\\\/wp-content\\\/uploads\\\/2025\\\/12\\\/img_0075.jpg\",\"contentUrl\":\"https:\\\/\\\/armonti.eu\\\/wp-content\\\/uploads\\\/2025\\\/12\\\/img_0075.jpg\",\"width\":675,\"height\":900},{\"@type\":\"BreadcrumbList\",\"@id\":\"https:\\\/\\\/armonti.eu\\\/et\\\/toode\\\/lureksiga-saaresoojendajad\\\/#breadcrumb\",\"itemListElement\":[{\"@type\":\"ListItem\",\"position\":1,\"name\":\"\u0413\u043b\u0430\u0432\u043d\u0430\u044f\",\"item\":\"https:\\\/\\\/armonti.eu\\\/\"},{\"@type\":\"ListItem\",\"position\":2,\"name\":\"Shop\",\"item\":\"https:\\\/\\\/armonti.eu\\\/et\\\/shop\\\/\"},{\"@type\":\"ListItem\",\"position\":3,\"name\":\"Lureksiga s\u00e4\u00e4resoojendajad\"}]},{\"@type\":\"WebSite\",\"@id\":\"https:\\\/\\\/armonti.eu\\\/#website\",\"url\":\"https:\\\/\\\/armonti.eu\\\/\",\"name\":\"ARMONTI\",\"description\":\"\",\"publisher\":{\"@id\":\"https:\\\/\\\/armonti.eu\\\/#organization\"},\"alternateName\":\"\u0416\u0435\u043d\u0441\u043a\u0430\u044f \u0431\u0440\u0435\u043d\u0434\u043e\u0432\u0430\u044f \u043e\u0434\u0435\u0436\u0434\u0430\",\"potentialAction\":[{\"@type\":\"SearchAction\",\"target\":{\"@type\":\"EntryPoint\",\"urlTemplate\":\"https:\\\/\\\/armonti.eu\\\/?s={search_term_string}\"},\"query-input\":{\"@type\":\"PropertyValueSpecification\",\"valueRequired\":true,\"valueName\":\"search_term_string\"}}],\"inLanguage\":\"et\"},{\"@type\":\"Organization\",\"@id\":\"https:\\\/\\\/armonti.eu\\\/#organization\",\"name\":\"ARMONTI\",\"alternateName\":\"\u0416\u0435\u043d\u0441\u043a\u0430\u044f \u0431\u0440\u0435\u043d\u0434\u043e\u0432\u0430\u044f \u043e\u0434\u0435\u0436\u0434\u0430\",\"url\":\"https:\\\/\\\/armonti.eu\\\/\",\"logo\":{\"@type\":\"ImageObject\",\"inLanguage\":\"et\",\"@id\":\"https:\\\/\\\/armonti.eu\\\/#\\\/schema\\\/logo\\\/image\\\/\",\"url\":\"https:\\\/\\\/armonti.eu\\\/wp-content\\\/uploads\\\/2023\\\/05\\\/armonti-logo-white.png\",\"contentUrl\":\"https:\\\/\\\/armonti.eu\\\/wp-content\\\/uploads\\\/2023\\\/05\\\/armonti-logo-white.png\",\"width\":2165,\"height\":554,\"caption\":\"ARMONTI\"},\"image\":{\"@id\":\"https:\\\/\\\/armonti.eu\\\/#\\\/schema\\\/logo\\\/image\\\/\"}}]}<\/script>\n<!-- \/ Yoast SEO plugin. -->","yoast_head_json":{"title":"Lureksiga s\u00e4\u00e4resoojendajad - \u041c\u0430\u0433\u0430\u0437\u0438\u043d \u043e\u0434\u0435\u0436\u0434\u044b ARMONTI","description":"Lureksi ja villaga s\u00e4\u00e4resoojendajad \u2013 s\u00e4rav ja stiilne t\u00e4iendus teie v\u00e4limusele! Efektne lureksi l\u00e4ige sobib suurep\u00e4raselt Armonti soojade leggingsidega.","robots":{"index":"index","follow":"follow","max-snippet":"max-snippet:-1","max-image-preview":"max-image-preview:large","max-video-preview":"max-video-preview:-1"},"canonical":"https:\/\/armonti.eu\/et\/toode\/lureksiga-saaresoojendajad\/","og_locale":"et_EE","og_type":"article","og_title":"Lureksiga s\u00e4\u00e4resoojendajad - \u041c\u0430\u0433\u0430\u0437\u0438\u043d \u043e\u0434\u0435\u0436\u0434\u044b ARMONTI","og_description":"Lureksi ja villaga s\u00e4\u00e4resoojendajad \u2013 s\u00e4rav ja stiilne t\u00e4iendus teie v\u00e4limusele! Efektne lureksi l\u00e4ige sobib suurep\u00e4raselt Armonti soojade leggingsidega.","og_url":"https:\/\/armonti.eu\/et\/toode\/lureksiga-saaresoojendajad\/","og_site_name":"\u041c\u0430\u0433\u0430\u0437\u0438\u043d \u043e\u0434\u0435\u0436\u0434\u044b ARMONTI","og_image":[{"width":675,"height":900,"url":"https:\/\/armonti.eu\/wp-content\/uploads\/2025\/12\/img_0075.jpg","type":"image\/jpeg"}],"twitter_card":"summary_large_image","schema":{"@context":"https:\/\/schema.org","@graph":[{"@type":"WebPage","@id":"https:\/\/armonti.eu\/et\/toode\/lureksiga-saaresoojendajad\/","url":"https:\/\/armonti.eu\/et\/toode\/lureksiga-saaresoojendajad\/","name":"Lureksiga s\u00e4\u00e4resoojendajad - \u041c\u0430\u0433\u0430\u0437\u0438\u043d \u043e\u0434\u0435\u0436\u0434\u044b ARMONTI","isPartOf":{"@id":"https:\/\/armonti.eu\/#website"},"primaryImageOfPage":{"@id":"https:\/\/armonti.eu\/et\/toode\/lureksiga-saaresoojendajad\/#primaryimage"},"image":{"@id":"https:\/\/armonti.eu\/et\/toode\/lureksiga-saaresoojendajad\/#primaryimage"},"thumbnailUrl":"https:\/\/armonti.eu\/wp-content\/uploads\/2025\/12\/img_0075.jpg","datePublished":"2025-12-04T11:24:17+00:00","description":"Lureksi ja villaga s\u00e4\u00e4resoojendajad \u2013 s\u00e4rav ja stiilne t\u00e4iendus teie v\u00e4limusele! Efektne lureksi l\u00e4ige sobib suurep\u00e4raselt Armonti soojade leggingsidega.","breadcrumb":{"@id":"https:\/\/armonti.eu\/et\/toode\/lureksiga-saaresoojendajad\/#breadcrumb"},"inLanguage":"et","potentialAction":[{"@type":"ReadAction","target":["https:\/\/armonti.eu\/et\/toode\/lureksiga-saaresoojendajad\/"]}]},{"@type":"ImageObject","inLanguage":"et","@id":"https:\/\/armonti.eu\/et\/toode\/lureksiga-saaresoojendajad\/#primaryimage","url":"https:\/\/armonti.eu\/wp-content\/uploads\/2025\/12\/img_0075.jpg","contentUrl":"https:\/\/armonti.eu\/wp-content\/uploads\/2025\/12\/img_0075.jpg","width":675,"height":900},{"@type":"BreadcrumbList","@id":"https:\/\/armonti.eu\/et\/toode\/lureksiga-saaresoojendajad\/#breadcrumb","itemListElement":[{"@type":"ListItem","position":1,"name":"\u0413\u043b\u0430\u0432\u043d\u0430\u044f","item":"https:\/\/armonti.eu\/"},{"@type":"ListItem","position":2,"name":"Shop","item":"https:\/\/armonti.eu\/et\/shop\/"},{"@type":"ListItem","position":3,"name":"Lureksiga s\u00e4\u00e4resoojendajad"}]},{"@type":"WebSite","@id":"https:\/\/armonti.eu\/#website","url":"https:\/\/armonti.eu\/","name":"ARMONTI","description":"","publisher":{"@id":"https:\/\/armonti.eu\/#organization"},"alternateName":"\u0416\u0435\u043d\u0441\u043a\u0430\u044f \u0431\u0440\u0435\u043d\u0434\u043e\u0432\u0430\u044f \u043e\u0434\u0435\u0436\u0434\u0430","potentialAction":[{"@type":"SearchAction","target":{"@type":"EntryPoint","urlTemplate":"https:\/\/armonti.eu\/?s={search_term_string}"},"query-input":{"@type":"PropertyValueSpecification","valueRequired":true,"valueName":"search_term_string"}}],"inLanguage":"et"},{"@type":"Organization","@id":"https:\/\/armonti.eu\/#organization","name":"ARMONTI","alternateName":"\u0416\u0435\u043d\u0441\u043a\u0430\u044f \u0431\u0440\u0435\u043d\u0434\u043e\u0432\u0430\u044f \u043e\u0434\u0435\u0436\u0434\u0430","url":"https:\/\/armonti.eu\/","logo":{"@type":"ImageObject","inLanguage":"et","@id":"https:\/\/armonti.eu\/#\/schema\/logo\/image\/","url":"https:\/\/armonti.eu\/wp-content\/uploads\/2023\/05\/armonti-logo-white.png","contentUrl":"https:\/\/armonti.eu\/wp-content\/uploads\/2023\/05\/armonti-logo-white.png","width":2165,"height":554,"caption":"ARMONTI"},"image":{"@id":"https:\/\/armonti.eu\/#\/schema\/logo\/image\/"}}]}},"_links":{"self":[{"href":"https:\/\/armonti.eu\/et\/wp-json\/wp\/v2\/product\/40124","targetHints":{"allow":["GET"]}}],"collection":[{"href":"https:\/\/armonti.eu\/et\/wp-json\/wp\/v2\/product"}],"about":[{"href":"https:\/\/armonti.eu\/et\/wp-json\/wp\/v2\/types\/product"}],"replies":[{"embeddable":true,"href":"https:\/\/armonti.eu\/et\/wp-json\/wp\/v2\/comments?post=40124"}],"wp:featuredmedia":[{"embeddable":true,"href":"https:\/\/armonti.eu\/et\/wp-json\/wp\/v2\/media\/33488"}],"wp:attachment":[{"href":"https:\/\/armonti.eu\/et\/wp-json\/wp\/v2\/media?parent=40124"}],"wp:term":[{"taxonomy":"product_brand","embeddable":true,"href":"https:\/\/armonti.eu\/et\/wp-json\/wp\/v2\/product_brand?post=40124"},{"taxonomy":"product_cat","embeddable":true,"href":"https:\/\/armonti.eu\/et\/wp-json\/wp\/v2\/product_cat?post=40124"},{"taxonomy":"product_tag","embeddable":true,"href":"https:\/\/armonti.eu\/et\/wp-json\/wp\/v2\/product_tag?post=40124"}],"curies":[{"name":"wp","href":"https:\/\/api.w.org\/{rel}","templated":true}]}}