{"id":40092,"date":"2026-03-16T22:46:38","date_gmt":"2026-03-16T19:46:38","guid":{"rendered":"https:\/\/armonti.eu\/product\/streppidega-leggingsid\/"},"modified":"2026-03-16T22:46:38","modified_gmt":"2026-03-16T19:46:38","slug":"streppidega-leggingsid","status":"publish","type":"product","link":"https:\/\/armonti.eu\/et\/toode\/streppidega-leggingsid\/","title":{"rendered":"Streppidega leggingsid"},"content":{"rendered":"<p>Tere tulemast hooaja peamise hitini \u2014 leggingsid, mis istuvad ideaalselt figuurile ja panevad v\u00e4limuse uuel viisil s\u00e4rama!<\/p>\n<p>Eriline uhkus on peen ja vaevum\u00e4rgatav \u00f5rn l\u00e4ige.<br \/>\n\u00d5rn s\u00e4delus, mis m\u00e4ngib valguses kaunilt, muutes jalad visuaalselt saledamaks ja toonitumaks.<br \/>\nKangas on \u00fclimalt elastne: leggingsid venivad igas suunas, liibuvad tihedalt figuurile, kuid ei pigista ega piira liikumist.<\/p>\n<p>M\u00e4rkige tellimuse kommentaarides kindlasti oma m\u00f5\u00f5dud (puusa\u00fcmberm\u00f5\u00f5t, talje\u00fcmberm\u00f5\u00f5t ja pikkus) \u2014 see aitab meil t\u00e4psemalt valida \u00f5ige suuruse.<\/p>\n<p>Tootekood: 408<\/p>\n","protected":false},"excerpt":{"rendered":"<p>Suurused: S\/M, M\/L, L\/XL, XL\/2XL<br \/>\nKoostis: 90% pol\u00fcester, 10% elastaan<br \/>\nV\u00e4rv: must<\/p>\n","protected":false},"featured_media":36522,"comment_status":"open","ping_status":"closed","template":"","meta":[],"product_brand":[],"product_cat":[333,334,331],"product_tag":[],"class_list":{"0":"post-40092","1":"product","2":"type-product","3":"status-publish","4":"has-post-thumbnail","6":"product_cat-hity-prodazh-et","7":"product_cat-legginsy-tonkie-et","8":"product_cat-legginsy-et","10":"first","11":"instock","12":"shipping-taxable","13":"purchasable","14":"product-type-variable"},"yoast_head":"<!-- This site is optimized with the Yoast SEO plugin v27.4 - https:\/\/yoast.com\/product\/yoast-seo-wordpress\/ -->\n<title>Streppidega leggingsid - \u041c\u0430\u0433\u0430\u0437\u0438\u043d \u043e\u0434\u0435\u0436\u0434\u044b ARMONTI<\/title>\n<meta name=\"description\" content=\"Hooaja peamine hitt \u2014 leggingsid, mis istuvad ideaalselt figuurile ja panevad v\u00e4limuse uuel viisil s\u00e4rama! Eriline uhkus on peen ja vaevum\u00e4rgatav \u00f5rn l\u00e4ige.\" \/>\n<meta name=\"robots\" content=\"index, follow, max-snippet:-1, max-image-preview:large, max-video-preview:-1\" \/>\n<link rel=\"canonical\" href=\"https:\/\/armonti.eu\/et\/toode\/streppidega-leggingsid\/\" \/>\n<meta property=\"og:locale\" content=\"et_EE\" \/>\n<meta property=\"og:type\" content=\"article\" \/>\n<meta property=\"og:title\" content=\"Streppidega leggingsid - \u041c\u0430\u0433\u0430\u0437\u0438\u043d \u043e\u0434\u0435\u0436\u0434\u044b ARMONTI\" \/>\n<meta property=\"og:description\" content=\"Naiste elastsed tekstiilist fliisvoodriga soojad leggingsid k\u00f5rge v\u00e4rvliga. Lai ja tihe elastne v\u00e4rvel loob lisas l\u00fckkava (push-up) ja korrigeeriva efekti ning aitab taljet kergelt vormida.\" \/>\n<meta property=\"og:url\" content=\"https:\/\/armonti.eu\/et\/toode\/streppidega-leggingsid\/\" \/>\n<meta property=\"og:site_name\" content=\"\u041c\u0430\u0433\u0430\u0437\u0438\u043d \u043e\u0434\u0435\u0436\u0434\u044b ARMONTI\" \/>\n<meta property=\"og:image\" content=\"https:\/\/armonti.eu\/wp-content\/uploads\/2026\/03\/img_0689.jpg\" \/>\n\t<meta property=\"og:image:width\" content=\"800\" \/>\n\t<meta property=\"og:image:height\" content=\"1067\" \/>\n\t<meta property=\"og:image:type\" content=\"image\/jpeg\" \/>\n<meta name=\"twitter:card\" content=\"summary_large_image\" \/>\n<meta name=\"twitter:description\" content=\"Naiste elastsed tekstiilist fliisvoodriga soojad leggingsid k\u00f5rge v\u00e4rvliga. Lai ja tihe elastne v\u00e4rvel loob lisas l\u00fckkava (push-up) ja korrigeeriva efekti ning aitab taljet kergelt vormida.\" \/>\n<script type=\"application\/ld+json\" class=\"yoast-schema-graph\">{\"@context\":\"https:\\\/\\\/schema.org\",\"@graph\":[{\"@type\":\"WebPage\",\"@id\":\"https:\\\/\\\/armonti.eu\\\/et\\\/toode\\\/streppidega-leggingsid\\\/\",\"url\":\"https:\\\/\\\/armonti.eu\\\/et\\\/toode\\\/streppidega-leggingsid\\\/\",\"name\":\"Streppidega leggingsid - \u041c\u0430\u0433\u0430\u0437\u0438\u043d \u043e\u0434\u0435\u0436\u0434\u044b ARMONTI\",\"isPartOf\":{\"@id\":\"https:\\\/\\\/armonti.eu\\\/#website\"},\"primaryImageOfPage\":{\"@id\":\"https:\\\/\\\/armonti.eu\\\/et\\\/toode\\\/streppidega-leggingsid\\\/#primaryimage\"},\"image\":{\"@id\":\"https:\\\/\\\/armonti.eu\\\/et\\\/toode\\\/streppidega-leggingsid\\\/#primaryimage\"},\"thumbnailUrl\":\"https:\\\/\\\/armonti.eu\\\/wp-content\\\/uploads\\\/2026\\\/03\\\/img_0689.jpg\",\"datePublished\":\"2026-03-16T19:46:38+00:00\",\"description\":\"Hooaja peamine hitt \u2014 leggingsid, mis istuvad ideaalselt figuurile ja panevad v\u00e4limuse uuel viisil s\u00e4rama! Eriline uhkus on peen ja vaevum\u00e4rgatav \u00f5rn l\u00e4ige.\",\"breadcrumb\":{\"@id\":\"https:\\\/\\\/armonti.eu\\\/et\\\/toode\\\/streppidega-leggingsid\\\/#breadcrumb\"},\"inLanguage\":\"et\",\"potentialAction\":[{\"@type\":\"ReadAction\",\"target\":[\"https:\\\/\\\/armonti.eu\\\/et\\\/toode\\\/streppidega-leggingsid\\\/\"]}]},{\"@type\":\"ImageObject\",\"inLanguage\":\"et\",\"@id\":\"https:\\\/\\\/armonti.eu\\\/et\\\/toode\\\/streppidega-leggingsid\\\/#primaryimage\",\"url\":\"https:\\\/\\\/armonti.eu\\\/wp-content\\\/uploads\\\/2026\\\/03\\\/img_0689.jpg\",\"contentUrl\":\"https:\\\/\\\/armonti.eu\\\/wp-content\\\/uploads\\\/2026\\\/03\\\/img_0689.jpg\",\"width\":800,\"height\":1067},{\"@type\":\"BreadcrumbList\",\"@id\":\"https:\\\/\\\/armonti.eu\\\/et\\\/toode\\\/streppidega-leggingsid\\\/#breadcrumb\",\"itemListElement\":[{\"@type\":\"ListItem\",\"position\":1,\"name\":\"\u0413\u043b\u0430\u0432\u043d\u0430\u044f\",\"item\":\"https:\\\/\\\/armonti.eu\\\/\"},{\"@type\":\"ListItem\",\"position\":2,\"name\":\"Shop\",\"item\":\"https:\\\/\\\/armonti.eu\\\/et\\\/shop\\\/\"},{\"@type\":\"ListItem\",\"position\":3,\"name\":\"Streppidega leggingsid\"}]},{\"@type\":\"WebSite\",\"@id\":\"https:\\\/\\\/armonti.eu\\\/#website\",\"url\":\"https:\\\/\\\/armonti.eu\\\/\",\"name\":\"ARMONTI\",\"description\":\"\",\"publisher\":{\"@id\":\"https:\\\/\\\/armonti.eu\\\/#organization\"},\"alternateName\":\"\u0416\u0435\u043d\u0441\u043a\u0430\u044f \u0431\u0440\u0435\u043d\u0434\u043e\u0432\u0430\u044f \u043e\u0434\u0435\u0436\u0434\u0430\",\"potentialAction\":[{\"@type\":\"SearchAction\",\"target\":{\"@type\":\"EntryPoint\",\"urlTemplate\":\"https:\\\/\\\/armonti.eu\\\/?s={search_term_string}\"},\"query-input\":{\"@type\":\"PropertyValueSpecification\",\"valueRequired\":true,\"valueName\":\"search_term_string\"}}],\"inLanguage\":\"et\"},{\"@type\":\"Organization\",\"@id\":\"https:\\\/\\\/armonti.eu\\\/#organization\",\"name\":\"ARMONTI\",\"alternateName\":\"\u0416\u0435\u043d\u0441\u043a\u0430\u044f \u0431\u0440\u0435\u043d\u0434\u043e\u0432\u0430\u044f \u043e\u0434\u0435\u0436\u0434\u0430\",\"url\":\"https:\\\/\\\/armonti.eu\\\/\",\"logo\":{\"@type\":\"ImageObject\",\"inLanguage\":\"et\",\"@id\":\"https:\\\/\\\/armonti.eu\\\/#\\\/schema\\\/logo\\\/image\\\/\",\"url\":\"https:\\\/\\\/armonti.eu\\\/wp-content\\\/uploads\\\/2023\\\/05\\\/armonti-logo-white.png\",\"contentUrl\":\"https:\\\/\\\/armonti.eu\\\/wp-content\\\/uploads\\\/2023\\\/05\\\/armonti-logo-white.png\",\"width\":2165,\"height\":554,\"caption\":\"ARMONTI\"},\"image\":{\"@id\":\"https:\\\/\\\/armonti.eu\\\/#\\\/schema\\\/logo\\\/image\\\/\"}}]}<\/script>\n<!-- \/ Yoast SEO plugin. -->","yoast_head_json":{"title":"Streppidega leggingsid - \u041c\u0430\u0433\u0430\u0437\u0438\u043d \u043e\u0434\u0435\u0436\u0434\u044b ARMONTI","description":"Hooaja peamine hitt \u2014 leggingsid, mis istuvad ideaalselt figuurile ja panevad v\u00e4limuse uuel viisil s\u00e4rama! Eriline uhkus on peen ja vaevum\u00e4rgatav \u00f5rn l\u00e4ige.","robots":{"index":"index","follow":"follow","max-snippet":"max-snippet:-1","max-image-preview":"max-image-preview:large","max-video-preview":"max-video-preview:-1"},"canonical":"https:\/\/armonti.eu\/et\/toode\/streppidega-leggingsid\/","og_locale":"et_EE","og_type":"article","og_title":"Streppidega leggingsid - \u041c\u0430\u0433\u0430\u0437\u0438\u043d \u043e\u0434\u0435\u0436\u0434\u044b ARMONTI","og_description":"Naiste elastsed tekstiilist fliisvoodriga soojad leggingsid k\u00f5rge v\u00e4rvliga. Lai ja tihe elastne v\u00e4rvel loob lisas l\u00fckkava (push-up) ja korrigeeriva efekti ning aitab taljet kergelt vormida.","og_url":"https:\/\/armonti.eu\/et\/toode\/streppidega-leggingsid\/","og_site_name":"\u041c\u0430\u0433\u0430\u0437\u0438\u043d \u043e\u0434\u0435\u0436\u0434\u044b ARMONTI","og_image":[{"width":800,"height":1067,"url":"https:\/\/armonti.eu\/wp-content\/uploads\/2026\/03\/img_0689.jpg","type":"image\/jpeg"}],"twitter_card":"summary_large_image","twitter_description":"Naiste elastsed tekstiilist fliisvoodriga soojad leggingsid k\u00f5rge v\u00e4rvliga. Lai ja tihe elastne v\u00e4rvel loob lisas l\u00fckkava (push-up) ja korrigeeriva efekti ning aitab taljet kergelt vormida.","schema":{"@context":"https:\/\/schema.org","@graph":[{"@type":"WebPage","@id":"https:\/\/armonti.eu\/et\/toode\/streppidega-leggingsid\/","url":"https:\/\/armonti.eu\/et\/toode\/streppidega-leggingsid\/","name":"Streppidega leggingsid - \u041c\u0430\u0433\u0430\u0437\u0438\u043d \u043e\u0434\u0435\u0436\u0434\u044b ARMONTI","isPartOf":{"@id":"https:\/\/armonti.eu\/#website"},"primaryImageOfPage":{"@id":"https:\/\/armonti.eu\/et\/toode\/streppidega-leggingsid\/#primaryimage"},"image":{"@id":"https:\/\/armonti.eu\/et\/toode\/streppidega-leggingsid\/#primaryimage"},"thumbnailUrl":"https:\/\/armonti.eu\/wp-content\/uploads\/2026\/03\/img_0689.jpg","datePublished":"2026-03-16T19:46:38+00:00","description":"Hooaja peamine hitt \u2014 leggingsid, mis istuvad ideaalselt figuurile ja panevad v\u00e4limuse uuel viisil s\u00e4rama! Eriline uhkus on peen ja vaevum\u00e4rgatav \u00f5rn l\u00e4ige.","breadcrumb":{"@id":"https:\/\/armonti.eu\/et\/toode\/streppidega-leggingsid\/#breadcrumb"},"inLanguage":"et","potentialAction":[{"@type":"ReadAction","target":["https:\/\/armonti.eu\/et\/toode\/streppidega-leggingsid\/"]}]},{"@type":"ImageObject","inLanguage":"et","@id":"https:\/\/armonti.eu\/et\/toode\/streppidega-leggingsid\/#primaryimage","url":"https:\/\/armonti.eu\/wp-content\/uploads\/2026\/03\/img_0689.jpg","contentUrl":"https:\/\/armonti.eu\/wp-content\/uploads\/2026\/03\/img_0689.jpg","width":800,"height":1067},{"@type":"BreadcrumbList","@id":"https:\/\/armonti.eu\/et\/toode\/streppidega-leggingsid\/#breadcrumb","itemListElement":[{"@type":"ListItem","position":1,"name":"\u0413\u043b\u0430\u0432\u043d\u0430\u044f","item":"https:\/\/armonti.eu\/"},{"@type":"ListItem","position":2,"name":"Shop","item":"https:\/\/armonti.eu\/et\/shop\/"},{"@type":"ListItem","position":3,"name":"Streppidega leggingsid"}]},{"@type":"WebSite","@id":"https:\/\/armonti.eu\/#website","url":"https:\/\/armonti.eu\/","name":"ARMONTI","description":"","publisher":{"@id":"https:\/\/armonti.eu\/#organization"},"alternateName":"\u0416\u0435\u043d\u0441\u043a\u0430\u044f \u0431\u0440\u0435\u043d\u0434\u043e\u0432\u0430\u044f \u043e\u0434\u0435\u0436\u0434\u0430","potentialAction":[{"@type":"SearchAction","target":{"@type":"EntryPoint","urlTemplate":"https:\/\/armonti.eu\/?s={search_term_string}"},"query-input":{"@type":"PropertyValueSpecification","valueRequired":true,"valueName":"search_term_string"}}],"inLanguage":"et"},{"@type":"Organization","@id":"https:\/\/armonti.eu\/#organization","name":"ARMONTI","alternateName":"\u0416\u0435\u043d\u0441\u043a\u0430\u044f \u0431\u0440\u0435\u043d\u0434\u043e\u0432\u0430\u044f \u043e\u0434\u0435\u0436\u0434\u0430","url":"https:\/\/armonti.eu\/","logo":{"@type":"ImageObject","inLanguage":"et","@id":"https:\/\/armonti.eu\/#\/schema\/logo\/image\/","url":"https:\/\/armonti.eu\/wp-content\/uploads\/2023\/05\/armonti-logo-white.png","contentUrl":"https:\/\/armonti.eu\/wp-content\/uploads\/2023\/05\/armonti-logo-white.png","width":2165,"height":554,"caption":"ARMONTI"},"image":{"@id":"https:\/\/armonti.eu\/#\/schema\/logo\/image\/"}}]}},"_links":{"self":[{"href":"https:\/\/armonti.eu\/et\/wp-json\/wp\/v2\/product\/40092","targetHints":{"allow":["GET"]}}],"collection":[{"href":"https:\/\/armonti.eu\/et\/wp-json\/wp\/v2\/product"}],"about":[{"href":"https:\/\/armonti.eu\/et\/wp-json\/wp\/v2\/types\/product"}],"replies":[{"embeddable":true,"href":"https:\/\/armonti.eu\/et\/wp-json\/wp\/v2\/comments?post=40092"}],"wp:featuredmedia":[{"embeddable":true,"href":"https:\/\/armonti.eu\/et\/wp-json\/wp\/v2\/media\/36522"}],"wp:attachment":[{"href":"https:\/\/armonti.eu\/et\/wp-json\/wp\/v2\/media?parent=40092"}],"wp:term":[{"taxonomy":"product_brand","embeddable":true,"href":"https:\/\/armonti.eu\/et\/wp-json\/wp\/v2\/product_brand?post=40092"},{"taxonomy":"product_cat","embeddable":true,"href":"https:\/\/armonti.eu\/et\/wp-json\/wp\/v2\/product_cat?post=40092"},{"taxonomy":"product_tag","embeddable":true,"href":"https:\/\/armonti.eu\/et\/wp-json\/wp\/v2\/product_tag?post=40092"}],"curies":[{"name":"wp","href":"https:\/\/api.w.org\/{rel}","templated":true}]}}