{"id":40078,"date":"2026-03-30T22:08:48","date_gmt":"2026-03-30T19:08:48","guid":{"rendered":"https:\/\/armonti.eu\/product\/vabalt-langeva-loikega-puks-leggingsid\/"},"modified":"2026-03-30T22:08:48","modified_gmt":"2026-03-30T19:08:48","slug":"vabalt-langeva-loikega-puks-leggingsid","status":"publish","type":"product","link":"https:\/\/armonti.eu\/et\/toode\/vabalt-langeva-loikega-puks-leggingsid\/","title":{"rendered":"Vabalt langeva l\u00f5ikega p\u00fcks-leggingsid."},"content":{"rendered":"<p>Korrigeeriva v\u00f6\u00f6kohaga p\u00fcks-leggingsid.<br \/>\nKorrigeeriva v\u00f6\u00f6kohaga p\u00fcks-leggingsid.<br \/>\nVabalt langev l\u00f5ige elastsest ja kergest kangast v\u00f5imaldab liikuda lihtsalt ja loomulikult.<br \/>\nSobivad absoluutselt k\u00f5igile, sest mugavusel ei ole suurusi. Sobivad igat t\u00fc\u00fcpi figuurile.<br \/>\nIdeaalne mugavuse ja elegantsi tasakaal.<\/p>\n<p>Pikkus:<br \/>\nk\u00fclje\u00f5mbluse j\u00e4rgi 107\u2013112 cm<br \/>\nsisek\u00fclje\u00f5mbluse j\u00e4rgi 78\u201381 cm<\/p>\n<p>M\u00f5\u00f5tudes on lubatud 1\u20132 cm veam\u00e4\u00e4r, eriti trikoo- ja kudumtoodete puhul.<\/p>\n<p>M\u00e4rkige tellimuse kommentaarides kindlasti oma m\u00f5\u00f5dud (puusa\u00fcmberm\u00f5\u00f5t, talje\u00fcmberm\u00f5\u00f5t ja pikkus) \u2014 see aitab meil t\u00e4psemalt valida \u00f5ige suuruse.<\/p>\n<p>Tootekood: 26020105<\/p>\n","protected":false},"excerpt":{"rendered":"<p>Suurused: S\/M, M\/L, L\/XL, XL\/XXL<br \/>\nKoostis: 85% pol\u00fcamiid, 15% elastaan<br \/>\nV\u00e4rv: must<\/p>\n","protected":false},"featured_media":38122,"comment_status":"open","ping_status":"closed","template":"","meta":[],"product_brand":[],"product_cat":[333,334,573,335,331,560],"product_tag":[],"class_list":{"0":"post-40078","1":"product","2":"type-product","3":"status-publish","4":"has-post-thumbnail","6":"product_cat-hity-prodazh-et","7":"product_cat-legginsy-tonkie-et","8":"product_cat-puksid","9":"product_cat-bryuki-i-dzhinsy-et","10":"product_cat-legginsy-et","11":"product_cat-suvised-linased-puksid","13":"first","14":"instock","15":"shipping-taxable","16":"purchasable","17":"product-type-variable"},"yoast_head":"<!-- This site is optimized with the Yoast SEO plugin v27.4 - https:\/\/yoast.com\/product\/yoast-seo-wordpress\/ -->\n<title>Vabalt langeva l\u00f5ikega p\u00fcks-leggingsid. - \u041c\u0430\u0433\u0430\u0437\u0438\u043d \u043e\u0434\u0435\u0436\u0434\u044b ARMONTI<\/title>\n<meta name=\"description\" content=\"Korrigeeriva v\u00f6\u00f6kohaga p\u00fcks-leggingsid. Lai ja tihe v\u00f6\u00f6koht vormib \u00f5rnalt taljet. Sobivad absoluutselt k\u00f5igile, sest mugavusel ei ole suurusi.\" \/>\n<meta name=\"robots\" content=\"index, follow, max-snippet:-1, max-image-preview:large, max-video-preview:-1\" \/>\n<link rel=\"canonical\" href=\"https:\/\/armonti.eu\/et\/toode\/vabalt-langeva-loikega-puks-leggingsid\/\" \/>\n<meta property=\"og:locale\" content=\"et_EE\" \/>\n<meta property=\"og:type\" content=\"article\" \/>\n<meta property=\"og:title\" content=\"Vabalt langeva l\u00f5ikega p\u00fcks-leggingsid. - \u041c\u0430\u0433\u0430\u0437\u0438\u043d \u043e\u0434\u0435\u0436\u0434\u044b ARMONTI\" \/>\n<meta property=\"og:description\" content=\"Naiste elastsed tekstiilist fliisvoodriga soojad leggingsid k\u00f5rge v\u00e4rvliga. Lai ja tihe elastne v\u00e4rvel loob lisas l\u00fckkava (push-up) ja korrigeeriva efekti ning aitab taljet kergelt vormida.\" \/>\n<meta property=\"og:url\" content=\"https:\/\/armonti.eu\/et\/toode\/vabalt-langeva-loikega-puks-leggingsid\/\" \/>\n<meta property=\"og:site_name\" content=\"\u041c\u0430\u0433\u0430\u0437\u0438\u043d \u043e\u0434\u0435\u0436\u0434\u044b ARMONTI\" \/>\n<meta property=\"og:image\" content=\"https:\/\/armonti.eu\/wp-content\/uploads\/2026\/03\/img_5271.jpg\" \/>\n\t<meta property=\"og:image:width\" content=\"960\" \/>\n\t<meta property=\"og:image:height\" content=\"1280\" \/>\n\t<meta property=\"og:image:type\" content=\"image\/jpeg\" \/>\n<meta name=\"twitter:card\" content=\"summary_large_image\" \/>\n<meta name=\"twitter:description\" content=\"Naiste elastsed tekstiilist fliisvoodriga soojad leggingsid k\u00f5rge v\u00e4rvliga. Lai ja tihe elastne v\u00e4rvel loob lisas l\u00fckkava (push-up) ja korrigeeriva efekti ning aitab taljet kergelt vormida.\" \/>\n<script type=\"application\/ld+json\" class=\"yoast-schema-graph\">{\"@context\":\"https:\\\/\\\/schema.org\",\"@graph\":[{\"@type\":\"WebPage\",\"@id\":\"https:\\\/\\\/armonti.eu\\\/et\\\/toode\\\/vabalt-langeva-loikega-puks-leggingsid\\\/\",\"url\":\"https:\\\/\\\/armonti.eu\\\/et\\\/toode\\\/vabalt-langeva-loikega-puks-leggingsid\\\/\",\"name\":\"Vabalt langeva l\u00f5ikega p\u00fcks-leggingsid. - \u041c\u0430\u0433\u0430\u0437\u0438\u043d \u043e\u0434\u0435\u0436\u0434\u044b ARMONTI\",\"isPartOf\":{\"@id\":\"https:\\\/\\\/armonti.eu\\\/#website\"},\"primaryImageOfPage\":{\"@id\":\"https:\\\/\\\/armonti.eu\\\/et\\\/toode\\\/vabalt-langeva-loikega-puks-leggingsid\\\/#primaryimage\"},\"image\":{\"@id\":\"https:\\\/\\\/armonti.eu\\\/et\\\/toode\\\/vabalt-langeva-loikega-puks-leggingsid\\\/#primaryimage\"},\"thumbnailUrl\":\"https:\\\/\\\/armonti.eu\\\/wp-content\\\/uploads\\\/2026\\\/03\\\/img_5271.jpg\",\"datePublished\":\"2026-03-30T19:08:48+00:00\",\"description\":\"Korrigeeriva v\u00f6\u00f6kohaga p\u00fcks-leggingsid. Lai ja tihe v\u00f6\u00f6koht vormib \u00f5rnalt taljet. Sobivad absoluutselt k\u00f5igile, sest mugavusel ei ole suurusi.\",\"breadcrumb\":{\"@id\":\"https:\\\/\\\/armonti.eu\\\/et\\\/toode\\\/vabalt-langeva-loikega-puks-leggingsid\\\/#breadcrumb\"},\"inLanguage\":\"et\",\"potentialAction\":[{\"@type\":\"ReadAction\",\"target\":[\"https:\\\/\\\/armonti.eu\\\/et\\\/toode\\\/vabalt-langeva-loikega-puks-leggingsid\\\/\"]}]},{\"@type\":\"ImageObject\",\"inLanguage\":\"et\",\"@id\":\"https:\\\/\\\/armonti.eu\\\/et\\\/toode\\\/vabalt-langeva-loikega-puks-leggingsid\\\/#primaryimage\",\"url\":\"https:\\\/\\\/armonti.eu\\\/wp-content\\\/uploads\\\/2026\\\/03\\\/img_5271.jpg\",\"contentUrl\":\"https:\\\/\\\/armonti.eu\\\/wp-content\\\/uploads\\\/2026\\\/03\\\/img_5271.jpg\",\"width\":960,\"height\":1280,\"caption\":\"Vabalt langeva l\u00f5ikega leggingsid\"},{\"@type\":\"BreadcrumbList\",\"@id\":\"https:\\\/\\\/armonti.eu\\\/et\\\/toode\\\/vabalt-langeva-loikega-puks-leggingsid\\\/#breadcrumb\",\"itemListElement\":[{\"@type\":\"ListItem\",\"position\":1,\"name\":\"\u0413\u043b\u0430\u0432\u043d\u0430\u044f\",\"item\":\"https:\\\/\\\/armonti.eu\\\/\"},{\"@type\":\"ListItem\",\"position\":2,\"name\":\"Shop\",\"item\":\"https:\\\/\\\/armonti.eu\\\/et\\\/shop\\\/\"},{\"@type\":\"ListItem\",\"position\":3,\"name\":\"Vabalt langeva l\u00f5ikega p\u00fcks-leggingsid.\"}]},{\"@type\":\"WebSite\",\"@id\":\"https:\\\/\\\/armonti.eu\\\/#website\",\"url\":\"https:\\\/\\\/armonti.eu\\\/\",\"name\":\"ARMONTI\",\"description\":\"\",\"publisher\":{\"@id\":\"https:\\\/\\\/armonti.eu\\\/#organization\"},\"alternateName\":\"\u0416\u0435\u043d\u0441\u043a\u0430\u044f \u0431\u0440\u0435\u043d\u0434\u043e\u0432\u0430\u044f \u043e\u0434\u0435\u0436\u0434\u0430\",\"potentialAction\":[{\"@type\":\"SearchAction\",\"target\":{\"@type\":\"EntryPoint\",\"urlTemplate\":\"https:\\\/\\\/armonti.eu\\\/?s={search_term_string}\"},\"query-input\":{\"@type\":\"PropertyValueSpecification\",\"valueRequired\":true,\"valueName\":\"search_term_string\"}}],\"inLanguage\":\"et\"},{\"@type\":\"Organization\",\"@id\":\"https:\\\/\\\/armonti.eu\\\/#organization\",\"name\":\"ARMONTI\",\"alternateName\":\"\u0416\u0435\u043d\u0441\u043a\u0430\u044f \u0431\u0440\u0435\u043d\u0434\u043e\u0432\u0430\u044f \u043e\u0434\u0435\u0436\u0434\u0430\",\"url\":\"https:\\\/\\\/armonti.eu\\\/\",\"logo\":{\"@type\":\"ImageObject\",\"inLanguage\":\"et\",\"@id\":\"https:\\\/\\\/armonti.eu\\\/#\\\/schema\\\/logo\\\/image\\\/\",\"url\":\"https:\\\/\\\/armonti.eu\\\/wp-content\\\/uploads\\\/2023\\\/05\\\/armonti-logo-white.png\",\"contentUrl\":\"https:\\\/\\\/armonti.eu\\\/wp-content\\\/uploads\\\/2023\\\/05\\\/armonti-logo-white.png\",\"width\":2165,\"height\":554,\"caption\":\"ARMONTI\"},\"image\":{\"@id\":\"https:\\\/\\\/armonti.eu\\\/#\\\/schema\\\/logo\\\/image\\\/\"}}]}<\/script>\n<!-- \/ Yoast SEO plugin. -->","yoast_head_json":{"title":"Vabalt langeva l\u00f5ikega p\u00fcks-leggingsid. - \u041c\u0430\u0433\u0430\u0437\u0438\u043d \u043e\u0434\u0435\u0436\u0434\u044b ARMONTI","description":"Korrigeeriva v\u00f6\u00f6kohaga p\u00fcks-leggingsid. Lai ja tihe v\u00f6\u00f6koht vormib \u00f5rnalt taljet. Sobivad absoluutselt k\u00f5igile, sest mugavusel ei ole suurusi.","robots":{"index":"index","follow":"follow","max-snippet":"max-snippet:-1","max-image-preview":"max-image-preview:large","max-video-preview":"max-video-preview:-1"},"canonical":"https:\/\/armonti.eu\/et\/toode\/vabalt-langeva-loikega-puks-leggingsid\/","og_locale":"et_EE","og_type":"article","og_title":"Vabalt langeva l\u00f5ikega p\u00fcks-leggingsid. - \u041c\u0430\u0433\u0430\u0437\u0438\u043d \u043e\u0434\u0435\u0436\u0434\u044b ARMONTI","og_description":"Naiste elastsed tekstiilist fliisvoodriga soojad leggingsid k\u00f5rge v\u00e4rvliga. Lai ja tihe elastne v\u00e4rvel loob lisas l\u00fckkava (push-up) ja korrigeeriva efekti ning aitab taljet kergelt vormida.","og_url":"https:\/\/armonti.eu\/et\/toode\/vabalt-langeva-loikega-puks-leggingsid\/","og_site_name":"\u041c\u0430\u0433\u0430\u0437\u0438\u043d \u043e\u0434\u0435\u0436\u0434\u044b ARMONTI","og_image":[{"width":960,"height":1280,"url":"https:\/\/armonti.eu\/wp-content\/uploads\/2026\/03\/img_5271.jpg","type":"image\/jpeg"}],"twitter_card":"summary_large_image","twitter_description":"Naiste elastsed tekstiilist fliisvoodriga soojad leggingsid k\u00f5rge v\u00e4rvliga. Lai ja tihe elastne v\u00e4rvel loob lisas l\u00fckkava (push-up) ja korrigeeriva efekti ning aitab taljet kergelt vormida.","schema":{"@context":"https:\/\/schema.org","@graph":[{"@type":"WebPage","@id":"https:\/\/armonti.eu\/et\/toode\/vabalt-langeva-loikega-puks-leggingsid\/","url":"https:\/\/armonti.eu\/et\/toode\/vabalt-langeva-loikega-puks-leggingsid\/","name":"Vabalt langeva l\u00f5ikega p\u00fcks-leggingsid. - \u041c\u0430\u0433\u0430\u0437\u0438\u043d \u043e\u0434\u0435\u0436\u0434\u044b ARMONTI","isPartOf":{"@id":"https:\/\/armonti.eu\/#website"},"primaryImageOfPage":{"@id":"https:\/\/armonti.eu\/et\/toode\/vabalt-langeva-loikega-puks-leggingsid\/#primaryimage"},"image":{"@id":"https:\/\/armonti.eu\/et\/toode\/vabalt-langeva-loikega-puks-leggingsid\/#primaryimage"},"thumbnailUrl":"https:\/\/armonti.eu\/wp-content\/uploads\/2026\/03\/img_5271.jpg","datePublished":"2026-03-30T19:08:48+00:00","description":"Korrigeeriva v\u00f6\u00f6kohaga p\u00fcks-leggingsid. Lai ja tihe v\u00f6\u00f6koht vormib \u00f5rnalt taljet. Sobivad absoluutselt k\u00f5igile, sest mugavusel ei ole suurusi.","breadcrumb":{"@id":"https:\/\/armonti.eu\/et\/toode\/vabalt-langeva-loikega-puks-leggingsid\/#breadcrumb"},"inLanguage":"et","potentialAction":[{"@type":"ReadAction","target":["https:\/\/armonti.eu\/et\/toode\/vabalt-langeva-loikega-puks-leggingsid\/"]}]},{"@type":"ImageObject","inLanguage":"et","@id":"https:\/\/armonti.eu\/et\/toode\/vabalt-langeva-loikega-puks-leggingsid\/#primaryimage","url":"https:\/\/armonti.eu\/wp-content\/uploads\/2026\/03\/img_5271.jpg","contentUrl":"https:\/\/armonti.eu\/wp-content\/uploads\/2026\/03\/img_5271.jpg","width":960,"height":1280,"caption":"Vabalt langeva l\u00f5ikega leggingsid"},{"@type":"BreadcrumbList","@id":"https:\/\/armonti.eu\/et\/toode\/vabalt-langeva-loikega-puks-leggingsid\/#breadcrumb","itemListElement":[{"@type":"ListItem","position":1,"name":"\u0413\u043b\u0430\u0432\u043d\u0430\u044f","item":"https:\/\/armonti.eu\/"},{"@type":"ListItem","position":2,"name":"Shop","item":"https:\/\/armonti.eu\/et\/shop\/"},{"@type":"ListItem","position":3,"name":"Vabalt langeva l\u00f5ikega p\u00fcks-leggingsid."}]},{"@type":"WebSite","@id":"https:\/\/armonti.eu\/#website","url":"https:\/\/armonti.eu\/","name":"ARMONTI","description":"","publisher":{"@id":"https:\/\/armonti.eu\/#organization"},"alternateName":"\u0416\u0435\u043d\u0441\u043a\u0430\u044f \u0431\u0440\u0435\u043d\u0434\u043e\u0432\u0430\u044f \u043e\u0434\u0435\u0436\u0434\u0430","potentialAction":[{"@type":"SearchAction","target":{"@type":"EntryPoint","urlTemplate":"https:\/\/armonti.eu\/?s={search_term_string}"},"query-input":{"@type":"PropertyValueSpecification","valueRequired":true,"valueName":"search_term_string"}}],"inLanguage":"et"},{"@type":"Organization","@id":"https:\/\/armonti.eu\/#organization","name":"ARMONTI","alternateName":"\u0416\u0435\u043d\u0441\u043a\u0430\u044f \u0431\u0440\u0435\u043d\u0434\u043e\u0432\u0430\u044f \u043e\u0434\u0435\u0436\u0434\u0430","url":"https:\/\/armonti.eu\/","logo":{"@type":"ImageObject","inLanguage":"et","@id":"https:\/\/armonti.eu\/#\/schema\/logo\/image\/","url":"https:\/\/armonti.eu\/wp-content\/uploads\/2023\/05\/armonti-logo-white.png","contentUrl":"https:\/\/armonti.eu\/wp-content\/uploads\/2023\/05\/armonti-logo-white.png","width":2165,"height":554,"caption":"ARMONTI"},"image":{"@id":"https:\/\/armonti.eu\/#\/schema\/logo\/image\/"}}]}},"_links":{"self":[{"href":"https:\/\/armonti.eu\/et\/wp-json\/wp\/v2\/product\/40078","targetHints":{"allow":["GET"]}}],"collection":[{"href":"https:\/\/armonti.eu\/et\/wp-json\/wp\/v2\/product"}],"about":[{"href":"https:\/\/armonti.eu\/et\/wp-json\/wp\/v2\/types\/product"}],"replies":[{"embeddable":true,"href":"https:\/\/armonti.eu\/et\/wp-json\/wp\/v2\/comments?post=40078"}],"wp:featuredmedia":[{"embeddable":true,"href":"https:\/\/armonti.eu\/et\/wp-json\/wp\/v2\/media\/38122"}],"wp:attachment":[{"href":"https:\/\/armonti.eu\/et\/wp-json\/wp\/v2\/media?parent=40078"}],"wp:term":[{"taxonomy":"product_brand","embeddable":true,"href":"https:\/\/armonti.eu\/et\/wp-json\/wp\/v2\/product_brand?post=40078"},{"taxonomy":"product_cat","embeddable":true,"href":"https:\/\/armonti.eu\/et\/wp-json\/wp\/v2\/product_cat?post=40078"},{"taxonomy":"product_tag","embeddable":true,"href":"https:\/\/armonti.eu\/et\/wp-json\/wp\/v2\/product_tag?post=40078"}],"curies":[{"name":"wp","href":"https:\/\/api.w.org\/{rel}","templated":true}]}}