{"id":39851,"date":"2026-04-15T15:14:55","date_gmt":"2026-04-15T12:14:55","guid":{"rendered":"https:\/\/armonti.eu\/?post_type=product&#038;p=39851"},"modified":"2026-04-15T15:14:55","modified_gmt":"2026-04-15T12:14:55","slug":"plate-s-kombinacziej-v-komplekte","status":"publish","type":"product","link":"https:\/\/armonti.eu\/et\/toode\/plate-s-kombinacziej-v-komplekte\/","title":{"rendered":"\u041f\u043b\u0430\u0442\u044c\u0435 \u0441 \u043a\u043e\u043c\u0431\u0438\u043d\u0430\u0446\u0438\u0435\u0439 \u0432 \u043a\u043e\u043c\u043f\u043b\u0435\u043a\u0442\u0435"},"content":{"rendered":"<p>Kleit koos aluskleidiga komplektis on elegantne minipikkuses mudel, mis \u00fchendab kleidi v\u00e4ljendusrikka silueti ja eraldi aluskleidi mugavuse. Kleit istub korralikult \u00f5lgadel ja laieneb allapoole. Komplekti kuuluv aluskleit tagab mugavuse ja korrektse istuvuse. Laienevad mansetid lisavad varrukatele kerget teatraalsust ja annavad v\u00e4limusele vol\u00fc\u00fcmi. V\u00f6\u00f6 v\u00f5imaldab r\u00f5hutada taljet v\u00f5i j\u00e4tta istuvus vabamaks vastavalt soovile. Kleit koos aluskleidiga komplektis sobib kihilisteks outfitideks ning nii pidulikeks kui ka igap\u00e4evasteks v\u00e4ljaminekuteks. Minipikkus r\u00f5hutab jalgu ja loob moodsa silueti. Mudel sobitub h\u00e4sti kingade v\u00f5i rihmik-sandaalidega ning saab garderoobi pilkup\u00fc\u00fcdvaks osaks.<br \/>Toote m\u00f5\u00f5dud cm:<br \/>\nSobib rinna\u00fcmberm\u00f5\u00f5dule 86\u201396 cm<br \/>\nPikkus: 81 cm<br \/>Lubatud m\u00f5\u00f5tevea piir 1\u20132 cm, eriti trikootoodete puhul.<br \/>\nHooldus: triikimine kuni 110\u00b0, pleegitamine keelatud, \u00f5rn pesu 30\u00b0 juures.       <\/p>\n<p><strong>Tellimuse vormistamisel m\u00e4rgi palun oma t\u00e4psed m\u00f5\u00f5dud (puusad, v\u00f6\u00f6koht ja pikkus), et saaksime sulle sobivaima suuruse valida.<br \/>Toode on saadaval nii poes kui ka veebipoes!<\/strong><\/p>\n<p>Tootekood: 85132<\/p>\n","protected":false},"excerpt":{"rendered":"<p>Suurus: universaalne<br \/>\nKoostis: 95% pol\u00fcester, 5% elastaan<br \/>\nV\u00e4rv: piimjas<\/p>\n","protected":false},"featured_media":39850,"comment_status":"open","ping_status":"closed","template":"","meta":[],"product_brand":[],"product_cat":[457,459,461,460],"product_tag":[],"class_list":{"0":"post-39851","1":"product","2":"type-product","3":"status-publish","4":"has-post-thumbnail","6":"product_cat-kledidid","7":"product_cat-komplektid-kleitidega","8":"product_cat-pikade-varrukatega-kleidid","9":"product_cat-suvekleidid","11":"first","12":"instock","13":"shipping-taxable","14":"purchasable","15":"product-type-simple"},"yoast_head":"<!-- This site is optimized with the Yoast SEO plugin v27.4 - https:\/\/yoast.com\/product\/yoast-seo-wordpress\/ -->\n<title>\u041f\u043b\u0430\u0442\u044c\u0435 \u0441 \u043a\u043e\u043c\u0431\u0438\u043d\u0430\u0446\u0438\u0435\u0439 \u0432 \u043a\u043e\u043c\u043f\u043b\u0435\u043a\u0442\u0435 - \u041c\u0430\u0433\u0430\u0437\u0438\u043d \u043e\u0434\u0435\u0436\u0434\u044b ARMONTI<\/title>\n<meta name=\"description\" content=\"Minikleit koos aluskleidiga komplektis, laienevate mansettide ja v\u00f6\u00f6ga. Universaalne mudel pidulikeks ja igap\u00e4evasteks r\u00f5ivakomplektideks.\" \/>\n<meta name=\"robots\" content=\"index, follow, max-snippet:-1, max-image-preview:large, max-video-preview:-1\" \/>\n<link rel=\"canonical\" href=\"https:\/\/armonti.eu\/et\/toode\/plate-s-kombinacziej-v-komplekte\/\" \/>\n<meta property=\"og:locale\" content=\"et_EE\" \/>\n<meta property=\"og:type\" content=\"article\" \/>\n<meta property=\"og:title\" content=\"\u041f\u043b\u0430\u0442\u044c\u0435 \u0441 \u043a\u043e\u043c\u0431\u0438\u043d\u0430\u0446\u0438\u0435\u0439 \u0432 \u043a\u043e\u043c\u043f\u043b\u0435\u043a\u0442\u0435 - \u041c\u0430\u0433\u0430\u0437\u0438\u043d \u043e\u0434\u0435\u0436\u0434\u044b ARMONTI\" \/>\n<meta property=\"og:description\" content=\"Minikleit koos aluskleidiga komplektis, laienevate mansettide ja v\u00f6\u00f6ga. Universaalne mudel pidulikeks ja igap\u00e4evasteks r\u00f5ivakomplektideks.\" \/>\n<meta property=\"og:url\" content=\"https:\/\/armonti.eu\/et\/toode\/plate-s-kombinacziej-v-komplekte\/\" \/>\n<meta property=\"og:site_name\" content=\"\u041c\u0430\u0433\u0430\u0437\u0438\u043d \u043e\u0434\u0435\u0436\u0434\u044b ARMONTI\" \/>\n<meta property=\"og:image\" content=\"https:\/\/armonti.eu\/wp-content\/uploads\/2026\/04\/img_8602-scaled.jpg\" \/>\n\t<meta property=\"og:image:width\" content=\"1920\" \/>\n\t<meta property=\"og:image:height\" content=\"2560\" \/>\n\t<meta property=\"og:image:type\" content=\"image\/jpeg\" \/>\n<meta name=\"twitter:card\" content=\"summary_large_image\" \/>\n<meta name=\"twitter:label1\" content=\"Est. reading time\" \/>\n\t<meta name=\"twitter:data1\" content=\"1 minut\" \/>\n<script type=\"application\/ld+json\" class=\"yoast-schema-graph\">{\"@context\":\"https:\\\/\\\/schema.org\",\"@graph\":[{\"@type\":\"WebPage\",\"@id\":\"https:\\\/\\\/armonti.eu\\\/et\\\/toode\\\/plate-s-kombinacziej-v-komplekte\\\/\",\"url\":\"https:\\\/\\\/armonti.eu\\\/et\\\/toode\\\/plate-s-kombinacziej-v-komplekte\\\/\",\"name\":\"\u041f\u043b\u0430\u0442\u044c\u0435 \u0441 \u043a\u043e\u043c\u0431\u0438\u043d\u0430\u0446\u0438\u0435\u0439 \u0432 \u043a\u043e\u043c\u043f\u043b\u0435\u043a\u0442\u0435 - \u041c\u0430\u0433\u0430\u0437\u0438\u043d \u043e\u0434\u0435\u0436\u0434\u044b ARMONTI\",\"isPartOf\":{\"@id\":\"https:\\\/\\\/armonti.eu\\\/#website\"},\"primaryImageOfPage\":{\"@id\":\"https:\\\/\\\/armonti.eu\\\/et\\\/toode\\\/plate-s-kombinacziej-v-komplekte\\\/#primaryimage\"},\"image\":{\"@id\":\"https:\\\/\\\/armonti.eu\\\/et\\\/toode\\\/plate-s-kombinacziej-v-komplekte\\\/#primaryimage\"},\"thumbnailUrl\":\"https:\\\/\\\/armonti.eu\\\/wp-content\\\/uploads\\\/2026\\\/04\\\/img_8602-scaled.jpg\",\"datePublished\":\"2026-04-15T12:14:55+00:00\",\"description\":\"Minikleit koos aluskleidiga komplektis, laienevate mansettide ja v\u00f6\u00f6ga. Universaalne mudel pidulikeks ja igap\u00e4evasteks r\u00f5ivakomplektideks.\",\"breadcrumb\":{\"@id\":\"https:\\\/\\\/armonti.eu\\\/et\\\/toode\\\/plate-s-kombinacziej-v-komplekte\\\/#breadcrumb\"},\"inLanguage\":\"et\",\"potentialAction\":[{\"@type\":\"ReadAction\",\"target\":[\"https:\\\/\\\/armonti.eu\\\/et\\\/toode\\\/plate-s-kombinacziej-v-komplekte\\\/\"]}]},{\"@type\":\"ImageObject\",\"inLanguage\":\"et\",\"@id\":\"https:\\\/\\\/armonti.eu\\\/et\\\/toode\\\/plate-s-kombinacziej-v-komplekte\\\/#primaryimage\",\"url\":\"https:\\\/\\\/armonti.eu\\\/wp-content\\\/uploads\\\/2026\\\/04\\\/img_8602-scaled.jpg\",\"contentUrl\":\"https:\\\/\\\/armonti.eu\\\/wp-content\\\/uploads\\\/2026\\\/04\\\/img_8602-scaled.jpg\",\"width\":1920,\"height\":2560,\"caption\":\"Kleit koos aluskleidiga komplektis\"},{\"@type\":\"BreadcrumbList\",\"@id\":\"https:\\\/\\\/armonti.eu\\\/et\\\/toode\\\/plate-s-kombinacziej-v-komplekte\\\/#breadcrumb\",\"itemListElement\":[{\"@type\":\"ListItem\",\"position\":1,\"name\":\"\u0413\u043b\u0430\u0432\u043d\u0430\u044f\",\"item\":\"https:\\\/\\\/armonti.eu\\\/\"},{\"@type\":\"ListItem\",\"position\":2,\"name\":\"Shop\",\"item\":\"https:\\\/\\\/armonti.eu\\\/et\\\/shop\\\/\"},{\"@type\":\"ListItem\",\"position\":3,\"name\":\"\u041e\u0434\u0435\u0436\u0434\u0430\",\"item\":\"https:\\\/\\\/armonti.eu\\\/catalog\\\/odezhda\\\/\"},{\"@type\":\"ListItem\",\"position\":4,\"name\":\"\u041f\u043b\u0430\u0442\u044c\u044f\",\"item\":\"https:\\\/\\\/armonti.eu\\\/catalog\\\/odezhda\\\/platya-odezhda\\\/\"},{\"@type\":\"ListItem\",\"position\":5,\"name\":\"\u041f\u043b\u0430\u0442\u044c\u0435 \u0441 \u043a\u043e\u043c\u0431\u0438\u043d\u0430\u0446\u0438\u0435\u0439 \u0432 \u043a\u043e\u043c\u043f\u043b\u0435\u043a\u0442\u0435\"}]},{\"@type\":\"WebSite\",\"@id\":\"https:\\\/\\\/armonti.eu\\\/#website\",\"url\":\"https:\\\/\\\/armonti.eu\\\/\",\"name\":\"ARMONTI\",\"description\":\"\",\"publisher\":{\"@id\":\"https:\\\/\\\/armonti.eu\\\/#organization\"},\"alternateName\":\"\u0416\u0435\u043d\u0441\u043a\u0430\u044f \u0431\u0440\u0435\u043d\u0434\u043e\u0432\u0430\u044f \u043e\u0434\u0435\u0436\u0434\u0430\",\"potentialAction\":[{\"@type\":\"SearchAction\",\"target\":{\"@type\":\"EntryPoint\",\"urlTemplate\":\"https:\\\/\\\/armonti.eu\\\/?s={search_term_string}\"},\"query-input\":{\"@type\":\"PropertyValueSpecification\",\"valueRequired\":true,\"valueName\":\"search_term_string\"}}],\"inLanguage\":\"et\"},{\"@type\":\"Organization\",\"@id\":\"https:\\\/\\\/armonti.eu\\\/#organization\",\"name\":\"ARMONTI\",\"alternateName\":\"\u0416\u0435\u043d\u0441\u043a\u0430\u044f \u0431\u0440\u0435\u043d\u0434\u043e\u0432\u0430\u044f \u043e\u0434\u0435\u0436\u0434\u0430\",\"url\":\"https:\\\/\\\/armonti.eu\\\/\",\"logo\":{\"@type\":\"ImageObject\",\"inLanguage\":\"et\",\"@id\":\"https:\\\/\\\/armonti.eu\\\/#\\\/schema\\\/logo\\\/image\\\/\",\"url\":\"https:\\\/\\\/armonti.eu\\\/wp-content\\\/uploads\\\/2023\\\/05\\\/armonti-logo-white.png\",\"contentUrl\":\"https:\\\/\\\/armonti.eu\\\/wp-content\\\/uploads\\\/2023\\\/05\\\/armonti-logo-white.png\",\"width\":2165,\"height\":554,\"caption\":\"ARMONTI\"},\"image\":{\"@id\":\"https:\\\/\\\/armonti.eu\\\/#\\\/schema\\\/logo\\\/image\\\/\"}}]}<\/script>\n<!-- \/ Yoast SEO plugin. -->","yoast_head_json":{"title":"\u041f\u043b\u0430\u0442\u044c\u0435 \u0441 \u043a\u043e\u043c\u0431\u0438\u043d\u0430\u0446\u0438\u0435\u0439 \u0432 \u043a\u043e\u043c\u043f\u043b\u0435\u043a\u0442\u0435 - \u041c\u0430\u0433\u0430\u0437\u0438\u043d \u043e\u0434\u0435\u0436\u0434\u044b ARMONTI","description":"Minikleit koos aluskleidiga komplektis, laienevate mansettide ja v\u00f6\u00f6ga. Universaalne mudel pidulikeks ja igap\u00e4evasteks r\u00f5ivakomplektideks.","robots":{"index":"index","follow":"follow","max-snippet":"max-snippet:-1","max-image-preview":"max-image-preview:large","max-video-preview":"max-video-preview:-1"},"canonical":"https:\/\/armonti.eu\/et\/toode\/plate-s-kombinacziej-v-komplekte\/","og_locale":"et_EE","og_type":"article","og_title":"\u041f\u043b\u0430\u0442\u044c\u0435 \u0441 \u043a\u043e\u043c\u0431\u0438\u043d\u0430\u0446\u0438\u0435\u0439 \u0432 \u043a\u043e\u043c\u043f\u043b\u0435\u043a\u0442\u0435 - \u041c\u0430\u0433\u0430\u0437\u0438\u043d \u043e\u0434\u0435\u0436\u0434\u044b ARMONTI","og_description":"Minikleit koos aluskleidiga komplektis, laienevate mansettide ja v\u00f6\u00f6ga. Universaalne mudel pidulikeks ja igap\u00e4evasteks r\u00f5ivakomplektideks.","og_url":"https:\/\/armonti.eu\/et\/toode\/plate-s-kombinacziej-v-komplekte\/","og_site_name":"\u041c\u0430\u0433\u0430\u0437\u0438\u043d \u043e\u0434\u0435\u0436\u0434\u044b ARMONTI","og_image":[{"width":1920,"height":2560,"url":"https:\/\/armonti.eu\/wp-content\/uploads\/2026\/04\/img_8602-scaled.jpg","type":"image\/jpeg"}],"twitter_card":"summary_large_image","twitter_misc":{"Est. reading time":"1 minut"},"schema":{"@context":"https:\/\/schema.org","@graph":[{"@type":"WebPage","@id":"https:\/\/armonti.eu\/et\/toode\/plate-s-kombinacziej-v-komplekte\/","url":"https:\/\/armonti.eu\/et\/toode\/plate-s-kombinacziej-v-komplekte\/","name":"\u041f\u043b\u0430\u0442\u044c\u0435 \u0441 \u043a\u043e\u043c\u0431\u0438\u043d\u0430\u0446\u0438\u0435\u0439 \u0432 \u043a\u043e\u043c\u043f\u043b\u0435\u043a\u0442\u0435 - \u041c\u0430\u0433\u0430\u0437\u0438\u043d \u043e\u0434\u0435\u0436\u0434\u044b ARMONTI","isPartOf":{"@id":"https:\/\/armonti.eu\/#website"},"primaryImageOfPage":{"@id":"https:\/\/armonti.eu\/et\/toode\/plate-s-kombinacziej-v-komplekte\/#primaryimage"},"image":{"@id":"https:\/\/armonti.eu\/et\/toode\/plate-s-kombinacziej-v-komplekte\/#primaryimage"},"thumbnailUrl":"https:\/\/armonti.eu\/wp-content\/uploads\/2026\/04\/img_8602-scaled.jpg","datePublished":"2026-04-15T12:14:55+00:00","description":"Minikleit koos aluskleidiga komplektis, laienevate mansettide ja v\u00f6\u00f6ga. Universaalne mudel pidulikeks ja igap\u00e4evasteks r\u00f5ivakomplektideks.","breadcrumb":{"@id":"https:\/\/armonti.eu\/et\/toode\/plate-s-kombinacziej-v-komplekte\/#breadcrumb"},"inLanguage":"et","potentialAction":[{"@type":"ReadAction","target":["https:\/\/armonti.eu\/et\/toode\/plate-s-kombinacziej-v-komplekte\/"]}]},{"@type":"ImageObject","inLanguage":"et","@id":"https:\/\/armonti.eu\/et\/toode\/plate-s-kombinacziej-v-komplekte\/#primaryimage","url":"https:\/\/armonti.eu\/wp-content\/uploads\/2026\/04\/img_8602-scaled.jpg","contentUrl":"https:\/\/armonti.eu\/wp-content\/uploads\/2026\/04\/img_8602-scaled.jpg","width":1920,"height":2560,"caption":"Kleit koos aluskleidiga komplektis"},{"@type":"BreadcrumbList","@id":"https:\/\/armonti.eu\/et\/toode\/plate-s-kombinacziej-v-komplekte\/#breadcrumb","itemListElement":[{"@type":"ListItem","position":1,"name":"\u0413\u043b\u0430\u0432\u043d\u0430\u044f","item":"https:\/\/armonti.eu\/"},{"@type":"ListItem","position":2,"name":"Shop","item":"https:\/\/armonti.eu\/et\/shop\/"},{"@type":"ListItem","position":3,"name":"\u041e\u0434\u0435\u0436\u0434\u0430","item":"https:\/\/armonti.eu\/catalog\/odezhda\/"},{"@type":"ListItem","position":4,"name":"\u041f\u043b\u0430\u0442\u044c\u044f","item":"https:\/\/armonti.eu\/catalog\/odezhda\/platya-odezhda\/"},{"@type":"ListItem","position":5,"name":"\u041f\u043b\u0430\u0442\u044c\u0435 \u0441 \u043a\u043e\u043c\u0431\u0438\u043d\u0430\u0446\u0438\u0435\u0439 \u0432 \u043a\u043e\u043c\u043f\u043b\u0435\u043a\u0442\u0435"}]},{"@type":"WebSite","@id":"https:\/\/armonti.eu\/#website","url":"https:\/\/armonti.eu\/","name":"ARMONTI","description":"","publisher":{"@id":"https:\/\/armonti.eu\/#organization"},"alternateName":"\u0416\u0435\u043d\u0441\u043a\u0430\u044f \u0431\u0440\u0435\u043d\u0434\u043e\u0432\u0430\u044f \u043e\u0434\u0435\u0436\u0434\u0430","potentialAction":[{"@type":"SearchAction","target":{"@type":"EntryPoint","urlTemplate":"https:\/\/armonti.eu\/?s={search_term_string}"},"query-input":{"@type":"PropertyValueSpecification","valueRequired":true,"valueName":"search_term_string"}}],"inLanguage":"et"},{"@type":"Organization","@id":"https:\/\/armonti.eu\/#organization","name":"ARMONTI","alternateName":"\u0416\u0435\u043d\u0441\u043a\u0430\u044f \u0431\u0440\u0435\u043d\u0434\u043e\u0432\u0430\u044f \u043e\u0434\u0435\u0436\u0434\u0430","url":"https:\/\/armonti.eu\/","logo":{"@type":"ImageObject","inLanguage":"et","@id":"https:\/\/armonti.eu\/#\/schema\/logo\/image\/","url":"https:\/\/armonti.eu\/wp-content\/uploads\/2023\/05\/armonti-logo-white.png","contentUrl":"https:\/\/armonti.eu\/wp-content\/uploads\/2023\/05\/armonti-logo-white.png","width":2165,"height":554,"caption":"ARMONTI"},"image":{"@id":"https:\/\/armonti.eu\/#\/schema\/logo\/image\/"}}]}},"_links":{"self":[{"href":"https:\/\/armonti.eu\/et\/wp-json\/wp\/v2\/product\/39851","targetHints":{"allow":["GET"]}}],"collection":[{"href":"https:\/\/armonti.eu\/et\/wp-json\/wp\/v2\/product"}],"about":[{"href":"https:\/\/armonti.eu\/et\/wp-json\/wp\/v2\/types\/product"}],"replies":[{"embeddable":true,"href":"https:\/\/armonti.eu\/et\/wp-json\/wp\/v2\/comments?post=39851"}],"wp:featuredmedia":[{"embeddable":true,"href":"https:\/\/armonti.eu\/et\/wp-json\/wp\/v2\/media\/39850"}],"wp:attachment":[{"href":"https:\/\/armonti.eu\/et\/wp-json\/wp\/v2\/media?parent=39851"}],"wp:term":[{"taxonomy":"product_brand","embeddable":true,"href":"https:\/\/armonti.eu\/et\/wp-json\/wp\/v2\/product_brand?post=39851"},{"taxonomy":"product_cat","embeddable":true,"href":"https:\/\/armonti.eu\/et\/wp-json\/wp\/v2\/product_cat?post=39851"},{"taxonomy":"product_tag","embeddable":true,"href":"https:\/\/armonti.eu\/et\/wp-json\/wp\/v2\/product_tag?post=39851"}],"curies":[{"name":"wp","href":"https:\/\/api.w.org\/{rel}","templated":true}]}}