{"id":39677,"date":"2026-04-14T15:43:36","date_gmt":"2026-04-14T12:43:36","guid":{"rendered":"https:\/\/armonti.eu\/?post_type=product&#038;p=39677"},"modified":"2026-04-14T16:43:55","modified_gmt":"2026-04-14T13:43:55","slug":"t-sark-orhideega","status":"publish","type":"product","link":"https:\/\/armonti.eu\/et\/toode\/t-sark-orhideega\/","title":{"rendered":"T-s\u00e4rk orhideega"},"content":{"rendered":"<p>T-s\u00e4rk orhideega \u2014 naiselik ja peen mudel igap\u00e4evasteks ja pidulikeks komplektideks. Sirge rahulik l\u00f5ige tagab mugavuse ja liikumisvabaduse. K\u00fclgmised krooked kujundavad silueti ning lisavad esemele tekstuurset huvi. \u00d5rn orhidee-dekoor k\u00fcljel on pilkup\u00fc\u00fcdev aktsent, mis teeb eseme eriliseks. T-s\u00e4rk orhideega sobitub h\u00e4sti seeliku, p\u00fckste ja teksadega. Mudel on saadaval mitmes v\u00e4rvitoonis ning sobib kihiliseks riietumiseks. Lakooniline disain v\u00f5imaldab kanda seda nii iseseisvalt kui ka koos jaki v\u00f5i kardiganiga. See ese saab teie garderoobi universaalseks p\u00f5hiesemeks.<br \/>M\u00f5\u00f5dud cm:<br \/>\nRinna\u00fcmberm\u00f5\u00f5t 84\u201395 cm<br \/>\nPikkus: 58 cm<br \/>Hooldus: triikimine temperatuuril 110\u00b0, pleegitamine keelatud, \u00f5rn pesu 30\u00b0       <\/p>\n<p><strong>Tellimuse vormistamisel m\u00e4rgi palun oma t\u00e4psed m\u00f5\u00f5dud (puusad, v\u00f6\u00f6koht ja pikkus), et saaksime sulle sobivaima suuruse valida.<br \/>Toode on saadaval nii poes kui ka veebipoes!<\/strong><\/p>\n<p>Tootekood: 8588<\/p>\n","protected":false},"excerpt":{"rendered":"<p>\u0420\u0430\u0437\u043c\u0435\u0440\u044b: \u0443\u043d\u0438\u0432\u0435\u0440\u0441\u0430\u043b\u044c\u043d\u044b\u0439 \u0440\u0430\u0437\u043c\u0435\u0440<br \/>\n\u0421\u043e\u0441\u0442\u0430\u0432: 95% \u0445\u043b\u043e\u043f\u043e\u043a 5% \u044d\u043b\u0430\u0441\u0442\u0430\u043d<br \/>\n\u0426\u0432\u0435\u0442\u0430: \u0436\u0435\u043b\u0442\u044b\u0439 \u0447\u0435\u0440\u043d\u044b\u0439 \u0440\u043e\u0437\u043e\u0432\u044b\u0439 \u0431\u0435\u043b\u044b\u0439<\/p>\n","protected":false},"featured_media":39616,"comment_status":"open","ping_status":"closed","template":"","meta":[],"product_brand":[],"product_cat":[462],"product_tag":[],"class_list":{"0":"post-39677","1":"product","2":"type-product","3":"status-publish","4":"has-post-thumbnail","6":"product_cat-t-sargid","8":"first","9":"instock","10":"shipping-taxable","11":"purchasable","12":"product-type-variable"},"yoast_head":"<!-- This site is optimized with the Yoast SEO plugin v27.4 - https:\/\/yoast.com\/product\/yoast-seo-wordpress\/ -->\n<title>T-s\u00e4rk orhideega - \u041c\u0430\u0433\u0430\u0437\u0438\u043d \u043e\u0434\u0435\u0436\u0434\u044b ARMONTI<\/title>\n<meta name=\"description\" content=\"Elegantne orhideega T-s\u00e4rk k\u00fclgmiste voldikute ja kroogetega. \u00d5rn dekor ja universaalne l\u00f5ige igap\u00e4evasteks ning pidulikeks riietusteks.\" \/>\n<meta name=\"robots\" content=\"index, follow, max-snippet:-1, max-image-preview:large, max-video-preview:-1\" \/>\n<link rel=\"canonical\" href=\"https:\/\/armonti.eu\/et\/toode\/t-sark-orhideega\/\" \/>\n<meta property=\"og:locale\" content=\"et_EE\" \/>\n<meta property=\"og:type\" content=\"article\" \/>\n<meta property=\"og:title\" content=\"T-s\u00e4rk orhideega - \u041c\u0430\u0433\u0430\u0437\u0438\u043d \u043e\u0434\u0435\u0436\u0434\u044b ARMONTI\" \/>\n<meta property=\"og:description\" content=\"Elegantne orhideega T-s\u00e4rk k\u00fclgmiste voldikute ja kroogetega. \u00d5rn dekor ja universaalne l\u00f5ige igap\u00e4evasteks ning pidulikeks riietusteks.\" \/>\n<meta property=\"og:url\" content=\"https:\/\/armonti.eu\/et\/toode\/t-sark-orhideega\/\" \/>\n<meta property=\"og:site_name\" content=\"\u041c\u0430\u0433\u0430\u0437\u0438\u043d \u043e\u0434\u0435\u0436\u0434\u044b ARMONTI\" \/>\n<meta property=\"article:modified_time\" content=\"2026-04-14T13:43:55+00:00\" \/>\n<meta property=\"og:image\" content=\"https:\/\/armonti.eu\/wp-content\/uploads\/2026\/04\/img_8313-scaled.jpg\" \/>\n\t<meta property=\"og:image:width\" content=\"1920\" \/>\n\t<meta property=\"og:image:height\" content=\"2560\" \/>\n\t<meta property=\"og:image:type\" content=\"image\/jpeg\" \/>\n<meta name=\"twitter:card\" content=\"summary_large_image\" \/>\n<meta name=\"twitter:label1\" content=\"Est. reading time\" \/>\n\t<meta name=\"twitter:data1\" content=\"1 minut\" \/>\n<script type=\"application\/ld+json\" class=\"yoast-schema-graph\">{\"@context\":\"https:\\\/\\\/schema.org\",\"@graph\":[{\"@type\":\"WebPage\",\"@id\":\"https:\\\/\\\/armonti.eu\\\/et\\\/toode\\\/t-sark-orhideega\\\/\",\"url\":\"https:\\\/\\\/armonti.eu\\\/et\\\/toode\\\/t-sark-orhideega\\\/\",\"name\":\"T-s\u00e4rk orhideega - \u041c\u0430\u0433\u0430\u0437\u0438\u043d \u043e\u0434\u0435\u0436\u0434\u044b ARMONTI\",\"isPartOf\":{\"@id\":\"https:\\\/\\\/armonti.eu\\\/#website\"},\"primaryImageOfPage\":{\"@id\":\"https:\\\/\\\/armonti.eu\\\/et\\\/toode\\\/t-sark-orhideega\\\/#primaryimage\"},\"image\":{\"@id\":\"https:\\\/\\\/armonti.eu\\\/et\\\/toode\\\/t-sark-orhideega\\\/#primaryimage\"},\"thumbnailUrl\":\"https:\\\/\\\/armonti.eu\\\/wp-content\\\/uploads\\\/2026\\\/04\\\/img_8313-scaled.jpg\",\"datePublished\":\"2026-04-14T12:43:36+00:00\",\"dateModified\":\"2026-04-14T13:43:55+00:00\",\"description\":\"Elegantne orhideega T-s\u00e4rk k\u00fclgmiste voldikute ja kroogetega. \u00d5rn dekor ja universaalne l\u00f5ige igap\u00e4evasteks ning pidulikeks riietusteks.\",\"breadcrumb\":{\"@id\":\"https:\\\/\\\/armonti.eu\\\/et\\\/toode\\\/t-sark-orhideega\\\/#breadcrumb\"},\"inLanguage\":\"et\",\"potentialAction\":[{\"@type\":\"ReadAction\",\"target\":[\"https:\\\/\\\/armonti.eu\\\/et\\\/toode\\\/t-sark-orhideega\\\/\"]}]},{\"@type\":\"ImageObject\",\"inLanguage\":\"et\",\"@id\":\"https:\\\/\\\/armonti.eu\\\/et\\\/toode\\\/t-sark-orhideega\\\/#primaryimage\",\"url\":\"https:\\\/\\\/armonti.eu\\\/wp-content\\\/uploads\\\/2026\\\/04\\\/img_8313-scaled.jpg\",\"contentUrl\":\"https:\\\/\\\/armonti.eu\\\/wp-content\\\/uploads\\\/2026\\\/04\\\/img_8313-scaled.jpg\",\"width\":1920,\"height\":2560,\"caption\":\"T-s\u00e4rk orhideega valge\"},{\"@type\":\"BreadcrumbList\",\"@id\":\"https:\\\/\\\/armonti.eu\\\/et\\\/toode\\\/t-sark-orhideega\\\/#breadcrumb\",\"itemListElement\":[{\"@type\":\"ListItem\",\"position\":1,\"name\":\"\u0413\u043b\u0430\u0432\u043d\u0430\u044f\",\"item\":\"https:\\\/\\\/armonti.eu\\\/\"},{\"@type\":\"ListItem\",\"position\":2,\"name\":\"Shop\",\"item\":\"https:\\\/\\\/armonti.eu\\\/et\\\/shop\\\/\"},{\"@type\":\"ListItem\",\"position\":3,\"name\":\"\u041e\u0434\u0435\u0436\u0434\u0430\",\"item\":\"https:\\\/\\\/armonti.eu\\\/catalog\\\/odezhda\\\/\"},{\"@type\":\"ListItem\",\"position\":4,\"name\":\"\u0422\u043e\u043f\u044b, \u0444\u0443\u0442\u0431\u043e\u043b\u043a\u0438\u00a0\u0438\u00a0\u043b\u043e\u043d\u0433\u0441\u043b\u0438\u0432\u044b\",\"item\":\"https:\\\/\\\/armonti.eu\\\/catalog\\\/odezhda\\\/futbolki\\\/\"},{\"@type\":\"ListItem\",\"position\":5,\"name\":\"T-s\u00e4rk orhideega\"}]},{\"@type\":\"WebSite\",\"@id\":\"https:\\\/\\\/armonti.eu\\\/#website\",\"url\":\"https:\\\/\\\/armonti.eu\\\/\",\"name\":\"ARMONTI\",\"description\":\"\",\"publisher\":{\"@id\":\"https:\\\/\\\/armonti.eu\\\/#organization\"},\"alternateName\":\"\u0416\u0435\u043d\u0441\u043a\u0430\u044f \u0431\u0440\u0435\u043d\u0434\u043e\u0432\u0430\u044f \u043e\u0434\u0435\u0436\u0434\u0430\",\"potentialAction\":[{\"@type\":\"SearchAction\",\"target\":{\"@type\":\"EntryPoint\",\"urlTemplate\":\"https:\\\/\\\/armonti.eu\\\/?s={search_term_string}\"},\"query-input\":{\"@type\":\"PropertyValueSpecification\",\"valueRequired\":true,\"valueName\":\"search_term_string\"}}],\"inLanguage\":\"et\"},{\"@type\":\"Organization\",\"@id\":\"https:\\\/\\\/armonti.eu\\\/#organization\",\"name\":\"ARMONTI\",\"alternateName\":\"\u0416\u0435\u043d\u0441\u043a\u0430\u044f \u0431\u0440\u0435\u043d\u0434\u043e\u0432\u0430\u044f \u043e\u0434\u0435\u0436\u0434\u0430\",\"url\":\"https:\\\/\\\/armonti.eu\\\/\",\"logo\":{\"@type\":\"ImageObject\",\"inLanguage\":\"et\",\"@id\":\"https:\\\/\\\/armonti.eu\\\/#\\\/schema\\\/logo\\\/image\\\/\",\"url\":\"https:\\\/\\\/armonti.eu\\\/wp-content\\\/uploads\\\/2023\\\/05\\\/armonti-logo-white.png\",\"contentUrl\":\"https:\\\/\\\/armonti.eu\\\/wp-content\\\/uploads\\\/2023\\\/05\\\/armonti-logo-white.png\",\"width\":2165,\"height\":554,\"caption\":\"ARMONTI\"},\"image\":{\"@id\":\"https:\\\/\\\/armonti.eu\\\/#\\\/schema\\\/logo\\\/image\\\/\"}}]}<\/script>\n<!-- \/ Yoast SEO plugin. -->","yoast_head_json":{"title":"T-s\u00e4rk orhideega - \u041c\u0430\u0433\u0430\u0437\u0438\u043d \u043e\u0434\u0435\u0436\u0434\u044b ARMONTI","description":"Elegantne orhideega T-s\u00e4rk k\u00fclgmiste voldikute ja kroogetega. \u00d5rn dekor ja universaalne l\u00f5ige igap\u00e4evasteks ning pidulikeks riietusteks.","robots":{"index":"index","follow":"follow","max-snippet":"max-snippet:-1","max-image-preview":"max-image-preview:large","max-video-preview":"max-video-preview:-1"},"canonical":"https:\/\/armonti.eu\/et\/toode\/t-sark-orhideega\/","og_locale":"et_EE","og_type":"article","og_title":"T-s\u00e4rk orhideega - \u041c\u0430\u0433\u0430\u0437\u0438\u043d \u043e\u0434\u0435\u0436\u0434\u044b ARMONTI","og_description":"Elegantne orhideega T-s\u00e4rk k\u00fclgmiste voldikute ja kroogetega. \u00d5rn dekor ja universaalne l\u00f5ige igap\u00e4evasteks ning pidulikeks riietusteks.","og_url":"https:\/\/armonti.eu\/et\/toode\/t-sark-orhideega\/","og_site_name":"\u041c\u0430\u0433\u0430\u0437\u0438\u043d \u043e\u0434\u0435\u0436\u0434\u044b ARMONTI","article_modified_time":"2026-04-14T13:43:55+00:00","og_image":[{"width":1920,"height":2560,"url":"https:\/\/armonti.eu\/wp-content\/uploads\/2026\/04\/img_8313-scaled.jpg","type":"image\/jpeg"}],"twitter_card":"summary_large_image","twitter_misc":{"Est. reading time":"1 minut"},"schema":{"@context":"https:\/\/schema.org","@graph":[{"@type":"WebPage","@id":"https:\/\/armonti.eu\/et\/toode\/t-sark-orhideega\/","url":"https:\/\/armonti.eu\/et\/toode\/t-sark-orhideega\/","name":"T-s\u00e4rk orhideega - \u041c\u0430\u0433\u0430\u0437\u0438\u043d \u043e\u0434\u0435\u0436\u0434\u044b ARMONTI","isPartOf":{"@id":"https:\/\/armonti.eu\/#website"},"primaryImageOfPage":{"@id":"https:\/\/armonti.eu\/et\/toode\/t-sark-orhideega\/#primaryimage"},"image":{"@id":"https:\/\/armonti.eu\/et\/toode\/t-sark-orhideega\/#primaryimage"},"thumbnailUrl":"https:\/\/armonti.eu\/wp-content\/uploads\/2026\/04\/img_8313-scaled.jpg","datePublished":"2026-04-14T12:43:36+00:00","dateModified":"2026-04-14T13:43:55+00:00","description":"Elegantne orhideega T-s\u00e4rk k\u00fclgmiste voldikute ja kroogetega. \u00d5rn dekor ja universaalne l\u00f5ige igap\u00e4evasteks ning pidulikeks riietusteks.","breadcrumb":{"@id":"https:\/\/armonti.eu\/et\/toode\/t-sark-orhideega\/#breadcrumb"},"inLanguage":"et","potentialAction":[{"@type":"ReadAction","target":["https:\/\/armonti.eu\/et\/toode\/t-sark-orhideega\/"]}]},{"@type":"ImageObject","inLanguage":"et","@id":"https:\/\/armonti.eu\/et\/toode\/t-sark-orhideega\/#primaryimage","url":"https:\/\/armonti.eu\/wp-content\/uploads\/2026\/04\/img_8313-scaled.jpg","contentUrl":"https:\/\/armonti.eu\/wp-content\/uploads\/2026\/04\/img_8313-scaled.jpg","width":1920,"height":2560,"caption":"T-s\u00e4rk orhideega valge"},{"@type":"BreadcrumbList","@id":"https:\/\/armonti.eu\/et\/toode\/t-sark-orhideega\/#breadcrumb","itemListElement":[{"@type":"ListItem","position":1,"name":"\u0413\u043b\u0430\u0432\u043d\u0430\u044f","item":"https:\/\/armonti.eu\/"},{"@type":"ListItem","position":2,"name":"Shop","item":"https:\/\/armonti.eu\/et\/shop\/"},{"@type":"ListItem","position":3,"name":"\u041e\u0434\u0435\u0436\u0434\u0430","item":"https:\/\/armonti.eu\/catalog\/odezhda\/"},{"@type":"ListItem","position":4,"name":"\u0422\u043e\u043f\u044b, \u0444\u0443\u0442\u0431\u043e\u043b\u043a\u0438\u00a0\u0438\u00a0\u043b\u043e\u043d\u0433\u0441\u043b\u0438\u0432\u044b","item":"https:\/\/armonti.eu\/catalog\/odezhda\/futbolki\/"},{"@type":"ListItem","position":5,"name":"T-s\u00e4rk orhideega"}]},{"@type":"WebSite","@id":"https:\/\/armonti.eu\/#website","url":"https:\/\/armonti.eu\/","name":"ARMONTI","description":"","publisher":{"@id":"https:\/\/armonti.eu\/#organization"},"alternateName":"\u0416\u0435\u043d\u0441\u043a\u0430\u044f \u0431\u0440\u0435\u043d\u0434\u043e\u0432\u0430\u044f \u043e\u0434\u0435\u0436\u0434\u0430","potentialAction":[{"@type":"SearchAction","target":{"@type":"EntryPoint","urlTemplate":"https:\/\/armonti.eu\/?s={search_term_string}"},"query-input":{"@type":"PropertyValueSpecification","valueRequired":true,"valueName":"search_term_string"}}],"inLanguage":"et"},{"@type":"Organization","@id":"https:\/\/armonti.eu\/#organization","name":"ARMONTI","alternateName":"\u0416\u0435\u043d\u0441\u043a\u0430\u044f \u0431\u0440\u0435\u043d\u0434\u043e\u0432\u0430\u044f \u043e\u0434\u0435\u0436\u0434\u0430","url":"https:\/\/armonti.eu\/","logo":{"@type":"ImageObject","inLanguage":"et","@id":"https:\/\/armonti.eu\/#\/schema\/logo\/image\/","url":"https:\/\/armonti.eu\/wp-content\/uploads\/2023\/05\/armonti-logo-white.png","contentUrl":"https:\/\/armonti.eu\/wp-content\/uploads\/2023\/05\/armonti-logo-white.png","width":2165,"height":554,"caption":"ARMONTI"},"image":{"@id":"https:\/\/armonti.eu\/#\/schema\/logo\/image\/"}}]}},"_links":{"self":[{"href":"https:\/\/armonti.eu\/et\/wp-json\/wp\/v2\/product\/39677","targetHints":{"allow":["GET"]}}],"collection":[{"href":"https:\/\/armonti.eu\/et\/wp-json\/wp\/v2\/product"}],"about":[{"href":"https:\/\/armonti.eu\/et\/wp-json\/wp\/v2\/types\/product"}],"replies":[{"embeddable":true,"href":"https:\/\/armonti.eu\/et\/wp-json\/wp\/v2\/comments?post=39677"}],"wp:featuredmedia":[{"embeddable":true,"href":"https:\/\/armonti.eu\/et\/wp-json\/wp\/v2\/media\/39616"}],"wp:attachment":[{"href":"https:\/\/armonti.eu\/et\/wp-json\/wp\/v2\/media?parent=39677"}],"wp:term":[{"taxonomy":"product_brand","embeddable":true,"href":"https:\/\/armonti.eu\/et\/wp-json\/wp\/v2\/product_brand?post=39677"},{"taxonomy":"product_cat","embeddable":true,"href":"https:\/\/armonti.eu\/et\/wp-json\/wp\/v2\/product_cat?post=39677"},{"taxonomy":"product_tag","embeddable":true,"href":"https:\/\/armonti.eu\/et\/wp-json\/wp\/v2\/product_tag?post=39677"}],"curies":[{"name":"wp","href":"https:\/\/api.w.org\/{rel}","templated":true}]}}