{"id":39662,"date":"2026-04-14T16:33:47","date_gmt":"2026-04-14T13:33:47","guid":{"rendered":"https:\/\/armonti.eu\/?post_type=product&#038;p=39662"},"modified":"2026-04-14T16:33:47","modified_gmt":"2026-04-14T13:33:47","slug":"sargi-ja-seeliku-komplekt","status":"publish","type":"product","link":"https:\/\/armonti.eu\/et\/toode\/sargi-ja-seeliku-komplekt\/","title":{"rendered":"S\u00e4rgi ja seeliku komplekt"},"content":{"rendered":"<p>S\u00e4rgi ja seeliku komplekt \u2014 elegantne \u00f5hukese triibumustriga komplekt. Sirgel\u00f5ikeline pikendatud s\u00e4rk kinnitub n\u00f6\u00f6pidega ning on kaunistatud \u00f5rna pitsviimistlusega. Seelik seotakse v\u00f6\u00f6kohalt ning loob elegantse silueti ja liikumisvabaduse. Pitsiline viimistlus all\u00e4\u00e4res lisab romantilise aktsendi. Esemeid saab kanda eraldi ja kombineerida teiste garderoobielementidega. Komplekt sobib nii kontorisse kui ka seltskondlikele \u00fcritustele. See komplekt saab teie garderoobi stiilseks p\u00f5hiesemeks.<br \/>M\u00f5\u00f5dud cm:<br \/>\nRinna\u00fcmberm\u00f5\u00f5t:<br \/>\nS 114 cm<br \/>\nM 116 cm<br \/>\nPikkus vastavalt suurusele 80\u201381 cm<br \/>\nModell kannab suurust S<br \/>Hooldus: triikimine temperatuuril 110\u00b0, pleegitamine keelatud, \u00f5rn pesu 30\u00b0      <\/p>\n<p><strong>Tellimuse vormistamisel m\u00e4rgi palun oma t\u00e4psed m\u00f5\u00f5dud (puusad, v\u00f6\u00f6koht ja pikkus), et saaksime sulle sobivaima suuruse valida.<br \/>Toode on saadaval nii poes kui ka veebipoes!<\/strong><\/p>\n<p>Tootekood: 260300<\/p>\n","protected":false},"excerpt":{"rendered":"<p>Suurused: S M<br \/>\nKoostis: 95% puuvill, 5% elastaan<br \/>\nV\u00e4rvid: must, sinine, kollane, roosa<\/p>\n","protected":false},"featured_media":39382,"comment_status":"open","ping_status":"closed","template":"","meta":[],"product_brand":[],"product_cat":[456,438,463,336],"product_tag":[],"class_list":{"0":"post-39662","1":"product","2":"type-product","3":"status-publish","4":"has-post-thumbnail","6":"product_cat-pintsak","7":"product_cat-bluzki-i-rubashki-et","8":"product_cat-seelikud","9":"product_cat-kostyumy-letnie-et","11":"first","12":"instock","13":"shipping-taxable","14":"purchasable","15":"product-type-variable"},"yoast_head":"<!-- This site is optimized with the Yoast SEO plugin v27.4 - https:\/\/yoast.com\/product\/yoast-seo-wordpress\/ -->\n<title>S\u00e4rgi ja seeliku komplekt - \u041c\u0430\u0433\u0430\u0437\u0438\u043d \u043e\u0434\u0435\u0436\u0434\u044b ARMONTI<\/title>\n<meta name=\"description\" content=\"\u00d5hukese triibumustriga ja pitsviimistlusega s\u00e4rgi ja seeliku komplekt. Pikendatud sirgel\u00f5ikeline s\u00e4rk koos miniseelikuga, esemeid saab kanda ka eraldi.\" \/>\n<meta name=\"robots\" content=\"index, follow, max-snippet:-1, max-image-preview:large, max-video-preview:-1\" \/>\n<link rel=\"canonical\" href=\"https:\/\/armonti.eu\/et\/toode\/sargi-ja-seeliku-komplekt\/\" \/>\n<meta property=\"og:locale\" content=\"et_EE\" \/>\n<meta property=\"og:type\" content=\"article\" \/>\n<meta property=\"og:title\" content=\"S\u00e4rgi ja seeliku komplekt - \u041c\u0430\u0433\u0430\u0437\u0438\u043d \u043e\u0434\u0435\u0436\u0434\u044b ARMONTI\" \/>\n<meta property=\"og:description\" content=\"\u00d5hukese triibumustriga ja pitsviimistlusega s\u00e4rgi ja seeliku komplekt. Pikendatud sirgel\u00f5ikeline s\u00e4rk koos miniseelikuga, esemeid saab kanda ka eraldi.\" \/>\n<meta property=\"og:url\" content=\"https:\/\/armonti.eu\/et\/toode\/sargi-ja-seeliku-komplekt\/\" \/>\n<meta property=\"og:site_name\" content=\"\u041c\u0430\u0433\u0430\u0437\u0438\u043d \u043e\u0434\u0435\u0436\u0434\u044b ARMONTI\" \/>\n<meta property=\"og:image\" content=\"https:\/\/armonti.eu\/wp-content\/uploads\/2026\/04\/img_8621-scaled.jpg\" \/>\n\t<meta property=\"og:image:width\" content=\"1920\" \/>\n\t<meta property=\"og:image:height\" content=\"2560\" \/>\n\t<meta property=\"og:image:type\" content=\"image\/jpeg\" \/>\n<meta name=\"twitter:card\" content=\"summary_large_image\" \/>\n<meta name=\"twitter:label1\" content=\"Est. reading time\" \/>\n\t<meta name=\"twitter:data1\" content=\"1 minut\" \/>\n<script type=\"application\/ld+json\" class=\"yoast-schema-graph\">{\"@context\":\"https:\\\/\\\/schema.org\",\"@graph\":[{\"@type\":\"WebPage\",\"@id\":\"https:\\\/\\\/armonti.eu\\\/et\\\/toode\\\/sargi-ja-seeliku-komplekt\\\/\",\"url\":\"https:\\\/\\\/armonti.eu\\\/et\\\/toode\\\/sargi-ja-seeliku-komplekt\\\/\",\"name\":\"S\u00e4rgi ja seeliku komplekt - \u041c\u0430\u0433\u0430\u0437\u0438\u043d \u043e\u0434\u0435\u0436\u0434\u044b ARMONTI\",\"isPartOf\":{\"@id\":\"https:\\\/\\\/armonti.eu\\\/#website\"},\"primaryImageOfPage\":{\"@id\":\"https:\\\/\\\/armonti.eu\\\/et\\\/toode\\\/sargi-ja-seeliku-komplekt\\\/#primaryimage\"},\"image\":{\"@id\":\"https:\\\/\\\/armonti.eu\\\/et\\\/toode\\\/sargi-ja-seeliku-komplekt\\\/#primaryimage\"},\"thumbnailUrl\":\"https:\\\/\\\/armonti.eu\\\/wp-content\\\/uploads\\\/2026\\\/04\\\/img_8621-scaled.jpg\",\"datePublished\":\"2026-04-14T13:33:47+00:00\",\"description\":\"\u00d5hukese triibumustriga ja pitsviimistlusega s\u00e4rgi ja seeliku komplekt. Pikendatud sirgel\u00f5ikeline s\u00e4rk koos miniseelikuga, esemeid saab kanda ka eraldi.\",\"breadcrumb\":{\"@id\":\"https:\\\/\\\/armonti.eu\\\/et\\\/toode\\\/sargi-ja-seeliku-komplekt\\\/#breadcrumb\"},\"inLanguage\":\"et\",\"potentialAction\":[{\"@type\":\"ReadAction\",\"target\":[\"https:\\\/\\\/armonti.eu\\\/et\\\/toode\\\/sargi-ja-seeliku-komplekt\\\/\"]}]},{\"@type\":\"ImageObject\",\"inLanguage\":\"et\",\"@id\":\"https:\\\/\\\/armonti.eu\\\/et\\\/toode\\\/sargi-ja-seeliku-komplekt\\\/#primaryimage\",\"url\":\"https:\\\/\\\/armonti.eu\\\/wp-content\\\/uploads\\\/2026\\\/04\\\/img_8621-scaled.jpg\",\"contentUrl\":\"https:\\\/\\\/armonti.eu\\\/wp-content\\\/uploads\\\/2026\\\/04\\\/img_8621-scaled.jpg\",\"width\":1920,\"height\":2560,\"caption\":\"\u00dcmberseotava seelikuga s\u00e4rgi ja seeliku komplekt\"},{\"@type\":\"BreadcrumbList\",\"@id\":\"https:\\\/\\\/armonti.eu\\\/et\\\/toode\\\/sargi-ja-seeliku-komplekt\\\/#breadcrumb\",\"itemListElement\":[{\"@type\":\"ListItem\",\"position\":1,\"name\":\"\u0413\u043b\u0430\u0432\u043d\u0430\u044f\",\"item\":\"https:\\\/\\\/armonti.eu\\\/\"},{\"@type\":\"ListItem\",\"position\":2,\"name\":\"Shop\",\"item\":\"https:\\\/\\\/armonti.eu\\\/et\\\/shop\\\/\"},{\"@type\":\"ListItem\",\"position\":3,\"name\":\"\u041e\u0434\u0435\u0436\u0434\u0430\",\"item\":\"https:\\\/\\\/armonti.eu\\\/catalog\\\/odezhda\\\/\"},{\"@type\":\"ListItem\",\"position\":4,\"name\":\"\u041a\u043e\u0441\u0442\u044e\u043c\u044b \u043b\u0435\u0442\u043d\u0438\u0435\",\"item\":\"https:\\\/\\\/armonti.eu\\\/catalog\\\/odezhda\\\/kostyumy-letnie\\\/\"},{\"@type\":\"ListItem\",\"position\":5,\"name\":\"S\u00e4rgi ja seeliku komplekt\"}]},{\"@type\":\"WebSite\",\"@id\":\"https:\\\/\\\/armonti.eu\\\/#website\",\"url\":\"https:\\\/\\\/armonti.eu\\\/\",\"name\":\"ARMONTI\",\"description\":\"\",\"publisher\":{\"@id\":\"https:\\\/\\\/armonti.eu\\\/#organization\"},\"alternateName\":\"\u0416\u0435\u043d\u0441\u043a\u0430\u044f \u0431\u0440\u0435\u043d\u0434\u043e\u0432\u0430\u044f \u043e\u0434\u0435\u0436\u0434\u0430\",\"potentialAction\":[{\"@type\":\"SearchAction\",\"target\":{\"@type\":\"EntryPoint\",\"urlTemplate\":\"https:\\\/\\\/armonti.eu\\\/?s={search_term_string}\"},\"query-input\":{\"@type\":\"PropertyValueSpecification\",\"valueRequired\":true,\"valueName\":\"search_term_string\"}}],\"inLanguage\":\"et\"},{\"@type\":\"Organization\",\"@id\":\"https:\\\/\\\/armonti.eu\\\/#organization\",\"name\":\"ARMONTI\",\"alternateName\":\"\u0416\u0435\u043d\u0441\u043a\u0430\u044f \u0431\u0440\u0435\u043d\u0434\u043e\u0432\u0430\u044f \u043e\u0434\u0435\u0436\u0434\u0430\",\"url\":\"https:\\\/\\\/armonti.eu\\\/\",\"logo\":{\"@type\":\"ImageObject\",\"inLanguage\":\"et\",\"@id\":\"https:\\\/\\\/armonti.eu\\\/#\\\/schema\\\/logo\\\/image\\\/\",\"url\":\"https:\\\/\\\/armonti.eu\\\/wp-content\\\/uploads\\\/2023\\\/05\\\/armonti-logo-white.png\",\"contentUrl\":\"https:\\\/\\\/armonti.eu\\\/wp-content\\\/uploads\\\/2023\\\/05\\\/armonti-logo-white.png\",\"width\":2165,\"height\":554,\"caption\":\"ARMONTI\"},\"image\":{\"@id\":\"https:\\\/\\\/armonti.eu\\\/#\\\/schema\\\/logo\\\/image\\\/\"}}]}<\/script>\n<!-- \/ Yoast SEO plugin. -->","yoast_head_json":{"title":"S\u00e4rgi ja seeliku komplekt - \u041c\u0430\u0433\u0430\u0437\u0438\u043d \u043e\u0434\u0435\u0436\u0434\u044b ARMONTI","description":"\u00d5hukese triibumustriga ja pitsviimistlusega s\u00e4rgi ja seeliku komplekt. Pikendatud sirgel\u00f5ikeline s\u00e4rk koos miniseelikuga, esemeid saab kanda ka eraldi.","robots":{"index":"index","follow":"follow","max-snippet":"max-snippet:-1","max-image-preview":"max-image-preview:large","max-video-preview":"max-video-preview:-1"},"canonical":"https:\/\/armonti.eu\/et\/toode\/sargi-ja-seeliku-komplekt\/","og_locale":"et_EE","og_type":"article","og_title":"S\u00e4rgi ja seeliku komplekt - \u041c\u0430\u0433\u0430\u0437\u0438\u043d \u043e\u0434\u0435\u0436\u0434\u044b ARMONTI","og_description":"\u00d5hukese triibumustriga ja pitsviimistlusega s\u00e4rgi ja seeliku komplekt. Pikendatud sirgel\u00f5ikeline s\u00e4rk koos miniseelikuga, esemeid saab kanda ka eraldi.","og_url":"https:\/\/armonti.eu\/et\/toode\/sargi-ja-seeliku-komplekt\/","og_site_name":"\u041c\u0430\u0433\u0430\u0437\u0438\u043d \u043e\u0434\u0435\u0436\u0434\u044b ARMONTI","og_image":[{"width":1920,"height":2560,"url":"https:\/\/armonti.eu\/wp-content\/uploads\/2026\/04\/img_8621-scaled.jpg","type":"image\/jpeg"}],"twitter_card":"summary_large_image","twitter_misc":{"Est. reading time":"1 minut"},"schema":{"@context":"https:\/\/schema.org","@graph":[{"@type":"WebPage","@id":"https:\/\/armonti.eu\/et\/toode\/sargi-ja-seeliku-komplekt\/","url":"https:\/\/armonti.eu\/et\/toode\/sargi-ja-seeliku-komplekt\/","name":"S\u00e4rgi ja seeliku komplekt - \u041c\u0430\u0433\u0430\u0437\u0438\u043d \u043e\u0434\u0435\u0436\u0434\u044b ARMONTI","isPartOf":{"@id":"https:\/\/armonti.eu\/#website"},"primaryImageOfPage":{"@id":"https:\/\/armonti.eu\/et\/toode\/sargi-ja-seeliku-komplekt\/#primaryimage"},"image":{"@id":"https:\/\/armonti.eu\/et\/toode\/sargi-ja-seeliku-komplekt\/#primaryimage"},"thumbnailUrl":"https:\/\/armonti.eu\/wp-content\/uploads\/2026\/04\/img_8621-scaled.jpg","datePublished":"2026-04-14T13:33:47+00:00","description":"\u00d5hukese triibumustriga ja pitsviimistlusega s\u00e4rgi ja seeliku komplekt. Pikendatud sirgel\u00f5ikeline s\u00e4rk koos miniseelikuga, esemeid saab kanda ka eraldi.","breadcrumb":{"@id":"https:\/\/armonti.eu\/et\/toode\/sargi-ja-seeliku-komplekt\/#breadcrumb"},"inLanguage":"et","potentialAction":[{"@type":"ReadAction","target":["https:\/\/armonti.eu\/et\/toode\/sargi-ja-seeliku-komplekt\/"]}]},{"@type":"ImageObject","inLanguage":"et","@id":"https:\/\/armonti.eu\/et\/toode\/sargi-ja-seeliku-komplekt\/#primaryimage","url":"https:\/\/armonti.eu\/wp-content\/uploads\/2026\/04\/img_8621-scaled.jpg","contentUrl":"https:\/\/armonti.eu\/wp-content\/uploads\/2026\/04\/img_8621-scaled.jpg","width":1920,"height":2560,"caption":"\u00dcmberseotava seelikuga s\u00e4rgi ja seeliku komplekt"},{"@type":"BreadcrumbList","@id":"https:\/\/armonti.eu\/et\/toode\/sargi-ja-seeliku-komplekt\/#breadcrumb","itemListElement":[{"@type":"ListItem","position":1,"name":"\u0413\u043b\u0430\u0432\u043d\u0430\u044f","item":"https:\/\/armonti.eu\/"},{"@type":"ListItem","position":2,"name":"Shop","item":"https:\/\/armonti.eu\/et\/shop\/"},{"@type":"ListItem","position":3,"name":"\u041e\u0434\u0435\u0436\u0434\u0430","item":"https:\/\/armonti.eu\/catalog\/odezhda\/"},{"@type":"ListItem","position":4,"name":"\u041a\u043e\u0441\u0442\u044e\u043c\u044b \u043b\u0435\u0442\u043d\u0438\u0435","item":"https:\/\/armonti.eu\/catalog\/odezhda\/kostyumy-letnie\/"},{"@type":"ListItem","position":5,"name":"S\u00e4rgi ja seeliku komplekt"}]},{"@type":"WebSite","@id":"https:\/\/armonti.eu\/#website","url":"https:\/\/armonti.eu\/","name":"ARMONTI","description":"","publisher":{"@id":"https:\/\/armonti.eu\/#organization"},"alternateName":"\u0416\u0435\u043d\u0441\u043a\u0430\u044f \u0431\u0440\u0435\u043d\u0434\u043e\u0432\u0430\u044f \u043e\u0434\u0435\u0436\u0434\u0430","potentialAction":[{"@type":"SearchAction","target":{"@type":"EntryPoint","urlTemplate":"https:\/\/armonti.eu\/?s={search_term_string}"},"query-input":{"@type":"PropertyValueSpecification","valueRequired":true,"valueName":"search_term_string"}}],"inLanguage":"et"},{"@type":"Organization","@id":"https:\/\/armonti.eu\/#organization","name":"ARMONTI","alternateName":"\u0416\u0435\u043d\u0441\u043a\u0430\u044f \u0431\u0440\u0435\u043d\u0434\u043e\u0432\u0430\u044f \u043e\u0434\u0435\u0436\u0434\u0430","url":"https:\/\/armonti.eu\/","logo":{"@type":"ImageObject","inLanguage":"et","@id":"https:\/\/armonti.eu\/#\/schema\/logo\/image\/","url":"https:\/\/armonti.eu\/wp-content\/uploads\/2023\/05\/armonti-logo-white.png","contentUrl":"https:\/\/armonti.eu\/wp-content\/uploads\/2023\/05\/armonti-logo-white.png","width":2165,"height":554,"caption":"ARMONTI"},"image":{"@id":"https:\/\/armonti.eu\/#\/schema\/logo\/image\/"}}]}},"_links":{"self":[{"href":"https:\/\/armonti.eu\/et\/wp-json\/wp\/v2\/product\/39662","targetHints":{"allow":["GET"]}}],"collection":[{"href":"https:\/\/armonti.eu\/et\/wp-json\/wp\/v2\/product"}],"about":[{"href":"https:\/\/armonti.eu\/et\/wp-json\/wp\/v2\/types\/product"}],"replies":[{"embeddable":true,"href":"https:\/\/armonti.eu\/et\/wp-json\/wp\/v2\/comments?post=39662"}],"wp:featuredmedia":[{"embeddable":true,"href":"https:\/\/armonti.eu\/et\/wp-json\/wp\/v2\/media\/39382"}],"wp:attachment":[{"href":"https:\/\/armonti.eu\/et\/wp-json\/wp\/v2\/media?parent=39662"}],"wp:term":[{"taxonomy":"product_brand","embeddable":true,"href":"https:\/\/armonti.eu\/et\/wp-json\/wp\/v2\/product_brand?post=39662"},{"taxonomy":"product_cat","embeddable":true,"href":"https:\/\/armonti.eu\/et\/wp-json\/wp\/v2\/product_cat?post=39662"},{"taxonomy":"product_tag","embeddable":true,"href":"https:\/\/armonti.eu\/et\/wp-json\/wp\/v2\/product_tag?post=39662"}],"curies":[{"name":"wp","href":"https:\/\/api.w.org\/{rel}","templated":true}]}}