{"id":39646,"date":"2026-04-14T16:27:57","date_gmt":"2026-04-14T13:27:57","guid":{"rendered":"https:\/\/armonti.eu\/?post_type=product&#038;p=39646"},"modified":"2026-04-14T16:27:57","modified_gmt":"2026-04-14T13:27:57","slug":"luhikeste-varrukatega-jakk","status":"publish","type":"product","link":"https:\/\/armonti.eu\/et\/toode\/luhikeste-varrukatega-jakk\/","title":{"rendered":"L\u00fchikeste varrukatega jakk"},"content":{"rendered":"<p>L\u00fchikeste varrukatega jakk \u2014 elegantne ja naiselik mudel igap\u00e4evasteks ja pidulikeks komplektideks. Mudel on saadaval mitmes v\u00e4rvitoonis ning sobitub h\u00f5lpsasti nii \u00e4rilisse kui ka \u00f5htusesse garderoobi. L\u00fchikeste varrukatega jakk on taljesse t\u00f6\u00f6deldud siluetiga ja r\u00f5hutab v\u00f6\u00f6kohta. P\u00fcstkrae annab v\u00e4limusele korrektsuse ja struktureerituse. Esiosa kinnitub n\u00f6\u00f6pidega, luues viimistletud ilme. Gip\u00fc\u00fcrkaunistus raamib krae servad ning lisab pidulikku tekstuuri. L\u00fchikesed varrukad muudavad jaki kergemaks kevadeks ja suveks. Kombineerige pliiatsseeliku, kleidi v\u00f5i p\u00fckstega erinevateks outfit\u2019ideks. See mudel saab teie garderoobi stiilseks ja praktiliseks p\u00f5hiesemeks.<br \/>\nM\u00f5\u00f5dud cm:<br \/>\nRinna\u00fcmberm\u00f5\u00f5t vastavalt suurusele 88\u2013106 cm<br \/>\nPikkus vastavalt suurusele 60\u201361 cm<br \/>\nHooldus: triikimine temperatuuril 110\u00b0, pleegitamine keelatud, \u00f5rn pesu 30\u00b0        <\/p>\n<p><strong>Tellimuse vormistamisel m\u00e4rgi palun oma t\u00e4psed m\u00f5\u00f5dud (puusad, v\u00f6\u00f6koht ja pikkus), et saaksime sulle sobivaima suuruse valida.<br \/>Toode on saadaval nii poes kui ka veebipoes!<\/strong><\/p>\n<p>Tootekood: 45308<\/p>\n","protected":false},"excerpt":{"rendered":"<p>Suurused: S M L<br \/>\nKoostis: 65% puuvill, 35% pol\u00fcester<br \/>\nV\u00e4rvid: valge, roosa, helesinine, punane, oliiv<\/p>\n","protected":false},"featured_media":39446,"comment_status":"open","ping_status":"closed","template":"","meta":[],"product_brand":[],"product_cat":[456,438],"product_tag":[],"class_list":{"0":"post-39646","1":"product","2":"type-product","3":"status-publish","4":"has-post-thumbnail","6":"product_cat-pintsak","7":"product_cat-bluzki-i-rubashki-et","9":"first","10":"instock","11":"shipping-taxable","12":"purchasable","13":"product-type-variable"},"yoast_head":"<!-- This site is optimized with the Yoast SEO plugin v27.4 - https:\/\/yoast.com\/product\/yoast-seo-wordpress\/ -->\n<title>L\u00fchikeste varrukatega jakk - \u041c\u0430\u0433\u0430\u0437\u0438\u043d \u043e\u0434\u0435\u0436\u0434\u044b ARMONTI<\/title>\n<meta name=\"description\" content=\"Taljesse t\u00f6\u00f6deldud l\u00fchikeste varrukatega jakk ja p\u00fcstkrae, millel on gip\u00fc\u00fcrdetailid ning n\u00f6\u00f6pkinnitus. Elegantne mudel on saadaval mitmes v\u00e4rvitoonis.\" \/>\n<meta name=\"robots\" content=\"index, follow, max-snippet:-1, max-image-preview:large, max-video-preview:-1\" \/>\n<link rel=\"canonical\" href=\"https:\/\/armonti.eu\/et\/toode\/luhikeste-varrukatega-jakk\/\" \/>\n<meta property=\"og:locale\" content=\"et_EE\" \/>\n<meta property=\"og:type\" content=\"article\" \/>\n<meta property=\"og:title\" content=\"L\u00fchikeste varrukatega jakk - \u041c\u0430\u0433\u0430\u0437\u0438\u043d \u043e\u0434\u0435\u0436\u0434\u044b ARMONTI\" \/>\n<meta property=\"og:description\" content=\"Taljesse t\u00f6\u00f6deldud l\u00fchikeste varrukatega jakk ja p\u00fcstkrae, millel on gip\u00fc\u00fcrdetailid ning n\u00f6\u00f6pkinnitus. Elegantne mudel on saadaval mitmes v\u00e4rvitoonis.\" \/>\n<meta property=\"og:url\" content=\"https:\/\/armonti.eu\/et\/toode\/luhikeste-varrukatega-jakk\/\" \/>\n<meta property=\"og:site_name\" content=\"\u041c\u0430\u0433\u0430\u0437\u0438\u043d \u043e\u0434\u0435\u0436\u0434\u044b ARMONTI\" \/>\n<meta property=\"og:image\" content=\"https:\/\/armonti.eu\/wp-content\/uploads\/2026\/04\/img_8380-1-scaled.jpg\" \/>\n\t<meta property=\"og:image:width\" content=\"1920\" \/>\n\t<meta property=\"og:image:height\" content=\"2560\" \/>\n\t<meta property=\"og:image:type\" content=\"image\/jpeg\" \/>\n<meta name=\"twitter:card\" content=\"summary_large_image\" \/>\n<meta name=\"twitter:label1\" content=\"Est. reading time\" \/>\n\t<meta name=\"twitter:data1\" content=\"1 minut\" \/>\n<script type=\"application\/ld+json\" class=\"yoast-schema-graph\">{\"@context\":\"https:\\\/\\\/schema.org\",\"@graph\":[{\"@type\":\"WebPage\",\"@id\":\"https:\\\/\\\/armonti.eu\\\/et\\\/toode\\\/luhikeste-varrukatega-jakk\\\/\",\"url\":\"https:\\\/\\\/armonti.eu\\\/et\\\/toode\\\/luhikeste-varrukatega-jakk\\\/\",\"name\":\"L\u00fchikeste varrukatega jakk - \u041c\u0430\u0433\u0430\u0437\u0438\u043d \u043e\u0434\u0435\u0436\u0434\u044b ARMONTI\",\"isPartOf\":{\"@id\":\"https:\\\/\\\/armonti.eu\\\/#website\"},\"primaryImageOfPage\":{\"@id\":\"https:\\\/\\\/armonti.eu\\\/et\\\/toode\\\/luhikeste-varrukatega-jakk\\\/#primaryimage\"},\"image\":{\"@id\":\"https:\\\/\\\/armonti.eu\\\/et\\\/toode\\\/luhikeste-varrukatega-jakk\\\/#primaryimage\"},\"thumbnailUrl\":\"https:\\\/\\\/armonti.eu\\\/wp-content\\\/uploads\\\/2026\\\/04\\\/img_8380-1-scaled.jpg\",\"datePublished\":\"2026-04-14T13:27:57+00:00\",\"description\":\"Taljesse t\u00f6\u00f6deldud l\u00fchikeste varrukatega jakk ja p\u00fcstkrae, millel on gip\u00fc\u00fcrdetailid ning n\u00f6\u00f6pkinnitus. Elegantne mudel on saadaval mitmes v\u00e4rvitoonis.\",\"breadcrumb\":{\"@id\":\"https:\\\/\\\/armonti.eu\\\/et\\\/toode\\\/luhikeste-varrukatega-jakk\\\/#breadcrumb\"},\"inLanguage\":\"et\",\"potentialAction\":[{\"@type\":\"ReadAction\",\"target\":[\"https:\\\/\\\/armonti.eu\\\/et\\\/toode\\\/luhikeste-varrukatega-jakk\\\/\"]}]},{\"@type\":\"ImageObject\",\"inLanguage\":\"et\",\"@id\":\"https:\\\/\\\/armonti.eu\\\/et\\\/toode\\\/luhikeste-varrukatega-jakk\\\/#primaryimage\",\"url\":\"https:\\\/\\\/armonti.eu\\\/wp-content\\\/uploads\\\/2026\\\/04\\\/img_8380-1-scaled.jpg\",\"contentUrl\":\"https:\\\/\\\/armonti.eu\\\/wp-content\\\/uploads\\\/2026\\\/04\\\/img_8380-1-scaled.jpg\",\"width\":1920,\"height\":2560,\"caption\":\"Naiste l\u00fchikeste varrukatega jakk\"},{\"@type\":\"BreadcrumbList\",\"@id\":\"https:\\\/\\\/armonti.eu\\\/et\\\/toode\\\/luhikeste-varrukatega-jakk\\\/#breadcrumb\",\"itemListElement\":[{\"@type\":\"ListItem\",\"position\":1,\"name\":\"\u0413\u043b\u0430\u0432\u043d\u0430\u044f\",\"item\":\"https:\\\/\\\/armonti.eu\\\/\"},{\"@type\":\"ListItem\",\"position\":2,\"name\":\"Shop\",\"item\":\"https:\\\/\\\/armonti.eu\\\/et\\\/shop\\\/\"},{\"@type\":\"ListItem\",\"position\":3,\"name\":\"\u041e\u0434\u0435\u0436\u0434\u0430\",\"item\":\"https:\\\/\\\/armonti.eu\\\/catalog\\\/odezhda\\\/\"},{\"@type\":\"ListItem\",\"position\":4,\"name\":\"\u0411\u043b\u0443\u0437\u043a\u0438 \u0438 \u0440\u0443\u0431\u0430\u0448\u043a\u0438\",\"item\":\"https:\\\/\\\/armonti.eu\\\/catalog\\\/odezhda\\\/bluzki-i-rubashki\\\/\"},{\"@type\":\"ListItem\",\"position\":5,\"name\":\"L\u00fchikeste varrukatega jakk\"}]},{\"@type\":\"WebSite\",\"@id\":\"https:\\\/\\\/armonti.eu\\\/#website\",\"url\":\"https:\\\/\\\/armonti.eu\\\/\",\"name\":\"ARMONTI\",\"description\":\"\",\"publisher\":{\"@id\":\"https:\\\/\\\/armonti.eu\\\/#organization\"},\"alternateName\":\"\u0416\u0435\u043d\u0441\u043a\u0430\u044f \u0431\u0440\u0435\u043d\u0434\u043e\u0432\u0430\u044f \u043e\u0434\u0435\u0436\u0434\u0430\",\"potentialAction\":[{\"@type\":\"SearchAction\",\"target\":{\"@type\":\"EntryPoint\",\"urlTemplate\":\"https:\\\/\\\/armonti.eu\\\/?s={search_term_string}\"},\"query-input\":{\"@type\":\"PropertyValueSpecification\",\"valueRequired\":true,\"valueName\":\"search_term_string\"}}],\"inLanguage\":\"et\"},{\"@type\":\"Organization\",\"@id\":\"https:\\\/\\\/armonti.eu\\\/#organization\",\"name\":\"ARMONTI\",\"alternateName\":\"\u0416\u0435\u043d\u0441\u043a\u0430\u044f \u0431\u0440\u0435\u043d\u0434\u043e\u0432\u0430\u044f \u043e\u0434\u0435\u0436\u0434\u0430\",\"url\":\"https:\\\/\\\/armonti.eu\\\/\",\"logo\":{\"@type\":\"ImageObject\",\"inLanguage\":\"et\",\"@id\":\"https:\\\/\\\/armonti.eu\\\/#\\\/schema\\\/logo\\\/image\\\/\",\"url\":\"https:\\\/\\\/armonti.eu\\\/wp-content\\\/uploads\\\/2023\\\/05\\\/armonti-logo-white.png\",\"contentUrl\":\"https:\\\/\\\/armonti.eu\\\/wp-content\\\/uploads\\\/2023\\\/05\\\/armonti-logo-white.png\",\"width\":2165,\"height\":554,\"caption\":\"ARMONTI\"},\"image\":{\"@id\":\"https:\\\/\\\/armonti.eu\\\/#\\\/schema\\\/logo\\\/image\\\/\"}}]}<\/script>\n<!-- \/ Yoast SEO plugin. -->","yoast_head_json":{"title":"L\u00fchikeste varrukatega jakk - \u041c\u0430\u0433\u0430\u0437\u0438\u043d \u043e\u0434\u0435\u0436\u0434\u044b ARMONTI","description":"Taljesse t\u00f6\u00f6deldud l\u00fchikeste varrukatega jakk ja p\u00fcstkrae, millel on gip\u00fc\u00fcrdetailid ning n\u00f6\u00f6pkinnitus. Elegantne mudel on saadaval mitmes v\u00e4rvitoonis.","robots":{"index":"index","follow":"follow","max-snippet":"max-snippet:-1","max-image-preview":"max-image-preview:large","max-video-preview":"max-video-preview:-1"},"canonical":"https:\/\/armonti.eu\/et\/toode\/luhikeste-varrukatega-jakk\/","og_locale":"et_EE","og_type":"article","og_title":"L\u00fchikeste varrukatega jakk - \u041c\u0430\u0433\u0430\u0437\u0438\u043d \u043e\u0434\u0435\u0436\u0434\u044b ARMONTI","og_description":"Taljesse t\u00f6\u00f6deldud l\u00fchikeste varrukatega jakk ja p\u00fcstkrae, millel on gip\u00fc\u00fcrdetailid ning n\u00f6\u00f6pkinnitus. Elegantne mudel on saadaval mitmes v\u00e4rvitoonis.","og_url":"https:\/\/armonti.eu\/et\/toode\/luhikeste-varrukatega-jakk\/","og_site_name":"\u041c\u0430\u0433\u0430\u0437\u0438\u043d \u043e\u0434\u0435\u0436\u0434\u044b ARMONTI","og_image":[{"width":1920,"height":2560,"url":"https:\/\/armonti.eu\/wp-content\/uploads\/2026\/04\/img_8380-1-scaled.jpg","type":"image\/jpeg"}],"twitter_card":"summary_large_image","twitter_misc":{"Est. reading time":"1 minut"},"schema":{"@context":"https:\/\/schema.org","@graph":[{"@type":"WebPage","@id":"https:\/\/armonti.eu\/et\/toode\/luhikeste-varrukatega-jakk\/","url":"https:\/\/armonti.eu\/et\/toode\/luhikeste-varrukatega-jakk\/","name":"L\u00fchikeste varrukatega jakk - \u041c\u0430\u0433\u0430\u0437\u0438\u043d \u043e\u0434\u0435\u0436\u0434\u044b ARMONTI","isPartOf":{"@id":"https:\/\/armonti.eu\/#website"},"primaryImageOfPage":{"@id":"https:\/\/armonti.eu\/et\/toode\/luhikeste-varrukatega-jakk\/#primaryimage"},"image":{"@id":"https:\/\/armonti.eu\/et\/toode\/luhikeste-varrukatega-jakk\/#primaryimage"},"thumbnailUrl":"https:\/\/armonti.eu\/wp-content\/uploads\/2026\/04\/img_8380-1-scaled.jpg","datePublished":"2026-04-14T13:27:57+00:00","description":"Taljesse t\u00f6\u00f6deldud l\u00fchikeste varrukatega jakk ja p\u00fcstkrae, millel on gip\u00fc\u00fcrdetailid ning n\u00f6\u00f6pkinnitus. Elegantne mudel on saadaval mitmes v\u00e4rvitoonis.","breadcrumb":{"@id":"https:\/\/armonti.eu\/et\/toode\/luhikeste-varrukatega-jakk\/#breadcrumb"},"inLanguage":"et","potentialAction":[{"@type":"ReadAction","target":["https:\/\/armonti.eu\/et\/toode\/luhikeste-varrukatega-jakk\/"]}]},{"@type":"ImageObject","inLanguage":"et","@id":"https:\/\/armonti.eu\/et\/toode\/luhikeste-varrukatega-jakk\/#primaryimage","url":"https:\/\/armonti.eu\/wp-content\/uploads\/2026\/04\/img_8380-1-scaled.jpg","contentUrl":"https:\/\/armonti.eu\/wp-content\/uploads\/2026\/04\/img_8380-1-scaled.jpg","width":1920,"height":2560,"caption":"Naiste l\u00fchikeste varrukatega jakk"},{"@type":"BreadcrumbList","@id":"https:\/\/armonti.eu\/et\/toode\/luhikeste-varrukatega-jakk\/#breadcrumb","itemListElement":[{"@type":"ListItem","position":1,"name":"\u0413\u043b\u0430\u0432\u043d\u0430\u044f","item":"https:\/\/armonti.eu\/"},{"@type":"ListItem","position":2,"name":"Shop","item":"https:\/\/armonti.eu\/et\/shop\/"},{"@type":"ListItem","position":3,"name":"\u041e\u0434\u0435\u0436\u0434\u0430","item":"https:\/\/armonti.eu\/catalog\/odezhda\/"},{"@type":"ListItem","position":4,"name":"\u0411\u043b\u0443\u0437\u043a\u0438 \u0438 \u0440\u0443\u0431\u0430\u0448\u043a\u0438","item":"https:\/\/armonti.eu\/catalog\/odezhda\/bluzki-i-rubashki\/"},{"@type":"ListItem","position":5,"name":"L\u00fchikeste varrukatega jakk"}]},{"@type":"WebSite","@id":"https:\/\/armonti.eu\/#website","url":"https:\/\/armonti.eu\/","name":"ARMONTI","description":"","publisher":{"@id":"https:\/\/armonti.eu\/#organization"},"alternateName":"\u0416\u0435\u043d\u0441\u043a\u0430\u044f \u0431\u0440\u0435\u043d\u0434\u043e\u0432\u0430\u044f \u043e\u0434\u0435\u0436\u0434\u0430","potentialAction":[{"@type":"SearchAction","target":{"@type":"EntryPoint","urlTemplate":"https:\/\/armonti.eu\/?s={search_term_string}"},"query-input":{"@type":"PropertyValueSpecification","valueRequired":true,"valueName":"search_term_string"}}],"inLanguage":"et"},{"@type":"Organization","@id":"https:\/\/armonti.eu\/#organization","name":"ARMONTI","alternateName":"\u0416\u0435\u043d\u0441\u043a\u0430\u044f \u0431\u0440\u0435\u043d\u0434\u043e\u0432\u0430\u044f \u043e\u0434\u0435\u0436\u0434\u0430","url":"https:\/\/armonti.eu\/","logo":{"@type":"ImageObject","inLanguage":"et","@id":"https:\/\/armonti.eu\/#\/schema\/logo\/image\/","url":"https:\/\/armonti.eu\/wp-content\/uploads\/2023\/05\/armonti-logo-white.png","contentUrl":"https:\/\/armonti.eu\/wp-content\/uploads\/2023\/05\/armonti-logo-white.png","width":2165,"height":554,"caption":"ARMONTI"},"image":{"@id":"https:\/\/armonti.eu\/#\/schema\/logo\/image\/"}}]}},"_links":{"self":[{"href":"https:\/\/armonti.eu\/et\/wp-json\/wp\/v2\/product\/39646","targetHints":{"allow":["GET"]}}],"collection":[{"href":"https:\/\/armonti.eu\/et\/wp-json\/wp\/v2\/product"}],"about":[{"href":"https:\/\/armonti.eu\/et\/wp-json\/wp\/v2\/types\/product"}],"replies":[{"embeddable":true,"href":"https:\/\/armonti.eu\/et\/wp-json\/wp\/v2\/comments?post=39646"}],"wp:featuredmedia":[{"embeddable":true,"href":"https:\/\/armonti.eu\/et\/wp-json\/wp\/v2\/media\/39446"}],"wp:attachment":[{"href":"https:\/\/armonti.eu\/et\/wp-json\/wp\/v2\/media?parent=39646"}],"wp:term":[{"taxonomy":"product_brand","embeddable":true,"href":"https:\/\/armonti.eu\/et\/wp-json\/wp\/v2\/product_brand?post=39646"},{"taxonomy":"product_cat","embeddable":true,"href":"https:\/\/armonti.eu\/et\/wp-json\/wp\/v2\/product_cat?post=39646"},{"taxonomy":"product_tag","embeddable":true,"href":"https:\/\/armonti.eu\/et\/wp-json\/wp\/v2\/product_tag?post=39646"}],"curies":[{"name":"wp","href":"https:\/\/api.w.org\/{rel}","templated":true}]}}